{"id":31303,"date":"2023-11-13T15:19:51","date_gmt":"2023-11-13T14:19:51","guid":{"rendered":"https:\/\/dutchmicrodosing.com\/shop\/unkategorisiert\/heilpflanze-cannabis-oel-10-cbg\/"},"modified":"2025-08-27T09:49:14","modified_gmt":"2025-08-27T07:49:14","slug":"heilpflanze-cannabis-oel-10-cbg","status":"publish","type":"product","link":"https:\/\/dutchmicrodosing.com\/de\/reformhaus\/cbd-nahrungsergaenzungsmittel\/heilpflanze-cannabis-oel-10-cbg\/","title":{"rendered":"Pflanze von Remedy Cannabis\u00f6l &#8211; 10% CBG"},"content":{"rendered":"<p>Das <strong>Cannabis\u00f6l 10% CBG von Plant of Remedy<\/strong> ist ein nat\u00fcrliches und biologisches Hanf\u00f6l mit einem niedrigen THC-Gehalt ohne psychoaktive Wirkungen. Das \u00d6l ist reich an Terpenen und anderen Cannabinoiden wie CBD und f\u00fcr seine F\u00e4higkeit bekannt, die psychoaktive Wirkung von THC zu d\u00e4mpfen. Dies ist h\u00e4ufig bei Cannabissorten mit hohen CBD- und niedrigen THC-Konzentrationen der Fall. Das Besondere an diesem \u00d6l ist, dass es aus hochwertigem CBG-Kristall extrahiert wird und frei von Zusatzstoffen oder synthetischen Zutaten ist, was es zu einer reinen Wahl f\u00fcr diejenigen macht, die die Vorteile von Cannabinoiden nutzen wollen.<\/p>\n<h3>Inhaltsstoffe<\/h3>\n<ul>\n<li>Cannabis sativa Samen\u00f6l<\/li>\n<li>Cannabigerol<\/li>\n<li>10ml Flasche &#8211; (1000mg CBG)<\/li>\n<li>200 Tropfen pro Flasche &#8211; (5mg CBD pro Tropfen)<\/li>\n<li>CO2-Extraktion.<\/li>\n<li>Keine Zusatzstoffe oder synthetischen Zutaten.<\/li>\n<li>Enth\u00e4lt kein THC<\/li>\n<\/ul>\n<h3>Verwenden Sie<\/h3>\n<ul>\n<li>2 Tropfen unter die Zunge geben<\/li>\n<li>Maximal 10 Tropfen<\/li>\n<li>Vor Gebrauch gut sch\u00fctteln<\/li>\n<li>Die empfohlene Tagesdosis darf nicht \u00fcberschritten werden.<\/li>\n<\/ul>\n<h3>Hinweise zur Lagerung<\/h3>\n<p>Bewahren Sie dieses Produkt an einem k\u00fchlen und dunklen Ort, z. B. in einem K\u00fcchenschrank, und au\u00dferhalb der Reichweite von Kindern auf.<\/p>\n<h3>Inhalt<\/h3>\n<p>Plant of Remedy CBD-\u00d6l mit 10% CBG (1000mg) &#8211; 10 ml<\/p>\n","protected":false},"excerpt":{"rendered":"<p>Das Cannabis\u00f6l 10% CBG von Plant of Remedy ist ein nat\u00fcrliches und biologisches Hanf\u00f6l mit einem niedrigen THC-Gehalt ohne psychoaktive Wirkungen. Das \u00d6l ist reich an Terpenen und anderen Cannabinoiden wie CBD und f\u00fcr seine F\u00e4higkeit bekannt, die psychoaktive Wirkung von THC zu d\u00e4mpfen. Dies ist h\u00e4ufig bei Cannabissorten mit hohen CBD- und niedrigen THC-Konzentrationen [&hellip;]<\/p>\n","protected":false},"featured_media":31298,"comment_status":"closed","ping_status":"closed","template":"","meta":[],"product_brand":[],"product_cat":[286,306],"product_tag":[],"class_list":{"0":"post-31303","1":"product","2":"type-product","3":"status-publish","4":"has-post-thumbnail","6":"product_cat-cbd-nahrungsergaenzungsmittel","7":"product_cat-entspannende-erganzungen","9":"first","10":"instock","11":"taxable","12":"shipping-taxable","13":"purchasable","14":"product-type-simple"},"yoast_head":"<!-- This site is optimized with the Yoast SEO Premium plugin v26.4 (Yoast SEO v27.4) - https:\/\/yoast.com\/product\/yoast-seo-premium-wordpress\/ -->\n<title>Pflanze von Remedy Cannabis\u00f6l - 10% CBG - Dutchmicrodosing<\/title>\n<meta name=\"description\" content=\"Das Cannabis\u00f6l 10% CBG von The Plant of Remedy ist ein nat\u00fcrliches und biologisches Hanf\u00f6l mit einem Schwerpunkt auf niedrigem THC-Gehalt, um psychoaktive Effekte zu vermeiden ....\" \/>\n<meta name=\"robots\" content=\"index, follow, max-snippet:-1, max-image-preview:large, max-video-preview:-1\" \/>\n<link rel=\"canonical\" href=\"https:\/\/dutchmicrodosing.com\/de\/reformhaus\/cbd-nahrungsergaenzungsmittel\/heilpflanze-cannabis-oel-10-cbg\/\" \/>\n<meta property=\"og:locale\" content=\"de_DE\" \/>\n<meta property=\"og:type\" content=\"article\" \/>\n<meta property=\"og:title\" content=\"Pflanze von Remedy Cannabis\u00f6l - 10% CBG\" \/>\n<meta property=\"og:description\" content=\"Das Cannabis\u00f6l 10% CBG von Plant of Remedy ist ein nat\u00fcrliches und biologisches Hanf\u00f6l mit einem niedrigen THC-Gehalt ohne psychoaktive Wirkungen. Das \u00d6l\" \/>\n<meta property=\"og:url\" content=\"https:\/\/dutchmicrodosing.com\/de\/reformhaus\/cbd-nahrungsergaenzungsmittel\/heilpflanze-cannabis-oel-10-cbg\/\" \/>\n<meta property=\"og:site_name\" content=\"Dutchmicrodosing\" \/>\n<meta property=\"article:publisher\" content=\"https:\/\/www.facebook.com\/Dutchmicrodosingxp\/\" \/>\n<meta property=\"article:modified_time\" content=\"2025-08-27T07:49:14+00:00\" \/>\n<meta property=\"og:image\" content=\"https:\/\/dutchmicrodosing.com\/wp-content\/uploads\/2023\/11\/POR-Hemp_Oil-10_CBG-416x416-1.jpg\" \/>\n\t<meta property=\"og:image:width\" content=\"416\" \/>\n\t<meta property=\"og:image:height\" content=\"416\" \/>\n\t<meta property=\"og:image:type\" content=\"image\/jpeg\" \/>\n<meta name=\"twitter:card\" content=\"summary_large_image\" \/>\n<script type=\"application\/ld+json\" class=\"yoast-schema-graph\">{\"@context\":\"https:\\\/\\\/schema.org\",\"@graph\":[{\"@type\":\"WebPage\",\"@id\":\"https:\\\/\\\/dutchmicrodosing.com\\\/de\\\/reformhaus\\\/cbd-nahrungsergaenzungsmittel\\\/heilpflanze-cannabis-oel-10-cbg\\\/\",\"url\":\"https:\\\/\\\/dutchmicrodosing.com\\\/de\\\/reformhaus\\\/cbd-nahrungsergaenzungsmittel\\\/heilpflanze-cannabis-oel-10-cbg\\\/\",\"name\":\"Pflanze von Remedy Cannabis\u00f6l - 10% CBG - Dutchmicrodosing\",\"isPartOf\":{\"@id\":\"https:\\\/\\\/dutchmicrodosing.com\\\/de\\\/#website\"},\"primaryImageOfPage\":{\"@id\":\"https:\\\/\\\/dutchmicrodosing.com\\\/de\\\/reformhaus\\\/cbd-nahrungsergaenzungsmittel\\\/heilpflanze-cannabis-oel-10-cbg\\\/#primaryimage\"},\"image\":{\"@id\":\"https:\\\/\\\/dutchmicrodosing.com\\\/de\\\/reformhaus\\\/cbd-nahrungsergaenzungsmittel\\\/heilpflanze-cannabis-oel-10-cbg\\\/#primaryimage\"},\"thumbnailUrl\":\"https:\\\/\\\/dutchmicrodosing.com\\\/wp-content\\\/uploads\\\/2023\\\/11\\\/POR-Hemp_Oil-10_CBG-416x416-1.jpg\",\"datePublished\":\"2023-11-13T14:19:51+00:00\",\"dateModified\":\"2025-08-27T07:49:14+00:00\",\"description\":\"Das Cannabis\u00f6l 10% CBG von The Plant of Remedy ist ein nat\u00fcrliches und biologisches Hanf\u00f6l mit einem Schwerpunkt auf niedrigem THC-Gehalt, um psychoaktive Effekte zu vermeiden ....\",\"breadcrumb\":{\"@id\":\"https:\\\/\\\/dutchmicrodosing.com\\\/de\\\/reformhaus\\\/cbd-nahrungsergaenzungsmittel\\\/heilpflanze-cannabis-oel-10-cbg\\\/#breadcrumb\"},\"inLanguage\":\"de\",\"potentialAction\":[{\"@type\":\"ReadAction\",\"target\":[\"https:\\\/\\\/dutchmicrodosing.com\\\/de\\\/reformhaus\\\/cbd-nahrungsergaenzungsmittel\\\/heilpflanze-cannabis-oel-10-cbg\\\/\"]}]},{\"@type\":\"ImageObject\",\"inLanguage\":\"de\",\"@id\":\"https:\\\/\\\/dutchmicrodosing.com\\\/de\\\/reformhaus\\\/cbd-nahrungsergaenzungsmittel\\\/heilpflanze-cannabis-oel-10-cbg\\\/#primaryimage\",\"url\":\"https:\\\/\\\/dutchmicrodosing.com\\\/wp-content\\\/uploads\\\/2023\\\/11\\\/POR-Hemp_Oil-10_CBG-416x416-1.jpg\",\"contentUrl\":\"https:\\\/\\\/dutchmicrodosing.com\\\/wp-content\\\/uploads\\\/2023\\\/11\\\/POR-Hemp_Oil-10_CBG-416x416-1.jpg\",\"width\":416,\"height\":416},{\"@type\":\"BreadcrumbList\",\"@id\":\"https:\\\/\\\/dutchmicrodosing.com\\\/de\\\/reformhaus\\\/cbd-nahrungsergaenzungsmittel\\\/heilpflanze-cannabis-oel-10-cbg\\\/#breadcrumb\",\"itemListElement\":[{\"@type\":\"ListItem\",\"position\":1,\"name\":\"Home\",\"item\":\"https:\\\/\\\/dutchmicrodosing.com\\\/de\\\/\"},{\"@type\":\"ListItem\",\"position\":2,\"name\":\"Shop\",\"item\":\"https:\\\/\\\/dutchmicrodosing.com\\\/de\\\/shop\\\/\"},{\"@type\":\"ListItem\",\"position\":3,\"name\":\"Pflanze von Remedy Cannabis\u00f6l &#8211; 10% CBG\"}]},{\"@type\":\"WebSite\",\"@id\":\"https:\\\/\\\/dutchmicrodosing.com\\\/de\\\/#website\",\"url\":\"https:\\\/\\\/dutchmicrodosing.com\\\/de\\\/\",\"name\":\"Dutchmicrodosing\",\"description\":\"\",\"publisher\":{\"@id\":\"https:\\\/\\\/dutchmicrodosing.com\\\/de\\\/#organization\"},\"potentialAction\":[{\"@type\":\"SearchAction\",\"target\":{\"@type\":\"EntryPoint\",\"urlTemplate\":\"https:\\\/\\\/dutchmicrodosing.com\\\/de\\\/?s={search_term_string}\"},\"query-input\":{\"@type\":\"PropertyValueSpecification\",\"valueRequired\":true,\"valueName\":\"search_term_string\"}}],\"inLanguage\":\"de\"},{\"@type\":\"Organization\",\"@id\":\"https:\\\/\\\/dutchmicrodosing.com\\\/de\\\/#organization\",\"name\":\"Dutchmicrodosing\",\"url\":\"https:\\\/\\\/dutchmicrodosing.com\\\/de\\\/\",\"logo\":{\"@type\":\"ImageObject\",\"inLanguage\":\"de\",\"@id\":\"https:\\\/\\\/dutchmicrodosing.com\\\/de\\\/#\\\/schema\\\/logo\\\/image\\\/\",\"url\":\"https:\\\/\\\/dutchmicrodosing.com\\\/wp-content\\\/uploads\\\/2021\\\/01\\\/microdosing-categorie-pic-nieuw.jpg\",\"contentUrl\":\"https:\\\/\\\/dutchmicrodosing.com\\\/wp-content\\\/uploads\\\/2021\\\/01\\\/microdosing-categorie-pic-nieuw.jpg\",\"width\":500,\"height\":500,\"caption\":\"Dutchmicrodosing\"},\"image\":{\"@id\":\"https:\\\/\\\/dutchmicrodosing.com\\\/de\\\/#\\\/schema\\\/logo\\\/image\\\/\"},\"sameAs\":[\"https:\\\/\\\/www.facebook.com\\\/Dutchmicrodosingxp\\\/\",\"https:\\\/\\\/www.instagram.com\\\/dutchmicrodosing\\\/\"]}]}<\/script>\n<meta property=\"product:price:amount\" content=\"16.95\" \/>\n<meta property=\"product:price:currency\" content=\"EUR\" \/>\n<meta property=\"og:availability\" content=\"instock\" \/>\n<meta property=\"product:availability\" content=\"instock\" \/>\n<meta property=\"product:retailer_item_id\" content=\"2205264\" \/>\n<meta property=\"product:condition\" content=\"new\" \/>\n<!-- \/ Yoast SEO Premium plugin. -->","yoast_head_json":{"title":"Pflanze von Remedy Cannabis\u00f6l - 10% CBG - Dutchmicrodosing","description":"Das Cannabis\u00f6l 10% CBG von The Plant of Remedy ist ein nat\u00fcrliches und biologisches Hanf\u00f6l mit einem Schwerpunkt auf niedrigem THC-Gehalt, um psychoaktive Effekte zu vermeiden ....","robots":{"index":"index","follow":"follow","max-snippet":"max-snippet:-1","max-image-preview":"max-image-preview:large","max-video-preview":"max-video-preview:-1"},"canonical":"https:\/\/dutchmicrodosing.com\/de\/reformhaus\/cbd-nahrungsergaenzungsmittel\/heilpflanze-cannabis-oel-10-cbg\/","og_locale":"de_DE","og_type":"article","og_title":"Pflanze von Remedy Cannabis\u00f6l - 10% CBG","og_description":"Das Cannabis\u00f6l 10% CBG von Plant of Remedy ist ein nat\u00fcrliches und biologisches Hanf\u00f6l mit einem niedrigen THC-Gehalt ohne psychoaktive Wirkungen. Das \u00d6l","og_url":"https:\/\/dutchmicrodosing.com\/de\/reformhaus\/cbd-nahrungsergaenzungsmittel\/heilpflanze-cannabis-oel-10-cbg\/","og_site_name":"Dutchmicrodosing","article_publisher":"https:\/\/www.facebook.com\/Dutchmicrodosingxp\/","article_modified_time":"2025-08-27T07:49:14+00:00","og_image":[{"width":416,"height":416,"url":"https:\/\/dutchmicrodosing.com\/wp-content\/uploads\/2023\/11\/POR-Hemp_Oil-10_CBG-416x416-1.jpg","type":"image\/jpeg"}],"twitter_card":"summary_large_image","schema":{"@context":"https:\/\/schema.org","@graph":[{"@type":"WebPage","@id":"https:\/\/dutchmicrodosing.com\/de\/reformhaus\/cbd-nahrungsergaenzungsmittel\/heilpflanze-cannabis-oel-10-cbg\/","url":"https:\/\/dutchmicrodosing.com\/de\/reformhaus\/cbd-nahrungsergaenzungsmittel\/heilpflanze-cannabis-oel-10-cbg\/","name":"Pflanze von Remedy Cannabis\u00f6l - 10% CBG - Dutchmicrodosing","isPartOf":{"@id":"https:\/\/dutchmicrodosing.com\/de\/#website"},"primaryImageOfPage":{"@id":"https:\/\/dutchmicrodosing.com\/de\/reformhaus\/cbd-nahrungsergaenzungsmittel\/heilpflanze-cannabis-oel-10-cbg\/#primaryimage"},"image":{"@id":"https:\/\/dutchmicrodosing.com\/de\/reformhaus\/cbd-nahrungsergaenzungsmittel\/heilpflanze-cannabis-oel-10-cbg\/#primaryimage"},"thumbnailUrl":"https:\/\/dutchmicrodosing.com\/wp-content\/uploads\/2023\/11\/POR-Hemp_Oil-10_CBG-416x416-1.jpg","datePublished":"2023-11-13T14:19:51+00:00","dateModified":"2025-08-27T07:49:14+00:00","description":"Das Cannabis\u00f6l 10% CBG von The Plant of Remedy ist ein nat\u00fcrliches und biologisches Hanf\u00f6l mit einem Schwerpunkt auf niedrigem THC-Gehalt, um psychoaktive Effekte zu vermeiden ....","breadcrumb":{"@id":"https:\/\/dutchmicrodosing.com\/de\/reformhaus\/cbd-nahrungsergaenzungsmittel\/heilpflanze-cannabis-oel-10-cbg\/#breadcrumb"},"inLanguage":"de","potentialAction":[{"@type":"ReadAction","target":["https:\/\/dutchmicrodosing.com\/de\/reformhaus\/cbd-nahrungsergaenzungsmittel\/heilpflanze-cannabis-oel-10-cbg\/"]}]},{"@type":"ImageObject","inLanguage":"de","@id":"https:\/\/dutchmicrodosing.com\/de\/reformhaus\/cbd-nahrungsergaenzungsmittel\/heilpflanze-cannabis-oel-10-cbg\/#primaryimage","url":"https:\/\/dutchmicrodosing.com\/wp-content\/uploads\/2023\/11\/POR-Hemp_Oil-10_CBG-416x416-1.jpg","contentUrl":"https:\/\/dutchmicrodosing.com\/wp-content\/uploads\/2023\/11\/POR-Hemp_Oil-10_CBG-416x416-1.jpg","width":416,"height":416},{"@type":"BreadcrumbList","@id":"https:\/\/dutchmicrodosing.com\/de\/reformhaus\/cbd-nahrungsergaenzungsmittel\/heilpflanze-cannabis-oel-10-cbg\/#breadcrumb","itemListElement":[{"@type":"ListItem","position":1,"name":"Home","item":"https:\/\/dutchmicrodosing.com\/de\/"},{"@type":"ListItem","position":2,"name":"Shop","item":"https:\/\/dutchmicrodosing.com\/de\/shop\/"},{"@type":"ListItem","position":3,"name":"Pflanze von Remedy Cannabis\u00f6l &#8211; 10% CBG"}]},{"@type":"WebSite","@id":"https:\/\/dutchmicrodosing.com\/de\/#website","url":"https:\/\/dutchmicrodosing.com\/de\/","name":"Dutchmicrodosing","description":"","publisher":{"@id":"https:\/\/dutchmicrodosing.com\/de\/#organization"},"potentialAction":[{"@type":"SearchAction","target":{"@type":"EntryPoint","urlTemplate":"https:\/\/dutchmicrodosing.com\/de\/?s={search_term_string}"},"query-input":{"@type":"PropertyValueSpecification","valueRequired":true,"valueName":"search_term_string"}}],"inLanguage":"de"},{"@type":"Organization","@id":"https:\/\/dutchmicrodosing.com\/de\/#organization","name":"Dutchmicrodosing","url":"https:\/\/dutchmicrodosing.com\/de\/","logo":{"@type":"ImageObject","inLanguage":"de","@id":"https:\/\/dutchmicrodosing.com\/de\/#\/schema\/logo\/image\/","url":"https:\/\/dutchmicrodosing.com\/wp-content\/uploads\/2021\/01\/microdosing-categorie-pic-nieuw.jpg","contentUrl":"https:\/\/dutchmicrodosing.com\/wp-content\/uploads\/2021\/01\/microdosing-categorie-pic-nieuw.jpg","width":500,"height":500,"caption":"Dutchmicrodosing"},"image":{"@id":"https:\/\/dutchmicrodosing.com\/de\/#\/schema\/logo\/image\/"},"sameAs":["https:\/\/www.facebook.com\/Dutchmicrodosingxp\/","https:\/\/www.instagram.com\/dutchmicrodosing\/"]}]},"product_price_amount":"16.95","product_price_currency":"EUR","og_availability":"instock","product_availability":"instock","product_retailer_item_id":"2205264","product_condition":"new"},"_links":{"self":[{"href":"https:\/\/dutchmicrodosing.com\/de\/wp-json\/wp\/v2\/product\/31303","targetHints":{"allow":["GET"]}}],"collection":[{"href":"https:\/\/dutchmicrodosing.com\/de\/wp-json\/wp\/v2\/product"}],"about":[{"href":"https:\/\/dutchmicrodosing.com\/de\/wp-json\/wp\/v2\/types\/product"}],"replies":[{"embeddable":true,"href":"https:\/\/dutchmicrodosing.com\/de\/wp-json\/wp\/v2\/comments?post=31303"}],"version-history":[{"count":0,"href":"https:\/\/dutchmicrodosing.com\/de\/wp-json\/wp\/v2\/product\/31303\/revisions"}],"wp:featuredmedia":[{"embeddable":true,"href":"https:\/\/dutchmicrodosing.com\/de\/wp-json\/wp\/v2\/media\/31298"}],"wp:attachment":[{"href":"https:\/\/dutchmicrodosing.com\/de\/wp-json\/wp\/v2\/media?parent=31303"}],"wp:term":[{"taxonomy":"product_brand","embeddable":true,"href":"https:\/\/dutchmicrodosing.com\/de\/wp-json\/wp\/v2\/product_brand?post=31303"},{"taxonomy":"product_cat","embeddable":true,"href":"https:\/\/dutchmicrodosing.com\/de\/wp-json\/wp\/v2\/product_cat?post=31303"},{"taxonomy":"product_tag","embeddable":true,"href":"https:\/\/dutchmicrodosing.com\/de\/wp-json\/wp\/v2\/product_tag?post=31303"}],"curies":[{"name":"wp","href":"https:\/\/api.w.org\/{rel}","templated":true}]}}