{"id":31971,"date":"2023-11-15T15:07:36","date_gmt":"2023-11-15T14:07:36","guid":{"rendered":"https:\/\/dutchmicrodosing.com\/shop\/unkategorisiert\/ashwaganda-11-extrakt-whithania-somnifera\/"},"modified":"2025-10-13T12:39:58","modified_gmt":"2025-10-13T10:39:58","slug":"ashwaganda-11-extrakt-whithania-somnifera","status":"publish","type":"product","link":"https:\/\/dutchmicrodosing.com\/de\/reformhaus\/konzentrationserganzungsmittel\/ashwaganda-11-extrakt-whithania-somnifera\/","title":{"rendered":"Ashwaganda 1:1 Extrakt &#8211; Whithania Somnifera"},"content":{"rendered":"<p><strong>Ashwagandha,<\/strong> im Ayurveda auch als &#8222;Indischer Ginseng&#8220; bekannt, wird wegen seiner therapeutischen Eigenschaften sehr gesch\u00e4tzt. Diese Wurzel ist f\u00fcr ihre zahlreichen positiven Auswirkungen auf K\u00f6rper und Geist bekannt. Ashwagandha soll dazu beitragen, die Zellalterung zu verz\u00f6gern, die Stimmung zu verbessern und die Ausdauer zu steigern, sowie das Ged\u00e4chtnis und die kognitiven Funktionen zu st\u00e4rken. Der Ashwagandha-Extrakt 1:1 &#8211; Withania somnifera &#8211; ist auch f\u00fcr seine beruhigende Wirkung bei Angst und Stress bekannt und wirkt entz\u00fcndungshemmend. Au\u00dferdem hat diese Wurzel eine subtile aphrodisierende Wirkung auf Frauen und M\u00e4nner. Ashwagandha gilt wahrlich als Geschenk der G\u00f6tter!<\/p>\n<h3>Inhaltsstoffe<\/h3>\n<p>Whithania somnifera (Ashwaganda)<\/p>\n<h3>Auswirkungen<\/h3>\n<ul>\n<li>Verlangsamt den Alterungsprozess<\/li>\n<li>Leicht aphrodisierend<\/li>\n<li>Unterst\u00fctzt Speicher<\/li>\n<li>Stimuliert den Denkprozess<\/li>\n<li>Lindert Stress, \u00c4ngste und Entz\u00fcndungen<\/li>\n<li>Antidepressive Wirkung<\/li>\n<\/ul>\n<h3>Verwenden Sie<\/h3>\n<p>Nehmen Sie nicht mehr als 5 bis 10 Tropfen unter die Zunge. Nahrungserg\u00e4nzungsmittel sind kein Ersatz f\u00fcr eine gesunde Ern\u00e4hrung.<\/p>\n<h3>Hinweise zur Lagerung<\/h3>\n<p>Bewahren Sie dieses Produkt an einem dunklen, k\u00fchlen Ort auf, z. B. in einem K\u00fcchenschrank und au\u00dferhalb der Reichweite von Kindern.<\/p>\n<h3>Inhalt<\/h3>\n<p>Global Herbs Gro\u00dfhandel Ashwaganda (Whithania somnifera) 1:1 Extrakt &#8211; 10 ml.<\/p>\n<h3>Achtung!<\/h3>\n<p>Nicht zu verwenden bei psychischen Problemen, bei Einnahme von Medikamenten oder w\u00e4hrend der Schwangerschaft.<\/p>\n","protected":false},"excerpt":{"rendered":"<p>Ashwagandha, im Ayurveda auch als &#8222;Indischer Ginseng&#8220; bekannt, wird wegen seiner therapeutischen Eigenschaften sehr gesch\u00e4tzt. Diese Wurzel ist f\u00fcr ihre zahlreichen positiven Auswirkungen auf K\u00f6rper und Geist bekannt. Ashwagandha soll dazu beitragen, die Zellalterung zu verz\u00f6gern, die Stimmung zu verbessern und die Ausdauer zu steigern, sowie das Ged\u00e4chtnis und die kognitiven Funktionen zu st\u00e4rken. Der [&hellip;]<\/p>\n","protected":false},"featured_media":31661,"comment_status":"closed","ping_status":"closed","template":"","meta":[],"product_brand":[],"product_cat":[322,317],"product_tag":[],"class_list":{"0":"post-31971","1":"product","2":"type-product","3":"status-publish","4":"has-post-thumbnail","6":"product_cat-konzentrationserganzungsmittel","7":"product_cat-kreativitatserganzungsmittel","9":"first","10":"instock","11":"taxable","12":"shipping-taxable","13":"purchasable","14":"product-type-simple"},"yoast_head":"<!-- This site is optimized with the Yoast SEO Premium plugin v26.4 (Yoast SEO v27.2) - https:\/\/yoast.com\/product\/yoast-seo-premium-wordpress\/ -->\n<title>Ashwaganda 1:1 Extrakt - Whithania Somnifera - Dutchmicrodosing<\/title>\n<meta name=\"description\" content=\"Ashwagandha, im Ayurveda auch als &quot;Indischer Ginseng&quot; bekannt, wird wegen seiner therapeutischen Eigenschaften sehr gesch\u00e4tzt. Diese Wurzel ist bekannt f\u00fcr...\" \/>\n<meta name=\"robots\" content=\"index, follow, max-snippet:-1, max-image-preview:large, max-video-preview:-1\" \/>\n<link rel=\"canonical\" href=\"https:\/\/dutchmicrodosing.com\/de\/reformhaus\/konzentrationserganzungsmittel\/ashwaganda-11-extrakt-whithania-somnifera\/\" \/>\n<meta property=\"og:locale\" content=\"de_DE\" \/>\n<meta property=\"og:type\" content=\"article\" \/>\n<meta property=\"og:title\" content=\"Ashwaganda 1:1 Extrakt - Whithania Somnifera\" \/>\n<meta property=\"og:description\" content=\"Ashwagandha, im Ayurveda auch als &quot;Indischer Ginseng&quot; bekannt, wird wegen seiner therapeutischen Eigenschaften sehr gesch\u00e4tzt. Diese Wurzel ist f\u00fcr ihre\" \/>\n<meta property=\"og:url\" content=\"https:\/\/dutchmicrodosing.com\/de\/reformhaus\/konzentrationserganzungsmittel\/ashwaganda-11-extrakt-whithania-somnifera\/\" \/>\n<meta property=\"og:site_name\" content=\"Dutchmicrodosing\" \/>\n<meta property=\"article:publisher\" content=\"https:\/\/www.facebook.com\/Dutchmicrodosingxp\/\" \/>\n<meta property=\"article:modified_time\" content=\"2025-10-13T10:39:58+00:00\" \/>\n<meta property=\"og:image\" content=\"https:\/\/dutchmicrodosing.com\/wp-content\/uploads\/2023\/11\/ashwaganda-extract.jpg\" \/>\n\t<meta property=\"og:image:width\" content=\"500\" \/>\n\t<meta property=\"og:image:height\" content=\"500\" \/>\n\t<meta property=\"og:image:type\" content=\"image\/jpeg\" \/>\n<meta name=\"twitter:card\" content=\"summary_large_image\" \/>\n<script type=\"application\/ld+json\" class=\"yoast-schema-graph\">{\"@context\":\"https:\/\/schema.org\",\"@graph\":[{\"@type\":\"WebPage\",\"@id\":\"https:\/\/dutchmicrodosing.com\/de\/reformhaus\/konzentrationserganzungsmittel\/ashwaganda-11-extrakt-whithania-somnifera\/\",\"url\":\"https:\/\/dutchmicrodosing.com\/de\/reformhaus\/konzentrationserganzungsmittel\/ashwaganda-11-extrakt-whithania-somnifera\/\",\"name\":\"Ashwaganda 1:1 Extrakt - Whithania Somnifera - Dutchmicrodosing\",\"isPartOf\":{\"@id\":\"https:\/\/dutchmicrodosing.com\/de\/#website\"},\"primaryImageOfPage\":{\"@id\":\"https:\/\/dutchmicrodosing.com\/de\/reformhaus\/konzentrationserganzungsmittel\/ashwaganda-11-extrakt-whithania-somnifera\/#primaryimage\"},\"image\":{\"@id\":\"https:\/\/dutchmicrodosing.com\/de\/reformhaus\/konzentrationserganzungsmittel\/ashwaganda-11-extrakt-whithania-somnifera\/#primaryimage\"},\"thumbnailUrl\":\"https:\/\/dutchmicrodosing.com\/wp-content\/uploads\/2023\/11\/ashwaganda-extract.jpg\",\"datePublished\":\"2023-11-15T14:07:36+00:00\",\"dateModified\":\"2025-10-13T10:39:58+00:00\",\"description\":\"Ashwagandha, im Ayurveda auch als \\\"Indischer Ginseng\\\" bekannt, wird wegen seiner therapeutischen Eigenschaften sehr gesch\u00e4tzt. Diese Wurzel ist bekannt f\u00fcr...\",\"breadcrumb\":{\"@id\":\"https:\/\/dutchmicrodosing.com\/de\/reformhaus\/konzentrationserganzungsmittel\/ashwaganda-11-extrakt-whithania-somnifera\/#breadcrumb\"},\"inLanguage\":\"de\",\"potentialAction\":[{\"@type\":\"ReadAction\",\"target\":[\"https:\/\/dutchmicrodosing.com\/de\/reformhaus\/konzentrationserganzungsmittel\/ashwaganda-11-extrakt-whithania-somnifera\/\"]}]},{\"@type\":\"ImageObject\",\"inLanguage\":\"de\",\"@id\":\"https:\/\/dutchmicrodosing.com\/de\/reformhaus\/konzentrationserganzungsmittel\/ashwaganda-11-extrakt-whithania-somnifera\/#primaryimage\",\"url\":\"https:\/\/dutchmicrodosing.com\/wp-content\/uploads\/2023\/11\/ashwaganda-extract.jpg\",\"contentUrl\":\"https:\/\/dutchmicrodosing.com\/wp-content\/uploads\/2023\/11\/ashwaganda-extract.jpg\",\"width\":500,\"height\":500,\"caption\":\"ashwaganda\"},{\"@type\":\"BreadcrumbList\",\"@id\":\"https:\/\/dutchmicrodosing.com\/de\/reformhaus\/konzentrationserganzungsmittel\/ashwaganda-11-extrakt-whithania-somnifera\/#breadcrumb\",\"itemListElement\":[{\"@type\":\"ListItem\",\"position\":1,\"name\":\"Home\",\"item\":\"https:\/\/dutchmicrodosing.com\/de\/\"},{\"@type\":\"ListItem\",\"position\":2,\"name\":\"Shop\",\"item\":\"https:\/\/dutchmicrodosing.com\/de\/shop\/\"},{\"@type\":\"ListItem\",\"position\":3,\"name\":\"Ashwaganda 1:1 Extrakt &#8211; Whithania Somnifera\"}]},{\"@type\":\"WebSite\",\"@id\":\"https:\/\/dutchmicrodosing.com\/de\/#website\",\"url\":\"https:\/\/dutchmicrodosing.com\/de\/\",\"name\":\"Dutchmicrodosing\",\"description\":\"\",\"publisher\":{\"@id\":\"https:\/\/dutchmicrodosing.com\/de\/#organization\"},\"potentialAction\":[{\"@type\":\"SearchAction\",\"target\":{\"@type\":\"EntryPoint\",\"urlTemplate\":\"https:\/\/dutchmicrodosing.com\/de\/?s={search_term_string}\"},\"query-input\":{\"@type\":\"PropertyValueSpecification\",\"valueRequired\":true,\"valueName\":\"search_term_string\"}}],\"inLanguage\":\"de\"},{\"@type\":\"Organization\",\"@id\":\"https:\/\/dutchmicrodosing.com\/de\/#organization\",\"name\":\"Dutchmicrodosing\",\"url\":\"https:\/\/dutchmicrodosing.com\/de\/\",\"logo\":{\"@type\":\"ImageObject\",\"inLanguage\":\"de\",\"@id\":\"https:\/\/dutchmicrodosing.com\/de\/#\/schema\/logo\/image\/\",\"url\":\"https:\/\/dutchmicrodosing.com\/wp-content\/uploads\/2021\/01\/microdosing-categorie-pic-nieuw.jpg\",\"contentUrl\":\"https:\/\/dutchmicrodosing.com\/wp-content\/uploads\/2021\/01\/microdosing-categorie-pic-nieuw.jpg\",\"width\":500,\"height\":500,\"caption\":\"Dutchmicrodosing\"},\"image\":{\"@id\":\"https:\/\/dutchmicrodosing.com\/de\/#\/schema\/logo\/image\/\"},\"sameAs\":[\"https:\/\/www.facebook.com\/Dutchmicrodosingxp\/\",\"https:\/\/www.instagram.com\/dutchmicrodosing\/\"]}]}<\/script>\n<meta property=\"product:price:amount\" content=\"14.95\" \/>\n<meta property=\"product:price:currency\" content=\"EUR\" \/>\n<meta property=\"og:availability\" content=\"instock\" \/>\n<meta property=\"product:availability\" content=\"instock\" \/>\n<meta property=\"product:retailer_item_id\" content=\"0207834\" \/>\n<meta property=\"product:condition\" content=\"new\" \/>\n<!-- \/ Yoast SEO Premium plugin. -->","yoast_head_json":{"title":"Ashwaganda 1:1 Extrakt - Whithania Somnifera - Dutchmicrodosing","description":"Ashwagandha, im Ayurveda auch als \"Indischer Ginseng\" bekannt, wird wegen seiner therapeutischen Eigenschaften sehr gesch\u00e4tzt. Diese Wurzel ist bekannt f\u00fcr...","robots":{"index":"index","follow":"follow","max-snippet":"max-snippet:-1","max-image-preview":"max-image-preview:large","max-video-preview":"max-video-preview:-1"},"canonical":"https:\/\/dutchmicrodosing.com\/de\/reformhaus\/konzentrationserganzungsmittel\/ashwaganda-11-extrakt-whithania-somnifera\/","og_locale":"de_DE","og_type":"article","og_title":"Ashwaganda 1:1 Extrakt - Whithania Somnifera","og_description":"Ashwagandha, im Ayurveda auch als \"Indischer Ginseng\" bekannt, wird wegen seiner therapeutischen Eigenschaften sehr gesch\u00e4tzt. Diese Wurzel ist f\u00fcr ihre","og_url":"https:\/\/dutchmicrodosing.com\/de\/reformhaus\/konzentrationserganzungsmittel\/ashwaganda-11-extrakt-whithania-somnifera\/","og_site_name":"Dutchmicrodosing","article_publisher":"https:\/\/www.facebook.com\/Dutchmicrodosingxp\/","article_modified_time":"2025-10-13T10:39:58+00:00","og_image":[{"width":500,"height":500,"url":"https:\/\/dutchmicrodosing.com\/wp-content\/uploads\/2023\/11\/ashwaganda-extract.jpg","type":"image\/jpeg"}],"twitter_card":"summary_large_image","schema":{"@context":"https:\/\/schema.org","@graph":[{"@type":"WebPage","@id":"https:\/\/dutchmicrodosing.com\/de\/reformhaus\/konzentrationserganzungsmittel\/ashwaganda-11-extrakt-whithania-somnifera\/","url":"https:\/\/dutchmicrodosing.com\/de\/reformhaus\/konzentrationserganzungsmittel\/ashwaganda-11-extrakt-whithania-somnifera\/","name":"Ashwaganda 1:1 Extrakt - Whithania Somnifera - Dutchmicrodosing","isPartOf":{"@id":"https:\/\/dutchmicrodosing.com\/de\/#website"},"primaryImageOfPage":{"@id":"https:\/\/dutchmicrodosing.com\/de\/reformhaus\/konzentrationserganzungsmittel\/ashwaganda-11-extrakt-whithania-somnifera\/#primaryimage"},"image":{"@id":"https:\/\/dutchmicrodosing.com\/de\/reformhaus\/konzentrationserganzungsmittel\/ashwaganda-11-extrakt-whithania-somnifera\/#primaryimage"},"thumbnailUrl":"https:\/\/dutchmicrodosing.com\/wp-content\/uploads\/2023\/11\/ashwaganda-extract.jpg","datePublished":"2023-11-15T14:07:36+00:00","dateModified":"2025-10-13T10:39:58+00:00","description":"Ashwagandha, im Ayurveda auch als \"Indischer Ginseng\" bekannt, wird wegen seiner therapeutischen Eigenschaften sehr gesch\u00e4tzt. Diese Wurzel ist bekannt f\u00fcr...","breadcrumb":{"@id":"https:\/\/dutchmicrodosing.com\/de\/reformhaus\/konzentrationserganzungsmittel\/ashwaganda-11-extrakt-whithania-somnifera\/#breadcrumb"},"inLanguage":"de","potentialAction":[{"@type":"ReadAction","target":["https:\/\/dutchmicrodosing.com\/de\/reformhaus\/konzentrationserganzungsmittel\/ashwaganda-11-extrakt-whithania-somnifera\/"]}]},{"@type":"ImageObject","inLanguage":"de","@id":"https:\/\/dutchmicrodosing.com\/de\/reformhaus\/konzentrationserganzungsmittel\/ashwaganda-11-extrakt-whithania-somnifera\/#primaryimage","url":"https:\/\/dutchmicrodosing.com\/wp-content\/uploads\/2023\/11\/ashwaganda-extract.jpg","contentUrl":"https:\/\/dutchmicrodosing.com\/wp-content\/uploads\/2023\/11\/ashwaganda-extract.jpg","width":500,"height":500,"caption":"ashwaganda"},{"@type":"BreadcrumbList","@id":"https:\/\/dutchmicrodosing.com\/de\/reformhaus\/konzentrationserganzungsmittel\/ashwaganda-11-extrakt-whithania-somnifera\/#breadcrumb","itemListElement":[{"@type":"ListItem","position":1,"name":"Home","item":"https:\/\/dutchmicrodosing.com\/de\/"},{"@type":"ListItem","position":2,"name":"Shop","item":"https:\/\/dutchmicrodosing.com\/de\/shop\/"},{"@type":"ListItem","position":3,"name":"Ashwaganda 1:1 Extrakt &#8211; Whithania Somnifera"}]},{"@type":"WebSite","@id":"https:\/\/dutchmicrodosing.com\/de\/#website","url":"https:\/\/dutchmicrodosing.com\/de\/","name":"Dutchmicrodosing","description":"","publisher":{"@id":"https:\/\/dutchmicrodosing.com\/de\/#organization"},"potentialAction":[{"@type":"SearchAction","target":{"@type":"EntryPoint","urlTemplate":"https:\/\/dutchmicrodosing.com\/de\/?s={search_term_string}"},"query-input":{"@type":"PropertyValueSpecification","valueRequired":true,"valueName":"search_term_string"}}],"inLanguage":"de"},{"@type":"Organization","@id":"https:\/\/dutchmicrodosing.com\/de\/#organization","name":"Dutchmicrodosing","url":"https:\/\/dutchmicrodosing.com\/de\/","logo":{"@type":"ImageObject","inLanguage":"de","@id":"https:\/\/dutchmicrodosing.com\/de\/#\/schema\/logo\/image\/","url":"https:\/\/dutchmicrodosing.com\/wp-content\/uploads\/2021\/01\/microdosing-categorie-pic-nieuw.jpg","contentUrl":"https:\/\/dutchmicrodosing.com\/wp-content\/uploads\/2021\/01\/microdosing-categorie-pic-nieuw.jpg","width":500,"height":500,"caption":"Dutchmicrodosing"},"image":{"@id":"https:\/\/dutchmicrodosing.com\/de\/#\/schema\/logo\/image\/"},"sameAs":["https:\/\/www.facebook.com\/Dutchmicrodosingxp\/","https:\/\/www.instagram.com\/dutchmicrodosing\/"]}]},"product_price_amount":"14.95","product_price_currency":"EUR","og_availability":"instock","product_availability":"instock","product_retailer_item_id":"0207834","product_condition":"new"},"_links":{"self":[{"href":"https:\/\/dutchmicrodosing.com\/de\/wp-json\/wp\/v2\/product\/31971","targetHints":{"allow":["GET"]}}],"collection":[{"href":"https:\/\/dutchmicrodosing.com\/de\/wp-json\/wp\/v2\/product"}],"about":[{"href":"https:\/\/dutchmicrodosing.com\/de\/wp-json\/wp\/v2\/types\/product"}],"replies":[{"embeddable":true,"href":"https:\/\/dutchmicrodosing.com\/de\/wp-json\/wp\/v2\/comments?post=31971"}],"version-history":[{"count":0,"href":"https:\/\/dutchmicrodosing.com\/de\/wp-json\/wp\/v2\/product\/31971\/revisions"}],"wp:featuredmedia":[{"embeddable":true,"href":"https:\/\/dutchmicrodosing.com\/de\/wp-json\/wp\/v2\/media\/31661"}],"wp:attachment":[{"href":"https:\/\/dutchmicrodosing.com\/de\/wp-json\/wp\/v2\/media?parent=31971"}],"wp:term":[{"taxonomy":"product_brand","embeddable":true,"href":"https:\/\/dutchmicrodosing.com\/de\/wp-json\/wp\/v2\/product_brand?post=31971"},{"taxonomy":"product_cat","embeddable":true,"href":"https:\/\/dutchmicrodosing.com\/de\/wp-json\/wp\/v2\/product_cat?post=31971"},{"taxonomy":"product_tag","embeddable":true,"href":"https:\/\/dutchmicrodosing.com\/de\/wp-json\/wp\/v2\/product_tag?post=31971"}],"curies":[{"name":"wp","href":"https:\/\/api.w.org\/{rel}","templated":true}]}}