{"id":31974,"date":"2023-11-13T14:52:36","date_gmt":"2023-11-13T13:52:36","guid":{"rendered":"https:\/\/dutchmicrodosing.com\/shop\/unkategorisiert\/vollwurzel-aschwagandha-30-kapseln\/"},"modified":"2025-10-29T22:04:44","modified_gmt":"2025-10-29T21:04:44","slug":"vollwurzel-aschwagandha-30-kapseln","status":"publish","type":"product","link":"https:\/\/dutchmicrodosing.com\/de\/reformhaus\/erganzungen-fur-das-immunsystem\/vollwurzel-aschwagandha-30-kapseln\/","title":{"rendered":"Ashwagandha als ganze Wurzel &#8211; 30 Kapseln"},"content":{"rendered":"<p>Das <strong>Ashwagandha-Pr\u00e4parat<\/strong> von Together stammt aus der Region Rajasthan in Nordindien, einem Gebiet, das f\u00fcr seine idealen Bedingungen f\u00fcr den Anbau von hochwertigem Ashwagandha bekannt ist. Das Kraut wird wegen seiner adaptogenen Eigenschaften gesch\u00e4tzt, die den K\u00f6rper unter stressigen Bedingungen unterst\u00fctzen k\u00f6nnen. Seine Herstellung zeichnet sich durch ein einzigartiges Extraktionsverfahren aus, bei dem keine synthetischen L\u00f6sungsmittel verwendet werden, wodurch ein Extrakt mit einer hohen Konzentration an Wirkstoffen entsteht und die Integrit\u00e4t der nat\u00fcrlichen Bestandteile der Pflanze erhalten bleibt.<\/p>\n<p>Ein bemerkenswertes Merkmal von Together&#8217;s Whole Root Ashwagandha ist sein au\u00dfergew\u00f6hnlich hoher Anteil an Withanoliden, der mehr als 5 % des Extrakts ausmacht und es zu einem der wirksamsten Ashwagandha-Produkte auf dem Markt macht. Die Withanolide sind die wichtigsten bioaktiven Bestandteile von Ashwagandha, die zu seiner adaptogenen Wirkung beitragen.<\/p>\n<h3><strong>N\u00e4hrwertangaben pro Kapsel<\/strong><strong><br \/>\n<\/strong><\/h3>\n<p>Ashwagandha 500 mg<\/p>\n<h3><strong>Inhaltsstoffe<\/strong><em><br \/>\n<\/em><\/h3>\n<ul>\n<li>Bio-Ashwagandha KSM-66\u00ae (Ganzwurzelextrakt aus Withania somnifera)<\/li>\n<li>Vegecap (pflanzliche Zellulose)<\/li>\n<\/ul>\n<h3><strong>Warnungen<\/strong><\/h3>\n<p>Vorsicht ist geboten bei Menschen mit Hyperthyreose oder schweren Lebererkrankungen bei der Verwendung von Ashwagandha. Konsultieren Sie vor der Einnahme Ihren Arzt oder Apotheker im Falle der Einnahme von Medikamenten (Antidepressiva), Lebererkrankungen, Schilddr\u00fcsenerkrankungen und\/oder der Einnahme von Schilddr\u00fcsenhormonen.<\/p>\n<h3>Inhalt<\/h3>\n<p>Ashwagandha als ganze Wurzel &#8211; 30 Kapseln<\/p>\n","protected":false},"excerpt":{"rendered":"<p>Das Ashwagandha-Pr\u00e4parat von Together stammt aus der Region Rajasthan in Nordindien, einem Gebiet, das f\u00fcr seine idealen Bedingungen f\u00fcr den Anbau von hochwertigem Ashwagandha bekannt ist. Das Kraut wird wegen seiner adaptogenen Eigenschaften gesch\u00e4tzt, die den K\u00f6rper unter stressigen Bedingungen unterst\u00fctzen k\u00f6nnen. Seine Herstellung zeichnet sich durch ein einzigartiges Extraktionsverfahren aus, bei dem keine synthetischen [&hellip;]<\/p>\n","protected":false},"featured_media":31290,"comment_status":"closed","ping_status":"closed","template":"","meta":[],"product_brand":[],"product_cat":[292,293,322,317,116],"product_tag":[],"class_list":{"0":"post-31974","1":"product","2":"type-product","3":"status-publish","4":"has-post-thumbnail","6":"product_cat-energie-erganzungen","7":"product_cat-erganzungen-fur-das-immunsystem","8":"product_cat-konzentrationserganzungsmittel","9":"product_cat-kreativitatserganzungsmittel","10":"product_cat-vitamine-nahrungsergaenzungsmittel","12":"first","13":"instock","14":"taxable","15":"shipping-taxable","16":"purchasable","17":"product-type-simple"},"yoast_head":"<!-- This site is optimized with the Yoast SEO Premium plugin v26.4 (Yoast SEO v27.4) - https:\/\/yoast.com\/product\/yoast-seo-premium-wordpress\/ -->\n<title>Ashwagandha als ganze Wurzel - 30 Kapseln - Dutchmicrodosing<\/title>\n<meta name=\"description\" content=\"Die Ashwagandha-Erg\u00e4nzung von Together wird aus der Region Rajasthan in Nordindien bezogen, einem Gebiet, das f\u00fcr seine idealen Bedingungen f\u00fcr...\" \/>\n<meta name=\"robots\" content=\"index, follow, max-snippet:-1, max-image-preview:large, max-video-preview:-1\" \/>\n<link rel=\"canonical\" href=\"https:\/\/dutchmicrodosing.com\/de\/reformhaus\/erganzungen-fur-das-immunsystem\/vollwurzel-aschwagandha-30-kapseln\/\" \/>\n<meta property=\"og:locale\" content=\"de_DE\" \/>\n<meta property=\"og:type\" content=\"article\" \/>\n<meta property=\"og:title\" content=\"Ashwagandha als ganze Wurzel - 30 Kapseln\" \/>\n<meta property=\"og:description\" content=\"Das Ashwagandha-Pr\u00e4parat von Together stammt aus der Region Rajasthan in Nordindien, einem Gebiet, das f\u00fcr seine idealen Bedingungen f\u00fcr den Anbau von\" \/>\n<meta property=\"og:url\" content=\"https:\/\/dutchmicrodosing.com\/de\/reformhaus\/erganzungen-fur-das-immunsystem\/vollwurzel-aschwagandha-30-kapseln\/\" \/>\n<meta property=\"og:site_name\" content=\"Dutchmicrodosing\" \/>\n<meta property=\"article:publisher\" content=\"https:\/\/www.facebook.com\/Dutchmicrodosingxp\/\" \/>\n<meta property=\"article:modified_time\" content=\"2025-10-29T21:04:44+00:00\" \/>\n<meta property=\"og:image\" content=\"https:\/\/dutchmicrodosing.com\/wp-content\/uploads\/2023\/11\/2415_whole_root_ashwagandha__together__30caps.jpg\" \/>\n\t<meta property=\"og:image:width\" content=\"700\" \/>\n\t<meta property=\"og:image:height\" content=\"700\" \/>\n\t<meta property=\"og:image:type\" content=\"image\/jpeg\" \/>\n<meta name=\"twitter:card\" content=\"summary_large_image\" \/>\n<script type=\"application\/ld+json\" class=\"yoast-schema-graph\">{\"@context\":\"https:\\\/\\\/schema.org\",\"@graph\":[{\"@type\":\"WebPage\",\"@id\":\"https:\\\/\\\/dutchmicrodosing.com\\\/de\\\/reformhaus\\\/erganzungen-fur-das-immunsystem\\\/vollwurzel-aschwagandha-30-kapseln\\\/\",\"url\":\"https:\\\/\\\/dutchmicrodosing.com\\\/de\\\/reformhaus\\\/erganzungen-fur-das-immunsystem\\\/vollwurzel-aschwagandha-30-kapseln\\\/\",\"name\":\"Ashwagandha als ganze Wurzel - 30 Kapseln - Dutchmicrodosing\",\"isPartOf\":{\"@id\":\"https:\\\/\\\/dutchmicrodosing.com\\\/de\\\/#website\"},\"primaryImageOfPage\":{\"@id\":\"https:\\\/\\\/dutchmicrodosing.com\\\/de\\\/reformhaus\\\/erganzungen-fur-das-immunsystem\\\/vollwurzel-aschwagandha-30-kapseln\\\/#primaryimage\"},\"image\":{\"@id\":\"https:\\\/\\\/dutchmicrodosing.com\\\/de\\\/reformhaus\\\/erganzungen-fur-das-immunsystem\\\/vollwurzel-aschwagandha-30-kapseln\\\/#primaryimage\"},\"thumbnailUrl\":\"https:\\\/\\\/dutchmicrodosing.com\\\/wp-content\\\/uploads\\\/2023\\\/11\\\/2415_whole_root_ashwagandha__together__30caps.jpg\",\"datePublished\":\"2023-11-13T13:52:36+00:00\",\"dateModified\":\"2025-10-29T21:04:44+00:00\",\"description\":\"Die Ashwagandha-Erg\u00e4nzung von Together wird aus der Region Rajasthan in Nordindien bezogen, einem Gebiet, das f\u00fcr seine idealen Bedingungen f\u00fcr...\",\"breadcrumb\":{\"@id\":\"https:\\\/\\\/dutchmicrodosing.com\\\/de\\\/reformhaus\\\/erganzungen-fur-das-immunsystem\\\/vollwurzel-aschwagandha-30-kapseln\\\/#breadcrumb\"},\"inLanguage\":\"de\",\"potentialAction\":[{\"@type\":\"ReadAction\",\"target\":[\"https:\\\/\\\/dutchmicrodosing.com\\\/de\\\/reformhaus\\\/erganzungen-fur-das-immunsystem\\\/vollwurzel-aschwagandha-30-kapseln\\\/\"]}]},{\"@type\":\"ImageObject\",\"inLanguage\":\"de\",\"@id\":\"https:\\\/\\\/dutchmicrodosing.com\\\/de\\\/reformhaus\\\/erganzungen-fur-das-immunsystem\\\/vollwurzel-aschwagandha-30-kapseln\\\/#primaryimage\",\"url\":\"https:\\\/\\\/dutchmicrodosing.com\\\/wp-content\\\/uploads\\\/2023\\\/11\\\/2415_whole_root_ashwagandha__together__30caps.jpg\",\"contentUrl\":\"https:\\\/\\\/dutchmicrodosing.com\\\/wp-content\\\/uploads\\\/2023\\\/11\\\/2415_whole_root_ashwagandha__together__30caps.jpg\",\"width\":700,\"height\":700},{\"@type\":\"BreadcrumbList\",\"@id\":\"https:\\\/\\\/dutchmicrodosing.com\\\/de\\\/reformhaus\\\/erganzungen-fur-das-immunsystem\\\/vollwurzel-aschwagandha-30-kapseln\\\/#breadcrumb\",\"itemListElement\":[{\"@type\":\"ListItem\",\"position\":1,\"name\":\"Home\",\"item\":\"https:\\\/\\\/dutchmicrodosing.com\\\/de\\\/\"},{\"@type\":\"ListItem\",\"position\":2,\"name\":\"Shop\",\"item\":\"https:\\\/\\\/dutchmicrodosing.com\\\/de\\\/shop\\\/\"},{\"@type\":\"ListItem\",\"position\":3,\"name\":\"Ashwagandha als ganze Wurzel &#8211; 30 Kapseln\"}]},{\"@type\":\"WebSite\",\"@id\":\"https:\\\/\\\/dutchmicrodosing.com\\\/de\\\/#website\",\"url\":\"https:\\\/\\\/dutchmicrodosing.com\\\/de\\\/\",\"name\":\"Dutchmicrodosing\",\"description\":\"\",\"publisher\":{\"@id\":\"https:\\\/\\\/dutchmicrodosing.com\\\/de\\\/#organization\"},\"potentialAction\":[{\"@type\":\"SearchAction\",\"target\":{\"@type\":\"EntryPoint\",\"urlTemplate\":\"https:\\\/\\\/dutchmicrodosing.com\\\/de\\\/?s={search_term_string}\"},\"query-input\":{\"@type\":\"PropertyValueSpecification\",\"valueRequired\":true,\"valueName\":\"search_term_string\"}}],\"inLanguage\":\"de\"},{\"@type\":\"Organization\",\"@id\":\"https:\\\/\\\/dutchmicrodosing.com\\\/de\\\/#organization\",\"name\":\"Dutchmicrodosing\",\"url\":\"https:\\\/\\\/dutchmicrodosing.com\\\/de\\\/\",\"logo\":{\"@type\":\"ImageObject\",\"inLanguage\":\"de\",\"@id\":\"https:\\\/\\\/dutchmicrodosing.com\\\/de\\\/#\\\/schema\\\/logo\\\/image\\\/\",\"url\":\"https:\\\/\\\/dutchmicrodosing.com\\\/wp-content\\\/uploads\\\/2021\\\/01\\\/microdosing-categorie-pic-nieuw.jpg\",\"contentUrl\":\"https:\\\/\\\/dutchmicrodosing.com\\\/wp-content\\\/uploads\\\/2021\\\/01\\\/microdosing-categorie-pic-nieuw.jpg\",\"width\":500,\"height\":500,\"caption\":\"Dutchmicrodosing\"},\"image\":{\"@id\":\"https:\\\/\\\/dutchmicrodosing.com\\\/de\\\/#\\\/schema\\\/logo\\\/image\\\/\"},\"sameAs\":[\"https:\\\/\\\/www.facebook.com\\\/Dutchmicrodosingxp\\\/\",\"https:\\\/\\\/www.instagram.com\\\/dutchmicrodosing\\\/\"]}]}<\/script>\n<meta property=\"product:price:amount\" content=\"14.95\" \/>\n<meta property=\"product:price:currency\" content=\"EUR\" \/>\n<meta property=\"og:availability\" content=\"instock\" \/>\n<meta property=\"product:availability\" content=\"instock\" \/>\n<meta property=\"product:retailer_item_id\" content=\"3211126\" \/>\n<meta property=\"product:condition\" content=\"new\" \/>\n<!-- \/ Yoast SEO Premium plugin. -->","yoast_head_json":{"title":"Ashwagandha als ganze Wurzel - 30 Kapseln - Dutchmicrodosing","description":"Die Ashwagandha-Erg\u00e4nzung von Together wird aus der Region Rajasthan in Nordindien bezogen, einem Gebiet, das f\u00fcr seine idealen Bedingungen f\u00fcr...","robots":{"index":"index","follow":"follow","max-snippet":"max-snippet:-1","max-image-preview":"max-image-preview:large","max-video-preview":"max-video-preview:-1"},"canonical":"https:\/\/dutchmicrodosing.com\/de\/reformhaus\/erganzungen-fur-das-immunsystem\/vollwurzel-aschwagandha-30-kapseln\/","og_locale":"de_DE","og_type":"article","og_title":"Ashwagandha als ganze Wurzel - 30 Kapseln","og_description":"Das Ashwagandha-Pr\u00e4parat von Together stammt aus der Region Rajasthan in Nordindien, einem Gebiet, das f\u00fcr seine idealen Bedingungen f\u00fcr den Anbau von","og_url":"https:\/\/dutchmicrodosing.com\/de\/reformhaus\/erganzungen-fur-das-immunsystem\/vollwurzel-aschwagandha-30-kapseln\/","og_site_name":"Dutchmicrodosing","article_publisher":"https:\/\/www.facebook.com\/Dutchmicrodosingxp\/","article_modified_time":"2025-10-29T21:04:44+00:00","og_image":[{"width":700,"height":700,"url":"https:\/\/dutchmicrodosing.com\/wp-content\/uploads\/2023\/11\/2415_whole_root_ashwagandha__together__30caps.jpg","type":"image\/jpeg"}],"twitter_card":"summary_large_image","schema":{"@context":"https:\/\/schema.org","@graph":[{"@type":"WebPage","@id":"https:\/\/dutchmicrodosing.com\/de\/reformhaus\/erganzungen-fur-das-immunsystem\/vollwurzel-aschwagandha-30-kapseln\/","url":"https:\/\/dutchmicrodosing.com\/de\/reformhaus\/erganzungen-fur-das-immunsystem\/vollwurzel-aschwagandha-30-kapseln\/","name":"Ashwagandha als ganze Wurzel - 30 Kapseln - Dutchmicrodosing","isPartOf":{"@id":"https:\/\/dutchmicrodosing.com\/de\/#website"},"primaryImageOfPage":{"@id":"https:\/\/dutchmicrodosing.com\/de\/reformhaus\/erganzungen-fur-das-immunsystem\/vollwurzel-aschwagandha-30-kapseln\/#primaryimage"},"image":{"@id":"https:\/\/dutchmicrodosing.com\/de\/reformhaus\/erganzungen-fur-das-immunsystem\/vollwurzel-aschwagandha-30-kapseln\/#primaryimage"},"thumbnailUrl":"https:\/\/dutchmicrodosing.com\/wp-content\/uploads\/2023\/11\/2415_whole_root_ashwagandha__together__30caps.jpg","datePublished":"2023-11-13T13:52:36+00:00","dateModified":"2025-10-29T21:04:44+00:00","description":"Die Ashwagandha-Erg\u00e4nzung von Together wird aus der Region Rajasthan in Nordindien bezogen, einem Gebiet, das f\u00fcr seine idealen Bedingungen f\u00fcr...","breadcrumb":{"@id":"https:\/\/dutchmicrodosing.com\/de\/reformhaus\/erganzungen-fur-das-immunsystem\/vollwurzel-aschwagandha-30-kapseln\/#breadcrumb"},"inLanguage":"de","potentialAction":[{"@type":"ReadAction","target":["https:\/\/dutchmicrodosing.com\/de\/reformhaus\/erganzungen-fur-das-immunsystem\/vollwurzel-aschwagandha-30-kapseln\/"]}]},{"@type":"ImageObject","inLanguage":"de","@id":"https:\/\/dutchmicrodosing.com\/de\/reformhaus\/erganzungen-fur-das-immunsystem\/vollwurzel-aschwagandha-30-kapseln\/#primaryimage","url":"https:\/\/dutchmicrodosing.com\/wp-content\/uploads\/2023\/11\/2415_whole_root_ashwagandha__together__30caps.jpg","contentUrl":"https:\/\/dutchmicrodosing.com\/wp-content\/uploads\/2023\/11\/2415_whole_root_ashwagandha__together__30caps.jpg","width":700,"height":700},{"@type":"BreadcrumbList","@id":"https:\/\/dutchmicrodosing.com\/de\/reformhaus\/erganzungen-fur-das-immunsystem\/vollwurzel-aschwagandha-30-kapseln\/#breadcrumb","itemListElement":[{"@type":"ListItem","position":1,"name":"Home","item":"https:\/\/dutchmicrodosing.com\/de\/"},{"@type":"ListItem","position":2,"name":"Shop","item":"https:\/\/dutchmicrodosing.com\/de\/shop\/"},{"@type":"ListItem","position":3,"name":"Ashwagandha als ganze Wurzel &#8211; 30 Kapseln"}]},{"@type":"WebSite","@id":"https:\/\/dutchmicrodosing.com\/de\/#website","url":"https:\/\/dutchmicrodosing.com\/de\/","name":"Dutchmicrodosing","description":"","publisher":{"@id":"https:\/\/dutchmicrodosing.com\/de\/#organization"},"potentialAction":[{"@type":"SearchAction","target":{"@type":"EntryPoint","urlTemplate":"https:\/\/dutchmicrodosing.com\/de\/?s={search_term_string}"},"query-input":{"@type":"PropertyValueSpecification","valueRequired":true,"valueName":"search_term_string"}}],"inLanguage":"de"},{"@type":"Organization","@id":"https:\/\/dutchmicrodosing.com\/de\/#organization","name":"Dutchmicrodosing","url":"https:\/\/dutchmicrodosing.com\/de\/","logo":{"@type":"ImageObject","inLanguage":"de","@id":"https:\/\/dutchmicrodosing.com\/de\/#\/schema\/logo\/image\/","url":"https:\/\/dutchmicrodosing.com\/wp-content\/uploads\/2021\/01\/microdosing-categorie-pic-nieuw.jpg","contentUrl":"https:\/\/dutchmicrodosing.com\/wp-content\/uploads\/2021\/01\/microdosing-categorie-pic-nieuw.jpg","width":500,"height":500,"caption":"Dutchmicrodosing"},"image":{"@id":"https:\/\/dutchmicrodosing.com\/de\/#\/schema\/logo\/image\/"},"sameAs":["https:\/\/www.facebook.com\/Dutchmicrodosingxp\/","https:\/\/www.instagram.com\/dutchmicrodosing\/"]}]},"product_price_amount":"14.95","product_price_currency":"EUR","og_availability":"instock","product_availability":"instock","product_retailer_item_id":"3211126","product_condition":"new"},"_links":{"self":[{"href":"https:\/\/dutchmicrodosing.com\/de\/wp-json\/wp\/v2\/product\/31974","targetHints":{"allow":["GET"]}}],"collection":[{"href":"https:\/\/dutchmicrodosing.com\/de\/wp-json\/wp\/v2\/product"}],"about":[{"href":"https:\/\/dutchmicrodosing.com\/de\/wp-json\/wp\/v2\/types\/product"}],"replies":[{"embeddable":true,"href":"https:\/\/dutchmicrodosing.com\/de\/wp-json\/wp\/v2\/comments?post=31974"}],"version-history":[{"count":0,"href":"https:\/\/dutchmicrodosing.com\/de\/wp-json\/wp\/v2\/product\/31974\/revisions"}],"wp:featuredmedia":[{"embeddable":true,"href":"https:\/\/dutchmicrodosing.com\/de\/wp-json\/wp\/v2\/media\/31290"}],"wp:attachment":[{"href":"https:\/\/dutchmicrodosing.com\/de\/wp-json\/wp\/v2\/media?parent=31974"}],"wp:term":[{"taxonomy":"product_brand","embeddable":true,"href":"https:\/\/dutchmicrodosing.com\/de\/wp-json\/wp\/v2\/product_brand?post=31974"},{"taxonomy":"product_cat","embeddable":true,"href":"https:\/\/dutchmicrodosing.com\/de\/wp-json\/wp\/v2\/product_cat?post=31974"},{"taxonomy":"product_tag","embeddable":true,"href":"https:\/\/dutchmicrodosing.com\/de\/wp-json\/wp\/v2\/product_tag?post=31974"}],"curies":[{"name":"wp","href":"https:\/\/api.w.org\/{rel}","templated":true}]}}