{"id":31999,"date":"2023-11-15T01:40:37","date_gmt":"2023-11-16T19:58:49","guid":{"rendered":"https:\/\/dutchmicrodosing.com\/shop\/unkategorisiert\/brain-e\/"},"modified":"2025-04-06T11:31:23","modified_gmt":"2025-04-06T09:31:23","slug":"brain-e","status":"publish","type":"product","link":"https:\/\/dutchmicrodosing.com\/de\/reformhaus\/konzentrationserganzungsmittel\/brain-e\/","title":{"rendered":"Gehirn-E"},"content":{"rendered":"<p>Fokus, Konzentration und kreative Denkprozesse werden mit <strong>Brain-E Happy Caps<\/strong> unterst\u00fctzt. Diese Kr\u00e4uterkapseln sind ideal f\u00fcr ein langes Studium oder f\u00fcr Projekte, die oft mit einer Deadline verbunden sind. Mit dem Brain-E wird jeder Termin durch schiere Konzentration und Fokussierung eingehalten. Das Einpr\u00e4gen von Informationen und deren Verarbeitung auf Papier wird durch den Einsatz von Brain-E Happy Caps um ein Vielfaches erleichtert. Dieser Brain Booster wirkt am besten bei langen Studiensitzungen oder in anderen Situationen, in denen Sie Ihre Aufmerksamkeit \u00fcber einen l\u00e4ngeren Zeitraum hinweg aufrechterhalten m\u00fcssen. Mit den Brain-E Happy Caps gibst du deine Arbeit oder Lernaufgabe p\u00fcnktlich ab!<\/p>\n<h3>Inhaltsstoffe<\/h3>\n<p>Rhodolia rosea Extrakt 100mg, L-Tryptophan 100mg, Cholin 100mg, DMAE 75mg, Gaba 75mg, Niacin 15mg, L-Theanin 60mg, Koffein 25mg, Gaba 75mg, L-Carnitin 50mg, Magnesiumstearat, Hydroxypropylmethylcellulose (vegetarische Kapsel).<\/p>\n<h3>Verwenden Sie .<\/h3>\n<p>Nehmen Sie 1 bis 2 Kapseln etwa 45 Minuten vor der gew\u00fcnschten Wirkung ein. Die H\u00f6chstdosis von 2 Kapseln pro 24 Stunden darf nicht \u00fcberschritten werden.<\/p>\n<h3>Hinweise zur Lagerung<\/h3>\n<p>Bewahren Sie dieses Produkt an einem k\u00fchlen und dunklen Ort, z. B. in einem K\u00fcchenschrank, und au\u00dferhalb der Reichweite von Kindern auf.<\/p>\n<h3>Inhalt<\/h3>\n<p>Happy Caps Brain-E (Energy &amp; Concentration) &#8211; 4 Kapseln.<\/p>\n<h3>Warnung<\/h3>\n<p>Kombinieren Sie Brain-E Happy Caps nicht mit anderen SSRIs (Seroxat, Prozac) oder MAOIs. Konsultieren Sie immer zuerst Ihren Arzt und lesen Sie die Packungsbeilage Ihres Medikaments, um gesundheitliche Risiken zu vermeiden. Verwenden Sie Brain-E Happy Caps auch nicht, wenn Sie schwanger sind oder stillen.<\/p>\n","protected":false},"excerpt":{"rendered":"<p>Fokus, Konzentration und kreative Denkprozesse werden mit Brain-E Happy Caps unterst\u00fctzt. Diese Kr\u00e4uterkapseln sind ideal f\u00fcr ein langes Studium oder f\u00fcr Projekte, die oft mit einer Deadline verbunden sind. Mit dem Brain-E wird jeder Termin durch schiere Konzentration und Fokussierung eingehalten. Das Einpr\u00e4gen von Informationen und deren Verarbeitung auf Papier wird durch den Einsatz von [&hellip;]<\/p>\n","protected":false},"featured_media":31617,"comment_status":"closed","ping_status":"closed","template":"","meta":[],"product_brand":[],"product_cat":[322],"product_tag":[],"class_list":{"0":"post-31999","1":"product","2":"type-product","3":"status-publish","4":"has-post-thumbnail","6":"product_cat-konzentrationserganzungsmittel","8":"first","9":"outofstock","10":"taxable","11":"shipping-taxable","12":"purchasable","13":"product-type-simple"},"yoast_head":"<!-- This site is optimized with the Yoast SEO Premium plugin v26.4 (Yoast SEO v27.2) - https:\/\/yoast.com\/product\/yoast-seo-premium-wordpress\/ -->\n<title>Gehirn-E - Dutchmicrodosing<\/title>\n<meta name=\"description\" content=\"Fokus, Konzentration und kreative Denkprozesse werden mit Brain-E Happy Caps unterst\u00fctzt. Diese Kr\u00e4uterkapseln sind ideal f\u00fcr lange Lernphasen,\" \/>\n<meta name=\"robots\" content=\"index, follow, max-snippet:-1, max-image-preview:large, max-video-preview:-1\" \/>\n<link rel=\"canonical\" href=\"https:\/\/dutchmicrodosing.com\/de\/reformhaus\/konzentrationserganzungsmittel\/brain-e\/\" \/>\n<meta property=\"og:locale\" content=\"de_DE\" \/>\n<meta property=\"og:type\" content=\"article\" \/>\n<meta property=\"og:title\" content=\"Gehirn-E\" \/>\n<meta property=\"og:description\" content=\"Fokus, Konzentration und kreative Denkprozesse werden mit Brain-E Happy Caps unterst\u00fctzt. Diese Kr\u00e4uterkapseln sind ideal f\u00fcr ein langes Studium oder f\u00fcr\" \/>\n<meta property=\"og:url\" content=\"https:\/\/dutchmicrodosing.com\/de\/reformhaus\/konzentrationserganzungsmittel\/brain-e\/\" \/>\n<meta property=\"og:site_name\" content=\"Dutchmicrodosing\" \/>\n<meta property=\"article:publisher\" content=\"https:\/\/www.facebook.com\/Dutchmicrodosingxp\/\" \/>\n<meta property=\"article:modified_time\" content=\"2025-04-06T09:31:23+00:00\" \/>\n<meta property=\"og:image\" content=\"https:\/\/dutchmicrodosing.com\/wp-content\/uploads\/2023\/11\/happycaps-brain-e-2019.jpg\" \/>\n\t<meta property=\"og:image:width\" content=\"700\" \/>\n\t<meta property=\"og:image:height\" content=\"700\" \/>\n\t<meta property=\"og:image:type\" content=\"image\/jpeg\" \/>\n<meta name=\"twitter:card\" content=\"summary_large_image\" \/>\n<script type=\"application\/ld+json\" class=\"yoast-schema-graph\">{\"@context\":\"https:\/\/schema.org\",\"@graph\":[{\"@type\":\"WebPage\",\"@id\":\"https:\/\/dutchmicrodosing.com\/de\/reformhaus\/konzentrationserganzungsmittel\/brain-e\/\",\"url\":\"https:\/\/dutchmicrodosing.com\/de\/reformhaus\/konzentrationserganzungsmittel\/brain-e\/\",\"name\":\"Gehirn-E - Dutchmicrodosing\",\"isPartOf\":{\"@id\":\"https:\/\/dutchmicrodosing.com\/de\/#website\"},\"primaryImageOfPage\":{\"@id\":\"https:\/\/dutchmicrodosing.com\/de\/reformhaus\/konzentrationserganzungsmittel\/brain-e\/#primaryimage\"},\"image\":{\"@id\":\"https:\/\/dutchmicrodosing.com\/de\/reformhaus\/konzentrationserganzungsmittel\/brain-e\/#primaryimage\"},\"thumbnailUrl\":\"https:\/\/dutchmicrodosing.com\/wp-content\/uploads\/2023\/11\/happycaps-brain-e-2019.jpg\",\"datePublished\":\"2023-11-16T19:58:49+00:00\",\"dateModified\":\"2025-04-06T09:31:23+00:00\",\"description\":\"Fokus, Konzentration und kreative Denkprozesse werden mit Brain-E Happy Caps unterst\u00fctzt. Diese Kr\u00e4uterkapseln sind ideal f\u00fcr lange Lernphasen,\",\"breadcrumb\":{\"@id\":\"https:\/\/dutchmicrodosing.com\/de\/reformhaus\/konzentrationserganzungsmittel\/brain-e\/#breadcrumb\"},\"inLanguage\":\"de\",\"potentialAction\":[{\"@type\":\"ReadAction\",\"target\":[\"https:\/\/dutchmicrodosing.com\/de\/reformhaus\/konzentrationserganzungsmittel\/brain-e\/\"]}]},{\"@type\":\"ImageObject\",\"inLanguage\":\"de\",\"@id\":\"https:\/\/dutchmicrodosing.com\/de\/reformhaus\/konzentrationserganzungsmittel\/brain-e\/#primaryimage\",\"url\":\"https:\/\/dutchmicrodosing.com\/wp-content\/uploads\/2023\/11\/happycaps-brain-e-2019.jpg\",\"contentUrl\":\"https:\/\/dutchmicrodosing.com\/wp-content\/uploads\/2023\/11\/happycaps-brain-e-2019.jpg\",\"width\":700,\"height\":700},{\"@type\":\"BreadcrumbList\",\"@id\":\"https:\/\/dutchmicrodosing.com\/de\/reformhaus\/konzentrationserganzungsmittel\/brain-e\/#breadcrumb\",\"itemListElement\":[{\"@type\":\"ListItem\",\"position\":1,\"name\":\"Home\",\"item\":\"https:\/\/dutchmicrodosing.com\/de\/\"},{\"@type\":\"ListItem\",\"position\":2,\"name\":\"Shop\",\"item\":\"https:\/\/dutchmicrodosing.com\/de\/shop\/\"},{\"@type\":\"ListItem\",\"position\":3,\"name\":\"Gehirn-E\"}]},{\"@type\":\"WebSite\",\"@id\":\"https:\/\/dutchmicrodosing.com\/de\/#website\",\"url\":\"https:\/\/dutchmicrodosing.com\/de\/\",\"name\":\"Dutchmicrodosing\",\"description\":\"\",\"publisher\":{\"@id\":\"https:\/\/dutchmicrodosing.com\/de\/#organization\"},\"potentialAction\":[{\"@type\":\"SearchAction\",\"target\":{\"@type\":\"EntryPoint\",\"urlTemplate\":\"https:\/\/dutchmicrodosing.com\/de\/?s={search_term_string}\"},\"query-input\":{\"@type\":\"PropertyValueSpecification\",\"valueRequired\":true,\"valueName\":\"search_term_string\"}}],\"inLanguage\":\"de\"},{\"@type\":\"Organization\",\"@id\":\"https:\/\/dutchmicrodosing.com\/de\/#organization\",\"name\":\"Dutchmicrodosing\",\"url\":\"https:\/\/dutchmicrodosing.com\/de\/\",\"logo\":{\"@type\":\"ImageObject\",\"inLanguage\":\"de\",\"@id\":\"https:\/\/dutchmicrodosing.com\/de\/#\/schema\/logo\/image\/\",\"url\":\"https:\/\/dutchmicrodosing.com\/wp-content\/uploads\/2021\/01\/microdosing-categorie-pic-nieuw.jpg\",\"contentUrl\":\"https:\/\/dutchmicrodosing.com\/wp-content\/uploads\/2021\/01\/microdosing-categorie-pic-nieuw.jpg\",\"width\":500,\"height\":500,\"caption\":\"Dutchmicrodosing\"},\"image\":{\"@id\":\"https:\/\/dutchmicrodosing.com\/de\/#\/schema\/logo\/image\/\"},\"sameAs\":[\"https:\/\/www.facebook.com\/Dutchmicrodosingxp\/\",\"https:\/\/www.instagram.com\/dutchmicrodosing\/\"]}]}<\/script>\n<meta property=\"product:price:amount\" content=\"8.95\" \/>\n<meta property=\"product:price:currency\" content=\"EUR\" \/>\n<meta property=\"og:availability\" content=\"out of stock\" \/>\n<meta property=\"product:availability\" content=\"out of stock\" \/>\n<meta property=\"product:retailer_item_id\" content=\"8101712\" \/>\n<meta property=\"product:condition\" content=\"new\" \/>\n<!-- \/ Yoast SEO Premium plugin. -->","yoast_head_json":{"title":"Gehirn-E - Dutchmicrodosing","description":"Fokus, Konzentration und kreative Denkprozesse werden mit Brain-E Happy Caps unterst\u00fctzt. Diese Kr\u00e4uterkapseln sind ideal f\u00fcr lange Lernphasen,","robots":{"index":"index","follow":"follow","max-snippet":"max-snippet:-1","max-image-preview":"max-image-preview:large","max-video-preview":"max-video-preview:-1"},"canonical":"https:\/\/dutchmicrodosing.com\/de\/reformhaus\/konzentrationserganzungsmittel\/brain-e\/","og_locale":"de_DE","og_type":"article","og_title":"Gehirn-E","og_description":"Fokus, Konzentration und kreative Denkprozesse werden mit Brain-E Happy Caps unterst\u00fctzt. Diese Kr\u00e4uterkapseln sind ideal f\u00fcr ein langes Studium oder f\u00fcr","og_url":"https:\/\/dutchmicrodosing.com\/de\/reformhaus\/konzentrationserganzungsmittel\/brain-e\/","og_site_name":"Dutchmicrodosing","article_publisher":"https:\/\/www.facebook.com\/Dutchmicrodosingxp\/","article_modified_time":"2025-04-06T09:31:23+00:00","og_image":[{"width":700,"height":700,"url":"https:\/\/dutchmicrodosing.com\/wp-content\/uploads\/2023\/11\/happycaps-brain-e-2019.jpg","type":"image\/jpeg"}],"twitter_card":"summary_large_image","schema":{"@context":"https:\/\/schema.org","@graph":[{"@type":"WebPage","@id":"https:\/\/dutchmicrodosing.com\/de\/reformhaus\/konzentrationserganzungsmittel\/brain-e\/","url":"https:\/\/dutchmicrodosing.com\/de\/reformhaus\/konzentrationserganzungsmittel\/brain-e\/","name":"Gehirn-E - Dutchmicrodosing","isPartOf":{"@id":"https:\/\/dutchmicrodosing.com\/de\/#website"},"primaryImageOfPage":{"@id":"https:\/\/dutchmicrodosing.com\/de\/reformhaus\/konzentrationserganzungsmittel\/brain-e\/#primaryimage"},"image":{"@id":"https:\/\/dutchmicrodosing.com\/de\/reformhaus\/konzentrationserganzungsmittel\/brain-e\/#primaryimage"},"thumbnailUrl":"https:\/\/dutchmicrodosing.com\/wp-content\/uploads\/2023\/11\/happycaps-brain-e-2019.jpg","datePublished":"2023-11-16T19:58:49+00:00","dateModified":"2025-04-06T09:31:23+00:00","description":"Fokus, Konzentration und kreative Denkprozesse werden mit Brain-E Happy Caps unterst\u00fctzt. Diese Kr\u00e4uterkapseln sind ideal f\u00fcr lange Lernphasen,","breadcrumb":{"@id":"https:\/\/dutchmicrodosing.com\/de\/reformhaus\/konzentrationserganzungsmittel\/brain-e\/#breadcrumb"},"inLanguage":"de","potentialAction":[{"@type":"ReadAction","target":["https:\/\/dutchmicrodosing.com\/de\/reformhaus\/konzentrationserganzungsmittel\/brain-e\/"]}]},{"@type":"ImageObject","inLanguage":"de","@id":"https:\/\/dutchmicrodosing.com\/de\/reformhaus\/konzentrationserganzungsmittel\/brain-e\/#primaryimage","url":"https:\/\/dutchmicrodosing.com\/wp-content\/uploads\/2023\/11\/happycaps-brain-e-2019.jpg","contentUrl":"https:\/\/dutchmicrodosing.com\/wp-content\/uploads\/2023\/11\/happycaps-brain-e-2019.jpg","width":700,"height":700},{"@type":"BreadcrumbList","@id":"https:\/\/dutchmicrodosing.com\/de\/reformhaus\/konzentrationserganzungsmittel\/brain-e\/#breadcrumb","itemListElement":[{"@type":"ListItem","position":1,"name":"Home","item":"https:\/\/dutchmicrodosing.com\/de\/"},{"@type":"ListItem","position":2,"name":"Shop","item":"https:\/\/dutchmicrodosing.com\/de\/shop\/"},{"@type":"ListItem","position":3,"name":"Gehirn-E"}]},{"@type":"WebSite","@id":"https:\/\/dutchmicrodosing.com\/de\/#website","url":"https:\/\/dutchmicrodosing.com\/de\/","name":"Dutchmicrodosing","description":"","publisher":{"@id":"https:\/\/dutchmicrodosing.com\/de\/#organization"},"potentialAction":[{"@type":"SearchAction","target":{"@type":"EntryPoint","urlTemplate":"https:\/\/dutchmicrodosing.com\/de\/?s={search_term_string}"},"query-input":{"@type":"PropertyValueSpecification","valueRequired":true,"valueName":"search_term_string"}}],"inLanguage":"de"},{"@type":"Organization","@id":"https:\/\/dutchmicrodosing.com\/de\/#organization","name":"Dutchmicrodosing","url":"https:\/\/dutchmicrodosing.com\/de\/","logo":{"@type":"ImageObject","inLanguage":"de","@id":"https:\/\/dutchmicrodosing.com\/de\/#\/schema\/logo\/image\/","url":"https:\/\/dutchmicrodosing.com\/wp-content\/uploads\/2021\/01\/microdosing-categorie-pic-nieuw.jpg","contentUrl":"https:\/\/dutchmicrodosing.com\/wp-content\/uploads\/2021\/01\/microdosing-categorie-pic-nieuw.jpg","width":500,"height":500,"caption":"Dutchmicrodosing"},"image":{"@id":"https:\/\/dutchmicrodosing.com\/de\/#\/schema\/logo\/image\/"},"sameAs":["https:\/\/www.facebook.com\/Dutchmicrodosingxp\/","https:\/\/www.instagram.com\/dutchmicrodosing\/"]}]},"product_price_amount":"8.95","product_price_currency":"EUR","og_availability":"out of stock","product_availability":"out of stock","product_retailer_item_id":"8101712","product_condition":"new"},"_links":{"self":[{"href":"https:\/\/dutchmicrodosing.com\/de\/wp-json\/wp\/v2\/product\/31999","targetHints":{"allow":["GET"]}}],"collection":[{"href":"https:\/\/dutchmicrodosing.com\/de\/wp-json\/wp\/v2\/product"}],"about":[{"href":"https:\/\/dutchmicrodosing.com\/de\/wp-json\/wp\/v2\/types\/product"}],"replies":[{"embeddable":true,"href":"https:\/\/dutchmicrodosing.com\/de\/wp-json\/wp\/v2\/comments?post=31999"}],"version-history":[{"count":0,"href":"https:\/\/dutchmicrodosing.com\/de\/wp-json\/wp\/v2\/product\/31999\/revisions"}],"wp:featuredmedia":[{"embeddable":true,"href":"https:\/\/dutchmicrodosing.com\/de\/wp-json\/wp\/v2\/media\/31617"}],"wp:attachment":[{"href":"https:\/\/dutchmicrodosing.com\/de\/wp-json\/wp\/v2\/media?parent=31999"}],"wp:term":[{"taxonomy":"product_brand","embeddable":true,"href":"https:\/\/dutchmicrodosing.com\/de\/wp-json\/wp\/v2\/product_brand?post=31999"},{"taxonomy":"product_cat","embeddable":true,"href":"https:\/\/dutchmicrodosing.com\/de\/wp-json\/wp\/v2\/product_cat?post=31999"},{"taxonomy":"product_tag","embeddable":true,"href":"https:\/\/dutchmicrodosing.com\/de\/wp-json\/wp\/v2\/product_tag?post=31999"}],"curies":[{"name":"wp","href":"https:\/\/api.w.org\/{rel}","templated":true}]}}