{"id":32000,"date":"2023-11-16T12:43:36","date_gmt":"2023-11-16T11:43:36","guid":{"rendered":"https:\/\/dutchmicrodosing.com\/shop\/unkategorisiert\/damiana-11-extrakt-turnera-diffusa\/"},"modified":"2025-09-05T19:18:03","modified_gmt":"2025-09-05T17:18:03","slug":"damiana-11-extrakt-turnera-diffusa","status":"publish","type":"product","link":"https:\/\/dutchmicrodosing.com\/de\/reformhaus\/entspannende-erganzungen\/damiana-11-extrakt-turnera-diffusa\/","title":{"rendered":"Damiana 1:1 Auszug &#8211; Turnera Diffusa"},"content":{"rendered":"<p><strong>Damiana (Turnera diffusa)<\/strong> ist ein Kraut, das schon seit \u00fcber tausend Jahren f\u00fcr seine aphrodisierende Wirkung bekannt ist. Es wird traditionell von den indigenen V\u00f6lkern Mittel- und S\u00fcdamerikas, einschlie\u00dflich der Maya, verwendet, die das Kraut gegen Gleichgewichtsst\u00f6rungen und Schwindel einsetzen. Die Mexikaner bereiteten aus Damiana ein Liebeselixier zu, indem sie die Bl\u00e4tter mit Zucker mischten, um die Bitterkeit zu mildern. Damiana wird auch zum Entspannen und Relaxen verwendet.<\/p>\n<h3>Inhaltsstoffe<\/h3>\n<p>Turnera diffusa (Damiana).<\/p>\n<h3>Verwenden Sie<\/h3>\n<p>Nehmen Sie nicht mehr als 5 bis 10 Tropfen unter die Zunge. Nahrungserg\u00e4nzungsmittel sind kein Ersatz f\u00fcr eine gesunde Ern\u00e4hrung.<\/p>\n<h3>Auswirkungen<\/h3>\n<ul>\n<li>Beruhigend<\/li>\n<li>Beruhigend<\/li>\n<li>Leicht euphorisch<\/li>\n<li>Aphrodisiakum<\/li>\n<\/ul>\n<h3>Hinweise zur Lagerung<\/h3>\n<p>Bewahren Sie dieses Produkt an einem dunklen, k\u00fchlen Ort auf, z. B. in einem K\u00fcchenschrank und au\u00dferhalb der Reichweite von Kindern.<\/p>\n<h3>Inhalt<\/h3>\n<p>Global Herbs Gro\u00dfhandel Damiana (Turnera diffusa) 1:1 Extrakt &#8211; 10 ml.<\/p>\n<h3>Achtung!<\/h3>\n<p>Nicht verwenden bei psychischen Problemen, bei Einnahme von Medikamenten oder w\u00e4hrend der Schwangerschaft.<\/p>\n","protected":false},"excerpt":{"rendered":"<p>Damiana (Turnera diffusa) ist ein Kraut, das schon seit \u00fcber tausend Jahren f\u00fcr seine aphrodisierende Wirkung bekannt ist. Es wird traditionell von den indigenen V\u00f6lkern Mittel- und S\u00fcdamerikas, einschlie\u00dflich der Maya, verwendet, die das Kraut gegen Gleichgewichtsst\u00f6rungen und Schwindel einsetzen. Die Mexikaner bereiteten aus Damiana ein Liebeselixier zu, indem sie die Bl\u00e4tter mit Zucker mischten, [&hellip;]<\/p>\n","protected":false},"featured_media":31695,"comment_status":"closed","ping_status":"closed","template":"","meta":[],"product_brand":[],"product_cat":[306],"product_tag":[],"class_list":{"0":"post-32000","1":"product","2":"type-product","3":"status-publish","4":"has-post-thumbnail","6":"product_cat-entspannende-erganzungen","8":"first","9":"instock","10":"taxable","11":"shipping-taxable","12":"purchasable","13":"product-type-simple"},"yoast_head":"<!-- This site is optimized with the Yoast SEO Premium plugin v26.4 (Yoast SEO v27.4) - https:\/\/yoast.com\/product\/yoast-seo-premium-wordpress\/ -->\n<title>Damiana 1:1 Auszug - Turnera Diffusa - Dutchmicrodosing<\/title>\n<meta name=\"description\" content=\"Damiana (Turnera diffusa) ist ein Kraut, das schon seit \u00fcber tausend Jahren f\u00fcr seine aphrodisierende Wirkung bekannt ist. Er wird traditionell h\u00e4ufig von...\" \/>\n<meta name=\"robots\" content=\"index, follow, max-snippet:-1, max-image-preview:large, max-video-preview:-1\" \/>\n<link rel=\"canonical\" href=\"https:\/\/dutchmicrodosing.com\/de\/reformhaus\/entspannende-erganzungen\/damiana-11-extrakt-turnera-diffusa\/\" \/>\n<meta property=\"og:locale\" content=\"de_DE\" \/>\n<meta property=\"og:type\" content=\"article\" \/>\n<meta property=\"og:title\" content=\"Damiana 1:1 Auszug - Turnera Diffusa\" \/>\n<meta property=\"og:description\" content=\"Damiana (Turnera diffusa) ist ein Kraut, das schon seit \u00fcber tausend Jahren f\u00fcr seine aphrodisierende Wirkung bekannt ist. Es wird traditionell von den\" \/>\n<meta property=\"og:url\" content=\"https:\/\/dutchmicrodosing.com\/de\/reformhaus\/entspannende-erganzungen\/damiana-11-extrakt-turnera-diffusa\/\" \/>\n<meta property=\"og:site_name\" content=\"Dutchmicrodosing\" \/>\n<meta property=\"article:publisher\" content=\"https:\/\/www.facebook.com\/Dutchmicrodosingxp\/\" \/>\n<meta property=\"article:modified_time\" content=\"2025-09-05T17:18:03+00:00\" \/>\n<meta property=\"og:image\" content=\"https:\/\/dutchmicrodosing.com\/wp-content\/uploads\/2023\/11\/damiana-extract-turnera.jpg\" \/>\n\t<meta property=\"og:image:width\" content=\"500\" \/>\n\t<meta property=\"og:image:height\" content=\"500\" \/>\n\t<meta property=\"og:image:type\" content=\"image\/jpeg\" \/>\n<meta name=\"twitter:card\" content=\"summary_large_image\" \/>\n<script type=\"application\/ld+json\" class=\"yoast-schema-graph\">{\"@context\":\"https:\\\/\\\/schema.org\",\"@graph\":[{\"@type\":\"WebPage\",\"@id\":\"https:\\\/\\\/dutchmicrodosing.com\\\/de\\\/reformhaus\\\/entspannende-erganzungen\\\/damiana-11-extrakt-turnera-diffusa\\\/\",\"url\":\"https:\\\/\\\/dutchmicrodosing.com\\\/de\\\/reformhaus\\\/entspannende-erganzungen\\\/damiana-11-extrakt-turnera-diffusa\\\/\",\"name\":\"Damiana 1:1 Auszug - Turnera Diffusa - Dutchmicrodosing\",\"isPartOf\":{\"@id\":\"https:\\\/\\\/dutchmicrodosing.com\\\/de\\\/#website\"},\"primaryImageOfPage\":{\"@id\":\"https:\\\/\\\/dutchmicrodosing.com\\\/de\\\/reformhaus\\\/entspannende-erganzungen\\\/damiana-11-extrakt-turnera-diffusa\\\/#primaryimage\"},\"image\":{\"@id\":\"https:\\\/\\\/dutchmicrodosing.com\\\/de\\\/reformhaus\\\/entspannende-erganzungen\\\/damiana-11-extrakt-turnera-diffusa\\\/#primaryimage\"},\"thumbnailUrl\":\"https:\\\/\\\/dutchmicrodosing.com\\\/wp-content\\\/uploads\\\/2023\\\/11\\\/damiana-extract-turnera.jpg\",\"datePublished\":\"2023-11-16T11:43:36+00:00\",\"dateModified\":\"2025-09-05T17:18:03+00:00\",\"description\":\"Damiana (Turnera diffusa) ist ein Kraut, das schon seit \u00fcber tausend Jahren f\u00fcr seine aphrodisierende Wirkung bekannt ist. Er wird traditionell h\u00e4ufig von...\",\"breadcrumb\":{\"@id\":\"https:\\\/\\\/dutchmicrodosing.com\\\/de\\\/reformhaus\\\/entspannende-erganzungen\\\/damiana-11-extrakt-turnera-diffusa\\\/#breadcrumb\"},\"inLanguage\":\"de\",\"potentialAction\":[{\"@type\":\"ReadAction\",\"target\":[\"https:\\\/\\\/dutchmicrodosing.com\\\/de\\\/reformhaus\\\/entspannende-erganzungen\\\/damiana-11-extrakt-turnera-diffusa\\\/\"]}]},{\"@type\":\"ImageObject\",\"inLanguage\":\"de\",\"@id\":\"https:\\\/\\\/dutchmicrodosing.com\\\/de\\\/reformhaus\\\/entspannende-erganzungen\\\/damiana-11-extrakt-turnera-diffusa\\\/#primaryimage\",\"url\":\"https:\\\/\\\/dutchmicrodosing.com\\\/wp-content\\\/uploads\\\/2023\\\/11\\\/damiana-extract-turnera.jpg\",\"contentUrl\":\"https:\\\/\\\/dutchmicrodosing.com\\\/wp-content\\\/uploads\\\/2023\\\/11\\\/damiana-extract-turnera.jpg\",\"width\":500,\"height\":500},{\"@type\":\"BreadcrumbList\",\"@id\":\"https:\\\/\\\/dutchmicrodosing.com\\\/de\\\/reformhaus\\\/entspannende-erganzungen\\\/damiana-11-extrakt-turnera-diffusa\\\/#breadcrumb\",\"itemListElement\":[{\"@type\":\"ListItem\",\"position\":1,\"name\":\"Home\",\"item\":\"https:\\\/\\\/dutchmicrodosing.com\\\/de\\\/\"},{\"@type\":\"ListItem\",\"position\":2,\"name\":\"Shop\",\"item\":\"https:\\\/\\\/dutchmicrodosing.com\\\/de\\\/shop\\\/\"},{\"@type\":\"ListItem\",\"position\":3,\"name\":\"Damiana 1:1 Auszug &#8211; Turnera Diffusa\"}]},{\"@type\":\"WebSite\",\"@id\":\"https:\\\/\\\/dutchmicrodosing.com\\\/de\\\/#website\",\"url\":\"https:\\\/\\\/dutchmicrodosing.com\\\/de\\\/\",\"name\":\"Dutchmicrodosing\",\"description\":\"\",\"publisher\":{\"@id\":\"https:\\\/\\\/dutchmicrodosing.com\\\/de\\\/#organization\"},\"potentialAction\":[{\"@type\":\"SearchAction\",\"target\":{\"@type\":\"EntryPoint\",\"urlTemplate\":\"https:\\\/\\\/dutchmicrodosing.com\\\/de\\\/?s={search_term_string}\"},\"query-input\":{\"@type\":\"PropertyValueSpecification\",\"valueRequired\":true,\"valueName\":\"search_term_string\"}}],\"inLanguage\":\"de\"},{\"@type\":\"Organization\",\"@id\":\"https:\\\/\\\/dutchmicrodosing.com\\\/de\\\/#organization\",\"name\":\"Dutchmicrodosing\",\"url\":\"https:\\\/\\\/dutchmicrodosing.com\\\/de\\\/\",\"logo\":{\"@type\":\"ImageObject\",\"inLanguage\":\"de\",\"@id\":\"https:\\\/\\\/dutchmicrodosing.com\\\/de\\\/#\\\/schema\\\/logo\\\/image\\\/\",\"url\":\"https:\\\/\\\/dutchmicrodosing.com\\\/wp-content\\\/uploads\\\/2021\\\/01\\\/microdosing-categorie-pic-nieuw.jpg\",\"contentUrl\":\"https:\\\/\\\/dutchmicrodosing.com\\\/wp-content\\\/uploads\\\/2021\\\/01\\\/microdosing-categorie-pic-nieuw.jpg\",\"width\":500,\"height\":500,\"caption\":\"Dutchmicrodosing\"},\"image\":{\"@id\":\"https:\\\/\\\/dutchmicrodosing.com\\\/de\\\/#\\\/schema\\\/logo\\\/image\\\/\"},\"sameAs\":[\"https:\\\/\\\/www.facebook.com\\\/Dutchmicrodosingxp\\\/\",\"https:\\\/\\\/www.instagram.com\\\/dutchmicrodosing\\\/\"]}]}<\/script>\n<meta property=\"product:price:amount\" content=\"14.95\" \/>\n<meta property=\"product:price:currency\" content=\"EUR\" \/>\n<meta property=\"og:availability\" content=\"instock\" \/>\n<meta property=\"product:availability\" content=\"instock\" \/>\n<meta property=\"product:retailer_item_id\" content=\"0207321\" \/>\n<meta property=\"product:condition\" content=\"new\" \/>\n<!-- \/ Yoast SEO Premium plugin. -->","yoast_head_json":{"title":"Damiana 1:1 Auszug - Turnera Diffusa - Dutchmicrodosing","description":"Damiana (Turnera diffusa) ist ein Kraut, das schon seit \u00fcber tausend Jahren f\u00fcr seine aphrodisierende Wirkung bekannt ist. Er wird traditionell h\u00e4ufig von...","robots":{"index":"index","follow":"follow","max-snippet":"max-snippet:-1","max-image-preview":"max-image-preview:large","max-video-preview":"max-video-preview:-1"},"canonical":"https:\/\/dutchmicrodosing.com\/de\/reformhaus\/entspannende-erganzungen\/damiana-11-extrakt-turnera-diffusa\/","og_locale":"de_DE","og_type":"article","og_title":"Damiana 1:1 Auszug - Turnera Diffusa","og_description":"Damiana (Turnera diffusa) ist ein Kraut, das schon seit \u00fcber tausend Jahren f\u00fcr seine aphrodisierende Wirkung bekannt ist. Es wird traditionell von den","og_url":"https:\/\/dutchmicrodosing.com\/de\/reformhaus\/entspannende-erganzungen\/damiana-11-extrakt-turnera-diffusa\/","og_site_name":"Dutchmicrodosing","article_publisher":"https:\/\/www.facebook.com\/Dutchmicrodosingxp\/","article_modified_time":"2025-09-05T17:18:03+00:00","og_image":[{"width":500,"height":500,"url":"https:\/\/dutchmicrodosing.com\/wp-content\/uploads\/2023\/11\/damiana-extract-turnera.jpg","type":"image\/jpeg"}],"twitter_card":"summary_large_image","schema":{"@context":"https:\/\/schema.org","@graph":[{"@type":"WebPage","@id":"https:\/\/dutchmicrodosing.com\/de\/reformhaus\/entspannende-erganzungen\/damiana-11-extrakt-turnera-diffusa\/","url":"https:\/\/dutchmicrodosing.com\/de\/reformhaus\/entspannende-erganzungen\/damiana-11-extrakt-turnera-diffusa\/","name":"Damiana 1:1 Auszug - Turnera Diffusa - Dutchmicrodosing","isPartOf":{"@id":"https:\/\/dutchmicrodosing.com\/de\/#website"},"primaryImageOfPage":{"@id":"https:\/\/dutchmicrodosing.com\/de\/reformhaus\/entspannende-erganzungen\/damiana-11-extrakt-turnera-diffusa\/#primaryimage"},"image":{"@id":"https:\/\/dutchmicrodosing.com\/de\/reformhaus\/entspannende-erganzungen\/damiana-11-extrakt-turnera-diffusa\/#primaryimage"},"thumbnailUrl":"https:\/\/dutchmicrodosing.com\/wp-content\/uploads\/2023\/11\/damiana-extract-turnera.jpg","datePublished":"2023-11-16T11:43:36+00:00","dateModified":"2025-09-05T17:18:03+00:00","description":"Damiana (Turnera diffusa) ist ein Kraut, das schon seit \u00fcber tausend Jahren f\u00fcr seine aphrodisierende Wirkung bekannt ist. Er wird traditionell h\u00e4ufig von...","breadcrumb":{"@id":"https:\/\/dutchmicrodosing.com\/de\/reformhaus\/entspannende-erganzungen\/damiana-11-extrakt-turnera-diffusa\/#breadcrumb"},"inLanguage":"de","potentialAction":[{"@type":"ReadAction","target":["https:\/\/dutchmicrodosing.com\/de\/reformhaus\/entspannende-erganzungen\/damiana-11-extrakt-turnera-diffusa\/"]}]},{"@type":"ImageObject","inLanguage":"de","@id":"https:\/\/dutchmicrodosing.com\/de\/reformhaus\/entspannende-erganzungen\/damiana-11-extrakt-turnera-diffusa\/#primaryimage","url":"https:\/\/dutchmicrodosing.com\/wp-content\/uploads\/2023\/11\/damiana-extract-turnera.jpg","contentUrl":"https:\/\/dutchmicrodosing.com\/wp-content\/uploads\/2023\/11\/damiana-extract-turnera.jpg","width":500,"height":500},{"@type":"BreadcrumbList","@id":"https:\/\/dutchmicrodosing.com\/de\/reformhaus\/entspannende-erganzungen\/damiana-11-extrakt-turnera-diffusa\/#breadcrumb","itemListElement":[{"@type":"ListItem","position":1,"name":"Home","item":"https:\/\/dutchmicrodosing.com\/de\/"},{"@type":"ListItem","position":2,"name":"Shop","item":"https:\/\/dutchmicrodosing.com\/de\/shop\/"},{"@type":"ListItem","position":3,"name":"Damiana 1:1 Auszug &#8211; Turnera Diffusa"}]},{"@type":"WebSite","@id":"https:\/\/dutchmicrodosing.com\/de\/#website","url":"https:\/\/dutchmicrodosing.com\/de\/","name":"Dutchmicrodosing","description":"","publisher":{"@id":"https:\/\/dutchmicrodosing.com\/de\/#organization"},"potentialAction":[{"@type":"SearchAction","target":{"@type":"EntryPoint","urlTemplate":"https:\/\/dutchmicrodosing.com\/de\/?s={search_term_string}"},"query-input":{"@type":"PropertyValueSpecification","valueRequired":true,"valueName":"search_term_string"}}],"inLanguage":"de"},{"@type":"Organization","@id":"https:\/\/dutchmicrodosing.com\/de\/#organization","name":"Dutchmicrodosing","url":"https:\/\/dutchmicrodosing.com\/de\/","logo":{"@type":"ImageObject","inLanguage":"de","@id":"https:\/\/dutchmicrodosing.com\/de\/#\/schema\/logo\/image\/","url":"https:\/\/dutchmicrodosing.com\/wp-content\/uploads\/2021\/01\/microdosing-categorie-pic-nieuw.jpg","contentUrl":"https:\/\/dutchmicrodosing.com\/wp-content\/uploads\/2021\/01\/microdosing-categorie-pic-nieuw.jpg","width":500,"height":500,"caption":"Dutchmicrodosing"},"image":{"@id":"https:\/\/dutchmicrodosing.com\/de\/#\/schema\/logo\/image\/"},"sameAs":["https:\/\/www.facebook.com\/Dutchmicrodosingxp\/","https:\/\/www.instagram.com\/dutchmicrodosing\/"]}]},"product_price_amount":"14.95","product_price_currency":"EUR","og_availability":"instock","product_availability":"instock","product_retailer_item_id":"0207321","product_condition":"new"},"_links":{"self":[{"href":"https:\/\/dutchmicrodosing.com\/de\/wp-json\/wp\/v2\/product\/32000","targetHints":{"allow":["GET"]}}],"collection":[{"href":"https:\/\/dutchmicrodosing.com\/de\/wp-json\/wp\/v2\/product"}],"about":[{"href":"https:\/\/dutchmicrodosing.com\/de\/wp-json\/wp\/v2\/types\/product"}],"replies":[{"embeddable":true,"href":"https:\/\/dutchmicrodosing.com\/de\/wp-json\/wp\/v2\/comments?post=32000"}],"version-history":[{"count":0,"href":"https:\/\/dutchmicrodosing.com\/de\/wp-json\/wp\/v2\/product\/32000\/revisions"}],"wp:featuredmedia":[{"embeddable":true,"href":"https:\/\/dutchmicrodosing.com\/de\/wp-json\/wp\/v2\/media\/31695"}],"wp:attachment":[{"href":"https:\/\/dutchmicrodosing.com\/de\/wp-json\/wp\/v2\/media?parent=32000"}],"wp:term":[{"taxonomy":"product_brand","embeddable":true,"href":"https:\/\/dutchmicrodosing.com\/de\/wp-json\/wp\/v2\/product_brand?post=32000"},{"taxonomy":"product_cat","embeddable":true,"href":"https:\/\/dutchmicrodosing.com\/de\/wp-json\/wp\/v2\/product_cat?post=32000"},{"taxonomy":"product_tag","embeddable":true,"href":"https:\/\/dutchmicrodosing.com\/de\/wp-json\/wp\/v2\/product_tag?post=32000"}],"curies":[{"name":"wp","href":"https:\/\/api.w.org\/{rel}","templated":true}]}}