{"id":32067,"date":"2023-11-16T22:44:23","date_gmt":"2023-11-16T21:44:23","guid":{"rendered":"https:\/\/dutchmicrodosing.com\/shop\/unkategorisiert\/cbd-choco-blaetter\/"},"modified":"2025-08-22T07:39:08","modified_gmt":"2025-08-22T05:39:08","slug":"cbd-choco-blaetter","status":"publish","type":"product","link":"https:\/\/dutchmicrodosing.com\/de\/reformhaus\/cbd-nahrungsergaenzungsmittel\/cbd-choco-blaetter\/","title":{"rendered":"CBD-Schoko-Bl\u00e4tter"},"content":{"rendered":"<p><strong>CBD Choco Leaves <\/strong>sind eine k\u00f6stliche Mischung aus leckerer Schokolade und hochwertigem CBD. Jedes blattf\u00f6rmige St\u00fcck Schokolade besteht aus weicher Kakaobutter und aromatischer Vanille, angereichert mit 10 mg CBD. Diese Menge ist genau richtig, um den Tagesbedarf an CBD auf angenehme Weise zu decken.<\/p>\n<h3>Inhaltsstoffe<\/h3>\n<ul>\n<li>Kakaomasse<\/li>\n<li>Zucker<\/li>\n<li>Kakaobutter<\/li>\n<li>Sojalecithin<\/li>\n<li>Vanille<\/li>\n<\/ul>\n<h3>Verwenden Sie<\/h3>\n<p>Nehmen Sie nicht mehr als 3 bis 4 Bl\u00e4tter pro Tag ein.<\/p>\n<h3>Hinweise zur Lagerung<\/h3>\n<p>Nicht geeignet f\u00fcr schwangere Frauen und Kinder. An einem dunklen und k\u00fchlen Ort aufbewahren.<\/p>\n<h3>Inhalt<\/h3>\n<p>CBD Choco Leaves (10 mg CBD pro Blatt) &#8211; 40 Gramm<\/p>\n","protected":false},"excerpt":{"rendered":"<p>CBD Choco Leaves sind eine k\u00f6stliche Mischung aus leckerer Schokolade und hochwertigem CBD. Jedes blattf\u00f6rmige St\u00fcck Schokolade besteht aus weicher Kakaobutter und aromatischer Vanille, angereichert mit 10 mg CBD. Diese Menge ist genau richtig, um den Tagesbedarf an CBD auf angenehme Weise zu decken. Inhaltsstoffe Kakaomasse Zucker Kakaobutter Sojalecithin Vanille Verwenden Sie Nehmen Sie nicht [&hellip;]<\/p>\n","protected":false},"featured_media":32048,"comment_status":"closed","ping_status":"closed","template":"","meta":[],"product_brand":[],"product_cat":[286],"product_tag":[],"class_list":{"0":"post-32067","1":"product","2":"type-product","3":"status-publish","4":"has-post-thumbnail","6":"product_cat-cbd-nahrungsergaenzungsmittel","8":"first","9":"instock","10":"taxable","11":"shipping-taxable","12":"purchasable","13":"product-type-simple"},"yoast_head":"<!-- This site is optimized with the Yoast SEO Premium plugin v26.4 (Yoast SEO v27.2) - https:\/\/yoast.com\/product\/yoast-seo-premium-wordpress\/ -->\n<title>CBD-Schoko-Bl\u00e4tter - Dutchmicrodosing<\/title>\n<meta name=\"description\" content=\"CBD Choco Leaves sind eine k\u00f6stliche Mischung aus leckerer Schokolade und hochwertigem CBD. Jedes blattf\u00f6rmige St\u00fcck Schokolade besteht aus weichem...\" \/>\n<meta name=\"robots\" content=\"index, follow, max-snippet:-1, max-image-preview:large, max-video-preview:-1\" \/>\n<link rel=\"canonical\" href=\"https:\/\/dutchmicrodosing.com\/de\/reformhaus\/cbd-nahrungsergaenzungsmittel\/cbd-choco-blaetter\/\" \/>\n<meta property=\"og:locale\" content=\"de_DE\" \/>\n<meta property=\"og:type\" content=\"article\" \/>\n<meta property=\"og:title\" content=\"CBD-Schoko-Bl\u00e4tter\" \/>\n<meta property=\"og:description\" content=\"CBD Choco Leaves sind eine k\u00f6stliche Mischung aus leckerer Schokolade und hochwertigem CBD. Jedes blattf\u00f6rmige St\u00fcck Schokolade besteht aus weicher\" \/>\n<meta property=\"og:url\" content=\"https:\/\/dutchmicrodosing.com\/de\/reformhaus\/cbd-nahrungsergaenzungsmittel\/cbd-choco-blaetter\/\" \/>\n<meta property=\"og:site_name\" content=\"Dutchmicrodosing\" \/>\n<meta property=\"article:publisher\" content=\"https:\/\/www.facebook.com\/Dutchmicrodosingxp\/\" \/>\n<meta property=\"article:modified_time\" content=\"2025-08-22T05:39:08+00:00\" \/>\n<meta property=\"og:image\" content=\"https:\/\/dutchmicrodosing.com\/wp-content\/uploads\/2023\/11\/3320-3588-2.jpg\" \/>\n\t<meta property=\"og:image:width\" content=\"300\" \/>\n\t<meta property=\"og:image:height\" content=\"300\" \/>\n\t<meta property=\"og:image:type\" content=\"image\/jpeg\" \/>\n<meta name=\"twitter:card\" content=\"summary_large_image\" \/>\n<script type=\"application\/ld+json\" class=\"yoast-schema-graph\">{\"@context\":\"https:\/\/schema.org\",\"@graph\":[{\"@type\":\"WebPage\",\"@id\":\"https:\/\/dutchmicrodosing.com\/de\/reformhaus\/cbd-nahrungsergaenzungsmittel\/cbd-choco-blaetter\/\",\"url\":\"https:\/\/dutchmicrodosing.com\/de\/reformhaus\/cbd-nahrungsergaenzungsmittel\/cbd-choco-blaetter\/\",\"name\":\"CBD-Schoko-Bl\u00e4tter - Dutchmicrodosing\",\"isPartOf\":{\"@id\":\"https:\/\/dutchmicrodosing.com\/de\/#website\"},\"primaryImageOfPage\":{\"@id\":\"https:\/\/dutchmicrodosing.com\/de\/reformhaus\/cbd-nahrungsergaenzungsmittel\/cbd-choco-blaetter\/#primaryimage\"},\"image\":{\"@id\":\"https:\/\/dutchmicrodosing.com\/de\/reformhaus\/cbd-nahrungsergaenzungsmittel\/cbd-choco-blaetter\/#primaryimage\"},\"thumbnailUrl\":\"https:\/\/dutchmicrodosing.com\/wp-content\/uploads\/2023\/11\/3320-3588-2.jpg\",\"datePublished\":\"2023-11-16T21:44:23+00:00\",\"dateModified\":\"2025-08-22T05:39:08+00:00\",\"description\":\"CBD Choco Leaves sind eine k\u00f6stliche Mischung aus leckerer Schokolade und hochwertigem CBD. Jedes blattf\u00f6rmige St\u00fcck Schokolade besteht aus weichem...\",\"breadcrumb\":{\"@id\":\"https:\/\/dutchmicrodosing.com\/de\/reformhaus\/cbd-nahrungsergaenzungsmittel\/cbd-choco-blaetter\/#breadcrumb\"},\"inLanguage\":\"de\",\"potentialAction\":[{\"@type\":\"ReadAction\",\"target\":[\"https:\/\/dutchmicrodosing.com\/de\/reformhaus\/cbd-nahrungsergaenzungsmittel\/cbd-choco-blaetter\/\"]}]},{\"@type\":\"ImageObject\",\"inLanguage\":\"de\",\"@id\":\"https:\/\/dutchmicrodosing.com\/de\/reformhaus\/cbd-nahrungsergaenzungsmittel\/cbd-choco-blaetter\/#primaryimage\",\"url\":\"https:\/\/dutchmicrodosing.com\/wp-content\/uploads\/2023\/11\/3320-3588-2.jpg\",\"contentUrl\":\"https:\/\/dutchmicrodosing.com\/wp-content\/uploads\/2023\/11\/3320-3588-2.jpg\",\"width\":300,\"height\":300},{\"@type\":\"BreadcrumbList\",\"@id\":\"https:\/\/dutchmicrodosing.com\/de\/reformhaus\/cbd-nahrungsergaenzungsmittel\/cbd-choco-blaetter\/#breadcrumb\",\"itemListElement\":[{\"@type\":\"ListItem\",\"position\":1,\"name\":\"Home\",\"item\":\"https:\/\/dutchmicrodosing.com\/de\/\"},{\"@type\":\"ListItem\",\"position\":2,\"name\":\"Shop\",\"item\":\"https:\/\/dutchmicrodosing.com\/de\/shop\/\"},{\"@type\":\"ListItem\",\"position\":3,\"name\":\"CBD-Schoko-Bl\u00e4tter\"}]},{\"@type\":\"WebSite\",\"@id\":\"https:\/\/dutchmicrodosing.com\/de\/#website\",\"url\":\"https:\/\/dutchmicrodosing.com\/de\/\",\"name\":\"Dutchmicrodosing\",\"description\":\"\",\"publisher\":{\"@id\":\"https:\/\/dutchmicrodosing.com\/de\/#organization\"},\"potentialAction\":[{\"@type\":\"SearchAction\",\"target\":{\"@type\":\"EntryPoint\",\"urlTemplate\":\"https:\/\/dutchmicrodosing.com\/de\/?s={search_term_string}\"},\"query-input\":{\"@type\":\"PropertyValueSpecification\",\"valueRequired\":true,\"valueName\":\"search_term_string\"}}],\"inLanguage\":\"de\"},{\"@type\":\"Organization\",\"@id\":\"https:\/\/dutchmicrodosing.com\/de\/#organization\",\"name\":\"Dutchmicrodosing\",\"url\":\"https:\/\/dutchmicrodosing.com\/de\/\",\"logo\":{\"@type\":\"ImageObject\",\"inLanguage\":\"de\",\"@id\":\"https:\/\/dutchmicrodosing.com\/de\/#\/schema\/logo\/image\/\",\"url\":\"https:\/\/dutchmicrodosing.com\/wp-content\/uploads\/2021\/01\/microdosing-categorie-pic-nieuw.jpg\",\"contentUrl\":\"https:\/\/dutchmicrodosing.com\/wp-content\/uploads\/2021\/01\/microdosing-categorie-pic-nieuw.jpg\",\"width\":500,\"height\":500,\"caption\":\"Dutchmicrodosing\"},\"image\":{\"@id\":\"https:\/\/dutchmicrodosing.com\/de\/#\/schema\/logo\/image\/\"},\"sameAs\":[\"https:\/\/www.facebook.com\/Dutchmicrodosingxp\/\",\"https:\/\/www.instagram.com\/dutchmicrodosing\/\"]}]}<\/script>\n<meta property=\"product:price:amount\" content=\"9.95\" \/>\n<meta property=\"product:price:currency\" content=\"EUR\" \/>\n<meta property=\"og:availability\" content=\"instock\" \/>\n<meta property=\"product:availability\" content=\"instock\" \/>\n<meta property=\"product:retailer_item_id\" content=\"2203364\" \/>\n<meta property=\"product:condition\" content=\"new\" \/>\n<!-- \/ Yoast SEO Premium plugin. -->","yoast_head_json":{"title":"CBD-Schoko-Bl\u00e4tter - Dutchmicrodosing","description":"CBD Choco Leaves sind eine k\u00f6stliche Mischung aus leckerer Schokolade und hochwertigem CBD. Jedes blattf\u00f6rmige St\u00fcck Schokolade besteht aus weichem...","robots":{"index":"index","follow":"follow","max-snippet":"max-snippet:-1","max-image-preview":"max-image-preview:large","max-video-preview":"max-video-preview:-1"},"canonical":"https:\/\/dutchmicrodosing.com\/de\/reformhaus\/cbd-nahrungsergaenzungsmittel\/cbd-choco-blaetter\/","og_locale":"de_DE","og_type":"article","og_title":"CBD-Schoko-Bl\u00e4tter","og_description":"CBD Choco Leaves sind eine k\u00f6stliche Mischung aus leckerer Schokolade und hochwertigem CBD. Jedes blattf\u00f6rmige St\u00fcck Schokolade besteht aus weicher","og_url":"https:\/\/dutchmicrodosing.com\/de\/reformhaus\/cbd-nahrungsergaenzungsmittel\/cbd-choco-blaetter\/","og_site_name":"Dutchmicrodosing","article_publisher":"https:\/\/www.facebook.com\/Dutchmicrodosingxp\/","article_modified_time":"2025-08-22T05:39:08+00:00","og_image":[{"width":300,"height":300,"url":"https:\/\/dutchmicrodosing.com\/wp-content\/uploads\/2023\/11\/3320-3588-2.jpg","type":"image\/jpeg"}],"twitter_card":"summary_large_image","schema":{"@context":"https:\/\/schema.org","@graph":[{"@type":"WebPage","@id":"https:\/\/dutchmicrodosing.com\/de\/reformhaus\/cbd-nahrungsergaenzungsmittel\/cbd-choco-blaetter\/","url":"https:\/\/dutchmicrodosing.com\/de\/reformhaus\/cbd-nahrungsergaenzungsmittel\/cbd-choco-blaetter\/","name":"CBD-Schoko-Bl\u00e4tter - Dutchmicrodosing","isPartOf":{"@id":"https:\/\/dutchmicrodosing.com\/de\/#website"},"primaryImageOfPage":{"@id":"https:\/\/dutchmicrodosing.com\/de\/reformhaus\/cbd-nahrungsergaenzungsmittel\/cbd-choco-blaetter\/#primaryimage"},"image":{"@id":"https:\/\/dutchmicrodosing.com\/de\/reformhaus\/cbd-nahrungsergaenzungsmittel\/cbd-choco-blaetter\/#primaryimage"},"thumbnailUrl":"https:\/\/dutchmicrodosing.com\/wp-content\/uploads\/2023\/11\/3320-3588-2.jpg","datePublished":"2023-11-16T21:44:23+00:00","dateModified":"2025-08-22T05:39:08+00:00","description":"CBD Choco Leaves sind eine k\u00f6stliche Mischung aus leckerer Schokolade und hochwertigem CBD. Jedes blattf\u00f6rmige St\u00fcck Schokolade besteht aus weichem...","breadcrumb":{"@id":"https:\/\/dutchmicrodosing.com\/de\/reformhaus\/cbd-nahrungsergaenzungsmittel\/cbd-choco-blaetter\/#breadcrumb"},"inLanguage":"de","potentialAction":[{"@type":"ReadAction","target":["https:\/\/dutchmicrodosing.com\/de\/reformhaus\/cbd-nahrungsergaenzungsmittel\/cbd-choco-blaetter\/"]}]},{"@type":"ImageObject","inLanguage":"de","@id":"https:\/\/dutchmicrodosing.com\/de\/reformhaus\/cbd-nahrungsergaenzungsmittel\/cbd-choco-blaetter\/#primaryimage","url":"https:\/\/dutchmicrodosing.com\/wp-content\/uploads\/2023\/11\/3320-3588-2.jpg","contentUrl":"https:\/\/dutchmicrodosing.com\/wp-content\/uploads\/2023\/11\/3320-3588-2.jpg","width":300,"height":300},{"@type":"BreadcrumbList","@id":"https:\/\/dutchmicrodosing.com\/de\/reformhaus\/cbd-nahrungsergaenzungsmittel\/cbd-choco-blaetter\/#breadcrumb","itemListElement":[{"@type":"ListItem","position":1,"name":"Home","item":"https:\/\/dutchmicrodosing.com\/de\/"},{"@type":"ListItem","position":2,"name":"Shop","item":"https:\/\/dutchmicrodosing.com\/de\/shop\/"},{"@type":"ListItem","position":3,"name":"CBD-Schoko-Bl\u00e4tter"}]},{"@type":"WebSite","@id":"https:\/\/dutchmicrodosing.com\/de\/#website","url":"https:\/\/dutchmicrodosing.com\/de\/","name":"Dutchmicrodosing","description":"","publisher":{"@id":"https:\/\/dutchmicrodosing.com\/de\/#organization"},"potentialAction":[{"@type":"SearchAction","target":{"@type":"EntryPoint","urlTemplate":"https:\/\/dutchmicrodosing.com\/de\/?s={search_term_string}"},"query-input":{"@type":"PropertyValueSpecification","valueRequired":true,"valueName":"search_term_string"}}],"inLanguage":"de"},{"@type":"Organization","@id":"https:\/\/dutchmicrodosing.com\/de\/#organization","name":"Dutchmicrodosing","url":"https:\/\/dutchmicrodosing.com\/de\/","logo":{"@type":"ImageObject","inLanguage":"de","@id":"https:\/\/dutchmicrodosing.com\/de\/#\/schema\/logo\/image\/","url":"https:\/\/dutchmicrodosing.com\/wp-content\/uploads\/2021\/01\/microdosing-categorie-pic-nieuw.jpg","contentUrl":"https:\/\/dutchmicrodosing.com\/wp-content\/uploads\/2021\/01\/microdosing-categorie-pic-nieuw.jpg","width":500,"height":500,"caption":"Dutchmicrodosing"},"image":{"@id":"https:\/\/dutchmicrodosing.com\/de\/#\/schema\/logo\/image\/"},"sameAs":["https:\/\/www.facebook.com\/Dutchmicrodosingxp\/","https:\/\/www.instagram.com\/dutchmicrodosing\/"]}]},"product_price_amount":"9.95","product_price_currency":"EUR","og_availability":"instock","product_availability":"instock","product_retailer_item_id":"2203364","product_condition":"new"},"_links":{"self":[{"href":"https:\/\/dutchmicrodosing.com\/de\/wp-json\/wp\/v2\/product\/32067","targetHints":{"allow":["GET"]}}],"collection":[{"href":"https:\/\/dutchmicrodosing.com\/de\/wp-json\/wp\/v2\/product"}],"about":[{"href":"https:\/\/dutchmicrodosing.com\/de\/wp-json\/wp\/v2\/types\/product"}],"replies":[{"embeddable":true,"href":"https:\/\/dutchmicrodosing.com\/de\/wp-json\/wp\/v2\/comments?post=32067"}],"version-history":[{"count":0,"href":"https:\/\/dutchmicrodosing.com\/de\/wp-json\/wp\/v2\/product\/32067\/revisions"}],"wp:featuredmedia":[{"embeddable":true,"href":"https:\/\/dutchmicrodosing.com\/de\/wp-json\/wp\/v2\/media\/32048"}],"wp:attachment":[{"href":"https:\/\/dutchmicrodosing.com\/de\/wp-json\/wp\/v2\/media?parent=32067"}],"wp:term":[{"taxonomy":"product_brand","embeddable":true,"href":"https:\/\/dutchmicrodosing.com\/de\/wp-json\/wp\/v2\/product_brand?post=32067"},{"taxonomy":"product_cat","embeddable":true,"href":"https:\/\/dutchmicrodosing.com\/de\/wp-json\/wp\/v2\/product_cat?post=32067"},{"taxonomy":"product_tag","embeddable":true,"href":"https:\/\/dutchmicrodosing.com\/de\/wp-json\/wp\/v2\/product_tag?post=32067"}],"curies":[{"name":"wp","href":"https:\/\/api.w.org\/{rel}","templated":true}]}}