{"id":33048,"date":"2023-12-08T14:21:33","date_gmt":"2023-12-08T13:21:33","guid":{"rendered":"https:\/\/dutchmicrodosing.com\/shop\/unkategorisiert\/tremella-fuciformis-120-kappen\/"},"modified":"2025-08-28T11:08:38","modified_gmt":"2025-08-28T09:08:38","slug":"tremella-fuciformis-120-kappen","status":"publish","type":"product","link":"https:\/\/dutchmicrodosing.com\/de\/medizinische-pilze\/tremella-fuciformis-120-kappen\/","title":{"rendered":"Tremella Fuciformis -120 Kapseln"},"content":{"rendered":"<p><strong>Tremella Fuciformis<\/strong>, besser bekannt als &#8222;Silberohrsumpf&#8220;, ist ein Pilz, der in der traditionellen chinesischen Medizin wegen seiner zahlreichen gesundheitlichen Vorteile gesch\u00e4tzt wird. Diese Vorteile sind vor allem auf den hohen Gehalt an Antioxidantien und Polysacchariden zur\u00fcckzuf\u00fchren, die sowohl das Immunsystem unterst\u00fctzen als auch zu einer gesunden, widerstandsf\u00e4higen Haut beitragen.<\/p>\n<p>Urspr\u00fcnglich in tropischen Regionen entdeckt, hat Tremella Fuciformis weltweit an Beliebtheit gewonnen und zu einem globalen Anbau gef\u00fchrt. Dieser Pilz wird dank seiner hervorragenden feuchtigkeitsspendenden Eigenschaften und seiner F\u00e4higkeit, die Elastizit\u00e4t der Haut zu verbessern, in verschiedenen Produkten eingesetzt, darunter Nahrungserg\u00e4nzungsmittel und Hautpflegeprodukte. Dies macht Tremella Fuciformis zu einem wertvollen Inhaltsstoff f\u00fcr alle, die einen gesunden Lebensstil und eine nat\u00fcrliche Unterst\u00fctzung des Wohlbefindens anstreben.<\/p>\n<h3>Zutaten pro vegane Kapsel:<\/h3>\n<ul>\n<li>400 mg organischer Tremella Fuciformis Extrakt aus 100% Fruchtk\u00f6rper (Pilz)<\/li>\n<li>Vitamin C: 15 mg<\/li>\n<li>Zink: 10 mg<\/li>\n<li>Hilfsstoffe: Magnesiumcitrat und Siliciumdioxid<\/li>\n<\/ul>\n<h3>Verwenden Sie<\/h3>\n<p>Nehmen Sie nicht mehr als 1 Kapsel zweimal t\u00e4glich mit Wasser w\u00e4hrend einer Mahlzeit ein.<\/p>\n<h3>Hinweise zur Lagerung<\/h3>\n<p>Bewahren Sie dieses Produkt an einem dunklen, k\u00fchlen Ort auf, z. B. in einem K\u00fcchenschrank und au\u00dferhalb der Reichweite von Kindern.<\/p>\n<h3>Inhalt<\/h3>\n<p>Tremella Fuciformis McMyco &#8211; 120 Kapseln.<\/p>\n<h3>Achtung!<\/h3>\n<p>Konsultieren Sie vor der Anwendung Ihren Arzt, wenn Sie schwanger sind, stillen oder gesundheitliche Probleme haben.<\/p>\n","protected":false},"excerpt":{"rendered":"<p>Tremella Fuciformis, besser bekannt als &#8222;Silberohrsumpf&#8220;, ist ein Pilz, der in der traditionellen chinesischen Medizin wegen seiner zahlreichen gesundheitlichen Vorteile gesch\u00e4tzt wird. Diese Vorteile sind vor allem auf den hohen Gehalt an Antioxidantien und Polysacchariden zur\u00fcckzuf\u00fchren, die sowohl das Immunsystem unterst\u00fctzen als auch zu einer gesunden, widerstandsf\u00e4higen Haut beitragen. Urspr\u00fcnglich in tropischen Regionen entdeckt, hat [&hellip;]<\/p>\n","protected":false},"featured_media":33043,"comment_status":"closed","ping_status":"closed","template":"","meta":[],"product_brand":[],"product_cat":[114,292,293],"product_tag":[],"class_list":{"0":"post-33048","1":"product","2":"type-product","3":"status-publish","4":"has-post-thumbnail","6":"product_cat-medizinische-pilze","7":"product_cat-energie-erganzungen","8":"product_cat-erganzungen-fur-das-immunsystem","10":"first","11":"outofstock","12":"taxable","13":"shipping-taxable","14":"purchasable","15":"product-type-simple"},"yoast_head":"<!-- This site is optimized with the Yoast SEO Premium plugin v26.4 (Yoast SEO v27.2) - https:\/\/yoast.com\/product\/yoast-seo-premium-wordpress\/ -->\n<title>Tremella Fuciformis -120 Kapseln - Dutchmicrodosing<\/title>\n<meta name=\"description\" content=\"Tremella Fuciformis, besser bekannt als &quot;Silberohr-Sumpf&quot;, ist ein Pilz, der in der traditionellen chinesischen Medizin wegen seiner...\" \/>\n<meta name=\"robots\" content=\"index, follow, max-snippet:-1, max-image-preview:large, max-video-preview:-1\" \/>\n<link rel=\"canonical\" href=\"https:\/\/dutchmicrodosing.com\/de\/medizinische-pilze\/tremella-fuciformis-120-kappen\/\" \/>\n<meta property=\"og:locale\" content=\"de_DE\" \/>\n<meta property=\"og:type\" content=\"article\" \/>\n<meta property=\"og:title\" content=\"Tremella Fuciformis -120 Kapseln\" \/>\n<meta property=\"og:description\" content=\"Tremella Fuciformis, besser bekannt als &quot;Silberohrsumpf&quot;, ist ein Pilz, der in der traditionellen chinesischen Medizin wegen seiner zahlreichen\" \/>\n<meta property=\"og:url\" content=\"https:\/\/dutchmicrodosing.com\/de\/medizinische-pilze\/tremella-fuciformis-120-kappen\/\" \/>\n<meta property=\"og:site_name\" content=\"Dutchmicrodosing\" \/>\n<meta property=\"article:publisher\" content=\"https:\/\/www.facebook.com\/Dutchmicrodosingxp\/\" \/>\n<meta property=\"article:modified_time\" content=\"2025-08-28T09:08:38+00:00\" \/>\n<meta property=\"og:image\" content=\"https:\/\/dutchmicrodosing.com\/wp-content\/uploads\/2023\/12\/2023_Productfoto_Tremella-caps.jpg\" \/>\n\t<meta property=\"og:image:width\" content=\"1000\" \/>\n\t<meta property=\"og:image:height\" content=\"1000\" \/>\n\t<meta property=\"og:image:type\" content=\"image\/jpeg\" \/>\n<meta name=\"twitter:card\" content=\"summary_large_image\" \/>\n<script type=\"application\/ld+json\" class=\"yoast-schema-graph\">{\"@context\":\"https:\/\/schema.org\",\"@graph\":[{\"@type\":\"WebPage\",\"@id\":\"https:\/\/dutchmicrodosing.com\/de\/medizinische-pilze\/tremella-fuciformis-120-kappen\/\",\"url\":\"https:\/\/dutchmicrodosing.com\/de\/medizinische-pilze\/tremella-fuciformis-120-kappen\/\",\"name\":\"Tremella Fuciformis -120 Kapseln - Dutchmicrodosing\",\"isPartOf\":{\"@id\":\"https:\/\/dutchmicrodosing.com\/de\/#website\"},\"primaryImageOfPage\":{\"@id\":\"https:\/\/dutchmicrodosing.com\/de\/medizinische-pilze\/tremella-fuciformis-120-kappen\/#primaryimage\"},\"image\":{\"@id\":\"https:\/\/dutchmicrodosing.com\/de\/medizinische-pilze\/tremella-fuciformis-120-kappen\/#primaryimage\"},\"thumbnailUrl\":\"https:\/\/dutchmicrodosing.com\/wp-content\/uploads\/2023\/12\/2023_Productfoto_Tremella-caps.jpg\",\"datePublished\":\"2023-12-08T13:21:33+00:00\",\"dateModified\":\"2025-08-28T09:08:38+00:00\",\"description\":\"Tremella Fuciformis, besser bekannt als \\\"Silberohr-Sumpf\\\", ist ein Pilz, der in der traditionellen chinesischen Medizin wegen seiner...\",\"breadcrumb\":{\"@id\":\"https:\/\/dutchmicrodosing.com\/de\/medizinische-pilze\/tremella-fuciformis-120-kappen\/#breadcrumb\"},\"inLanguage\":\"de\",\"potentialAction\":[{\"@type\":\"ReadAction\",\"target\":[\"https:\/\/dutchmicrodosing.com\/de\/medizinische-pilze\/tremella-fuciformis-120-kappen\/\"]}]},{\"@type\":\"ImageObject\",\"inLanguage\":\"de\",\"@id\":\"https:\/\/dutchmicrodosing.com\/de\/medizinische-pilze\/tremella-fuciformis-120-kappen\/#primaryimage\",\"url\":\"https:\/\/dutchmicrodosing.com\/wp-content\/uploads\/2023\/12\/2023_Productfoto_Tremella-caps.jpg\",\"contentUrl\":\"https:\/\/dutchmicrodosing.com\/wp-content\/uploads\/2023\/12\/2023_Productfoto_Tremella-caps.jpg\",\"width\":1000,\"height\":1000},{\"@type\":\"BreadcrumbList\",\"@id\":\"https:\/\/dutchmicrodosing.com\/de\/medizinische-pilze\/tremella-fuciformis-120-kappen\/#breadcrumb\",\"itemListElement\":[{\"@type\":\"ListItem\",\"position\":1,\"name\":\"Home\",\"item\":\"https:\/\/dutchmicrodosing.com\/de\/\"},{\"@type\":\"ListItem\",\"position\":2,\"name\":\"Shop\",\"item\":\"https:\/\/dutchmicrodosing.com\/de\/shop\/\"},{\"@type\":\"ListItem\",\"position\":3,\"name\":\"Tremella Fuciformis -120 Kapseln\"}]},{\"@type\":\"WebSite\",\"@id\":\"https:\/\/dutchmicrodosing.com\/de\/#website\",\"url\":\"https:\/\/dutchmicrodosing.com\/de\/\",\"name\":\"Dutchmicrodosing\",\"description\":\"\",\"publisher\":{\"@id\":\"https:\/\/dutchmicrodosing.com\/de\/#organization\"},\"potentialAction\":[{\"@type\":\"SearchAction\",\"target\":{\"@type\":\"EntryPoint\",\"urlTemplate\":\"https:\/\/dutchmicrodosing.com\/de\/?s={search_term_string}\"},\"query-input\":{\"@type\":\"PropertyValueSpecification\",\"valueRequired\":true,\"valueName\":\"search_term_string\"}}],\"inLanguage\":\"de\"},{\"@type\":\"Organization\",\"@id\":\"https:\/\/dutchmicrodosing.com\/de\/#organization\",\"name\":\"Dutchmicrodosing\",\"url\":\"https:\/\/dutchmicrodosing.com\/de\/\",\"logo\":{\"@type\":\"ImageObject\",\"inLanguage\":\"de\",\"@id\":\"https:\/\/dutchmicrodosing.com\/de\/#\/schema\/logo\/image\/\",\"url\":\"https:\/\/dutchmicrodosing.com\/wp-content\/uploads\/2021\/01\/microdosing-categorie-pic-nieuw.jpg\",\"contentUrl\":\"https:\/\/dutchmicrodosing.com\/wp-content\/uploads\/2021\/01\/microdosing-categorie-pic-nieuw.jpg\",\"width\":500,\"height\":500,\"caption\":\"Dutchmicrodosing\"},\"image\":{\"@id\":\"https:\/\/dutchmicrodosing.com\/de\/#\/schema\/logo\/image\/\"},\"sameAs\":[\"https:\/\/www.facebook.com\/Dutchmicrodosingxp\/\",\"https:\/\/www.instagram.com\/dutchmicrodosing\/\"]}]}<\/script>\n<meta property=\"product:price:amount\" content=\"34.95\" \/>\n<meta property=\"product:price:currency\" content=\"EUR\" \/>\n<meta property=\"og:availability\" content=\"out of stock\" \/>\n<meta property=\"product:availability\" content=\"out of stock\" \/>\n<meta property=\"product:retailer_item_id\" content=\"3212292\" \/>\n<meta property=\"product:condition\" content=\"new\" \/>\n<!-- \/ Yoast SEO Premium plugin. -->","yoast_head_json":{"title":"Tremella Fuciformis -120 Kapseln - Dutchmicrodosing","description":"Tremella Fuciformis, besser bekannt als \"Silberohr-Sumpf\", ist ein Pilz, der in der traditionellen chinesischen Medizin wegen seiner...","robots":{"index":"index","follow":"follow","max-snippet":"max-snippet:-1","max-image-preview":"max-image-preview:large","max-video-preview":"max-video-preview:-1"},"canonical":"https:\/\/dutchmicrodosing.com\/de\/medizinische-pilze\/tremella-fuciformis-120-kappen\/","og_locale":"de_DE","og_type":"article","og_title":"Tremella Fuciformis -120 Kapseln","og_description":"Tremella Fuciformis, besser bekannt als \"Silberohrsumpf\", ist ein Pilz, der in der traditionellen chinesischen Medizin wegen seiner zahlreichen","og_url":"https:\/\/dutchmicrodosing.com\/de\/medizinische-pilze\/tremella-fuciformis-120-kappen\/","og_site_name":"Dutchmicrodosing","article_publisher":"https:\/\/www.facebook.com\/Dutchmicrodosingxp\/","article_modified_time":"2025-08-28T09:08:38+00:00","og_image":[{"width":1000,"height":1000,"url":"https:\/\/dutchmicrodosing.com\/wp-content\/uploads\/2023\/12\/2023_Productfoto_Tremella-caps.jpg","type":"image\/jpeg"}],"twitter_card":"summary_large_image","schema":{"@context":"https:\/\/schema.org","@graph":[{"@type":"WebPage","@id":"https:\/\/dutchmicrodosing.com\/de\/medizinische-pilze\/tremella-fuciformis-120-kappen\/","url":"https:\/\/dutchmicrodosing.com\/de\/medizinische-pilze\/tremella-fuciformis-120-kappen\/","name":"Tremella Fuciformis -120 Kapseln - Dutchmicrodosing","isPartOf":{"@id":"https:\/\/dutchmicrodosing.com\/de\/#website"},"primaryImageOfPage":{"@id":"https:\/\/dutchmicrodosing.com\/de\/medizinische-pilze\/tremella-fuciformis-120-kappen\/#primaryimage"},"image":{"@id":"https:\/\/dutchmicrodosing.com\/de\/medizinische-pilze\/tremella-fuciformis-120-kappen\/#primaryimage"},"thumbnailUrl":"https:\/\/dutchmicrodosing.com\/wp-content\/uploads\/2023\/12\/2023_Productfoto_Tremella-caps.jpg","datePublished":"2023-12-08T13:21:33+00:00","dateModified":"2025-08-28T09:08:38+00:00","description":"Tremella Fuciformis, besser bekannt als \"Silberohr-Sumpf\", ist ein Pilz, der in der traditionellen chinesischen Medizin wegen seiner...","breadcrumb":{"@id":"https:\/\/dutchmicrodosing.com\/de\/medizinische-pilze\/tremella-fuciformis-120-kappen\/#breadcrumb"},"inLanguage":"de","potentialAction":[{"@type":"ReadAction","target":["https:\/\/dutchmicrodosing.com\/de\/medizinische-pilze\/tremella-fuciformis-120-kappen\/"]}]},{"@type":"ImageObject","inLanguage":"de","@id":"https:\/\/dutchmicrodosing.com\/de\/medizinische-pilze\/tremella-fuciformis-120-kappen\/#primaryimage","url":"https:\/\/dutchmicrodosing.com\/wp-content\/uploads\/2023\/12\/2023_Productfoto_Tremella-caps.jpg","contentUrl":"https:\/\/dutchmicrodosing.com\/wp-content\/uploads\/2023\/12\/2023_Productfoto_Tremella-caps.jpg","width":1000,"height":1000},{"@type":"BreadcrumbList","@id":"https:\/\/dutchmicrodosing.com\/de\/medizinische-pilze\/tremella-fuciformis-120-kappen\/#breadcrumb","itemListElement":[{"@type":"ListItem","position":1,"name":"Home","item":"https:\/\/dutchmicrodosing.com\/de\/"},{"@type":"ListItem","position":2,"name":"Shop","item":"https:\/\/dutchmicrodosing.com\/de\/shop\/"},{"@type":"ListItem","position":3,"name":"Tremella Fuciformis -120 Kapseln"}]},{"@type":"WebSite","@id":"https:\/\/dutchmicrodosing.com\/de\/#website","url":"https:\/\/dutchmicrodosing.com\/de\/","name":"Dutchmicrodosing","description":"","publisher":{"@id":"https:\/\/dutchmicrodosing.com\/de\/#organization"},"potentialAction":[{"@type":"SearchAction","target":{"@type":"EntryPoint","urlTemplate":"https:\/\/dutchmicrodosing.com\/de\/?s={search_term_string}"},"query-input":{"@type":"PropertyValueSpecification","valueRequired":true,"valueName":"search_term_string"}}],"inLanguage":"de"},{"@type":"Organization","@id":"https:\/\/dutchmicrodosing.com\/de\/#organization","name":"Dutchmicrodosing","url":"https:\/\/dutchmicrodosing.com\/de\/","logo":{"@type":"ImageObject","inLanguage":"de","@id":"https:\/\/dutchmicrodosing.com\/de\/#\/schema\/logo\/image\/","url":"https:\/\/dutchmicrodosing.com\/wp-content\/uploads\/2021\/01\/microdosing-categorie-pic-nieuw.jpg","contentUrl":"https:\/\/dutchmicrodosing.com\/wp-content\/uploads\/2021\/01\/microdosing-categorie-pic-nieuw.jpg","width":500,"height":500,"caption":"Dutchmicrodosing"},"image":{"@id":"https:\/\/dutchmicrodosing.com\/de\/#\/schema\/logo\/image\/"},"sameAs":["https:\/\/www.facebook.com\/Dutchmicrodosingxp\/","https:\/\/www.instagram.com\/dutchmicrodosing\/"]}]},"product_price_amount":"34.95","product_price_currency":"EUR","og_availability":"out of stock","product_availability":"out of stock","product_retailer_item_id":"3212292","product_condition":"new"},"_links":{"self":[{"href":"https:\/\/dutchmicrodosing.com\/de\/wp-json\/wp\/v2\/product\/33048","targetHints":{"allow":["GET"]}}],"collection":[{"href":"https:\/\/dutchmicrodosing.com\/de\/wp-json\/wp\/v2\/product"}],"about":[{"href":"https:\/\/dutchmicrodosing.com\/de\/wp-json\/wp\/v2\/types\/product"}],"replies":[{"embeddable":true,"href":"https:\/\/dutchmicrodosing.com\/de\/wp-json\/wp\/v2\/comments?post=33048"}],"version-history":[{"count":0,"href":"https:\/\/dutchmicrodosing.com\/de\/wp-json\/wp\/v2\/product\/33048\/revisions"}],"wp:featuredmedia":[{"embeddable":true,"href":"https:\/\/dutchmicrodosing.com\/de\/wp-json\/wp\/v2\/media\/33043"}],"wp:attachment":[{"href":"https:\/\/dutchmicrodosing.com\/de\/wp-json\/wp\/v2\/media?parent=33048"}],"wp:term":[{"taxonomy":"product_brand","embeddable":true,"href":"https:\/\/dutchmicrodosing.com\/de\/wp-json\/wp\/v2\/product_brand?post=33048"},{"taxonomy":"product_cat","embeddable":true,"href":"https:\/\/dutchmicrodosing.com\/de\/wp-json\/wp\/v2\/product_cat?post=33048"},{"taxonomy":"product_tag","embeddable":true,"href":"https:\/\/dutchmicrodosing.com\/de\/wp-json\/wp\/v2\/product_tag?post=33048"}],"curies":[{"name":"wp","href":"https:\/\/api.w.org\/{rel}","templated":true}]}}