{"id":33253,"date":"2023-12-13T11:34:18","date_gmt":"2023-12-13T10:34:18","guid":{"rendered":"https:\/\/dutchmicrodosing.com\/shop\/unkategorisiert\/zuckerpilze-25-gr\/"},"modified":"2026-02-03T16:42:38","modified_gmt":"2026-02-03T15:42:38","slug":"zuckerpilze-25-gr","status":"publish","type":"product","link":"https:\/\/dutchmicrodosing.com\/de\/psilocybin-truffel\/magische-truffel\/zuckerpilze-25-gr\/","title":{"rendered":"Zuckerpilze 25 Gr"},"content":{"rendered":"<p>Willkommen bei <strong>SugaShrooms<\/strong> &#8222;Psilocybe Amanitea&#8220;, einer geheimnisvollen und verf\u00fchrerischen Welt, in der jeder magische Tr\u00fcffel ein Tor zu einem noch nie dagewesenen Abenteuer \u00f6ffnet. Treten Sie ein in eine Landschaft, in der leuchtende Farben vor Ihren Augen tanzen und jede Schattierung und jeder Farbton seine eigene Geschichte erz\u00e4hlt. In der Welt der SugaShrooms &#8222;Psilocybe Amanitea&#8220; werden Ihre Sinne geweckt und gesch\u00e4rft, so dass Sie eine Realit\u00e4t erleben, die reicher und intensiver ist als alles, was Sie bisher gekannt haben.<\/p>\n<h2>Was macht Sugashrooms Truffles so magisch?<\/h2>\n<p>SugaShrooms Tr\u00fcffel sind magische Tr\u00fcffel durch den Wirkstoff Psilocybin. Dies verursacht die visuellen Halluzinationen und Visionen, die man nach dem Verzehr der magischen Tr\u00fcffel hat. Psilocybin erfreut sich deshalb gro\u00dfer Beliebtheit und macht die Zuckertr\u00fcffel zu einer der beliebtesten magischen Tr\u00fcffel in den Niederlanden.<\/p>\n<h2>Wie verwenden Sie SugaShrooms Truffles?<\/h2>\n<p>Der Verzehr von Zuckertr\u00fcffeln sollte vorzugsweise in Etappen erfolgen. Vor allem, wenn man es zum ersten Mal benutzt. Nehmen Sie daher zun\u00e4chst eine halbe Dosis der Tr\u00fcffel, um Ihre Reaktion zu testen. Sie werden feststellen, dass der Wirkstoff Psilocin nach etwa 45 Minuten seine Wirkung entfaltet. An diesem Punkt entscheiden Sie dann auch, ob Sie mehr Tr\u00fcffel essen wollen oder ob dies f\u00fcr eine starke visuelle Reise ausreicht. Verwenden Sie die Tr\u00fcffel in einer ruhigen und vertrauten Umgebung. Wir empfehlen, immer einen Tripsitter in der N\u00e4he zu haben. Tr\u00fcffel wirken am besten auf n\u00fcchternen Magen. Um eine optimale Wirkung zu erzielen, sollten Sie die Zuckertr\u00fcffel vor dem Verzehr gut und lange kauen. Sie k\u00f6nnen auch Tee daraus machen. Legen Sie dazu die gehackten Tr\u00fcffel 20 Minuten lang in hei\u00dfes Wasser (65 Grad) und lassen Sie es ziehen.<\/p>\n<h2>Aufbewahrungshinweise SugaShrooms Truffles<\/h2>\n<p>Wenn Sie die Sugashrooms Tr\u00fcffel k\u00fchl und trocken lagern, k\u00f6nnen Sie sie oft noch mindestens einen Monat lang aufbewahren. Die ideale Temperatur liegt zwischen 2 und 4 Grad Celcius. Achten Sie auf das auf der Verpackung angegebene Verfallsdatum, um zu sehen, wie lange sie haltbar sind. Bewahren Sie dieses Produkt au\u00dferhalb der Reichweite von Kindern auf.<\/p>\n<h2>Inhalt SugaShrooms<\/h2>\n<p>McSmart SugaShrooms &#8211; 25 Gramm<\/p>\n<h2>Kaufen Sie Ihre Tr\u00fcffel online bei Dutchmicrodosing<\/h2>\n<p>Diese magischen Tr\u00fcffel sind bei uns online erh\u00e4ltlich. Wenn Sie es bestellen, erhalten Sie es ordentlich und schnell zu Ihnen nach Hause geliefert. Sie k\u00f6nnen Zuckerpilze bei uns in Schachteln mit 25 Gramm magischen Tr\u00fcffeln kaufen. Alle von uns gelieferten Tr\u00fcffel sind frisch und werden vakuumverpackt geliefert.<\/p>\n<h3>Warnung vor dem Produkt<\/h3>\n<ul>\n<li>Verwenden Sie Pilztr\u00fcffel nicht, wenn Sie schlecht gelaunt, depressiv, psychotisch oder anderweitig geistig beeintr\u00e4chtigt sind. Magische Tr\u00fcffel sind nicht f\u00fcr Minderj\u00e4hrige oder schwangere Frauen geeignet, und es ist auch nicht ratsam, unter dem Einfluss von Psilocybin Auto zu fahren oder schwere Maschinen zu bedienen.<\/li>\n<li>Pilztr\u00fcffel sollten niemals in Verbindung mit Alkohol oder anderen (verschriebenen oder illegalen) Drogen eingenommen werden. Beginnen Sie mit einer kleinen Dosis und stellen Sie sicher, dass Sie sich in Ihrer Gesellschaft und Umgebung wohl f\u00fchlen.<\/li>\n<li>Alle unsere Magic Mushroom Tr\u00fcffel sind frisch verpackt. Man sollte sie im K\u00fchlschrank aufbewahren. Unge\u00f6ffnet kann man sie etwa 2 Monate im K\u00fchlschrank aufbewahren. Nach dem \u00d6ffnen sind die Tr\u00fcffel jedoch nur wenige Tage haltbar.<\/li>\n<\/ul>\n<h2>Magic Truffles enthalten die folgenden N\u00e4hrwerte pro 100 Gramm:<\/h2>\n<ul>\n<li>Energie 464,7 kJ<\/li>\n<li>Energie 110,5 kcal<\/li>\n<li>Kohlenhydrate 13,2 Gramm<\/li>\n<li>Eiwei\u00df 5,3 Gramm<\/li>\n<li>Fett 0,4 Gramm<\/li>\n<li>Ballaststoffe 16,7 Gramm<\/li>\n<li>Salz (NaCl) 0,3 Gramm<\/li>\n<li>Vitamin D 10,0 IU<\/li>\n<li>Natrium (Na) 13,6 mg<\/li>\n<li>Phosphor (P) 169,3 mg<\/li>\n<li>Kalium (K) 210,0 mg<\/li>\n<li>Kalzium (Ca) 12,5 mg<\/li>\n<li>Eisen (F) 0,7 mg<\/li>\n<\/ul>\n","protected":false},"excerpt":{"rendered":"<p>Willkommen bei SugaShrooms &#8222;Psilocybe Amanitea&#8220;, einer geheimnisvollen und verf\u00fchrerischen Welt, in der jeder magische Tr\u00fcffel ein Tor zu einem noch nie dagewesenen Abenteuer \u00f6ffnet. Treten Sie ein in eine Landschaft, in der leuchtende Farben vor Ihren Augen tanzen und jede Schattierung und jeder Farbton seine eigene Geschichte erz\u00e4hlt. In der Welt der SugaShrooms &#8222;Psilocybe Amanitea&#8220; [&hellip;]<\/p>\n","protected":false},"featured_media":33248,"comment_status":"closed","ping_status":"closed","template":"","meta":[],"product_brand":[],"product_cat":[202],"product_tag":[],"class_list":{"0":"post-33253","1":"product","2":"type-product","3":"status-publish","4":"has-post-thumbnail","6":"product_cat-magische-truffel","8":"first","9":"instock","10":"taxable","11":"shipping-taxable","12":"purchasable","13":"product-type-simple"},"yoast_head":"<!-- This site is optimized with the Yoast SEO Premium plugin v26.4 (Yoast SEO v27.2) - https:\/\/yoast.com\/product\/yoast-seo-premium-wordpress\/ -->\n<title>Zuckerpilze 25 Gr - Dutchmicrodosing<\/title>\n<meta name=\"description\" content=\"Willkommen bei SugaShrooms &quot;Psilocybe Amanitea&quot;, einer geheimnisvollen und verf\u00fchrerischen Welt, in der jeder magische Tr\u00fcffel eine T\u00fcr zu einem noch nie dagewesenen Abenteuer \u00f6ffnet....\" \/>\n<meta name=\"robots\" content=\"index, follow, max-snippet:-1, max-image-preview:large, max-video-preview:-1\" \/>\n<link rel=\"canonical\" href=\"https:\/\/dutchmicrodosing.com\/de\/psilocybin-truffel\/magische-truffel\/zuckerpilze-25-gr\/\" \/>\n<meta property=\"og:locale\" content=\"de_DE\" \/>\n<meta property=\"og:type\" content=\"article\" \/>\n<meta property=\"og:title\" content=\"Zuckerpilze 25 Gr\" \/>\n<meta property=\"og:description\" content=\"Willkommen bei SugaShrooms &quot;Psilocybe Amanitea&quot;, einer geheimnisvollen und verf\u00fchrerischen Welt, in der jeder magische Tr\u00fcffel ein Tor zu einem noch nie\" \/>\n<meta property=\"og:url\" content=\"https:\/\/dutchmicrodosing.com\/de\/psilocybin-truffel\/magische-truffel\/zuckerpilze-25-gr\/\" \/>\n<meta property=\"og:site_name\" content=\"Dutchmicrodosing\" \/>\n<meta property=\"article:publisher\" content=\"https:\/\/www.facebook.com\/Dutchmicrodosingxp\/\" \/>\n<meta property=\"article:modified_time\" content=\"2026-02-03T15:42:38+00:00\" \/>\n<meta property=\"og:image\" content=\"https:\/\/dutchmicrodosing.com\/wp-content\/uploads\/2023\/12\/Sugashrooms_01.jpg\" \/>\n\t<meta property=\"og:image:width\" content=\"1000\" \/>\n\t<meta property=\"og:image:height\" content=\"1000\" \/>\n\t<meta property=\"og:image:type\" content=\"image\/jpeg\" \/>\n<meta name=\"twitter:card\" content=\"summary_large_image\" \/>\n<script type=\"application\/ld+json\" class=\"yoast-schema-graph\">{\"@context\":\"https:\/\/schema.org\",\"@graph\":[{\"@type\":\"WebPage\",\"@id\":\"https:\/\/dutchmicrodosing.com\/de\/psilocybin-truffel\/magische-truffel\/zuckerpilze-25-gr\/\",\"url\":\"https:\/\/dutchmicrodosing.com\/de\/psilocybin-truffel\/magische-truffel\/zuckerpilze-25-gr\/\",\"name\":\"Zuckerpilze 25 Gr - Dutchmicrodosing\",\"isPartOf\":{\"@id\":\"https:\/\/dutchmicrodosing.com\/de\/#website\"},\"primaryImageOfPage\":{\"@id\":\"https:\/\/dutchmicrodosing.com\/de\/psilocybin-truffel\/magische-truffel\/zuckerpilze-25-gr\/#primaryimage\"},\"image\":{\"@id\":\"https:\/\/dutchmicrodosing.com\/de\/psilocybin-truffel\/magische-truffel\/zuckerpilze-25-gr\/#primaryimage\"},\"thumbnailUrl\":\"https:\/\/dutchmicrodosing.com\/wp-content\/uploads\/2023\/12\/Sugashrooms_01.jpg\",\"datePublished\":\"2023-12-13T10:34:18+00:00\",\"dateModified\":\"2026-02-03T15:42:38+00:00\",\"description\":\"Willkommen bei SugaShrooms \\\"Psilocybe Amanitea\\\", einer geheimnisvollen und verf\u00fchrerischen Welt, in der jeder magische Tr\u00fcffel eine T\u00fcr zu einem noch nie dagewesenen Abenteuer \u00f6ffnet....\",\"breadcrumb\":{\"@id\":\"https:\/\/dutchmicrodosing.com\/de\/psilocybin-truffel\/magische-truffel\/zuckerpilze-25-gr\/#breadcrumb\"},\"inLanguage\":\"de\",\"potentialAction\":[{\"@type\":\"ReadAction\",\"target\":[\"https:\/\/dutchmicrodosing.com\/de\/psilocybin-truffel\/magische-truffel\/zuckerpilze-25-gr\/\"]}]},{\"@type\":\"ImageObject\",\"inLanguage\":\"de\",\"@id\":\"https:\/\/dutchmicrodosing.com\/de\/psilocybin-truffel\/magische-truffel\/zuckerpilze-25-gr\/#primaryimage\",\"url\":\"https:\/\/dutchmicrodosing.com\/wp-content\/uploads\/2023\/12\/Sugashrooms_01.jpg\",\"contentUrl\":\"https:\/\/dutchmicrodosing.com\/wp-content\/uploads\/2023\/12\/Sugashrooms_01.jpg\",\"width\":1000,\"height\":1000},{\"@type\":\"BreadcrumbList\",\"@id\":\"https:\/\/dutchmicrodosing.com\/de\/psilocybin-truffel\/magische-truffel\/zuckerpilze-25-gr\/#breadcrumb\",\"itemListElement\":[{\"@type\":\"ListItem\",\"position\":1,\"name\":\"Home\",\"item\":\"https:\/\/dutchmicrodosing.com\/de\/\"},{\"@type\":\"ListItem\",\"position\":2,\"name\":\"Shop\",\"item\":\"https:\/\/dutchmicrodosing.com\/de\/shop\/\"},{\"@type\":\"ListItem\",\"position\":3,\"name\":\"Zuckerpilze 25 Gr\"}]},{\"@type\":\"WebSite\",\"@id\":\"https:\/\/dutchmicrodosing.com\/de\/#website\",\"url\":\"https:\/\/dutchmicrodosing.com\/de\/\",\"name\":\"Dutchmicrodosing\",\"description\":\"\",\"publisher\":{\"@id\":\"https:\/\/dutchmicrodosing.com\/de\/#organization\"},\"potentialAction\":[{\"@type\":\"SearchAction\",\"target\":{\"@type\":\"EntryPoint\",\"urlTemplate\":\"https:\/\/dutchmicrodosing.com\/de\/?s={search_term_string}\"},\"query-input\":{\"@type\":\"PropertyValueSpecification\",\"valueRequired\":true,\"valueName\":\"search_term_string\"}}],\"inLanguage\":\"de\"},{\"@type\":\"Organization\",\"@id\":\"https:\/\/dutchmicrodosing.com\/de\/#organization\",\"name\":\"Dutchmicrodosing\",\"url\":\"https:\/\/dutchmicrodosing.com\/de\/\",\"logo\":{\"@type\":\"ImageObject\",\"inLanguage\":\"de\",\"@id\":\"https:\/\/dutchmicrodosing.com\/de\/#\/schema\/logo\/image\/\",\"url\":\"https:\/\/dutchmicrodosing.com\/wp-content\/uploads\/2021\/01\/microdosing-categorie-pic-nieuw.jpg\",\"contentUrl\":\"https:\/\/dutchmicrodosing.com\/wp-content\/uploads\/2021\/01\/microdosing-categorie-pic-nieuw.jpg\",\"width\":500,\"height\":500,\"caption\":\"Dutchmicrodosing\"},\"image\":{\"@id\":\"https:\/\/dutchmicrodosing.com\/de\/#\/schema\/logo\/image\/\"},\"sameAs\":[\"https:\/\/www.facebook.com\/Dutchmicrodosingxp\/\",\"https:\/\/www.instagram.com\/dutchmicrodosing\/\"]}]}<\/script>\n<meta property=\"product:price:amount\" content=\"19.95\" \/>\n<meta property=\"product:price:currency\" content=\"EUR\" \/>\n<meta property=\"og:availability\" content=\"instock\" \/>\n<meta property=\"product:availability\" content=\"instock\" \/>\n<meta property=\"product:retailer_item_id\" content=\"3212466\" \/>\n<meta property=\"product:condition\" content=\"new\" \/>\n<!-- \/ Yoast SEO Premium plugin. -->","yoast_head_json":{"title":"Zuckerpilze 25 Gr - Dutchmicrodosing","description":"Willkommen bei SugaShrooms \"Psilocybe Amanitea\", einer geheimnisvollen und verf\u00fchrerischen Welt, in der jeder magische Tr\u00fcffel eine T\u00fcr zu einem noch nie dagewesenen Abenteuer \u00f6ffnet....","robots":{"index":"index","follow":"follow","max-snippet":"max-snippet:-1","max-image-preview":"max-image-preview:large","max-video-preview":"max-video-preview:-1"},"canonical":"https:\/\/dutchmicrodosing.com\/de\/psilocybin-truffel\/magische-truffel\/zuckerpilze-25-gr\/","og_locale":"de_DE","og_type":"article","og_title":"Zuckerpilze 25 Gr","og_description":"Willkommen bei SugaShrooms \"Psilocybe Amanitea\", einer geheimnisvollen und verf\u00fchrerischen Welt, in der jeder magische Tr\u00fcffel ein Tor zu einem noch nie","og_url":"https:\/\/dutchmicrodosing.com\/de\/psilocybin-truffel\/magische-truffel\/zuckerpilze-25-gr\/","og_site_name":"Dutchmicrodosing","article_publisher":"https:\/\/www.facebook.com\/Dutchmicrodosingxp\/","article_modified_time":"2026-02-03T15:42:38+00:00","og_image":[{"width":1000,"height":1000,"url":"https:\/\/dutchmicrodosing.com\/wp-content\/uploads\/2023\/12\/Sugashrooms_01.jpg","type":"image\/jpeg"}],"twitter_card":"summary_large_image","schema":{"@context":"https:\/\/schema.org","@graph":[{"@type":"WebPage","@id":"https:\/\/dutchmicrodosing.com\/de\/psilocybin-truffel\/magische-truffel\/zuckerpilze-25-gr\/","url":"https:\/\/dutchmicrodosing.com\/de\/psilocybin-truffel\/magische-truffel\/zuckerpilze-25-gr\/","name":"Zuckerpilze 25 Gr - Dutchmicrodosing","isPartOf":{"@id":"https:\/\/dutchmicrodosing.com\/de\/#website"},"primaryImageOfPage":{"@id":"https:\/\/dutchmicrodosing.com\/de\/psilocybin-truffel\/magische-truffel\/zuckerpilze-25-gr\/#primaryimage"},"image":{"@id":"https:\/\/dutchmicrodosing.com\/de\/psilocybin-truffel\/magische-truffel\/zuckerpilze-25-gr\/#primaryimage"},"thumbnailUrl":"https:\/\/dutchmicrodosing.com\/wp-content\/uploads\/2023\/12\/Sugashrooms_01.jpg","datePublished":"2023-12-13T10:34:18+00:00","dateModified":"2026-02-03T15:42:38+00:00","description":"Willkommen bei SugaShrooms \"Psilocybe Amanitea\", einer geheimnisvollen und verf\u00fchrerischen Welt, in der jeder magische Tr\u00fcffel eine T\u00fcr zu einem noch nie dagewesenen Abenteuer \u00f6ffnet....","breadcrumb":{"@id":"https:\/\/dutchmicrodosing.com\/de\/psilocybin-truffel\/magische-truffel\/zuckerpilze-25-gr\/#breadcrumb"},"inLanguage":"de","potentialAction":[{"@type":"ReadAction","target":["https:\/\/dutchmicrodosing.com\/de\/psilocybin-truffel\/magische-truffel\/zuckerpilze-25-gr\/"]}]},{"@type":"ImageObject","inLanguage":"de","@id":"https:\/\/dutchmicrodosing.com\/de\/psilocybin-truffel\/magische-truffel\/zuckerpilze-25-gr\/#primaryimage","url":"https:\/\/dutchmicrodosing.com\/wp-content\/uploads\/2023\/12\/Sugashrooms_01.jpg","contentUrl":"https:\/\/dutchmicrodosing.com\/wp-content\/uploads\/2023\/12\/Sugashrooms_01.jpg","width":1000,"height":1000},{"@type":"BreadcrumbList","@id":"https:\/\/dutchmicrodosing.com\/de\/psilocybin-truffel\/magische-truffel\/zuckerpilze-25-gr\/#breadcrumb","itemListElement":[{"@type":"ListItem","position":1,"name":"Home","item":"https:\/\/dutchmicrodosing.com\/de\/"},{"@type":"ListItem","position":2,"name":"Shop","item":"https:\/\/dutchmicrodosing.com\/de\/shop\/"},{"@type":"ListItem","position":3,"name":"Zuckerpilze 25 Gr"}]},{"@type":"WebSite","@id":"https:\/\/dutchmicrodosing.com\/de\/#website","url":"https:\/\/dutchmicrodosing.com\/de\/","name":"Dutchmicrodosing","description":"","publisher":{"@id":"https:\/\/dutchmicrodosing.com\/de\/#organization"},"potentialAction":[{"@type":"SearchAction","target":{"@type":"EntryPoint","urlTemplate":"https:\/\/dutchmicrodosing.com\/de\/?s={search_term_string}"},"query-input":{"@type":"PropertyValueSpecification","valueRequired":true,"valueName":"search_term_string"}}],"inLanguage":"de"},{"@type":"Organization","@id":"https:\/\/dutchmicrodosing.com\/de\/#organization","name":"Dutchmicrodosing","url":"https:\/\/dutchmicrodosing.com\/de\/","logo":{"@type":"ImageObject","inLanguage":"de","@id":"https:\/\/dutchmicrodosing.com\/de\/#\/schema\/logo\/image\/","url":"https:\/\/dutchmicrodosing.com\/wp-content\/uploads\/2021\/01\/microdosing-categorie-pic-nieuw.jpg","contentUrl":"https:\/\/dutchmicrodosing.com\/wp-content\/uploads\/2021\/01\/microdosing-categorie-pic-nieuw.jpg","width":500,"height":500,"caption":"Dutchmicrodosing"},"image":{"@id":"https:\/\/dutchmicrodosing.com\/de\/#\/schema\/logo\/image\/"},"sameAs":["https:\/\/www.facebook.com\/Dutchmicrodosingxp\/","https:\/\/www.instagram.com\/dutchmicrodosing\/"]}]},"product_price_amount":"19.95","product_price_currency":"EUR","og_availability":"instock","product_availability":"instock","product_retailer_item_id":"3212466","product_condition":"new"},"_links":{"self":[{"href":"https:\/\/dutchmicrodosing.com\/de\/wp-json\/wp\/v2\/product\/33253","targetHints":{"allow":["GET"]}}],"collection":[{"href":"https:\/\/dutchmicrodosing.com\/de\/wp-json\/wp\/v2\/product"}],"about":[{"href":"https:\/\/dutchmicrodosing.com\/de\/wp-json\/wp\/v2\/types\/product"}],"replies":[{"embeddable":true,"href":"https:\/\/dutchmicrodosing.com\/de\/wp-json\/wp\/v2\/comments?post=33253"}],"version-history":[{"count":1,"href":"https:\/\/dutchmicrodosing.com\/de\/wp-json\/wp\/v2\/product\/33253\/revisions"}],"predecessor-version":[{"id":64301,"href":"https:\/\/dutchmicrodosing.com\/de\/wp-json\/wp\/v2\/product\/33253\/revisions\/64301"}],"wp:featuredmedia":[{"embeddable":true,"href":"https:\/\/dutchmicrodosing.com\/de\/wp-json\/wp\/v2\/media\/33248"}],"wp:attachment":[{"href":"https:\/\/dutchmicrodosing.com\/de\/wp-json\/wp\/v2\/media?parent=33253"}],"wp:term":[{"taxonomy":"product_brand","embeddable":true,"href":"https:\/\/dutchmicrodosing.com\/de\/wp-json\/wp\/v2\/product_brand?post=33253"},{"taxonomy":"product_cat","embeddable":true,"href":"https:\/\/dutchmicrodosing.com\/de\/wp-json\/wp\/v2\/product_cat?post=33253"},{"taxonomy":"product_tag","embeddable":true,"href":"https:\/\/dutchmicrodosing.com\/de\/wp-json\/wp\/v2\/product_tag?post=33253"}],"curies":[{"name":"wp","href":"https:\/\/api.w.org\/{rel}","templated":true}]}}