{"id":33374,"date":"2023-12-15T21:39:52","date_gmt":"2023-12-15T20:39:52","guid":{"rendered":"https:\/\/dutchmicrodosing.com\/shop\/unkategorisiert\/reishi-gummibaerchen-gemischt\/"},"modified":"2025-08-19T16:28:42","modified_gmt":"2025-08-19T14:28:42","slug":"reishi-gummibaerchen-gemischt","status":"publish","type":"product","link":"https:\/\/dutchmicrodosing.com\/de\/reformhaus\/essbare-pilze\/reishi-gummibaerchen-gemischt\/","title":{"rendered":"Reishi Gummies &#8211; Gemischt"},"content":{"rendered":"<p>Das Konzept der <strong>Reishi-Pilz-Gummis<\/strong> von Dr. Candy stellt eine wunderbare Verschmelzung von traditioneller Medizin und modernen Geschmacksvorlieben dar. Durch die Aufnahme von 250 mg Reishi-Extrakt in jedes Gummib\u00e4rchen wird die Schwelle gesenkt, die gesundheitlichen Vorteile des Reishi, der f\u00fcr seine kognitiv f\u00f6rdernden Eigenschaften bekannt ist, zu entdecken und zu erleben.<\/p>\n<p>Die verschiedenen Geschmacksrichtungen wie Blaubeere, Kiwi-Erdbeere, Cola und Orange in einer gemischten Packung machen diese Gummib\u00e4rchen nicht nur zu einer gesunden Wahl, sondern bieten auch ein ansprechendes und angenehmes Erlebnis. Dies kann dazu beitragen, das Interesse an nat\u00fcrlichen Nahrungserg\u00e4nzungsmitteln zu steigern, vor allem bei denjenigen, die mit Reishi-Pilzen nicht vertraut sind oder die sich nicht trauen, herk\u00f6mmliche Formen der Nahrungserg\u00e4nzung auszuprobieren.<\/p>\n<p>Diese Innovation veranschaulicht, wie traditionelle Gesundheitsprodukte neu erfunden werden k\u00f6nnen, um dem modernen Geschmack und Lebensstil zu entsprechen und Gesundheit und Wohlbefinden auf eine zug\u00e4ngliche und angenehme Weise zu f\u00f6rdern. Es ist eine kreative Strategie, die die Vorteile des Reishi einem breiteren Publikum zug\u00e4nglich macht, was zu einem besseren allgemeinen Wohlbefinden beitragen kann.<\/p>\n<h3>Inhaltsstoffe<\/h3>\n<ul>\n<li>Glukose<\/li>\n<li>Jedes Gummib\u00e4rchen enth\u00e4lt 250 mg Reishi-Extrakt<\/li>\n<li>Zucker<\/li>\n<li>Nat\u00fcrliche Aromen (Erdbeere, Kiwi, Cola, Orange, Heidelbeere)<\/li>\n<li>F\u00e4rben<\/li>\n<li>Gelatine (Rindfleisch)<\/li>\n<li>Zitronens\u00e4ure<\/li>\n<\/ul>\n<h3>Verwenden Sie<\/h3>\n<p>Nehmen Sie nicht mehr als 8 Pilzgummis pro Tag ein.<\/p>\n<h3>Hinweise zur Lagerung<\/h3>\n<p>Bewahren Sie dieses Produkt an einem k\u00fchlen und dunklen Ort, z. B. in einem K\u00fcchenschrank, und au\u00dferhalb der Reichweite von Kindern auf.<\/p>\n<h3>Inhalt<\/h3>\n<p>Reishi-Pilz Gummib\u00e4rchen &#8211; 40 Gramm.<\/p>\n","protected":false},"excerpt":{"rendered":"<p>Das Konzept der Reishi-Pilz-Gummis von Dr. Candy stellt eine wunderbare Verschmelzung von traditioneller Medizin und modernen Geschmacksvorlieben dar. Durch die Aufnahme von 250 mg Reishi-Extrakt in jedes Gummib\u00e4rchen wird die Schwelle gesenkt, die gesundheitlichen Vorteile des Reishi, der f\u00fcr seine kognitiv f\u00f6rdernden Eigenschaften bekannt ist, zu entdecken und zu erleben. Die verschiedenen Geschmacksrichtungen wie Blaubeere, [&hellip;]<\/p>\n","protected":false},"featured_media":33360,"comment_status":"closed","ping_status":"closed","template":"","meta":[],"product_brand":[],"product_cat":[327],"product_tag":[],"class_list":{"0":"post-33374","1":"product","2":"type-product","3":"status-publish","4":"has-post-thumbnail","6":"product_cat-essbare-pilze","8":"first","9":"instock","10":"sale","11":"taxable","12":"shipping-taxable","13":"purchasable","14":"product-type-simple"},"yoast_head":"<!-- This site is optimized with the Yoast SEO Premium plugin v26.4 (Yoast SEO v27.2) - https:\/\/yoast.com\/product\/yoast-seo-premium-wordpress\/ -->\n<title>Reishi Gummies - Gemischt - Dutchmicrodosing<\/title>\n<meta name=\"robots\" content=\"index, follow, max-snippet:-1, max-image-preview:large, max-video-preview:-1\" \/>\n<link rel=\"canonical\" href=\"https:\/\/dutchmicrodosing.com\/de\/reformhaus\/essbare-pilze\/reishi-gummibaerchen-gemischt\/\" \/>\n<meta property=\"og:locale\" content=\"de_DE\" \/>\n<meta property=\"og:type\" content=\"article\" \/>\n<meta property=\"og:title\" content=\"Reishi Gummies - Gemischt\" \/>\n<meta property=\"og:description\" content=\"Das Konzept der Reishi-Pilz-Gummis von Dr. Candy stellt eine wunderbare Verschmelzung von traditioneller Medizin und modernen Geschmacksvorlieben dar.\" \/>\n<meta property=\"og:url\" content=\"https:\/\/dutchmicrodosing.com\/de\/reformhaus\/essbare-pilze\/reishi-gummibaerchen-gemischt\/\" \/>\n<meta property=\"og:site_name\" content=\"Dutchmicrodosing\" \/>\n<meta property=\"article:publisher\" content=\"https:\/\/www.facebook.com\/Dutchmicrodosingxp\/\" \/>\n<meta property=\"article:modified_time\" content=\"2025-08-19T14:28:42+00:00\" \/>\n<meta property=\"og:image\" content=\"https:\/\/dutchmicrodosing.com\/wp-content\/uploads\/2023\/12\/Mushroom_Reisi_voorkant.jpg\" \/>\n\t<meta property=\"og:image:width\" content=\"1000\" \/>\n\t<meta property=\"og:image:height\" content=\"1000\" \/>\n\t<meta property=\"og:image:type\" content=\"image\/jpeg\" \/>\n<meta name=\"twitter:card\" content=\"summary_large_image\" \/>\n<script type=\"application\/ld+json\" class=\"yoast-schema-graph\">{\"@context\":\"https:\/\/schema.org\",\"@graph\":[{\"@type\":\"WebPage\",\"@id\":\"https:\/\/dutchmicrodosing.com\/de\/reformhaus\/essbare-pilze\/reishi-gummibaerchen-gemischt\/\",\"url\":\"https:\/\/dutchmicrodosing.com\/de\/reformhaus\/essbare-pilze\/reishi-gummibaerchen-gemischt\/\",\"name\":\"Reishi Gummies - Gemischt - Dutchmicrodosing\",\"isPartOf\":{\"@id\":\"https:\/\/dutchmicrodosing.com\/de\/#website\"},\"primaryImageOfPage\":{\"@id\":\"https:\/\/dutchmicrodosing.com\/de\/reformhaus\/essbare-pilze\/reishi-gummibaerchen-gemischt\/#primaryimage\"},\"image\":{\"@id\":\"https:\/\/dutchmicrodosing.com\/de\/reformhaus\/essbare-pilze\/reishi-gummibaerchen-gemischt\/#primaryimage\"},\"thumbnailUrl\":\"https:\/\/dutchmicrodosing.com\/wp-content\/uploads\/2023\/12\/Mushroom_Reisi_voorkant.jpg\",\"datePublished\":\"2023-12-15T20:39:52+00:00\",\"dateModified\":\"2025-08-19T14:28:42+00:00\",\"breadcrumb\":{\"@id\":\"https:\/\/dutchmicrodosing.com\/de\/reformhaus\/essbare-pilze\/reishi-gummibaerchen-gemischt\/#breadcrumb\"},\"inLanguage\":\"de\",\"potentialAction\":[{\"@type\":\"ReadAction\",\"target\":[\"https:\/\/dutchmicrodosing.com\/de\/reformhaus\/essbare-pilze\/reishi-gummibaerchen-gemischt\/\"]}]},{\"@type\":\"ImageObject\",\"inLanguage\":\"de\",\"@id\":\"https:\/\/dutchmicrodosing.com\/de\/reformhaus\/essbare-pilze\/reishi-gummibaerchen-gemischt\/#primaryimage\",\"url\":\"https:\/\/dutchmicrodosing.com\/wp-content\/uploads\/2023\/12\/Mushroom_Reisi_voorkant.jpg\",\"contentUrl\":\"https:\/\/dutchmicrodosing.com\/wp-content\/uploads\/2023\/12\/Mushroom_Reisi_voorkant.jpg\",\"width\":1000,\"height\":1000},{\"@type\":\"BreadcrumbList\",\"@id\":\"https:\/\/dutchmicrodosing.com\/de\/reformhaus\/essbare-pilze\/reishi-gummibaerchen-gemischt\/#breadcrumb\",\"itemListElement\":[{\"@type\":\"ListItem\",\"position\":1,\"name\":\"Home\",\"item\":\"https:\/\/dutchmicrodosing.com\/de\/\"},{\"@type\":\"ListItem\",\"position\":2,\"name\":\"Shop\",\"item\":\"https:\/\/dutchmicrodosing.com\/de\/shop\/\"},{\"@type\":\"ListItem\",\"position\":3,\"name\":\"Reishi Gummies &#8211; Gemischt\"}]},{\"@type\":\"WebSite\",\"@id\":\"https:\/\/dutchmicrodosing.com\/de\/#website\",\"url\":\"https:\/\/dutchmicrodosing.com\/de\/\",\"name\":\"Dutchmicrodosing\",\"description\":\"\",\"publisher\":{\"@id\":\"https:\/\/dutchmicrodosing.com\/de\/#organization\"},\"potentialAction\":[{\"@type\":\"SearchAction\",\"target\":{\"@type\":\"EntryPoint\",\"urlTemplate\":\"https:\/\/dutchmicrodosing.com\/de\/?s={search_term_string}\"},\"query-input\":{\"@type\":\"PropertyValueSpecification\",\"valueRequired\":true,\"valueName\":\"search_term_string\"}}],\"inLanguage\":\"de\"},{\"@type\":\"Organization\",\"@id\":\"https:\/\/dutchmicrodosing.com\/de\/#organization\",\"name\":\"Dutchmicrodosing\",\"url\":\"https:\/\/dutchmicrodosing.com\/de\/\",\"logo\":{\"@type\":\"ImageObject\",\"inLanguage\":\"de\",\"@id\":\"https:\/\/dutchmicrodosing.com\/de\/#\/schema\/logo\/image\/\",\"url\":\"https:\/\/dutchmicrodosing.com\/wp-content\/uploads\/2021\/01\/microdosing-categorie-pic-nieuw.jpg\",\"contentUrl\":\"https:\/\/dutchmicrodosing.com\/wp-content\/uploads\/2021\/01\/microdosing-categorie-pic-nieuw.jpg\",\"width\":500,\"height\":500,\"caption\":\"Dutchmicrodosing\"},\"image\":{\"@id\":\"https:\/\/dutchmicrodosing.com\/de\/#\/schema\/logo\/image\/\"},\"sameAs\":[\"https:\/\/www.facebook.com\/Dutchmicrodosingxp\/\",\"https:\/\/www.instagram.com\/dutchmicrodosing\/\"]}]}<\/script>\n<meta property=\"product:price:amount\" content=\"7.96\" \/>\n<meta property=\"product:price:currency\" content=\"EUR\" \/>\n<meta property=\"og:availability\" content=\"instock\" \/>\n<meta property=\"product:availability\" content=\"instock\" \/>\n<meta property=\"product:retailer_item_id\" content=\"3212108\" \/>\n<meta property=\"product:condition\" content=\"new\" \/>\n<!-- \/ Yoast SEO Premium plugin. -->","yoast_head_json":{"title":"Reishi Gummies - Gemischt - Dutchmicrodosing","robots":{"index":"index","follow":"follow","max-snippet":"max-snippet:-1","max-image-preview":"max-image-preview:large","max-video-preview":"max-video-preview:-1"},"canonical":"https:\/\/dutchmicrodosing.com\/de\/reformhaus\/essbare-pilze\/reishi-gummibaerchen-gemischt\/","og_locale":"de_DE","og_type":"article","og_title":"Reishi Gummies - Gemischt","og_description":"Das Konzept der Reishi-Pilz-Gummis von Dr. Candy stellt eine wunderbare Verschmelzung von traditioneller Medizin und modernen Geschmacksvorlieben dar.","og_url":"https:\/\/dutchmicrodosing.com\/de\/reformhaus\/essbare-pilze\/reishi-gummibaerchen-gemischt\/","og_site_name":"Dutchmicrodosing","article_publisher":"https:\/\/www.facebook.com\/Dutchmicrodosingxp\/","article_modified_time":"2025-08-19T14:28:42+00:00","og_image":[{"width":1000,"height":1000,"url":"https:\/\/dutchmicrodosing.com\/wp-content\/uploads\/2023\/12\/Mushroom_Reisi_voorkant.jpg","type":"image\/jpeg"}],"twitter_card":"summary_large_image","schema":{"@context":"https:\/\/schema.org","@graph":[{"@type":"WebPage","@id":"https:\/\/dutchmicrodosing.com\/de\/reformhaus\/essbare-pilze\/reishi-gummibaerchen-gemischt\/","url":"https:\/\/dutchmicrodosing.com\/de\/reformhaus\/essbare-pilze\/reishi-gummibaerchen-gemischt\/","name":"Reishi Gummies - Gemischt - Dutchmicrodosing","isPartOf":{"@id":"https:\/\/dutchmicrodosing.com\/de\/#website"},"primaryImageOfPage":{"@id":"https:\/\/dutchmicrodosing.com\/de\/reformhaus\/essbare-pilze\/reishi-gummibaerchen-gemischt\/#primaryimage"},"image":{"@id":"https:\/\/dutchmicrodosing.com\/de\/reformhaus\/essbare-pilze\/reishi-gummibaerchen-gemischt\/#primaryimage"},"thumbnailUrl":"https:\/\/dutchmicrodosing.com\/wp-content\/uploads\/2023\/12\/Mushroom_Reisi_voorkant.jpg","datePublished":"2023-12-15T20:39:52+00:00","dateModified":"2025-08-19T14:28:42+00:00","breadcrumb":{"@id":"https:\/\/dutchmicrodosing.com\/de\/reformhaus\/essbare-pilze\/reishi-gummibaerchen-gemischt\/#breadcrumb"},"inLanguage":"de","potentialAction":[{"@type":"ReadAction","target":["https:\/\/dutchmicrodosing.com\/de\/reformhaus\/essbare-pilze\/reishi-gummibaerchen-gemischt\/"]}]},{"@type":"ImageObject","inLanguage":"de","@id":"https:\/\/dutchmicrodosing.com\/de\/reformhaus\/essbare-pilze\/reishi-gummibaerchen-gemischt\/#primaryimage","url":"https:\/\/dutchmicrodosing.com\/wp-content\/uploads\/2023\/12\/Mushroom_Reisi_voorkant.jpg","contentUrl":"https:\/\/dutchmicrodosing.com\/wp-content\/uploads\/2023\/12\/Mushroom_Reisi_voorkant.jpg","width":1000,"height":1000},{"@type":"BreadcrumbList","@id":"https:\/\/dutchmicrodosing.com\/de\/reformhaus\/essbare-pilze\/reishi-gummibaerchen-gemischt\/#breadcrumb","itemListElement":[{"@type":"ListItem","position":1,"name":"Home","item":"https:\/\/dutchmicrodosing.com\/de\/"},{"@type":"ListItem","position":2,"name":"Shop","item":"https:\/\/dutchmicrodosing.com\/de\/shop\/"},{"@type":"ListItem","position":3,"name":"Reishi Gummies &#8211; Gemischt"}]},{"@type":"WebSite","@id":"https:\/\/dutchmicrodosing.com\/de\/#website","url":"https:\/\/dutchmicrodosing.com\/de\/","name":"Dutchmicrodosing","description":"","publisher":{"@id":"https:\/\/dutchmicrodosing.com\/de\/#organization"},"potentialAction":[{"@type":"SearchAction","target":{"@type":"EntryPoint","urlTemplate":"https:\/\/dutchmicrodosing.com\/de\/?s={search_term_string}"},"query-input":{"@type":"PropertyValueSpecification","valueRequired":true,"valueName":"search_term_string"}}],"inLanguage":"de"},{"@type":"Organization","@id":"https:\/\/dutchmicrodosing.com\/de\/#organization","name":"Dutchmicrodosing","url":"https:\/\/dutchmicrodosing.com\/de\/","logo":{"@type":"ImageObject","inLanguage":"de","@id":"https:\/\/dutchmicrodosing.com\/de\/#\/schema\/logo\/image\/","url":"https:\/\/dutchmicrodosing.com\/wp-content\/uploads\/2021\/01\/microdosing-categorie-pic-nieuw.jpg","contentUrl":"https:\/\/dutchmicrodosing.com\/wp-content\/uploads\/2021\/01\/microdosing-categorie-pic-nieuw.jpg","width":500,"height":500,"caption":"Dutchmicrodosing"},"image":{"@id":"https:\/\/dutchmicrodosing.com\/de\/#\/schema\/logo\/image\/"},"sameAs":["https:\/\/www.facebook.com\/Dutchmicrodosingxp\/","https:\/\/www.instagram.com\/dutchmicrodosing\/"]}]},"product_price_amount":"7.96","product_price_currency":"EUR","og_availability":"instock","product_availability":"instock","product_retailer_item_id":"3212108","product_condition":"new"},"_links":{"self":[{"href":"https:\/\/dutchmicrodosing.com\/de\/wp-json\/wp\/v2\/product\/33374","targetHints":{"allow":["GET"]}}],"collection":[{"href":"https:\/\/dutchmicrodosing.com\/de\/wp-json\/wp\/v2\/product"}],"about":[{"href":"https:\/\/dutchmicrodosing.com\/de\/wp-json\/wp\/v2\/types\/product"}],"replies":[{"embeddable":true,"href":"https:\/\/dutchmicrodosing.com\/de\/wp-json\/wp\/v2\/comments?post=33374"}],"version-history":[{"count":0,"href":"https:\/\/dutchmicrodosing.com\/de\/wp-json\/wp\/v2\/product\/33374\/revisions"}],"wp:featuredmedia":[{"embeddable":true,"href":"https:\/\/dutchmicrodosing.com\/de\/wp-json\/wp\/v2\/media\/33360"}],"wp:attachment":[{"href":"https:\/\/dutchmicrodosing.com\/de\/wp-json\/wp\/v2\/media?parent=33374"}],"wp:term":[{"taxonomy":"product_brand","embeddable":true,"href":"https:\/\/dutchmicrodosing.com\/de\/wp-json\/wp\/v2\/product_brand?post=33374"},{"taxonomy":"product_cat","embeddable":true,"href":"https:\/\/dutchmicrodosing.com\/de\/wp-json\/wp\/v2\/product_cat?post=33374"},{"taxonomy":"product_tag","embeddable":true,"href":"https:\/\/dutchmicrodosing.com\/de\/wp-json\/wp\/v2\/product_tag?post=33374"}],"curies":[{"name":"wp","href":"https:\/\/api.w.org\/{rel}","templated":true}]}}