{"id":33740,"date":"2024-01-03T17:58:30","date_gmt":"2024-01-03T16:58:30","guid":{"rendered":"https:\/\/dutchmicrodosing.com\/shop\/unkategorisiert\/cbd-olie-aardbei-10-10ml-1000mg\/"},"modified":"2025-08-18T22:23:49","modified_gmt":"2025-08-18T20:23:49","slug":"cbd-olie-aardbei-10-10ml-1000mg","status":"publish","type":"product","link":"https:\/\/dutchmicrodosing.com\/de\/reformhaus\/cbd-nahrungsergaenzungsmittel\/cbd-olie-aardbei-10-10ml-1000mg\/","title":{"rendered":"CBD \u00d6l Erdbeere 10% &#8211; 10ML (1000MG)"},"content":{"rendered":"<p>Wir freuen uns, Ihnen das <strong>CBD-\u00d6l &#8218;Strawberry&#8216; 10% von Dr. Candy<\/strong> vorstellen zu k\u00f6nnen, ein Produkt von au\u00dfergew\u00f6hnlicher Qualit\u00e4t, das mit gr\u00f6\u00dfter Sorgfalt aus den besten Zutaten hergestellt wurde. Dieses \u00d6l enth\u00e4lt einen Destillatextrakt, der reich an einer Vielzahl kleiner Cannabinoide ist. F\u00fcr einen angenehmen Geschmack ist das \u00d6l mit MCT-\u00d6l und nat\u00fcrlichen Erdbeerterpenen angereichert. MCT-\u00d6l ist f\u00fcr seine vielseitigen Vorteile bekannt, darunter die F\u00f6rderung der Gewichtsabnahme, die sofortige Bereitstellung von Energie und die Unterst\u00fctzung der Gehirnfunktion.<\/p>\n<h3>Inhaltsstoffe<\/h3>\n<p>10% CBD, MCT-\u00d6l und nat\u00fcrliche Erdbeer-Terpene.<\/p>\n<h3>Verwenden Sie<\/h3>\n<ul>\n<li>2 Tropfen unter die Zunge geben<\/li>\n<li>Maximal 10 Tropfen<\/li>\n<li>Vor Gebrauch gut sch\u00fctteln<\/li>\n<li>Die empfohlene Tagesdosis darf nicht \u00fcberschritten werden.<\/li>\n<\/ul>\n<h3><strong>Hinweise zur Lagerung<\/strong><\/h3>\n<p>K\u00fchl, dunkel und trocken und au\u00dferhalb der Reichweite von Kindern aufbewahren.<\/p>\n<h3><strong>Inhalt<\/strong><\/h3>\n<p>Dr Candy CBD-\u00d6l Erdbeere 10% &#8211; 10ML<\/p>\n","protected":false},"excerpt":{"rendered":"<p>Wir freuen uns, Ihnen das CBD-\u00d6l &#8218;Strawberry&#8216; 10% von Dr. Candy vorstellen zu k\u00f6nnen, ein Produkt von au\u00dfergew\u00f6hnlicher Qualit\u00e4t, das mit gr\u00f6\u00dfter Sorgfalt aus den besten Zutaten hergestellt wurde. Dieses \u00d6l enth\u00e4lt einen Destillatextrakt, der reich an einer Vielzahl kleiner Cannabinoide ist. F\u00fcr einen angenehmen Geschmack ist das \u00d6l mit MCT-\u00d6l und nat\u00fcrlichen Erdbeerterpenen angereichert. [&hellip;]<\/p>\n","protected":false},"featured_media":33734,"comment_status":"closed","ping_status":"closed","template":"","meta":[],"product_brand":[],"product_cat":[286],"product_tag":[],"class_list":{"0":"post-33740","1":"product","2":"type-product","3":"status-publish","4":"has-post-thumbnail","6":"product_cat-cbd-nahrungsergaenzungsmittel","8":"first","9":"instock","10":"taxable","11":"shipping-taxable","12":"purchasable","13":"product-type-simple"},"yoast_head":"<!-- This site is optimized with the Yoast SEO Premium plugin v26.4 (Yoast SEO v27.4) - https:\/\/yoast.com\/product\/yoast-seo-premium-wordpress\/ -->\n<title>CBD \u00d6l Erdbeere 10% - 10ML (1000MG) - Dutchmicrodosing<\/title>\n<meta name=\"description\" content=\"Wir freuen uns, Ihnen das CBD-\u00d6l &#039;Strawberry&#039; 10% von Dr. Candy vorstellen zu k\u00f6nnen, ein Produkt von au\u00dfergew\u00f6hnlicher Qualit\u00e4t. Klicken Sie hier f\u00fcr weitere Informationen!\" \/>\n<meta name=\"robots\" content=\"index, follow, max-snippet:-1, max-image-preview:large, max-video-preview:-1\" \/>\n<link rel=\"canonical\" href=\"https:\/\/dutchmicrodosing.com\/de\/reformhaus\/cbd-nahrungsergaenzungsmittel\/cbd-olie-aardbei-10-10ml-1000mg\/\" \/>\n<meta property=\"og:locale\" content=\"de_DE\" \/>\n<meta property=\"og:type\" content=\"article\" \/>\n<meta property=\"og:title\" content=\"CBD \u00d6l Erdbeere 10% - 10ML (1000MG)\" \/>\n<meta property=\"og:description\" content=\"Wir freuen uns, Ihnen das CBD-\u00d6l &#039;Strawberry&#039; 10% von Dr. Candy vorstellen zu k\u00f6nnen, ein Produkt von au\u00dfergew\u00f6hnlicher Qualit\u00e4t, das mit gr\u00f6\u00dfter Sorgfalt\" \/>\n<meta property=\"og:url\" content=\"https:\/\/dutchmicrodosing.com\/de\/reformhaus\/cbd-nahrungsergaenzungsmittel\/cbd-olie-aardbei-10-10ml-1000mg\/\" \/>\n<meta property=\"og:site_name\" content=\"Dutchmicrodosing\" \/>\n<meta property=\"article:publisher\" content=\"https:\/\/www.facebook.com\/Dutchmicrodosingxp\/\" \/>\n<meta property=\"article:modified_time\" content=\"2025-08-18T20:23:49+00:00\" \/>\n<meta property=\"og:image\" content=\"https:\/\/dutchmicrodosing.com\/wp-content\/uploads\/2024\/01\/Voorkant_strawberry-002-1.png\" \/>\n\t<meta property=\"og:image:width\" content=\"1000\" \/>\n\t<meta property=\"og:image:height\" content=\"1000\" \/>\n\t<meta property=\"og:image:type\" content=\"image\/png\" \/>\n<meta name=\"twitter:card\" content=\"summary_large_image\" \/>\n<script type=\"application\/ld+json\" class=\"yoast-schema-graph\">{\"@context\":\"https:\\\/\\\/schema.org\",\"@graph\":[{\"@type\":\"WebPage\",\"@id\":\"https:\\\/\\\/dutchmicrodosing.com\\\/de\\\/reformhaus\\\/cbd-nahrungsergaenzungsmittel\\\/cbd-olie-aardbei-10-10ml-1000mg\\\/\",\"url\":\"https:\\\/\\\/dutchmicrodosing.com\\\/de\\\/reformhaus\\\/cbd-nahrungsergaenzungsmittel\\\/cbd-olie-aardbei-10-10ml-1000mg\\\/\",\"name\":\"CBD \u00d6l Erdbeere 10% - 10ML (1000MG) - Dutchmicrodosing\",\"isPartOf\":{\"@id\":\"https:\\\/\\\/dutchmicrodosing.com\\\/de\\\/#website\"},\"primaryImageOfPage\":{\"@id\":\"https:\\\/\\\/dutchmicrodosing.com\\\/de\\\/reformhaus\\\/cbd-nahrungsergaenzungsmittel\\\/cbd-olie-aardbei-10-10ml-1000mg\\\/#primaryimage\"},\"image\":{\"@id\":\"https:\\\/\\\/dutchmicrodosing.com\\\/de\\\/reformhaus\\\/cbd-nahrungsergaenzungsmittel\\\/cbd-olie-aardbei-10-10ml-1000mg\\\/#primaryimage\"},\"thumbnailUrl\":\"https:\\\/\\\/dutchmicrodosing.com\\\/wp-content\\\/uploads\\\/2024\\\/01\\\/Voorkant_strawberry-002-1.png\",\"datePublished\":\"2024-01-03T16:58:30+00:00\",\"dateModified\":\"2025-08-18T20:23:49+00:00\",\"description\":\"Wir freuen uns, Ihnen das CBD-\u00d6l 'Strawberry' 10% von Dr. Candy vorstellen zu k\u00f6nnen, ein Produkt von au\u00dfergew\u00f6hnlicher Qualit\u00e4t. Klicken Sie hier f\u00fcr weitere Informationen!\",\"breadcrumb\":{\"@id\":\"https:\\\/\\\/dutchmicrodosing.com\\\/de\\\/reformhaus\\\/cbd-nahrungsergaenzungsmittel\\\/cbd-olie-aardbei-10-10ml-1000mg\\\/#breadcrumb\"},\"inLanguage\":\"de\",\"potentialAction\":[{\"@type\":\"ReadAction\",\"target\":[\"https:\\\/\\\/dutchmicrodosing.com\\\/de\\\/reformhaus\\\/cbd-nahrungsergaenzungsmittel\\\/cbd-olie-aardbei-10-10ml-1000mg\\\/\"]}]},{\"@type\":\"ImageObject\",\"inLanguage\":\"de\",\"@id\":\"https:\\\/\\\/dutchmicrodosing.com\\\/de\\\/reformhaus\\\/cbd-nahrungsergaenzungsmittel\\\/cbd-olie-aardbei-10-10ml-1000mg\\\/#primaryimage\",\"url\":\"https:\\\/\\\/dutchmicrodosing.com\\\/wp-content\\\/uploads\\\/2024\\\/01\\\/Voorkant_strawberry-002-1.png\",\"contentUrl\":\"https:\\\/\\\/dutchmicrodosing.com\\\/wp-content\\\/uploads\\\/2024\\\/01\\\/Voorkant_strawberry-002-1.png\",\"width\":1000,\"height\":1000},{\"@type\":\"BreadcrumbList\",\"@id\":\"https:\\\/\\\/dutchmicrodosing.com\\\/de\\\/reformhaus\\\/cbd-nahrungsergaenzungsmittel\\\/cbd-olie-aardbei-10-10ml-1000mg\\\/#breadcrumb\",\"itemListElement\":[{\"@type\":\"ListItem\",\"position\":1,\"name\":\"Home\",\"item\":\"https:\\\/\\\/dutchmicrodosing.com\\\/de\\\/\"},{\"@type\":\"ListItem\",\"position\":2,\"name\":\"Shop\",\"item\":\"https:\\\/\\\/dutchmicrodosing.com\\\/de\\\/shop\\\/\"},{\"@type\":\"ListItem\",\"position\":3,\"name\":\"CBD \u00d6l Erdbeere 10% &#8211; 10ML (1000MG)\"}]},{\"@type\":\"WebSite\",\"@id\":\"https:\\\/\\\/dutchmicrodosing.com\\\/de\\\/#website\",\"url\":\"https:\\\/\\\/dutchmicrodosing.com\\\/de\\\/\",\"name\":\"Dutchmicrodosing\",\"description\":\"\",\"publisher\":{\"@id\":\"https:\\\/\\\/dutchmicrodosing.com\\\/de\\\/#organization\"},\"potentialAction\":[{\"@type\":\"SearchAction\",\"target\":{\"@type\":\"EntryPoint\",\"urlTemplate\":\"https:\\\/\\\/dutchmicrodosing.com\\\/de\\\/?s={search_term_string}\"},\"query-input\":{\"@type\":\"PropertyValueSpecification\",\"valueRequired\":true,\"valueName\":\"search_term_string\"}}],\"inLanguage\":\"de\"},{\"@type\":\"Organization\",\"@id\":\"https:\\\/\\\/dutchmicrodosing.com\\\/de\\\/#organization\",\"name\":\"Dutchmicrodosing\",\"url\":\"https:\\\/\\\/dutchmicrodosing.com\\\/de\\\/\",\"logo\":{\"@type\":\"ImageObject\",\"inLanguage\":\"de\",\"@id\":\"https:\\\/\\\/dutchmicrodosing.com\\\/de\\\/#\\\/schema\\\/logo\\\/image\\\/\",\"url\":\"https:\\\/\\\/dutchmicrodosing.com\\\/wp-content\\\/uploads\\\/2021\\\/01\\\/microdosing-categorie-pic-nieuw.jpg\",\"contentUrl\":\"https:\\\/\\\/dutchmicrodosing.com\\\/wp-content\\\/uploads\\\/2021\\\/01\\\/microdosing-categorie-pic-nieuw.jpg\",\"width\":500,\"height\":500,\"caption\":\"Dutchmicrodosing\"},\"image\":{\"@id\":\"https:\\\/\\\/dutchmicrodosing.com\\\/de\\\/#\\\/schema\\\/logo\\\/image\\\/\"},\"sameAs\":[\"https:\\\/\\\/www.facebook.com\\\/Dutchmicrodosingxp\\\/\",\"https:\\\/\\\/www.instagram.com\\\/dutchmicrodosing\\\/\"]}]}<\/script>\n<meta property=\"product:price:amount\" content=\"29.95\" \/>\n<meta property=\"product:price:currency\" content=\"EUR\" \/>\n<meta property=\"og:availability\" content=\"instock\" \/>\n<meta property=\"product:availability\" content=\"instock\" \/>\n<meta property=\"product:retailer_item_id\" content=\"3210107\" \/>\n<meta property=\"product:condition\" content=\"new\" \/>\n<!-- \/ Yoast SEO Premium plugin. -->","yoast_head_json":{"title":"CBD \u00d6l Erdbeere 10% - 10ML (1000MG) - Dutchmicrodosing","description":"Wir freuen uns, Ihnen das CBD-\u00d6l 'Strawberry' 10% von Dr. Candy vorstellen zu k\u00f6nnen, ein Produkt von au\u00dfergew\u00f6hnlicher Qualit\u00e4t. Klicken Sie hier f\u00fcr weitere Informationen!","robots":{"index":"index","follow":"follow","max-snippet":"max-snippet:-1","max-image-preview":"max-image-preview:large","max-video-preview":"max-video-preview:-1"},"canonical":"https:\/\/dutchmicrodosing.com\/de\/reformhaus\/cbd-nahrungsergaenzungsmittel\/cbd-olie-aardbei-10-10ml-1000mg\/","og_locale":"de_DE","og_type":"article","og_title":"CBD \u00d6l Erdbeere 10% - 10ML (1000MG)","og_description":"Wir freuen uns, Ihnen das CBD-\u00d6l 'Strawberry' 10% von Dr. Candy vorstellen zu k\u00f6nnen, ein Produkt von au\u00dfergew\u00f6hnlicher Qualit\u00e4t, das mit gr\u00f6\u00dfter Sorgfalt","og_url":"https:\/\/dutchmicrodosing.com\/de\/reformhaus\/cbd-nahrungsergaenzungsmittel\/cbd-olie-aardbei-10-10ml-1000mg\/","og_site_name":"Dutchmicrodosing","article_publisher":"https:\/\/www.facebook.com\/Dutchmicrodosingxp\/","article_modified_time":"2025-08-18T20:23:49+00:00","og_image":[{"width":1000,"height":1000,"url":"https:\/\/dutchmicrodosing.com\/wp-content\/uploads\/2024\/01\/Voorkant_strawberry-002-1.png","type":"image\/png"}],"twitter_card":"summary_large_image","schema":{"@context":"https:\/\/schema.org","@graph":[{"@type":"WebPage","@id":"https:\/\/dutchmicrodosing.com\/de\/reformhaus\/cbd-nahrungsergaenzungsmittel\/cbd-olie-aardbei-10-10ml-1000mg\/","url":"https:\/\/dutchmicrodosing.com\/de\/reformhaus\/cbd-nahrungsergaenzungsmittel\/cbd-olie-aardbei-10-10ml-1000mg\/","name":"CBD \u00d6l Erdbeere 10% - 10ML (1000MG) - Dutchmicrodosing","isPartOf":{"@id":"https:\/\/dutchmicrodosing.com\/de\/#website"},"primaryImageOfPage":{"@id":"https:\/\/dutchmicrodosing.com\/de\/reformhaus\/cbd-nahrungsergaenzungsmittel\/cbd-olie-aardbei-10-10ml-1000mg\/#primaryimage"},"image":{"@id":"https:\/\/dutchmicrodosing.com\/de\/reformhaus\/cbd-nahrungsergaenzungsmittel\/cbd-olie-aardbei-10-10ml-1000mg\/#primaryimage"},"thumbnailUrl":"https:\/\/dutchmicrodosing.com\/wp-content\/uploads\/2024\/01\/Voorkant_strawberry-002-1.png","datePublished":"2024-01-03T16:58:30+00:00","dateModified":"2025-08-18T20:23:49+00:00","description":"Wir freuen uns, Ihnen das CBD-\u00d6l 'Strawberry' 10% von Dr. Candy vorstellen zu k\u00f6nnen, ein Produkt von au\u00dfergew\u00f6hnlicher Qualit\u00e4t. Klicken Sie hier f\u00fcr weitere Informationen!","breadcrumb":{"@id":"https:\/\/dutchmicrodosing.com\/de\/reformhaus\/cbd-nahrungsergaenzungsmittel\/cbd-olie-aardbei-10-10ml-1000mg\/#breadcrumb"},"inLanguage":"de","potentialAction":[{"@type":"ReadAction","target":["https:\/\/dutchmicrodosing.com\/de\/reformhaus\/cbd-nahrungsergaenzungsmittel\/cbd-olie-aardbei-10-10ml-1000mg\/"]}]},{"@type":"ImageObject","inLanguage":"de","@id":"https:\/\/dutchmicrodosing.com\/de\/reformhaus\/cbd-nahrungsergaenzungsmittel\/cbd-olie-aardbei-10-10ml-1000mg\/#primaryimage","url":"https:\/\/dutchmicrodosing.com\/wp-content\/uploads\/2024\/01\/Voorkant_strawberry-002-1.png","contentUrl":"https:\/\/dutchmicrodosing.com\/wp-content\/uploads\/2024\/01\/Voorkant_strawberry-002-1.png","width":1000,"height":1000},{"@type":"BreadcrumbList","@id":"https:\/\/dutchmicrodosing.com\/de\/reformhaus\/cbd-nahrungsergaenzungsmittel\/cbd-olie-aardbei-10-10ml-1000mg\/#breadcrumb","itemListElement":[{"@type":"ListItem","position":1,"name":"Home","item":"https:\/\/dutchmicrodosing.com\/de\/"},{"@type":"ListItem","position":2,"name":"Shop","item":"https:\/\/dutchmicrodosing.com\/de\/shop\/"},{"@type":"ListItem","position":3,"name":"CBD \u00d6l Erdbeere 10% &#8211; 10ML (1000MG)"}]},{"@type":"WebSite","@id":"https:\/\/dutchmicrodosing.com\/de\/#website","url":"https:\/\/dutchmicrodosing.com\/de\/","name":"Dutchmicrodosing","description":"","publisher":{"@id":"https:\/\/dutchmicrodosing.com\/de\/#organization"},"potentialAction":[{"@type":"SearchAction","target":{"@type":"EntryPoint","urlTemplate":"https:\/\/dutchmicrodosing.com\/de\/?s={search_term_string}"},"query-input":{"@type":"PropertyValueSpecification","valueRequired":true,"valueName":"search_term_string"}}],"inLanguage":"de"},{"@type":"Organization","@id":"https:\/\/dutchmicrodosing.com\/de\/#organization","name":"Dutchmicrodosing","url":"https:\/\/dutchmicrodosing.com\/de\/","logo":{"@type":"ImageObject","inLanguage":"de","@id":"https:\/\/dutchmicrodosing.com\/de\/#\/schema\/logo\/image\/","url":"https:\/\/dutchmicrodosing.com\/wp-content\/uploads\/2021\/01\/microdosing-categorie-pic-nieuw.jpg","contentUrl":"https:\/\/dutchmicrodosing.com\/wp-content\/uploads\/2021\/01\/microdosing-categorie-pic-nieuw.jpg","width":500,"height":500,"caption":"Dutchmicrodosing"},"image":{"@id":"https:\/\/dutchmicrodosing.com\/de\/#\/schema\/logo\/image\/"},"sameAs":["https:\/\/www.facebook.com\/Dutchmicrodosingxp\/","https:\/\/www.instagram.com\/dutchmicrodosing\/"]}]},"product_price_amount":"29.95","product_price_currency":"EUR","og_availability":"instock","product_availability":"instock","product_retailer_item_id":"3210107","product_condition":"new"},"_links":{"self":[{"href":"https:\/\/dutchmicrodosing.com\/de\/wp-json\/wp\/v2\/product\/33740","targetHints":{"allow":["GET"]}}],"collection":[{"href":"https:\/\/dutchmicrodosing.com\/de\/wp-json\/wp\/v2\/product"}],"about":[{"href":"https:\/\/dutchmicrodosing.com\/de\/wp-json\/wp\/v2\/types\/product"}],"replies":[{"embeddable":true,"href":"https:\/\/dutchmicrodosing.com\/de\/wp-json\/wp\/v2\/comments?post=33740"}],"version-history":[{"count":0,"href":"https:\/\/dutchmicrodosing.com\/de\/wp-json\/wp\/v2\/product\/33740\/revisions"}],"wp:featuredmedia":[{"embeddable":true,"href":"https:\/\/dutchmicrodosing.com\/de\/wp-json\/wp\/v2\/media\/33734"}],"wp:attachment":[{"href":"https:\/\/dutchmicrodosing.com\/de\/wp-json\/wp\/v2\/media?parent=33740"}],"wp:term":[{"taxonomy":"product_brand","embeddable":true,"href":"https:\/\/dutchmicrodosing.com\/de\/wp-json\/wp\/v2\/product_brand?post=33740"},{"taxonomy":"product_cat","embeddable":true,"href":"https:\/\/dutchmicrodosing.com\/de\/wp-json\/wp\/v2\/product_cat?post=33740"},{"taxonomy":"product_tag","embeddable":true,"href":"https:\/\/dutchmicrodosing.com\/de\/wp-json\/wp\/v2\/product_tag?post=33740"}],"curies":[{"name":"wp","href":"https:\/\/api.w.org\/{rel}","templated":true}]}}