{"id":34031,"date":"2024-01-13T15:08:59","date_gmt":"2024-01-13T14:08:59","guid":{"rendered":"https:\/\/dutchmicrodosing.com\/shop\/unkategorisiert\/baldrian-indianer-elemente-kapseln\/"},"modified":"2025-08-22T11:57:39","modified_gmt":"2025-08-22T09:57:39","slug":"baldrian-indianer-elemente-kapseln","status":"publish","type":"product","link":"https:\/\/dutchmicrodosing.com\/de\/reformhaus\/schlaf-erganzungen\/baldrian-indianer-elemente-kapseln\/","title":{"rendered":"Baldrian Indische Elemente &#8211; Kapseln"},"content":{"rendered":"<p><strong>Baldrian<\/strong> ist ein Kraut mit einer reichen Geschichte und vielseitigen therapeutischen Eigenschaften. Der Name leitet sich vom lateinischen &#8222;valere&#8220; ab, was &#8222;gesund sein&#8220; bedeutet. Dies zeigt bereits, wie lange das Kraut schon wegen seiner gesundheitsf\u00f6rdernden Eigenschaften gesch\u00e4tzt wird. Seit der angels\u00e4chsischen Zeit wird Baldrian zur Beruhigung des Nervensystems verwendet, insbesondere bei \u00dcberreizung. Die Inkas verwendeten Baldrian sogar in Massage\u00f6len, was seine Vielseitigkeit unterstreicht.<\/p>\n<p>Die Wurzel der Baldrianpflanze ist f\u00fcr ihre beruhigende Wirkung bekannt. Es ist besonders f\u00fcr seine schlaff\u00f6rdernde und beruhigende Wirkung auf das zentrale Nervensystem bekannt. Daher eignet sich Baldrian besonders gut f\u00fcr die Anwendung in stressigen Zeiten oder bei starker Anspannung. Es ist eine nat\u00fcrliche Wahl f\u00fcr Menschen mit Erkrankungen wie ADHS oder f\u00fcr Menschen, die st\u00e4ndig in Bewegung sind und sich nur schwer entspannen k\u00f6nnen.<\/p>\n<p>Ein wichtiger Aspekt von Baldrian ist, dass er nicht s\u00fcchtig macht, was ein gro\u00dfer Vorteil gegen\u00fcber einigen pharmazeutischen Schlaf- oder Beruhigungsmitteln ist. Neben seiner schlaff\u00f6rdernden und entspannenden Wirkung hat Baldrian auch andere medizinische Eigenschaften. So wird es beispielsweise zur Linderung von Kopfschmerzen, Angstzust\u00e4nden, Nervosit\u00e4t und sogar hohem Blutdruck eingesetzt.<\/p>\n<h3>Inhaltsstoffe<\/h3>\n<p>Baldrian (Valeriana officinalis)<\/p>\n<h3>Auswirkungen<\/h3>\n<ul>\n<li>entspannend<\/li>\n<li>beruhigend<\/li>\n<li>beruhigende Wirkung auf das zentrale Nervensystem<\/li>\n<li>verbessert die Stimmung und hilft Ihnen, schneller einzuschlafen<\/li>\n<li>In hohen Dosen gibt es ein Gef\u00fchl, als ob man in der Luft schweben w\u00fcrde&#8220;.<\/li>\n<\/ul>\n<h3>Verwenden Sie<\/h3>\n<p>Nehmen Sie 1 Kapsel pro Tag.<\/p>\n<h3>Hinweise zur Lagerung<\/h3>\n<p>Bewahren Sie dieses Produkt an einem dunklen und k\u00fchlen Ort auf, z. B. in einem K\u00fcchenschrank und au\u00dferhalb der Reichweite von Kindern.<\/p>\n<h3>Inhalt<\/h3>\n<p>Baldrian Indische Elemente &#8211; 60 Kapseln<\/p>\n<h3>Warnung<\/h3>\n<p>Nicht mit MAO-Hemmern kombinieren!<\/p>\n","protected":false},"excerpt":{"rendered":"<p>Baldrian ist ein Kraut mit einer reichen Geschichte und vielseitigen therapeutischen Eigenschaften. Der Name leitet sich vom lateinischen &#8222;valere&#8220; ab, was &#8222;gesund sein&#8220; bedeutet. Dies zeigt bereits, wie lange das Kraut schon wegen seiner gesundheitsf\u00f6rdernden Eigenschaften gesch\u00e4tzt wird. Seit der angels\u00e4chsischen Zeit wird Baldrian zur Beruhigung des Nervensystems verwendet, insbesondere bei \u00dcberreizung. Die Inkas verwendeten [&hellip;]<\/p>\n","protected":false},"featured_media":34017,"comment_status":"closed","ping_status":"closed","template":"","meta":[],"product_brand":[],"product_cat":[305],"product_tag":[],"class_list":{"0":"post-34031","1":"product","2":"type-product","3":"status-publish","4":"has-post-thumbnail","6":"product_cat-schlaf-erganzungen","8":"first","9":"instock","10":"taxable","11":"shipping-taxable","12":"purchasable","13":"product-type-simple"},"yoast_head":"<!-- This site is optimized with the Yoast SEO Premium plugin v26.4 (Yoast SEO v27.4) - https:\/\/yoast.com\/product\/yoast-seo-premium-wordpress\/ -->\n<title>Baldrian Indische Elemente - Kapseln - Dutchmicrodosing<\/title>\n<meta name=\"robots\" content=\"index, follow, max-snippet:-1, max-image-preview:large, max-video-preview:-1\" \/>\n<link rel=\"canonical\" href=\"https:\/\/dutchmicrodosing.com\/de\/reformhaus\/schlaf-erganzungen\/baldrian-indianer-elemente-kapseln\/\" \/>\n<meta property=\"og:locale\" content=\"de_DE\" \/>\n<meta property=\"og:type\" content=\"article\" \/>\n<meta property=\"og:title\" content=\"Baldrian Indische Elemente - Kapseln\" \/>\n<meta property=\"og:description\" content=\"Baldrian ist ein Kraut mit einer reichen Geschichte und vielseitigen therapeutischen Eigenschaften. Der Name leitet sich vom lateinischen &quot;valere&quot; ab, was\" \/>\n<meta property=\"og:url\" content=\"https:\/\/dutchmicrodosing.com\/de\/reformhaus\/schlaf-erganzungen\/baldrian-indianer-elemente-kapseln\/\" \/>\n<meta property=\"og:site_name\" content=\"Dutchmicrodosing\" \/>\n<meta property=\"article:publisher\" content=\"https:\/\/www.facebook.com\/Dutchmicrodosingxp\/\" \/>\n<meta property=\"article:modified_time\" content=\"2025-08-22T09:57:39+00:00\" \/>\n<meta property=\"og:image\" content=\"https:\/\/dutchmicrodosing.com\/wp-content\/uploads\/2024\/01\/\u2705-Indian-Elements-Valerian-smartific-8718274711912-002-390x390-1.jpg\" \/>\n\t<meta property=\"og:image:width\" content=\"390\" \/>\n\t<meta property=\"og:image:height\" content=\"390\" \/>\n\t<meta property=\"og:image:type\" content=\"image\/jpeg\" \/>\n<meta name=\"twitter:card\" content=\"summary_large_image\" \/>\n<script type=\"application\/ld+json\" class=\"yoast-schema-graph\">{\"@context\":\"https:\\\/\\\/schema.org\",\"@graph\":[{\"@type\":\"WebPage\",\"@id\":\"https:\\\/\\\/dutchmicrodosing.com\\\/de\\\/reformhaus\\\/schlaf-erganzungen\\\/baldrian-indianer-elemente-kapseln\\\/\",\"url\":\"https:\\\/\\\/dutchmicrodosing.com\\\/de\\\/reformhaus\\\/schlaf-erganzungen\\\/baldrian-indianer-elemente-kapseln\\\/\",\"name\":\"Baldrian Indische Elemente - Kapseln - Dutchmicrodosing\",\"isPartOf\":{\"@id\":\"https:\\\/\\\/dutchmicrodosing.com\\\/de\\\/#website\"},\"primaryImageOfPage\":{\"@id\":\"https:\\\/\\\/dutchmicrodosing.com\\\/de\\\/reformhaus\\\/schlaf-erganzungen\\\/baldrian-indianer-elemente-kapseln\\\/#primaryimage\"},\"image\":{\"@id\":\"https:\\\/\\\/dutchmicrodosing.com\\\/de\\\/reformhaus\\\/schlaf-erganzungen\\\/baldrian-indianer-elemente-kapseln\\\/#primaryimage\"},\"thumbnailUrl\":\"https:\\\/\\\/dutchmicrodosing.com\\\/wp-content\\\/uploads\\\/2024\\\/01\\\/\u2705-Indian-Elements-Valerian-smartific-8718274711912-002-390x390-1.jpg\",\"datePublished\":\"2024-01-13T14:08:59+00:00\",\"dateModified\":\"2025-08-22T09:57:39+00:00\",\"breadcrumb\":{\"@id\":\"https:\\\/\\\/dutchmicrodosing.com\\\/de\\\/reformhaus\\\/schlaf-erganzungen\\\/baldrian-indianer-elemente-kapseln\\\/#breadcrumb\"},\"inLanguage\":\"de\",\"potentialAction\":[{\"@type\":\"ReadAction\",\"target\":[\"https:\\\/\\\/dutchmicrodosing.com\\\/de\\\/reformhaus\\\/schlaf-erganzungen\\\/baldrian-indianer-elemente-kapseln\\\/\"]}]},{\"@type\":\"ImageObject\",\"inLanguage\":\"de\",\"@id\":\"https:\\\/\\\/dutchmicrodosing.com\\\/de\\\/reformhaus\\\/schlaf-erganzungen\\\/baldrian-indianer-elemente-kapseln\\\/#primaryimage\",\"url\":\"https:\\\/\\\/dutchmicrodosing.com\\\/wp-content\\\/uploads\\\/2024\\\/01\\\/\u2705-Indian-Elements-Valerian-smartific-8718274711912-002-390x390-1.jpg\",\"contentUrl\":\"https:\\\/\\\/dutchmicrodosing.com\\\/wp-content\\\/uploads\\\/2024\\\/01\\\/\u2705-Indian-Elements-Valerian-smartific-8718274711912-002-390x390-1.jpg\",\"width\":390,\"height\":390},{\"@type\":\"BreadcrumbList\",\"@id\":\"https:\\\/\\\/dutchmicrodosing.com\\\/de\\\/reformhaus\\\/schlaf-erganzungen\\\/baldrian-indianer-elemente-kapseln\\\/#breadcrumb\",\"itemListElement\":[{\"@type\":\"ListItem\",\"position\":1,\"name\":\"Home\",\"item\":\"https:\\\/\\\/dutchmicrodosing.com\\\/de\\\/\"},{\"@type\":\"ListItem\",\"position\":2,\"name\":\"Shop\",\"item\":\"https:\\\/\\\/dutchmicrodosing.com\\\/de\\\/shop\\\/\"},{\"@type\":\"ListItem\",\"position\":3,\"name\":\"Baldrian Indische Elemente &#8211; Kapseln\"}]},{\"@type\":\"WebSite\",\"@id\":\"https:\\\/\\\/dutchmicrodosing.com\\\/de\\\/#website\",\"url\":\"https:\\\/\\\/dutchmicrodosing.com\\\/de\\\/\",\"name\":\"Dutchmicrodosing\",\"description\":\"\",\"publisher\":{\"@id\":\"https:\\\/\\\/dutchmicrodosing.com\\\/de\\\/#organization\"},\"potentialAction\":[{\"@type\":\"SearchAction\",\"target\":{\"@type\":\"EntryPoint\",\"urlTemplate\":\"https:\\\/\\\/dutchmicrodosing.com\\\/de\\\/?s={search_term_string}\"},\"query-input\":{\"@type\":\"PropertyValueSpecification\",\"valueRequired\":true,\"valueName\":\"search_term_string\"}}],\"inLanguage\":\"de\"},{\"@type\":\"Organization\",\"@id\":\"https:\\\/\\\/dutchmicrodosing.com\\\/de\\\/#organization\",\"name\":\"Dutchmicrodosing\",\"url\":\"https:\\\/\\\/dutchmicrodosing.com\\\/de\\\/\",\"logo\":{\"@type\":\"ImageObject\",\"inLanguage\":\"de\",\"@id\":\"https:\\\/\\\/dutchmicrodosing.com\\\/de\\\/#\\\/schema\\\/logo\\\/image\\\/\",\"url\":\"https:\\\/\\\/dutchmicrodosing.com\\\/wp-content\\\/uploads\\\/2021\\\/01\\\/microdosing-categorie-pic-nieuw.jpg\",\"contentUrl\":\"https:\\\/\\\/dutchmicrodosing.com\\\/wp-content\\\/uploads\\\/2021\\\/01\\\/microdosing-categorie-pic-nieuw.jpg\",\"width\":500,\"height\":500,\"caption\":\"Dutchmicrodosing\"},\"image\":{\"@id\":\"https:\\\/\\\/dutchmicrodosing.com\\\/de\\\/#\\\/schema\\\/logo\\\/image\\\/\"},\"sameAs\":[\"https:\\\/\\\/www.facebook.com\\\/Dutchmicrodosingxp\\\/\",\"https:\\\/\\\/www.instagram.com\\\/dutchmicrodosing\\\/\"]}]}<\/script>\n<meta property=\"product:price:amount\" content=\"12.95\" \/>\n<meta property=\"product:price:currency\" content=\"EUR\" \/>\n<meta property=\"og:availability\" content=\"instock\" \/>\n<meta property=\"product:availability\" content=\"instock\" \/>\n<meta property=\"product:retailer_item_id\" content=\"8101452\" \/>\n<meta property=\"product:condition\" content=\"new\" \/>\n<!-- \/ Yoast SEO Premium plugin. -->","yoast_head_json":{"title":"Baldrian Indische Elemente - Kapseln - Dutchmicrodosing","robots":{"index":"index","follow":"follow","max-snippet":"max-snippet:-1","max-image-preview":"max-image-preview:large","max-video-preview":"max-video-preview:-1"},"canonical":"https:\/\/dutchmicrodosing.com\/de\/reformhaus\/schlaf-erganzungen\/baldrian-indianer-elemente-kapseln\/","og_locale":"de_DE","og_type":"article","og_title":"Baldrian Indische Elemente - Kapseln","og_description":"Baldrian ist ein Kraut mit einer reichen Geschichte und vielseitigen therapeutischen Eigenschaften. Der Name leitet sich vom lateinischen \"valere\" ab, was","og_url":"https:\/\/dutchmicrodosing.com\/de\/reformhaus\/schlaf-erganzungen\/baldrian-indianer-elemente-kapseln\/","og_site_name":"Dutchmicrodosing","article_publisher":"https:\/\/www.facebook.com\/Dutchmicrodosingxp\/","article_modified_time":"2025-08-22T09:57:39+00:00","og_image":[{"width":390,"height":390,"url":"https:\/\/dutchmicrodosing.com\/wp-content\/uploads\/2024\/01\/\u2705-Indian-Elements-Valerian-smartific-8718274711912-002-390x390-1.jpg","type":"image\/jpeg"}],"twitter_card":"summary_large_image","schema":{"@context":"https:\/\/schema.org","@graph":[{"@type":"WebPage","@id":"https:\/\/dutchmicrodosing.com\/de\/reformhaus\/schlaf-erganzungen\/baldrian-indianer-elemente-kapseln\/","url":"https:\/\/dutchmicrodosing.com\/de\/reformhaus\/schlaf-erganzungen\/baldrian-indianer-elemente-kapseln\/","name":"Baldrian Indische Elemente - Kapseln - Dutchmicrodosing","isPartOf":{"@id":"https:\/\/dutchmicrodosing.com\/de\/#website"},"primaryImageOfPage":{"@id":"https:\/\/dutchmicrodosing.com\/de\/reformhaus\/schlaf-erganzungen\/baldrian-indianer-elemente-kapseln\/#primaryimage"},"image":{"@id":"https:\/\/dutchmicrodosing.com\/de\/reformhaus\/schlaf-erganzungen\/baldrian-indianer-elemente-kapseln\/#primaryimage"},"thumbnailUrl":"https:\/\/dutchmicrodosing.com\/wp-content\/uploads\/2024\/01\/\u2705-Indian-Elements-Valerian-smartific-8718274711912-002-390x390-1.jpg","datePublished":"2024-01-13T14:08:59+00:00","dateModified":"2025-08-22T09:57:39+00:00","breadcrumb":{"@id":"https:\/\/dutchmicrodosing.com\/de\/reformhaus\/schlaf-erganzungen\/baldrian-indianer-elemente-kapseln\/#breadcrumb"},"inLanguage":"de","potentialAction":[{"@type":"ReadAction","target":["https:\/\/dutchmicrodosing.com\/de\/reformhaus\/schlaf-erganzungen\/baldrian-indianer-elemente-kapseln\/"]}]},{"@type":"ImageObject","inLanguage":"de","@id":"https:\/\/dutchmicrodosing.com\/de\/reformhaus\/schlaf-erganzungen\/baldrian-indianer-elemente-kapseln\/#primaryimage","url":"https:\/\/dutchmicrodosing.com\/wp-content\/uploads\/2024\/01\/\u2705-Indian-Elements-Valerian-smartific-8718274711912-002-390x390-1.jpg","contentUrl":"https:\/\/dutchmicrodosing.com\/wp-content\/uploads\/2024\/01\/\u2705-Indian-Elements-Valerian-smartific-8718274711912-002-390x390-1.jpg","width":390,"height":390},{"@type":"BreadcrumbList","@id":"https:\/\/dutchmicrodosing.com\/de\/reformhaus\/schlaf-erganzungen\/baldrian-indianer-elemente-kapseln\/#breadcrumb","itemListElement":[{"@type":"ListItem","position":1,"name":"Home","item":"https:\/\/dutchmicrodosing.com\/de\/"},{"@type":"ListItem","position":2,"name":"Shop","item":"https:\/\/dutchmicrodosing.com\/de\/shop\/"},{"@type":"ListItem","position":3,"name":"Baldrian Indische Elemente &#8211; Kapseln"}]},{"@type":"WebSite","@id":"https:\/\/dutchmicrodosing.com\/de\/#website","url":"https:\/\/dutchmicrodosing.com\/de\/","name":"Dutchmicrodosing","description":"","publisher":{"@id":"https:\/\/dutchmicrodosing.com\/de\/#organization"},"potentialAction":[{"@type":"SearchAction","target":{"@type":"EntryPoint","urlTemplate":"https:\/\/dutchmicrodosing.com\/de\/?s={search_term_string}"},"query-input":{"@type":"PropertyValueSpecification","valueRequired":true,"valueName":"search_term_string"}}],"inLanguage":"de"},{"@type":"Organization","@id":"https:\/\/dutchmicrodosing.com\/de\/#organization","name":"Dutchmicrodosing","url":"https:\/\/dutchmicrodosing.com\/de\/","logo":{"@type":"ImageObject","inLanguage":"de","@id":"https:\/\/dutchmicrodosing.com\/de\/#\/schema\/logo\/image\/","url":"https:\/\/dutchmicrodosing.com\/wp-content\/uploads\/2021\/01\/microdosing-categorie-pic-nieuw.jpg","contentUrl":"https:\/\/dutchmicrodosing.com\/wp-content\/uploads\/2021\/01\/microdosing-categorie-pic-nieuw.jpg","width":500,"height":500,"caption":"Dutchmicrodosing"},"image":{"@id":"https:\/\/dutchmicrodosing.com\/de\/#\/schema\/logo\/image\/"},"sameAs":["https:\/\/www.facebook.com\/Dutchmicrodosingxp\/","https:\/\/www.instagram.com\/dutchmicrodosing\/"]}]},"product_price_amount":"12.95","product_price_currency":"EUR","og_availability":"instock","product_availability":"instock","product_retailer_item_id":"8101452","product_condition":"new"},"_links":{"self":[{"href":"https:\/\/dutchmicrodosing.com\/de\/wp-json\/wp\/v2\/product\/34031","targetHints":{"allow":["GET"]}}],"collection":[{"href":"https:\/\/dutchmicrodosing.com\/de\/wp-json\/wp\/v2\/product"}],"about":[{"href":"https:\/\/dutchmicrodosing.com\/de\/wp-json\/wp\/v2\/types\/product"}],"replies":[{"embeddable":true,"href":"https:\/\/dutchmicrodosing.com\/de\/wp-json\/wp\/v2\/comments?post=34031"}],"version-history":[{"count":0,"href":"https:\/\/dutchmicrodosing.com\/de\/wp-json\/wp\/v2\/product\/34031\/revisions"}],"wp:featuredmedia":[{"embeddable":true,"href":"https:\/\/dutchmicrodosing.com\/de\/wp-json\/wp\/v2\/media\/34017"}],"wp:attachment":[{"href":"https:\/\/dutchmicrodosing.com\/de\/wp-json\/wp\/v2\/media?parent=34031"}],"wp:term":[{"taxonomy":"product_brand","embeddable":true,"href":"https:\/\/dutchmicrodosing.com\/de\/wp-json\/wp\/v2\/product_brand?post=34031"},{"taxonomy":"product_cat","embeddable":true,"href":"https:\/\/dutchmicrodosing.com\/de\/wp-json\/wp\/v2\/product_cat?post=34031"},{"taxonomy":"product_tag","embeddable":true,"href":"https:\/\/dutchmicrodosing.com\/de\/wp-json\/wp\/v2\/product_tag?post=34031"}],"curies":[{"name":"wp","href":"https:\/\/api.w.org\/{rel}","templated":true}]}}