{"id":34598,"date":"2024-01-29T15:32:42","date_gmt":"2024-01-29T14:32:42","guid":{"rendered":"https:\/\/dutchmicrodosing.com\/shop\/unkategorisiert\/loewe-mann-gummi-mix-2\/"},"modified":"2025-08-19T16:28:28","modified_gmt":"2025-08-19T14:28:28","slug":"loewe-mann-gummi-mix","status":"publish","type":"product","link":"https:\/\/dutchmicrodosing.com\/de\/reformhaus\/essbare-pilze\/loewe-mann-gummi-mix\/","title":{"rendered":"L\u00f6wenm\u00e4hne-Gummis &#8211; Gemischt"},"content":{"rendered":"<p><strong>Lion&#8217;s Mane Mushroom Gummies<\/strong> sind ein k\u00f6stlicher Genuss, der die gesundheitlichen Vorteile von L\u00f6wenm\u00e4hnenextrakt mit einem k\u00f6stlichen Geschmackserlebnis verbindet. Jedes Gummib\u00e4rchen ist mit 250 mg L\u00f6wenm\u00e4hnenextrakt angereichert und bietet eine einfache und angenehme M\u00f6glichkeit, die potenziellen Vorteile dieses besonderen Pilzes zu erfahren. Die L\u00f6wenm\u00e4hne ist bekannt f\u00fcr ihre F\u00e4higkeit, die kognitiven Funktionen zu verbessern, und ist seit Jahrhunderten Bestandteil der traditionellen chinesischen Medizin. Mit diesen Gummib\u00e4rchen k\u00f6nnen Sie Ihre Gehirnfunktion und Ihr allgemeines Wohlbefinden auf schmackhafte Art und Weise unterst\u00fctzen.<\/p>\n<p>Die Gummib\u00e4rchen sind wie kleine Pilze geformt und werden in einer praktischen 40-Gramm-Packung geliefert. Sie sind in verschiedenen Geschmacksrichtungen erh\u00e4ltlich, so dass jede Dosis nicht nur Ihre Gesundheit f\u00f6rdert, sondern auch Ihren Geschmacksnerven schmeichelt.<\/p>\n<h3>Inhaltsstoffe<\/h3>\n<ul>\n<li>Glukose<\/li>\n<li>L\u00f6wenzahn-Extrakt<\/li>\n<li>Zucker<\/li>\n<li>Nat\u00fcrliche Aromen (Kirsche, Apfel, Cola, Orange, Brombeere)<\/li>\n<li>F\u00e4rben<\/li>\n<li>Gelatine (Rindfleisch)<\/li>\n<li>Zitronens\u00e4ure<\/li>\n<\/ul>\n<h3>Verwenden Sie<\/h3>\n<p>Verwenden Sie nicht mehr als 4 bis 5 Gummib\u00e4rchen pro Tag.<\/p>\n<h3>Hinweise zur Lagerung<\/h3>\n<p>Bewahren Sie dieses Produkt an einem k\u00fchlen und dunklen Ort, z. B. in einem K\u00fcchenschrank, und au\u00dferhalb der Reichweite von Kindern auf.<\/p>\n<h3>Inhalt<\/h3>\n<p>Dr.Candy L\u00f6wenm\u00e4hne-Gummis (jedes Gummib\u00e4rchen enth\u00e4lt +\/- 250 mg L\u00f6wenm\u00e4hnenextrakt) &#8211; 40 Gramm<\/p>\n","protected":false},"excerpt":{"rendered":"<p>Lion&#8217;s Mane Mushroom Gummies sind ein k\u00f6stlicher Genuss, der die gesundheitlichen Vorteile von L\u00f6wenm\u00e4hnenextrakt mit einem k\u00f6stlichen Geschmackserlebnis verbindet. Jedes Gummib\u00e4rchen ist mit 250 mg L\u00f6wenm\u00e4hnenextrakt angereichert und bietet eine einfache und angenehme M\u00f6glichkeit, die potenziellen Vorteile dieses besonderen Pilzes zu erfahren. Die L\u00f6wenm\u00e4hne ist bekannt f\u00fcr ihre F\u00e4higkeit, die kognitiven Funktionen zu verbessern, und [&hellip;]<\/p>\n","protected":false},"featured_media":33378,"comment_status":"closed","ping_status":"closed","template":"","meta":[],"product_brand":[],"product_cat":[327],"product_tag":[],"class_list":{"0":"post-34598","1":"product","2":"type-product","3":"status-publish","4":"has-post-thumbnail","6":"product_cat-essbare-pilze","8":"first","9":"instock","10":"taxable","11":"shipping-taxable","12":"purchasable","13":"product-type-simple"},"yoast_head":"<!-- This site is optimized with the Yoast SEO Premium plugin v26.4 (Yoast SEO v27.2) - https:\/\/yoast.com\/product\/yoast-seo-premium-wordpress\/ -->\n<title>L\u00f6wenm\u00e4hne-Gummis - Gemischt - Dutchmicrodosing<\/title>\n<meta name=\"description\" content=\"Lion&#039;s Mane Mushroom Gummies sind ein k\u00f6stlicher Leckerbissen, der die gesundheitlichen Vorteile von L\u00f6wenm\u00e4hnenextrakt ...\" \/>\n<meta name=\"robots\" content=\"index, follow, max-snippet:-1, max-image-preview:large, max-video-preview:-1\" \/>\n<link rel=\"canonical\" href=\"https:\/\/dutchmicrodosing.com\/de\/reformhaus\/essbare-pilze\/loewe-mann-gummi-mix\/\" \/>\n<meta property=\"og:locale\" content=\"de_DE\" \/>\n<meta property=\"og:type\" content=\"article\" \/>\n<meta property=\"og:title\" content=\"L\u00f6wenm\u00e4hne-Gummis - Gemischt\" \/>\n<meta property=\"og:description\" content=\"Lion&#039;s Mane Mushroom Gummies sind ein k\u00f6stlicher Genuss, der die gesundheitlichen Vorteile von L\u00f6wenm\u00e4hnenextrakt mit einem k\u00f6stlichen Geschmackserlebnis\" \/>\n<meta property=\"og:url\" content=\"https:\/\/dutchmicrodosing.com\/de\/reformhaus\/essbare-pilze\/loewe-mann-gummi-mix\/\" \/>\n<meta property=\"og:site_name\" content=\"Dutchmicrodosing\" \/>\n<meta property=\"article:publisher\" content=\"https:\/\/www.facebook.com\/Dutchmicrodosingxp\/\" \/>\n<meta property=\"article:modified_time\" content=\"2025-08-19T14:28:28+00:00\" \/>\n<meta property=\"og:image\" content=\"https:\/\/dutchmicrodosing.com\/wp-content\/uploads\/2023\/10\/Mushroom_Lionsmane_voorkant.jpg\" \/>\n\t<meta property=\"og:image:width\" content=\"1000\" \/>\n\t<meta property=\"og:image:height\" content=\"1000\" \/>\n\t<meta property=\"og:image:type\" content=\"image\/jpeg\" \/>\n<meta name=\"twitter:card\" content=\"summary_large_image\" \/>\n<script type=\"application\/ld+json\" class=\"yoast-schema-graph\">{\"@context\":\"https:\/\/schema.org\",\"@graph\":[{\"@type\":\"WebPage\",\"@id\":\"https:\/\/dutchmicrodosing.com\/de\/reformhaus\/essbare-pilze\/loewe-mann-gummi-mix\/\",\"url\":\"https:\/\/dutchmicrodosing.com\/de\/reformhaus\/essbare-pilze\/loewe-mann-gummi-mix\/\",\"name\":\"L\u00f6wenm\u00e4hne-Gummis - Gemischt - Dutchmicrodosing\",\"isPartOf\":{\"@id\":\"https:\/\/dutchmicrodosing.com\/de\/#website\"},\"primaryImageOfPage\":{\"@id\":\"https:\/\/dutchmicrodosing.com\/de\/reformhaus\/essbare-pilze\/loewe-mann-gummi-mix\/#primaryimage\"},\"image\":{\"@id\":\"https:\/\/dutchmicrodosing.com\/de\/reformhaus\/essbare-pilze\/loewe-mann-gummi-mix\/#primaryimage\"},\"thumbnailUrl\":\"https:\/\/dutchmicrodosing.com\/wp-content\/uploads\/2023\/10\/Mushroom_Lionsmane_voorkant.jpg\",\"datePublished\":\"2024-01-29T14:32:42+00:00\",\"dateModified\":\"2025-08-19T14:28:28+00:00\",\"description\":\"Lion's Mane Mushroom Gummies sind ein k\u00f6stlicher Leckerbissen, der die gesundheitlichen Vorteile von L\u00f6wenm\u00e4hnenextrakt ...\",\"breadcrumb\":{\"@id\":\"https:\/\/dutchmicrodosing.com\/de\/reformhaus\/essbare-pilze\/loewe-mann-gummi-mix\/#breadcrumb\"},\"inLanguage\":\"de\",\"potentialAction\":[{\"@type\":\"ReadAction\",\"target\":[\"https:\/\/dutchmicrodosing.com\/de\/reformhaus\/essbare-pilze\/loewe-mann-gummi-mix\/\"]}]},{\"@type\":\"ImageObject\",\"inLanguage\":\"de\",\"@id\":\"https:\/\/dutchmicrodosing.com\/de\/reformhaus\/essbare-pilze\/loewe-mann-gummi-mix\/#primaryimage\",\"url\":\"https:\/\/dutchmicrodosing.com\/wp-content\/uploads\/2023\/10\/Mushroom_Lionsmane_voorkant.jpg\",\"contentUrl\":\"https:\/\/dutchmicrodosing.com\/wp-content\/uploads\/2023\/10\/Mushroom_Lionsmane_voorkant.jpg\",\"width\":1000,\"height\":1000},{\"@type\":\"BreadcrumbList\",\"@id\":\"https:\/\/dutchmicrodosing.com\/de\/reformhaus\/essbare-pilze\/loewe-mann-gummi-mix\/#breadcrumb\",\"itemListElement\":[{\"@type\":\"ListItem\",\"position\":1,\"name\":\"Home\",\"item\":\"https:\/\/dutchmicrodosing.com\/de\/\"},{\"@type\":\"ListItem\",\"position\":2,\"name\":\"Shop\",\"item\":\"https:\/\/dutchmicrodosing.com\/de\/shop\/\"},{\"@type\":\"ListItem\",\"position\":3,\"name\":\"L\u00f6wenm\u00e4hne-Gummis &#8211; Gemischt\"}]},{\"@type\":\"WebSite\",\"@id\":\"https:\/\/dutchmicrodosing.com\/de\/#website\",\"url\":\"https:\/\/dutchmicrodosing.com\/de\/\",\"name\":\"Dutchmicrodosing\",\"description\":\"\",\"publisher\":{\"@id\":\"https:\/\/dutchmicrodosing.com\/de\/#organization\"},\"potentialAction\":[{\"@type\":\"SearchAction\",\"target\":{\"@type\":\"EntryPoint\",\"urlTemplate\":\"https:\/\/dutchmicrodosing.com\/de\/?s={search_term_string}\"},\"query-input\":{\"@type\":\"PropertyValueSpecification\",\"valueRequired\":true,\"valueName\":\"search_term_string\"}}],\"inLanguage\":\"de\"},{\"@type\":\"Organization\",\"@id\":\"https:\/\/dutchmicrodosing.com\/de\/#organization\",\"name\":\"Dutchmicrodosing\",\"url\":\"https:\/\/dutchmicrodosing.com\/de\/\",\"logo\":{\"@type\":\"ImageObject\",\"inLanguage\":\"de\",\"@id\":\"https:\/\/dutchmicrodosing.com\/de\/#\/schema\/logo\/image\/\",\"url\":\"https:\/\/dutchmicrodosing.com\/wp-content\/uploads\/2021\/01\/microdosing-categorie-pic-nieuw.jpg\",\"contentUrl\":\"https:\/\/dutchmicrodosing.com\/wp-content\/uploads\/2021\/01\/microdosing-categorie-pic-nieuw.jpg\",\"width\":500,\"height\":500,\"caption\":\"Dutchmicrodosing\"},\"image\":{\"@id\":\"https:\/\/dutchmicrodosing.com\/de\/#\/schema\/logo\/image\/\"},\"sameAs\":[\"https:\/\/www.facebook.com\/Dutchmicrodosingxp\/\",\"https:\/\/www.instagram.com\/dutchmicrodosing\/\"]}]}<\/script>\n<meta property=\"product:price:amount\" content=\"9.95\" \/>\n<meta property=\"product:price:currency\" content=\"EUR\" \/>\n<meta property=\"og:availability\" content=\"instock\" \/>\n<meta property=\"product:availability\" content=\"instock\" \/>\n<meta property=\"product:retailer_item_id\" content=\"3210653\" \/>\n<meta property=\"product:condition\" content=\"new\" \/>\n<!-- \/ Yoast SEO Premium plugin. -->","yoast_head_json":{"title":"L\u00f6wenm\u00e4hne-Gummis - Gemischt - Dutchmicrodosing","description":"Lion's Mane Mushroom Gummies sind ein k\u00f6stlicher Leckerbissen, der die gesundheitlichen Vorteile von L\u00f6wenm\u00e4hnenextrakt ...","robots":{"index":"index","follow":"follow","max-snippet":"max-snippet:-1","max-image-preview":"max-image-preview:large","max-video-preview":"max-video-preview:-1"},"canonical":"https:\/\/dutchmicrodosing.com\/de\/reformhaus\/essbare-pilze\/loewe-mann-gummi-mix\/","og_locale":"de_DE","og_type":"article","og_title":"L\u00f6wenm\u00e4hne-Gummis - Gemischt","og_description":"Lion's Mane Mushroom Gummies sind ein k\u00f6stlicher Genuss, der die gesundheitlichen Vorteile von L\u00f6wenm\u00e4hnenextrakt mit einem k\u00f6stlichen Geschmackserlebnis","og_url":"https:\/\/dutchmicrodosing.com\/de\/reformhaus\/essbare-pilze\/loewe-mann-gummi-mix\/","og_site_name":"Dutchmicrodosing","article_publisher":"https:\/\/www.facebook.com\/Dutchmicrodosingxp\/","article_modified_time":"2025-08-19T14:28:28+00:00","og_image":[{"width":1000,"height":1000,"url":"https:\/\/dutchmicrodosing.com\/wp-content\/uploads\/2023\/10\/Mushroom_Lionsmane_voorkant.jpg","type":"image\/jpeg"}],"twitter_card":"summary_large_image","schema":{"@context":"https:\/\/schema.org","@graph":[{"@type":"WebPage","@id":"https:\/\/dutchmicrodosing.com\/de\/reformhaus\/essbare-pilze\/loewe-mann-gummi-mix\/","url":"https:\/\/dutchmicrodosing.com\/de\/reformhaus\/essbare-pilze\/loewe-mann-gummi-mix\/","name":"L\u00f6wenm\u00e4hne-Gummis - Gemischt - Dutchmicrodosing","isPartOf":{"@id":"https:\/\/dutchmicrodosing.com\/de\/#website"},"primaryImageOfPage":{"@id":"https:\/\/dutchmicrodosing.com\/de\/reformhaus\/essbare-pilze\/loewe-mann-gummi-mix\/#primaryimage"},"image":{"@id":"https:\/\/dutchmicrodosing.com\/de\/reformhaus\/essbare-pilze\/loewe-mann-gummi-mix\/#primaryimage"},"thumbnailUrl":"https:\/\/dutchmicrodosing.com\/wp-content\/uploads\/2023\/10\/Mushroom_Lionsmane_voorkant.jpg","datePublished":"2024-01-29T14:32:42+00:00","dateModified":"2025-08-19T14:28:28+00:00","description":"Lion's Mane Mushroom Gummies sind ein k\u00f6stlicher Leckerbissen, der die gesundheitlichen Vorteile von L\u00f6wenm\u00e4hnenextrakt ...","breadcrumb":{"@id":"https:\/\/dutchmicrodosing.com\/de\/reformhaus\/essbare-pilze\/loewe-mann-gummi-mix\/#breadcrumb"},"inLanguage":"de","potentialAction":[{"@type":"ReadAction","target":["https:\/\/dutchmicrodosing.com\/de\/reformhaus\/essbare-pilze\/loewe-mann-gummi-mix\/"]}]},{"@type":"ImageObject","inLanguage":"de","@id":"https:\/\/dutchmicrodosing.com\/de\/reformhaus\/essbare-pilze\/loewe-mann-gummi-mix\/#primaryimage","url":"https:\/\/dutchmicrodosing.com\/wp-content\/uploads\/2023\/10\/Mushroom_Lionsmane_voorkant.jpg","contentUrl":"https:\/\/dutchmicrodosing.com\/wp-content\/uploads\/2023\/10\/Mushroom_Lionsmane_voorkant.jpg","width":1000,"height":1000},{"@type":"BreadcrumbList","@id":"https:\/\/dutchmicrodosing.com\/de\/reformhaus\/essbare-pilze\/loewe-mann-gummi-mix\/#breadcrumb","itemListElement":[{"@type":"ListItem","position":1,"name":"Home","item":"https:\/\/dutchmicrodosing.com\/de\/"},{"@type":"ListItem","position":2,"name":"Shop","item":"https:\/\/dutchmicrodosing.com\/de\/shop\/"},{"@type":"ListItem","position":3,"name":"L\u00f6wenm\u00e4hne-Gummis &#8211; Gemischt"}]},{"@type":"WebSite","@id":"https:\/\/dutchmicrodosing.com\/de\/#website","url":"https:\/\/dutchmicrodosing.com\/de\/","name":"Dutchmicrodosing","description":"","publisher":{"@id":"https:\/\/dutchmicrodosing.com\/de\/#organization"},"potentialAction":[{"@type":"SearchAction","target":{"@type":"EntryPoint","urlTemplate":"https:\/\/dutchmicrodosing.com\/de\/?s={search_term_string}"},"query-input":{"@type":"PropertyValueSpecification","valueRequired":true,"valueName":"search_term_string"}}],"inLanguage":"de"},{"@type":"Organization","@id":"https:\/\/dutchmicrodosing.com\/de\/#organization","name":"Dutchmicrodosing","url":"https:\/\/dutchmicrodosing.com\/de\/","logo":{"@type":"ImageObject","inLanguage":"de","@id":"https:\/\/dutchmicrodosing.com\/de\/#\/schema\/logo\/image\/","url":"https:\/\/dutchmicrodosing.com\/wp-content\/uploads\/2021\/01\/microdosing-categorie-pic-nieuw.jpg","contentUrl":"https:\/\/dutchmicrodosing.com\/wp-content\/uploads\/2021\/01\/microdosing-categorie-pic-nieuw.jpg","width":500,"height":500,"caption":"Dutchmicrodosing"},"image":{"@id":"https:\/\/dutchmicrodosing.com\/de\/#\/schema\/logo\/image\/"},"sameAs":["https:\/\/www.facebook.com\/Dutchmicrodosingxp\/","https:\/\/www.instagram.com\/dutchmicrodosing\/"]}]},"product_price_amount":"9.95","product_price_currency":"EUR","og_availability":"instock","product_availability":"instock","product_retailer_item_id":"3210653","product_condition":"new"},"_links":{"self":[{"href":"https:\/\/dutchmicrodosing.com\/de\/wp-json\/wp\/v2\/product\/34598","targetHints":{"allow":["GET"]}}],"collection":[{"href":"https:\/\/dutchmicrodosing.com\/de\/wp-json\/wp\/v2\/product"}],"about":[{"href":"https:\/\/dutchmicrodosing.com\/de\/wp-json\/wp\/v2\/types\/product"}],"replies":[{"embeddable":true,"href":"https:\/\/dutchmicrodosing.com\/de\/wp-json\/wp\/v2\/comments?post=34598"}],"version-history":[{"count":0,"href":"https:\/\/dutchmicrodosing.com\/de\/wp-json\/wp\/v2\/product\/34598\/revisions"}],"wp:featuredmedia":[{"embeddable":true,"href":"https:\/\/dutchmicrodosing.com\/de\/wp-json\/wp\/v2\/media\/33378"}],"wp:attachment":[{"href":"https:\/\/dutchmicrodosing.com\/de\/wp-json\/wp\/v2\/media?parent=34598"}],"wp:term":[{"taxonomy":"product_brand","embeddable":true,"href":"https:\/\/dutchmicrodosing.com\/de\/wp-json\/wp\/v2\/product_brand?post=34598"},{"taxonomy":"product_cat","embeddable":true,"href":"https:\/\/dutchmicrodosing.com\/de\/wp-json\/wp\/v2\/product_cat?post=34598"},{"taxonomy":"product_tag","embeddable":true,"href":"https:\/\/dutchmicrodosing.com\/de\/wp-json\/wp\/v2\/product_tag?post=34598"}],"curies":[{"name":"wp","href":"https:\/\/api.w.org\/{rel}","templated":true}]}}