{"id":35828,"date":"2024-02-08T11:05:54","date_gmt":"2024-02-08T10:05:54","guid":{"rendered":"https:\/\/dutchmicrodosing.com\/shop\/unkategorisiert\/goldene-lehrer-trueffel\/"},"modified":"2026-02-03T16:42:46","modified_gmt":"2026-02-03T15:42:46","slug":"goldene-lehrer-trueffel","status":"publish","type":"product","link":"https:\/\/dutchmicrodosing.com\/de\/psilocybin-truffel\/magische-truffel\/goldene-lehrer-trueffel\/","title":{"rendered":"Goldener Lehrer Tr\u00fcffel 15 Gr"},"content":{"rendered":"<p>Diese <strong>Golden Teacher Tr\u00fcffel<\/strong> sind keine Tr\u00fcffel f\u00fcr Anf\u00e4nger. Mit einer St\u00e4rkeangabe von 6 Sternen ist dies ein beeindruckender magischer Tr\u00fcffel, der Ihnen helle Bilder beschert und in hohen Dosen sogar Halluzinationen hervorrufen kann. Der Goldene Lehrer ist eine wahre Effektbombe. Bewusstseinserweiterung, Lachen, Euphorie, Intensit\u00e4t, visuelle Eindr\u00fccke und leuchtende Farben sind nur einige der Effekte, mit denen der Goldene Lehrer Sie \u00fcberraschen kann.<\/p>\n<h2>Dosierung des Goldenen Lehrertr\u00fcffels<\/h2>\n<p>Diese Golden Teacher Tr\u00fcffel sind pro 15 Gramm speziell f\u00fcr starke Reisen verpackt. Sie k\u00f6nnen die superfrischen Tr\u00fcffel direkt aus der Packung verzehren oder einen Tee daraus machen. Am liebsten w\u00fcrde man die magischen Tr\u00fcffel immer essen. Es besteht n\u00e4mlich die M\u00f6glichkeit, dass Sie bei der Zubereitung von Tr\u00fcffeltee zu hei\u00dfes Wasser verwenden, wodurch die Wirkung des Psilocybins abgeschw\u00e4cht wird. Tr\u00fcffel wirken am besten auf n\u00fcchternen Magen. Um eine optimale Aufnahme zu gew\u00e4hrleisten, sollten Sie die Golden Teacher Tr\u00fcffel vor dem Verschlucken gut und lange kauen. Wenn du nicht an die Welt der Psilocybin-Tr\u00fcffel gew\u00f6hnt bist, beginne mit einer Dosis von 10 Gramm, um zu sehen, was es mit dir macht. Nach 40 Minuten k\u00f6nnen Sie entscheiden, ob Sie die restlichen 5 Gramm brauchen oder nicht. Welche Dosis f\u00fcr Sie geeignet ist, sehen Sie am Ende des Textes.<\/p>\n<h3>Verzehr von Tr\u00fcffeln<\/h3>\n<p>Tr\u00fcffel wirken am besten auf n\u00fcchternen Magen. Um die beste Wirkung zu erzielen, empfiehlt es sich, die Tr\u00fcffel vor dem Schlucken gut und lange zu kauen. Wenn Sie den Geschmack als unangenehm empfinden, k\u00f6nnen Sie einen Tee daraus machen.<\/p>\n<h3>Magische Tr\u00fcffel f\u00fcr die Teezubereitung<\/h3>\n<p>Den Tee zubereiten, die Tr\u00fcffel in St\u00fccke schneiden. Achten Sie darauf, dass Sie die Golden Teacher Tr\u00fcffel nicht in kochendes Wasser legen. Kochendes oder hei\u00dfes Wasser schw\u00e4cht die psychedelische Wirkung ab. Verwenden Sie f\u00fcr Tee Wasser mit einer H\u00f6chsttemperatur von 68 Grad Celsius. Lassen Sie die Tr\u00fcffel des Goldenen Lehrers 10-15 Minuten ziehen, bevor Sie den Tee trinken, und essen Sie die Tr\u00fcffel, um eine optimale Wirkung zu erzielen. Falls gew\u00fcnscht, k\u00f6nnen Sie Honig zum Abschmecken hinzuf\u00fcgen.<\/p>\n<h2>Wie lange dauert eine Reise mit Golden Teacher Magic Truffles<\/h2>\n<p>Die Dauer eines Tr\u00fcffelausflugs des Goldenen Lehrers betr\u00e4gt zwischen 5 und 6 Stunden. Die ersten Wirkungen werden nach der Einnahme nach etwa 45 Minuten sp\u00fcrbar.<\/p>\n<h2>Vorbereitungen f\u00fcr eine Reise mit Golden Teacher Magic Truffles<\/h2>\n<p>F\u00fcr die meisten Verbraucher ist das Erlebnis einer Tr\u00fcffelreise fantastisch und fast magisch. Manche Menschen k\u00f6nnen die visuellen Effekte oder die ver\u00e4nderte Wahrnehmung der Realit\u00e4t nicht ertragen und haben Angst. Dieses unangenehme Gef\u00fchl wird als Bad Trip bezeichnet. Keine Sorge, die Wirkung verschwindet nach ein paar Stunden. In diesen F\u00e4llen ist es sehr empfehlenswert, einen &#8222;Tripsitter&#8220; unter denjenigen zu haben, die die Tr\u00fcffel verwenden werden. Ein Tripsitter oder eine Betreuungsperson ist eine zuverl\u00e4ssige und bodenst\u00e4ndige Person, die mit diesen Situationen umgehen kann und bei Bedarf als emotionale St\u00fctze dient. Wir empfehlen, die Tr\u00fcffel in einer ruhigen und vertrauten Umgebung einzunehmen.<\/p>\n<p>Es ist auch ratsam, einen &#8220;Trip Stopper&#8220; im Haus zu haben. Tripstopper werden eingesetzt, wenn psychedelische Trips schnell schief gehen. Wenn du zum Beispiel w\u00e4hrend deines psychedelischen Trips mit Magic Mushrooms oder Tr\u00fcffeln mit Orientierungslosigkeit und intensiven visuellen Eindr\u00fccken zu k\u00e4mpfen hast, hilft dir ein Trip Stopper, den Rausch abzuschw\u00e4chen, die Angst zu lindern und auf den Boden der Tatsachen zur\u00fcckzukommen. Mit einem Trip Stopper sind Sie bestens f\u00fcr Ihre Reise ger\u00fcstet. Vor allem, wenn Sie zum ersten Mal auf einen psychedelischen Trip gehen, ist es ratsam, einen Trip Stopper in Reichweite zu haben, den wir ebenfalls verkaufen.<\/p>\n<h2>Aufbewahrung von Golden Teacher Tr\u00fcffeln<\/h2>\n<p>Wenn Sie die frischen Goldenen Lehrertr\u00fcffel nicht sofort essen m\u00f6chten, k\u00f6nnen Sie sie aufbewahren. Lagern Sie sie k\u00fchl und trocken. Der K\u00fchlschrank ist ein hervorragender Ort daf\u00fcr. Die ideale Temperatur liegt zwischen 2 und 4 Grad Celsius. Achten Sie auf das auf der Verpackung angegebene Verfallsdatum, um zu sehen, wie lange sie haltbar sind.<\/p>\n<h2>Warnung vor dem Produkt<\/h2>\n<ul>\n<li>Verwenden Sie keine Tr\u00fcffel, wenn Sie schlecht gelaunt, depressiv, psychotisch oder anderweitig geistig beeintr\u00e4chtigt sind. Magische Tr\u00fcffel sind nicht f\u00fcr Minderj\u00e4hrige oder schwangere Frauen geeignet, und es ist auch nicht ratsam, unter dem Einfluss von Psilocybin Auto zu fahren oder schwere Maschinen zu bedienen.<\/li>\n<li>Psilocybin-Tr\u00fcffel sollten niemals in Kombination mit Alkohol oder anderen (verschriebenen oder illegalen) Drogen eingenommen werden. Beginnen Sie mit einer kleinen Dosis und stellen Sie sicher, dass Sie sich in Ihrer Gesellschaft und Umgebung wohl f\u00fchlen.<\/li>\n<li>Alle unsere Magic Mushroom Tr\u00fcffel sind frisch verpackt. Man sollte sie im K\u00fchlschrank aufbewahren. Unge\u00f6ffnet kann man sie etwa 2 Monate im K\u00fchlschrank aufbewahren. Nach dem \u00d6ffnen sind die Tr\u00fcffel jedoch nur wenige Tage haltbar.<\/li>\n<\/ul>\n<h2>Reisedosierungsplan Magic Truffles<\/h2>\n<p>Diese Dosen sind f\u00fcr Personen gedacht, die sich zum ersten Mal mit Psilocybin-Tr\u00fcffeln vertraut machen wollen. Wenn du bereits Erfahrung mit Psilocybin-Tr\u00fcffeln oder Zauberpilzen hast, kannst du die Dosis nach deinem Wunsch erh\u00f6hen.<\/p>\n<p>Leichte Reise Leichte Reise Schwere Reise<\/p>\n<p>50 kg = 5 Gramm 6,7 Gramm 11,2 Gramm<br \/>\n60 kg = 6 Gramm 8 Gramm 13,4 Gramm<br \/>\n70 kg = 7 Gramm 9,3 Gramm 16 Gramm<br \/>\n80 kg = 8 Gramm 10,6 Gramm 18,2 Gramm<br \/>\n90 kg = 9 Gramm 11,9 Gramm 21 Gramm<br \/>\n100 kg = 10 Gramm 13,5 Gramm 23 Gramm<\/p>\n<h2>Magic Truffles N\u00e4hrwertangaben pro 100 Gramm:<\/h2>\n<ul>\n<li>Energie 464,7 kJ<\/li>\n<li>Energie 110,5 kcal<\/li>\n<li>Kohlenhydrate 13,2 Gramm<\/li>\n<li>Eiwei\u00df 5,3 Gramm<\/li>\n<li>Fett 0,4 Gramm<\/li>\n<li>Ballaststoffe 16,7 Gramm<\/li>\n<li>Salz (NaCl) 0,3 Gramm<\/li>\n<li>Vitamin D 10,0 IU<\/li>\n<li>Natrium (Na) 13,6 mg<\/li>\n<li>Phosphor (P) 169,3 mg<\/li>\n<li>Kalium (K) 210,0 mg<\/li>\n<li>Kalzium (Ca) 12,5 mg<\/li>\n<li>Eisen (F) 0,7 mg<\/li>\n<\/ul>\n","protected":false},"excerpt":{"rendered":"<p>Diese Golden Teacher Tr\u00fcffel sind keine Tr\u00fcffel f\u00fcr Anf\u00e4nger. Mit einer St\u00e4rkeangabe von 6 Sternen ist dies ein beeindruckender magischer Tr\u00fcffel, der Ihnen helle Bilder beschert und in hohen Dosen sogar Halluzinationen hervorrufen kann. Der Goldene Lehrer ist eine wahre Effektbombe. Bewusstseinserweiterung, Lachen, Euphorie, Intensit\u00e4t, visuelle Eindr\u00fccke und leuchtende Farben sind nur einige der Effekte, [&hellip;]<\/p>\n","protected":false},"featured_media":35922,"comment_status":"closed","ping_status":"closed","template":"","meta":[],"product_brand":[],"product_cat":[202],"product_tag":[],"class_list":{"0":"post-35828","1":"product","2":"type-product","3":"status-publish","4":"has-post-thumbnail","6":"product_cat-magische-truffel","8":"first","9":"instock","10":"taxable","11":"shipping-taxable","12":"purchasable","13":"product-type-simple"},"yoast_head":"<!-- This site is optimized with the Yoast SEO Premium plugin v26.4 (Yoast SEO v27.2) - https:\/\/yoast.com\/product\/yoast-seo-premium-wordpress\/ -->\n<title>Goldener Lehrer Tr\u00fcffel 15 Gr - Dutchmicrodosing<\/title>\n<meta name=\"robots\" content=\"index, follow, max-snippet:-1, max-image-preview:large, max-video-preview:-1\" \/>\n<link rel=\"canonical\" href=\"https:\/\/dutchmicrodosing.com\/de\/psilocybin-truffel\/magische-truffel\/goldene-lehrer-trueffel\/\" \/>\n<meta property=\"og:locale\" content=\"de_DE\" \/>\n<meta property=\"og:type\" content=\"article\" \/>\n<meta property=\"og:title\" content=\"Goldener Lehrer Tr\u00fcffel 15 Gr\" \/>\n<meta property=\"og:description\" content=\"Diese Golden Teacher Tr\u00fcffel sind keine Tr\u00fcffel f\u00fcr Anf\u00e4nger. Mit einer St\u00e4rkeangabe von 6 Sternen ist dies ein beeindruckender magischer Tr\u00fcffel, der\" \/>\n<meta property=\"og:url\" content=\"https:\/\/dutchmicrodosing.com\/de\/psilocybin-truffel\/magische-truffel\/goldene-lehrer-trueffel\/\" \/>\n<meta property=\"og:site_name\" content=\"Dutchmicrodosing\" \/>\n<meta property=\"article:publisher\" content=\"https:\/\/www.facebook.com\/Dutchmicrodosingxp\/\" \/>\n<meta property=\"article:modified_time\" content=\"2026-02-03T15:42:46+00:00\" \/>\n<meta property=\"og:image\" content=\"https:\/\/dutchmicrodosing.com\/wp-content\/uploads\/2024\/02\/Goldenteacher_product_shop1000x1000.jpg\" \/>\n\t<meta property=\"og:image:width\" content=\"1000\" \/>\n\t<meta property=\"og:image:height\" content=\"1000\" \/>\n\t<meta property=\"og:image:type\" content=\"image\/jpeg\" \/>\n<meta name=\"twitter:card\" content=\"summary_large_image\" \/>\n<script type=\"application\/ld+json\" class=\"yoast-schema-graph\">{\"@context\":\"https:\/\/schema.org\",\"@graph\":[{\"@type\":\"WebPage\",\"@id\":\"https:\/\/dutchmicrodosing.com\/de\/psilocybin-truffel\/magische-truffel\/goldene-lehrer-trueffel\/\",\"url\":\"https:\/\/dutchmicrodosing.com\/de\/psilocybin-truffel\/magische-truffel\/goldene-lehrer-trueffel\/\",\"name\":\"Goldener Lehrer Tr\u00fcffel 15 Gr - Dutchmicrodosing\",\"isPartOf\":{\"@id\":\"https:\/\/dutchmicrodosing.com\/de\/#website\"},\"primaryImageOfPage\":{\"@id\":\"https:\/\/dutchmicrodosing.com\/de\/psilocybin-truffel\/magische-truffel\/goldene-lehrer-trueffel\/#primaryimage\"},\"image\":{\"@id\":\"https:\/\/dutchmicrodosing.com\/de\/psilocybin-truffel\/magische-truffel\/goldene-lehrer-trueffel\/#primaryimage\"},\"thumbnailUrl\":\"https:\/\/dutchmicrodosing.com\/wp-content\/uploads\/2024\/02\/Goldenteacher_product_shop1000x1000.jpg\",\"datePublished\":\"2024-02-08T10:05:54+00:00\",\"dateModified\":\"2026-02-03T15:42:46+00:00\",\"breadcrumb\":{\"@id\":\"https:\/\/dutchmicrodosing.com\/de\/psilocybin-truffel\/magische-truffel\/goldene-lehrer-trueffel\/#breadcrumb\"},\"inLanguage\":\"de\",\"potentialAction\":[{\"@type\":\"ReadAction\",\"target\":[\"https:\/\/dutchmicrodosing.com\/de\/psilocybin-truffel\/magische-truffel\/goldene-lehrer-trueffel\/\"]}]},{\"@type\":\"ImageObject\",\"inLanguage\":\"de\",\"@id\":\"https:\/\/dutchmicrodosing.com\/de\/psilocybin-truffel\/magische-truffel\/goldene-lehrer-trueffel\/#primaryimage\",\"url\":\"https:\/\/dutchmicrodosing.com\/wp-content\/uploads\/2024\/02\/Goldenteacher_product_shop1000x1000.jpg\",\"contentUrl\":\"https:\/\/dutchmicrodosing.com\/wp-content\/uploads\/2024\/02\/Goldenteacher_product_shop1000x1000.jpg\",\"width\":1000,\"height\":1000},{\"@type\":\"BreadcrumbList\",\"@id\":\"https:\/\/dutchmicrodosing.com\/de\/psilocybin-truffel\/magische-truffel\/goldene-lehrer-trueffel\/#breadcrumb\",\"itemListElement\":[{\"@type\":\"ListItem\",\"position\":1,\"name\":\"Home\",\"item\":\"https:\/\/dutchmicrodosing.com\/de\/\"},{\"@type\":\"ListItem\",\"position\":2,\"name\":\"Shop\",\"item\":\"https:\/\/dutchmicrodosing.com\/de\/shop\/\"},{\"@type\":\"ListItem\",\"position\":3,\"name\":\"Goldener Lehrer Tr\u00fcffel 15 Gr\"}]},{\"@type\":\"WebSite\",\"@id\":\"https:\/\/dutchmicrodosing.com\/de\/#website\",\"url\":\"https:\/\/dutchmicrodosing.com\/de\/\",\"name\":\"Dutchmicrodosing\",\"description\":\"\",\"publisher\":{\"@id\":\"https:\/\/dutchmicrodosing.com\/de\/#organization\"},\"potentialAction\":[{\"@type\":\"SearchAction\",\"target\":{\"@type\":\"EntryPoint\",\"urlTemplate\":\"https:\/\/dutchmicrodosing.com\/de\/?s={search_term_string}\"},\"query-input\":{\"@type\":\"PropertyValueSpecification\",\"valueRequired\":true,\"valueName\":\"search_term_string\"}}],\"inLanguage\":\"de\"},{\"@type\":\"Organization\",\"@id\":\"https:\/\/dutchmicrodosing.com\/de\/#organization\",\"name\":\"Dutchmicrodosing\",\"url\":\"https:\/\/dutchmicrodosing.com\/de\/\",\"logo\":{\"@type\":\"ImageObject\",\"inLanguage\":\"de\",\"@id\":\"https:\/\/dutchmicrodosing.com\/de\/#\/schema\/logo\/image\/\",\"url\":\"https:\/\/dutchmicrodosing.com\/wp-content\/uploads\/2021\/01\/microdosing-categorie-pic-nieuw.jpg\",\"contentUrl\":\"https:\/\/dutchmicrodosing.com\/wp-content\/uploads\/2021\/01\/microdosing-categorie-pic-nieuw.jpg\",\"width\":500,\"height\":500,\"caption\":\"Dutchmicrodosing\"},\"image\":{\"@id\":\"https:\/\/dutchmicrodosing.com\/de\/#\/schema\/logo\/image\/\"},\"sameAs\":[\"https:\/\/www.facebook.com\/Dutchmicrodosingxp\/\",\"https:\/\/www.instagram.com\/dutchmicrodosing\/\"]}]}<\/script>\n<meta property=\"product:price:amount\" content=\"16.95\" \/>\n<meta property=\"product:price:currency\" content=\"EUR\" \/>\n<meta property=\"og:availability\" content=\"instock\" \/>\n<meta property=\"product:availability\" content=\"instock\" \/>\n<meta property=\"product:retailer_item_id\" content=\"4202774\" \/>\n<meta property=\"product:condition\" content=\"new\" \/>\n<!-- \/ Yoast SEO Premium plugin. -->","yoast_head_json":{"title":"Goldener Lehrer Tr\u00fcffel 15 Gr - Dutchmicrodosing","robots":{"index":"index","follow":"follow","max-snippet":"max-snippet:-1","max-image-preview":"max-image-preview:large","max-video-preview":"max-video-preview:-1"},"canonical":"https:\/\/dutchmicrodosing.com\/de\/psilocybin-truffel\/magische-truffel\/goldene-lehrer-trueffel\/","og_locale":"de_DE","og_type":"article","og_title":"Goldener Lehrer Tr\u00fcffel 15 Gr","og_description":"Diese Golden Teacher Tr\u00fcffel sind keine Tr\u00fcffel f\u00fcr Anf\u00e4nger. Mit einer St\u00e4rkeangabe von 6 Sternen ist dies ein beeindruckender magischer Tr\u00fcffel, der","og_url":"https:\/\/dutchmicrodosing.com\/de\/psilocybin-truffel\/magische-truffel\/goldene-lehrer-trueffel\/","og_site_name":"Dutchmicrodosing","article_publisher":"https:\/\/www.facebook.com\/Dutchmicrodosingxp\/","article_modified_time":"2026-02-03T15:42:46+00:00","og_image":[{"width":1000,"height":1000,"url":"https:\/\/dutchmicrodosing.com\/wp-content\/uploads\/2024\/02\/Goldenteacher_product_shop1000x1000.jpg","type":"image\/jpeg"}],"twitter_card":"summary_large_image","schema":{"@context":"https:\/\/schema.org","@graph":[{"@type":"WebPage","@id":"https:\/\/dutchmicrodosing.com\/de\/psilocybin-truffel\/magische-truffel\/goldene-lehrer-trueffel\/","url":"https:\/\/dutchmicrodosing.com\/de\/psilocybin-truffel\/magische-truffel\/goldene-lehrer-trueffel\/","name":"Goldener Lehrer Tr\u00fcffel 15 Gr - Dutchmicrodosing","isPartOf":{"@id":"https:\/\/dutchmicrodosing.com\/de\/#website"},"primaryImageOfPage":{"@id":"https:\/\/dutchmicrodosing.com\/de\/psilocybin-truffel\/magische-truffel\/goldene-lehrer-trueffel\/#primaryimage"},"image":{"@id":"https:\/\/dutchmicrodosing.com\/de\/psilocybin-truffel\/magische-truffel\/goldene-lehrer-trueffel\/#primaryimage"},"thumbnailUrl":"https:\/\/dutchmicrodosing.com\/wp-content\/uploads\/2024\/02\/Goldenteacher_product_shop1000x1000.jpg","datePublished":"2024-02-08T10:05:54+00:00","dateModified":"2026-02-03T15:42:46+00:00","breadcrumb":{"@id":"https:\/\/dutchmicrodosing.com\/de\/psilocybin-truffel\/magische-truffel\/goldene-lehrer-trueffel\/#breadcrumb"},"inLanguage":"de","potentialAction":[{"@type":"ReadAction","target":["https:\/\/dutchmicrodosing.com\/de\/psilocybin-truffel\/magische-truffel\/goldene-lehrer-trueffel\/"]}]},{"@type":"ImageObject","inLanguage":"de","@id":"https:\/\/dutchmicrodosing.com\/de\/psilocybin-truffel\/magische-truffel\/goldene-lehrer-trueffel\/#primaryimage","url":"https:\/\/dutchmicrodosing.com\/wp-content\/uploads\/2024\/02\/Goldenteacher_product_shop1000x1000.jpg","contentUrl":"https:\/\/dutchmicrodosing.com\/wp-content\/uploads\/2024\/02\/Goldenteacher_product_shop1000x1000.jpg","width":1000,"height":1000},{"@type":"BreadcrumbList","@id":"https:\/\/dutchmicrodosing.com\/de\/psilocybin-truffel\/magische-truffel\/goldene-lehrer-trueffel\/#breadcrumb","itemListElement":[{"@type":"ListItem","position":1,"name":"Home","item":"https:\/\/dutchmicrodosing.com\/de\/"},{"@type":"ListItem","position":2,"name":"Shop","item":"https:\/\/dutchmicrodosing.com\/de\/shop\/"},{"@type":"ListItem","position":3,"name":"Goldener Lehrer Tr\u00fcffel 15 Gr"}]},{"@type":"WebSite","@id":"https:\/\/dutchmicrodosing.com\/de\/#website","url":"https:\/\/dutchmicrodosing.com\/de\/","name":"Dutchmicrodosing","description":"","publisher":{"@id":"https:\/\/dutchmicrodosing.com\/de\/#organization"},"potentialAction":[{"@type":"SearchAction","target":{"@type":"EntryPoint","urlTemplate":"https:\/\/dutchmicrodosing.com\/de\/?s={search_term_string}"},"query-input":{"@type":"PropertyValueSpecification","valueRequired":true,"valueName":"search_term_string"}}],"inLanguage":"de"},{"@type":"Organization","@id":"https:\/\/dutchmicrodosing.com\/de\/#organization","name":"Dutchmicrodosing","url":"https:\/\/dutchmicrodosing.com\/de\/","logo":{"@type":"ImageObject","inLanguage":"de","@id":"https:\/\/dutchmicrodosing.com\/de\/#\/schema\/logo\/image\/","url":"https:\/\/dutchmicrodosing.com\/wp-content\/uploads\/2021\/01\/microdosing-categorie-pic-nieuw.jpg","contentUrl":"https:\/\/dutchmicrodosing.com\/wp-content\/uploads\/2021\/01\/microdosing-categorie-pic-nieuw.jpg","width":500,"height":500,"caption":"Dutchmicrodosing"},"image":{"@id":"https:\/\/dutchmicrodosing.com\/de\/#\/schema\/logo\/image\/"},"sameAs":["https:\/\/www.facebook.com\/Dutchmicrodosingxp\/","https:\/\/www.instagram.com\/dutchmicrodosing\/"]}]},"product_price_amount":"16.95","product_price_currency":"EUR","og_availability":"instock","product_availability":"instock","product_retailer_item_id":"4202774","product_condition":"new"},"_links":{"self":[{"href":"https:\/\/dutchmicrodosing.com\/de\/wp-json\/wp\/v2\/product\/35828","targetHints":{"allow":["GET"]}}],"collection":[{"href":"https:\/\/dutchmicrodosing.com\/de\/wp-json\/wp\/v2\/product"}],"about":[{"href":"https:\/\/dutchmicrodosing.com\/de\/wp-json\/wp\/v2\/types\/product"}],"replies":[{"embeddable":true,"href":"https:\/\/dutchmicrodosing.com\/de\/wp-json\/wp\/v2\/comments?post=35828"}],"version-history":[{"count":1,"href":"https:\/\/dutchmicrodosing.com\/de\/wp-json\/wp\/v2\/product\/35828\/revisions"}],"predecessor-version":[{"id":64311,"href":"https:\/\/dutchmicrodosing.com\/de\/wp-json\/wp\/v2\/product\/35828\/revisions\/64311"}],"wp:featuredmedia":[{"embeddable":true,"href":"https:\/\/dutchmicrodosing.com\/de\/wp-json\/wp\/v2\/media\/35922"}],"wp:attachment":[{"href":"https:\/\/dutchmicrodosing.com\/de\/wp-json\/wp\/v2\/media?parent=35828"}],"wp:term":[{"taxonomy":"product_brand","embeddable":true,"href":"https:\/\/dutchmicrodosing.com\/de\/wp-json\/wp\/v2\/product_brand?post=35828"},{"taxonomy":"product_cat","embeddable":true,"href":"https:\/\/dutchmicrodosing.com\/de\/wp-json\/wp\/v2\/product_cat?post=35828"},{"taxonomy":"product_tag","embeddable":true,"href":"https:\/\/dutchmicrodosing.com\/de\/wp-json\/wp\/v2\/product_tag?post=35828"}],"curies":[{"name":"wp","href":"https:\/\/api.w.org\/{rel}","templated":true}]}}