{"id":36712,"date":"2024-02-17T16:22:37","date_gmt":"2024-02-17T15:22:37","guid":{"rendered":"https:\/\/dutchmicrodosing.com\/shop\/unkategorisiert\/rohe-kakao-nibs-ecuador-keramik-qualitaet\/"},"modified":"2026-05-04T15:05:27","modified_gmt":"2026-05-04T13:05:27","slug":"rohe-kakao-nibs-ecuador-keramik-qualitaet","status":"publish","type":"product","link":"https:\/\/dutchmicrodosing.com\/de\/reformhaus\/energie-erganzungen\/rohe-kakao-nibs-ecuador-keramik-qualitaet\/","title":{"rendered":"Raw Cacao Nibs Peru &#8211; Zeremonielle Qualit\u00e4t"},"content":{"rendered":"<p>Organic <strong>Raw Cacao Nibs Peru<\/strong> sind reine, rohe Kakaost\u00fccke aus Peru mit einem intensiven, vollen Geschmack. Perfekt f\u00fcr alle, die nat\u00fcrliche Zutaten, ein reiches Kakaoaroma und einen herrlichen Crunch im Fr\u00fchst\u00fcck, in Snacks, Desserts oder bei zeremoniellen Momenten lieben.<\/p>\n<h3>Eigenschaften Raw Cacao Nibs Peru<\/h3>\n<p>Diese biologischen Kakao-Nibs stammen von sorgf\u00e4ltig ausgew\u00e4hlten Kakaobohnen aus Peru. Sie haben einen kr\u00e4ftigen, reinen Kakaogeschmack und passen perfekt in einen bewussten, nat\u00fcrlichen Lifestyle. Dank ihres festen Bisses sind sie ideal als Topping f\u00fcr Joghurt, Smoothie-Bowls, Haferflocken, Desserts oder selbstgemachte Schokoladenkreationen.<\/p>\n<p>Die Kakao-Nibs sind biologisch zertifiziert, rein in der Zusammensetzung und mit Fokus auf Qualit\u00e4t, Herkunft und Nachhaltigkeit ausgew\u00e4hlt.<\/p>\n<h3>Zutaten und Zusammensetzung<\/h3>\n<p>100 % zeremonielle Raw Cacao Nibs aus Peru.<\/p>\n<h3>Verwenden Sie<\/h3>\n<p>Sie k\u00f6nnen die Kakao-Nibs direkt essen oder Ihren Lieblingsgerichten und -getr\u00e4nken hinzuf\u00fcgen. Streuen Sie diese zum Beispiel \u00fcber Fr\u00fchst\u00fccks-Bowls, mischen Sie sie in Smoothies, verwenden Sie sie in Backwaren oder geben Sie sie f\u00fcr ein vollmundiges Kakaogetr\u00e4nk in warme Pflanzenmilch.<\/p>\n<p>Nehmen Sie sich Zeit, schaffen Sie eine angenehme Umgebung und nutzen Sie den Kakao auf eine Weise, die zu Ihrer pers\u00f6nlichen Intention oder Ihrem Moment der Achtsamkeit passt.<\/p>\n<h3>Inhalt<\/h3>\n<p>200 g Organic Raw Cacao Nibs Peru.<\/p>\n<h3>Haftungsausschluss<\/h3>\n<p><em>Der Inhalt dieses Textes dient nur zu Informationszwecken und ist kein Ersatz f\u00fcr eine professionelle Beratung. Dieses Produkt ist kein Arzneimittel und dient nicht zur Diagnose, Behandlung oder Heilung von Krankheiten. Bitte wenden Sie sich bei speziellen Fragen zur Verwendung dieses Produkts an einen Fachmann. Einige wissenschaftliche Studien \u00fcber die Wirkung dieses Produkts sind noch nicht abgeschlossen und nicht alle Behauptungen sind endg\u00fcltig best\u00e4tigt worden.<\/em><\/p>\n","protected":false},"excerpt":{"rendered":"<p>Organic Raw Cacao Nibs Peru sind reine, rohe Kakaost\u00fccke aus Peru mit einem intensiven, vollen Geschmack. Perfekt f\u00fcr alle, die nat\u00fcrliche Zutaten, ein reiches Kakaoaroma und einen herrlichen Crunch im Fr\u00fchst\u00fcck, in Snacks, Desserts oder bei zeremoniellen Momenten lieben. Eigenschaften Raw Cacao Nibs Peru Diese biologischen Kakao-Nibs stammen von sorgf\u00e4ltig ausgew\u00e4hlten Kakaobohnen aus Peru. Sie [&hellip;]<\/p>\n","protected":false},"featured_media":36602,"comment_status":"closed","ping_status":"closed","template":"","meta":[],"product_brand":[],"product_cat":[337,292,293],"product_tag":[],"class_list":{"0":"post-36712","1":"product","2":"type-product","3":"status-publish","4":"has-post-thumbnail","6":"product_cat-roher-kakao","7":"product_cat-energie-erganzungen","8":"product_cat-erganzungen-fur-das-immunsystem","10":"first","11":"instock","12":"taxable","13":"shipping-taxable","14":"purchasable","15":"product-type-simple"},"yoast_head":"<!-- This site is optimized with the Yoast SEO Premium plugin v26.4 (Yoast SEO v27.4) - https:\/\/yoast.com\/product\/yoast-seo-premium-wordpress\/ -->\n<title>Raw Cacao Nibs Peru - Zeremonielle Qualit\u00e4t - Dutchmicrodosing<\/title>\n<meta name=\"description\" content=\"Biologische Raw Cacao Nibs aus Peru mit einem reinen, intensiven Geschmack. Perfekt f\u00fcr Fr\u00fchst\u00fcck, Snacks, Desserts und zeremonielle Kakao-Momente.\" \/>\n<meta name=\"robots\" content=\"index, follow, max-snippet:-1, max-image-preview:large, max-video-preview:-1\" \/>\n<link rel=\"canonical\" href=\"https:\/\/dutchmicrodosing.com\/de\/reformhaus\/energie-erganzungen\/rohe-kakao-nibs-ecuador-keramik-qualitaet\/\" \/>\n<meta property=\"og:locale\" content=\"de_DE\" \/>\n<meta property=\"og:type\" content=\"article\" \/>\n<meta property=\"og:title\" content=\"Raw Cacao Nibs Peru - Zeremonielle Qualit\u00e4t\" \/>\n<meta property=\"og:description\" content=\"Organic Raw Cacao Nibs Peru sind reine, rohe Kakaost\u00fccke aus Peru mit einem intensiven, vollen Geschmack. Perfekt f\u00fcr alle, die nat\u00fcrliche Zutaten, ein\" \/>\n<meta property=\"og:url\" content=\"https:\/\/dutchmicrodosing.com\/de\/reformhaus\/energie-erganzungen\/rohe-kakao-nibs-ecuador-keramik-qualitaet\/\" \/>\n<meta property=\"og:site_name\" content=\"Dutchmicrodosing\" \/>\n<meta property=\"article:publisher\" content=\"https:\/\/www.facebook.com\/Dutchmicrodosingxp\/\" \/>\n<meta property=\"article:modified_time\" content=\"2026-05-04T13:05:27+00:00\" \/>\n<meta property=\"og:image\" content=\"https:\/\/dutchmicrodosing.com\/wp-content\/uploads\/2024\/02\/shutterstock_385625917-scaled.jpg\" \/>\n\t<meta property=\"og:image:width\" content=\"2560\" \/>\n\t<meta property=\"og:image:height\" content=\"2310\" \/>\n\t<meta property=\"og:image:type\" content=\"image\/jpeg\" \/>\n<meta name=\"twitter:card\" content=\"summary_large_image\" \/>\n<script type=\"application\/ld+json\" class=\"yoast-schema-graph\">{\"@context\":\"https:\\\/\\\/schema.org\",\"@graph\":[{\"@type\":\"WebPage\",\"@id\":\"https:\\\/\\\/dutchmicrodosing.com\\\/de\\\/reformhaus\\\/energie-erganzungen\\\/rohe-kakao-nibs-ecuador-keramik-qualitaet\\\/\",\"url\":\"https:\\\/\\\/dutchmicrodosing.com\\\/de\\\/reformhaus\\\/energie-erganzungen\\\/rohe-kakao-nibs-ecuador-keramik-qualitaet\\\/\",\"name\":\"Raw Cacao Nibs Peru - Zeremonielle Qualit\u00e4t - Dutchmicrodosing\",\"isPartOf\":{\"@id\":\"https:\\\/\\\/dutchmicrodosing.com\\\/de\\\/#website\"},\"primaryImageOfPage\":{\"@id\":\"https:\\\/\\\/dutchmicrodosing.com\\\/de\\\/reformhaus\\\/energie-erganzungen\\\/rohe-kakao-nibs-ecuador-keramik-qualitaet\\\/#primaryimage\"},\"image\":{\"@id\":\"https:\\\/\\\/dutchmicrodosing.com\\\/de\\\/reformhaus\\\/energie-erganzungen\\\/rohe-kakao-nibs-ecuador-keramik-qualitaet\\\/#primaryimage\"},\"thumbnailUrl\":\"https:\\\/\\\/dutchmicrodosing.com\\\/wp-content\\\/uploads\\\/2024\\\/02\\\/shutterstock_385625917-scaled.jpg\",\"datePublished\":\"2024-02-17T15:22:37+00:00\",\"dateModified\":\"2026-05-04T13:05:27+00:00\",\"description\":\"Biologische Raw Cacao Nibs aus Peru mit einem reinen, intensiven Geschmack. Perfekt f\u00fcr Fr\u00fchst\u00fcck, Snacks, Desserts und zeremonielle Kakao-Momente.\",\"breadcrumb\":{\"@id\":\"https:\\\/\\\/dutchmicrodosing.com\\\/de\\\/reformhaus\\\/energie-erganzungen\\\/rohe-kakao-nibs-ecuador-keramik-qualitaet\\\/#breadcrumb\"},\"inLanguage\":\"de\",\"potentialAction\":[{\"@type\":\"ReadAction\",\"target\":[\"https:\\\/\\\/dutchmicrodosing.com\\\/de\\\/reformhaus\\\/energie-erganzungen\\\/rohe-kakao-nibs-ecuador-keramik-qualitaet\\\/\"]}]},{\"@type\":\"ImageObject\",\"inLanguage\":\"de\",\"@id\":\"https:\\\/\\\/dutchmicrodosing.com\\\/de\\\/reformhaus\\\/energie-erganzungen\\\/rohe-kakao-nibs-ecuador-keramik-qualitaet\\\/#primaryimage\",\"url\":\"https:\\\/\\\/dutchmicrodosing.com\\\/wp-content\\\/uploads\\\/2024\\\/02\\\/shutterstock_385625917-scaled.jpg\",\"contentUrl\":\"https:\\\/\\\/dutchmicrodosing.com\\\/wp-content\\\/uploads\\\/2024\\\/02\\\/shutterstock_385625917-scaled.jpg\",\"width\":2560,\"height\":2310,\"caption\":\"Raw Cacao Nibs Peru\"},{\"@type\":\"BreadcrumbList\",\"@id\":\"https:\\\/\\\/dutchmicrodosing.com\\\/de\\\/reformhaus\\\/energie-erganzungen\\\/rohe-kakao-nibs-ecuador-keramik-qualitaet\\\/#breadcrumb\",\"itemListElement\":[{\"@type\":\"ListItem\",\"position\":1,\"name\":\"Home\",\"item\":\"https:\\\/\\\/dutchmicrodosing.com\\\/de\\\/\"},{\"@type\":\"ListItem\",\"position\":2,\"name\":\"Shop\",\"item\":\"https:\\\/\\\/dutchmicrodosing.com\\\/de\\\/shop\\\/\"},{\"@type\":\"ListItem\",\"position\":3,\"name\":\"Raw Cacao Nibs Peru &#8211; Zeremonielle Qualit\u00e4t\"}]},{\"@type\":\"WebSite\",\"@id\":\"https:\\\/\\\/dutchmicrodosing.com\\\/de\\\/#website\",\"url\":\"https:\\\/\\\/dutchmicrodosing.com\\\/de\\\/\",\"name\":\"Dutchmicrodosing\",\"description\":\"\",\"publisher\":{\"@id\":\"https:\\\/\\\/dutchmicrodosing.com\\\/de\\\/#organization\"},\"potentialAction\":[{\"@type\":\"SearchAction\",\"target\":{\"@type\":\"EntryPoint\",\"urlTemplate\":\"https:\\\/\\\/dutchmicrodosing.com\\\/de\\\/?s={search_term_string}\"},\"query-input\":{\"@type\":\"PropertyValueSpecification\",\"valueRequired\":true,\"valueName\":\"search_term_string\"}}],\"inLanguage\":\"de\"},{\"@type\":\"Organization\",\"@id\":\"https:\\\/\\\/dutchmicrodosing.com\\\/de\\\/#organization\",\"name\":\"Dutchmicrodosing\",\"url\":\"https:\\\/\\\/dutchmicrodosing.com\\\/de\\\/\",\"logo\":{\"@type\":\"ImageObject\",\"inLanguage\":\"de\",\"@id\":\"https:\\\/\\\/dutchmicrodosing.com\\\/de\\\/#\\\/schema\\\/logo\\\/image\\\/\",\"url\":\"https:\\\/\\\/dutchmicrodosing.com\\\/wp-content\\\/uploads\\\/2021\\\/01\\\/microdosing-categorie-pic-nieuw.jpg\",\"contentUrl\":\"https:\\\/\\\/dutchmicrodosing.com\\\/wp-content\\\/uploads\\\/2021\\\/01\\\/microdosing-categorie-pic-nieuw.jpg\",\"width\":500,\"height\":500,\"caption\":\"Dutchmicrodosing\"},\"image\":{\"@id\":\"https:\\\/\\\/dutchmicrodosing.com\\\/de\\\/#\\\/schema\\\/logo\\\/image\\\/\"},\"sameAs\":[\"https:\\\/\\\/www.facebook.com\\\/Dutchmicrodosingxp\\\/\",\"https:\\\/\\\/www.instagram.com\\\/dutchmicrodosing\\\/\"]}]}<\/script>\n<meta property=\"product:price:amount\" content=\"14.95\" \/>\n<meta property=\"product:price:currency\" content=\"EUR\" \/>\n<meta property=\"og:availability\" content=\"instock\" \/>\n<meta property=\"product:availability\" content=\"instock\" \/>\n<meta property=\"product:retailer_item_id\" content=\"4202293\" \/>\n<meta property=\"product:condition\" content=\"new\" \/>\n<!-- \/ Yoast SEO Premium plugin. -->","yoast_head_json":{"title":"Raw Cacao Nibs Peru - Zeremonielle Qualit\u00e4t - Dutchmicrodosing","description":"Biologische Raw Cacao Nibs aus Peru mit einem reinen, intensiven Geschmack. Perfekt f\u00fcr Fr\u00fchst\u00fcck, Snacks, Desserts und zeremonielle Kakao-Momente.","robots":{"index":"index","follow":"follow","max-snippet":"max-snippet:-1","max-image-preview":"max-image-preview:large","max-video-preview":"max-video-preview:-1"},"canonical":"https:\/\/dutchmicrodosing.com\/de\/reformhaus\/energie-erganzungen\/rohe-kakao-nibs-ecuador-keramik-qualitaet\/","og_locale":"de_DE","og_type":"article","og_title":"Raw Cacao Nibs Peru - Zeremonielle Qualit\u00e4t","og_description":"Organic Raw Cacao Nibs Peru sind reine, rohe Kakaost\u00fccke aus Peru mit einem intensiven, vollen Geschmack. Perfekt f\u00fcr alle, die nat\u00fcrliche Zutaten, ein","og_url":"https:\/\/dutchmicrodosing.com\/de\/reformhaus\/energie-erganzungen\/rohe-kakao-nibs-ecuador-keramik-qualitaet\/","og_site_name":"Dutchmicrodosing","article_publisher":"https:\/\/www.facebook.com\/Dutchmicrodosingxp\/","article_modified_time":"2026-05-04T13:05:27+00:00","og_image":[{"width":2560,"height":2310,"url":"https:\/\/dutchmicrodosing.com\/wp-content\/uploads\/2024\/02\/shutterstock_385625917-scaled.jpg","type":"image\/jpeg"}],"twitter_card":"summary_large_image","schema":{"@context":"https:\/\/schema.org","@graph":[{"@type":"WebPage","@id":"https:\/\/dutchmicrodosing.com\/de\/reformhaus\/energie-erganzungen\/rohe-kakao-nibs-ecuador-keramik-qualitaet\/","url":"https:\/\/dutchmicrodosing.com\/de\/reformhaus\/energie-erganzungen\/rohe-kakao-nibs-ecuador-keramik-qualitaet\/","name":"Raw Cacao Nibs Peru - Zeremonielle Qualit\u00e4t - Dutchmicrodosing","isPartOf":{"@id":"https:\/\/dutchmicrodosing.com\/de\/#website"},"primaryImageOfPage":{"@id":"https:\/\/dutchmicrodosing.com\/de\/reformhaus\/energie-erganzungen\/rohe-kakao-nibs-ecuador-keramik-qualitaet\/#primaryimage"},"image":{"@id":"https:\/\/dutchmicrodosing.com\/de\/reformhaus\/energie-erganzungen\/rohe-kakao-nibs-ecuador-keramik-qualitaet\/#primaryimage"},"thumbnailUrl":"https:\/\/dutchmicrodosing.com\/wp-content\/uploads\/2024\/02\/shutterstock_385625917-scaled.jpg","datePublished":"2024-02-17T15:22:37+00:00","dateModified":"2026-05-04T13:05:27+00:00","description":"Biologische Raw Cacao Nibs aus Peru mit einem reinen, intensiven Geschmack. Perfekt f\u00fcr Fr\u00fchst\u00fcck, Snacks, Desserts und zeremonielle Kakao-Momente.","breadcrumb":{"@id":"https:\/\/dutchmicrodosing.com\/de\/reformhaus\/energie-erganzungen\/rohe-kakao-nibs-ecuador-keramik-qualitaet\/#breadcrumb"},"inLanguage":"de","potentialAction":[{"@type":"ReadAction","target":["https:\/\/dutchmicrodosing.com\/de\/reformhaus\/energie-erganzungen\/rohe-kakao-nibs-ecuador-keramik-qualitaet\/"]}]},{"@type":"ImageObject","inLanguage":"de","@id":"https:\/\/dutchmicrodosing.com\/de\/reformhaus\/energie-erganzungen\/rohe-kakao-nibs-ecuador-keramik-qualitaet\/#primaryimage","url":"https:\/\/dutchmicrodosing.com\/wp-content\/uploads\/2024\/02\/shutterstock_385625917-scaled.jpg","contentUrl":"https:\/\/dutchmicrodosing.com\/wp-content\/uploads\/2024\/02\/shutterstock_385625917-scaled.jpg","width":2560,"height":2310,"caption":"Raw Cacao Nibs Peru"},{"@type":"BreadcrumbList","@id":"https:\/\/dutchmicrodosing.com\/de\/reformhaus\/energie-erganzungen\/rohe-kakao-nibs-ecuador-keramik-qualitaet\/#breadcrumb","itemListElement":[{"@type":"ListItem","position":1,"name":"Home","item":"https:\/\/dutchmicrodosing.com\/de\/"},{"@type":"ListItem","position":2,"name":"Shop","item":"https:\/\/dutchmicrodosing.com\/de\/shop\/"},{"@type":"ListItem","position":3,"name":"Raw Cacao Nibs Peru &#8211; Zeremonielle Qualit\u00e4t"}]},{"@type":"WebSite","@id":"https:\/\/dutchmicrodosing.com\/de\/#website","url":"https:\/\/dutchmicrodosing.com\/de\/","name":"Dutchmicrodosing","description":"","publisher":{"@id":"https:\/\/dutchmicrodosing.com\/de\/#organization"},"potentialAction":[{"@type":"SearchAction","target":{"@type":"EntryPoint","urlTemplate":"https:\/\/dutchmicrodosing.com\/de\/?s={search_term_string}"},"query-input":{"@type":"PropertyValueSpecification","valueRequired":true,"valueName":"search_term_string"}}],"inLanguage":"de"},{"@type":"Organization","@id":"https:\/\/dutchmicrodosing.com\/de\/#organization","name":"Dutchmicrodosing","url":"https:\/\/dutchmicrodosing.com\/de\/","logo":{"@type":"ImageObject","inLanguage":"de","@id":"https:\/\/dutchmicrodosing.com\/de\/#\/schema\/logo\/image\/","url":"https:\/\/dutchmicrodosing.com\/wp-content\/uploads\/2021\/01\/microdosing-categorie-pic-nieuw.jpg","contentUrl":"https:\/\/dutchmicrodosing.com\/wp-content\/uploads\/2021\/01\/microdosing-categorie-pic-nieuw.jpg","width":500,"height":500,"caption":"Dutchmicrodosing"},"image":{"@id":"https:\/\/dutchmicrodosing.com\/de\/#\/schema\/logo\/image\/"},"sameAs":["https:\/\/www.facebook.com\/Dutchmicrodosingxp\/","https:\/\/www.instagram.com\/dutchmicrodosing\/"]}]},"product_price_amount":"14.95","product_price_currency":"EUR","og_availability":"instock","product_availability":"instock","product_retailer_item_id":"4202293","product_condition":"new"},"_links":{"self":[{"href":"https:\/\/dutchmicrodosing.com\/de\/wp-json\/wp\/v2\/product\/36712","targetHints":{"allow":["GET"]}}],"collection":[{"href":"https:\/\/dutchmicrodosing.com\/de\/wp-json\/wp\/v2\/product"}],"about":[{"href":"https:\/\/dutchmicrodosing.com\/de\/wp-json\/wp\/v2\/types\/product"}],"replies":[{"embeddable":true,"href":"https:\/\/dutchmicrodosing.com\/de\/wp-json\/wp\/v2\/comments?post=36712"}],"version-history":[{"count":1,"href":"https:\/\/dutchmicrodosing.com\/de\/wp-json\/wp\/v2\/product\/36712\/revisions"}],"predecessor-version":[{"id":65603,"href":"https:\/\/dutchmicrodosing.com\/de\/wp-json\/wp\/v2\/product\/36712\/revisions\/65603"}],"wp:featuredmedia":[{"embeddable":true,"href":"https:\/\/dutchmicrodosing.com\/de\/wp-json\/wp\/v2\/media\/36602"}],"wp:attachment":[{"href":"https:\/\/dutchmicrodosing.com\/de\/wp-json\/wp\/v2\/media?parent=36712"}],"wp:term":[{"taxonomy":"product_brand","embeddable":true,"href":"https:\/\/dutchmicrodosing.com\/de\/wp-json\/wp\/v2\/product_brand?post=36712"},{"taxonomy":"product_cat","embeddable":true,"href":"https:\/\/dutchmicrodosing.com\/de\/wp-json\/wp\/v2\/product_cat?post=36712"},{"taxonomy":"product_tag","embeddable":true,"href":"https:\/\/dutchmicrodosing.com\/de\/wp-json\/wp\/v2\/product_tag?post=36712"}],"curies":[{"name":"wp","href":"https:\/\/api.w.org\/{rel}","templated":true}]}}