{"id":36815,"date":"2024-03-01T09:10:07","date_gmt":"2024-03-01T08:10:07","guid":{"rendered":"https:\/\/dutchmicrodosing.com\/?post_type=product&#038;p=36815"},"modified":"2025-09-28T20:46:35","modified_gmt":"2025-09-28T18:46:35","slug":"molinillo-schokoruehrer","status":"publish","type":"product","link":"https:\/\/dutchmicrodosing.com\/de\/reformhaus\/roher-kakao\/molinillo-schokoruehrer\/","title":{"rendered":"Molinillo &#8211; Schokoladenr\u00fchrer"},"content":{"rendered":"<p>Der <strong>Molinillo &#8211; Schokoladenr\u00fchrer <\/strong>ist ein sch\u00f6nes St\u00fcck traditioneller Handwerkskunst, die ihren Ursprung in Mesoamerika hat. Dieses h\u00f6lzerne K\u00fcchenger\u00e4t, das vor Jahrhunderten von den Mayas und Azteken benutzt wurde und sich sp\u00e4ter in Europa verbreitete, wird noch immer zum authentischen Mischen und Aufsch\u00e4umen von hei\u00dfen Schokoladengetr\u00e4nken verwendet.<\/p>\n<h3>Eigenschaften<\/h3>\n<ul>\n<li>Handgefertigt aus Holz, mit Liebe zum Detail und Tradition<\/li>\n<li>Ideal zum Aufsch\u00e4umen traditioneller Kakaogetr\u00e4nke<\/li>\n<li>Funktional und dekorativ: bringt ein kulturelles Element in Ihre K\u00fcche<\/li>\n<li>Eine greifbare Verbindung zur kulinarischen Geschichte Mesoamerikas<\/li>\n<\/ul>\n<h3>Verwenden Sie<\/h3>\n<p>Die Bedienung des Molinillo ist einfach, aber effektiv. Legen Sie den Molinillo in ein warmes Kakaogetr\u00e4nk und rollen Sie den Schaft zwischen Ihren Handfl\u00e4chen, so dass sich das Instrument zu drehen beginnt. Durch diesen Strudel wird das Getr\u00e4nk gemischt und Luft in die Fl\u00fcssigkeit eingebracht, wodurch eine cremige, schaumige Textur entsteht. Neben seiner praktischen Funktion ist die Verwendung des Molinillo auch ein ritueller Teil des Kochens und eine Hommage an uralte Traditionen.<\/p>\n<h3>Inhalt<\/h3>\n<p>1 handgefertigter Holz-Molinillo<\/p>\n<h3>Haftungsausschluss<\/h3>\n<p><em>Der Inhalt dieses Textes dient nur zu Informationszwecken und ist kein Ersatz f\u00fcr eine professionelle Beratung. Verwenden Sie dieses Produkt nur f\u00fcr den vorgesehenen Zweck.<\/em><\/p>\n","protected":false},"excerpt":{"rendered":"<p>Der Molinillo &#8211; Schokoladenr\u00fchrer ist ein sch\u00f6nes St\u00fcck traditioneller Handwerkskunst, die ihren Ursprung in Mesoamerika hat. Dieses h\u00f6lzerne K\u00fcchenger\u00e4t, das vor Jahrhunderten von den Mayas und Azteken benutzt wurde und sich sp\u00e4ter in Europa verbreitete, wird noch immer zum authentischen Mischen und Aufsch\u00e4umen von hei\u00dfen Schokoladengetr\u00e4nken verwendet. Eigenschaften Handgefertigt aus Holz, mit Liebe zum Detail [&hellip;]<\/p>\n","protected":false},"featured_media":36718,"comment_status":"closed","ping_status":"closed","template":"","meta":[],"product_brand":[],"product_cat":[337],"product_tag":[],"class_list":{"0":"post-36815","1":"product","2":"type-product","3":"status-publish","4":"has-post-thumbnail","6":"product_cat-roher-kakao","8":"first","9":"instock","10":"taxable","11":"shipping-taxable","12":"purchasable","13":"product-type-simple"},"yoast_head":"<!-- This site is optimized with the Yoast SEO Premium plugin v26.4 (Yoast SEO v27.2) - https:\/\/yoast.com\/product\/yoast-seo-premium-wordpress\/ -->\n<title>Molinillo - Schokoladenr\u00fchrer - Dutchmicrodosing<\/title>\n<meta name=\"description\" content=\"Molinillo, handgefertigtes, traditionelles K\u00fcchenger\u00e4t aus Holz zum Aufsch\u00e4umen von hei\u00dfem Kakao. Authentisch, dekorativ und funktional.\" \/>\n<meta name=\"robots\" content=\"index, follow, max-snippet:-1, max-image-preview:large, max-video-preview:-1\" \/>\n<link rel=\"canonical\" href=\"https:\/\/dutchmicrodosing.com\/de\/reformhaus\/roher-kakao\/molinillo-schokoruehrer\/\" \/>\n<meta property=\"og:locale\" content=\"de_DE\" \/>\n<meta property=\"og:type\" content=\"article\" \/>\n<meta property=\"og:title\" content=\"Molinillo - Schokoladenr\u00fchrer\" \/>\n<meta property=\"og:description\" content=\"Der Molinillo - Schokoladenr\u00fchrer ist ein sch\u00f6nes St\u00fcck traditioneller Handwerkskunst, die ihren Ursprung in Mesoamerika hat. Dieses h\u00f6lzerne K\u00fcchenger\u00e4t,\" \/>\n<meta property=\"og:url\" content=\"https:\/\/dutchmicrodosing.com\/de\/reformhaus\/roher-kakao\/molinillo-schokoruehrer\/\" \/>\n<meta property=\"og:site_name\" content=\"Dutchmicrodosing\" \/>\n<meta property=\"article:publisher\" content=\"https:\/\/www.facebook.com\/Dutchmicrodosingxp\/\" \/>\n<meta property=\"article:modified_time\" content=\"2025-09-28T18:46:35+00:00\" \/>\n<meta property=\"og:image\" content=\"https:\/\/dutchmicrodosing.com\/wp-content\/uploads\/2024\/03\/chocolate-stirrer-NEW.jpg\" \/>\n\t<meta property=\"og:image:width\" content=\"500\" \/>\n\t<meta property=\"og:image:height\" content=\"500\" \/>\n\t<meta property=\"og:image:type\" content=\"image\/jpeg\" \/>\n<meta name=\"twitter:card\" content=\"summary_large_image\" \/>\n<script type=\"application\/ld+json\" class=\"yoast-schema-graph\">{\"@context\":\"https:\/\/schema.org\",\"@graph\":[{\"@type\":\"WebPage\",\"@id\":\"https:\/\/dutchmicrodosing.com\/de\/reformhaus\/roher-kakao\/molinillo-schokoruehrer\/\",\"url\":\"https:\/\/dutchmicrodosing.com\/de\/reformhaus\/roher-kakao\/molinillo-schokoruehrer\/\",\"name\":\"Molinillo - Schokoladenr\u00fchrer - Dutchmicrodosing\",\"isPartOf\":{\"@id\":\"https:\/\/dutchmicrodosing.com\/de\/#website\"},\"primaryImageOfPage\":{\"@id\":\"https:\/\/dutchmicrodosing.com\/de\/reformhaus\/roher-kakao\/molinillo-schokoruehrer\/#primaryimage\"},\"image\":{\"@id\":\"https:\/\/dutchmicrodosing.com\/de\/reformhaus\/roher-kakao\/molinillo-schokoruehrer\/#primaryimage\"},\"thumbnailUrl\":\"https:\/\/dutchmicrodosing.com\/wp-content\/uploads\/2024\/03\/chocolate-stirrer-NEW.jpg\",\"datePublished\":\"2024-03-01T08:10:07+00:00\",\"dateModified\":\"2025-09-28T18:46:35+00:00\",\"description\":\"Molinillo, handgefertigtes, traditionelles K\u00fcchenger\u00e4t aus Holz zum Aufsch\u00e4umen von hei\u00dfem Kakao. Authentisch, dekorativ und funktional.\",\"breadcrumb\":{\"@id\":\"https:\/\/dutchmicrodosing.com\/de\/reformhaus\/roher-kakao\/molinillo-schokoruehrer\/#breadcrumb\"},\"inLanguage\":\"de\",\"potentialAction\":[{\"@type\":\"ReadAction\",\"target\":[\"https:\/\/dutchmicrodosing.com\/de\/reformhaus\/roher-kakao\/molinillo-schokoruehrer\/\"]}]},{\"@type\":\"ImageObject\",\"inLanguage\":\"de\",\"@id\":\"https:\/\/dutchmicrodosing.com\/de\/reformhaus\/roher-kakao\/molinillo-schokoruehrer\/#primaryimage\",\"url\":\"https:\/\/dutchmicrodosing.com\/wp-content\/uploads\/2024\/03\/chocolate-stirrer-NEW.jpg\",\"contentUrl\":\"https:\/\/dutchmicrodosing.com\/wp-content\/uploads\/2024\/03\/chocolate-stirrer-NEW.jpg\",\"width\":500,\"height\":500},{\"@type\":\"BreadcrumbList\",\"@id\":\"https:\/\/dutchmicrodosing.com\/de\/reformhaus\/roher-kakao\/molinillo-schokoruehrer\/#breadcrumb\",\"itemListElement\":[{\"@type\":\"ListItem\",\"position\":1,\"name\":\"Home\",\"item\":\"https:\/\/dutchmicrodosing.com\/de\/\"},{\"@type\":\"ListItem\",\"position\":2,\"name\":\"Shop\",\"item\":\"https:\/\/dutchmicrodosing.com\/de\/shop\/\"},{\"@type\":\"ListItem\",\"position\":3,\"name\":\"Molinillo &#8211; Schokoladenr\u00fchrer\"}]},{\"@type\":\"WebSite\",\"@id\":\"https:\/\/dutchmicrodosing.com\/de\/#website\",\"url\":\"https:\/\/dutchmicrodosing.com\/de\/\",\"name\":\"Dutchmicrodosing\",\"description\":\"\",\"publisher\":{\"@id\":\"https:\/\/dutchmicrodosing.com\/de\/#organization\"},\"potentialAction\":[{\"@type\":\"SearchAction\",\"target\":{\"@type\":\"EntryPoint\",\"urlTemplate\":\"https:\/\/dutchmicrodosing.com\/de\/?s={search_term_string}\"},\"query-input\":{\"@type\":\"PropertyValueSpecification\",\"valueRequired\":true,\"valueName\":\"search_term_string\"}}],\"inLanguage\":\"de\"},{\"@type\":\"Organization\",\"@id\":\"https:\/\/dutchmicrodosing.com\/de\/#organization\",\"name\":\"Dutchmicrodosing\",\"url\":\"https:\/\/dutchmicrodosing.com\/de\/\",\"logo\":{\"@type\":\"ImageObject\",\"inLanguage\":\"de\",\"@id\":\"https:\/\/dutchmicrodosing.com\/de\/#\/schema\/logo\/image\/\",\"url\":\"https:\/\/dutchmicrodosing.com\/wp-content\/uploads\/2021\/01\/microdosing-categorie-pic-nieuw.jpg\",\"contentUrl\":\"https:\/\/dutchmicrodosing.com\/wp-content\/uploads\/2021\/01\/microdosing-categorie-pic-nieuw.jpg\",\"width\":500,\"height\":500,\"caption\":\"Dutchmicrodosing\"},\"image\":{\"@id\":\"https:\/\/dutchmicrodosing.com\/de\/#\/schema\/logo\/image\/\"},\"sameAs\":[\"https:\/\/www.facebook.com\/Dutchmicrodosingxp\/\",\"https:\/\/www.instagram.com\/dutchmicrodosing\/\"]}]}<\/script>\n<meta property=\"product:price:amount\" content=\"19.95\" \/>\n<meta property=\"product:price:currency\" content=\"EUR\" \/>\n<meta property=\"og:availability\" content=\"instock\" \/>\n<meta property=\"product:availability\" content=\"instock\" \/>\n<meta property=\"product:retailer_item_id\" content=\"4203162\" \/>\n<meta property=\"product:condition\" content=\"new\" \/>\n<!-- \/ Yoast SEO Premium plugin. -->","yoast_head_json":{"title":"Molinillo - Schokoladenr\u00fchrer - Dutchmicrodosing","description":"Molinillo, handgefertigtes, traditionelles K\u00fcchenger\u00e4t aus Holz zum Aufsch\u00e4umen von hei\u00dfem Kakao. Authentisch, dekorativ und funktional.","robots":{"index":"index","follow":"follow","max-snippet":"max-snippet:-1","max-image-preview":"max-image-preview:large","max-video-preview":"max-video-preview:-1"},"canonical":"https:\/\/dutchmicrodosing.com\/de\/reformhaus\/roher-kakao\/molinillo-schokoruehrer\/","og_locale":"de_DE","og_type":"article","og_title":"Molinillo - Schokoladenr\u00fchrer","og_description":"Der Molinillo - Schokoladenr\u00fchrer ist ein sch\u00f6nes St\u00fcck traditioneller Handwerkskunst, die ihren Ursprung in Mesoamerika hat. Dieses h\u00f6lzerne K\u00fcchenger\u00e4t,","og_url":"https:\/\/dutchmicrodosing.com\/de\/reformhaus\/roher-kakao\/molinillo-schokoruehrer\/","og_site_name":"Dutchmicrodosing","article_publisher":"https:\/\/www.facebook.com\/Dutchmicrodosingxp\/","article_modified_time":"2025-09-28T18:46:35+00:00","og_image":[{"width":500,"height":500,"url":"https:\/\/dutchmicrodosing.com\/wp-content\/uploads\/2024\/03\/chocolate-stirrer-NEW.jpg","type":"image\/jpeg"}],"twitter_card":"summary_large_image","schema":{"@context":"https:\/\/schema.org","@graph":[{"@type":"WebPage","@id":"https:\/\/dutchmicrodosing.com\/de\/reformhaus\/roher-kakao\/molinillo-schokoruehrer\/","url":"https:\/\/dutchmicrodosing.com\/de\/reformhaus\/roher-kakao\/molinillo-schokoruehrer\/","name":"Molinillo - Schokoladenr\u00fchrer - Dutchmicrodosing","isPartOf":{"@id":"https:\/\/dutchmicrodosing.com\/de\/#website"},"primaryImageOfPage":{"@id":"https:\/\/dutchmicrodosing.com\/de\/reformhaus\/roher-kakao\/molinillo-schokoruehrer\/#primaryimage"},"image":{"@id":"https:\/\/dutchmicrodosing.com\/de\/reformhaus\/roher-kakao\/molinillo-schokoruehrer\/#primaryimage"},"thumbnailUrl":"https:\/\/dutchmicrodosing.com\/wp-content\/uploads\/2024\/03\/chocolate-stirrer-NEW.jpg","datePublished":"2024-03-01T08:10:07+00:00","dateModified":"2025-09-28T18:46:35+00:00","description":"Molinillo, handgefertigtes, traditionelles K\u00fcchenger\u00e4t aus Holz zum Aufsch\u00e4umen von hei\u00dfem Kakao. Authentisch, dekorativ und funktional.","breadcrumb":{"@id":"https:\/\/dutchmicrodosing.com\/de\/reformhaus\/roher-kakao\/molinillo-schokoruehrer\/#breadcrumb"},"inLanguage":"de","potentialAction":[{"@type":"ReadAction","target":["https:\/\/dutchmicrodosing.com\/de\/reformhaus\/roher-kakao\/molinillo-schokoruehrer\/"]}]},{"@type":"ImageObject","inLanguage":"de","@id":"https:\/\/dutchmicrodosing.com\/de\/reformhaus\/roher-kakao\/molinillo-schokoruehrer\/#primaryimage","url":"https:\/\/dutchmicrodosing.com\/wp-content\/uploads\/2024\/03\/chocolate-stirrer-NEW.jpg","contentUrl":"https:\/\/dutchmicrodosing.com\/wp-content\/uploads\/2024\/03\/chocolate-stirrer-NEW.jpg","width":500,"height":500},{"@type":"BreadcrumbList","@id":"https:\/\/dutchmicrodosing.com\/de\/reformhaus\/roher-kakao\/molinillo-schokoruehrer\/#breadcrumb","itemListElement":[{"@type":"ListItem","position":1,"name":"Home","item":"https:\/\/dutchmicrodosing.com\/de\/"},{"@type":"ListItem","position":2,"name":"Shop","item":"https:\/\/dutchmicrodosing.com\/de\/shop\/"},{"@type":"ListItem","position":3,"name":"Molinillo &#8211; Schokoladenr\u00fchrer"}]},{"@type":"WebSite","@id":"https:\/\/dutchmicrodosing.com\/de\/#website","url":"https:\/\/dutchmicrodosing.com\/de\/","name":"Dutchmicrodosing","description":"","publisher":{"@id":"https:\/\/dutchmicrodosing.com\/de\/#organization"},"potentialAction":[{"@type":"SearchAction","target":{"@type":"EntryPoint","urlTemplate":"https:\/\/dutchmicrodosing.com\/de\/?s={search_term_string}"},"query-input":{"@type":"PropertyValueSpecification","valueRequired":true,"valueName":"search_term_string"}}],"inLanguage":"de"},{"@type":"Organization","@id":"https:\/\/dutchmicrodosing.com\/de\/#organization","name":"Dutchmicrodosing","url":"https:\/\/dutchmicrodosing.com\/de\/","logo":{"@type":"ImageObject","inLanguage":"de","@id":"https:\/\/dutchmicrodosing.com\/de\/#\/schema\/logo\/image\/","url":"https:\/\/dutchmicrodosing.com\/wp-content\/uploads\/2021\/01\/microdosing-categorie-pic-nieuw.jpg","contentUrl":"https:\/\/dutchmicrodosing.com\/wp-content\/uploads\/2021\/01\/microdosing-categorie-pic-nieuw.jpg","width":500,"height":500,"caption":"Dutchmicrodosing"},"image":{"@id":"https:\/\/dutchmicrodosing.com\/de\/#\/schema\/logo\/image\/"},"sameAs":["https:\/\/www.facebook.com\/Dutchmicrodosingxp\/","https:\/\/www.instagram.com\/dutchmicrodosing\/"]}]},"product_price_amount":"19.95","product_price_currency":"EUR","og_availability":"instock","product_availability":"instock","product_retailer_item_id":"4203162","product_condition":"new"},"_links":{"self":[{"href":"https:\/\/dutchmicrodosing.com\/de\/wp-json\/wp\/v2\/product\/36815","targetHints":{"allow":["GET"]}}],"collection":[{"href":"https:\/\/dutchmicrodosing.com\/de\/wp-json\/wp\/v2\/product"}],"about":[{"href":"https:\/\/dutchmicrodosing.com\/de\/wp-json\/wp\/v2\/types\/product"}],"replies":[{"embeddable":true,"href":"https:\/\/dutchmicrodosing.com\/de\/wp-json\/wp\/v2\/comments?post=36815"}],"version-history":[{"count":0,"href":"https:\/\/dutchmicrodosing.com\/de\/wp-json\/wp\/v2\/product\/36815\/revisions"}],"wp:featuredmedia":[{"embeddable":true,"href":"https:\/\/dutchmicrodosing.com\/de\/wp-json\/wp\/v2\/media\/36718"}],"wp:attachment":[{"href":"https:\/\/dutchmicrodosing.com\/de\/wp-json\/wp\/v2\/media?parent=36815"}],"wp:term":[{"taxonomy":"product_brand","embeddable":true,"href":"https:\/\/dutchmicrodosing.com\/de\/wp-json\/wp\/v2\/product_brand?post=36815"},{"taxonomy":"product_cat","embeddable":true,"href":"https:\/\/dutchmicrodosing.com\/de\/wp-json\/wp\/v2\/product_cat?post=36815"},{"taxonomy":"product_tag","embeddable":true,"href":"https:\/\/dutchmicrodosing.com\/de\/wp-json\/wp\/v2\/product_tag?post=36815"}],"curies":[{"name":"wp","href":"https:\/\/api.w.org\/{rel}","templated":true}]}}