{"id":36835,"date":"2024-02-21T20:48:53","date_gmt":"2024-02-21T19:48:53","guid":{"rendered":"https:\/\/dutchmicrodosing.com\/shop\/unkategorisiert\/rohe-kakao-flocken-ecuador-keremonie-qualitaet\/"},"modified":"2025-09-02T10:30:21","modified_gmt":"2025-09-02T08:30:21","slug":"rohe-kakao-flocken-ecuador-keremonie-qualitaet","status":"publish","type":"product","link":"https:\/\/dutchmicrodosing.com\/de\/reformhaus\/superfoods\/rohe-kakao-flocken-ecuador-keremonie-qualitaet\/","title":{"rendered":"Rohe Bio-Kakaopaste Ecuador &#8211; Zeremonielle Qualit\u00e4t"},"content":{"rendered":"<p>Ceremonial <strong>Bio Raw Cacao Paste Ecuador &#8211; Ceremonial Qualit\u00e4t<\/strong> werden aus einheimischen Arriba &#8222;Nacional&#8220; Bohnen hergestellt und einem speziellen Kaltverfahren unterzogen, um die nat\u00fcrlichen N\u00e4hrstoffe zu erhalten. Arriba &#8222;Nacional&#8220; Kakao ist als eine der besten Kakaosorten bekannt und gilt als Spitzenqualit\u00e4t. Er ist bekannt f\u00fcr seinen k\u00f6stlichen Geschmack und seine aromatischen D\u00fcfte, die sich in einer seidig weichen Textur vereinen. Dieser Kakao wird in Permakulturen angebaut, umgeben von tropischen Obstb\u00e4umen wie Orangen, Avocados und Mangos. Ceremonial Kakao wird sorgf\u00e4ltig von Kleinbauern angebaut, die die Kunst des Kakaoanbaus beherrschen, eine tiefe Verbundenheit mit der Natur haben und nach strengen Fair-Trade-Standards arbeiten.<\/p>\n<h3>Zutaten:<\/h3>\n<p>100% zeremonielle rohe Arriba &#8222;Nacional&#8220; Kakaomasse aus Ecuador.<\/p>\n<h3>Verwendung:<\/h3>\n<p>Kakaomasse kann zerkr\u00fcmelt und verzehrt, zu Speisen hinzugef\u00fcgt oder geschmolzen werden. Er schmilzt am besten im Wasserbad oder bei sehr niedriger Temperatur in einer Pfanne, damit er nicht anbrennt.<\/p>\n<h4>Zeremoniell verwenden:<\/h4>\n<ol>\n<li>Vorbereitung des Zeremonienraums: Stellen Sie sicher, dass der Raum sauber, ruhig und frei von st\u00f6renden Elementen ist. Sie k\u00f6nnen den Raum mit dem Rauch von wei\u00dfem Salbei oder Palo Santo reinigen.<\/li>\n<li>Intentionen festlegen: Nehmen Sie sich einen Moment Zeit, um nachzudenken und Ihre Absichten f\u00fcr die Zeremonie zu formulieren, z. B. pers\u00f6nliche Heilung, spirituelles Wachstum oder die Suche nach Antworten auf Lebensfragen.<\/li>\n<li>Zubereitung des Kakaogetr\u00e4nks:<br \/>\n&#8211; Wasser oder Pflanzenmilch in einem Topf erhitzen und die Kakaomasse hinzuf\u00fcgen.<br \/>\n&#8211; Die Kakaomasse in das hei\u00dfe Wasser oder die Pflanzenmilch einr\u00fchren, bis sie vollst\u00e4ndig aufgel\u00f6st ist.<br \/>\n&#8211; F\u00fcgen Sie je nach Geschmack nat\u00fcrliche S\u00fc\u00dfungsmittel und Gew\u00fcrze hinzu, z. B. Honig, Ahornsirup, Chili, Zimt oder Vanille.<\/li>\n<\/ol>\n<h4>Empfohlene Dosierung:<\/h4>\n<p>Die Dosis f\u00fcr den zeremoniellen Gebrauch variiert je nach pers\u00f6nlicher Vertr\u00e4glichkeit, Erfahrung mit Kakao und gew\u00fcnschter Intensit\u00e4t der Erfahrung. Ein allgemeiner Leitfaden f\u00fcr die zeremonielle Dosierung von 100%iger Kakaomasse lautet wie folgt:<\/p>\n<ul>\n<li>Einsteiger: 20-25 Gramm<\/li>\n<li>Durchschnittlich: 25-40 Gramm<\/li>\n<li>Fortgeschrittene: 40-50 Gramm<\/li>\n<\/ul>\n<p>Kakaozeremonien bieten eine kraftvolle M\u00f6glichkeit, sich mit dem eigenen Inneren und der spirituellen Welt zu verbinden. Wenn Sie Kakaopaste respektvoll und mit klaren Absichten verwenden, k\u00f6nnen Sie eine tiefe und bedeutungsvolle Erfahrung machen.<\/p>\n<h3>Inhalt:<\/h3>\n<p>Rohe Bio-Kakaopaste Ecuador \/ Zeremonielle Qualit\u00e4t &#8211; 150g.<\/p>\n","protected":false},"excerpt":{"rendered":"<p>Ceremonial Bio Raw Cacao Paste Ecuador &#8211; Ceremonial Qualit\u00e4t werden aus einheimischen Arriba &#8222;Nacional&#8220; Bohnen hergestellt und einem speziellen Kaltverfahren unterzogen, um die nat\u00fcrlichen N\u00e4hrstoffe zu erhalten. Arriba &#8222;Nacional&#8220; Kakao ist als eine der besten Kakaosorten bekannt und gilt als Spitzenqualit\u00e4t. Er ist bekannt f\u00fcr seinen k\u00f6stlichen Geschmack und seine aromatischen D\u00fcfte, die sich in [&hellip;]<\/p>\n","protected":false},"featured_media":36971,"comment_status":"closed","ping_status":"closed","template":"","meta":[],"product_brand":[],"product_cat":[292,293,337,281],"product_tag":[],"class_list":{"0":"post-36835","1":"product","2":"type-product","3":"status-publish","4":"has-post-thumbnail","6":"product_cat-energie-erganzungen","7":"product_cat-erganzungen-fur-das-immunsystem","8":"product_cat-roher-kakao","9":"product_cat-superfoods","11":"first","12":"instock","13":"taxable","14":"shipping-taxable","15":"purchasable","16":"product-type-simple"},"yoast_head":"<!-- This site is optimized with the Yoast SEO Premium plugin v26.4 (Yoast SEO v27.4) - https:\/\/yoast.com\/product\/yoast-seo-premium-wordpress\/ -->\n<title>Rohe Bio-Kakaopaste Ecuador - Zeremonielle Qualit\u00e4t - Dutchmicrodosing<\/title>\n<meta name=\"robots\" content=\"index, follow, max-snippet:-1, max-image-preview:large, max-video-preview:-1\" \/>\n<link rel=\"canonical\" href=\"https:\/\/dutchmicrodosing.com\/de\/reformhaus\/superfoods\/rohe-kakao-flocken-ecuador-keremonie-qualitaet\/\" \/>\n<meta property=\"og:locale\" content=\"de_DE\" \/>\n<meta property=\"og:type\" content=\"article\" \/>\n<meta property=\"og:title\" content=\"Rohe Bio-Kakaopaste Ecuador - Zeremonielle Qualit\u00e4t\" \/>\n<meta property=\"og:description\" content=\"Ceremonial Bio Raw Cacao Paste Ecuador - Ceremonial Qualit\u00e4t werden aus einheimischen Arriba &quot;Nacional&quot; Bohnen hergestellt und einem speziellen\" \/>\n<meta property=\"og:url\" content=\"https:\/\/dutchmicrodosing.com\/de\/reformhaus\/superfoods\/rohe-kakao-flocken-ecuador-keremonie-qualitaet\/\" \/>\n<meta property=\"og:site_name\" content=\"Dutchmicrodosing\" \/>\n<meta property=\"article:publisher\" content=\"https:\/\/www.facebook.com\/Dutchmicrodosingxp\/\" \/>\n<meta property=\"article:modified_time\" content=\"2025-09-02T08:30:21+00:00\" \/>\n<meta property=\"og:image\" content=\"https:\/\/dutchmicrodosing.com\/wp-content\/uploads\/2024\/02\/ssss.png\" \/>\n\t<meta property=\"og:image:width\" content=\"500\" \/>\n\t<meta property=\"og:image:height\" content=\"500\" \/>\n\t<meta property=\"og:image:type\" content=\"image\/png\" \/>\n<meta name=\"twitter:card\" content=\"summary_large_image\" \/>\n<script type=\"application\/ld+json\" class=\"yoast-schema-graph\">{\"@context\":\"https:\\\/\\\/schema.org\",\"@graph\":[{\"@type\":\"WebPage\",\"@id\":\"https:\\\/\\\/dutchmicrodosing.com\\\/de\\\/reformhaus\\\/superfoods\\\/rohe-kakao-flocken-ecuador-keremonie-qualitaet\\\/\",\"url\":\"https:\\\/\\\/dutchmicrodosing.com\\\/de\\\/reformhaus\\\/superfoods\\\/rohe-kakao-flocken-ecuador-keremonie-qualitaet\\\/\",\"name\":\"Rohe Bio-Kakaopaste Ecuador - Zeremonielle Qualit\u00e4t - Dutchmicrodosing\",\"isPartOf\":{\"@id\":\"https:\\\/\\\/dutchmicrodosing.com\\\/de\\\/#website\"},\"primaryImageOfPage\":{\"@id\":\"https:\\\/\\\/dutchmicrodosing.com\\\/de\\\/reformhaus\\\/superfoods\\\/rohe-kakao-flocken-ecuador-keremonie-qualitaet\\\/#primaryimage\"},\"image\":{\"@id\":\"https:\\\/\\\/dutchmicrodosing.com\\\/de\\\/reformhaus\\\/superfoods\\\/rohe-kakao-flocken-ecuador-keremonie-qualitaet\\\/#primaryimage\"},\"thumbnailUrl\":\"https:\\\/\\\/dutchmicrodosing.com\\\/wp-content\\\/uploads\\\/2024\\\/02\\\/ssss.png\",\"datePublished\":\"2024-02-21T19:48:53+00:00\",\"dateModified\":\"2025-09-02T08:30:21+00:00\",\"breadcrumb\":{\"@id\":\"https:\\\/\\\/dutchmicrodosing.com\\\/de\\\/reformhaus\\\/superfoods\\\/rohe-kakao-flocken-ecuador-keremonie-qualitaet\\\/#breadcrumb\"},\"inLanguage\":\"de\",\"potentialAction\":[{\"@type\":\"ReadAction\",\"target\":[\"https:\\\/\\\/dutchmicrodosing.com\\\/de\\\/reformhaus\\\/superfoods\\\/rohe-kakao-flocken-ecuador-keremonie-qualitaet\\\/\"]}]},{\"@type\":\"ImageObject\",\"inLanguage\":\"de\",\"@id\":\"https:\\\/\\\/dutchmicrodosing.com\\\/de\\\/reformhaus\\\/superfoods\\\/rohe-kakao-flocken-ecuador-keremonie-qualitaet\\\/#primaryimage\",\"url\":\"https:\\\/\\\/dutchmicrodosing.com\\\/wp-content\\\/uploads\\\/2024\\\/02\\\/ssss.png\",\"contentUrl\":\"https:\\\/\\\/dutchmicrodosing.com\\\/wp-content\\\/uploads\\\/2024\\\/02\\\/ssss.png\",\"width\":500,\"height\":500},{\"@type\":\"BreadcrumbList\",\"@id\":\"https:\\\/\\\/dutchmicrodosing.com\\\/de\\\/reformhaus\\\/superfoods\\\/rohe-kakao-flocken-ecuador-keremonie-qualitaet\\\/#breadcrumb\",\"itemListElement\":[{\"@type\":\"ListItem\",\"position\":1,\"name\":\"Home\",\"item\":\"https:\\\/\\\/dutchmicrodosing.com\\\/de\\\/\"},{\"@type\":\"ListItem\",\"position\":2,\"name\":\"Shop\",\"item\":\"https:\\\/\\\/dutchmicrodosing.com\\\/de\\\/shop\\\/\"},{\"@type\":\"ListItem\",\"position\":3,\"name\":\"Rohe Bio-Kakaopaste Ecuador &#8211; Zeremonielle Qualit\u00e4t\"}]},{\"@type\":\"WebSite\",\"@id\":\"https:\\\/\\\/dutchmicrodosing.com\\\/de\\\/#website\",\"url\":\"https:\\\/\\\/dutchmicrodosing.com\\\/de\\\/\",\"name\":\"Dutchmicrodosing\",\"description\":\"\",\"publisher\":{\"@id\":\"https:\\\/\\\/dutchmicrodosing.com\\\/de\\\/#organization\"},\"potentialAction\":[{\"@type\":\"SearchAction\",\"target\":{\"@type\":\"EntryPoint\",\"urlTemplate\":\"https:\\\/\\\/dutchmicrodosing.com\\\/de\\\/?s={search_term_string}\"},\"query-input\":{\"@type\":\"PropertyValueSpecification\",\"valueRequired\":true,\"valueName\":\"search_term_string\"}}],\"inLanguage\":\"de\"},{\"@type\":\"Organization\",\"@id\":\"https:\\\/\\\/dutchmicrodosing.com\\\/de\\\/#organization\",\"name\":\"Dutchmicrodosing\",\"url\":\"https:\\\/\\\/dutchmicrodosing.com\\\/de\\\/\",\"logo\":{\"@type\":\"ImageObject\",\"inLanguage\":\"de\",\"@id\":\"https:\\\/\\\/dutchmicrodosing.com\\\/de\\\/#\\\/schema\\\/logo\\\/image\\\/\",\"url\":\"https:\\\/\\\/dutchmicrodosing.com\\\/wp-content\\\/uploads\\\/2021\\\/01\\\/microdosing-categorie-pic-nieuw.jpg\",\"contentUrl\":\"https:\\\/\\\/dutchmicrodosing.com\\\/wp-content\\\/uploads\\\/2021\\\/01\\\/microdosing-categorie-pic-nieuw.jpg\",\"width\":500,\"height\":500,\"caption\":\"Dutchmicrodosing\"},\"image\":{\"@id\":\"https:\\\/\\\/dutchmicrodosing.com\\\/de\\\/#\\\/schema\\\/logo\\\/image\\\/\"},\"sameAs\":[\"https:\\\/\\\/www.facebook.com\\\/Dutchmicrodosingxp\\\/\",\"https:\\\/\\\/www.instagram.com\\\/dutchmicrodosing\\\/\"]}]}<\/script>\n<meta property=\"product:price:amount\" content=\"14.95\" \/>\n<meta property=\"product:price:currency\" content=\"EUR\" \/>\n<meta property=\"og:availability\" content=\"instock\" \/>\n<meta property=\"product:availability\" content=\"instock\" \/>\n<meta property=\"product:retailer_item_id\" content=\"4202666\" \/>\n<meta property=\"product:condition\" content=\"new\" \/>\n<!-- \/ Yoast SEO Premium plugin. -->","yoast_head_json":{"title":"Rohe Bio-Kakaopaste Ecuador - Zeremonielle Qualit\u00e4t - Dutchmicrodosing","robots":{"index":"index","follow":"follow","max-snippet":"max-snippet:-1","max-image-preview":"max-image-preview:large","max-video-preview":"max-video-preview:-1"},"canonical":"https:\/\/dutchmicrodosing.com\/de\/reformhaus\/superfoods\/rohe-kakao-flocken-ecuador-keremonie-qualitaet\/","og_locale":"de_DE","og_type":"article","og_title":"Rohe Bio-Kakaopaste Ecuador - Zeremonielle Qualit\u00e4t","og_description":"Ceremonial Bio Raw Cacao Paste Ecuador - Ceremonial Qualit\u00e4t werden aus einheimischen Arriba \"Nacional\" Bohnen hergestellt und einem speziellen","og_url":"https:\/\/dutchmicrodosing.com\/de\/reformhaus\/superfoods\/rohe-kakao-flocken-ecuador-keremonie-qualitaet\/","og_site_name":"Dutchmicrodosing","article_publisher":"https:\/\/www.facebook.com\/Dutchmicrodosingxp\/","article_modified_time":"2025-09-02T08:30:21+00:00","og_image":[{"width":500,"height":500,"url":"https:\/\/dutchmicrodosing.com\/wp-content\/uploads\/2024\/02\/ssss.png","type":"image\/png"}],"twitter_card":"summary_large_image","schema":{"@context":"https:\/\/schema.org","@graph":[{"@type":"WebPage","@id":"https:\/\/dutchmicrodosing.com\/de\/reformhaus\/superfoods\/rohe-kakao-flocken-ecuador-keremonie-qualitaet\/","url":"https:\/\/dutchmicrodosing.com\/de\/reformhaus\/superfoods\/rohe-kakao-flocken-ecuador-keremonie-qualitaet\/","name":"Rohe Bio-Kakaopaste Ecuador - Zeremonielle Qualit\u00e4t - Dutchmicrodosing","isPartOf":{"@id":"https:\/\/dutchmicrodosing.com\/de\/#website"},"primaryImageOfPage":{"@id":"https:\/\/dutchmicrodosing.com\/de\/reformhaus\/superfoods\/rohe-kakao-flocken-ecuador-keremonie-qualitaet\/#primaryimage"},"image":{"@id":"https:\/\/dutchmicrodosing.com\/de\/reformhaus\/superfoods\/rohe-kakao-flocken-ecuador-keremonie-qualitaet\/#primaryimage"},"thumbnailUrl":"https:\/\/dutchmicrodosing.com\/wp-content\/uploads\/2024\/02\/ssss.png","datePublished":"2024-02-21T19:48:53+00:00","dateModified":"2025-09-02T08:30:21+00:00","breadcrumb":{"@id":"https:\/\/dutchmicrodosing.com\/de\/reformhaus\/superfoods\/rohe-kakao-flocken-ecuador-keremonie-qualitaet\/#breadcrumb"},"inLanguage":"de","potentialAction":[{"@type":"ReadAction","target":["https:\/\/dutchmicrodosing.com\/de\/reformhaus\/superfoods\/rohe-kakao-flocken-ecuador-keremonie-qualitaet\/"]}]},{"@type":"ImageObject","inLanguage":"de","@id":"https:\/\/dutchmicrodosing.com\/de\/reformhaus\/superfoods\/rohe-kakao-flocken-ecuador-keremonie-qualitaet\/#primaryimage","url":"https:\/\/dutchmicrodosing.com\/wp-content\/uploads\/2024\/02\/ssss.png","contentUrl":"https:\/\/dutchmicrodosing.com\/wp-content\/uploads\/2024\/02\/ssss.png","width":500,"height":500},{"@type":"BreadcrumbList","@id":"https:\/\/dutchmicrodosing.com\/de\/reformhaus\/superfoods\/rohe-kakao-flocken-ecuador-keremonie-qualitaet\/#breadcrumb","itemListElement":[{"@type":"ListItem","position":1,"name":"Home","item":"https:\/\/dutchmicrodosing.com\/de\/"},{"@type":"ListItem","position":2,"name":"Shop","item":"https:\/\/dutchmicrodosing.com\/de\/shop\/"},{"@type":"ListItem","position":3,"name":"Rohe Bio-Kakaopaste Ecuador &#8211; Zeremonielle Qualit\u00e4t"}]},{"@type":"WebSite","@id":"https:\/\/dutchmicrodosing.com\/de\/#website","url":"https:\/\/dutchmicrodosing.com\/de\/","name":"Dutchmicrodosing","description":"","publisher":{"@id":"https:\/\/dutchmicrodosing.com\/de\/#organization"},"potentialAction":[{"@type":"SearchAction","target":{"@type":"EntryPoint","urlTemplate":"https:\/\/dutchmicrodosing.com\/de\/?s={search_term_string}"},"query-input":{"@type":"PropertyValueSpecification","valueRequired":true,"valueName":"search_term_string"}}],"inLanguage":"de"},{"@type":"Organization","@id":"https:\/\/dutchmicrodosing.com\/de\/#organization","name":"Dutchmicrodosing","url":"https:\/\/dutchmicrodosing.com\/de\/","logo":{"@type":"ImageObject","inLanguage":"de","@id":"https:\/\/dutchmicrodosing.com\/de\/#\/schema\/logo\/image\/","url":"https:\/\/dutchmicrodosing.com\/wp-content\/uploads\/2021\/01\/microdosing-categorie-pic-nieuw.jpg","contentUrl":"https:\/\/dutchmicrodosing.com\/wp-content\/uploads\/2021\/01\/microdosing-categorie-pic-nieuw.jpg","width":500,"height":500,"caption":"Dutchmicrodosing"},"image":{"@id":"https:\/\/dutchmicrodosing.com\/de\/#\/schema\/logo\/image\/"},"sameAs":["https:\/\/www.facebook.com\/Dutchmicrodosingxp\/","https:\/\/www.instagram.com\/dutchmicrodosing\/"]}]},"product_price_amount":"14.95","product_price_currency":"EUR","og_availability":"instock","product_availability":"instock","product_retailer_item_id":"4202666","product_condition":"new"},"_links":{"self":[{"href":"https:\/\/dutchmicrodosing.com\/de\/wp-json\/wp\/v2\/product\/36835","targetHints":{"allow":["GET"]}}],"collection":[{"href":"https:\/\/dutchmicrodosing.com\/de\/wp-json\/wp\/v2\/product"}],"about":[{"href":"https:\/\/dutchmicrodosing.com\/de\/wp-json\/wp\/v2\/types\/product"}],"replies":[{"embeddable":true,"href":"https:\/\/dutchmicrodosing.com\/de\/wp-json\/wp\/v2\/comments?post=36835"}],"version-history":[{"count":0,"href":"https:\/\/dutchmicrodosing.com\/de\/wp-json\/wp\/v2\/product\/36835\/revisions"}],"wp:featuredmedia":[{"embeddable":true,"href":"https:\/\/dutchmicrodosing.com\/de\/wp-json\/wp\/v2\/media\/36971"}],"wp:attachment":[{"href":"https:\/\/dutchmicrodosing.com\/de\/wp-json\/wp\/v2\/media?parent=36835"}],"wp:term":[{"taxonomy":"product_brand","embeddable":true,"href":"https:\/\/dutchmicrodosing.com\/de\/wp-json\/wp\/v2\/product_brand?post=36835"},{"taxonomy":"product_cat","embeddable":true,"href":"https:\/\/dutchmicrodosing.com\/de\/wp-json\/wp\/v2\/product_cat?post=36835"},{"taxonomy":"product_tag","embeddable":true,"href":"https:\/\/dutchmicrodosing.com\/de\/wp-json\/wp\/v2\/product_tag?post=36835"}],"curies":[{"name":"wp","href":"https:\/\/api.w.org\/{rel}","templated":true}]}}