{"id":36847,"date":"2024-02-21T20:09:35","date_gmt":"2024-02-21T19:09:35","guid":{"rendered":"https:\/\/dutchmicrodosing.com\/?post_type=product&#038;p=36847"},"modified":"2025-08-19T15:28:25","modified_gmt":"2025-08-19T13:28:25","slug":"zeremonielle-kakao-samen-bolivien","status":"publish","type":"product","link":"https:\/\/dutchmicrodosing.com\/de\/reformhaus\/superfoods\/zeremonielle-kakao-samen-bolivien\/","title":{"rendered":"Bio-Kakaosamen Bolivien &#8211; Zeremonielle Qualit\u00e4t"},"content":{"rendered":"<p><strong>Bio-Kakaosamen Bolivien <\/strong>der einzigartigen Sorte Beniano werden in Beni, im Nordosten Boliviens, wild geerntet. Diese besondere Kakaosorte, die seit Hunderten von Jahren im Amazonaswald gedeiht, ist rein und unbeeinflusst von Kreuzungen mit anderen Sorten, was sie zu einer seltenen und sehr begehrten Sorte unter Kakaokennern macht. Diese Bohnen werden h\u00e4ufig in zeremoniellen Zusammenh\u00e4ngen verwendet. Die lokalen Gemeinschaften betrachten den Regenwald und seine Kakaoressourcen als Gemeinschaftseigentum und verwalten sie durch kollektive Entscheidungsfindung. Die Ernte dieser wilden Kakaobohnen erfolgt von Januar bis M\u00e4rz von Hand, ohne maschinelle Hilfsmittel, was der Artenvielfalt des Regenwaldes zugute kommt und den besonderen Status dieses wilden Kakaos unterstreicht.<\/p>\n<h3>El Ceibo<\/h3>\n<p>In Bolivien w\u00e4chst der Kakao auf nat\u00fcrliche Weise in den W\u00e4ldern von Beni, Cochabamba und im Norden von La Paz. Diese Kakaobohnen werden von El Ceibo geliefert, einer Genossenschaft der zweiten Ebene, die 1977 von 12 Basisgenossenschaften gegr\u00fcndet wurde. El Ceibo vereint mehr als 1.200 Kleinbauern, die sich dem \u00f6kologischen Kakaoanbau in der Region Alto Beni verschrieben haben. Seit ihrer Gr\u00fcndung im Jahr 1977 hat sich die Genossenschaft f\u00fcr die Verbesserung der Lebensbedingungen ihrer Mitglieder eingesetzt. Seit vielen Jahren f\u00f6rdert El Ceibo in Zusammenarbeit mit dem PIAF (Programm zur Umsetzung von Agrar\u00f6kologie und Forstwirtschaft) den Kakaoanbau in agroforstwirtschaftlichen Plantagen. Hier wird Kakao in Kombination mit Obstpflanzen, Heilpflanzen und Holz angebaut.<\/p>\n<h3>Inhaltsstoffe<\/h3>\n<p>100% biologische Kakaosamen\/-bohnen aus Bolivien<\/p>\n<h3>Operation<\/h3>\n<ul>\n<li>Antioxidatives Kraftpaket.<\/li>\n<li>Nat\u00fcrlicher Stimmungsaufheller.<\/li>\n<li>F\u00f6rdert die Herzgesundheit.<\/li>\n<li>Reich an Mineralien.<\/li>\n<li>Verbesserte Gehirnfunktion.<\/li>\n<\/ul>\n<h3>Verwenden Sie<\/h3>\n<p>Kakaobohnen sind vielseitig einsetzbar. Man kann aus ihnen selbstgemachte Schokolade machen oder sie mahlen und in Smoothies, Pfannkuchen, M\u00fcsli oder Joghurt geben. Es wird empfohlen, t\u00e4glich nicht mehr als 10-15 Gramm Kakaobohnen zu verzehren.<\/p>\n<h3>Zeremonieller Gebrauch<\/h3>\n<p>Hier finden Sie einen allgemeinen Leitfaden f\u00fcr die Zubereitung von Kakaobohnen f\u00fcr zeremonielle Zwecke, wie sie in verschiedenen traditionellen und modernen Zeremonien verwendet werden:<\/p>\n<ol>\n<li><strong>Reinigung<\/strong><br \/>\nBeginnen Sie mit einer physischen und energetischen Reinigung des Raumes, von Ihnen selbst und den Kakaobohnen. Dazu kann das R\u00e4uchern mit wei\u00dfem Salbei, Palo Santo oder ein anderes Reinigungsritual geh\u00f6ren. F\u00fcr die Bohnen selbst reicht es aus, sie unter flie\u00dfendem Wasser abzusp\u00fclen, um sie von allen negativen Energien zu befreien.<\/li>\n<li><strong>Toast<\/strong><br \/>\nDas R\u00f6sten der Kakaobohnen tr\u00e4gt zur Entfaltung des Aromas bei und erleichtert das Entfernen der Schale. R\u00f6sten Sie die Bohnen bei schwacher Hitze leicht an, w\u00e4hrend Sie Ihre Aufmerksamkeit und Absicht auf den Prozess und die bevorstehende Zeremonie richten. St\u00e4ndig umr\u00fchren, damit nichts anbrennt.<\/li>\n<li><strong>Peeling<\/strong><br \/>\nNach dem R\u00f6sten lassen Sie die Bohnen abk\u00fchlen. Dann die Schale von jeder Bohne abziehen. Dies kann manuell geschehen, wobei die Bohnen manchmal leicht zwischen den H\u00e4nden oder auf einem sauberen Tuch gerollt werden, um den Vorgang zu erleichtern.<\/li>\n<li><strong>Schleifen<\/strong><br \/>\nDie gesch\u00e4lten Bohnen k\u00f6nnen dann zu einer feinen Paste gemahlen werden. Dies kann mit einer Handm\u00fchle, einem Steinmahlwerk oder einer modernen K\u00fcchenmaschine geschehen. Die Absicht und die Aufmerksamkeit w\u00e4hrend dieses Prozesses sind entscheidend, um die spirituellen Qualit\u00e4ten des Kakaos zu erhalten.<\/li>\n<li><strong>Zubereitung des Getr\u00e4nks<\/strong><br \/>\nDie Kakaopaste mit hei\u00dfem Wasser vermischen (kein kochendes Wasser verwenden, da dies die Wirkstoffe besch\u00e4digen kann) und gut umr\u00fchren. Traditionell werden hier keine S\u00fc\u00dfungsmittel zugesetzt, aber je nach der spezifischen Zeremonie und den pers\u00f6nlichen Vorlieben k\u00f6nnen Honig, Chili, Vanille oder andere nat\u00fcrliche Zutaten hinzugef\u00fcgt werden, um das Erlebnis zu bereichern.<\/li>\n<li><strong>Intention und Gebet<\/strong><br \/>\nBevor der Kakao serviert wird, sprechen Sie eine Intention oder ein Gebet \u00fcber dem Getr\u00e4nk. Dies ist eine Gelegenheit, den Geist des Kakaos anzurufen und um Erlaubnis und Segen f\u00fcr die Zeremonie zu bitten.<\/li>\n<li><strong>Verbrauch<\/strong><br \/>\nDas Kakaogetr\u00e4nk wird in einem zeremoniellen Rahmen getrunken, oft in einem Kreis und in Begleitung eines Moderators oder Schamanen. Die Teilnehmer k\u00f6nnen ermutigt werden, \u00fcber ihre Absicht zu meditieren, sich in einem Kreis auszutauschen oder an anderen rituellen Praktiken teilzunehmen.<\/li>\n<li>Es ist wichtig, daran zu denken, dass der Respekt vor dem Kakao und den Kulturen, die diese heilige Pflanze seit Jahrhunderten nutzen, im Mittelpunkt jeder Zeremonie steht. Die zeremonielle Verwendung von Kakao ist eine kraftvolle M\u00f6glichkeit, sich mit dem eigenen Herzen, mit anderen und mit der Erde zu verbinden.<\/li>\n<\/ol>\n<p>Konsultieren Sie immer Ihren Arzt, bevor Sie Lebensmittel mit hohem N\u00e4hrwert in Ihre Ern\u00e4hrung aufnehmen. Lagern Sie dieses Produkt bis zu 18 Monate lang in der Originalverpackung, vorzugsweise an einem k\u00fchlen und trockenen Ort.<\/p>\n<h3>Inhalt<\/h3>\n<p>100% Bio Kakaosamen Bolivien &#8211; 200 g.<\/p>\n","protected":false},"excerpt":{"rendered":"<p>Bio-Kakaosamen Bolivien der einzigartigen Sorte Beniano werden in Beni, im Nordosten Boliviens, wild geerntet. Diese besondere Kakaosorte, die seit Hunderten von Jahren im Amazonaswald gedeiht, ist rein und unbeeinflusst von Kreuzungen mit anderen Sorten, was sie zu einer seltenen und sehr begehrten Sorte unter Kakaokennern macht. Diese Bohnen werden h\u00e4ufig in zeremoniellen Zusammenh\u00e4ngen verwendet. Die [&hellip;]<\/p>\n","protected":false},"featured_media":36943,"comment_status":"closed","ping_status":"closed","template":"","meta":[],"product_brand":[],"product_cat":[337,293,281],"product_tag":[],"class_list":{"0":"post-36847","1":"product","2":"type-product","3":"status-publish","4":"has-post-thumbnail","6":"product_cat-roher-kakao","7":"product_cat-erganzungen-fur-das-immunsystem","8":"product_cat-superfoods","10":"first","11":"instock","12":"taxable","13":"shipping-taxable","14":"purchasable","15":"product-type-simple"},"yoast_head":"<!-- This site is optimized with the Yoast SEO Premium plugin v26.4 (Yoast SEO v27.4) - https:\/\/yoast.com\/product\/yoast-seo-premium-wordpress\/ -->\n<title>Bio-Kakaosamen Bolivien - Zeremonielle Qualit\u00e4t - Dutchmicrodosing<\/title>\n<meta name=\"robots\" content=\"index, follow, max-snippet:-1, max-image-preview:large, max-video-preview:-1\" \/>\n<link rel=\"canonical\" href=\"https:\/\/dutchmicrodosing.com\/de\/reformhaus\/superfoods\/zeremonielle-kakao-samen-bolivien\/\" \/>\n<meta property=\"og:locale\" content=\"de_DE\" \/>\n<meta property=\"og:type\" content=\"article\" \/>\n<meta property=\"og:title\" content=\"Bio-Kakaosamen Bolivien - Zeremonielle Qualit\u00e4t\" \/>\n<meta property=\"og:description\" content=\"Bio-Kakaosamen Bolivien der einzigartigen Sorte Beniano werden in Beni, im Nordosten Boliviens, wild geerntet. Diese besondere Kakaosorte, die seit\" \/>\n<meta property=\"og:url\" content=\"https:\/\/dutchmicrodosing.com\/de\/reformhaus\/superfoods\/zeremonielle-kakao-samen-bolivien\/\" \/>\n<meta property=\"og:site_name\" content=\"Dutchmicrodosing\" \/>\n<meta property=\"article:publisher\" content=\"https:\/\/www.facebook.com\/Dutchmicrodosingxp\/\" \/>\n<meta property=\"article:modified_time\" content=\"2025-08-19T13:28:25+00:00\" \/>\n<meta property=\"og:image\" content=\"https:\/\/dutchmicrodosing.com\/wp-content\/uploads\/2024\/02\/cacao.png\" \/>\n\t<meta property=\"og:image:width\" content=\"500\" \/>\n\t<meta property=\"og:image:height\" content=\"500\" \/>\n\t<meta property=\"og:image:type\" content=\"image\/png\" \/>\n<meta name=\"twitter:card\" content=\"summary_large_image\" \/>\n<script type=\"application\/ld+json\" class=\"yoast-schema-graph\">{\"@context\":\"https:\\\/\\\/schema.org\",\"@graph\":[{\"@type\":\"WebPage\",\"@id\":\"https:\\\/\\\/dutchmicrodosing.com\\\/de\\\/reformhaus\\\/superfoods\\\/zeremonielle-kakao-samen-bolivien\\\/\",\"url\":\"https:\\\/\\\/dutchmicrodosing.com\\\/de\\\/reformhaus\\\/superfoods\\\/zeremonielle-kakao-samen-bolivien\\\/\",\"name\":\"Bio-Kakaosamen Bolivien - Zeremonielle Qualit\u00e4t - Dutchmicrodosing\",\"isPartOf\":{\"@id\":\"https:\\\/\\\/dutchmicrodosing.com\\\/de\\\/#website\"},\"primaryImageOfPage\":{\"@id\":\"https:\\\/\\\/dutchmicrodosing.com\\\/de\\\/reformhaus\\\/superfoods\\\/zeremonielle-kakao-samen-bolivien\\\/#primaryimage\"},\"image\":{\"@id\":\"https:\\\/\\\/dutchmicrodosing.com\\\/de\\\/reformhaus\\\/superfoods\\\/zeremonielle-kakao-samen-bolivien\\\/#primaryimage\"},\"thumbnailUrl\":\"https:\\\/\\\/dutchmicrodosing.com\\\/wp-content\\\/uploads\\\/2024\\\/02\\\/cacao.png\",\"datePublished\":\"2024-02-21T19:09:35+00:00\",\"dateModified\":\"2025-08-19T13:28:25+00:00\",\"breadcrumb\":{\"@id\":\"https:\\\/\\\/dutchmicrodosing.com\\\/de\\\/reformhaus\\\/superfoods\\\/zeremonielle-kakao-samen-bolivien\\\/#breadcrumb\"},\"inLanguage\":\"de\",\"potentialAction\":[{\"@type\":\"ReadAction\",\"target\":[\"https:\\\/\\\/dutchmicrodosing.com\\\/de\\\/reformhaus\\\/superfoods\\\/zeremonielle-kakao-samen-bolivien\\\/\"]}]},{\"@type\":\"ImageObject\",\"inLanguage\":\"de\",\"@id\":\"https:\\\/\\\/dutchmicrodosing.com\\\/de\\\/reformhaus\\\/superfoods\\\/zeremonielle-kakao-samen-bolivien\\\/#primaryimage\",\"url\":\"https:\\\/\\\/dutchmicrodosing.com\\\/wp-content\\\/uploads\\\/2024\\\/02\\\/cacao.png\",\"contentUrl\":\"https:\\\/\\\/dutchmicrodosing.com\\\/wp-content\\\/uploads\\\/2024\\\/02\\\/cacao.png\",\"width\":500,\"height\":500},{\"@type\":\"BreadcrumbList\",\"@id\":\"https:\\\/\\\/dutchmicrodosing.com\\\/de\\\/reformhaus\\\/superfoods\\\/zeremonielle-kakao-samen-bolivien\\\/#breadcrumb\",\"itemListElement\":[{\"@type\":\"ListItem\",\"position\":1,\"name\":\"Home\",\"item\":\"https:\\\/\\\/dutchmicrodosing.com\\\/de\\\/\"},{\"@type\":\"ListItem\",\"position\":2,\"name\":\"Shop\",\"item\":\"https:\\\/\\\/dutchmicrodosing.com\\\/de\\\/shop\\\/\"},{\"@type\":\"ListItem\",\"position\":3,\"name\":\"Bio-Kakaosamen Bolivien &#8211; Zeremonielle Qualit\u00e4t\"}]},{\"@type\":\"WebSite\",\"@id\":\"https:\\\/\\\/dutchmicrodosing.com\\\/de\\\/#website\",\"url\":\"https:\\\/\\\/dutchmicrodosing.com\\\/de\\\/\",\"name\":\"Dutchmicrodosing\",\"description\":\"\",\"publisher\":{\"@id\":\"https:\\\/\\\/dutchmicrodosing.com\\\/de\\\/#organization\"},\"potentialAction\":[{\"@type\":\"SearchAction\",\"target\":{\"@type\":\"EntryPoint\",\"urlTemplate\":\"https:\\\/\\\/dutchmicrodosing.com\\\/de\\\/?s={search_term_string}\"},\"query-input\":{\"@type\":\"PropertyValueSpecification\",\"valueRequired\":true,\"valueName\":\"search_term_string\"}}],\"inLanguage\":\"de\"},{\"@type\":\"Organization\",\"@id\":\"https:\\\/\\\/dutchmicrodosing.com\\\/de\\\/#organization\",\"name\":\"Dutchmicrodosing\",\"url\":\"https:\\\/\\\/dutchmicrodosing.com\\\/de\\\/\",\"logo\":{\"@type\":\"ImageObject\",\"inLanguage\":\"de\",\"@id\":\"https:\\\/\\\/dutchmicrodosing.com\\\/de\\\/#\\\/schema\\\/logo\\\/image\\\/\",\"url\":\"https:\\\/\\\/dutchmicrodosing.com\\\/wp-content\\\/uploads\\\/2021\\\/01\\\/microdosing-categorie-pic-nieuw.jpg\",\"contentUrl\":\"https:\\\/\\\/dutchmicrodosing.com\\\/wp-content\\\/uploads\\\/2021\\\/01\\\/microdosing-categorie-pic-nieuw.jpg\",\"width\":500,\"height\":500,\"caption\":\"Dutchmicrodosing\"},\"image\":{\"@id\":\"https:\\\/\\\/dutchmicrodosing.com\\\/de\\\/#\\\/schema\\\/logo\\\/image\\\/\"},\"sameAs\":[\"https:\\\/\\\/www.facebook.com\\\/Dutchmicrodosingxp\\\/\",\"https:\\\/\\\/www.instagram.com\\\/dutchmicrodosing\\\/\"]}]}<\/script>\n<meta property=\"product:price:amount\" content=\"9.95\" \/>\n<meta property=\"product:price:currency\" content=\"EUR\" \/>\n<meta property=\"og:availability\" content=\"instock\" \/>\n<meta property=\"product:availability\" content=\"instock\" \/>\n<meta property=\"product:retailer_item_id\" content=\"4202644\" \/>\n<meta property=\"product:condition\" content=\"new\" \/>\n<!-- \/ Yoast SEO Premium plugin. -->","yoast_head_json":{"title":"Bio-Kakaosamen Bolivien - Zeremonielle Qualit\u00e4t - Dutchmicrodosing","robots":{"index":"index","follow":"follow","max-snippet":"max-snippet:-1","max-image-preview":"max-image-preview:large","max-video-preview":"max-video-preview:-1"},"canonical":"https:\/\/dutchmicrodosing.com\/de\/reformhaus\/superfoods\/zeremonielle-kakao-samen-bolivien\/","og_locale":"de_DE","og_type":"article","og_title":"Bio-Kakaosamen Bolivien - Zeremonielle Qualit\u00e4t","og_description":"Bio-Kakaosamen Bolivien der einzigartigen Sorte Beniano werden in Beni, im Nordosten Boliviens, wild geerntet. Diese besondere Kakaosorte, die seit","og_url":"https:\/\/dutchmicrodosing.com\/de\/reformhaus\/superfoods\/zeremonielle-kakao-samen-bolivien\/","og_site_name":"Dutchmicrodosing","article_publisher":"https:\/\/www.facebook.com\/Dutchmicrodosingxp\/","article_modified_time":"2025-08-19T13:28:25+00:00","og_image":[{"width":500,"height":500,"url":"https:\/\/dutchmicrodosing.com\/wp-content\/uploads\/2024\/02\/cacao.png","type":"image\/png"}],"twitter_card":"summary_large_image","schema":{"@context":"https:\/\/schema.org","@graph":[{"@type":"WebPage","@id":"https:\/\/dutchmicrodosing.com\/de\/reformhaus\/superfoods\/zeremonielle-kakao-samen-bolivien\/","url":"https:\/\/dutchmicrodosing.com\/de\/reformhaus\/superfoods\/zeremonielle-kakao-samen-bolivien\/","name":"Bio-Kakaosamen Bolivien - Zeremonielle Qualit\u00e4t - Dutchmicrodosing","isPartOf":{"@id":"https:\/\/dutchmicrodosing.com\/de\/#website"},"primaryImageOfPage":{"@id":"https:\/\/dutchmicrodosing.com\/de\/reformhaus\/superfoods\/zeremonielle-kakao-samen-bolivien\/#primaryimage"},"image":{"@id":"https:\/\/dutchmicrodosing.com\/de\/reformhaus\/superfoods\/zeremonielle-kakao-samen-bolivien\/#primaryimage"},"thumbnailUrl":"https:\/\/dutchmicrodosing.com\/wp-content\/uploads\/2024\/02\/cacao.png","datePublished":"2024-02-21T19:09:35+00:00","dateModified":"2025-08-19T13:28:25+00:00","breadcrumb":{"@id":"https:\/\/dutchmicrodosing.com\/de\/reformhaus\/superfoods\/zeremonielle-kakao-samen-bolivien\/#breadcrumb"},"inLanguage":"de","potentialAction":[{"@type":"ReadAction","target":["https:\/\/dutchmicrodosing.com\/de\/reformhaus\/superfoods\/zeremonielle-kakao-samen-bolivien\/"]}]},{"@type":"ImageObject","inLanguage":"de","@id":"https:\/\/dutchmicrodosing.com\/de\/reformhaus\/superfoods\/zeremonielle-kakao-samen-bolivien\/#primaryimage","url":"https:\/\/dutchmicrodosing.com\/wp-content\/uploads\/2024\/02\/cacao.png","contentUrl":"https:\/\/dutchmicrodosing.com\/wp-content\/uploads\/2024\/02\/cacao.png","width":500,"height":500},{"@type":"BreadcrumbList","@id":"https:\/\/dutchmicrodosing.com\/de\/reformhaus\/superfoods\/zeremonielle-kakao-samen-bolivien\/#breadcrumb","itemListElement":[{"@type":"ListItem","position":1,"name":"Home","item":"https:\/\/dutchmicrodosing.com\/de\/"},{"@type":"ListItem","position":2,"name":"Shop","item":"https:\/\/dutchmicrodosing.com\/de\/shop\/"},{"@type":"ListItem","position":3,"name":"Bio-Kakaosamen Bolivien &#8211; Zeremonielle Qualit\u00e4t"}]},{"@type":"WebSite","@id":"https:\/\/dutchmicrodosing.com\/de\/#website","url":"https:\/\/dutchmicrodosing.com\/de\/","name":"Dutchmicrodosing","description":"","publisher":{"@id":"https:\/\/dutchmicrodosing.com\/de\/#organization"},"potentialAction":[{"@type":"SearchAction","target":{"@type":"EntryPoint","urlTemplate":"https:\/\/dutchmicrodosing.com\/de\/?s={search_term_string}"},"query-input":{"@type":"PropertyValueSpecification","valueRequired":true,"valueName":"search_term_string"}}],"inLanguage":"de"},{"@type":"Organization","@id":"https:\/\/dutchmicrodosing.com\/de\/#organization","name":"Dutchmicrodosing","url":"https:\/\/dutchmicrodosing.com\/de\/","logo":{"@type":"ImageObject","inLanguage":"de","@id":"https:\/\/dutchmicrodosing.com\/de\/#\/schema\/logo\/image\/","url":"https:\/\/dutchmicrodosing.com\/wp-content\/uploads\/2021\/01\/microdosing-categorie-pic-nieuw.jpg","contentUrl":"https:\/\/dutchmicrodosing.com\/wp-content\/uploads\/2021\/01\/microdosing-categorie-pic-nieuw.jpg","width":500,"height":500,"caption":"Dutchmicrodosing"},"image":{"@id":"https:\/\/dutchmicrodosing.com\/de\/#\/schema\/logo\/image\/"},"sameAs":["https:\/\/www.facebook.com\/Dutchmicrodosingxp\/","https:\/\/www.instagram.com\/dutchmicrodosing\/"]}]},"product_price_amount":"9.95","product_price_currency":"EUR","og_availability":"instock","product_availability":"instock","product_retailer_item_id":"4202644","product_condition":"new"},"_links":{"self":[{"href":"https:\/\/dutchmicrodosing.com\/de\/wp-json\/wp\/v2\/product\/36847","targetHints":{"allow":["GET"]}}],"collection":[{"href":"https:\/\/dutchmicrodosing.com\/de\/wp-json\/wp\/v2\/product"}],"about":[{"href":"https:\/\/dutchmicrodosing.com\/de\/wp-json\/wp\/v2\/types\/product"}],"replies":[{"embeddable":true,"href":"https:\/\/dutchmicrodosing.com\/de\/wp-json\/wp\/v2\/comments?post=36847"}],"version-history":[{"count":0,"href":"https:\/\/dutchmicrodosing.com\/de\/wp-json\/wp\/v2\/product\/36847\/revisions"}],"wp:featuredmedia":[{"embeddable":true,"href":"https:\/\/dutchmicrodosing.com\/de\/wp-json\/wp\/v2\/media\/36943"}],"wp:attachment":[{"href":"https:\/\/dutchmicrodosing.com\/de\/wp-json\/wp\/v2\/media?parent=36847"}],"wp:term":[{"taxonomy":"product_brand","embeddable":true,"href":"https:\/\/dutchmicrodosing.com\/de\/wp-json\/wp\/v2\/product_brand?post=36847"},{"taxonomy":"product_cat","embeddable":true,"href":"https:\/\/dutchmicrodosing.com\/de\/wp-json\/wp\/v2\/product_cat?post=36847"},{"taxonomy":"product_tag","embeddable":true,"href":"https:\/\/dutchmicrodosing.com\/de\/wp-json\/wp\/v2\/product_tag?post=36847"}],"curies":[{"name":"wp","href":"https:\/\/api.w.org\/{rel}","templated":true}]}}