{"id":36875,"date":"2023-12-08T14:30:10","date_gmt":"2023-12-08T13:30:10","guid":{"rendered":"https:\/\/dutchmicrodosing.com\/shop\/unkategorisiert\/agaricus-blazei-120-kapseln\/"},"modified":"2025-10-13T12:39:58","modified_gmt":"2025-10-13T10:39:58","slug":"agaricus-blazei-120-kapseln","status":"publish","type":"product","link":"https:\/\/dutchmicrodosing.com\/de\/medizinische-pilze\/agaricus-blazei-120-kapseln\/","title":{"rendered":"Agaricus Blazei -120 Kapseln"},"content":{"rendered":"<p><strong>Agaricus Blazei<\/strong>, auch bekannt als &#8222;Sonnenstrahlpilz&#8220;, ist ein Pilz, der sowohl in der traditionellen als auch in der modernen Gesundheitsf\u00fcrsorge wegen seiner vielf\u00e4ltigen gesundheitlichen Vorteile hoch gesch\u00e4tzt wird. Dieser Pilz wird besonders f\u00fcr seine F\u00e4higkeit gesch\u00e4tzt, den K\u00f6rper zu entschlacken und den Stoffwechsel anzukurbeln.<\/p>\n<p>Das Vorhandensein von Beta-Glucanen, einer Art von Polysaccharid mit starken immunst\u00e4rkenden Eigenschaften, ist einer der Schl\u00fcsselfaktoren, die Agaricus Blazei so wirksam machen. Diese Stoffe tragen nicht nur zur St\u00e4rkung des Immunsystems bei, sondern unterst\u00fctzen auch die Kontrolle von Entz\u00fcndungsreaktionen. Dar\u00fcber hinaus enth\u00e4lt dieser Pilz auch andere bioaktive Verbindungen, die zum allgemeinen Wohlbefinden beitragen.<\/p>\n<p>Urspr\u00fcnglich aus Brasilien stammend, hat sich der Anbau von Agaricus Blazei dank der Anerkennung seiner gesundheitsf\u00f6rdernden Eigenschaften in viele Teile der Welt ausgebreitet. Der Pilz wird h\u00e4ufig in Nahrungserg\u00e4nzungsmitteln und anderen Gesundheitsprodukten verwendet und findet manchmal seinen Weg in kulinarische Zubereitungen, was ihn zu einem vielseitigen und wertvollen Bestandteil einer gesunden Lebensweise macht.<\/p>\n<h3>Zutaten pro vegane Kapsel:<\/h3>\n<ul>\n<li>  400 mg biologischer Agaricus Blazei Extrakt aus 100% Fruchtk\u00f6rper (Pilz).<\/li>\n<li>Es ist ein Vollspektrumextrakt, der mittels H2O und Ethanol gewonnen wird.<br \/>\nDies dient dazu, das Beste aus den Fruchtk\u00f6rpern herauszuholen. Es enth\u00e4lt 30%<\/li>\n<li>Polysaccharide und Beta-Glucane.<\/li>\n<li>Vitamin C, Zink.<\/li>\n<\/ul>\n<h3>Verwenden Sie<\/h3>\n<p>Nehmen Sie nicht mehr als 1 Kapsel zweimal t\u00e4glich mit Wasser w\u00e4hrend einer Mahlzeit ein.<\/p>\n<h3>Hinweise zur Lagerung<\/h3>\n<p>Bewahren Sie dieses Produkt an einem dunklen, k\u00fchlen Ort auf, z. B. in einem K\u00fcchenschrank und au\u00dferhalb der Reichweite von Kindern.<\/p>\n<h3>Inhalt<\/h3>\n<p>Agaricus Blazei McMyco &#8211; 120 Kapseln.<\/p>\n<h3>Achtung!<\/h3>\n<p>Konsultieren Sie vor der Anwendung Ihren Arzt, wenn Sie schwanger sind, stillen oder gesundheitliche Probleme haben.<\/p>\n","protected":false},"excerpt":{"rendered":"<p>Agaricus Blazei, auch bekannt als &#8222;Sonnenstrahlpilz&#8220;, ist ein Pilz, der sowohl in der traditionellen als auch in der modernen Gesundheitsf\u00fcrsorge wegen seiner vielf\u00e4ltigen gesundheitlichen Vorteile hoch gesch\u00e4tzt wird. Dieser Pilz wird besonders f\u00fcr seine F\u00e4higkeit gesch\u00e4tzt, den K\u00f6rper zu entschlacken und den Stoffwechsel anzukurbeln. Das Vorhandensein von Beta-Glucanen, einer Art von Polysaccharid mit starken immunst\u00e4rkenden [&hellip;]<\/p>\n","protected":false},"featured_media":33056,"comment_status":"closed","ping_status":"closed","template":"","meta":[],"product_brand":[],"product_cat":[114,292,293],"product_tag":[],"class_list":{"0":"post-36875","1":"product","2":"type-product","3":"status-publish","4":"has-post-thumbnail","6":"product_cat-medizinische-pilze","7":"product_cat-energie-erganzungen","8":"product_cat-erganzungen-fur-das-immunsystem","10":"first","11":"instock","12":"sale","13":"taxable","14":"shipping-taxable","15":"purchasable","16":"product-type-simple"},"yoast_head":"<!-- This site is optimized with the Yoast SEO Premium plugin v26.4 (Yoast SEO v27.2) - https:\/\/yoast.com\/product\/yoast-seo-premium-wordpress\/ -->\n<title>Agaricus Blazei -120 Kapseln - Dutchmicrodosing<\/title>\n<meta name=\"description\" content=\"Agaricus Blazei, auch bekannt als &quot;Sunburst Mushroom&quot;, ist ein Pilz, der sowohl in der traditionellen als auch in der modernen Gesundheitsf\u00fcrsorge hoch gesch\u00e4tzt wird\" \/>\n<meta name=\"robots\" content=\"index, follow, max-snippet:-1, max-image-preview:large, max-video-preview:-1\" \/>\n<link rel=\"canonical\" href=\"https:\/\/dutchmicrodosing.com\/de\/medizinische-pilze\/agaricus-blazei-120-kapseln\/\" \/>\n<meta property=\"og:locale\" content=\"de_DE\" \/>\n<meta property=\"og:type\" content=\"article\" \/>\n<meta property=\"og:title\" content=\"Agaricus Blazei -120 Kapseln\" \/>\n<meta property=\"og:description\" content=\"Agaricus Blazei, auch bekannt als &quot;Sonnenstrahlpilz&quot;, ist ein Pilz, der sowohl in der traditionellen als auch in der modernen Gesundheitsf\u00fcrsorge wegen\" \/>\n<meta property=\"og:url\" content=\"https:\/\/dutchmicrodosing.com\/de\/medizinische-pilze\/agaricus-blazei-120-kapseln\/\" \/>\n<meta property=\"og:site_name\" content=\"Dutchmicrodosing\" \/>\n<meta property=\"article:publisher\" content=\"https:\/\/www.facebook.com\/Dutchmicrodosingxp\/\" \/>\n<meta property=\"article:modified_time\" content=\"2025-10-13T10:39:58+00:00\" \/>\n<meta property=\"og:image\" content=\"https:\/\/dutchmicrodosing.com\/wp-content\/uploads\/2023\/12\/2023_Productfoto_Agaricus-caps.jpg\" \/>\n\t<meta property=\"og:image:width\" content=\"1000\" \/>\n\t<meta property=\"og:image:height\" content=\"1000\" \/>\n\t<meta property=\"og:image:type\" content=\"image\/jpeg\" \/>\n<meta name=\"twitter:card\" content=\"summary_large_image\" \/>\n<script type=\"application\/ld+json\" class=\"yoast-schema-graph\">{\"@context\":\"https:\/\/schema.org\",\"@graph\":[{\"@type\":\"WebPage\",\"@id\":\"https:\/\/dutchmicrodosing.com\/de\/medizinische-pilze\/agaricus-blazei-120-kapseln\/\",\"url\":\"https:\/\/dutchmicrodosing.com\/de\/medizinische-pilze\/agaricus-blazei-120-kapseln\/\",\"name\":\"Agaricus Blazei -120 Kapseln - Dutchmicrodosing\",\"isPartOf\":{\"@id\":\"https:\/\/dutchmicrodosing.com\/de\/#website\"},\"primaryImageOfPage\":{\"@id\":\"https:\/\/dutchmicrodosing.com\/de\/medizinische-pilze\/agaricus-blazei-120-kapseln\/#primaryimage\"},\"image\":{\"@id\":\"https:\/\/dutchmicrodosing.com\/de\/medizinische-pilze\/agaricus-blazei-120-kapseln\/#primaryimage\"},\"thumbnailUrl\":\"https:\/\/dutchmicrodosing.com\/wp-content\/uploads\/2023\/12\/2023_Productfoto_Agaricus-caps.jpg\",\"datePublished\":\"2023-12-08T13:30:10+00:00\",\"dateModified\":\"2025-10-13T10:39:58+00:00\",\"description\":\"Agaricus Blazei, auch bekannt als \\\"Sunburst Mushroom\\\", ist ein Pilz, der sowohl in der traditionellen als auch in der modernen Gesundheitsf\u00fcrsorge hoch gesch\u00e4tzt wird\",\"breadcrumb\":{\"@id\":\"https:\/\/dutchmicrodosing.com\/de\/medizinische-pilze\/agaricus-blazei-120-kapseln\/#breadcrumb\"},\"inLanguage\":\"de\",\"potentialAction\":[{\"@type\":\"ReadAction\",\"target\":[\"https:\/\/dutchmicrodosing.com\/de\/medizinische-pilze\/agaricus-blazei-120-kapseln\/\"]}]},{\"@type\":\"ImageObject\",\"inLanguage\":\"de\",\"@id\":\"https:\/\/dutchmicrodosing.com\/de\/medizinische-pilze\/agaricus-blazei-120-kapseln\/#primaryimage\",\"url\":\"https:\/\/dutchmicrodosing.com\/wp-content\/uploads\/2023\/12\/2023_Productfoto_Agaricus-caps.jpg\",\"contentUrl\":\"https:\/\/dutchmicrodosing.com\/wp-content\/uploads\/2023\/12\/2023_Productfoto_Agaricus-caps.jpg\",\"width\":1000,\"height\":1000},{\"@type\":\"BreadcrumbList\",\"@id\":\"https:\/\/dutchmicrodosing.com\/de\/medizinische-pilze\/agaricus-blazei-120-kapseln\/#breadcrumb\",\"itemListElement\":[{\"@type\":\"ListItem\",\"position\":1,\"name\":\"Home\",\"item\":\"https:\/\/dutchmicrodosing.com\/de\/\"},{\"@type\":\"ListItem\",\"position\":2,\"name\":\"Shop\",\"item\":\"https:\/\/dutchmicrodosing.com\/de\/shop\/\"},{\"@type\":\"ListItem\",\"position\":3,\"name\":\"Agaricus Blazei -120 Kapseln\"}]},{\"@type\":\"WebSite\",\"@id\":\"https:\/\/dutchmicrodosing.com\/de\/#website\",\"url\":\"https:\/\/dutchmicrodosing.com\/de\/\",\"name\":\"Dutchmicrodosing\",\"description\":\"\",\"publisher\":{\"@id\":\"https:\/\/dutchmicrodosing.com\/de\/#organization\"},\"potentialAction\":[{\"@type\":\"SearchAction\",\"target\":{\"@type\":\"EntryPoint\",\"urlTemplate\":\"https:\/\/dutchmicrodosing.com\/de\/?s={search_term_string}\"},\"query-input\":{\"@type\":\"PropertyValueSpecification\",\"valueRequired\":true,\"valueName\":\"search_term_string\"}}],\"inLanguage\":\"de\"},{\"@type\":\"Organization\",\"@id\":\"https:\/\/dutchmicrodosing.com\/de\/#organization\",\"name\":\"Dutchmicrodosing\",\"url\":\"https:\/\/dutchmicrodosing.com\/de\/\",\"logo\":{\"@type\":\"ImageObject\",\"inLanguage\":\"de\",\"@id\":\"https:\/\/dutchmicrodosing.com\/de\/#\/schema\/logo\/image\/\",\"url\":\"https:\/\/dutchmicrodosing.com\/wp-content\/uploads\/2021\/01\/microdosing-categorie-pic-nieuw.jpg\",\"contentUrl\":\"https:\/\/dutchmicrodosing.com\/wp-content\/uploads\/2021\/01\/microdosing-categorie-pic-nieuw.jpg\",\"width\":500,\"height\":500,\"caption\":\"Dutchmicrodosing\"},\"image\":{\"@id\":\"https:\/\/dutchmicrodosing.com\/de\/#\/schema\/logo\/image\/\"},\"sameAs\":[\"https:\/\/www.facebook.com\/Dutchmicrodosingxp\/\",\"https:\/\/www.instagram.com\/dutchmicrodosing\/\"]}]}<\/script>\n<meta property=\"product:price:amount\" content=\"27.96\" \/>\n<meta property=\"product:price:currency\" content=\"EUR\" \/>\n<meta property=\"og:availability\" content=\"instock\" \/>\n<meta property=\"product:availability\" content=\"instock\" \/>\n<meta property=\"product:retailer_item_id\" content=\"3212324\" \/>\n<meta property=\"product:condition\" content=\"new\" \/>\n<!-- \/ Yoast SEO Premium plugin. -->","yoast_head_json":{"title":"Agaricus Blazei -120 Kapseln - Dutchmicrodosing","description":"Agaricus Blazei, auch bekannt als \"Sunburst Mushroom\", ist ein Pilz, der sowohl in der traditionellen als auch in der modernen Gesundheitsf\u00fcrsorge hoch gesch\u00e4tzt wird","robots":{"index":"index","follow":"follow","max-snippet":"max-snippet:-1","max-image-preview":"max-image-preview:large","max-video-preview":"max-video-preview:-1"},"canonical":"https:\/\/dutchmicrodosing.com\/de\/medizinische-pilze\/agaricus-blazei-120-kapseln\/","og_locale":"de_DE","og_type":"article","og_title":"Agaricus Blazei -120 Kapseln","og_description":"Agaricus Blazei, auch bekannt als \"Sonnenstrahlpilz\", ist ein Pilz, der sowohl in der traditionellen als auch in der modernen Gesundheitsf\u00fcrsorge wegen","og_url":"https:\/\/dutchmicrodosing.com\/de\/medizinische-pilze\/agaricus-blazei-120-kapseln\/","og_site_name":"Dutchmicrodosing","article_publisher":"https:\/\/www.facebook.com\/Dutchmicrodosingxp\/","article_modified_time":"2025-10-13T10:39:58+00:00","og_image":[{"width":1000,"height":1000,"url":"https:\/\/dutchmicrodosing.com\/wp-content\/uploads\/2023\/12\/2023_Productfoto_Agaricus-caps.jpg","type":"image\/jpeg"}],"twitter_card":"summary_large_image","schema":{"@context":"https:\/\/schema.org","@graph":[{"@type":"WebPage","@id":"https:\/\/dutchmicrodosing.com\/de\/medizinische-pilze\/agaricus-blazei-120-kapseln\/","url":"https:\/\/dutchmicrodosing.com\/de\/medizinische-pilze\/agaricus-blazei-120-kapseln\/","name":"Agaricus Blazei -120 Kapseln - Dutchmicrodosing","isPartOf":{"@id":"https:\/\/dutchmicrodosing.com\/de\/#website"},"primaryImageOfPage":{"@id":"https:\/\/dutchmicrodosing.com\/de\/medizinische-pilze\/agaricus-blazei-120-kapseln\/#primaryimage"},"image":{"@id":"https:\/\/dutchmicrodosing.com\/de\/medizinische-pilze\/agaricus-blazei-120-kapseln\/#primaryimage"},"thumbnailUrl":"https:\/\/dutchmicrodosing.com\/wp-content\/uploads\/2023\/12\/2023_Productfoto_Agaricus-caps.jpg","datePublished":"2023-12-08T13:30:10+00:00","dateModified":"2025-10-13T10:39:58+00:00","description":"Agaricus Blazei, auch bekannt als \"Sunburst Mushroom\", ist ein Pilz, der sowohl in der traditionellen als auch in der modernen Gesundheitsf\u00fcrsorge hoch gesch\u00e4tzt wird","breadcrumb":{"@id":"https:\/\/dutchmicrodosing.com\/de\/medizinische-pilze\/agaricus-blazei-120-kapseln\/#breadcrumb"},"inLanguage":"de","potentialAction":[{"@type":"ReadAction","target":["https:\/\/dutchmicrodosing.com\/de\/medizinische-pilze\/agaricus-blazei-120-kapseln\/"]}]},{"@type":"ImageObject","inLanguage":"de","@id":"https:\/\/dutchmicrodosing.com\/de\/medizinische-pilze\/agaricus-blazei-120-kapseln\/#primaryimage","url":"https:\/\/dutchmicrodosing.com\/wp-content\/uploads\/2023\/12\/2023_Productfoto_Agaricus-caps.jpg","contentUrl":"https:\/\/dutchmicrodosing.com\/wp-content\/uploads\/2023\/12\/2023_Productfoto_Agaricus-caps.jpg","width":1000,"height":1000},{"@type":"BreadcrumbList","@id":"https:\/\/dutchmicrodosing.com\/de\/medizinische-pilze\/agaricus-blazei-120-kapseln\/#breadcrumb","itemListElement":[{"@type":"ListItem","position":1,"name":"Home","item":"https:\/\/dutchmicrodosing.com\/de\/"},{"@type":"ListItem","position":2,"name":"Shop","item":"https:\/\/dutchmicrodosing.com\/de\/shop\/"},{"@type":"ListItem","position":3,"name":"Agaricus Blazei -120 Kapseln"}]},{"@type":"WebSite","@id":"https:\/\/dutchmicrodosing.com\/de\/#website","url":"https:\/\/dutchmicrodosing.com\/de\/","name":"Dutchmicrodosing","description":"","publisher":{"@id":"https:\/\/dutchmicrodosing.com\/de\/#organization"},"potentialAction":[{"@type":"SearchAction","target":{"@type":"EntryPoint","urlTemplate":"https:\/\/dutchmicrodosing.com\/de\/?s={search_term_string}"},"query-input":{"@type":"PropertyValueSpecification","valueRequired":true,"valueName":"search_term_string"}}],"inLanguage":"de"},{"@type":"Organization","@id":"https:\/\/dutchmicrodosing.com\/de\/#organization","name":"Dutchmicrodosing","url":"https:\/\/dutchmicrodosing.com\/de\/","logo":{"@type":"ImageObject","inLanguage":"de","@id":"https:\/\/dutchmicrodosing.com\/de\/#\/schema\/logo\/image\/","url":"https:\/\/dutchmicrodosing.com\/wp-content\/uploads\/2021\/01\/microdosing-categorie-pic-nieuw.jpg","contentUrl":"https:\/\/dutchmicrodosing.com\/wp-content\/uploads\/2021\/01\/microdosing-categorie-pic-nieuw.jpg","width":500,"height":500,"caption":"Dutchmicrodosing"},"image":{"@id":"https:\/\/dutchmicrodosing.com\/de\/#\/schema\/logo\/image\/"},"sameAs":["https:\/\/www.facebook.com\/Dutchmicrodosingxp\/","https:\/\/www.instagram.com\/dutchmicrodosing\/"]}]},"product_price_amount":"27.96","product_price_currency":"EUR","og_availability":"instock","product_availability":"instock","product_retailer_item_id":"3212324","product_condition":"new"},"_links":{"self":[{"href":"https:\/\/dutchmicrodosing.com\/de\/wp-json\/wp\/v2\/product\/36875","targetHints":{"allow":["GET"]}}],"collection":[{"href":"https:\/\/dutchmicrodosing.com\/de\/wp-json\/wp\/v2\/product"}],"about":[{"href":"https:\/\/dutchmicrodosing.com\/de\/wp-json\/wp\/v2\/types\/product"}],"replies":[{"embeddable":true,"href":"https:\/\/dutchmicrodosing.com\/de\/wp-json\/wp\/v2\/comments?post=36875"}],"version-history":[{"count":0,"href":"https:\/\/dutchmicrodosing.com\/de\/wp-json\/wp\/v2\/product\/36875\/revisions"}],"wp:featuredmedia":[{"embeddable":true,"href":"https:\/\/dutchmicrodosing.com\/de\/wp-json\/wp\/v2\/media\/33056"}],"wp:attachment":[{"href":"https:\/\/dutchmicrodosing.com\/de\/wp-json\/wp\/v2\/media?parent=36875"}],"wp:term":[{"taxonomy":"product_brand","embeddable":true,"href":"https:\/\/dutchmicrodosing.com\/de\/wp-json\/wp\/v2\/product_brand?post=36875"},{"taxonomy":"product_cat","embeddable":true,"href":"https:\/\/dutchmicrodosing.com\/de\/wp-json\/wp\/v2\/product_cat?post=36875"},{"taxonomy":"product_tag","embeddable":true,"href":"https:\/\/dutchmicrodosing.com\/de\/wp-json\/wp\/v2\/product_tag?post=36875"}],"curies":[{"name":"wp","href":"https:\/\/api.w.org\/{rel}","templated":true}]}}