{"id":36957,"date":"2023-11-09T16:10:18","date_gmt":"2023-11-09T15:10:18","guid":{"rendered":"https:\/\/dutchmicrodosing.com\/shop\/unkategorisiert\/kakaobohnen-roh-bio\/"},"modified":"2025-08-07T09:36:37","modified_gmt":"2025-08-07T07:36:37","slug":"kakaobohnen-roh-bio","status":"publish","type":"product","link":"https:\/\/dutchmicrodosing.com\/de\/reformhaus\/superfoods\/kakaobohnen-roh-bio\/","title":{"rendered":"Bio-Kakao-Samen"},"content":{"rendered":"<p>Diese <strong>rohen Kakaobohnen<\/strong> werden biologisch angebaut und sind rein nat\u00fcrlich. Sie werden von Theobroma cacao-B\u00e4umen in Peru und Ecuador geerntet und haben eine unverwechselbare mandelartige Form. Nach der manuellen Ernte werden sie sorgf\u00e4ltig in sauberem Wasser gereinigt und nach ihrer Qualit\u00e4t ausgew\u00e4hlt. W\u00e4hrend des Produktionsprozesses wird darauf geachtet, dass der N\u00e4hrwert erhalten bleibt. Da keine Zusatzstoffe zugesetzt werden, sind diese Bohnen auch f\u00fcr Veganer und Vegetarier geeignet.<\/p>\n<p>Kakaobohnen gelten wegen ihres hohen Gehalts an Antioxidantien, Eisen, Magnesium und Kalzium als Superfoods. Sie sind eine wertvolle Erg\u00e4nzung in der K\u00fcche, nicht nur f\u00fcr S\u00fc\u00dfspeisen und Desserts, sondern auch als Geschmacksverst\u00e4rker in herzhaften Gerichten und So\u00dfen. Kurz gesagt, diese Kakaobohnen sind eine vielseitige und nahrhafte Zutat, die in verschiedenen kulinarischen Kreationen verwendet werden kann.<\/p>\n<h3>Inhaltsstoffe<\/h3>\n<p>100% biologische und \u00f6kologische Kakaobohnen.<\/p>\n<h3>Operation<\/h3>\n<ul>\n<li>Antioxidatives Kraftpaket.<\/li>\n<li>Nat\u00fcrlicher Stimmungsaufheller.<\/li>\n<li>F\u00f6rdert die Herzgesundheit.<\/li>\n<li>Reich an Mineralien.<\/li>\n<li>Verbesserte Gehirnfunktion.<\/li>\n<\/ul>\n<h3>Verwenden Sie .<\/h3>\n<p>Kakaobohnen sind vielseitig einsetzbar. Man kann aus ihnen selbstgemachte Schokolade machen oder sie mahlen und in Smoothies, Pfannkuchen, M\u00fcsli oder Joghurt geben. Sie k\u00f6nnen auch gemahlene Kakaobohnen zu Ihren Lieblingsgerichten hinzuf\u00fcgen, um ihnen einen zus\u00e4tzlichen Geschmack zu verleihen! Es wird empfohlen, t\u00e4glich nicht mehr als 10-15 g Kakaobohnen zu verzehren. Konsultieren Sie immer Ihren Arzt, bevor Sie Lebensmittel mit hohem N\u00e4hrwert in Ihre Ern\u00e4hrung aufnehmen. Lagern Sie dieses Produkt bis zu 18 Monate lang in der Originalverpackung, vorzugsweise an einem k\u00fchlen und trockenen Ort.<\/p>\n<h3>Hinweise zur Lagerung<\/h3>\n<p>Lagern Sie dieses Produkt an einem dunklen, k\u00fchlen Ort, z. B. in einem K\u00fcchenschrank und au\u00dferhalb der Reichweite von Kindern.<\/p>\n<h3>Inhalt<\/h3>\n<p>100% biologische Kakaobohnen aus biologischem Anbau &#8211; 100 g.<\/p>\n","protected":false},"excerpt":{"rendered":"<p>Diese rohen Kakaobohnen werden biologisch angebaut und sind rein nat\u00fcrlich. Sie werden von Theobroma cacao-B\u00e4umen in Peru und Ecuador geerntet und haben eine unverwechselbare mandelartige Form. Nach der manuellen Ernte werden sie sorgf\u00e4ltig in sauberem Wasser gereinigt und nach ihrer Qualit\u00e4t ausgew\u00e4hlt. W\u00e4hrend des Produktionsprozesses wird darauf geachtet, dass der N\u00e4hrwert erhalten bleibt. Da keine [&hellip;]<\/p>\n","protected":false},"featured_media":30810,"comment_status":"closed","ping_status":"closed","template":"","meta":[],"product_brand":[],"product_cat":[337,293,281],"product_tag":[],"class_list":{"0":"post-36957","1":"product","2":"type-product","3":"status-publish","4":"has-post-thumbnail","6":"product_cat-roher-kakao","7":"product_cat-erganzungen-fur-das-immunsystem","8":"product_cat-superfoods","10":"first","11":"outofstock","12":"taxable","13":"shipping-taxable","14":"purchasable","15":"product-type-simple"},"yoast_head":"<!-- This site is optimized with the Yoast SEO Premium plugin v26.4 (Yoast SEO v27.2) - https:\/\/yoast.com\/product\/yoast-seo-premium-wordpress\/ -->\n<title>Bio-Kakao-Samen - Dutchmicrodosing<\/title>\n<meta name=\"robots\" content=\"index, follow, max-snippet:-1, max-image-preview:large, max-video-preview:-1\" \/>\n<link rel=\"canonical\" href=\"https:\/\/dutchmicrodosing.com\/de\/reformhaus\/superfoods\/kakaobohnen-roh-bio\/\" \/>\n<meta property=\"og:locale\" content=\"de_DE\" \/>\n<meta property=\"og:type\" content=\"article\" \/>\n<meta property=\"og:title\" content=\"Bio-Kakao-Samen\" \/>\n<meta property=\"og:description\" content=\"Diese rohen Kakaobohnen werden biologisch angebaut und sind rein nat\u00fcrlich. Sie werden von Theobroma cacao-B\u00e4umen in Peru und Ecuador geerntet und haben\" \/>\n<meta property=\"og:url\" content=\"https:\/\/dutchmicrodosing.com\/de\/reformhaus\/superfoods\/kakaobohnen-roh-bio\/\" \/>\n<meta property=\"og:site_name\" content=\"Dutchmicrodosing\" \/>\n<meta property=\"article:publisher\" content=\"https:\/\/www.facebook.com\/Dutchmicrodosingxp\/\" \/>\n<meta property=\"article:modified_time\" content=\"2025-08-07T07:36:37+00:00\" \/>\n<meta property=\"og:image\" content=\"https:\/\/dutchmicrodosing.com\/wp-content\/uploads\/2023\/11\/organic-cacao-beans-mai00n-min.jpg\" \/>\n\t<meta property=\"og:image:width\" content=\"1160\" \/>\n\t<meta property=\"og:image:height\" content=\"1160\" \/>\n\t<meta property=\"og:image:type\" content=\"image\/jpeg\" \/>\n<meta name=\"twitter:card\" content=\"summary_large_image\" \/>\n<script type=\"application\/ld+json\" class=\"yoast-schema-graph\">{\"@context\":\"https:\/\/schema.org\",\"@graph\":[{\"@type\":\"WebPage\",\"@id\":\"https:\/\/dutchmicrodosing.com\/de\/reformhaus\/superfoods\/kakaobohnen-roh-bio\/\",\"url\":\"https:\/\/dutchmicrodosing.com\/de\/reformhaus\/superfoods\/kakaobohnen-roh-bio\/\",\"name\":\"Bio-Kakao-Samen - Dutchmicrodosing\",\"isPartOf\":{\"@id\":\"https:\/\/dutchmicrodosing.com\/de\/#website\"},\"primaryImageOfPage\":{\"@id\":\"https:\/\/dutchmicrodosing.com\/de\/reformhaus\/superfoods\/kakaobohnen-roh-bio\/#primaryimage\"},\"image\":{\"@id\":\"https:\/\/dutchmicrodosing.com\/de\/reformhaus\/superfoods\/kakaobohnen-roh-bio\/#primaryimage\"},\"thumbnailUrl\":\"https:\/\/dutchmicrodosing.com\/wp-content\/uploads\/2023\/11\/organic-cacao-beans-mai00n-min.jpg\",\"datePublished\":\"2023-11-09T15:10:18+00:00\",\"dateModified\":\"2025-08-07T07:36:37+00:00\",\"breadcrumb\":{\"@id\":\"https:\/\/dutchmicrodosing.com\/de\/reformhaus\/superfoods\/kakaobohnen-roh-bio\/#breadcrumb\"},\"inLanguage\":\"de\",\"potentialAction\":[{\"@type\":\"ReadAction\",\"target\":[\"https:\/\/dutchmicrodosing.com\/de\/reformhaus\/superfoods\/kakaobohnen-roh-bio\/\"]}]},{\"@type\":\"ImageObject\",\"inLanguage\":\"de\",\"@id\":\"https:\/\/dutchmicrodosing.com\/de\/reformhaus\/superfoods\/kakaobohnen-roh-bio\/#primaryimage\",\"url\":\"https:\/\/dutchmicrodosing.com\/wp-content\/uploads\/2023\/11\/organic-cacao-beans-mai00n-min.jpg\",\"contentUrl\":\"https:\/\/dutchmicrodosing.com\/wp-content\/uploads\/2023\/11\/organic-cacao-beans-mai00n-min.jpg\",\"width\":1160,\"height\":1160},{\"@type\":\"BreadcrumbList\",\"@id\":\"https:\/\/dutchmicrodosing.com\/de\/reformhaus\/superfoods\/kakaobohnen-roh-bio\/#breadcrumb\",\"itemListElement\":[{\"@type\":\"ListItem\",\"position\":1,\"name\":\"Home\",\"item\":\"https:\/\/dutchmicrodosing.com\/de\/\"},{\"@type\":\"ListItem\",\"position\":2,\"name\":\"Shop\",\"item\":\"https:\/\/dutchmicrodosing.com\/de\/shop\/\"},{\"@type\":\"ListItem\",\"position\":3,\"name\":\"Bio-Kakao-Samen\"}]},{\"@type\":\"WebSite\",\"@id\":\"https:\/\/dutchmicrodosing.com\/de\/#website\",\"url\":\"https:\/\/dutchmicrodosing.com\/de\/\",\"name\":\"Dutchmicrodosing\",\"description\":\"\",\"publisher\":{\"@id\":\"https:\/\/dutchmicrodosing.com\/de\/#organization\"},\"potentialAction\":[{\"@type\":\"SearchAction\",\"target\":{\"@type\":\"EntryPoint\",\"urlTemplate\":\"https:\/\/dutchmicrodosing.com\/de\/?s={search_term_string}\"},\"query-input\":{\"@type\":\"PropertyValueSpecification\",\"valueRequired\":true,\"valueName\":\"search_term_string\"}}],\"inLanguage\":\"de\"},{\"@type\":\"Organization\",\"@id\":\"https:\/\/dutchmicrodosing.com\/de\/#organization\",\"name\":\"Dutchmicrodosing\",\"url\":\"https:\/\/dutchmicrodosing.com\/de\/\",\"logo\":{\"@type\":\"ImageObject\",\"inLanguage\":\"de\",\"@id\":\"https:\/\/dutchmicrodosing.com\/de\/#\/schema\/logo\/image\/\",\"url\":\"https:\/\/dutchmicrodosing.com\/wp-content\/uploads\/2021\/01\/microdosing-categorie-pic-nieuw.jpg\",\"contentUrl\":\"https:\/\/dutchmicrodosing.com\/wp-content\/uploads\/2021\/01\/microdosing-categorie-pic-nieuw.jpg\",\"width\":500,\"height\":500,\"caption\":\"Dutchmicrodosing\"},\"image\":{\"@id\":\"https:\/\/dutchmicrodosing.com\/de\/#\/schema\/logo\/image\/\"},\"sameAs\":[\"https:\/\/www.facebook.com\/Dutchmicrodosingxp\/\",\"https:\/\/www.instagram.com\/dutchmicrodosing\/\"]}]}<\/script>\n<meta property=\"product:price:amount\" content=\"5.95\" \/>\n<meta property=\"product:price:currency\" content=\"EUR\" \/>\n<meta property=\"og:availability\" content=\"out of stock\" \/>\n<meta property=\"product:availability\" content=\"out of stock\" \/>\n<meta property=\"product:retailer_item_id\" content=\"3208383\" \/>\n<meta property=\"product:condition\" content=\"new\" \/>\n<!-- \/ Yoast SEO Premium plugin. -->","yoast_head_json":{"title":"Bio-Kakao-Samen - Dutchmicrodosing","robots":{"index":"index","follow":"follow","max-snippet":"max-snippet:-1","max-image-preview":"max-image-preview:large","max-video-preview":"max-video-preview:-1"},"canonical":"https:\/\/dutchmicrodosing.com\/de\/reformhaus\/superfoods\/kakaobohnen-roh-bio\/","og_locale":"de_DE","og_type":"article","og_title":"Bio-Kakao-Samen","og_description":"Diese rohen Kakaobohnen werden biologisch angebaut und sind rein nat\u00fcrlich. Sie werden von Theobroma cacao-B\u00e4umen in Peru und Ecuador geerntet und haben","og_url":"https:\/\/dutchmicrodosing.com\/de\/reformhaus\/superfoods\/kakaobohnen-roh-bio\/","og_site_name":"Dutchmicrodosing","article_publisher":"https:\/\/www.facebook.com\/Dutchmicrodosingxp\/","article_modified_time":"2025-08-07T07:36:37+00:00","og_image":[{"width":1160,"height":1160,"url":"https:\/\/dutchmicrodosing.com\/wp-content\/uploads\/2023\/11\/organic-cacao-beans-mai00n-min.jpg","type":"image\/jpeg"}],"twitter_card":"summary_large_image","schema":{"@context":"https:\/\/schema.org","@graph":[{"@type":"WebPage","@id":"https:\/\/dutchmicrodosing.com\/de\/reformhaus\/superfoods\/kakaobohnen-roh-bio\/","url":"https:\/\/dutchmicrodosing.com\/de\/reformhaus\/superfoods\/kakaobohnen-roh-bio\/","name":"Bio-Kakao-Samen - Dutchmicrodosing","isPartOf":{"@id":"https:\/\/dutchmicrodosing.com\/de\/#website"},"primaryImageOfPage":{"@id":"https:\/\/dutchmicrodosing.com\/de\/reformhaus\/superfoods\/kakaobohnen-roh-bio\/#primaryimage"},"image":{"@id":"https:\/\/dutchmicrodosing.com\/de\/reformhaus\/superfoods\/kakaobohnen-roh-bio\/#primaryimage"},"thumbnailUrl":"https:\/\/dutchmicrodosing.com\/wp-content\/uploads\/2023\/11\/organic-cacao-beans-mai00n-min.jpg","datePublished":"2023-11-09T15:10:18+00:00","dateModified":"2025-08-07T07:36:37+00:00","breadcrumb":{"@id":"https:\/\/dutchmicrodosing.com\/de\/reformhaus\/superfoods\/kakaobohnen-roh-bio\/#breadcrumb"},"inLanguage":"de","potentialAction":[{"@type":"ReadAction","target":["https:\/\/dutchmicrodosing.com\/de\/reformhaus\/superfoods\/kakaobohnen-roh-bio\/"]}]},{"@type":"ImageObject","inLanguage":"de","@id":"https:\/\/dutchmicrodosing.com\/de\/reformhaus\/superfoods\/kakaobohnen-roh-bio\/#primaryimage","url":"https:\/\/dutchmicrodosing.com\/wp-content\/uploads\/2023\/11\/organic-cacao-beans-mai00n-min.jpg","contentUrl":"https:\/\/dutchmicrodosing.com\/wp-content\/uploads\/2023\/11\/organic-cacao-beans-mai00n-min.jpg","width":1160,"height":1160},{"@type":"BreadcrumbList","@id":"https:\/\/dutchmicrodosing.com\/de\/reformhaus\/superfoods\/kakaobohnen-roh-bio\/#breadcrumb","itemListElement":[{"@type":"ListItem","position":1,"name":"Home","item":"https:\/\/dutchmicrodosing.com\/de\/"},{"@type":"ListItem","position":2,"name":"Shop","item":"https:\/\/dutchmicrodosing.com\/de\/shop\/"},{"@type":"ListItem","position":3,"name":"Bio-Kakao-Samen"}]},{"@type":"WebSite","@id":"https:\/\/dutchmicrodosing.com\/de\/#website","url":"https:\/\/dutchmicrodosing.com\/de\/","name":"Dutchmicrodosing","description":"","publisher":{"@id":"https:\/\/dutchmicrodosing.com\/de\/#organization"},"potentialAction":[{"@type":"SearchAction","target":{"@type":"EntryPoint","urlTemplate":"https:\/\/dutchmicrodosing.com\/de\/?s={search_term_string}"},"query-input":{"@type":"PropertyValueSpecification","valueRequired":true,"valueName":"search_term_string"}}],"inLanguage":"de"},{"@type":"Organization","@id":"https:\/\/dutchmicrodosing.com\/de\/#organization","name":"Dutchmicrodosing","url":"https:\/\/dutchmicrodosing.com\/de\/","logo":{"@type":"ImageObject","inLanguage":"de","@id":"https:\/\/dutchmicrodosing.com\/de\/#\/schema\/logo\/image\/","url":"https:\/\/dutchmicrodosing.com\/wp-content\/uploads\/2021\/01\/microdosing-categorie-pic-nieuw.jpg","contentUrl":"https:\/\/dutchmicrodosing.com\/wp-content\/uploads\/2021\/01\/microdosing-categorie-pic-nieuw.jpg","width":500,"height":500,"caption":"Dutchmicrodosing"},"image":{"@id":"https:\/\/dutchmicrodosing.com\/de\/#\/schema\/logo\/image\/"},"sameAs":["https:\/\/www.facebook.com\/Dutchmicrodosingxp\/","https:\/\/www.instagram.com\/dutchmicrodosing\/"]}]},"product_price_amount":"5.95","product_price_currency":"EUR","og_availability":"out of stock","product_availability":"out of stock","product_retailer_item_id":"3208383","product_condition":"new"},"_links":{"self":[{"href":"https:\/\/dutchmicrodosing.com\/de\/wp-json\/wp\/v2\/product\/36957","targetHints":{"allow":["GET"]}}],"collection":[{"href":"https:\/\/dutchmicrodosing.com\/de\/wp-json\/wp\/v2\/product"}],"about":[{"href":"https:\/\/dutchmicrodosing.com\/de\/wp-json\/wp\/v2\/types\/product"}],"replies":[{"embeddable":true,"href":"https:\/\/dutchmicrodosing.com\/de\/wp-json\/wp\/v2\/comments?post=36957"}],"version-history":[{"count":0,"href":"https:\/\/dutchmicrodosing.com\/de\/wp-json\/wp\/v2\/product\/36957\/revisions"}],"wp:featuredmedia":[{"embeddable":true,"href":"https:\/\/dutchmicrodosing.com\/de\/wp-json\/wp\/v2\/media\/30810"}],"wp:attachment":[{"href":"https:\/\/dutchmicrodosing.com\/de\/wp-json\/wp\/v2\/media?parent=36957"}],"wp:term":[{"taxonomy":"product_brand","embeddable":true,"href":"https:\/\/dutchmicrodosing.com\/de\/wp-json\/wp\/v2\/product_brand?post=36957"},{"taxonomy":"product_cat","embeddable":true,"href":"https:\/\/dutchmicrodosing.com\/de\/wp-json\/wp\/v2\/product_cat?post=36957"},{"taxonomy":"product_tag","embeddable":true,"href":"https:\/\/dutchmicrodosing.com\/de\/wp-json\/wp\/v2\/product_tag?post=36957"}],"curies":[{"name":"wp","href":"https:\/\/api.w.org\/{rel}","templated":true}]}}