{"id":37730,"date":"2024-03-18T12:28:14","date_gmt":"2024-03-21T14:38:22","guid":{"rendered":"https:\/\/dutchmicrodosing.com\/shop\/unkategorisiert\/mexicana-trueffel-15-gr\/"},"modified":"2024-03-21T15:38:22","modified_gmt":"2024-03-21T14:38:22","slug":"mexicana-trueffel-15-gr","status":"publish","type":"product","link":"https:\/\/dutchmicrodosing.com\/de\/psilocybin-truffel\/magische-truffel\/mexicana-trueffel-15-gr\/","title":{"rendered":"Mexicana Tr\u00fcffel 15 Gr"},"content":{"rendered":"<p>Entdecken Sie die geheimnisvollen Gefilde der Psilocybe Mexicana von Royal Magic Truffles, einer Sorte, die f\u00fcr ihre subtilen und doch intensiven psychedelischen Trips bekannt ist. Diese magischen Tr\u00fcffel zeugen von den reichen Traditionen indigener Schamanen, die sie f\u00fcr spirituelle Erkundungen und zeremonielle Zwecke verwenden. Psilocybe Mexicana gilt als ideale Wahl sowohl f\u00fcr Neulinge in der Welt der Psychedelika als auch f\u00fcr erfahrene Abenteurer, die sich nach tiefgreifenden meditativen Erfahrungen und einem gesteigerten Bewusstsein f\u00fcr ihre Umgebung sehnen. Die Reise verspricht eine Erkundung durch ein Reich intensiv verfeinerter Sinneswahrnehmungen, lebendiger visueller Eindr\u00fccke und einer tief empfundenen Verbundenheit mit der nat\u00fcrlichen Welt und dem kosmischen Ganzen zu werden. Jede Reise bietet die Chance, dem Wesen der Existenz n\u00e4her zu kommen und die verschlungenen Schichten des menschlichen Bewusstseins zu entr\u00e4tseln.<\/p>\n<h2>Dosierung Mexicana Tr\u00fcffel<\/h2>\n<p>Mexicana Truffles sind bekannt f\u00fcr ihr zug\u00e4ngliches und milderes psychedelisches Erlebnis, was sie zu einer idealen Wahl f\u00fcr diejenigen macht, die zum ersten Mal in die Welt der Psychedelika einsteigen. Diese Tr\u00fcffel bieten eine subtile, aber sp\u00fcrbare Ver\u00e4nderung der Wahrnehmung, perfekt f\u00fcr alle, die neugierig auf die Auswirkungen von Psychedelika auf ihre Sinne, kreativen Prozesse, Energieniveaus und K\u00f6rperempfindungen sind. Das Erlebnis kann zu einer intensiveren Wahrnehmung von Farben f\u00fchren, die lebendiger erscheinen als im Normalzustand. Kl\u00e4nge k\u00f6nnen eine zus\u00e4tzliche Dimension annehmen, die nicht nur h\u00f6rbar, sondern auch sp\u00fcrbar ist und zu einem allgemeinen Zustand der Euphorie und einer erh\u00f6hten Stimmung beitr\u00e4gt.<\/p>\n<h2>Wie lange dauert eine Reise mit Psilocybe Mexicana Tr\u00fcffeln<\/h2>\n<p>Die Tr\u00fcffel von Psilocybe Mexicana beginnen nach etwa 45 Minuten zu wirken. Die Fahrt dauert etwa 6 bis 8 Stunden.<\/p>\n<h2>Vorbereitungen f\u00fcr eine Reise mit Royal Magic Truffles Mexicana<\/h2>\n<p>Eine sorgf\u00e4ltige Vorbereitung ist das A und O f\u00fcr eine positive Erfahrung mit magischen Tr\u00fcffeln. Um die Wirkung zu maximieren, ist es ratsam, sie auf n\u00fcchternen Magen einzunehmen, d. h. mehrere Stunden vor Beginn der Erfahrung nichts mehr zu essen. Es ist zwar m\u00f6glich, w\u00e4hrend des Erlebnisses zu essen und zu trinken, aber es ist ratsam, Snacks und Getr\u00e4nke im Voraus vorzubereiten, um zu vermeiden, dass man w\u00e4hrend der Fahrt danach suchen muss, was aufgrund m\u00f6glicher Sehst\u00f6rungen schwierig sein kann. Die Wahl einer vertrauten und sicheren Umgebung ist entscheidend f\u00fcr eine angenehme Reise. Das bedeutet, dass Sie sich in einer Umgebung aufhalten sollten, in der Sie sich wohlf\u00fchlen, mit Menschen, die Sie kennen und denen Sie vertrauen, z. B. Ihrem Partner oder engen Freunden. Es ist wichtig, dass die Gruppe, mit der Sie eine Reise unternehmen, aus Menschen besteht, zu denen Sie eine starke Bindung haben.<\/p>\n<h2>Aufbewahrung von Mexicana-Tr\u00fcffeln<\/h2>\n<p>Wenn Sie die frischen Mexicana-Tr\u00fcffeln nicht sofort essen wollen, k\u00f6nnen Sie sie aufbewahren. Lagern Sie sie k\u00fchl und trocken. Der K\u00fchlschrank ist ein hervorragender Ort daf\u00fcr. Sie k\u00f6nnen sie dann oft noch mindestens einen Monat lang aufbewahren. Die ideale Temperatur liegt zwischen 2 und 4 Grad Celsius. Achten Sie auf das auf der Verpackung angegebene Verfallsdatum, um zu sehen, wie lange sie haltbar sind.<\/p>\n<h2>Warnung vor dem Produkt<\/h2>\n<ul>\n<li>Verwenden Sie keine Psilocybin-Tr\u00fcffel, wenn Sie schlecht gelaunt, depressiv, psychotisch oder anderweitig geistig beeintr\u00e4chtigt sind. Magische Tr\u00fcffel sind nicht f\u00fcr Minderj\u00e4hrige oder schwangere Frauen geeignet, und es ist auch nicht ratsam, unter dem Einfluss von Psilocybin Auto zu fahren oder schwere Maschinen zu bedienen.<\/li>\n<li>Psilocybe-Tr\u00fcffel sollten niemals in Kombination mit Alkohol oder anderen (verschriebenen oder illegalen) Drogen eingenommen werden. Beginnen Sie mit einer kleinen Dosis und stellen Sie sicher, dass Sie sich in Ihrer Gesellschaft und Umgebung wohl f\u00fchlen.<\/li>\n<li>Alle unsere Magic Mushroom Tr\u00fcffel sind frisch verpackt. Man sollte sie im K\u00fchlschrank aufbewahren. Unge\u00f6ffnet kann man sie etwa 2 Monate im K\u00fchlschrank aufbewahren. Nach dem \u00d6ffnen sind die Tr\u00fcffel jedoch nur wenige Tage haltbar.<\/li>\n<\/ul>\n<h2>Reisedosierungsplan Magic Truffles<\/h2>\n<p>Diese Dosen sind f\u00fcr Personen gedacht, die sich zum ersten Mal mit Psilocybin-Tr\u00fcffeln vertraut machen wollen. Wenn du bereits Erfahrung mit Psilocybin-Tr\u00fcffeln oder Zauberpilzen hast, kannst du die Dosis nach deinem Wunsch erh\u00f6hen. Nachstehend finden Sie ein Diagramm, das Sie anwenden k\u00f6nnen. Beachten Sie, dass die tats\u00e4chliche Dosis variieren kann, da Psilocybin bei jedem Menschen eine andere Wirkung hat.<\/p>\n<p><strong>Leichte Reise Leichte Reise Schwere Reise<\/strong><\/p>\n<ul>\n<li>50 kg = 5 Gramm 6,7 Gramm 11,2 Gramm<\/li>\n<li>60 kg = 6 Gramm 8 Gramm 13,4 Gramm<\/li>\n<li>70 kg = 7 Gramm 9,3 Gramm 15,6 Gramm<\/li>\n<li>80 kg = 8 Gramm 10,6 Gramm 17,8 Gramm<\/li>\n<li>90 kg = 9 Gramm 11,9 Gramm 20 Gramm<\/li>\n<li>100 kg = 10 Gramm 13,5 Gramm 22,2 Gramm<\/li>\n<\/ul>\n<div>F\u00fcr eine leichte Reise erh\u00f6hen Sie die Dosis um +\/- 0,1 Gramm pro Kilo K\u00f6rpergewicht, z. B.: 51 Kilo = 5,1 Gramm<br \/>\nF\u00fcr eine milde Reise erh\u00f6hen Sie die Dosis um +\/- 0,13\/15 Gramm pro Kilo K\u00f6rpergewicht, zum Beispiel: 51 Kilo = 6,85 Gramm<br \/>\nF\u00fcr eine schwere Reise erh\u00f6hen Sie die Dosis um +\/-0,22 Gramm pro Kilo K\u00f6rpergewicht, z. B.: 51 Kilo = 11,42 Gramm<\/div>\n<h2>Magic Truffles N\u00e4hrwertangaben pro 100 Gramm:<\/h2>\n<ul>\n<li>Energie 464,7 kJ<\/li>\n<li>Energie 110,5 kcal<\/li>\n<li>Kohlenhydrate 13,2 Gramm<\/li>\n<li>Eiwei\u00df 5,3 Gramm<\/li>\n<li>Fett 0,4 Gramm<\/li>\n<li>Ballaststoffe 16,7 Gramm<\/li>\n<li>Salz (NaCl) 0,3 Gramm<\/li>\n<li>Vitamin D 10,0 IU<\/li>\n<li>Natrium (Na) 13,6 mg<\/li>\n<li>Phosphor (P) 169,3 mg<\/li>\n<li>Kalium (K) 210,0 mg<\/li>\n<li>Kalzium (Ca) 12,5 mg<\/li>\n<li>Eisen (F) 0,7 mg<\/li>\n<\/ul>\n","protected":false},"excerpt":{"rendered":"<p>Entdecken Sie die geheimnisvollen Gefilde der Psilocybe Mexicana von Royal Magic Truffles, einer Sorte, die f\u00fcr ihre subtilen und doch intensiven psychedelischen Trips bekannt ist. Diese magischen Tr\u00fcffel zeugen von den reichen Traditionen indigener Schamanen, die sie f\u00fcr spirituelle Erkundungen und zeremonielle Zwecke verwenden. Psilocybe Mexicana gilt als ideale Wahl sowohl f\u00fcr Neulinge in der [&hellip;]<\/p>\n","protected":false},"featured_media":37647,"comment_status":"closed","ping_status":"closed","template":"","meta":[],"product_brand":[],"product_cat":[202],"product_tag":[],"class_list":{"0":"post-37730","1":"product","2":"type-product","3":"status-publish","4":"has-post-thumbnail","6":"product_cat-magische-truffel","8":"first","9":"instock","10":"taxable","11":"shipping-taxable","12":"purchasable","13":"product-type-simple"},"yoast_head":"<!-- This site is optimized with the Yoast SEO Premium plugin v26.4 (Yoast SEO v27.2) - https:\/\/yoast.com\/product\/yoast-seo-premium-wordpress\/ -->\n<title>Mexicana Tr\u00fcffel 15 Gr - Dutchmicrodosing<\/title>\n<meta name=\"robots\" content=\"index, follow, max-snippet:-1, max-image-preview:large, max-video-preview:-1\" \/>\n<link rel=\"canonical\" href=\"https:\/\/dutchmicrodosing.com\/de\/psilocybin-truffel\/magische-truffel\/mexicana-trueffel-15-gr\/\" \/>\n<meta property=\"og:locale\" content=\"de_DE\" \/>\n<meta property=\"og:type\" content=\"article\" \/>\n<meta property=\"og:title\" content=\"Mexicana Tr\u00fcffel 15 Gr\" \/>\n<meta property=\"og:description\" content=\"Entdecken Sie die geheimnisvollen Gefilde der Psilocybe Mexicana von Royal Magic Truffles, einer Sorte, die f\u00fcr ihre subtilen und doch intensiven\" \/>\n<meta property=\"og:url\" content=\"https:\/\/dutchmicrodosing.com\/de\/psilocybin-truffel\/magische-truffel\/mexicana-trueffel-15-gr\/\" \/>\n<meta property=\"og:site_name\" content=\"Dutchmicrodosing\" \/>\n<meta property=\"article:publisher\" content=\"https:\/\/www.facebook.com\/Dutchmicrodosingxp\/\" \/>\n<meta property=\"og:image\" content=\"https:\/\/dutchmicrodosing.com\/wp-content\/uploads\/2024\/03\/Mexicana_product_shop_1000x1000.jpg\" \/>\n\t<meta property=\"og:image:width\" content=\"1000\" \/>\n\t<meta property=\"og:image:height\" content=\"1000\" \/>\n\t<meta property=\"og:image:type\" content=\"image\/jpeg\" \/>\n<meta name=\"twitter:card\" content=\"summary_large_image\" \/>\n<script type=\"application\/ld+json\" class=\"yoast-schema-graph\">{\"@context\":\"https:\/\/schema.org\",\"@graph\":[{\"@type\":\"WebPage\",\"@id\":\"https:\/\/dutchmicrodosing.com\/de\/psilocybin-truffel\/magische-truffel\/mexicana-trueffel-15-gr\/\",\"url\":\"https:\/\/dutchmicrodosing.com\/de\/psilocybin-truffel\/magische-truffel\/mexicana-trueffel-15-gr\/\",\"name\":\"Mexicana Tr\u00fcffel 15 Gr - Dutchmicrodosing\",\"isPartOf\":{\"@id\":\"https:\/\/dutchmicrodosing.com\/de\/#website\"},\"primaryImageOfPage\":{\"@id\":\"https:\/\/dutchmicrodosing.com\/de\/psilocybin-truffel\/magische-truffel\/mexicana-trueffel-15-gr\/#primaryimage\"},\"image\":{\"@id\":\"https:\/\/dutchmicrodosing.com\/de\/psilocybin-truffel\/magische-truffel\/mexicana-trueffel-15-gr\/#primaryimage\"},\"thumbnailUrl\":\"https:\/\/dutchmicrodosing.com\/wp-content\/uploads\/2024\/03\/Mexicana_product_shop_1000x1000.jpg\",\"datePublished\":\"2024-03-21T14:38:22+00:00\",\"breadcrumb\":{\"@id\":\"https:\/\/dutchmicrodosing.com\/de\/psilocybin-truffel\/magische-truffel\/mexicana-trueffel-15-gr\/#breadcrumb\"},\"inLanguage\":\"de\",\"potentialAction\":[{\"@type\":\"ReadAction\",\"target\":[\"https:\/\/dutchmicrodosing.com\/de\/psilocybin-truffel\/magische-truffel\/mexicana-trueffel-15-gr\/\"]}]},{\"@type\":\"ImageObject\",\"inLanguage\":\"de\",\"@id\":\"https:\/\/dutchmicrodosing.com\/de\/psilocybin-truffel\/magische-truffel\/mexicana-trueffel-15-gr\/#primaryimage\",\"url\":\"https:\/\/dutchmicrodosing.com\/wp-content\/uploads\/2024\/03\/Mexicana_product_shop_1000x1000.jpg\",\"contentUrl\":\"https:\/\/dutchmicrodosing.com\/wp-content\/uploads\/2024\/03\/Mexicana_product_shop_1000x1000.jpg\",\"width\":1000,\"height\":1000},{\"@type\":\"BreadcrumbList\",\"@id\":\"https:\/\/dutchmicrodosing.com\/de\/psilocybin-truffel\/magische-truffel\/mexicana-trueffel-15-gr\/#breadcrumb\",\"itemListElement\":[{\"@type\":\"ListItem\",\"position\":1,\"name\":\"Home\",\"item\":\"https:\/\/dutchmicrodosing.com\/de\/\"},{\"@type\":\"ListItem\",\"position\":2,\"name\":\"Shop\",\"item\":\"https:\/\/dutchmicrodosing.com\/de\/shop\/\"},{\"@type\":\"ListItem\",\"position\":3,\"name\":\"Mexicana Tr\u00fcffel 15 Gr\"}]},{\"@type\":\"WebSite\",\"@id\":\"https:\/\/dutchmicrodosing.com\/de\/#website\",\"url\":\"https:\/\/dutchmicrodosing.com\/de\/\",\"name\":\"Dutchmicrodosing\",\"description\":\"\",\"publisher\":{\"@id\":\"https:\/\/dutchmicrodosing.com\/de\/#organization\"},\"potentialAction\":[{\"@type\":\"SearchAction\",\"target\":{\"@type\":\"EntryPoint\",\"urlTemplate\":\"https:\/\/dutchmicrodosing.com\/de\/?s={search_term_string}\"},\"query-input\":{\"@type\":\"PropertyValueSpecification\",\"valueRequired\":true,\"valueName\":\"search_term_string\"}}],\"inLanguage\":\"de\"},{\"@type\":\"Organization\",\"@id\":\"https:\/\/dutchmicrodosing.com\/de\/#organization\",\"name\":\"Dutchmicrodosing\",\"url\":\"https:\/\/dutchmicrodosing.com\/de\/\",\"logo\":{\"@type\":\"ImageObject\",\"inLanguage\":\"de\",\"@id\":\"https:\/\/dutchmicrodosing.com\/de\/#\/schema\/logo\/image\/\",\"url\":\"https:\/\/dutchmicrodosing.com\/wp-content\/uploads\/2021\/01\/microdosing-categorie-pic-nieuw.jpg\",\"contentUrl\":\"https:\/\/dutchmicrodosing.com\/wp-content\/uploads\/2021\/01\/microdosing-categorie-pic-nieuw.jpg\",\"width\":500,\"height\":500,\"caption\":\"Dutchmicrodosing\"},\"image\":{\"@id\":\"https:\/\/dutchmicrodosing.com\/de\/#\/schema\/logo\/image\/\"},\"sameAs\":[\"https:\/\/www.facebook.com\/Dutchmicrodosingxp\/\",\"https:\/\/www.instagram.com\/dutchmicrodosing\/\"]}]}<\/script>\n<meta property=\"product:price:amount\" content=\"13.95\" \/>\n<meta property=\"product:price:currency\" content=\"EUR\" \/>\n<meta property=\"og:availability\" content=\"instock\" \/>\n<meta property=\"product:availability\" content=\"instock\" \/>\n<meta property=\"product:retailer_item_id\" content=\"4203784\" \/>\n<meta property=\"product:condition\" content=\"new\" \/>\n<!-- \/ Yoast SEO Premium plugin. -->","yoast_head_json":{"title":"Mexicana Tr\u00fcffel 15 Gr - Dutchmicrodosing","robots":{"index":"index","follow":"follow","max-snippet":"max-snippet:-1","max-image-preview":"max-image-preview:large","max-video-preview":"max-video-preview:-1"},"canonical":"https:\/\/dutchmicrodosing.com\/de\/psilocybin-truffel\/magische-truffel\/mexicana-trueffel-15-gr\/","og_locale":"de_DE","og_type":"article","og_title":"Mexicana Tr\u00fcffel 15 Gr","og_description":"Entdecken Sie die geheimnisvollen Gefilde der Psilocybe Mexicana von Royal Magic Truffles, einer Sorte, die f\u00fcr ihre subtilen und doch intensiven","og_url":"https:\/\/dutchmicrodosing.com\/de\/psilocybin-truffel\/magische-truffel\/mexicana-trueffel-15-gr\/","og_site_name":"Dutchmicrodosing","article_publisher":"https:\/\/www.facebook.com\/Dutchmicrodosingxp\/","og_image":[{"width":1000,"height":1000,"url":"https:\/\/dutchmicrodosing.com\/wp-content\/uploads\/2024\/03\/Mexicana_product_shop_1000x1000.jpg","type":"image\/jpeg"}],"twitter_card":"summary_large_image","schema":{"@context":"https:\/\/schema.org","@graph":[{"@type":"WebPage","@id":"https:\/\/dutchmicrodosing.com\/de\/psilocybin-truffel\/magische-truffel\/mexicana-trueffel-15-gr\/","url":"https:\/\/dutchmicrodosing.com\/de\/psilocybin-truffel\/magische-truffel\/mexicana-trueffel-15-gr\/","name":"Mexicana Tr\u00fcffel 15 Gr - Dutchmicrodosing","isPartOf":{"@id":"https:\/\/dutchmicrodosing.com\/de\/#website"},"primaryImageOfPage":{"@id":"https:\/\/dutchmicrodosing.com\/de\/psilocybin-truffel\/magische-truffel\/mexicana-trueffel-15-gr\/#primaryimage"},"image":{"@id":"https:\/\/dutchmicrodosing.com\/de\/psilocybin-truffel\/magische-truffel\/mexicana-trueffel-15-gr\/#primaryimage"},"thumbnailUrl":"https:\/\/dutchmicrodosing.com\/wp-content\/uploads\/2024\/03\/Mexicana_product_shop_1000x1000.jpg","datePublished":"2024-03-21T14:38:22+00:00","breadcrumb":{"@id":"https:\/\/dutchmicrodosing.com\/de\/psilocybin-truffel\/magische-truffel\/mexicana-trueffel-15-gr\/#breadcrumb"},"inLanguage":"de","potentialAction":[{"@type":"ReadAction","target":["https:\/\/dutchmicrodosing.com\/de\/psilocybin-truffel\/magische-truffel\/mexicana-trueffel-15-gr\/"]}]},{"@type":"ImageObject","inLanguage":"de","@id":"https:\/\/dutchmicrodosing.com\/de\/psilocybin-truffel\/magische-truffel\/mexicana-trueffel-15-gr\/#primaryimage","url":"https:\/\/dutchmicrodosing.com\/wp-content\/uploads\/2024\/03\/Mexicana_product_shop_1000x1000.jpg","contentUrl":"https:\/\/dutchmicrodosing.com\/wp-content\/uploads\/2024\/03\/Mexicana_product_shop_1000x1000.jpg","width":1000,"height":1000},{"@type":"BreadcrumbList","@id":"https:\/\/dutchmicrodosing.com\/de\/psilocybin-truffel\/magische-truffel\/mexicana-trueffel-15-gr\/#breadcrumb","itemListElement":[{"@type":"ListItem","position":1,"name":"Home","item":"https:\/\/dutchmicrodosing.com\/de\/"},{"@type":"ListItem","position":2,"name":"Shop","item":"https:\/\/dutchmicrodosing.com\/de\/shop\/"},{"@type":"ListItem","position":3,"name":"Mexicana Tr\u00fcffel 15 Gr"}]},{"@type":"WebSite","@id":"https:\/\/dutchmicrodosing.com\/de\/#website","url":"https:\/\/dutchmicrodosing.com\/de\/","name":"Dutchmicrodosing","description":"","publisher":{"@id":"https:\/\/dutchmicrodosing.com\/de\/#organization"},"potentialAction":[{"@type":"SearchAction","target":{"@type":"EntryPoint","urlTemplate":"https:\/\/dutchmicrodosing.com\/de\/?s={search_term_string}"},"query-input":{"@type":"PropertyValueSpecification","valueRequired":true,"valueName":"search_term_string"}}],"inLanguage":"de"},{"@type":"Organization","@id":"https:\/\/dutchmicrodosing.com\/de\/#organization","name":"Dutchmicrodosing","url":"https:\/\/dutchmicrodosing.com\/de\/","logo":{"@type":"ImageObject","inLanguage":"de","@id":"https:\/\/dutchmicrodosing.com\/de\/#\/schema\/logo\/image\/","url":"https:\/\/dutchmicrodosing.com\/wp-content\/uploads\/2021\/01\/microdosing-categorie-pic-nieuw.jpg","contentUrl":"https:\/\/dutchmicrodosing.com\/wp-content\/uploads\/2021\/01\/microdosing-categorie-pic-nieuw.jpg","width":500,"height":500,"caption":"Dutchmicrodosing"},"image":{"@id":"https:\/\/dutchmicrodosing.com\/de\/#\/schema\/logo\/image\/"},"sameAs":["https:\/\/www.facebook.com\/Dutchmicrodosingxp\/","https:\/\/www.instagram.com\/dutchmicrodosing\/"]}]},"product_price_amount":"13.95","product_price_currency":"EUR","og_availability":"instock","product_availability":"instock","product_retailer_item_id":"4203784","product_condition":"new"},"_links":{"self":[{"href":"https:\/\/dutchmicrodosing.com\/de\/wp-json\/wp\/v2\/product\/37730","targetHints":{"allow":["GET"]}}],"collection":[{"href":"https:\/\/dutchmicrodosing.com\/de\/wp-json\/wp\/v2\/product"}],"about":[{"href":"https:\/\/dutchmicrodosing.com\/de\/wp-json\/wp\/v2\/types\/product"}],"replies":[{"embeddable":true,"href":"https:\/\/dutchmicrodosing.com\/de\/wp-json\/wp\/v2\/comments?post=37730"}],"version-history":[{"count":0,"href":"https:\/\/dutchmicrodosing.com\/de\/wp-json\/wp\/v2\/product\/37730\/revisions"}],"wp:featuredmedia":[{"embeddable":true,"href":"https:\/\/dutchmicrodosing.com\/de\/wp-json\/wp\/v2\/media\/37647"}],"wp:attachment":[{"href":"https:\/\/dutchmicrodosing.com\/de\/wp-json\/wp\/v2\/media?parent=37730"}],"wp:term":[{"taxonomy":"product_brand","embeddable":true,"href":"https:\/\/dutchmicrodosing.com\/de\/wp-json\/wp\/v2\/product_brand?post=37730"},{"taxonomy":"product_cat","embeddable":true,"href":"https:\/\/dutchmicrodosing.com\/de\/wp-json\/wp\/v2\/product_cat?post=37730"},{"taxonomy":"product_tag","embeddable":true,"href":"https:\/\/dutchmicrodosing.com\/de\/wp-json\/wp\/v2\/product_tag?post=37730"}],"curies":[{"name":"wp","href":"https:\/\/api.w.org\/{rel}","templated":true}]}}