{"id":38083,"date":"2024-04-10T07:31:01","date_gmt":"2024-04-10T05:31:01","guid":{"rendered":"https:\/\/dutchmicrodosing.com\/?post_type=product&#038;p=38083"},"modified":"2026-02-03T14:36:48","modified_gmt":"2026-02-03T13:36:48","slug":"jack-frost-paddo-grow-kit","status":"publish","type":"product","link":"https:\/\/dutchmicrodosing.com\/de\/zauberpilze-zuchtsets\/mystic-fungi-zuchtset\/jack-frost-paddo-grow-kit\/","title":{"rendered":"Jack Frost Pilze wachsen Kit"},"content":{"rendered":"<p>Das <strong>Jack Frost Mushroom Grow Kit<\/strong> ist eine besondere Sorte aus der Psilocybe cubensis Familie, die f\u00fcr ihre hohe Potenz und ihr einzigartiges Aussehen bekannt ist. Diese Art von Pilz ist das Ergebnis einer Kreuzung zwischen zwei gleichwertigen Arten: dem Echten Albino-Lehrer (TAT) und dem Albino-Penis-Neid (APE). Beide Elternsorten sind f\u00fcr ihre starke psychedelische Wirkung und ihre visuell ansprechenden Eigenschaften bekannt, was sie zu einer beliebten Wahl f\u00fcr Liebhaber psychedelischer Drogen macht.<\/p>\n<p>Der Name Jack Frost&#8220; ist eine direkte Anspielung auf das unverwechselbare eisige Aussehen dieser Pilze. Sie zeichnen sich durch ihre rein wei\u00dfe Farbe aus, die bei Psilocybe cubensis-Arten selten ist. Dieses einzigartige Merkmal, zusammen mit den flachen H\u00fcten, die sich bei der Reifung des Pilzes charakteristisch nach oben w\u00f6lben, macht den Jack Frost optisch unverwechselbar.<\/p>\n<p>Die Warnung vor der St\u00e4rke dieser Art ist unbedingt zu beachten. Aufgrund der hohen Potenz, die aus dem genetischen Hintergrund von True Albino Teacher und Albino Penis Envy stammt, wird empfohlen, die Dosierung anzupassen. Anf\u00e4nger oder Personen mit weniger Erfahrung mit Psychedelika sollten erw\u00e4gen, mit einer niedrigeren Dosis als \u00fcblich zu beginnen. Damit soll sichergestellt werden, dass das Erlebnis \u00fcberschaubar bleibt und Spa\u00df macht.<\/p>\n<h2>Z\u00fcchten Sie Ihre eigenen Jack-Frost-Pilze<\/h2>\n<p>Dieses Kit verspricht gr\u00f6\u00dfere Ertr\u00e4ge (700 Gramm) und mehr Pilze, bei geringerem Aufwand in der Verwaltung und geringerem Risiko der Verunreinigung. Die Anweisungen sind leicht zu befolgen, so dass Sie sich weniger Sorgen um das Wachstum Ihrer Pilze machen m\u00fcssen. Das Grow-Kit ist sowohl f\u00fcr Anf\u00e4nger als auch f\u00fcr fortgeschrittene Z\u00fcchter geeignet und garantiert eine m\u00fchelose Anbauerfahrung. Befolgen Sie einfach unsere klaren Anweisungen und innerhalb weniger Wochen werden Sie die Entstehung potenter Jack-Frost-Pilze miterleben k\u00f6nnen. Das Substrat ist bereits mit Sporen geimpft, d.h. es sind keine komplizierten Schritte erforderlich &#8211; Sie m\u00fcssen nur Wasser, Geduld und ein wenig Neugierde hinzuf\u00fcgen.<\/p>\n<h2>Was sind die Auswirkungen von Zauberpilzen Jack Frost<\/h2>\n<ul>\n<li>Visuelle Ver\u00e4nderungen: Diese k\u00f6nnen von subtilen Ver\u00e4nderungen der Wahrnehmung bis hin zu intensiven visuellen Halluzinationen reichen, wie z.B. Ver\u00e4nderungen von Farben, Mustern und Formen.<\/li>\n<li>Ver\u00e4nderte Denkmuster: Jack Frost Magic Mushrooms k\u00f6nnen zu tieferen Gedanken, Introspektion und einer ver\u00e4nderten Wahrnehmung von sich selbst und der Umwelt f\u00fchren.<\/li>\n<li>Spirituelle und mystische Erfahrungen: Gef\u00fchle von Verbundenheit, Transzendenz und spiritueller Erleuchtung sind mit Jack Frost Pilzen durchaus m\u00f6glich.<\/li>\n<\/ul>\n<h2>Jack Frost ist eine Kreuzung zwischen zwei m\u00e4chtigen Pilzen: Albino Teacher und Albino Penis Envy<\/h2>\n<p>Der Jack Frost Pilz ist ein Hybrid (Kreuzung) aus den Sorten True Albino Teacher und Albino Penis Envy, die f\u00fcr ihr attraktives Aussehen und ihre starke Wirkung bekannt sind.<\/p>\n<h2>Anleitung Grow kit Jack Frost<\/h2>\n<p>Achten Sie darauf, dass Ihr Arbeitsbereich sauber ist, um zu verhindern, dass andere Mikroorganismen Ihr Growkit kontaminieren. Es ist wichtig, hygienisch zu arbeiten. Verwenden Sie zum Bespr\u00fchen und Tr\u00e4nken Ihres Growkits immer sauberes Leitungs- oder Mineralwasser. Verwenden Sie kein destilliertes oder Demi-Wasser, da es nicht geeignet ist.<\/p>\n<ol>\n<li>Nehmen Sie den Beutel aus dem Karton und rollen Sie ihn aus.<\/li>\n<li>\u00d6ffnen Sie den Beutel, indem Sie den luftdichten Clip an der Oberseite entfernen. Versorgen Sie den Beutel mit frischer Luft, indem Sie ihn leicht dehnen, und schlie\u00dfen Sie ihn dann wieder mit dem Clip. Um zu verhindern, dass Pilze an den Seiten des Substrats wachsen, k\u00f6nnen Sie ein Gummiband um die Au\u00dfenseite des Beutels legen, knapp \u00fcber dem Substratniveau.<\/li>\n<li>Behalten Sie das Wachstum im Auge: Behalten Sie den Beutel genau im Auge, wenn die Pilze zu wachsen beginnen. Die ersten beiden Male brauchen Sie nicht zu gie\u00dfen. Sobald sich die H\u00fcte zu \u00f6ffnen beginnen, ist es Zeit zu ernten. Beachten Sie, dass nicht alle Sorten Schleier haben oder Sporen abwerfen.<\/li>\n<li>Ernte: Sorgen Sie vor der Ernte f\u00fcr eine saubere Umgebung, indem Sie Ihre H\u00e4nde mit Alkohol desinfizieren und vorzugsweise Latexhandschuhe tragen. Drehen Sie die Champignons zum Ernten im Uhrzeigersinn. Ernten Sie, sobald sich die H\u00fcte zu \u00f6ffnen beginnen, um eine optimale Wirkung zu erzielen. Die Fr\u00fcchte sind nach zwei bis vier Wochen erntereif, je nach Wachstumsbedingungen und Pilzsorte.<\/li>\n<li>Pflege nach der Ernte: F\u00fcgen Sie nach der Ernte des zweiten Schwalls eine kleine Menge Wasser hinzu (etwa 1\/3 bis zur H\u00f6he des Substrats im Beutel). Verschlie\u00dfen Sie den Beutel wieder mit dem Clip und stellen Sie sicher, dass er luftdicht verschlossen ist. Denken Sie daran, frische Luft zuzuf\u00fchren, indem Sie den Clip entfernen und wieder anbringen. Gie\u00dfen Sie \u00fcbersch\u00fcssiges Wasser weg, wenn es nicht innerhalb von 12 Stunden absorbiert wurde.<\/li>\n<li>Kontrollieren Sie die Temperatur: Achten Sie darauf, dass die Temperatur innerhalb eines Bereichs von 20-25 Grad Celsius (68-77\u00b0F) stabil bleibt, um beste Wachstumsergebnisse zu erzielen. Vermeiden Sie gro\u00dfe Temperaturschwankungen.<\/li>\n<li>Nachfolgende Ernten: Rechnen Sie mit mindestens zwei Ernten aus jedem Beutel, aber es k\u00f6nnen auch drei oder sogar vier Ernten m\u00f6glich sein. Verschlie\u00dfen Sie den Beutel nach jeder Ernte wieder und geben Sie Wasser hinzu, um eine weitere Bl\u00fcte zu f\u00f6rdern.<\/li>\n<\/ol>\n<h2>Inhalt Grow kit Jack Frost<\/h2>\n<ul>\n<li>Fassungsverm\u00f6gen: 2000cc<\/li>\n<li>Ma\u00dfe: 14 cm x 17 cm x 10 cm<\/li>\n<li>Variation: Psilocybe Cubensis Jack Frost (PE-Stamm) (Kreuzung True Albino Teacher und Albino Penis Envy).<\/li>\n<li>Phase: vollst\u00e4ndig kolonisiert<\/li>\n<li>Ernteertrag: bis zu 700 Gramm<\/li>\n<\/ul>\n<h2>Wie bewahre ich das Zuchtset auf?<\/h2>\n<p>F\u00fcr das beste Ergebnis beginnen Sie direkt nach Erhalt des Sets mit der Zucht. Wenn Sie sp\u00e4ter beginnen m\u00f6chten, was die Qualit\u00e4t beeintr\u00e4chtigen kann, k\u00f6nnen Sie das Zuchtset maximal zwei Wochen im K\u00fchlschrank bei einer Temperatur von 2 \u00b0C bis 8 \u00b0C aufbewahren. Lassen Sie den Zuchtbeutel mit Myzel in der Originalverpackung und legen Sie ihn in einen sauberen, schimmelfreien K\u00fchlschrank. F\u00fcr zus\u00e4tzlichen Schutz k\u00f6nnen Sie das Set in einen sauberen Plastikbeutel oder einen zus\u00e4tzlichen Zuchtbeutel legen.<\/p>\n","protected":false},"excerpt":{"rendered":"<p>Das Jack Frost Mushroom Grow Kit ist eine besondere Sorte aus der Psilocybe cubensis Familie, die f\u00fcr ihre hohe Potenz und ihr einzigartiges Aussehen bekannt ist. Diese Art von Pilz ist das Ergebnis einer Kreuzung zwischen zwei gleichwertigen Arten: dem Echten Albino-Lehrer (TAT) und dem Albino-Penis-Neid (APE). Beide Elternsorten sind f\u00fcr ihre starke psychedelische Wirkung [&hellip;]<\/p>\n","protected":false},"featured_media":38474,"comment_status":"closed","ping_status":"closed","template":"","meta":[],"product_brand":[],"product_cat":[343],"product_tag":[],"class_list":{"0":"post-38083","1":"product","2":"type-product","3":"status-publish","4":"has-post-thumbnail","6":"product_cat-mystic-fungi-zuchtset","8":"first","9":"outofstock","10":"taxable","11":"shipping-taxable","12":"purchasable","13":"product-type-simple"},"yoast_head":"<!-- This site is optimized with the Yoast SEO Premium plugin v26.4 (Yoast SEO v27.2) - https:\/\/yoast.com\/product\/yoast-seo-premium-wordpress\/ -->\n<title>Jack Frost Pilze wachsen Kit - Dutchmicrodosing<\/title>\n<meta name=\"description\" content=\"Z\u00fcchten Sie mit diesem kompletten Zuchtset ganz einfach Ihre eigenen Jack Frost-Pilze. Geeignet f\u00fcr Anf\u00e4nger, schnelles Ergebnis und deutliche Anweisungen.\" \/>\n<meta name=\"robots\" content=\"index, follow, max-snippet:-1, max-image-preview:large, max-video-preview:-1\" \/>\n<link rel=\"canonical\" href=\"https:\/\/dutchmicrodosing.com\/de\/zauberpilze-zuchtsets\/mystic-fungi-zuchtset\/jack-frost-paddo-grow-kit\/\" \/>\n<meta property=\"og:locale\" content=\"de_DE\" \/>\n<meta property=\"og:type\" content=\"article\" \/>\n<meta property=\"og:title\" content=\"Jack Frost Pilze wachsen Kit\" \/>\n<meta property=\"og:description\" content=\"Das Jack Frost Mushroom Grow Kit ist eine besondere Sorte aus der Psilocybe cubensis Familie, die f\u00fcr ihre hohe Potenz und ihr einzigartiges Aussehen\" \/>\n<meta property=\"og:url\" content=\"https:\/\/dutchmicrodosing.com\/de\/zauberpilze-zuchtsets\/mystic-fungi-zuchtset\/jack-frost-paddo-grow-kit\/\" \/>\n<meta property=\"og:site_name\" content=\"Dutchmicrodosing\" \/>\n<meta property=\"article:publisher\" content=\"https:\/\/www.facebook.com\/Dutchmicrodosingxp\/\" \/>\n<meta property=\"article:modified_time\" content=\"2026-02-03T13:36:48+00:00\" \/>\n<meta property=\"og:image\" content=\"https:\/\/dutchmicrodosing.com\/wp-content\/uploads\/2024\/04\/Jack_frost_bag.jpg\" \/>\n\t<meta property=\"og:image:width\" content=\"1000\" \/>\n\t<meta property=\"og:image:height\" content=\"1000\" \/>\n\t<meta property=\"og:image:type\" content=\"image\/jpeg\" \/>\n<meta name=\"twitter:card\" content=\"summary_large_image\" \/>\n<script type=\"application\/ld+json\" class=\"yoast-schema-graph\">{\"@context\":\"https:\/\/schema.org\",\"@graph\":[{\"@type\":\"WebPage\",\"@id\":\"https:\/\/dutchmicrodosing.com\/de\/zauberpilze-zuchtsets\/mystic-fungi-zuchtset\/jack-frost-paddo-grow-kit\/\",\"url\":\"https:\/\/dutchmicrodosing.com\/de\/zauberpilze-zuchtsets\/mystic-fungi-zuchtset\/jack-frost-paddo-grow-kit\/\",\"name\":\"Jack Frost Pilze wachsen Kit - Dutchmicrodosing\",\"isPartOf\":{\"@id\":\"https:\/\/dutchmicrodosing.com\/de\/#website\"},\"primaryImageOfPage\":{\"@id\":\"https:\/\/dutchmicrodosing.com\/de\/zauberpilze-zuchtsets\/mystic-fungi-zuchtset\/jack-frost-paddo-grow-kit\/#primaryimage\"},\"image\":{\"@id\":\"https:\/\/dutchmicrodosing.com\/de\/zauberpilze-zuchtsets\/mystic-fungi-zuchtset\/jack-frost-paddo-grow-kit\/#primaryimage\"},\"thumbnailUrl\":\"https:\/\/dutchmicrodosing.com\/wp-content\/uploads\/2024\/04\/Jack_frost_bag.jpg\",\"datePublished\":\"2024-04-10T05:31:01+00:00\",\"dateModified\":\"2026-02-03T13:36:48+00:00\",\"description\":\"Z\u00fcchten Sie mit diesem kompletten Zuchtset ganz einfach Ihre eigenen Jack Frost-Pilze. Geeignet f\u00fcr Anf\u00e4nger, schnelles Ergebnis und deutliche Anweisungen.\",\"breadcrumb\":{\"@id\":\"https:\/\/dutchmicrodosing.com\/de\/zauberpilze-zuchtsets\/mystic-fungi-zuchtset\/jack-frost-paddo-grow-kit\/#breadcrumb\"},\"inLanguage\":\"de\",\"potentialAction\":[{\"@type\":\"ReadAction\",\"target\":[\"https:\/\/dutchmicrodosing.com\/de\/zauberpilze-zuchtsets\/mystic-fungi-zuchtset\/jack-frost-paddo-grow-kit\/\"]}]},{\"@type\":\"ImageObject\",\"inLanguage\":\"de\",\"@id\":\"https:\/\/dutchmicrodosing.com\/de\/zauberpilze-zuchtsets\/mystic-fungi-zuchtset\/jack-frost-paddo-grow-kit\/#primaryimage\",\"url\":\"https:\/\/dutchmicrodosing.com\/wp-content\/uploads\/2024\/04\/Jack_frost_bag.jpg\",\"contentUrl\":\"https:\/\/dutchmicrodosing.com\/wp-content\/uploads\/2024\/04\/Jack_frost_bag.jpg\",\"width\":1000,\"height\":1000,\"caption\":\"Jack Frost Mystic Funghi Zuchtset\"},{\"@type\":\"BreadcrumbList\",\"@id\":\"https:\/\/dutchmicrodosing.com\/de\/zauberpilze-zuchtsets\/mystic-fungi-zuchtset\/jack-frost-paddo-grow-kit\/#breadcrumb\",\"itemListElement\":[{\"@type\":\"ListItem\",\"position\":1,\"name\":\"Home\",\"item\":\"https:\/\/dutchmicrodosing.com\/de\/\"},{\"@type\":\"ListItem\",\"position\":2,\"name\":\"Shop\",\"item\":\"https:\/\/dutchmicrodosing.com\/de\/shop\/\"},{\"@type\":\"ListItem\",\"position\":3,\"name\":\"Jack Frost Pilze wachsen Kit\"}]},{\"@type\":\"WebSite\",\"@id\":\"https:\/\/dutchmicrodosing.com\/de\/#website\",\"url\":\"https:\/\/dutchmicrodosing.com\/de\/\",\"name\":\"Dutchmicrodosing\",\"description\":\"\",\"publisher\":{\"@id\":\"https:\/\/dutchmicrodosing.com\/de\/#organization\"},\"potentialAction\":[{\"@type\":\"SearchAction\",\"target\":{\"@type\":\"EntryPoint\",\"urlTemplate\":\"https:\/\/dutchmicrodosing.com\/de\/?s={search_term_string}\"},\"query-input\":{\"@type\":\"PropertyValueSpecification\",\"valueRequired\":true,\"valueName\":\"search_term_string\"}}],\"inLanguage\":\"de\"},{\"@type\":\"Organization\",\"@id\":\"https:\/\/dutchmicrodosing.com\/de\/#organization\",\"name\":\"Dutchmicrodosing\",\"url\":\"https:\/\/dutchmicrodosing.com\/de\/\",\"logo\":{\"@type\":\"ImageObject\",\"inLanguage\":\"de\",\"@id\":\"https:\/\/dutchmicrodosing.com\/de\/#\/schema\/logo\/image\/\",\"url\":\"https:\/\/dutchmicrodosing.com\/wp-content\/uploads\/2021\/01\/microdosing-categorie-pic-nieuw.jpg\",\"contentUrl\":\"https:\/\/dutchmicrodosing.com\/wp-content\/uploads\/2021\/01\/microdosing-categorie-pic-nieuw.jpg\",\"width\":500,\"height\":500,\"caption\":\"Dutchmicrodosing\"},\"image\":{\"@id\":\"https:\/\/dutchmicrodosing.com\/de\/#\/schema\/logo\/image\/\"},\"sameAs\":[\"https:\/\/www.facebook.com\/Dutchmicrodosingxp\/\",\"https:\/\/www.instagram.com\/dutchmicrodosing\/\"]}]}<\/script>\n<meta property=\"product:price:amount\" content=\"44.95\" \/>\n<meta property=\"product:price:currency\" content=\"EUR\" \/>\n<meta property=\"og:availability\" content=\"out of stock\" \/>\n<meta property=\"product:availability\" content=\"out of stock\" \/>\n<meta property=\"product:retailer_item_id\" content=\"4204840\" \/>\n<meta property=\"product:condition\" content=\"new\" \/>\n<!-- \/ Yoast SEO Premium plugin. -->","yoast_head_json":{"title":"Jack Frost Pilze wachsen Kit - Dutchmicrodosing","description":"Z\u00fcchten Sie mit diesem kompletten Zuchtset ganz einfach Ihre eigenen Jack Frost-Pilze. Geeignet f\u00fcr Anf\u00e4nger, schnelles Ergebnis und deutliche Anweisungen.","robots":{"index":"index","follow":"follow","max-snippet":"max-snippet:-1","max-image-preview":"max-image-preview:large","max-video-preview":"max-video-preview:-1"},"canonical":"https:\/\/dutchmicrodosing.com\/de\/zauberpilze-zuchtsets\/mystic-fungi-zuchtset\/jack-frost-paddo-grow-kit\/","og_locale":"de_DE","og_type":"article","og_title":"Jack Frost Pilze wachsen Kit","og_description":"Das Jack Frost Mushroom Grow Kit ist eine besondere Sorte aus der Psilocybe cubensis Familie, die f\u00fcr ihre hohe Potenz und ihr einzigartiges Aussehen","og_url":"https:\/\/dutchmicrodosing.com\/de\/zauberpilze-zuchtsets\/mystic-fungi-zuchtset\/jack-frost-paddo-grow-kit\/","og_site_name":"Dutchmicrodosing","article_publisher":"https:\/\/www.facebook.com\/Dutchmicrodosingxp\/","article_modified_time":"2026-02-03T13:36:48+00:00","og_image":[{"width":1000,"height":1000,"url":"https:\/\/dutchmicrodosing.com\/wp-content\/uploads\/2024\/04\/Jack_frost_bag.jpg","type":"image\/jpeg"}],"twitter_card":"summary_large_image","schema":{"@context":"https:\/\/schema.org","@graph":[{"@type":"WebPage","@id":"https:\/\/dutchmicrodosing.com\/de\/zauberpilze-zuchtsets\/mystic-fungi-zuchtset\/jack-frost-paddo-grow-kit\/","url":"https:\/\/dutchmicrodosing.com\/de\/zauberpilze-zuchtsets\/mystic-fungi-zuchtset\/jack-frost-paddo-grow-kit\/","name":"Jack Frost Pilze wachsen Kit - Dutchmicrodosing","isPartOf":{"@id":"https:\/\/dutchmicrodosing.com\/de\/#website"},"primaryImageOfPage":{"@id":"https:\/\/dutchmicrodosing.com\/de\/zauberpilze-zuchtsets\/mystic-fungi-zuchtset\/jack-frost-paddo-grow-kit\/#primaryimage"},"image":{"@id":"https:\/\/dutchmicrodosing.com\/de\/zauberpilze-zuchtsets\/mystic-fungi-zuchtset\/jack-frost-paddo-grow-kit\/#primaryimage"},"thumbnailUrl":"https:\/\/dutchmicrodosing.com\/wp-content\/uploads\/2024\/04\/Jack_frost_bag.jpg","datePublished":"2024-04-10T05:31:01+00:00","dateModified":"2026-02-03T13:36:48+00:00","description":"Z\u00fcchten Sie mit diesem kompletten Zuchtset ganz einfach Ihre eigenen Jack Frost-Pilze. Geeignet f\u00fcr Anf\u00e4nger, schnelles Ergebnis und deutliche Anweisungen.","breadcrumb":{"@id":"https:\/\/dutchmicrodosing.com\/de\/zauberpilze-zuchtsets\/mystic-fungi-zuchtset\/jack-frost-paddo-grow-kit\/#breadcrumb"},"inLanguage":"de","potentialAction":[{"@type":"ReadAction","target":["https:\/\/dutchmicrodosing.com\/de\/zauberpilze-zuchtsets\/mystic-fungi-zuchtset\/jack-frost-paddo-grow-kit\/"]}]},{"@type":"ImageObject","inLanguage":"de","@id":"https:\/\/dutchmicrodosing.com\/de\/zauberpilze-zuchtsets\/mystic-fungi-zuchtset\/jack-frost-paddo-grow-kit\/#primaryimage","url":"https:\/\/dutchmicrodosing.com\/wp-content\/uploads\/2024\/04\/Jack_frost_bag.jpg","contentUrl":"https:\/\/dutchmicrodosing.com\/wp-content\/uploads\/2024\/04\/Jack_frost_bag.jpg","width":1000,"height":1000,"caption":"Jack Frost Mystic Funghi Zuchtset"},{"@type":"BreadcrumbList","@id":"https:\/\/dutchmicrodosing.com\/de\/zauberpilze-zuchtsets\/mystic-fungi-zuchtset\/jack-frost-paddo-grow-kit\/#breadcrumb","itemListElement":[{"@type":"ListItem","position":1,"name":"Home","item":"https:\/\/dutchmicrodosing.com\/de\/"},{"@type":"ListItem","position":2,"name":"Shop","item":"https:\/\/dutchmicrodosing.com\/de\/shop\/"},{"@type":"ListItem","position":3,"name":"Jack Frost Pilze wachsen Kit"}]},{"@type":"WebSite","@id":"https:\/\/dutchmicrodosing.com\/de\/#website","url":"https:\/\/dutchmicrodosing.com\/de\/","name":"Dutchmicrodosing","description":"","publisher":{"@id":"https:\/\/dutchmicrodosing.com\/de\/#organization"},"potentialAction":[{"@type":"SearchAction","target":{"@type":"EntryPoint","urlTemplate":"https:\/\/dutchmicrodosing.com\/de\/?s={search_term_string}"},"query-input":{"@type":"PropertyValueSpecification","valueRequired":true,"valueName":"search_term_string"}}],"inLanguage":"de"},{"@type":"Organization","@id":"https:\/\/dutchmicrodosing.com\/de\/#organization","name":"Dutchmicrodosing","url":"https:\/\/dutchmicrodosing.com\/de\/","logo":{"@type":"ImageObject","inLanguage":"de","@id":"https:\/\/dutchmicrodosing.com\/de\/#\/schema\/logo\/image\/","url":"https:\/\/dutchmicrodosing.com\/wp-content\/uploads\/2021\/01\/microdosing-categorie-pic-nieuw.jpg","contentUrl":"https:\/\/dutchmicrodosing.com\/wp-content\/uploads\/2021\/01\/microdosing-categorie-pic-nieuw.jpg","width":500,"height":500,"caption":"Dutchmicrodosing"},"image":{"@id":"https:\/\/dutchmicrodosing.com\/de\/#\/schema\/logo\/image\/"},"sameAs":["https:\/\/www.facebook.com\/Dutchmicrodosingxp\/","https:\/\/www.instagram.com\/dutchmicrodosing\/"]}]},"product_price_amount":"44.95","product_price_currency":"EUR","og_availability":"out of stock","product_availability":"out of stock","product_retailer_item_id":"4204840","product_condition":"new"},"_links":{"self":[{"href":"https:\/\/dutchmicrodosing.com\/de\/wp-json\/wp\/v2\/product\/38083","targetHints":{"allow":["GET"]}}],"collection":[{"href":"https:\/\/dutchmicrodosing.com\/de\/wp-json\/wp\/v2\/product"}],"about":[{"href":"https:\/\/dutchmicrodosing.com\/de\/wp-json\/wp\/v2\/types\/product"}],"replies":[{"embeddable":true,"href":"https:\/\/dutchmicrodosing.com\/de\/wp-json\/wp\/v2\/comments?post=38083"}],"version-history":[{"count":1,"href":"https:\/\/dutchmicrodosing.com\/de\/wp-json\/wp\/v2\/product\/38083\/revisions"}],"predecessor-version":[{"id":64200,"href":"https:\/\/dutchmicrodosing.com\/de\/wp-json\/wp\/v2\/product\/38083\/revisions\/64200"}],"wp:featuredmedia":[{"embeddable":true,"href":"https:\/\/dutchmicrodosing.com\/de\/wp-json\/wp\/v2\/media\/38474"}],"wp:attachment":[{"href":"https:\/\/dutchmicrodosing.com\/de\/wp-json\/wp\/v2\/media?parent=38083"}],"wp:term":[{"taxonomy":"product_brand","embeddable":true,"href":"https:\/\/dutchmicrodosing.com\/de\/wp-json\/wp\/v2\/product_brand?post=38083"},{"taxonomy":"product_cat","embeddable":true,"href":"https:\/\/dutchmicrodosing.com\/de\/wp-json\/wp\/v2\/product_cat?post=38083"},{"taxonomy":"product_tag","embeddable":true,"href":"https:\/\/dutchmicrodosing.com\/de\/wp-json\/wp\/v2\/product_tag?post=38083"}],"curies":[{"name":"wp","href":"https:\/\/api.w.org\/{rel}","templated":true}]}}