{"id":39096,"date":"2024-05-12T09:49:45","date_gmt":"2024-05-12T07:50:05","guid":{"rendered":"https:\/\/dutchmicrodosing.com\/shop\/unkategorisiert\/moby-dick-spur-flasche\/"},"modified":"2025-02-20T14:19:15","modified_gmt":"2025-02-20T13:19:15","slug":"moby-dick-spur-flasche","status":"publish","type":"product","link":"https:\/\/dutchmicrodosing.com\/de\/sporen-zauberpilze\/sporenampulle-zauberpilze\/moby-dick-spur-flasche\/","title":{"rendered":"Moby Dick Trace Flasche"},"content":{"rendered":"<p>Z\u00fcchten Sie jetzt wei\u00dfe\/graue Pilze mit der Mondo <strong>Moby Dick Sporenflasche<\/strong>! Dieser Pilz hat seinen Namen von dem ber\u00fchmten wei\u00dfen Wal aus Herman Melvilles Buch. Diese Pilze, wie auch andere Psilocybin-Pilze, enthalten psychoaktive Substanzen, die beim Verzehr halluzinogene Wirkungen hervorrufen k\u00f6nnen. Diese Pilze werden sowohl in der freien Natur gefunden als auch f\u00fcr den Freizeitgebrauch angebaut, oft wegen ihrer starken psychologischen Wirkung. Der Name und die Assoziation mit der Farbe des Wals verleihen dieser besonderen Pilzart eine zus\u00e4tzliche kulturelle Dimension.<\/p>\n<h2>Zuchtinformationen Moby Dick Sporenflasche<\/h2>\n<ul>\n<li>Schwierigkeit der Kultivierung: Leicht<\/li>\n<li>Substrat: Dung, Stroh, verschiedene Getreidesorten<\/li>\n<li>Besiedelungszeit: 12-14 Tage<\/li>\n<li>Besiedlungstemperatur: 28-30 Grad Celsius<\/li>\n<li>Temperatur der Fr\u00fcchte: 23-26 Grad Celsius<\/li>\n<li>Es werden nur 3 Milliliter Sporenl\u00f6sung ben\u00f6tigt, um 1 Liter Substrat zu besiedeln<\/li>\n<\/ul>\n<h2>Wie ich meine Mondo Moby Dick Trace Flasche vorbereite<\/h2>\n<p>Bevor Sie mit der Injektion der Sporen beginnen, sollten Sie zun\u00e4chst ein Substrat in einer Kulturschale oder einem Kulturbeutel vorbereiten, in das Sie die Sporen einbringen werden. Die sterilen Mondo Sporenfl\u00e4schchen sind sehr einfach zu verwenden.<\/p>\n<ol>\n<li>Ziehen Sie Handschuhe und einen Mundschutz an<\/li>\n<li>Sch\u00fctteln Sie das Sporengef\u00e4\u00df kr\u00e4ftig hin und her<\/li>\n<li>Packen Sie die Injektionsnadel aus und stecken Sie die Nadel durch die Gummimembran<\/li>\n<li>Ziehen Sie nun vorsichtig die Fl\u00fcssigkeit in die Spritze<\/li>\n<li>Anzuchtbeh\u00e4lter oder Anzuchtbeutel mit dem Substrat beif\u00fcgen<\/li>\n<li>Nachdem Sie die Spritze gef\u00fcllt haben, dr\u00fccken Sie langsam auf den Kolben und lassen jeden Tropfen verstreut auf das Substrat fallen. Die Stelle, an der der Tropfen auf das Substrat f\u00e4llt, ist ein potenzieller Wachstumsort f\u00fcr das Myzel. Wenn Sie diese Stelle teilen, optimieren Sie die Besiedlung.<\/li>\n<\/ol>\n<h2>Inhalt Ihrer Moby Dick Trace Flasche<\/h2>\n<ul>\n<li>1 x Sporen-Fl\u00e4schchen enth\u00e4lt mehrere Millionen Sporen, die in 10 ml sterilem Wasser gel\u00f6st sind<\/li>\n<li>1 x 20 ml sterile Spritze<\/li>\n<li>2 x Alkoholtuch<\/li>\n<\/ul>\n<h2>Aufbewahrung Ihrer Mondo Moby Dick Trace Flasche<\/h2>\n<p>Da es sich um ein empfindliches Produkt handelt, empfehlen wir, die Sporenflasche sofort nach Erhalt f\u00fcr 24 Stunden in den K\u00fchlschrank mit einer Temperatur zwischen 2 und 8 Grad zu stellen, bevor Sie sie verwenden.<\/p>\n","protected":false},"excerpt":{"rendered":"<p>Z\u00fcchten Sie jetzt wei\u00dfe\/graue Pilze mit der Mondo Moby Dick Sporenflasche! Dieser Pilz hat seinen Namen von dem ber\u00fchmten wei\u00dfen Wal aus Herman Melvilles Buch. Diese Pilze, wie auch andere Psilocybin-Pilze, enthalten psychoaktive Substanzen, die beim Verzehr halluzinogene Wirkungen hervorrufen k\u00f6nnen. Diese Pilze werden sowohl in der freien Natur gefunden als auch f\u00fcr den Freizeitgebrauch [&hellip;]<\/p>\n","protected":false},"featured_media":39113,"comment_status":"closed","ping_status":"closed","template":"","meta":[],"product_brand":[],"product_cat":[352],"product_tag":[],"class_list":{"0":"post-39096","1":"product","2":"type-product","3":"status-publish","4":"has-post-thumbnail","6":"product_cat-sporenampulle-zauberpilze","8":"first","9":"outofstock","10":"taxable","11":"shipping-taxable","12":"purchasable","13":"product-type-simple"},"yoast_head":"<!-- This site is optimized with the Yoast SEO Premium plugin v26.4 (Yoast SEO v27.2) - https:\/\/yoast.com\/product\/yoast-seo-premium-wordpress\/ -->\n<title>Moby Dick Trace Flasche - Dutchmicrodosing<\/title>\n<meta name=\"description\" content=\"Hochwertige Sporen f\u00fcr die Zucht von potenten Moby Dick Pilzen. Entdecken Sie die einzigartigen Eigenschaften und Wirkungen dieser beliebten Sorte!\" \/>\n<meta name=\"robots\" content=\"index, follow, max-snippet:-1, max-image-preview:large, max-video-preview:-1\" \/>\n<link rel=\"canonical\" href=\"https:\/\/dutchmicrodosing.com\/de\/sporen-zauberpilze\/sporenampulle-zauberpilze\/moby-dick-spur-flasche\/\" \/>\n<meta property=\"og:locale\" content=\"de_DE\" \/>\n<meta property=\"og:type\" content=\"article\" \/>\n<meta property=\"og:title\" content=\"Moby Dick Trace Flasche\" \/>\n<meta property=\"og:description\" content=\"Z\u00fcchten Sie jetzt wei\u00dfe\/graue Pilze mit der Mondo Moby Dick Sporenflasche! Dieser Pilz hat seinen Namen von dem ber\u00fchmten wei\u00dfen Wal aus Herman Melvilles\" \/>\n<meta property=\"og:url\" content=\"https:\/\/dutchmicrodosing.com\/de\/sporen-zauberpilze\/sporenampulle-zauberpilze\/moby-dick-spur-flasche\/\" \/>\n<meta property=\"og:site_name\" content=\"Dutchmicrodosing\" \/>\n<meta property=\"article:publisher\" content=\"https:\/\/www.facebook.com\/Dutchmicrodosingxp\/\" \/>\n<meta property=\"article:modified_time\" content=\"2025-02-20T13:19:15+00:00\" \/>\n<meta property=\"og:image\" content=\"https:\/\/dutchmicrodosing.com\/wp-content\/uploads\/2024\/05\/sporemate-mondo-vial-psilocybe-cubensis-golden-teacher.jpg\" \/>\n\t<meta property=\"og:image:width\" content=\"600\" \/>\n\t<meta property=\"og:image:height\" content=\"600\" \/>\n\t<meta property=\"og:image:type\" content=\"image\/jpeg\" \/>\n<meta name=\"twitter:card\" content=\"summary_large_image\" \/>\n<script type=\"application\/ld+json\" class=\"yoast-schema-graph\">{\"@context\":\"https:\/\/schema.org\",\"@graph\":[{\"@type\":\"WebPage\",\"@id\":\"https:\/\/dutchmicrodosing.com\/de\/sporen-zauberpilze\/sporenampulle-zauberpilze\/moby-dick-spur-flasche\/\",\"url\":\"https:\/\/dutchmicrodosing.com\/de\/sporen-zauberpilze\/sporenampulle-zauberpilze\/moby-dick-spur-flasche\/\",\"name\":\"Moby Dick Trace Flasche - Dutchmicrodosing\",\"isPartOf\":{\"@id\":\"https:\/\/dutchmicrodosing.com\/de\/#website\"},\"primaryImageOfPage\":{\"@id\":\"https:\/\/dutchmicrodosing.com\/de\/sporen-zauberpilze\/sporenampulle-zauberpilze\/moby-dick-spur-flasche\/#primaryimage\"},\"image\":{\"@id\":\"https:\/\/dutchmicrodosing.com\/de\/sporen-zauberpilze\/sporenampulle-zauberpilze\/moby-dick-spur-flasche\/#primaryimage\"},\"thumbnailUrl\":\"https:\/\/dutchmicrodosing.com\/wp-content\/uploads\/2024\/05\/sporemate-mondo-vial-psilocybe-cubensis-golden-teacher.jpg\",\"datePublished\":\"2024-05-12T07:50:05+00:00\",\"dateModified\":\"2025-02-20T13:19:15+00:00\",\"description\":\"Hochwertige Sporen f\u00fcr die Zucht von potenten Moby Dick Pilzen. Entdecken Sie die einzigartigen Eigenschaften und Wirkungen dieser beliebten Sorte!\",\"breadcrumb\":{\"@id\":\"https:\/\/dutchmicrodosing.com\/de\/sporen-zauberpilze\/sporenampulle-zauberpilze\/moby-dick-spur-flasche\/#breadcrumb\"},\"inLanguage\":\"de\",\"potentialAction\":[{\"@type\":\"ReadAction\",\"target\":[\"https:\/\/dutchmicrodosing.com\/de\/sporen-zauberpilze\/sporenampulle-zauberpilze\/moby-dick-spur-flasche\/\"]}]},{\"@type\":\"ImageObject\",\"inLanguage\":\"de\",\"@id\":\"https:\/\/dutchmicrodosing.com\/de\/sporen-zauberpilze\/sporenampulle-zauberpilze\/moby-dick-spur-flasche\/#primaryimage\",\"url\":\"https:\/\/dutchmicrodosing.com\/wp-content\/uploads\/2024\/05\/sporemate-mondo-vial-psilocybe-cubensis-golden-teacher.jpg\",\"contentUrl\":\"https:\/\/dutchmicrodosing.com\/wp-content\/uploads\/2024\/05\/sporemate-mondo-vial-psilocybe-cubensis-golden-teacher.jpg\",\"width\":600,\"height\":600},{\"@type\":\"BreadcrumbList\",\"@id\":\"https:\/\/dutchmicrodosing.com\/de\/sporen-zauberpilze\/sporenampulle-zauberpilze\/moby-dick-spur-flasche\/#breadcrumb\",\"itemListElement\":[{\"@type\":\"ListItem\",\"position\":1,\"name\":\"Home\",\"item\":\"https:\/\/dutchmicrodosing.com\/de\/\"},{\"@type\":\"ListItem\",\"position\":2,\"name\":\"Shop\",\"item\":\"https:\/\/dutchmicrodosing.com\/de\/shop\/\"},{\"@type\":\"ListItem\",\"position\":3,\"name\":\"Moby Dick Trace Flasche\"}]},{\"@type\":\"WebSite\",\"@id\":\"https:\/\/dutchmicrodosing.com\/de\/#website\",\"url\":\"https:\/\/dutchmicrodosing.com\/de\/\",\"name\":\"Dutchmicrodosing\",\"description\":\"\",\"publisher\":{\"@id\":\"https:\/\/dutchmicrodosing.com\/de\/#organization\"},\"potentialAction\":[{\"@type\":\"SearchAction\",\"target\":{\"@type\":\"EntryPoint\",\"urlTemplate\":\"https:\/\/dutchmicrodosing.com\/de\/?s={search_term_string}\"},\"query-input\":{\"@type\":\"PropertyValueSpecification\",\"valueRequired\":true,\"valueName\":\"search_term_string\"}}],\"inLanguage\":\"de\"},{\"@type\":\"Organization\",\"@id\":\"https:\/\/dutchmicrodosing.com\/de\/#organization\",\"name\":\"Dutchmicrodosing\",\"url\":\"https:\/\/dutchmicrodosing.com\/de\/\",\"logo\":{\"@type\":\"ImageObject\",\"inLanguage\":\"de\",\"@id\":\"https:\/\/dutchmicrodosing.com\/de\/#\/schema\/logo\/image\/\",\"url\":\"https:\/\/dutchmicrodosing.com\/wp-content\/uploads\/2021\/01\/microdosing-categorie-pic-nieuw.jpg\",\"contentUrl\":\"https:\/\/dutchmicrodosing.com\/wp-content\/uploads\/2021\/01\/microdosing-categorie-pic-nieuw.jpg\",\"width\":500,\"height\":500,\"caption\":\"Dutchmicrodosing\"},\"image\":{\"@id\":\"https:\/\/dutchmicrodosing.com\/de\/#\/schema\/logo\/image\/\"},\"sameAs\":[\"https:\/\/www.facebook.com\/Dutchmicrodosingxp\/\",\"https:\/\/www.instagram.com\/dutchmicrodosing\/\"]}]}<\/script>\n<meta property=\"product:price:amount\" content=\"17.95\" \/>\n<meta property=\"product:price:currency\" content=\"EUR\" \/>\n<meta property=\"og:availability\" content=\"out of stock\" \/>\n<meta property=\"product:availability\" content=\"out of stock\" \/>\n<meta property=\"product:retailer_item_id\" content=\"3204180\" \/>\n<meta property=\"product:condition\" content=\"new\" \/>\n<!-- \/ Yoast SEO Premium plugin. -->","yoast_head_json":{"title":"Moby Dick Trace Flasche - Dutchmicrodosing","description":"Hochwertige Sporen f\u00fcr die Zucht von potenten Moby Dick Pilzen. Entdecken Sie die einzigartigen Eigenschaften und Wirkungen dieser beliebten Sorte!","robots":{"index":"index","follow":"follow","max-snippet":"max-snippet:-1","max-image-preview":"max-image-preview:large","max-video-preview":"max-video-preview:-1"},"canonical":"https:\/\/dutchmicrodosing.com\/de\/sporen-zauberpilze\/sporenampulle-zauberpilze\/moby-dick-spur-flasche\/","og_locale":"de_DE","og_type":"article","og_title":"Moby Dick Trace Flasche","og_description":"Z\u00fcchten Sie jetzt wei\u00dfe\/graue Pilze mit der Mondo Moby Dick Sporenflasche! Dieser Pilz hat seinen Namen von dem ber\u00fchmten wei\u00dfen Wal aus Herman Melvilles","og_url":"https:\/\/dutchmicrodosing.com\/de\/sporen-zauberpilze\/sporenampulle-zauberpilze\/moby-dick-spur-flasche\/","og_site_name":"Dutchmicrodosing","article_publisher":"https:\/\/www.facebook.com\/Dutchmicrodosingxp\/","article_modified_time":"2025-02-20T13:19:15+00:00","og_image":[{"width":600,"height":600,"url":"https:\/\/dutchmicrodosing.com\/wp-content\/uploads\/2024\/05\/sporemate-mondo-vial-psilocybe-cubensis-golden-teacher.jpg","type":"image\/jpeg"}],"twitter_card":"summary_large_image","schema":{"@context":"https:\/\/schema.org","@graph":[{"@type":"WebPage","@id":"https:\/\/dutchmicrodosing.com\/de\/sporen-zauberpilze\/sporenampulle-zauberpilze\/moby-dick-spur-flasche\/","url":"https:\/\/dutchmicrodosing.com\/de\/sporen-zauberpilze\/sporenampulle-zauberpilze\/moby-dick-spur-flasche\/","name":"Moby Dick Trace Flasche - Dutchmicrodosing","isPartOf":{"@id":"https:\/\/dutchmicrodosing.com\/de\/#website"},"primaryImageOfPage":{"@id":"https:\/\/dutchmicrodosing.com\/de\/sporen-zauberpilze\/sporenampulle-zauberpilze\/moby-dick-spur-flasche\/#primaryimage"},"image":{"@id":"https:\/\/dutchmicrodosing.com\/de\/sporen-zauberpilze\/sporenampulle-zauberpilze\/moby-dick-spur-flasche\/#primaryimage"},"thumbnailUrl":"https:\/\/dutchmicrodosing.com\/wp-content\/uploads\/2024\/05\/sporemate-mondo-vial-psilocybe-cubensis-golden-teacher.jpg","datePublished":"2024-05-12T07:50:05+00:00","dateModified":"2025-02-20T13:19:15+00:00","description":"Hochwertige Sporen f\u00fcr die Zucht von potenten Moby Dick Pilzen. Entdecken Sie die einzigartigen Eigenschaften und Wirkungen dieser beliebten Sorte!","breadcrumb":{"@id":"https:\/\/dutchmicrodosing.com\/de\/sporen-zauberpilze\/sporenampulle-zauberpilze\/moby-dick-spur-flasche\/#breadcrumb"},"inLanguage":"de","potentialAction":[{"@type":"ReadAction","target":["https:\/\/dutchmicrodosing.com\/de\/sporen-zauberpilze\/sporenampulle-zauberpilze\/moby-dick-spur-flasche\/"]}]},{"@type":"ImageObject","inLanguage":"de","@id":"https:\/\/dutchmicrodosing.com\/de\/sporen-zauberpilze\/sporenampulle-zauberpilze\/moby-dick-spur-flasche\/#primaryimage","url":"https:\/\/dutchmicrodosing.com\/wp-content\/uploads\/2024\/05\/sporemate-mondo-vial-psilocybe-cubensis-golden-teacher.jpg","contentUrl":"https:\/\/dutchmicrodosing.com\/wp-content\/uploads\/2024\/05\/sporemate-mondo-vial-psilocybe-cubensis-golden-teacher.jpg","width":600,"height":600},{"@type":"BreadcrumbList","@id":"https:\/\/dutchmicrodosing.com\/de\/sporen-zauberpilze\/sporenampulle-zauberpilze\/moby-dick-spur-flasche\/#breadcrumb","itemListElement":[{"@type":"ListItem","position":1,"name":"Home","item":"https:\/\/dutchmicrodosing.com\/de\/"},{"@type":"ListItem","position":2,"name":"Shop","item":"https:\/\/dutchmicrodosing.com\/de\/shop\/"},{"@type":"ListItem","position":3,"name":"Moby Dick Trace Flasche"}]},{"@type":"WebSite","@id":"https:\/\/dutchmicrodosing.com\/de\/#website","url":"https:\/\/dutchmicrodosing.com\/de\/","name":"Dutchmicrodosing","description":"","publisher":{"@id":"https:\/\/dutchmicrodosing.com\/de\/#organization"},"potentialAction":[{"@type":"SearchAction","target":{"@type":"EntryPoint","urlTemplate":"https:\/\/dutchmicrodosing.com\/de\/?s={search_term_string}"},"query-input":{"@type":"PropertyValueSpecification","valueRequired":true,"valueName":"search_term_string"}}],"inLanguage":"de"},{"@type":"Organization","@id":"https:\/\/dutchmicrodosing.com\/de\/#organization","name":"Dutchmicrodosing","url":"https:\/\/dutchmicrodosing.com\/de\/","logo":{"@type":"ImageObject","inLanguage":"de","@id":"https:\/\/dutchmicrodosing.com\/de\/#\/schema\/logo\/image\/","url":"https:\/\/dutchmicrodosing.com\/wp-content\/uploads\/2021\/01\/microdosing-categorie-pic-nieuw.jpg","contentUrl":"https:\/\/dutchmicrodosing.com\/wp-content\/uploads\/2021\/01\/microdosing-categorie-pic-nieuw.jpg","width":500,"height":500,"caption":"Dutchmicrodosing"},"image":{"@id":"https:\/\/dutchmicrodosing.com\/de\/#\/schema\/logo\/image\/"},"sameAs":["https:\/\/www.facebook.com\/Dutchmicrodosingxp\/","https:\/\/www.instagram.com\/dutchmicrodosing\/"]}]},"product_price_amount":"17.95","product_price_currency":"EUR","og_availability":"out of stock","product_availability":"out of stock","product_retailer_item_id":"3204180","product_condition":"new"},"_links":{"self":[{"href":"https:\/\/dutchmicrodosing.com\/de\/wp-json\/wp\/v2\/product\/39096","targetHints":{"allow":["GET"]}}],"collection":[{"href":"https:\/\/dutchmicrodosing.com\/de\/wp-json\/wp\/v2\/product"}],"about":[{"href":"https:\/\/dutchmicrodosing.com\/de\/wp-json\/wp\/v2\/types\/product"}],"replies":[{"embeddable":true,"href":"https:\/\/dutchmicrodosing.com\/de\/wp-json\/wp\/v2\/comments?post=39096"}],"version-history":[{"count":0,"href":"https:\/\/dutchmicrodosing.com\/de\/wp-json\/wp\/v2\/product\/39096\/revisions"}],"wp:featuredmedia":[{"embeddable":true,"href":"https:\/\/dutchmicrodosing.com\/de\/wp-json\/wp\/v2\/media\/39113"}],"wp:attachment":[{"href":"https:\/\/dutchmicrodosing.com\/de\/wp-json\/wp\/v2\/media?parent=39096"}],"wp:term":[{"taxonomy":"product_brand","embeddable":true,"href":"https:\/\/dutchmicrodosing.com\/de\/wp-json\/wp\/v2\/product_brand?post=39096"},{"taxonomy":"product_cat","embeddable":true,"href":"https:\/\/dutchmicrodosing.com\/de\/wp-json\/wp\/v2\/product_cat?post=39096"},{"taxonomy":"product_tag","embeddable":true,"href":"https:\/\/dutchmicrodosing.com\/de\/wp-json\/wp\/v2\/product_tag?post=39096"}],"curies":[{"name":"wp","href":"https:\/\/api.w.org\/{rel}","templated":true}]}}