{"id":39100,"date":"2024-04-26T17:41:49","date_gmt":"2024-04-26T15:41:49","guid":{"rendered":"https:\/\/dutchmicrodosing.com\/shop\/unkategorisiert\/jack-frost-flussigkultur-spray\/"},"modified":"2025-08-25T12:07:41","modified_gmt":"2025-08-25T10:07:41","slug":"jack-frost-flussigkultur-spray","status":"publish","type":"product","link":"https:\/\/dutchmicrodosing.com\/de\/sporen-zauberpilze\/spritzen-fur-flussigkulturen\/jack-frost-flussigkultur-spray\/","title":{"rendered":"Jack Frost Fl\u00fcssigkultur-Spritze"},"content":{"rendered":"<p>Lernen Sie die Psilocybe Cubensis<strong> Jack Frost Liquid Culture Spritze<\/strong> kennen! Es ist die L\u00f6sung f\u00fcr Anf\u00e4nger und erfahrene Z\u00fcchter gleicherma\u00dfen, mit der Sie m\u00fchelos die kultigen Jack Frost Pilze z\u00fcchten k\u00f6nnen. Der Jack Frost Pilz ist eine Kreuzung aus dem True Albino Teacher und dem Albino Penis Envy. Dieser Hybrid ist f\u00fcr sein auff\u00e4lliges Aussehen und seine starke Wirkung bekannt. Diese fortschrittliche Spritze f\u00fcr Fl\u00fcssigkulturen bietet eine sterile und nahrhafte Umgebung, die das Wachstum des Myzels beschleunigt, so dass Sie schnell und einfach eine kr\u00e4ftige Ernte erzielen k\u00f6nnen. Kurz gesagt, das Jack Frost Mushroom Liquid Culture Spray macht den Anbau dieser magischen Pilze zu Hause f\u00fcr jedermann m\u00f6glich, und zwar mit unvergleichlicher Leichtigkeit und Pr\u00e4zision.<\/p>\n<h3>Vorteile der Verwendung von Jack Frost Liquid Culture Sprayer<\/h3>\n<ul>\n<li>Genetische Reinheit<\/li>\n<li>M\u00fchelose Impfung<\/li>\n<li>Beschleunigtes Wachstum<\/li>\n<li>Vielseitige Zucht<\/li>\n<\/ul>\n<h3>Welches Substrat ist f\u00fcr die Zucht des Jack Frost Pilzes geeignet?<\/h3>\n<p>F\u00fcr die Zucht von Jack-Frost-Pilzen k\u00f6nnen Sie mehrere Optionen f\u00fcr das Substrat in Betracht ziehen, aber eine beliebte und effektive Wahl ist eine Mischung aus Vermiculit und braunem Reismehl. Diese Mischung bietet eine ausgewogene Kombination aus N\u00e4hrstoffen, Feuchtigkeitsspeicherung und Bel\u00fcftung, was f\u00fcr die Entwicklung der Pilze von Vorteil ist. Vermiculite hilft, die Feuchtigkeit zu halten und sorgt f\u00fcr eine gute Drainage, w\u00e4hrend braunes Reismehl eine N\u00e4hrstoffquelle f\u00fcr die Pilze darstellt. Sie k\u00f6nnen die Substratmischung ganz einfach herstellen, indem Sie Vermiculit und braunes Reismehl zu gleichen Teilen mischen und dann anfeuchten, bis die richtige Feuchtigkeit erreicht ist. Nachdem das Substrat vorbereitet ist, k\u00f6nnen Sie die Paddosporen hinzuf\u00fcgen, um das Wachstum zu starten.<\/p>\n<h3><strong>Verwenden Sie<\/strong><\/h3>\n<p>Das Beimpfen Ihres Substrats war noch nie so einfach. Mit einer einfachen Injektion von Jack Frost Mushroom Liquid Culture k\u00f6nnen Sie beobachten, wie sich das Myzelnetzwerk vervielf\u00e4ltigt und Ihr Kultursubstrat in eine Leinwand verwandelt, auf der Pilze gedeihen k\u00f6nnen.<\/p>\n<ol>\n<li><strong>Sterilisieren<\/strong>: Sterilisieren Sie die Substratmischung, um alle sch\u00e4dlichen Bakterien und Pilze abzut\u00f6ten, die das Pilzwachstum behindern k\u00f6nnten. Dies kann durch Erhitzen der Substratmischung in einem Autoklaven oder durch Pasteurisieren mit Dampf geschehen.<\/li>\n<li><strong>Beimpfen des Substrats<\/strong>: Beginnen Sie mit der Vorbereitung des Substrats, z.B. Vermiculit und braunes Reismehl, wie zuvor beschrieben. Achten Sie darauf, dass das Substrat feucht, aber nicht nass ist. Dann nehmen Sie ein Sporenpr\u00e4parat oder ein Sporenspray mit Jack Frost Kr\u00f6tensporen.<\/li>\n<li><strong>Beimpfen<\/strong>: Sch\u00fctteln Sie das Sporenpr\u00e4parat oder die Spritzen mit den Pilzsporen gut, um sicherzustellen, dass die Sporen gleichm\u00e4\u00dfig verteilt sind. Verwenden Sie dann eine sterile Spritze, um die Sporen gleichm\u00e4\u00dfig \u00fcber das Substrat zu verteilen. Dazu k\u00f6nnen Sie kleine Mengen des Sporenpr\u00e4parats an verschiedenen Stellen des Substrats auftragen.<\/li>\n<li><strong>Inkubation<\/strong>: Nachdem das Substrat mit den Paddosporen beimpft wurde, ist es an der Zeit, das Substrat zu inkubieren. Stellen Sie das Substrat in einen dunklen und warmen Raum mit einer konstanten Temperatur zwischen 20-25\u00b0C. Dies f\u00f6rdert die Besiedlung des Substrats durch die Paddosporen.<\/li>\n<li><strong>Wachstum und Ernte<\/strong>: Nach einigen Wochen sollten die Pilzsporen beginnen, sich zu kolonisieren und zu Pilzen zu entwickeln. \u00dcberpr\u00fcfen Sie das Substrat regelm\u00e4\u00dfig auf Feuchtigkeit und Anzeichen von Verunreinigungen. Sobald die Pilze voll entwickelt sind, k\u00f6nnen sie zum Verzehr geerntet werden.<\/li>\n<\/ol>\n<h3>Inhalt<\/h3>\n<p>10 ml Jack Frost Fl\u00fcssigkultur Sporenspritze<\/p>\n<h3>Hinweise zur Lagerung<\/h3>\n<ul>\n<li>Verwenden Sie die Fl\u00fcssigkultur innerhalb von 2 Monaten.<\/li>\n<li>Lagern Sie es im K\u00fchlschrank oder an einem anderen k\u00fchlen, dunklen Ort.<\/li>\n<li>Vermeiden Sie die Einwirkung von UV-Licht.<\/li>\n<li>Au\u00dferhalb der Reichweite von Kindern.<\/li>\n<\/ul>\n","protected":false},"excerpt":{"rendered":"<p>Lernen Sie die Psilocybe Cubensis Jack Frost Liquid Culture Spritze kennen! Es ist die L\u00f6sung f\u00fcr Anf\u00e4nger und erfahrene Z\u00fcchter gleicherma\u00dfen, mit der Sie m\u00fchelos die kultigen Jack Frost Pilze z\u00fcchten k\u00f6nnen. Der Jack Frost Pilz ist eine Kreuzung aus dem True Albino Teacher und dem Albino Penis Envy. Dieser Hybrid ist f\u00fcr sein auff\u00e4lliges [&hellip;]<\/p>\n","protected":false},"featured_media":46284,"comment_status":"closed","ping_status":"closed","template":"","meta":[],"product_brand":[],"product_cat":[356],"product_tag":[],"class_list":{"0":"post-39100","1":"product","2":"type-product","3":"status-publish","4":"has-post-thumbnail","6":"product_cat-spritzen-fur-flussigkulturen","8":"first","9":"instock","10":"taxable","11":"shipping-taxable","12":"purchasable","13":"product-type-simple"},"yoast_head":"<!-- This site is optimized with the Yoast SEO Premium plugin v26.4 (Yoast SEO v27.4) - https:\/\/yoast.com\/product\/yoast-seo-premium-wordpress\/ -->\n<title>Jack Frost Fl\u00fcssigkultur-Spritze - Dutchmicrodosing<\/title>\n<meta name=\"description\" content=\"Mystic Fungi Jack Frost Liquid Culture Syringe: Einfache Kultivierung von Jack Frost Pilzen f\u00fcr Anf\u00e4nger und Experten. Jetzt hier erh\u00e4ltlich!\" \/>\n<meta name=\"robots\" content=\"index, follow, max-snippet:-1, max-image-preview:large, max-video-preview:-1\" \/>\n<link rel=\"canonical\" href=\"https:\/\/dutchmicrodosing.com\/de\/sporen-zauberpilze\/spritzen-fur-flussigkulturen\/jack-frost-flussigkultur-spray\/\" \/>\n<meta property=\"og:locale\" content=\"de_DE\" \/>\n<meta property=\"og:type\" content=\"article\" \/>\n<meta property=\"og:title\" content=\"Jack Frost Fl\u00fcssigkultur-Spritze\" \/>\n<meta property=\"og:description\" content=\"Lernen Sie die Psilocybe Cubensis Jack Frost Liquid Culture Spritze kennen! Es ist die L\u00f6sung f\u00fcr Anf\u00e4nger und erfahrene Z\u00fcchter gleicherma\u00dfen, mit der\" \/>\n<meta property=\"og:url\" content=\"https:\/\/dutchmicrodosing.com\/de\/sporen-zauberpilze\/spritzen-fur-flussigkulturen\/jack-frost-flussigkultur-spray\/\" \/>\n<meta property=\"og:site_name\" content=\"Dutchmicrodosing\" \/>\n<meta property=\"article:publisher\" content=\"https:\/\/www.facebook.com\/Dutchmicrodosingxp\/\" \/>\n<meta property=\"article:modified_time\" content=\"2025-08-25T10:07:41+00:00\" \/>\n<meta property=\"og:image\" content=\"https:\/\/dutchmicrodosing.com\/wp-content\/uploads\/2024\/04\/Philosophr-Liquid-culture-packaging-_2_.jpg\" \/>\n\t<meta property=\"og:image:width\" content=\"1512\" \/>\n\t<meta property=\"og:image:height\" content=\"1512\" \/>\n\t<meta property=\"og:image:type\" content=\"image\/jpeg\" \/>\n<meta name=\"twitter:card\" content=\"summary_large_image\" \/>\n<script type=\"application\/ld+json\" class=\"yoast-schema-graph\">{\"@context\":\"https:\\\/\\\/schema.org\",\"@graph\":[{\"@type\":\"WebPage\",\"@id\":\"https:\\\/\\\/dutchmicrodosing.com\\\/de\\\/sporen-zauberpilze\\\/spritzen-fur-flussigkulturen\\\/jack-frost-flussigkultur-spray\\\/\",\"url\":\"https:\\\/\\\/dutchmicrodosing.com\\\/de\\\/sporen-zauberpilze\\\/spritzen-fur-flussigkulturen\\\/jack-frost-flussigkultur-spray\\\/\",\"name\":\"Jack Frost Fl\u00fcssigkultur-Spritze - Dutchmicrodosing\",\"isPartOf\":{\"@id\":\"https:\\\/\\\/dutchmicrodosing.com\\\/de\\\/#website\"},\"primaryImageOfPage\":{\"@id\":\"https:\\\/\\\/dutchmicrodosing.com\\\/de\\\/sporen-zauberpilze\\\/spritzen-fur-flussigkulturen\\\/jack-frost-flussigkultur-spray\\\/#primaryimage\"},\"image\":{\"@id\":\"https:\\\/\\\/dutchmicrodosing.com\\\/de\\\/sporen-zauberpilze\\\/spritzen-fur-flussigkulturen\\\/jack-frost-flussigkultur-spray\\\/#primaryimage\"},\"thumbnailUrl\":\"https:\\\/\\\/dutchmicrodosing.com\\\/wp-content\\\/uploads\\\/2024\\\/04\\\/Philosophr-Liquid-culture-packaging-_2_.jpg\",\"datePublished\":\"2024-04-26T15:41:49+00:00\",\"dateModified\":\"2025-08-25T10:07:41+00:00\",\"description\":\"Mystic Fungi Jack Frost Liquid Culture Syringe: Einfache Kultivierung von Jack Frost Pilzen f\u00fcr Anf\u00e4nger und Experten. Jetzt hier erh\u00e4ltlich!\",\"breadcrumb\":{\"@id\":\"https:\\\/\\\/dutchmicrodosing.com\\\/de\\\/sporen-zauberpilze\\\/spritzen-fur-flussigkulturen\\\/jack-frost-flussigkultur-spray\\\/#breadcrumb\"},\"inLanguage\":\"de\",\"potentialAction\":[{\"@type\":\"ReadAction\",\"target\":[\"https:\\\/\\\/dutchmicrodosing.com\\\/de\\\/sporen-zauberpilze\\\/spritzen-fur-flussigkulturen\\\/jack-frost-flussigkultur-spray\\\/\"]}]},{\"@type\":\"ImageObject\",\"inLanguage\":\"de\",\"@id\":\"https:\\\/\\\/dutchmicrodosing.com\\\/de\\\/sporen-zauberpilze\\\/spritzen-fur-flussigkulturen\\\/jack-frost-flussigkultur-spray\\\/#primaryimage\",\"url\":\"https:\\\/\\\/dutchmicrodosing.com\\\/wp-content\\\/uploads\\\/2024\\\/04\\\/Philosophr-Liquid-culture-packaging-_2_.jpg\",\"contentUrl\":\"https:\\\/\\\/dutchmicrodosing.com\\\/wp-content\\\/uploads\\\/2024\\\/04\\\/Philosophr-Liquid-culture-packaging-_2_.jpg\",\"width\":1512,\"height\":1512},{\"@type\":\"BreadcrumbList\",\"@id\":\"https:\\\/\\\/dutchmicrodosing.com\\\/de\\\/sporen-zauberpilze\\\/spritzen-fur-flussigkulturen\\\/jack-frost-flussigkultur-spray\\\/#breadcrumb\",\"itemListElement\":[{\"@type\":\"ListItem\",\"position\":1,\"name\":\"Home\",\"item\":\"https:\\\/\\\/dutchmicrodosing.com\\\/de\\\/\"},{\"@type\":\"ListItem\",\"position\":2,\"name\":\"Shop\",\"item\":\"https:\\\/\\\/dutchmicrodosing.com\\\/de\\\/shop\\\/\"},{\"@type\":\"ListItem\",\"position\":3,\"name\":\"Jack Frost Fl\u00fcssigkultur-Spritze\"}]},{\"@type\":\"WebSite\",\"@id\":\"https:\\\/\\\/dutchmicrodosing.com\\\/de\\\/#website\",\"url\":\"https:\\\/\\\/dutchmicrodosing.com\\\/de\\\/\",\"name\":\"Dutchmicrodosing\",\"description\":\"\",\"publisher\":{\"@id\":\"https:\\\/\\\/dutchmicrodosing.com\\\/de\\\/#organization\"},\"potentialAction\":[{\"@type\":\"SearchAction\",\"target\":{\"@type\":\"EntryPoint\",\"urlTemplate\":\"https:\\\/\\\/dutchmicrodosing.com\\\/de\\\/?s={search_term_string}\"},\"query-input\":{\"@type\":\"PropertyValueSpecification\",\"valueRequired\":true,\"valueName\":\"search_term_string\"}}],\"inLanguage\":\"de\"},{\"@type\":\"Organization\",\"@id\":\"https:\\\/\\\/dutchmicrodosing.com\\\/de\\\/#organization\",\"name\":\"Dutchmicrodosing\",\"url\":\"https:\\\/\\\/dutchmicrodosing.com\\\/de\\\/\",\"logo\":{\"@type\":\"ImageObject\",\"inLanguage\":\"de\",\"@id\":\"https:\\\/\\\/dutchmicrodosing.com\\\/de\\\/#\\\/schema\\\/logo\\\/image\\\/\",\"url\":\"https:\\\/\\\/dutchmicrodosing.com\\\/wp-content\\\/uploads\\\/2021\\\/01\\\/microdosing-categorie-pic-nieuw.jpg\",\"contentUrl\":\"https:\\\/\\\/dutchmicrodosing.com\\\/wp-content\\\/uploads\\\/2021\\\/01\\\/microdosing-categorie-pic-nieuw.jpg\",\"width\":500,\"height\":500,\"caption\":\"Dutchmicrodosing\"},\"image\":{\"@id\":\"https:\\\/\\\/dutchmicrodosing.com\\\/de\\\/#\\\/schema\\\/logo\\\/image\\\/\"},\"sameAs\":[\"https:\\\/\\\/www.facebook.com\\\/Dutchmicrodosingxp\\\/\",\"https:\\\/\\\/www.instagram.com\\\/dutchmicrodosing\\\/\"]}]}<\/script>\n<meta property=\"product:price:amount\" content=\"18.95\" \/>\n<meta property=\"product:price:currency\" content=\"EUR\" \/>\n<meta property=\"og:availability\" content=\"instock\" \/>\n<meta property=\"product:availability\" content=\"instock\" \/>\n<meta property=\"product:retailer_item_id\" content=\"4204561\" \/>\n<meta property=\"product:condition\" content=\"new\" \/>\n<!-- \/ Yoast SEO Premium plugin. -->","yoast_head_json":{"title":"Jack Frost Fl\u00fcssigkultur-Spritze - Dutchmicrodosing","description":"Mystic Fungi Jack Frost Liquid Culture Syringe: Einfache Kultivierung von Jack Frost Pilzen f\u00fcr Anf\u00e4nger und Experten. Jetzt hier erh\u00e4ltlich!","robots":{"index":"index","follow":"follow","max-snippet":"max-snippet:-1","max-image-preview":"max-image-preview:large","max-video-preview":"max-video-preview:-1"},"canonical":"https:\/\/dutchmicrodosing.com\/de\/sporen-zauberpilze\/spritzen-fur-flussigkulturen\/jack-frost-flussigkultur-spray\/","og_locale":"de_DE","og_type":"article","og_title":"Jack Frost Fl\u00fcssigkultur-Spritze","og_description":"Lernen Sie die Psilocybe Cubensis Jack Frost Liquid Culture Spritze kennen! Es ist die L\u00f6sung f\u00fcr Anf\u00e4nger und erfahrene Z\u00fcchter gleicherma\u00dfen, mit der","og_url":"https:\/\/dutchmicrodosing.com\/de\/sporen-zauberpilze\/spritzen-fur-flussigkulturen\/jack-frost-flussigkultur-spray\/","og_site_name":"Dutchmicrodosing","article_publisher":"https:\/\/www.facebook.com\/Dutchmicrodosingxp\/","article_modified_time":"2025-08-25T10:07:41+00:00","og_image":[{"width":1512,"height":1512,"url":"https:\/\/dutchmicrodosing.com\/wp-content\/uploads\/2024\/04\/Philosophr-Liquid-culture-packaging-_2_.jpg","type":"image\/jpeg"}],"twitter_card":"summary_large_image","schema":{"@context":"https:\/\/schema.org","@graph":[{"@type":"WebPage","@id":"https:\/\/dutchmicrodosing.com\/de\/sporen-zauberpilze\/spritzen-fur-flussigkulturen\/jack-frost-flussigkultur-spray\/","url":"https:\/\/dutchmicrodosing.com\/de\/sporen-zauberpilze\/spritzen-fur-flussigkulturen\/jack-frost-flussigkultur-spray\/","name":"Jack Frost Fl\u00fcssigkultur-Spritze - Dutchmicrodosing","isPartOf":{"@id":"https:\/\/dutchmicrodosing.com\/de\/#website"},"primaryImageOfPage":{"@id":"https:\/\/dutchmicrodosing.com\/de\/sporen-zauberpilze\/spritzen-fur-flussigkulturen\/jack-frost-flussigkultur-spray\/#primaryimage"},"image":{"@id":"https:\/\/dutchmicrodosing.com\/de\/sporen-zauberpilze\/spritzen-fur-flussigkulturen\/jack-frost-flussigkultur-spray\/#primaryimage"},"thumbnailUrl":"https:\/\/dutchmicrodosing.com\/wp-content\/uploads\/2024\/04\/Philosophr-Liquid-culture-packaging-_2_.jpg","datePublished":"2024-04-26T15:41:49+00:00","dateModified":"2025-08-25T10:07:41+00:00","description":"Mystic Fungi Jack Frost Liquid Culture Syringe: Einfache Kultivierung von Jack Frost Pilzen f\u00fcr Anf\u00e4nger und Experten. Jetzt hier erh\u00e4ltlich!","breadcrumb":{"@id":"https:\/\/dutchmicrodosing.com\/de\/sporen-zauberpilze\/spritzen-fur-flussigkulturen\/jack-frost-flussigkultur-spray\/#breadcrumb"},"inLanguage":"de","potentialAction":[{"@type":"ReadAction","target":["https:\/\/dutchmicrodosing.com\/de\/sporen-zauberpilze\/spritzen-fur-flussigkulturen\/jack-frost-flussigkultur-spray\/"]}]},{"@type":"ImageObject","inLanguage":"de","@id":"https:\/\/dutchmicrodosing.com\/de\/sporen-zauberpilze\/spritzen-fur-flussigkulturen\/jack-frost-flussigkultur-spray\/#primaryimage","url":"https:\/\/dutchmicrodosing.com\/wp-content\/uploads\/2024\/04\/Philosophr-Liquid-culture-packaging-_2_.jpg","contentUrl":"https:\/\/dutchmicrodosing.com\/wp-content\/uploads\/2024\/04\/Philosophr-Liquid-culture-packaging-_2_.jpg","width":1512,"height":1512},{"@type":"BreadcrumbList","@id":"https:\/\/dutchmicrodosing.com\/de\/sporen-zauberpilze\/spritzen-fur-flussigkulturen\/jack-frost-flussigkultur-spray\/#breadcrumb","itemListElement":[{"@type":"ListItem","position":1,"name":"Home","item":"https:\/\/dutchmicrodosing.com\/de\/"},{"@type":"ListItem","position":2,"name":"Shop","item":"https:\/\/dutchmicrodosing.com\/de\/shop\/"},{"@type":"ListItem","position":3,"name":"Jack Frost Fl\u00fcssigkultur-Spritze"}]},{"@type":"WebSite","@id":"https:\/\/dutchmicrodosing.com\/de\/#website","url":"https:\/\/dutchmicrodosing.com\/de\/","name":"Dutchmicrodosing","description":"","publisher":{"@id":"https:\/\/dutchmicrodosing.com\/de\/#organization"},"potentialAction":[{"@type":"SearchAction","target":{"@type":"EntryPoint","urlTemplate":"https:\/\/dutchmicrodosing.com\/de\/?s={search_term_string}"},"query-input":{"@type":"PropertyValueSpecification","valueRequired":true,"valueName":"search_term_string"}}],"inLanguage":"de"},{"@type":"Organization","@id":"https:\/\/dutchmicrodosing.com\/de\/#organization","name":"Dutchmicrodosing","url":"https:\/\/dutchmicrodosing.com\/de\/","logo":{"@type":"ImageObject","inLanguage":"de","@id":"https:\/\/dutchmicrodosing.com\/de\/#\/schema\/logo\/image\/","url":"https:\/\/dutchmicrodosing.com\/wp-content\/uploads\/2021\/01\/microdosing-categorie-pic-nieuw.jpg","contentUrl":"https:\/\/dutchmicrodosing.com\/wp-content\/uploads\/2021\/01\/microdosing-categorie-pic-nieuw.jpg","width":500,"height":500,"caption":"Dutchmicrodosing"},"image":{"@id":"https:\/\/dutchmicrodosing.com\/de\/#\/schema\/logo\/image\/"},"sameAs":["https:\/\/www.facebook.com\/Dutchmicrodosingxp\/","https:\/\/www.instagram.com\/dutchmicrodosing\/"]}]},"product_price_amount":"18.95","product_price_currency":"EUR","og_availability":"instock","product_availability":"instock","product_retailer_item_id":"4204561","product_condition":"new"},"_links":{"self":[{"href":"https:\/\/dutchmicrodosing.com\/de\/wp-json\/wp\/v2\/product\/39100","targetHints":{"allow":["GET"]}}],"collection":[{"href":"https:\/\/dutchmicrodosing.com\/de\/wp-json\/wp\/v2\/product"}],"about":[{"href":"https:\/\/dutchmicrodosing.com\/de\/wp-json\/wp\/v2\/types\/product"}],"replies":[{"embeddable":true,"href":"https:\/\/dutchmicrodosing.com\/de\/wp-json\/wp\/v2\/comments?post=39100"}],"version-history":[{"count":0,"href":"https:\/\/dutchmicrodosing.com\/de\/wp-json\/wp\/v2\/product\/39100\/revisions"}],"wp:featuredmedia":[{"embeddable":true,"href":"https:\/\/dutchmicrodosing.com\/de\/wp-json\/wp\/v2\/media\/46284"}],"wp:attachment":[{"href":"https:\/\/dutchmicrodosing.com\/de\/wp-json\/wp\/v2\/media?parent=39100"}],"wp:term":[{"taxonomy":"product_brand","embeddable":true,"href":"https:\/\/dutchmicrodosing.com\/de\/wp-json\/wp\/v2\/product_brand?post=39100"},{"taxonomy":"product_cat","embeddable":true,"href":"https:\/\/dutchmicrodosing.com\/de\/wp-json\/wp\/v2\/product_cat?post=39100"},{"taxonomy":"product_tag","embeddable":true,"href":"https:\/\/dutchmicrodosing.com\/de\/wp-json\/wp\/v2\/product_tag?post=39100"}],"curies":[{"name":"wp","href":"https:\/\/api.w.org\/{rel}","templated":true}]}}