{"id":39118,"date":"2024-05-12T10:23:11","date_gmt":"2024-05-12T08:23:11","guid":{"rendered":"https:\/\/dutchmicrodosing.com\/shop\/unkategorisiert\/goldene-lehrer-spur-flasche\/"},"modified":"2025-08-31T09:02:26","modified_gmt":"2025-08-31T07:02:26","slug":"goldene-lehrer-spur-flasche","status":"publish","type":"product","link":"https:\/\/dutchmicrodosing.com\/de\/sporen-zauberpilze\/sporenampulle-zauberpilze\/goldene-lehrer-spur-flasche\/","title":{"rendered":"Golden Teacher Trace Flasche"},"content":{"rendered":"<p>Die<strong> Golden Teacher Trace Flasche <\/strong>ist bekannt f\u00fcr ihre Potenz und die tiefgreifenden Erfahrungen, die sie bieten kann. Diese Sorte wird oft f\u00fcr die erhellenden Einsichten und die starken visuellen Halluzinationen gesch\u00e4tzt, die sie hervorrufen kann. Mit seinem Ruf, &#8222;goldenes Wissen&#8220; weiterzugeben, ist er eine beliebte Wahl unter erfahrenen Psilocybin-Pilzkonsumenten.<\/p>\n<p>Zu den Wirkungen des Goldenen Lehrers geh\u00f6ren intensive visuelle Erlebnisse, erh\u00f6hte k\u00f6rperliche Energie und eine Tendenz zu philosophischem Denken, die zu tiefgreifender Selbstreflexion und Einsicht f\u00fchren kann. Das macht es zu einer geeigneten Wahl f\u00fcr diejenigen, die bereits Erfahrung mit Psychedelika haben und weiter erforschen wollen, was diese Substanzen zu bieten haben.<\/p>\n<h2>Auswirkungen von Mondo Golden Teacher Trace Flasche<\/h2>\n<p>Die Wirkungen von Golden Teacher Magic Mushrooms sind: starke visuelle Effekte, gesteigerte Kreativit\u00e4t, Lachkicks, Sch\u00e4rfung Ihrer Sinne. Nach der Einnahme treten die ersten Wirkungen etwa 45 Minuten sp\u00e4ter auf. Ein Trip mit Golden Teacher Magic Mushrooms kann leicht 4-8 Stunden dauern.<\/p>\n<h2>Informationen zur Kultivierung Mondo Golden Teacher Spore Flasche<\/h2>\n<ul>\n<li>Schwierigkeit der Kultivierung: Leicht<\/li>\n<li>Substrat: Dung, Stroh, verschiedene Getreidesorten<\/li>\n<li>Besiedelungszeit: 12-14 Tage<\/li>\n<li>Besiedlungstemperatur: 28-30 Grad Celsius<\/li>\n<li>Temperatur der Fr\u00fcchte: 23-26 Grad Celsius<\/li>\n<li>Es werden nur 3 Milliliter Sporenl\u00f6sung ben\u00f6tigt, um 1 Liter Substrat zu besiedeln<\/li>\n<\/ul>\n<h2>Wie viele Golden Teacher Shrooms sollten Sie einnehmen?<\/h2>\n<p>Im Durchschnitt k\u00f6nnen Sie von den folgenden Mengen ausgehen:<\/p>\n<ul>\n<li>Mikrodosierung: 0,2 Gramm getrocknete Champignons | 2 Gramm frische Champignons<\/li>\n<li>Milder Trip: 1 Gramm getrocknete Pilze | 10 Gramm frische Pilze<\/li>\n<li>Normale Reise: 2 Gramm getrocknete Pilze | 20 Gramm frische Pilze<\/li>\n<li>Intensive Reise: 3 Gramm getrocknete Pilze | 30 Gramm frische Pilze<\/li>\n<\/ul>\n<h2>Wie bereite ich meine Mondo Golden Teacher Trace Flasche vor?<\/h2>\n<p>Bevor Sie mit der Injektion Ihrer Sporen beginnen, sollten Sie zun\u00e4chst ein Substrat in einer Kulturschale oder einem Beutel anlegen, in das Sie die Sporen fallen lassen. Die sterilen Mondo Sporenfl\u00e4schchen sind sehr einfach zu verwenden.<\/p>\n<ol>\n<li>Ziehen Sie Handschuhe und einen Mundschutz an<\/li>\n<li>Sch\u00fctteln Sie das Sporengef\u00e4\u00df kr\u00e4ftig hin und her<\/li>\n<li>Packen Sie die Injektionsnadel aus und stecken Sie die Nadel durch die Gummimembran<\/li>\n<li>Ziehen Sie nun vorsichtig die Fl\u00fcssigkeit in die Spritze<\/li>\n<li>Anzuchtbeh\u00e4lter oder Anzuchtbeutel mit dem Substrat beif\u00fcgen<\/li>\n<li>Nachdem Sie die Spritze gef\u00fcllt haben, dr\u00fccken Sie langsam auf den Kolben und lassen jeden Tropfen verstreut auf das Substrat fallen. Die Stelle, an der der Tropfen auf das Substrat f\u00e4llt, ist ein potenzieller Wachstumsort f\u00fcr das Myzel. Wenn Sie diese Stelle teilen, optimieren Sie die Besiedlung.<\/li>\n<\/ol>\n<h2>Inhalt Ihrer Mondo Golden Teacher Trace Flasche<\/h2>\n<ul>\n<li>1 x Sporen-Fl\u00e4schchen enth\u00e4lt mehrere Millionen Sporen, die in 10 ml sterilem Wasser gel\u00f6st sind<\/li>\n<li>1 x 20 ml sterile Spritze<\/li>\n<li>2 x Alkoholtuch<\/li>\n<\/ul>\n<h2>Aufbewahrung Ihrer Mondo Golden Teacher Trace Flasche<\/h2>\n<p>Da es sich um ein empfindliches Produkt handelt, empfehlen wir, die Sporenflasche sofort nach Erhalt f\u00fcr 24 Stunden in den K\u00fchlschrank mit einer Temperatur zwischen 2 und 8 Grad zu stellen, bevor Sie sie verwenden.<\/p>\n","protected":false},"excerpt":{"rendered":"<p>Die Golden Teacher Trace Flasche ist bekannt f\u00fcr ihre Potenz und die tiefgreifenden Erfahrungen, die sie bieten kann. Diese Sorte wird oft f\u00fcr die erhellenden Einsichten und die starken visuellen Halluzinationen gesch\u00e4tzt, die sie hervorrufen kann. Mit seinem Ruf, &#8222;goldenes Wissen&#8220; weiterzugeben, ist er eine beliebte Wahl unter erfahrenen Psilocybin-Pilzkonsumenten. Zu den Wirkungen des Goldenen [&hellip;]<\/p>\n","protected":false},"featured_media":39113,"comment_status":"closed","ping_status":"closed","template":"","meta":[],"product_brand":[],"product_cat":[352],"product_tag":[],"class_list":{"0":"post-39118","1":"product","2":"type-product","3":"status-publish","4":"has-post-thumbnail","6":"product_cat-sporenampulle-zauberpilze","8":"first","9":"instock","10":"taxable","11":"shipping-taxable","12":"purchasable","13":"product-type-simple"},"yoast_head":"<!-- This site is optimized with the Yoast SEO Premium plugin v26.4 (Yoast SEO v27.2) - https:\/\/yoast.com\/product\/yoast-seo-premium-wordpress\/ -->\n<title>Golden Teacher Trace Flasche - Dutchmicrodosing<\/title>\n<meta name=\"description\" content=\"Entdecken Sie die Magie der Golden Teacher Mushrooms. Perfekt f\u00fcr Heimz\u00fcchter, die nach hochwertigen Psilocybin-Pilzsporen suchen!\" \/>\n<meta name=\"robots\" content=\"index, follow, max-snippet:-1, max-image-preview:large, max-video-preview:-1\" \/>\n<link rel=\"canonical\" href=\"https:\/\/dutchmicrodosing.com\/de\/sporen-zauberpilze\/sporenampulle-zauberpilze\/goldene-lehrer-spur-flasche\/\" \/>\n<meta property=\"og:locale\" content=\"de_DE\" \/>\n<meta property=\"og:type\" content=\"article\" \/>\n<meta property=\"og:title\" content=\"Golden Teacher Trace Flasche\" \/>\n<meta property=\"og:description\" content=\"Die Golden Teacher Trace Flasche ist bekannt f\u00fcr ihre Potenz und die tiefgreifenden Erfahrungen, die sie bieten kann. Diese Sorte wird oft f\u00fcr die\" \/>\n<meta property=\"og:url\" content=\"https:\/\/dutchmicrodosing.com\/de\/sporen-zauberpilze\/sporenampulle-zauberpilze\/goldene-lehrer-spur-flasche\/\" \/>\n<meta property=\"og:site_name\" content=\"Dutchmicrodosing\" \/>\n<meta property=\"article:publisher\" content=\"https:\/\/www.facebook.com\/Dutchmicrodosingxp\/\" \/>\n<meta property=\"article:modified_time\" content=\"2025-08-31T07:02:26+00:00\" \/>\n<meta property=\"og:image\" content=\"https:\/\/dutchmicrodosing.com\/wp-content\/uploads\/2024\/05\/sporemate-mondo-vial-psilocybe-cubensis-golden-teacher.jpg\" \/>\n\t<meta property=\"og:image:width\" content=\"600\" \/>\n\t<meta property=\"og:image:height\" content=\"600\" \/>\n\t<meta property=\"og:image:type\" content=\"image\/jpeg\" \/>\n<meta name=\"twitter:card\" content=\"summary_large_image\" \/>\n<script type=\"application\/ld+json\" class=\"yoast-schema-graph\">{\"@context\":\"https:\/\/schema.org\",\"@graph\":[{\"@type\":\"WebPage\",\"@id\":\"https:\/\/dutchmicrodosing.com\/de\/sporen-zauberpilze\/sporenampulle-zauberpilze\/goldene-lehrer-spur-flasche\/\",\"url\":\"https:\/\/dutchmicrodosing.com\/de\/sporen-zauberpilze\/sporenampulle-zauberpilze\/goldene-lehrer-spur-flasche\/\",\"name\":\"Golden Teacher Trace Flasche - Dutchmicrodosing\",\"isPartOf\":{\"@id\":\"https:\/\/dutchmicrodosing.com\/de\/#website\"},\"primaryImageOfPage\":{\"@id\":\"https:\/\/dutchmicrodosing.com\/de\/sporen-zauberpilze\/sporenampulle-zauberpilze\/goldene-lehrer-spur-flasche\/#primaryimage\"},\"image\":{\"@id\":\"https:\/\/dutchmicrodosing.com\/de\/sporen-zauberpilze\/sporenampulle-zauberpilze\/goldene-lehrer-spur-flasche\/#primaryimage\"},\"thumbnailUrl\":\"https:\/\/dutchmicrodosing.com\/wp-content\/uploads\/2024\/05\/sporemate-mondo-vial-psilocybe-cubensis-golden-teacher.jpg\",\"datePublished\":\"2024-05-12T08:23:11+00:00\",\"dateModified\":\"2025-08-31T07:02:26+00:00\",\"description\":\"Entdecken Sie die Magie der Golden Teacher Mushrooms. Perfekt f\u00fcr Heimz\u00fcchter, die nach hochwertigen Psilocybin-Pilzsporen suchen!\",\"breadcrumb\":{\"@id\":\"https:\/\/dutchmicrodosing.com\/de\/sporen-zauberpilze\/sporenampulle-zauberpilze\/goldene-lehrer-spur-flasche\/#breadcrumb\"},\"inLanguage\":\"de\",\"potentialAction\":[{\"@type\":\"ReadAction\",\"target\":[\"https:\/\/dutchmicrodosing.com\/de\/sporen-zauberpilze\/sporenampulle-zauberpilze\/goldene-lehrer-spur-flasche\/\"]}]},{\"@type\":\"ImageObject\",\"inLanguage\":\"de\",\"@id\":\"https:\/\/dutchmicrodosing.com\/de\/sporen-zauberpilze\/sporenampulle-zauberpilze\/goldene-lehrer-spur-flasche\/#primaryimage\",\"url\":\"https:\/\/dutchmicrodosing.com\/wp-content\/uploads\/2024\/05\/sporemate-mondo-vial-psilocybe-cubensis-golden-teacher.jpg\",\"contentUrl\":\"https:\/\/dutchmicrodosing.com\/wp-content\/uploads\/2024\/05\/sporemate-mondo-vial-psilocybe-cubensis-golden-teacher.jpg\",\"width\":600,\"height\":600},{\"@type\":\"BreadcrumbList\",\"@id\":\"https:\/\/dutchmicrodosing.com\/de\/sporen-zauberpilze\/sporenampulle-zauberpilze\/goldene-lehrer-spur-flasche\/#breadcrumb\",\"itemListElement\":[{\"@type\":\"ListItem\",\"position\":1,\"name\":\"Home\",\"item\":\"https:\/\/dutchmicrodosing.com\/de\/\"},{\"@type\":\"ListItem\",\"position\":2,\"name\":\"Shop\",\"item\":\"https:\/\/dutchmicrodosing.com\/de\/shop\/\"},{\"@type\":\"ListItem\",\"position\":3,\"name\":\"Golden Teacher Trace Flasche\"}]},{\"@type\":\"WebSite\",\"@id\":\"https:\/\/dutchmicrodosing.com\/de\/#website\",\"url\":\"https:\/\/dutchmicrodosing.com\/de\/\",\"name\":\"Dutchmicrodosing\",\"description\":\"\",\"publisher\":{\"@id\":\"https:\/\/dutchmicrodosing.com\/de\/#organization\"},\"potentialAction\":[{\"@type\":\"SearchAction\",\"target\":{\"@type\":\"EntryPoint\",\"urlTemplate\":\"https:\/\/dutchmicrodosing.com\/de\/?s={search_term_string}\"},\"query-input\":{\"@type\":\"PropertyValueSpecification\",\"valueRequired\":true,\"valueName\":\"search_term_string\"}}],\"inLanguage\":\"de\"},{\"@type\":\"Organization\",\"@id\":\"https:\/\/dutchmicrodosing.com\/de\/#organization\",\"name\":\"Dutchmicrodosing\",\"url\":\"https:\/\/dutchmicrodosing.com\/de\/\",\"logo\":{\"@type\":\"ImageObject\",\"inLanguage\":\"de\",\"@id\":\"https:\/\/dutchmicrodosing.com\/de\/#\/schema\/logo\/image\/\",\"url\":\"https:\/\/dutchmicrodosing.com\/wp-content\/uploads\/2021\/01\/microdosing-categorie-pic-nieuw.jpg\",\"contentUrl\":\"https:\/\/dutchmicrodosing.com\/wp-content\/uploads\/2021\/01\/microdosing-categorie-pic-nieuw.jpg\",\"width\":500,\"height\":500,\"caption\":\"Dutchmicrodosing\"},\"image\":{\"@id\":\"https:\/\/dutchmicrodosing.com\/de\/#\/schema\/logo\/image\/\"},\"sameAs\":[\"https:\/\/www.facebook.com\/Dutchmicrodosingxp\/\",\"https:\/\/www.instagram.com\/dutchmicrodosing\/\"]}]}<\/script>\n<meta property=\"product:price:amount\" content=\"17.95\" \/>\n<meta property=\"product:price:currency\" content=\"EUR\" \/>\n<meta property=\"og:availability\" content=\"instock\" \/>\n<meta property=\"product:availability\" content=\"instock\" \/>\n<meta property=\"product:retailer_item_id\" content=\"0212786\" \/>\n<meta property=\"product:condition\" content=\"new\" \/>\n<!-- \/ Yoast SEO Premium plugin. -->","yoast_head_json":{"title":"Golden Teacher Trace Flasche - Dutchmicrodosing","description":"Entdecken Sie die Magie der Golden Teacher Mushrooms. Perfekt f\u00fcr Heimz\u00fcchter, die nach hochwertigen Psilocybin-Pilzsporen suchen!","robots":{"index":"index","follow":"follow","max-snippet":"max-snippet:-1","max-image-preview":"max-image-preview:large","max-video-preview":"max-video-preview:-1"},"canonical":"https:\/\/dutchmicrodosing.com\/de\/sporen-zauberpilze\/sporenampulle-zauberpilze\/goldene-lehrer-spur-flasche\/","og_locale":"de_DE","og_type":"article","og_title":"Golden Teacher Trace Flasche","og_description":"Die Golden Teacher Trace Flasche ist bekannt f\u00fcr ihre Potenz und die tiefgreifenden Erfahrungen, die sie bieten kann. Diese Sorte wird oft f\u00fcr die","og_url":"https:\/\/dutchmicrodosing.com\/de\/sporen-zauberpilze\/sporenampulle-zauberpilze\/goldene-lehrer-spur-flasche\/","og_site_name":"Dutchmicrodosing","article_publisher":"https:\/\/www.facebook.com\/Dutchmicrodosingxp\/","article_modified_time":"2025-08-31T07:02:26+00:00","og_image":[{"width":600,"height":600,"url":"https:\/\/dutchmicrodosing.com\/wp-content\/uploads\/2024\/05\/sporemate-mondo-vial-psilocybe-cubensis-golden-teacher.jpg","type":"image\/jpeg"}],"twitter_card":"summary_large_image","schema":{"@context":"https:\/\/schema.org","@graph":[{"@type":"WebPage","@id":"https:\/\/dutchmicrodosing.com\/de\/sporen-zauberpilze\/sporenampulle-zauberpilze\/goldene-lehrer-spur-flasche\/","url":"https:\/\/dutchmicrodosing.com\/de\/sporen-zauberpilze\/sporenampulle-zauberpilze\/goldene-lehrer-spur-flasche\/","name":"Golden Teacher Trace Flasche - Dutchmicrodosing","isPartOf":{"@id":"https:\/\/dutchmicrodosing.com\/de\/#website"},"primaryImageOfPage":{"@id":"https:\/\/dutchmicrodosing.com\/de\/sporen-zauberpilze\/sporenampulle-zauberpilze\/goldene-lehrer-spur-flasche\/#primaryimage"},"image":{"@id":"https:\/\/dutchmicrodosing.com\/de\/sporen-zauberpilze\/sporenampulle-zauberpilze\/goldene-lehrer-spur-flasche\/#primaryimage"},"thumbnailUrl":"https:\/\/dutchmicrodosing.com\/wp-content\/uploads\/2024\/05\/sporemate-mondo-vial-psilocybe-cubensis-golden-teacher.jpg","datePublished":"2024-05-12T08:23:11+00:00","dateModified":"2025-08-31T07:02:26+00:00","description":"Entdecken Sie die Magie der Golden Teacher Mushrooms. Perfekt f\u00fcr Heimz\u00fcchter, die nach hochwertigen Psilocybin-Pilzsporen suchen!","breadcrumb":{"@id":"https:\/\/dutchmicrodosing.com\/de\/sporen-zauberpilze\/sporenampulle-zauberpilze\/goldene-lehrer-spur-flasche\/#breadcrumb"},"inLanguage":"de","potentialAction":[{"@type":"ReadAction","target":["https:\/\/dutchmicrodosing.com\/de\/sporen-zauberpilze\/sporenampulle-zauberpilze\/goldene-lehrer-spur-flasche\/"]}]},{"@type":"ImageObject","inLanguage":"de","@id":"https:\/\/dutchmicrodosing.com\/de\/sporen-zauberpilze\/sporenampulle-zauberpilze\/goldene-lehrer-spur-flasche\/#primaryimage","url":"https:\/\/dutchmicrodosing.com\/wp-content\/uploads\/2024\/05\/sporemate-mondo-vial-psilocybe-cubensis-golden-teacher.jpg","contentUrl":"https:\/\/dutchmicrodosing.com\/wp-content\/uploads\/2024\/05\/sporemate-mondo-vial-psilocybe-cubensis-golden-teacher.jpg","width":600,"height":600},{"@type":"BreadcrumbList","@id":"https:\/\/dutchmicrodosing.com\/de\/sporen-zauberpilze\/sporenampulle-zauberpilze\/goldene-lehrer-spur-flasche\/#breadcrumb","itemListElement":[{"@type":"ListItem","position":1,"name":"Home","item":"https:\/\/dutchmicrodosing.com\/de\/"},{"@type":"ListItem","position":2,"name":"Shop","item":"https:\/\/dutchmicrodosing.com\/de\/shop\/"},{"@type":"ListItem","position":3,"name":"Golden Teacher Trace Flasche"}]},{"@type":"WebSite","@id":"https:\/\/dutchmicrodosing.com\/de\/#website","url":"https:\/\/dutchmicrodosing.com\/de\/","name":"Dutchmicrodosing","description":"","publisher":{"@id":"https:\/\/dutchmicrodosing.com\/de\/#organization"},"potentialAction":[{"@type":"SearchAction","target":{"@type":"EntryPoint","urlTemplate":"https:\/\/dutchmicrodosing.com\/de\/?s={search_term_string}"},"query-input":{"@type":"PropertyValueSpecification","valueRequired":true,"valueName":"search_term_string"}}],"inLanguage":"de"},{"@type":"Organization","@id":"https:\/\/dutchmicrodosing.com\/de\/#organization","name":"Dutchmicrodosing","url":"https:\/\/dutchmicrodosing.com\/de\/","logo":{"@type":"ImageObject","inLanguage":"de","@id":"https:\/\/dutchmicrodosing.com\/de\/#\/schema\/logo\/image\/","url":"https:\/\/dutchmicrodosing.com\/wp-content\/uploads\/2021\/01\/microdosing-categorie-pic-nieuw.jpg","contentUrl":"https:\/\/dutchmicrodosing.com\/wp-content\/uploads\/2021\/01\/microdosing-categorie-pic-nieuw.jpg","width":500,"height":500,"caption":"Dutchmicrodosing"},"image":{"@id":"https:\/\/dutchmicrodosing.com\/de\/#\/schema\/logo\/image\/"},"sameAs":["https:\/\/www.facebook.com\/Dutchmicrodosingxp\/","https:\/\/www.instagram.com\/dutchmicrodosing\/"]}]},"product_price_amount":"17.95","product_price_currency":"EUR","og_availability":"instock","product_availability":"instock","product_retailer_item_id":"0212786","product_condition":"new"},"_links":{"self":[{"href":"https:\/\/dutchmicrodosing.com\/de\/wp-json\/wp\/v2\/product\/39118","targetHints":{"allow":["GET"]}}],"collection":[{"href":"https:\/\/dutchmicrodosing.com\/de\/wp-json\/wp\/v2\/product"}],"about":[{"href":"https:\/\/dutchmicrodosing.com\/de\/wp-json\/wp\/v2\/types\/product"}],"replies":[{"embeddable":true,"href":"https:\/\/dutchmicrodosing.com\/de\/wp-json\/wp\/v2\/comments?post=39118"}],"version-history":[{"count":0,"href":"https:\/\/dutchmicrodosing.com\/de\/wp-json\/wp\/v2\/product\/39118\/revisions"}],"wp:featuredmedia":[{"embeddable":true,"href":"https:\/\/dutchmicrodosing.com\/de\/wp-json\/wp\/v2\/media\/39113"}],"wp:attachment":[{"href":"https:\/\/dutchmicrodosing.com\/de\/wp-json\/wp\/v2\/media?parent=39118"}],"wp:term":[{"taxonomy":"product_brand","embeddable":true,"href":"https:\/\/dutchmicrodosing.com\/de\/wp-json\/wp\/v2\/product_brand?post=39118"},{"taxonomy":"product_cat","embeddable":true,"href":"https:\/\/dutchmicrodosing.com\/de\/wp-json\/wp\/v2\/product_cat?post=39118"},{"taxonomy":"product_tag","embeddable":true,"href":"https:\/\/dutchmicrodosing.com\/de\/wp-json\/wp\/v2\/product_tag?post=39118"}],"curies":[{"name":"wp","href":"https:\/\/api.w.org\/{rel}","templated":true}]}}