{"id":39130,"date":"2024-05-12T10:45:21","date_gmt":"2024-05-12T08:45:21","guid":{"rendered":"https:\/\/dutchmicrodosing.com\/shop\/unkategorisiert\/mondo-pes-amazonen-sporen-flasche\/"},"modified":"2025-08-25T07:56:10","modified_gmt":"2025-08-25T05:56:10","slug":"mondo-pes-amazonen-sporen-flasche","status":"publish","type":"product","link":"https:\/\/dutchmicrodosing.com\/de\/sporen-zauberpilze\/sporenampulle-zauberpilze\/mondo-pes-amazonen-sporen-flasche\/","title":{"rendered":"PES Amazonian Trace Flasche"},"content":{"rendered":"<p>Die <strong>PES Amazonian Spore Bottle<\/strong> wird oft als eine der fr\u00f6hlicheren und euphorischeren Sorten innerhalb der Psilocybe cubensis-Familie bezeichnet und hat ihren Ursprung im Amazonasgebiet, insbesondere in Brasilien und Kolumbien. Diese Art ist f\u00fcr ihre F\u00e4higkeit bekannt, unter den richtigen klimatischen Bedingungen gro\u00dfe Fruchtk\u00f6rper mit beeindruckenden L\u00e4ngen von 15 bis 30 cm zu produzieren.<\/p>\n<p>Der Konsum von PES-Pilzen aus dem Amazonasgebiet wird oft mit intensiven Gl\u00fcckserlebnissen und Ausgelassenheit in Verbindung gebracht, wobei die Konsumenten laut lachen und Objekte wahrnehmen, die seltsame Formen annehmen. Die erste Wirkung nach dem Konsum ist eine starke Euphorie, gefolgt von einem entspannten und angenehmen &#8218;High&#8216;. Diese Kombination aus Euphorie und Entspannung macht PES Amazonian zu einer beliebten Wahl sowohl f\u00fcr den Freizeitgebrauch als auch f\u00fcr therapeutische Zwecke, insbesondere f\u00fcr diejenigen, die eine positive und unbeschwerte psychedelische Erfahrung suchen.<\/p>\n<h2>Auswirkungen von Mondo PES Amazonian Trace Flasche<\/h2>\n<p>Die Wirkung der PES Amazonas-Pilze ist: mittelm\u00e4\u00dfig visuell, kreativ und stark philosophisch. Nach der Einnahme treten die ersten Wirkungen etwa 45 Minuten sp\u00e4ter auf. Ein Trip mit PES Amazonian Magic Mushrooms kann leicht 4-7 Stunden dauern.<\/p>\n<h2>Informationen zur Kultivierung Mondo PES Amazonian Spores Flasche<\/h2>\n<ul>\n<li>Schwierigkeit der Kultivierung: Leicht<\/li>\n<li>Substrat: Dung, Stroh, verschiedene Getreidesorten<\/li>\n<li>Besiedelungszeit: 10-12 Tage<\/li>\n<li>Besiedlungstemperatur: 28-30 Grad Celsius<\/li>\n<li>Temperatur der Fr\u00fcchte: 23-27 Grad Celsius<\/li>\n<li>3 ml der L\u00f6sung reichen aus, um 1 Liter Substrat zu beimpfen<\/li>\n<\/ul>\n<h2>Wie viele PES Amazonian Mushrooms sollten Sie einnehmen?<\/h2>\n<p>Im Durchschnitt k\u00f6nnen Sie von den folgenden Mengen ausgehen:<\/p>\n<ul>\n<li>Mikrodosierung: 0,2 Gramm getrocknete Champignons | 2 Gramm frische Champignons<\/li>\n<li>Milder Trip: 1 Gramm getrocknete Pilze | 10 Gramm frische Pilze<\/li>\n<li>Normale Reise: 2 Gramm getrocknete Pilze | 20 Gramm frische Pilze<\/li>\n<li>Intensive Reise: 3,5 Gramm getrocknete Pilze | 35 Gramm frische Pilze<\/li>\n<\/ul>\n<h2>Wie bereite ich meine Mondo PES Amazonian Trace Flasche vor?<\/h2>\n<p>Bevor Sie mit der Injektion der Sporen beginnen, sollten Sie zun\u00e4chst ein Substrat in einer Kulturschale oder einem Kulturbeutel vorbereiten, in das Sie die Sporen einbringen werden. Die sterilen Mondo Sporenfl\u00e4schchen sind sehr einfach zu verwenden.<\/p>\n<ol>\n<li>Ziehen Sie Handschuhe und einen Mundschutz an<\/li>\n<li>Sch\u00fctteln Sie das Sporengef\u00e4\u00df kr\u00e4ftig hin und her<\/li>\n<li>Packen Sie die Injektionsnadel aus und stecken Sie die Nadel durch die Gummimembran<\/li>\n<li>Ziehen Sie nun vorsichtig die Fl\u00fcssigkeit in die Spritze<\/li>\n<li>Anzuchtbeh\u00e4lter oder Anzuchtbeutel mit dem Substrat beif\u00fcgen<\/li>\n<li>Nachdem Sie die Spritze gef\u00fcllt haben, dr\u00fccken Sie langsam auf den Kolben und lassen jeden Tropfen verstreut auf das Substrat fallen. Die Stelle, an der der Tropfen auf das Substrat f\u00e4llt, ist ein potenzieller Wachstumsort f\u00fcr das Myzel. Wenn Sie diese Stelle teilen, optimieren Sie die Besiedlung.<\/li>\n<\/ol>\n<h2>Inhalt Ihrer Mondo PES Amazonian Trace Flasche<\/h2>\n<ul>\n<li>1 x Sporenflasche enth\u00e4lt mehrere Millionen Sporen, die in 10 ml sterilem Wasser gel\u00f6st sind<\/li>\n<li>1 x 20 ml sterile Spritze<\/li>\n<li>2 x Alkoholtuch<\/li>\n<\/ul>\n<h2>Aufbewahrung Ihrer Mondo PES Amazonian Trace Flasche<\/h2>\n<p>Da es sich um ein empfindliches Produkt handelt, empfehlen wir, die Sporenflasche sofort nach Erhalt f\u00fcr 24 Stunden in den K\u00fchlschrank mit einer Temperatur zwischen 2 und 8 Grad zu stellen, bevor Sie sie verwenden.<\/p>\n","protected":false},"excerpt":{"rendered":"<p>Die PES Amazonian Spore Bottle wird oft als eine der fr\u00f6hlicheren und euphorischeren Sorten innerhalb der Psilocybe cubensis-Familie bezeichnet und hat ihren Ursprung im Amazonasgebiet, insbesondere in Brasilien und Kolumbien. Diese Art ist f\u00fcr ihre F\u00e4higkeit bekannt, unter den richtigen klimatischen Bedingungen gro\u00dfe Fruchtk\u00f6rper mit beeindruckenden L\u00e4ngen von 15 bis 30 cm zu produzieren. Der [&hellip;]<\/p>\n","protected":false},"featured_media":39113,"comment_status":"closed","ping_status":"closed","template":"","meta":[],"product_brand":[],"product_cat":[352],"product_tag":[],"class_list":{"0":"post-39130","1":"product","2":"type-product","3":"status-publish","4":"has-post-thumbnail","6":"product_cat-sporenampulle-zauberpilze","8":"first","9":"instock","10":"taxable","11":"shipping-taxable","12":"purchasable","13":"product-type-simple"},"yoast_head":"<!-- This site is optimized with the Yoast SEO Premium plugin v26.4 (Yoast SEO v27.2) - https:\/\/yoast.com\/product\/yoast-seo-premium-wordpress\/ -->\n<title>PES Amazonian Trace Flasche - Dutchmicrodosing<\/title>\n<meta name=\"description\" content=\"Hochwertige Sporen f\u00fcr die Z\u00fcchtung potenter und robuster Pilze. Perfekt f\u00fcr Anf\u00e4nger und erfahrene Z\u00fcchter, die nach Ergebnissen suchen!\" \/>\n<meta name=\"robots\" content=\"index, follow, max-snippet:-1, max-image-preview:large, max-video-preview:-1\" \/>\n<link rel=\"canonical\" href=\"https:\/\/dutchmicrodosing.com\/de\/sporen-zauberpilze\/sporenampulle-zauberpilze\/mondo-pes-amazonen-sporen-flasche\/\" \/>\n<meta property=\"og:locale\" content=\"de_DE\" \/>\n<meta property=\"og:type\" content=\"article\" \/>\n<meta property=\"og:title\" content=\"PES Amazonian Trace Flasche\" \/>\n<meta property=\"og:description\" content=\"Die PES Amazonian Spore Bottle wird oft als eine der fr\u00f6hlicheren und euphorischeren Sorten innerhalb der Psilocybe cubensis-Familie bezeichnet und hat\" \/>\n<meta property=\"og:url\" content=\"https:\/\/dutchmicrodosing.com\/de\/sporen-zauberpilze\/sporenampulle-zauberpilze\/mondo-pes-amazonen-sporen-flasche\/\" \/>\n<meta property=\"og:site_name\" content=\"Dutchmicrodosing\" \/>\n<meta property=\"article:publisher\" content=\"https:\/\/www.facebook.com\/Dutchmicrodosingxp\/\" \/>\n<meta property=\"article:modified_time\" content=\"2025-08-25T05:56:10+00:00\" \/>\n<meta property=\"og:image\" content=\"https:\/\/dutchmicrodosing.com\/wp-content\/uploads\/2024\/05\/sporemate-mondo-vial-psilocybe-cubensis-golden-teacher.jpg\" \/>\n\t<meta property=\"og:image:width\" content=\"600\" \/>\n\t<meta property=\"og:image:height\" content=\"600\" \/>\n\t<meta property=\"og:image:type\" content=\"image\/jpeg\" \/>\n<meta name=\"twitter:card\" content=\"summary_large_image\" \/>\n<script type=\"application\/ld+json\" class=\"yoast-schema-graph\">{\"@context\":\"https:\/\/schema.org\",\"@graph\":[{\"@type\":\"WebPage\",\"@id\":\"https:\/\/dutchmicrodosing.com\/de\/sporen-zauberpilze\/sporenampulle-zauberpilze\/mondo-pes-amazonen-sporen-flasche\/\",\"url\":\"https:\/\/dutchmicrodosing.com\/de\/sporen-zauberpilze\/sporenampulle-zauberpilze\/mondo-pes-amazonen-sporen-flasche\/\",\"name\":\"PES Amazonian Trace Flasche - Dutchmicrodosing\",\"isPartOf\":{\"@id\":\"https:\/\/dutchmicrodosing.com\/de\/#website\"},\"primaryImageOfPage\":{\"@id\":\"https:\/\/dutchmicrodosing.com\/de\/sporen-zauberpilze\/sporenampulle-zauberpilze\/mondo-pes-amazonen-sporen-flasche\/#primaryimage\"},\"image\":{\"@id\":\"https:\/\/dutchmicrodosing.com\/de\/sporen-zauberpilze\/sporenampulle-zauberpilze\/mondo-pes-amazonen-sporen-flasche\/#primaryimage\"},\"thumbnailUrl\":\"https:\/\/dutchmicrodosing.com\/wp-content\/uploads\/2024\/05\/sporemate-mondo-vial-psilocybe-cubensis-golden-teacher.jpg\",\"datePublished\":\"2024-05-12T08:45:21+00:00\",\"dateModified\":\"2025-08-25T05:56:10+00:00\",\"description\":\"Hochwertige Sporen f\u00fcr die Z\u00fcchtung potenter und robuster Pilze. Perfekt f\u00fcr Anf\u00e4nger und erfahrene Z\u00fcchter, die nach Ergebnissen suchen!\",\"breadcrumb\":{\"@id\":\"https:\/\/dutchmicrodosing.com\/de\/sporen-zauberpilze\/sporenampulle-zauberpilze\/mondo-pes-amazonen-sporen-flasche\/#breadcrumb\"},\"inLanguage\":\"de\",\"potentialAction\":[{\"@type\":\"ReadAction\",\"target\":[\"https:\/\/dutchmicrodosing.com\/de\/sporen-zauberpilze\/sporenampulle-zauberpilze\/mondo-pes-amazonen-sporen-flasche\/\"]}]},{\"@type\":\"ImageObject\",\"inLanguage\":\"de\",\"@id\":\"https:\/\/dutchmicrodosing.com\/de\/sporen-zauberpilze\/sporenampulle-zauberpilze\/mondo-pes-amazonen-sporen-flasche\/#primaryimage\",\"url\":\"https:\/\/dutchmicrodosing.com\/wp-content\/uploads\/2024\/05\/sporemate-mondo-vial-psilocybe-cubensis-golden-teacher.jpg\",\"contentUrl\":\"https:\/\/dutchmicrodosing.com\/wp-content\/uploads\/2024\/05\/sporemate-mondo-vial-psilocybe-cubensis-golden-teacher.jpg\",\"width\":600,\"height\":600},{\"@type\":\"BreadcrumbList\",\"@id\":\"https:\/\/dutchmicrodosing.com\/de\/sporen-zauberpilze\/sporenampulle-zauberpilze\/mondo-pes-amazonen-sporen-flasche\/#breadcrumb\",\"itemListElement\":[{\"@type\":\"ListItem\",\"position\":1,\"name\":\"Home\",\"item\":\"https:\/\/dutchmicrodosing.com\/de\/\"},{\"@type\":\"ListItem\",\"position\":2,\"name\":\"Shop\",\"item\":\"https:\/\/dutchmicrodosing.com\/de\/shop\/\"},{\"@type\":\"ListItem\",\"position\":3,\"name\":\"PES Amazonian Trace Flasche\"}]},{\"@type\":\"WebSite\",\"@id\":\"https:\/\/dutchmicrodosing.com\/de\/#website\",\"url\":\"https:\/\/dutchmicrodosing.com\/de\/\",\"name\":\"Dutchmicrodosing\",\"description\":\"\",\"publisher\":{\"@id\":\"https:\/\/dutchmicrodosing.com\/de\/#organization\"},\"potentialAction\":[{\"@type\":\"SearchAction\",\"target\":{\"@type\":\"EntryPoint\",\"urlTemplate\":\"https:\/\/dutchmicrodosing.com\/de\/?s={search_term_string}\"},\"query-input\":{\"@type\":\"PropertyValueSpecification\",\"valueRequired\":true,\"valueName\":\"search_term_string\"}}],\"inLanguage\":\"de\"},{\"@type\":\"Organization\",\"@id\":\"https:\/\/dutchmicrodosing.com\/de\/#organization\",\"name\":\"Dutchmicrodosing\",\"url\":\"https:\/\/dutchmicrodosing.com\/de\/\",\"logo\":{\"@type\":\"ImageObject\",\"inLanguage\":\"de\",\"@id\":\"https:\/\/dutchmicrodosing.com\/de\/#\/schema\/logo\/image\/\",\"url\":\"https:\/\/dutchmicrodosing.com\/wp-content\/uploads\/2021\/01\/microdosing-categorie-pic-nieuw.jpg\",\"contentUrl\":\"https:\/\/dutchmicrodosing.com\/wp-content\/uploads\/2021\/01\/microdosing-categorie-pic-nieuw.jpg\",\"width\":500,\"height\":500,\"caption\":\"Dutchmicrodosing\"},\"image\":{\"@id\":\"https:\/\/dutchmicrodosing.com\/de\/#\/schema\/logo\/image\/\"},\"sameAs\":[\"https:\/\/www.facebook.com\/Dutchmicrodosingxp\/\",\"https:\/\/www.instagram.com\/dutchmicrodosing\/\"]}]}<\/script>\n<meta property=\"product:price:amount\" content=\"17.95\" \/>\n<meta property=\"product:price:currency\" content=\"EUR\" \/>\n<meta property=\"og:availability\" content=\"instock\" \/>\n<meta property=\"product:availability\" content=\"instock\" \/>\n<meta property=\"product:retailer_item_id\" content=\"0212218\" \/>\n<meta property=\"product:condition\" content=\"new\" \/>\n<!-- \/ Yoast SEO Premium plugin. -->","yoast_head_json":{"title":"PES Amazonian Trace Flasche - Dutchmicrodosing","description":"Hochwertige Sporen f\u00fcr die Z\u00fcchtung potenter und robuster Pilze. Perfekt f\u00fcr Anf\u00e4nger und erfahrene Z\u00fcchter, die nach Ergebnissen suchen!","robots":{"index":"index","follow":"follow","max-snippet":"max-snippet:-1","max-image-preview":"max-image-preview:large","max-video-preview":"max-video-preview:-1"},"canonical":"https:\/\/dutchmicrodosing.com\/de\/sporen-zauberpilze\/sporenampulle-zauberpilze\/mondo-pes-amazonen-sporen-flasche\/","og_locale":"de_DE","og_type":"article","og_title":"PES Amazonian Trace Flasche","og_description":"Die PES Amazonian Spore Bottle wird oft als eine der fr\u00f6hlicheren und euphorischeren Sorten innerhalb der Psilocybe cubensis-Familie bezeichnet und hat","og_url":"https:\/\/dutchmicrodosing.com\/de\/sporen-zauberpilze\/sporenampulle-zauberpilze\/mondo-pes-amazonen-sporen-flasche\/","og_site_name":"Dutchmicrodosing","article_publisher":"https:\/\/www.facebook.com\/Dutchmicrodosingxp\/","article_modified_time":"2025-08-25T05:56:10+00:00","og_image":[{"width":600,"height":600,"url":"https:\/\/dutchmicrodosing.com\/wp-content\/uploads\/2024\/05\/sporemate-mondo-vial-psilocybe-cubensis-golden-teacher.jpg","type":"image\/jpeg"}],"twitter_card":"summary_large_image","schema":{"@context":"https:\/\/schema.org","@graph":[{"@type":"WebPage","@id":"https:\/\/dutchmicrodosing.com\/de\/sporen-zauberpilze\/sporenampulle-zauberpilze\/mondo-pes-amazonen-sporen-flasche\/","url":"https:\/\/dutchmicrodosing.com\/de\/sporen-zauberpilze\/sporenampulle-zauberpilze\/mondo-pes-amazonen-sporen-flasche\/","name":"PES Amazonian Trace Flasche - Dutchmicrodosing","isPartOf":{"@id":"https:\/\/dutchmicrodosing.com\/de\/#website"},"primaryImageOfPage":{"@id":"https:\/\/dutchmicrodosing.com\/de\/sporen-zauberpilze\/sporenampulle-zauberpilze\/mondo-pes-amazonen-sporen-flasche\/#primaryimage"},"image":{"@id":"https:\/\/dutchmicrodosing.com\/de\/sporen-zauberpilze\/sporenampulle-zauberpilze\/mondo-pes-amazonen-sporen-flasche\/#primaryimage"},"thumbnailUrl":"https:\/\/dutchmicrodosing.com\/wp-content\/uploads\/2024\/05\/sporemate-mondo-vial-psilocybe-cubensis-golden-teacher.jpg","datePublished":"2024-05-12T08:45:21+00:00","dateModified":"2025-08-25T05:56:10+00:00","description":"Hochwertige Sporen f\u00fcr die Z\u00fcchtung potenter und robuster Pilze. Perfekt f\u00fcr Anf\u00e4nger und erfahrene Z\u00fcchter, die nach Ergebnissen suchen!","breadcrumb":{"@id":"https:\/\/dutchmicrodosing.com\/de\/sporen-zauberpilze\/sporenampulle-zauberpilze\/mondo-pes-amazonen-sporen-flasche\/#breadcrumb"},"inLanguage":"de","potentialAction":[{"@type":"ReadAction","target":["https:\/\/dutchmicrodosing.com\/de\/sporen-zauberpilze\/sporenampulle-zauberpilze\/mondo-pes-amazonen-sporen-flasche\/"]}]},{"@type":"ImageObject","inLanguage":"de","@id":"https:\/\/dutchmicrodosing.com\/de\/sporen-zauberpilze\/sporenampulle-zauberpilze\/mondo-pes-amazonen-sporen-flasche\/#primaryimage","url":"https:\/\/dutchmicrodosing.com\/wp-content\/uploads\/2024\/05\/sporemate-mondo-vial-psilocybe-cubensis-golden-teacher.jpg","contentUrl":"https:\/\/dutchmicrodosing.com\/wp-content\/uploads\/2024\/05\/sporemate-mondo-vial-psilocybe-cubensis-golden-teacher.jpg","width":600,"height":600},{"@type":"BreadcrumbList","@id":"https:\/\/dutchmicrodosing.com\/de\/sporen-zauberpilze\/sporenampulle-zauberpilze\/mondo-pes-amazonen-sporen-flasche\/#breadcrumb","itemListElement":[{"@type":"ListItem","position":1,"name":"Home","item":"https:\/\/dutchmicrodosing.com\/de\/"},{"@type":"ListItem","position":2,"name":"Shop","item":"https:\/\/dutchmicrodosing.com\/de\/shop\/"},{"@type":"ListItem","position":3,"name":"PES Amazonian Trace Flasche"}]},{"@type":"WebSite","@id":"https:\/\/dutchmicrodosing.com\/de\/#website","url":"https:\/\/dutchmicrodosing.com\/de\/","name":"Dutchmicrodosing","description":"","publisher":{"@id":"https:\/\/dutchmicrodosing.com\/de\/#organization"},"potentialAction":[{"@type":"SearchAction","target":{"@type":"EntryPoint","urlTemplate":"https:\/\/dutchmicrodosing.com\/de\/?s={search_term_string}"},"query-input":{"@type":"PropertyValueSpecification","valueRequired":true,"valueName":"search_term_string"}}],"inLanguage":"de"},{"@type":"Organization","@id":"https:\/\/dutchmicrodosing.com\/de\/#organization","name":"Dutchmicrodosing","url":"https:\/\/dutchmicrodosing.com\/de\/","logo":{"@type":"ImageObject","inLanguage":"de","@id":"https:\/\/dutchmicrodosing.com\/de\/#\/schema\/logo\/image\/","url":"https:\/\/dutchmicrodosing.com\/wp-content\/uploads\/2021\/01\/microdosing-categorie-pic-nieuw.jpg","contentUrl":"https:\/\/dutchmicrodosing.com\/wp-content\/uploads\/2021\/01\/microdosing-categorie-pic-nieuw.jpg","width":500,"height":500,"caption":"Dutchmicrodosing"},"image":{"@id":"https:\/\/dutchmicrodosing.com\/de\/#\/schema\/logo\/image\/"},"sameAs":["https:\/\/www.facebook.com\/Dutchmicrodosingxp\/","https:\/\/www.instagram.com\/dutchmicrodosing\/"]}]},"product_price_amount":"17.95","product_price_currency":"EUR","og_availability":"instock","product_availability":"instock","product_retailer_item_id":"0212218","product_condition":"new"},"_links":{"self":[{"href":"https:\/\/dutchmicrodosing.com\/de\/wp-json\/wp\/v2\/product\/39130","targetHints":{"allow":["GET"]}}],"collection":[{"href":"https:\/\/dutchmicrodosing.com\/de\/wp-json\/wp\/v2\/product"}],"about":[{"href":"https:\/\/dutchmicrodosing.com\/de\/wp-json\/wp\/v2\/types\/product"}],"replies":[{"embeddable":true,"href":"https:\/\/dutchmicrodosing.com\/de\/wp-json\/wp\/v2\/comments?post=39130"}],"version-history":[{"count":0,"href":"https:\/\/dutchmicrodosing.com\/de\/wp-json\/wp\/v2\/product\/39130\/revisions"}],"wp:featuredmedia":[{"embeddable":true,"href":"https:\/\/dutchmicrodosing.com\/de\/wp-json\/wp\/v2\/media\/39113"}],"wp:attachment":[{"href":"https:\/\/dutchmicrodosing.com\/de\/wp-json\/wp\/v2\/media?parent=39130"}],"wp:term":[{"taxonomy":"product_brand","embeddable":true,"href":"https:\/\/dutchmicrodosing.com\/de\/wp-json\/wp\/v2\/product_brand?post=39130"},{"taxonomy":"product_cat","embeddable":true,"href":"https:\/\/dutchmicrodosing.com\/de\/wp-json\/wp\/v2\/product_cat?post=39130"},{"taxonomy":"product_tag","embeddable":true,"href":"https:\/\/dutchmicrodosing.com\/de\/wp-json\/wp\/v2\/product_tag?post=39130"}],"curies":[{"name":"wp","href":"https:\/\/api.w.org\/{rel}","templated":true}]}}