{"id":39136,"date":"2024-05-12T10:39:00","date_gmt":"2024-05-12T08:39:00","guid":{"rendered":"https:\/\/dutchmicrodosing.com\/shop\/unkategorisiert\/albino-sporen-flasche\/"},"modified":"2025-10-06T18:58:55","modified_gmt":"2025-10-06T16:58:55","slug":"albino-sporen-flasche","status":"publish","type":"product","link":"https:\/\/dutchmicrodosing.com\/de\/sporen-zauberpilze\/sporenampulle-zauberpilze\/albino-sporen-flasche\/","title":{"rendered":"Albino A+ Sporen Flasche"},"content":{"rendered":"<p>Die Pilze aus der <strong>Albino A+ Sporenflasche <\/strong>sind eine faszinierende Sorte innerhalb der Psilocybe cubensis Familie. Dieser Stamm hat ein auffallend wei\u00dfes Aussehen, aber es ist wichtig zu verstehen, dass diese Farbe nicht das Ergebnis von Albinismus, sondern von Leuzismus ist. Leuzismus ist eine genetische Mutation, bei der die Haut die Pigmentierung verliert, aber im Gegensatz zum Albinismus werden die Augen nicht rot. Bei dieser Pilzart bedeutet dies, dass sie wei\u00df werden, ohne die typischen Pigmentver\u00e4nderungen in den Augen, die man bei Albinismus sehen w\u00fcrde.<\/p>\n<p>Die wei\u00dfe Farbe der Albino A+ Pilze kommt am besten zur Geltung, wenn sie unter dunklen Bedingungen wachsen, was ihr einzigartiges und geisterhaftes Aussehen noch verst\u00e4rkt. Da diese Pilze aus einem subtropischen Klima stammen, ben\u00f6tigen sie w\u00e4rmere Bedingungen als einige andere Psilocybe cubensis-Sorten. Die optimale Besiedlungstemperatur f\u00fcr die Kultivierung von Albino A+ liegt zwischen 28 und 30 Grad Celsius, was f\u00fcr diese Art \u00fcberdurchschnittlich hoch ist.<\/p>\n<p>Dank ihrer potenten Natur und starken Wirkung sind Albino A+ Pilze bei erfahrenen Psilocybin-Konsumenten sehr beliebt. Sie bieten starke visuelle Halluzinationen und tiefe introspektive Erfahrungen, was sie zu einer beliebten Wahl f\u00fcr Psychonauten macht, die eine intensive psychedelische Erfahrung suchen.<\/p>\n<h2>Auswirkungen von Mondo Albino A+ Trace bottle<\/h2>\n<p>Die Wirkung der Albino A+ Pilze ist: stark visuell, kreativ und philosophisch. Nach der Einnahme treten die ersten Wirkungen etwa 45 Minuten sp\u00e4ter auf. Ein Trip mit Albino A+ Magic Mushrooms kann leicht 4-7 Stunden dauern.<\/p>\n<h2>Zuchtinformationen Mondo Albino A+ Sporenflasche<\/h2>\n<ul>\n<li>Schwierigkeit der Kultivierung: Leicht<\/li>\n<li>Substrat: Dung, Stroh, verschiedene Getreidesorten<\/li>\n<li>Besiedelungszeit: 8-10 Tage<\/li>\n<li>Besiedlungstemperatur: 28-30 Grad Celsius<\/li>\n<li>Temperatur der Fr\u00fcchte: 23-26 Grad Celsius<\/li>\n<\/ul>\n<h2>Wie viele Albino A+ Pilze sollten Sie einnehmen?<\/h2>\n<p>Im Durchschnitt k\u00f6nnen Sie von den folgenden Mengen ausgehen:<\/p>\n<ul>\n<li>Mikrodosierung: 0,2 Gramm getrocknete Champignons | 2 Gramm frische Champignons<\/li>\n<li>Milder Trip: 1 Gramm getrocknete Pilze | 10 Gramm frische Pilze<\/li>\n<li>Normale Reise: 2 Gramm getrocknete Pilze | 20 Gramm frische Pilze<\/li>\n<li>Intensive Reise: 3 Gramm getrocknete Pilze | 30 Gramm frische Pilze<\/li>\n<\/ul>\n<h2>Wie bereite ich meine Mondo Albino A+ Sporenflasche vor?<\/h2>\n<p>Bevor Sie mit der Injektion der Sporen beginnen, sollten Sie zun\u00e4chst ein Substrat in einer Kulturschale oder einem Kulturbeutel vorbereiten, in das Sie die Sporen einbringen werden. Die sterilen Mondo Sporenfl\u00e4schchen sind sehr einfach zu verwenden.<\/p>\n<ol>\n<li>Ziehen Sie Handschuhe und einen Mundschutz an<\/li>\n<li>Sch\u00fctteln Sie das Sporengef\u00e4\u00df kr\u00e4ftig hin und her<\/li>\n<li>Packen Sie die Injektionsnadel aus und stecken Sie die Nadel durch die Gummimembran<\/li>\n<li>Ziehen Sie nun vorsichtig die Fl\u00fcssigkeit in die Spritze<\/li>\n<li>Anzuchtbeh\u00e4lter oder Anzuchtbeutel mit dem Substrat beif\u00fcgen<\/li>\n<li>Nachdem Sie die Spritze gef\u00fcllt haben, dr\u00fccken Sie langsam auf den Kolben und lassen jeden Tropfen verstreut auf das Substrat fallen. Die Stelle, an der der Tropfen auf das Substrat f\u00e4llt, ist ein potenzieller Wachstumsort f\u00fcr das Myzel. Wenn Sie diese Stelle teilen, optimieren Sie die Besiedlung.<\/li>\n<\/ol>\n<h2>Inhalt Ihrer Mondo Albino A+ Sporenflasche<\/h2>\n<ul>\n<li>1 x Sporenfl\u00e4schchen enth\u00e4lt Millionen von Sporen, die in 10 ml sterilem Wasser gel\u00f6st sind<\/li>\n<li>1 x 20 ml sterile Spritze<\/li>\n<li>2 x Alkoholtuch<\/li>\n<\/ul>\n<h2>Aufbewahrung Ihrer Mondo Albino A+ Trace Flasche<\/h2>\n<p>Da es sich um ein empfindliches Produkt handelt, empfehlen wir, die Sporenflasche sofort nach Erhalt f\u00fcr 24 Stunden in den K\u00fchlschrank mit einer Temperatur zwischen 2 und 8 Grad zu stellen, bevor Sie sie verwenden.<\/p>\n","protected":false},"excerpt":{"rendered":"<p>Die Pilze aus der Albino A+ Sporenflasche sind eine faszinierende Sorte innerhalb der Psilocybe cubensis Familie. Dieser Stamm hat ein auffallend wei\u00dfes Aussehen, aber es ist wichtig zu verstehen, dass diese Farbe nicht das Ergebnis von Albinismus, sondern von Leuzismus ist. Leuzismus ist eine genetische Mutation, bei der die Haut die Pigmentierung verliert, aber im [&hellip;]<\/p>\n","protected":false},"featured_media":39113,"comment_status":"closed","ping_status":"closed","template":"","meta":[],"product_brand":[],"product_cat":[352],"product_tag":[],"class_list":{"0":"post-39136","1":"product","2":"type-product","3":"status-publish","4":"has-post-thumbnail","6":"product_cat-sporenampulle-zauberpilze","8":"first","9":"instock","10":"taxable","11":"shipping-taxable","12":"purchasable","13":"product-type-simple"},"yoast_head":"<!-- This site is optimized with the Yoast SEO Premium plugin v26.4 (Yoast SEO v27.2) - https:\/\/yoast.com\/product\/yoast-seo-premium-wordpress\/ -->\n<title>Albino A+ Sporen Flasche - Dutchmicrodosing<\/title>\n<meta name=\"description\" content=\"Entdecken Sie die Kraft der Albino A+ Sporenflaschen f\u00fcr die Zucht einzigartiger Pilze. Hochwertige Spuren f\u00fcr konsistente und zuverl\u00e4ssige Ergebnisse.\" \/>\n<meta name=\"robots\" content=\"index, follow, max-snippet:-1, max-image-preview:large, max-video-preview:-1\" \/>\n<link rel=\"canonical\" href=\"https:\/\/dutchmicrodosing.com\/de\/sporen-zauberpilze\/sporenampulle-zauberpilze\/albino-sporen-flasche\/\" \/>\n<meta property=\"og:locale\" content=\"de_DE\" \/>\n<meta property=\"og:type\" content=\"article\" \/>\n<meta property=\"og:title\" content=\"Albino A+ Sporen Flasche\" \/>\n<meta property=\"og:description\" content=\"Die Pilze aus der Albino A+ Sporenflasche sind eine faszinierende Sorte innerhalb der Psilocybe cubensis Familie. Dieser Stamm hat ein auffallend wei\u00dfes\" \/>\n<meta property=\"og:url\" content=\"https:\/\/dutchmicrodosing.com\/de\/sporen-zauberpilze\/sporenampulle-zauberpilze\/albino-sporen-flasche\/\" \/>\n<meta property=\"og:site_name\" content=\"Dutchmicrodosing\" \/>\n<meta property=\"article:publisher\" content=\"https:\/\/www.facebook.com\/Dutchmicrodosingxp\/\" \/>\n<meta property=\"article:modified_time\" content=\"2025-10-06T16:58:55+00:00\" \/>\n<meta property=\"og:image\" content=\"https:\/\/dutchmicrodosing.com\/wp-content\/uploads\/2024\/05\/sporemate-mondo-vial-psilocybe-cubensis-golden-teacher.jpg\" \/>\n\t<meta property=\"og:image:width\" content=\"600\" \/>\n\t<meta property=\"og:image:height\" content=\"600\" \/>\n\t<meta property=\"og:image:type\" content=\"image\/jpeg\" \/>\n<meta name=\"twitter:card\" content=\"summary_large_image\" \/>\n<script type=\"application\/ld+json\" class=\"yoast-schema-graph\">{\"@context\":\"https:\/\/schema.org\",\"@graph\":[{\"@type\":\"WebPage\",\"@id\":\"https:\/\/dutchmicrodosing.com\/de\/sporen-zauberpilze\/sporenampulle-zauberpilze\/albino-sporen-flasche\/\",\"url\":\"https:\/\/dutchmicrodosing.com\/de\/sporen-zauberpilze\/sporenampulle-zauberpilze\/albino-sporen-flasche\/\",\"name\":\"Albino A+ Sporen Flasche - Dutchmicrodosing\",\"isPartOf\":{\"@id\":\"https:\/\/dutchmicrodosing.com\/de\/#website\"},\"primaryImageOfPage\":{\"@id\":\"https:\/\/dutchmicrodosing.com\/de\/sporen-zauberpilze\/sporenampulle-zauberpilze\/albino-sporen-flasche\/#primaryimage\"},\"image\":{\"@id\":\"https:\/\/dutchmicrodosing.com\/de\/sporen-zauberpilze\/sporenampulle-zauberpilze\/albino-sporen-flasche\/#primaryimage\"},\"thumbnailUrl\":\"https:\/\/dutchmicrodosing.com\/wp-content\/uploads\/2024\/05\/sporemate-mondo-vial-psilocybe-cubensis-golden-teacher.jpg\",\"datePublished\":\"2024-05-12T08:39:00+00:00\",\"dateModified\":\"2025-10-06T16:58:55+00:00\",\"description\":\"Entdecken Sie die Kraft der Albino A+ Sporenflaschen f\u00fcr die Zucht einzigartiger Pilze. Hochwertige Spuren f\u00fcr konsistente und zuverl\u00e4ssige Ergebnisse.\",\"breadcrumb\":{\"@id\":\"https:\/\/dutchmicrodosing.com\/de\/sporen-zauberpilze\/sporenampulle-zauberpilze\/albino-sporen-flasche\/#breadcrumb\"},\"inLanguage\":\"de\",\"potentialAction\":[{\"@type\":\"ReadAction\",\"target\":[\"https:\/\/dutchmicrodosing.com\/de\/sporen-zauberpilze\/sporenampulle-zauberpilze\/albino-sporen-flasche\/\"]}]},{\"@type\":\"ImageObject\",\"inLanguage\":\"de\",\"@id\":\"https:\/\/dutchmicrodosing.com\/de\/sporen-zauberpilze\/sporenampulle-zauberpilze\/albino-sporen-flasche\/#primaryimage\",\"url\":\"https:\/\/dutchmicrodosing.com\/wp-content\/uploads\/2024\/05\/sporemate-mondo-vial-psilocybe-cubensis-golden-teacher.jpg\",\"contentUrl\":\"https:\/\/dutchmicrodosing.com\/wp-content\/uploads\/2024\/05\/sporemate-mondo-vial-psilocybe-cubensis-golden-teacher.jpg\",\"width\":600,\"height\":600},{\"@type\":\"BreadcrumbList\",\"@id\":\"https:\/\/dutchmicrodosing.com\/de\/sporen-zauberpilze\/sporenampulle-zauberpilze\/albino-sporen-flasche\/#breadcrumb\",\"itemListElement\":[{\"@type\":\"ListItem\",\"position\":1,\"name\":\"Home\",\"item\":\"https:\/\/dutchmicrodosing.com\/de\/\"},{\"@type\":\"ListItem\",\"position\":2,\"name\":\"Shop\",\"item\":\"https:\/\/dutchmicrodosing.com\/de\/shop\/\"},{\"@type\":\"ListItem\",\"position\":3,\"name\":\"Albino A+ Sporen Flasche\"}]},{\"@type\":\"WebSite\",\"@id\":\"https:\/\/dutchmicrodosing.com\/de\/#website\",\"url\":\"https:\/\/dutchmicrodosing.com\/de\/\",\"name\":\"Dutchmicrodosing\",\"description\":\"\",\"publisher\":{\"@id\":\"https:\/\/dutchmicrodosing.com\/de\/#organization\"},\"potentialAction\":[{\"@type\":\"SearchAction\",\"target\":{\"@type\":\"EntryPoint\",\"urlTemplate\":\"https:\/\/dutchmicrodosing.com\/de\/?s={search_term_string}\"},\"query-input\":{\"@type\":\"PropertyValueSpecification\",\"valueRequired\":true,\"valueName\":\"search_term_string\"}}],\"inLanguage\":\"de\"},{\"@type\":\"Organization\",\"@id\":\"https:\/\/dutchmicrodosing.com\/de\/#organization\",\"name\":\"Dutchmicrodosing\",\"url\":\"https:\/\/dutchmicrodosing.com\/de\/\",\"logo\":{\"@type\":\"ImageObject\",\"inLanguage\":\"de\",\"@id\":\"https:\/\/dutchmicrodosing.com\/de\/#\/schema\/logo\/image\/\",\"url\":\"https:\/\/dutchmicrodosing.com\/wp-content\/uploads\/2021\/01\/microdosing-categorie-pic-nieuw.jpg\",\"contentUrl\":\"https:\/\/dutchmicrodosing.com\/wp-content\/uploads\/2021\/01\/microdosing-categorie-pic-nieuw.jpg\",\"width\":500,\"height\":500,\"caption\":\"Dutchmicrodosing\"},\"image\":{\"@id\":\"https:\/\/dutchmicrodosing.com\/de\/#\/schema\/logo\/image\/\"},\"sameAs\":[\"https:\/\/www.facebook.com\/Dutchmicrodosingxp\/\",\"https:\/\/www.instagram.com\/dutchmicrodosing\/\"]}]}<\/script>\n<meta property=\"product:price:amount\" content=\"17.95\" \/>\n<meta property=\"product:price:currency\" content=\"EUR\" \/>\n<meta property=\"og:availability\" content=\"instock\" \/>\n<meta property=\"product:availability\" content=\"instock\" \/>\n<meta property=\"product:retailer_item_id\" content=\"0212723\" \/>\n<meta property=\"product:condition\" content=\"new\" \/>\n<!-- \/ Yoast SEO Premium plugin. -->","yoast_head_json":{"title":"Albino A+ Sporen Flasche - Dutchmicrodosing","description":"Entdecken Sie die Kraft der Albino A+ Sporenflaschen f\u00fcr die Zucht einzigartiger Pilze. Hochwertige Spuren f\u00fcr konsistente und zuverl\u00e4ssige Ergebnisse.","robots":{"index":"index","follow":"follow","max-snippet":"max-snippet:-1","max-image-preview":"max-image-preview:large","max-video-preview":"max-video-preview:-1"},"canonical":"https:\/\/dutchmicrodosing.com\/de\/sporen-zauberpilze\/sporenampulle-zauberpilze\/albino-sporen-flasche\/","og_locale":"de_DE","og_type":"article","og_title":"Albino A+ Sporen Flasche","og_description":"Die Pilze aus der Albino A+ Sporenflasche sind eine faszinierende Sorte innerhalb der Psilocybe cubensis Familie. Dieser Stamm hat ein auffallend wei\u00dfes","og_url":"https:\/\/dutchmicrodosing.com\/de\/sporen-zauberpilze\/sporenampulle-zauberpilze\/albino-sporen-flasche\/","og_site_name":"Dutchmicrodosing","article_publisher":"https:\/\/www.facebook.com\/Dutchmicrodosingxp\/","article_modified_time":"2025-10-06T16:58:55+00:00","og_image":[{"width":600,"height":600,"url":"https:\/\/dutchmicrodosing.com\/wp-content\/uploads\/2024\/05\/sporemate-mondo-vial-psilocybe-cubensis-golden-teacher.jpg","type":"image\/jpeg"}],"twitter_card":"summary_large_image","schema":{"@context":"https:\/\/schema.org","@graph":[{"@type":"WebPage","@id":"https:\/\/dutchmicrodosing.com\/de\/sporen-zauberpilze\/sporenampulle-zauberpilze\/albino-sporen-flasche\/","url":"https:\/\/dutchmicrodosing.com\/de\/sporen-zauberpilze\/sporenampulle-zauberpilze\/albino-sporen-flasche\/","name":"Albino A+ Sporen Flasche - Dutchmicrodosing","isPartOf":{"@id":"https:\/\/dutchmicrodosing.com\/de\/#website"},"primaryImageOfPage":{"@id":"https:\/\/dutchmicrodosing.com\/de\/sporen-zauberpilze\/sporenampulle-zauberpilze\/albino-sporen-flasche\/#primaryimage"},"image":{"@id":"https:\/\/dutchmicrodosing.com\/de\/sporen-zauberpilze\/sporenampulle-zauberpilze\/albino-sporen-flasche\/#primaryimage"},"thumbnailUrl":"https:\/\/dutchmicrodosing.com\/wp-content\/uploads\/2024\/05\/sporemate-mondo-vial-psilocybe-cubensis-golden-teacher.jpg","datePublished":"2024-05-12T08:39:00+00:00","dateModified":"2025-10-06T16:58:55+00:00","description":"Entdecken Sie die Kraft der Albino A+ Sporenflaschen f\u00fcr die Zucht einzigartiger Pilze. Hochwertige Spuren f\u00fcr konsistente und zuverl\u00e4ssige Ergebnisse.","breadcrumb":{"@id":"https:\/\/dutchmicrodosing.com\/de\/sporen-zauberpilze\/sporenampulle-zauberpilze\/albino-sporen-flasche\/#breadcrumb"},"inLanguage":"de","potentialAction":[{"@type":"ReadAction","target":["https:\/\/dutchmicrodosing.com\/de\/sporen-zauberpilze\/sporenampulle-zauberpilze\/albino-sporen-flasche\/"]}]},{"@type":"ImageObject","inLanguage":"de","@id":"https:\/\/dutchmicrodosing.com\/de\/sporen-zauberpilze\/sporenampulle-zauberpilze\/albino-sporen-flasche\/#primaryimage","url":"https:\/\/dutchmicrodosing.com\/wp-content\/uploads\/2024\/05\/sporemate-mondo-vial-psilocybe-cubensis-golden-teacher.jpg","contentUrl":"https:\/\/dutchmicrodosing.com\/wp-content\/uploads\/2024\/05\/sporemate-mondo-vial-psilocybe-cubensis-golden-teacher.jpg","width":600,"height":600},{"@type":"BreadcrumbList","@id":"https:\/\/dutchmicrodosing.com\/de\/sporen-zauberpilze\/sporenampulle-zauberpilze\/albino-sporen-flasche\/#breadcrumb","itemListElement":[{"@type":"ListItem","position":1,"name":"Home","item":"https:\/\/dutchmicrodosing.com\/de\/"},{"@type":"ListItem","position":2,"name":"Shop","item":"https:\/\/dutchmicrodosing.com\/de\/shop\/"},{"@type":"ListItem","position":3,"name":"Albino A+ Sporen Flasche"}]},{"@type":"WebSite","@id":"https:\/\/dutchmicrodosing.com\/de\/#website","url":"https:\/\/dutchmicrodosing.com\/de\/","name":"Dutchmicrodosing","description":"","publisher":{"@id":"https:\/\/dutchmicrodosing.com\/de\/#organization"},"potentialAction":[{"@type":"SearchAction","target":{"@type":"EntryPoint","urlTemplate":"https:\/\/dutchmicrodosing.com\/de\/?s={search_term_string}"},"query-input":{"@type":"PropertyValueSpecification","valueRequired":true,"valueName":"search_term_string"}}],"inLanguage":"de"},{"@type":"Organization","@id":"https:\/\/dutchmicrodosing.com\/de\/#organization","name":"Dutchmicrodosing","url":"https:\/\/dutchmicrodosing.com\/de\/","logo":{"@type":"ImageObject","inLanguage":"de","@id":"https:\/\/dutchmicrodosing.com\/de\/#\/schema\/logo\/image\/","url":"https:\/\/dutchmicrodosing.com\/wp-content\/uploads\/2021\/01\/microdosing-categorie-pic-nieuw.jpg","contentUrl":"https:\/\/dutchmicrodosing.com\/wp-content\/uploads\/2021\/01\/microdosing-categorie-pic-nieuw.jpg","width":500,"height":500,"caption":"Dutchmicrodosing"},"image":{"@id":"https:\/\/dutchmicrodosing.com\/de\/#\/schema\/logo\/image\/"},"sameAs":["https:\/\/www.facebook.com\/Dutchmicrodosingxp\/","https:\/\/www.instagram.com\/dutchmicrodosing\/"]}]},"product_price_amount":"17.95","product_price_currency":"EUR","og_availability":"instock","product_availability":"instock","product_retailer_item_id":"0212723","product_condition":"new"},"_links":{"self":[{"href":"https:\/\/dutchmicrodosing.com\/de\/wp-json\/wp\/v2\/product\/39136","targetHints":{"allow":["GET"]}}],"collection":[{"href":"https:\/\/dutchmicrodosing.com\/de\/wp-json\/wp\/v2\/product"}],"about":[{"href":"https:\/\/dutchmicrodosing.com\/de\/wp-json\/wp\/v2\/types\/product"}],"replies":[{"embeddable":true,"href":"https:\/\/dutchmicrodosing.com\/de\/wp-json\/wp\/v2\/comments?post=39136"}],"version-history":[{"count":0,"href":"https:\/\/dutchmicrodosing.com\/de\/wp-json\/wp\/v2\/product\/39136\/revisions"}],"wp:featuredmedia":[{"embeddable":true,"href":"https:\/\/dutchmicrodosing.com\/de\/wp-json\/wp\/v2\/media\/39113"}],"wp:attachment":[{"href":"https:\/\/dutchmicrodosing.com\/de\/wp-json\/wp\/v2\/media?parent=39136"}],"wp:term":[{"taxonomy":"product_brand","embeddable":true,"href":"https:\/\/dutchmicrodosing.com\/de\/wp-json\/wp\/v2\/product_brand?post=39136"},{"taxonomy":"product_cat","embeddable":true,"href":"https:\/\/dutchmicrodosing.com\/de\/wp-json\/wp\/v2\/product_cat?post=39136"},{"taxonomy":"product_tag","embeddable":true,"href":"https:\/\/dutchmicrodosing.com\/de\/wp-json\/wp\/v2\/product_tag?post=39136"}],"curies":[{"name":"wp","href":"https:\/\/api.w.org\/{rel}","templated":true}]}}