{"id":39155,"date":"2024-05-12T11:01:22","date_gmt":"2024-05-12T09:01:22","guid":{"rendered":"https:\/\/dutchmicrodosing.com\/shop\/unkategorisiert\/spore-spritze-schatz-kuste\/"},"modified":"2025-10-31T12:01:49","modified_gmt":"2025-10-31T11:01:49","slug":"spore-spritze-schatz-kuste","status":"publish","type":"product","link":"https:\/\/dutchmicrodosing.com\/de\/sporen-zauberpilze\/sporenspritzen-zauberpilz\/spore-spritze-schatz-kuste\/","title":{"rendered":"Trace Spray Treasure Coast"},"content":{"rendered":"<p>Das <strong>Spore Spray Treasure Coast <\/strong>Psilocybe cubensis ist eine ausgezeichnete Wahl f\u00fcr Anf\u00e4nger und erfahrene Pilzz\u00fcchter. Diese Sorte stammt aus der Treasure Coast Region in Florida, die f\u00fcr ihre schnelle Besiedlung und die Produktion gro\u00dfer Cluster von Psilocybe-Pilzen bekannt ist. Nach der Keimung der Sporen breitet sich das Myzel schnell aus und bildet eine dichte Masse, die dann zu einer F\u00fclle von psilocybinhaltigen Pilzen aufbl\u00fcht.<\/p>\n<p>Ein besonderes Merkmal von Treasure Coast ist, dass diese Sorte schnell aufeinanderfolgende Ernten (Flushes) produziert, was bedeutet, dass zwischen den Ernten nicht viel Zeit ben\u00f6tigt wird. Das macht sie zu einer effizienten und produktiven Sorte, die Sie anbauen k\u00f6nnen. Dar\u00fcber hinaus sind Treasure Coast Pilze mittelgro\u00df und gedeihen auch gut im Freien, was diese Sorte vielseitig und benutzerfreundlich macht.<\/p>\n<h2>Wirkungen der Mondo Treasure Coast Psilocybin-Pilze<\/h2>\n<p>Treasure Coast Magic Mushrooms sind als Gl\u00fcckspilze bekannt, die eine starke visuelle und lachende Wirkung haben. Diese magischen Pilze k\u00f6nnen recht schnell beobachtet werden, wobei die ersten Wirkungen, wie das k\u00f6rperliche High, bereits nach 20 Minuten auftreten. Die Ger\u00e4usche klingen intensiver, die Farben sind leuchtend wie die Sonne, und ein angenehmes Gef\u00fchl stellt sich ein mit hellen Bildern. Diese Pilzsorte ist nicht f\u00fcr eine erste Begegnung mit Psilocybin geeignet.<\/p>\n<h2>Z\u00fcchtungsinformationen Mondo Spore Spray Treasure Coast<\/h2>\n<ul>\n<li>Schwierigkeit der Kultivierung: Leicht<\/li>\n<li>Substrat: Dung, Stroh, verschiedene Getreidesorten<\/li>\n<li>Besiedelungszeit: 14-18 Tage<\/li>\n<li>Besiedlungstemperatur: 28-30 Grad Celsius<\/li>\n<li>Temperatur der Fr\u00fcchte: 23-27 Grad Celsius<\/li>\n<\/ul>\n<h2>Wie bereite ich mein Mondo Trace Spray Treasure Coast vor?<\/h2>\n<p>Bevor Sie die Sporen mit der Sporenspritze ausbringen, sollten Sie zun\u00e4chst ein Substrat in einer Anzuchtschale oder einem Anzuchtbeutel vorbereitet haben. Es ist wichtig, die Tropfen der Spurenl\u00f6sung gut auf dem Substrat zu verteilen. Dadurch kann sich das Myzel schneller und besser entwickeln. Die sterilen Mondo Sporenspritzen sind sehr einfach zu verwenden. Mit einer 20ml Treasure Coast Sporenspritze k\u00f6nnen Sie problemlos 6 Liter Substrat besiedeln.<\/p>\n<ol>\n<li>Ziehen Sie Handschuhe und einen Mundschutz an<\/li>\n<li>Nehmen Sie die Trace Syringe und die Spritze aus der Verpackung<\/li>\n<li>Schrauben Sie die rote Kappe der Sporenspritze ab und ersetzen Sie sie durch die Spritzennadel<\/li>\n<li>Anzuchtbeh\u00e4lter oder Anzuchtbeutel mit dem Substrat beif\u00fcgen<\/li>\n<li>Dr\u00fccken Sie langsam auf die R\u00fcckseite der Sporenspritze (den Kolben) und lassen Sie jeden Tropfen verstreut auf das Substrat fallen. Die Stelle, an der der Tropfen auf das Substrat f\u00e4llt, ist ein potenzieller Wachstumsort f\u00fcr das Myzel. Wenn Sie den Tropfen gut verteilen, optimieren Sie die Besiedlung.<\/li>\n<\/ol>\n<h2>Inhalt Ihres Mondo Trace Spray Treasure Coast<\/h2>\n<ul>\n<li>1 x Sporenspritze enth\u00e4lt mehrere Millionen Sporen, die in 20 ml sterilem Wasser gel\u00f6st sind.<\/li>\n<li>1 x Injektionsnadel<\/li>\n<li>1 x Alkoholtuch<\/li>\n<\/ul>\n<h2>Wie viele Treasure Coast Mushrooms sollten Sie einnehmen?<\/h2>\n<p>Im Durchschnitt k\u00f6nnen Sie von den folgenden Mengen ausgehen:<\/p>\n<ul>\n<li>Mikrodosierung: 0,2 Gramm getrocknete Pilze | 2 Gramm frische Zauberpilze<\/li>\n<li>Milder Trip: 1,5 Gramm getrocknete Pilze | 15 Gramm frische Zauberpilze<\/li>\n<li>Normale Reise: 2,5 Gramm getrocknete Pilze | 25 Gramm frische Zauberpilze<\/li>\n<li>Intensiver Trip: 3,5 Gramm getrocknete Pilze | 35 Gramm frische Zauberpilze<\/li>\n<\/ul>\n<h2>Aufbewahrung Ihres Mondo Trace Spray Treasure Coast<\/h2>\n<p>Da es sich um ein empfindliches Produkt handelt, empfehlen wir, die Sporenspritze sofort nach Erhalt f\u00fcr 24 Stunden bei einer Temperatur zwischen 2 und 8 Grad Celsius in den K\u00fchlschrank zu stellen, bevor Sie sie verwenden.<\/p>\n","protected":false},"excerpt":{"rendered":"<p>Das Spore Spray Treasure Coast Psilocybe cubensis ist eine ausgezeichnete Wahl f\u00fcr Anf\u00e4nger und erfahrene Pilzz\u00fcchter. Diese Sorte stammt aus der Treasure Coast Region in Florida, die f\u00fcr ihre schnelle Besiedlung und die Produktion gro\u00dfer Cluster von Psilocybe-Pilzen bekannt ist. Nach der Keimung der Sporen breitet sich das Myzel schnell aus und bildet eine dichte [&hellip;]<\/p>\n","protected":false},"featured_media":39149,"comment_status":"closed","ping_status":"closed","template":"","meta":[],"product_brand":[],"product_cat":[363],"product_tag":[],"class_list":{"0":"post-39155","1":"product","2":"type-product","3":"status-publish","4":"has-post-thumbnail","6":"product_cat-sporenspritzen-zauberpilz","8":"first","9":"instock","10":"taxable","11":"shipping-taxable","12":"purchasable","13":"product-type-simple"},"yoast_head":"<!-- This site is optimized with the Yoast SEO Premium plugin v26.4 (Yoast SEO v27.2) - https:\/\/yoast.com\/product\/yoast-seo-premium-wordpress\/ -->\n<title>Trace Spray Treasure Coast - Dutchmicrodosing<\/title>\n<meta name=\"description\" content=\"Diese Sporen sind perfekt f\u00fcr Anf\u00e4nger und erfahrene Z\u00fcchter und sorgen f\u00fcr robustes Wachstum und beeindruckende Ertr\u00e4ge. Klicken Sie hier f\u00fcr weitere Informationen...\" \/>\n<meta name=\"robots\" content=\"index, follow, max-snippet:-1, max-image-preview:large, max-video-preview:-1\" \/>\n<link rel=\"canonical\" href=\"https:\/\/dutchmicrodosing.com\/de\/sporen-zauberpilze\/sporenspritzen-zauberpilz\/spore-spritze-schatz-kuste\/\" \/>\n<meta property=\"og:locale\" content=\"de_DE\" \/>\n<meta property=\"og:type\" content=\"article\" \/>\n<meta property=\"og:title\" content=\"Trace Spray Treasure Coast\" \/>\n<meta property=\"og:description\" content=\"Das Spore Spray Treasure Coast Psilocybe cubensis ist eine ausgezeichnete Wahl f\u00fcr Anf\u00e4nger und erfahrene Pilzz\u00fcchter. Diese Sorte stammt aus der Treasure\" \/>\n<meta property=\"og:url\" content=\"https:\/\/dutchmicrodosing.com\/de\/sporen-zauberpilze\/sporenspritzen-zauberpilz\/spore-spritze-schatz-kuste\/\" \/>\n<meta property=\"og:site_name\" content=\"Dutchmicrodosing\" \/>\n<meta property=\"article:publisher\" content=\"https:\/\/www.facebook.com\/Dutchmicrodosingxp\/\" \/>\n<meta property=\"article:modified_time\" content=\"2025-10-31T11:01:49+00:00\" \/>\n<meta property=\"og:image\" content=\"https:\/\/dutchmicrodosing.com\/wp-content\/uploads\/2024\/05\/mondo-sporenspuit-psilocybe-cubensis-treasure-coast.jpg\" \/>\n\t<meta property=\"og:image:width\" content=\"330\" \/>\n\t<meta property=\"og:image:height\" content=\"330\" \/>\n\t<meta property=\"og:image:type\" content=\"image\/jpeg\" \/>\n<meta name=\"twitter:card\" content=\"summary_large_image\" \/>\n<script type=\"application\/ld+json\" class=\"yoast-schema-graph\">{\"@context\":\"https:\/\/schema.org\",\"@graph\":[{\"@type\":\"WebPage\",\"@id\":\"https:\/\/dutchmicrodosing.com\/de\/sporen-zauberpilze\/sporenspritzen-zauberpilz\/spore-spritze-schatz-kuste\/\",\"url\":\"https:\/\/dutchmicrodosing.com\/de\/sporen-zauberpilze\/sporenspritzen-zauberpilz\/spore-spritze-schatz-kuste\/\",\"name\":\"Trace Spray Treasure Coast - Dutchmicrodosing\",\"isPartOf\":{\"@id\":\"https:\/\/dutchmicrodosing.com\/de\/#website\"},\"primaryImageOfPage\":{\"@id\":\"https:\/\/dutchmicrodosing.com\/de\/sporen-zauberpilze\/sporenspritzen-zauberpilz\/spore-spritze-schatz-kuste\/#primaryimage\"},\"image\":{\"@id\":\"https:\/\/dutchmicrodosing.com\/de\/sporen-zauberpilze\/sporenspritzen-zauberpilz\/spore-spritze-schatz-kuste\/#primaryimage\"},\"thumbnailUrl\":\"https:\/\/dutchmicrodosing.com\/wp-content\/uploads\/2024\/05\/mondo-sporenspuit-psilocybe-cubensis-treasure-coast.jpg\",\"datePublished\":\"2024-05-12T09:01:22+00:00\",\"dateModified\":\"2025-10-31T11:01:49+00:00\",\"description\":\"Diese Sporen sind perfekt f\u00fcr Anf\u00e4nger und erfahrene Z\u00fcchter und sorgen f\u00fcr robustes Wachstum und beeindruckende Ertr\u00e4ge. Klicken Sie hier f\u00fcr weitere Informationen...\",\"breadcrumb\":{\"@id\":\"https:\/\/dutchmicrodosing.com\/de\/sporen-zauberpilze\/sporenspritzen-zauberpilz\/spore-spritze-schatz-kuste\/#breadcrumb\"},\"inLanguage\":\"de\",\"potentialAction\":[{\"@type\":\"ReadAction\",\"target\":[\"https:\/\/dutchmicrodosing.com\/de\/sporen-zauberpilze\/sporenspritzen-zauberpilz\/spore-spritze-schatz-kuste\/\"]}]},{\"@type\":\"ImageObject\",\"inLanguage\":\"de\",\"@id\":\"https:\/\/dutchmicrodosing.com\/de\/sporen-zauberpilze\/sporenspritzen-zauberpilz\/spore-spritze-schatz-kuste\/#primaryimage\",\"url\":\"https:\/\/dutchmicrodosing.com\/wp-content\/uploads\/2024\/05\/mondo-sporenspuit-psilocybe-cubensis-treasure-coast.jpg\",\"contentUrl\":\"https:\/\/dutchmicrodosing.com\/wp-content\/uploads\/2024\/05\/mondo-sporenspuit-psilocybe-cubensis-treasure-coast.jpg\",\"width\":330,\"height\":330},{\"@type\":\"BreadcrumbList\",\"@id\":\"https:\/\/dutchmicrodosing.com\/de\/sporen-zauberpilze\/sporenspritzen-zauberpilz\/spore-spritze-schatz-kuste\/#breadcrumb\",\"itemListElement\":[{\"@type\":\"ListItem\",\"position\":1,\"name\":\"Home\",\"item\":\"https:\/\/dutchmicrodosing.com\/de\/\"},{\"@type\":\"ListItem\",\"position\":2,\"name\":\"Shop\",\"item\":\"https:\/\/dutchmicrodosing.com\/de\/shop\/\"},{\"@type\":\"ListItem\",\"position\":3,\"name\":\"Trace Spray Treasure Coast\"}]},{\"@type\":\"WebSite\",\"@id\":\"https:\/\/dutchmicrodosing.com\/de\/#website\",\"url\":\"https:\/\/dutchmicrodosing.com\/de\/\",\"name\":\"Dutchmicrodosing\",\"description\":\"\",\"publisher\":{\"@id\":\"https:\/\/dutchmicrodosing.com\/de\/#organization\"},\"potentialAction\":[{\"@type\":\"SearchAction\",\"target\":{\"@type\":\"EntryPoint\",\"urlTemplate\":\"https:\/\/dutchmicrodosing.com\/de\/?s={search_term_string}\"},\"query-input\":{\"@type\":\"PropertyValueSpecification\",\"valueRequired\":true,\"valueName\":\"search_term_string\"}}],\"inLanguage\":\"de\"},{\"@type\":\"Organization\",\"@id\":\"https:\/\/dutchmicrodosing.com\/de\/#organization\",\"name\":\"Dutchmicrodosing\",\"url\":\"https:\/\/dutchmicrodosing.com\/de\/\",\"logo\":{\"@type\":\"ImageObject\",\"inLanguage\":\"de\",\"@id\":\"https:\/\/dutchmicrodosing.com\/de\/#\/schema\/logo\/image\/\",\"url\":\"https:\/\/dutchmicrodosing.com\/wp-content\/uploads\/2021\/01\/microdosing-categorie-pic-nieuw.jpg\",\"contentUrl\":\"https:\/\/dutchmicrodosing.com\/wp-content\/uploads\/2021\/01\/microdosing-categorie-pic-nieuw.jpg\",\"width\":500,\"height\":500,\"caption\":\"Dutchmicrodosing\"},\"image\":{\"@id\":\"https:\/\/dutchmicrodosing.com\/de\/#\/schema\/logo\/image\/\"},\"sameAs\":[\"https:\/\/www.facebook.com\/Dutchmicrodosingxp\/\",\"https:\/\/www.instagram.com\/dutchmicrodosing\/\"]}]}<\/script>\n<meta property=\"product:price:amount\" content=\"17.95\" \/>\n<meta property=\"product:price:currency\" content=\"EUR\" \/>\n<meta property=\"og:availability\" content=\"instock\" \/>\n<meta property=\"product:availability\" content=\"instock\" \/>\n<meta property=\"product:retailer_item_id\" content=\"0212566\" \/>\n<meta property=\"product:condition\" content=\"new\" \/>\n<!-- \/ Yoast SEO Premium plugin. -->","yoast_head_json":{"title":"Trace Spray Treasure Coast - Dutchmicrodosing","description":"Diese Sporen sind perfekt f\u00fcr Anf\u00e4nger und erfahrene Z\u00fcchter und sorgen f\u00fcr robustes Wachstum und beeindruckende Ertr\u00e4ge. Klicken Sie hier f\u00fcr weitere Informationen...","robots":{"index":"index","follow":"follow","max-snippet":"max-snippet:-1","max-image-preview":"max-image-preview:large","max-video-preview":"max-video-preview:-1"},"canonical":"https:\/\/dutchmicrodosing.com\/de\/sporen-zauberpilze\/sporenspritzen-zauberpilz\/spore-spritze-schatz-kuste\/","og_locale":"de_DE","og_type":"article","og_title":"Trace Spray Treasure Coast","og_description":"Das Spore Spray Treasure Coast Psilocybe cubensis ist eine ausgezeichnete Wahl f\u00fcr Anf\u00e4nger und erfahrene Pilzz\u00fcchter. Diese Sorte stammt aus der Treasure","og_url":"https:\/\/dutchmicrodosing.com\/de\/sporen-zauberpilze\/sporenspritzen-zauberpilz\/spore-spritze-schatz-kuste\/","og_site_name":"Dutchmicrodosing","article_publisher":"https:\/\/www.facebook.com\/Dutchmicrodosingxp\/","article_modified_time":"2025-10-31T11:01:49+00:00","og_image":[{"width":330,"height":330,"url":"https:\/\/dutchmicrodosing.com\/wp-content\/uploads\/2024\/05\/mondo-sporenspuit-psilocybe-cubensis-treasure-coast.jpg","type":"image\/jpeg"}],"twitter_card":"summary_large_image","schema":{"@context":"https:\/\/schema.org","@graph":[{"@type":"WebPage","@id":"https:\/\/dutchmicrodosing.com\/de\/sporen-zauberpilze\/sporenspritzen-zauberpilz\/spore-spritze-schatz-kuste\/","url":"https:\/\/dutchmicrodosing.com\/de\/sporen-zauberpilze\/sporenspritzen-zauberpilz\/spore-spritze-schatz-kuste\/","name":"Trace Spray Treasure Coast - Dutchmicrodosing","isPartOf":{"@id":"https:\/\/dutchmicrodosing.com\/de\/#website"},"primaryImageOfPage":{"@id":"https:\/\/dutchmicrodosing.com\/de\/sporen-zauberpilze\/sporenspritzen-zauberpilz\/spore-spritze-schatz-kuste\/#primaryimage"},"image":{"@id":"https:\/\/dutchmicrodosing.com\/de\/sporen-zauberpilze\/sporenspritzen-zauberpilz\/spore-spritze-schatz-kuste\/#primaryimage"},"thumbnailUrl":"https:\/\/dutchmicrodosing.com\/wp-content\/uploads\/2024\/05\/mondo-sporenspuit-psilocybe-cubensis-treasure-coast.jpg","datePublished":"2024-05-12T09:01:22+00:00","dateModified":"2025-10-31T11:01:49+00:00","description":"Diese Sporen sind perfekt f\u00fcr Anf\u00e4nger und erfahrene Z\u00fcchter und sorgen f\u00fcr robustes Wachstum und beeindruckende Ertr\u00e4ge. Klicken Sie hier f\u00fcr weitere Informationen...","breadcrumb":{"@id":"https:\/\/dutchmicrodosing.com\/de\/sporen-zauberpilze\/sporenspritzen-zauberpilz\/spore-spritze-schatz-kuste\/#breadcrumb"},"inLanguage":"de","potentialAction":[{"@type":"ReadAction","target":["https:\/\/dutchmicrodosing.com\/de\/sporen-zauberpilze\/sporenspritzen-zauberpilz\/spore-spritze-schatz-kuste\/"]}]},{"@type":"ImageObject","inLanguage":"de","@id":"https:\/\/dutchmicrodosing.com\/de\/sporen-zauberpilze\/sporenspritzen-zauberpilz\/spore-spritze-schatz-kuste\/#primaryimage","url":"https:\/\/dutchmicrodosing.com\/wp-content\/uploads\/2024\/05\/mondo-sporenspuit-psilocybe-cubensis-treasure-coast.jpg","contentUrl":"https:\/\/dutchmicrodosing.com\/wp-content\/uploads\/2024\/05\/mondo-sporenspuit-psilocybe-cubensis-treasure-coast.jpg","width":330,"height":330},{"@type":"BreadcrumbList","@id":"https:\/\/dutchmicrodosing.com\/de\/sporen-zauberpilze\/sporenspritzen-zauberpilz\/spore-spritze-schatz-kuste\/#breadcrumb","itemListElement":[{"@type":"ListItem","position":1,"name":"Home","item":"https:\/\/dutchmicrodosing.com\/de\/"},{"@type":"ListItem","position":2,"name":"Shop","item":"https:\/\/dutchmicrodosing.com\/de\/shop\/"},{"@type":"ListItem","position":3,"name":"Trace Spray Treasure Coast"}]},{"@type":"WebSite","@id":"https:\/\/dutchmicrodosing.com\/de\/#website","url":"https:\/\/dutchmicrodosing.com\/de\/","name":"Dutchmicrodosing","description":"","publisher":{"@id":"https:\/\/dutchmicrodosing.com\/de\/#organization"},"potentialAction":[{"@type":"SearchAction","target":{"@type":"EntryPoint","urlTemplate":"https:\/\/dutchmicrodosing.com\/de\/?s={search_term_string}"},"query-input":{"@type":"PropertyValueSpecification","valueRequired":true,"valueName":"search_term_string"}}],"inLanguage":"de"},{"@type":"Organization","@id":"https:\/\/dutchmicrodosing.com\/de\/#organization","name":"Dutchmicrodosing","url":"https:\/\/dutchmicrodosing.com\/de\/","logo":{"@type":"ImageObject","inLanguage":"de","@id":"https:\/\/dutchmicrodosing.com\/de\/#\/schema\/logo\/image\/","url":"https:\/\/dutchmicrodosing.com\/wp-content\/uploads\/2021\/01\/microdosing-categorie-pic-nieuw.jpg","contentUrl":"https:\/\/dutchmicrodosing.com\/wp-content\/uploads\/2021\/01\/microdosing-categorie-pic-nieuw.jpg","width":500,"height":500,"caption":"Dutchmicrodosing"},"image":{"@id":"https:\/\/dutchmicrodosing.com\/de\/#\/schema\/logo\/image\/"},"sameAs":["https:\/\/www.facebook.com\/Dutchmicrodosingxp\/","https:\/\/www.instagram.com\/dutchmicrodosing\/"]}]},"product_price_amount":"17.95","product_price_currency":"EUR","og_availability":"instock","product_availability":"instock","product_retailer_item_id":"0212566","product_condition":"new"},"_links":{"self":[{"href":"https:\/\/dutchmicrodosing.com\/de\/wp-json\/wp\/v2\/product\/39155","targetHints":{"allow":["GET"]}}],"collection":[{"href":"https:\/\/dutchmicrodosing.com\/de\/wp-json\/wp\/v2\/product"}],"about":[{"href":"https:\/\/dutchmicrodosing.com\/de\/wp-json\/wp\/v2\/types\/product"}],"replies":[{"embeddable":true,"href":"https:\/\/dutchmicrodosing.com\/de\/wp-json\/wp\/v2\/comments?post=39155"}],"version-history":[{"count":1,"href":"https:\/\/dutchmicrodosing.com\/de\/wp-json\/wp\/v2\/product\/39155\/revisions"}],"predecessor-version":[{"id":60138,"href":"https:\/\/dutchmicrodosing.com\/de\/wp-json\/wp\/v2\/product\/39155\/revisions\/60138"}],"wp:featuredmedia":[{"embeddable":true,"href":"https:\/\/dutchmicrodosing.com\/de\/wp-json\/wp\/v2\/media\/39149"}],"wp:attachment":[{"href":"https:\/\/dutchmicrodosing.com\/de\/wp-json\/wp\/v2\/media?parent=39155"}],"wp:term":[{"taxonomy":"product_brand","embeddable":true,"href":"https:\/\/dutchmicrodosing.com\/de\/wp-json\/wp\/v2\/product_brand?post=39155"},{"taxonomy":"product_cat","embeddable":true,"href":"https:\/\/dutchmicrodosing.com\/de\/wp-json\/wp\/v2\/product_cat?post=39155"},{"taxonomy":"product_tag","embeddable":true,"href":"https:\/\/dutchmicrodosing.com\/de\/wp-json\/wp\/v2\/product_tag?post=39155"}],"curies":[{"name":"wp","href":"https:\/\/api.w.org\/{rel}","templated":true}]}}