{"id":39162,"date":"2024-05-12T11:07:06","date_gmt":"2024-05-12T09:07:06","guid":{"rendered":"https:\/\/dutchmicrodosing.com\/shop\/unkategorisiert\/sporen-spritze-b\/"},"modified":"2026-01-03T01:25:51","modified_gmt":"2026-01-03T00:25:51","slug":"sporen-spritze-b","status":"publish","type":"product","link":"https:\/\/dutchmicrodosing.com\/de\/sporen-zauberpilze\/sporenspritzen-zauberpilz\/sporen-spritze-b\/","title":{"rendered":"Sporenspritze B+"},"content":{"rendered":"<p>Die Pilze, die Sie mit der <strong>Sporenspritze B+<\/strong> z\u00fcchten k\u00f6nnen, sind eine beliebte Sorte von Psilocybe cubensis, einer Art von psychoaktivem Pilz, der f\u00fcr seine halluzinogene Wirkung bekannt ist. Diese besondere Sorte wird sowohl von Anf\u00e4ngern als auch von erfahrenen Z\u00fcchtern wegen ihrer Widerstandsf\u00e4higkeit und ihres zuverl\u00e4ssigen Wachstums gerne gew\u00e4hlt.<\/p>\n<h2>Wirkungen der Mondo B+ Psilocybin-Pilze<\/h2>\n<p>Der B+ Pilz ist sehr gut f\u00fcr Anf\u00e4nger geeignet. Sie sind einfach zu z\u00fcchten und die Wirkung ist perfekt f\u00fcr diejenigen, die noch nie Psilocybin-Pilze genommen haben. Der B+-Pilz ist ziemlich hoch in den Bereichen Grafik und Kreativit\u00e4t und mittelm\u00e4\u00dfig in den Bereichen Philosophie und K\u00f6rper-Energie.<\/p>\n<h2>Z\u00fcchtungsinformationen Mondo Spore Spritze B+<\/h2>\n<ul>\n<li>Schwierigkeit der Kultivierung: Leicht<\/li>\n<li>Substrat: Dung, Stroh, verschiedene Getreidesorten<\/li>\n<li>Besiedelungszeit: 8-10 Tage<\/li>\n<li>Besiedlungstemperatur: 28-30 Grad Celsius<\/li>\n<li>Temperatur der Fr\u00fcchte: 23-26 Grad Celsius<\/li>\n<\/ul>\n<h2>Wie bereite ich meine Mondo Spore Spritze B+ vor?<\/h2>\n<p>Bevor Sie mit dem Ausbringen der Sporen beginnen, m\u00fcssen Sie zun\u00e4chst ein Substrat in einer Anzuchtschale oder einem Beutel vorbereiten. Es ist wichtig, die Tropfen der Spurenl\u00f6sung gut auf dem Substrat zu verteilen. Dadurch kann sich das Myzel schneller und besser entwickeln. Die sterilen Mondo Sporenspritzen sind sehr einfach zu verwenden. Mit einer 20ml B+ Sporenspritze k\u00f6nnen Sie problemlos 6 Liter Substrat besiedeln.<\/p>\n<ol>\n<li>Ziehen Sie Handschuhe und einen Mundschutz an<\/li>\n<li>Nehmen Sie die Trace Syringe und die Spritze aus der Verpackung<\/li>\n<li>Schrauben Sie die rote Kappe der Sporenspritze ab und ersetzen Sie sie durch die Spritzennadel<\/li>\n<li>Anzuchtbeh\u00e4lter oder Anzuchtbeutel mit dem Substrat beif\u00fcgen<\/li>\n<li>Dr\u00fccken Sie langsam auf die R\u00fcckseite der Spritze (den Kolben) und lassen Sie jeden Tropfen verstreut auf das Substrat fallen. Die Stelle, an der der Tropfen auf das Substrat f\u00e4llt, ist ein potenzieller Wachstumsort f\u00fcr das Myzel. Wenn Sie den Tropfen gut verteilen, optimieren Sie die Besiedlung.<\/li>\n<\/ol>\n<h2>Inhalt Ihrer Mondo Spore Spritze B+<\/h2>\n<ul>\n<li>1 x Sporenspritze enth\u00e4lt mehrere Millionen Sporen, die in 20 ml sterilem Wasser gel\u00f6st sind.<\/li>\n<li>1 x Injektionsnadel<\/li>\n<li>1 x Alkoholtuch<\/li>\n<\/ul>\n<h2>Wie viele B+ Pilze sollten Sie einnehmen?<\/h2>\n<p>Im Durchschnitt k\u00f6nnen Sie von den folgenden Mengen ausgehen:<\/p>\n<ul>\n<li>Mikrodosierung: 0,2 Gramm getrocknete Champignons | 2 Gramm frische Champignons<\/li>\n<li>Milder Trip: 1,5 Gramm getrocknete Pilze | 15 Gramm frische Pilze<\/li>\n<li>Normale Reise: 2,5 Gramm getrocknete Pilze | 25 Gramm frische Pilze<\/li>\n<li>Intensive Reise: 3,5 Gramm getrocknete Pilze | 35 Gramm frische Pilze<\/li>\n<\/ul>\n<h2>Aufbewahrung Ihrer Mondo Spore Spritze B+<\/h2>\n<p>Da es sich um ein empfindliches Produkt handelt, empfehlen wir, die Sporenspritze sofort nach Erhalt f\u00fcr 24 Stunden in den K\u00fchlschrank mit einer Temperatur zwischen 2 und 8 Grad zu legen, bevor Sie sie verwenden.<\/p>\n","protected":false},"excerpt":{"rendered":"<p>Die Pilze, die Sie mit der Sporenspritze B+ z\u00fcchten k\u00f6nnen, sind eine beliebte Sorte von Psilocybe cubensis, einer Art von psychoaktivem Pilz, der f\u00fcr seine halluzinogene Wirkung bekannt ist. Diese besondere Sorte wird sowohl von Anf\u00e4ngern als auch von erfahrenen Z\u00fcchtern wegen ihrer Widerstandsf\u00e4higkeit und ihres zuverl\u00e4ssigen Wachstums gerne gew\u00e4hlt. Wirkungen der Mondo B+ Psilocybin-Pilze [&hellip;]<\/p>\n","protected":false},"featured_media":39149,"comment_status":"closed","ping_status":"closed","template":"","meta":[],"product_brand":[],"product_cat":[363],"product_tag":[],"class_list":{"0":"post-39162","1":"product","2":"type-product","3":"status-publish","4":"has-post-thumbnail","6":"product_cat-sporenspritzen-zauberpilz","8":"first","9":"instock","10":"taxable","11":"shipping-taxable","12":"purchasable","13":"product-type-simple"},"yoast_head":"<!-- This site is optimized with the Yoast SEO Premium plugin v26.4 (Yoast SEO v27.4) - https:\/\/yoast.com\/product\/yoast-seo-premium-wordpress\/ -->\n<title>Sporenspritze B+ - Dutchmicrodosing<\/title>\n<meta name=\"description\" content=\"Entdecken Sie die Kraft des Spore Sprayer B+. Perfekt f\u00fcr Anf\u00e4nger und erfahrene Z\u00fcchter. Z\u00fcchten Sie ganz einfach Ihre eigenen starken B+ Pilze mit Sporen!\" \/>\n<meta name=\"robots\" content=\"index, follow, max-snippet:-1, max-image-preview:large, max-video-preview:-1\" \/>\n<link rel=\"canonical\" href=\"https:\/\/dutchmicrodosing.com\/de\/sporen-zauberpilze\/sporenspritzen-zauberpilz\/sporen-spritze-b\/\" \/>\n<meta property=\"og:locale\" content=\"de_DE\" \/>\n<meta property=\"og:type\" content=\"article\" \/>\n<meta property=\"og:title\" content=\"Sporenspritze B+\" \/>\n<meta property=\"og:description\" content=\"Die Pilze, die Sie mit der Sporenspritze B+ z\u00fcchten k\u00f6nnen, sind eine beliebte Sorte von Psilocybe cubensis, einer Art von psychoaktivem Pilz, der f\u00fcr\" \/>\n<meta property=\"og:url\" content=\"https:\/\/dutchmicrodosing.com\/de\/sporen-zauberpilze\/sporenspritzen-zauberpilz\/sporen-spritze-b\/\" \/>\n<meta property=\"og:site_name\" content=\"Dutchmicrodosing\" \/>\n<meta property=\"article:publisher\" content=\"https:\/\/www.facebook.com\/Dutchmicrodosingxp\/\" \/>\n<meta property=\"article:modified_time\" content=\"2026-01-03T00:25:51+00:00\" \/>\n<meta property=\"og:image\" content=\"https:\/\/dutchmicrodosing.com\/wp-content\/uploads\/2024\/05\/mondo-sporenspuit-psilocybe-cubensis-treasure-coast.jpg\" \/>\n\t<meta property=\"og:image:width\" content=\"330\" \/>\n\t<meta property=\"og:image:height\" content=\"330\" \/>\n\t<meta property=\"og:image:type\" content=\"image\/jpeg\" \/>\n<meta name=\"twitter:card\" content=\"summary_large_image\" \/>\n<script type=\"application\/ld+json\" class=\"yoast-schema-graph\">{\"@context\":\"https:\\\/\\\/schema.org\",\"@graph\":[{\"@type\":\"WebPage\",\"@id\":\"https:\\\/\\\/dutchmicrodosing.com\\\/de\\\/sporen-zauberpilze\\\/sporenspritzen-zauberpilz\\\/sporen-spritze-b\\\/\",\"url\":\"https:\\\/\\\/dutchmicrodosing.com\\\/de\\\/sporen-zauberpilze\\\/sporenspritzen-zauberpilz\\\/sporen-spritze-b\\\/\",\"name\":\"Sporenspritze B+ - Dutchmicrodosing\",\"isPartOf\":{\"@id\":\"https:\\\/\\\/dutchmicrodosing.com\\\/de\\\/#website\"},\"primaryImageOfPage\":{\"@id\":\"https:\\\/\\\/dutchmicrodosing.com\\\/de\\\/sporen-zauberpilze\\\/sporenspritzen-zauberpilz\\\/sporen-spritze-b\\\/#primaryimage\"},\"image\":{\"@id\":\"https:\\\/\\\/dutchmicrodosing.com\\\/de\\\/sporen-zauberpilze\\\/sporenspritzen-zauberpilz\\\/sporen-spritze-b\\\/#primaryimage\"},\"thumbnailUrl\":\"https:\\\/\\\/dutchmicrodosing.com\\\/wp-content\\\/uploads\\\/2024\\\/05\\\/mondo-sporenspuit-psilocybe-cubensis-treasure-coast.jpg\",\"datePublished\":\"2024-05-12T09:07:06+00:00\",\"dateModified\":\"2026-01-03T00:25:51+00:00\",\"description\":\"Entdecken Sie die Kraft des Spore Sprayer B+. Perfekt f\u00fcr Anf\u00e4nger und erfahrene Z\u00fcchter. Z\u00fcchten Sie ganz einfach Ihre eigenen starken B+ Pilze mit Sporen!\",\"breadcrumb\":{\"@id\":\"https:\\\/\\\/dutchmicrodosing.com\\\/de\\\/sporen-zauberpilze\\\/sporenspritzen-zauberpilz\\\/sporen-spritze-b\\\/#breadcrumb\"},\"inLanguage\":\"de\",\"potentialAction\":[{\"@type\":\"ReadAction\",\"target\":[\"https:\\\/\\\/dutchmicrodosing.com\\\/de\\\/sporen-zauberpilze\\\/sporenspritzen-zauberpilz\\\/sporen-spritze-b\\\/\"]}]},{\"@type\":\"ImageObject\",\"inLanguage\":\"de\",\"@id\":\"https:\\\/\\\/dutchmicrodosing.com\\\/de\\\/sporen-zauberpilze\\\/sporenspritzen-zauberpilz\\\/sporen-spritze-b\\\/#primaryimage\",\"url\":\"https:\\\/\\\/dutchmicrodosing.com\\\/wp-content\\\/uploads\\\/2024\\\/05\\\/mondo-sporenspuit-psilocybe-cubensis-treasure-coast.jpg\",\"contentUrl\":\"https:\\\/\\\/dutchmicrodosing.com\\\/wp-content\\\/uploads\\\/2024\\\/05\\\/mondo-sporenspuit-psilocybe-cubensis-treasure-coast.jpg\",\"width\":330,\"height\":330},{\"@type\":\"BreadcrumbList\",\"@id\":\"https:\\\/\\\/dutchmicrodosing.com\\\/de\\\/sporen-zauberpilze\\\/sporenspritzen-zauberpilz\\\/sporen-spritze-b\\\/#breadcrumb\",\"itemListElement\":[{\"@type\":\"ListItem\",\"position\":1,\"name\":\"Home\",\"item\":\"https:\\\/\\\/dutchmicrodosing.com\\\/de\\\/\"},{\"@type\":\"ListItem\",\"position\":2,\"name\":\"Shop\",\"item\":\"https:\\\/\\\/dutchmicrodosing.com\\\/de\\\/shop\\\/\"},{\"@type\":\"ListItem\",\"position\":3,\"name\":\"Sporenspritze B+\"}]},{\"@type\":\"WebSite\",\"@id\":\"https:\\\/\\\/dutchmicrodosing.com\\\/de\\\/#website\",\"url\":\"https:\\\/\\\/dutchmicrodosing.com\\\/de\\\/\",\"name\":\"Dutchmicrodosing\",\"description\":\"\",\"publisher\":{\"@id\":\"https:\\\/\\\/dutchmicrodosing.com\\\/de\\\/#organization\"},\"potentialAction\":[{\"@type\":\"SearchAction\",\"target\":{\"@type\":\"EntryPoint\",\"urlTemplate\":\"https:\\\/\\\/dutchmicrodosing.com\\\/de\\\/?s={search_term_string}\"},\"query-input\":{\"@type\":\"PropertyValueSpecification\",\"valueRequired\":true,\"valueName\":\"search_term_string\"}}],\"inLanguage\":\"de\"},{\"@type\":\"Organization\",\"@id\":\"https:\\\/\\\/dutchmicrodosing.com\\\/de\\\/#organization\",\"name\":\"Dutchmicrodosing\",\"url\":\"https:\\\/\\\/dutchmicrodosing.com\\\/de\\\/\",\"logo\":{\"@type\":\"ImageObject\",\"inLanguage\":\"de\",\"@id\":\"https:\\\/\\\/dutchmicrodosing.com\\\/de\\\/#\\\/schema\\\/logo\\\/image\\\/\",\"url\":\"https:\\\/\\\/dutchmicrodosing.com\\\/wp-content\\\/uploads\\\/2021\\\/01\\\/microdosing-categorie-pic-nieuw.jpg\",\"contentUrl\":\"https:\\\/\\\/dutchmicrodosing.com\\\/wp-content\\\/uploads\\\/2021\\\/01\\\/microdosing-categorie-pic-nieuw.jpg\",\"width\":500,\"height\":500,\"caption\":\"Dutchmicrodosing\"},\"image\":{\"@id\":\"https:\\\/\\\/dutchmicrodosing.com\\\/de\\\/#\\\/schema\\\/logo\\\/image\\\/\"},\"sameAs\":[\"https:\\\/\\\/www.facebook.com\\\/Dutchmicrodosingxp\\\/\",\"https:\\\/\\\/www.instagram.com\\\/dutchmicrodosing\\\/\"]}]}<\/script>\n<meta property=\"product:price:amount\" content=\"17.95\" \/>\n<meta property=\"product:price:currency\" content=\"EUR\" \/>\n<meta property=\"og:availability\" content=\"instock\" \/>\n<meta property=\"product:availability\" content=\"instock\" \/>\n<meta property=\"product:retailer_item_id\" content=\"0212257\" \/>\n<meta property=\"product:condition\" content=\"new\" \/>\n<!-- \/ Yoast SEO Premium plugin. -->","yoast_head_json":{"title":"Sporenspritze B+ - Dutchmicrodosing","description":"Entdecken Sie die Kraft des Spore Sprayer B+. Perfekt f\u00fcr Anf\u00e4nger und erfahrene Z\u00fcchter. Z\u00fcchten Sie ganz einfach Ihre eigenen starken B+ Pilze mit Sporen!","robots":{"index":"index","follow":"follow","max-snippet":"max-snippet:-1","max-image-preview":"max-image-preview:large","max-video-preview":"max-video-preview:-1"},"canonical":"https:\/\/dutchmicrodosing.com\/de\/sporen-zauberpilze\/sporenspritzen-zauberpilz\/sporen-spritze-b\/","og_locale":"de_DE","og_type":"article","og_title":"Sporenspritze B+","og_description":"Die Pilze, die Sie mit der Sporenspritze B+ z\u00fcchten k\u00f6nnen, sind eine beliebte Sorte von Psilocybe cubensis, einer Art von psychoaktivem Pilz, der f\u00fcr","og_url":"https:\/\/dutchmicrodosing.com\/de\/sporen-zauberpilze\/sporenspritzen-zauberpilz\/sporen-spritze-b\/","og_site_name":"Dutchmicrodosing","article_publisher":"https:\/\/www.facebook.com\/Dutchmicrodosingxp\/","article_modified_time":"2026-01-03T00:25:51+00:00","og_image":[{"width":330,"height":330,"url":"https:\/\/dutchmicrodosing.com\/wp-content\/uploads\/2024\/05\/mondo-sporenspuit-psilocybe-cubensis-treasure-coast.jpg","type":"image\/jpeg"}],"twitter_card":"summary_large_image","schema":{"@context":"https:\/\/schema.org","@graph":[{"@type":"WebPage","@id":"https:\/\/dutchmicrodosing.com\/de\/sporen-zauberpilze\/sporenspritzen-zauberpilz\/sporen-spritze-b\/","url":"https:\/\/dutchmicrodosing.com\/de\/sporen-zauberpilze\/sporenspritzen-zauberpilz\/sporen-spritze-b\/","name":"Sporenspritze B+ - Dutchmicrodosing","isPartOf":{"@id":"https:\/\/dutchmicrodosing.com\/de\/#website"},"primaryImageOfPage":{"@id":"https:\/\/dutchmicrodosing.com\/de\/sporen-zauberpilze\/sporenspritzen-zauberpilz\/sporen-spritze-b\/#primaryimage"},"image":{"@id":"https:\/\/dutchmicrodosing.com\/de\/sporen-zauberpilze\/sporenspritzen-zauberpilz\/sporen-spritze-b\/#primaryimage"},"thumbnailUrl":"https:\/\/dutchmicrodosing.com\/wp-content\/uploads\/2024\/05\/mondo-sporenspuit-psilocybe-cubensis-treasure-coast.jpg","datePublished":"2024-05-12T09:07:06+00:00","dateModified":"2026-01-03T00:25:51+00:00","description":"Entdecken Sie die Kraft des Spore Sprayer B+. Perfekt f\u00fcr Anf\u00e4nger und erfahrene Z\u00fcchter. Z\u00fcchten Sie ganz einfach Ihre eigenen starken B+ Pilze mit Sporen!","breadcrumb":{"@id":"https:\/\/dutchmicrodosing.com\/de\/sporen-zauberpilze\/sporenspritzen-zauberpilz\/sporen-spritze-b\/#breadcrumb"},"inLanguage":"de","potentialAction":[{"@type":"ReadAction","target":["https:\/\/dutchmicrodosing.com\/de\/sporen-zauberpilze\/sporenspritzen-zauberpilz\/sporen-spritze-b\/"]}]},{"@type":"ImageObject","inLanguage":"de","@id":"https:\/\/dutchmicrodosing.com\/de\/sporen-zauberpilze\/sporenspritzen-zauberpilz\/sporen-spritze-b\/#primaryimage","url":"https:\/\/dutchmicrodosing.com\/wp-content\/uploads\/2024\/05\/mondo-sporenspuit-psilocybe-cubensis-treasure-coast.jpg","contentUrl":"https:\/\/dutchmicrodosing.com\/wp-content\/uploads\/2024\/05\/mondo-sporenspuit-psilocybe-cubensis-treasure-coast.jpg","width":330,"height":330},{"@type":"BreadcrumbList","@id":"https:\/\/dutchmicrodosing.com\/de\/sporen-zauberpilze\/sporenspritzen-zauberpilz\/sporen-spritze-b\/#breadcrumb","itemListElement":[{"@type":"ListItem","position":1,"name":"Home","item":"https:\/\/dutchmicrodosing.com\/de\/"},{"@type":"ListItem","position":2,"name":"Shop","item":"https:\/\/dutchmicrodosing.com\/de\/shop\/"},{"@type":"ListItem","position":3,"name":"Sporenspritze B+"}]},{"@type":"WebSite","@id":"https:\/\/dutchmicrodosing.com\/de\/#website","url":"https:\/\/dutchmicrodosing.com\/de\/","name":"Dutchmicrodosing","description":"","publisher":{"@id":"https:\/\/dutchmicrodosing.com\/de\/#organization"},"potentialAction":[{"@type":"SearchAction","target":{"@type":"EntryPoint","urlTemplate":"https:\/\/dutchmicrodosing.com\/de\/?s={search_term_string}"},"query-input":{"@type":"PropertyValueSpecification","valueRequired":true,"valueName":"search_term_string"}}],"inLanguage":"de"},{"@type":"Organization","@id":"https:\/\/dutchmicrodosing.com\/de\/#organization","name":"Dutchmicrodosing","url":"https:\/\/dutchmicrodosing.com\/de\/","logo":{"@type":"ImageObject","inLanguage":"de","@id":"https:\/\/dutchmicrodosing.com\/de\/#\/schema\/logo\/image\/","url":"https:\/\/dutchmicrodosing.com\/wp-content\/uploads\/2021\/01\/microdosing-categorie-pic-nieuw.jpg","contentUrl":"https:\/\/dutchmicrodosing.com\/wp-content\/uploads\/2021\/01\/microdosing-categorie-pic-nieuw.jpg","width":500,"height":500,"caption":"Dutchmicrodosing"},"image":{"@id":"https:\/\/dutchmicrodosing.com\/de\/#\/schema\/logo\/image\/"},"sameAs":["https:\/\/www.facebook.com\/Dutchmicrodosingxp\/","https:\/\/www.instagram.com\/dutchmicrodosing\/"]}]},"product_price_amount":"17.95","product_price_currency":"EUR","og_availability":"instock","product_availability":"instock","product_retailer_item_id":"0212257","product_condition":"new"},"_links":{"self":[{"href":"https:\/\/dutchmicrodosing.com\/de\/wp-json\/wp\/v2\/product\/39162","targetHints":{"allow":["GET"]}}],"collection":[{"href":"https:\/\/dutchmicrodosing.com\/de\/wp-json\/wp\/v2\/product"}],"about":[{"href":"https:\/\/dutchmicrodosing.com\/de\/wp-json\/wp\/v2\/types\/product"}],"replies":[{"embeddable":true,"href":"https:\/\/dutchmicrodosing.com\/de\/wp-json\/wp\/v2\/comments?post=39162"}],"version-history":[{"count":0,"href":"https:\/\/dutchmicrodosing.com\/de\/wp-json\/wp\/v2\/product\/39162\/revisions"}],"wp:featuredmedia":[{"embeddable":true,"href":"https:\/\/dutchmicrodosing.com\/de\/wp-json\/wp\/v2\/media\/39149"}],"wp:attachment":[{"href":"https:\/\/dutchmicrodosing.com\/de\/wp-json\/wp\/v2\/media?parent=39162"}],"wp:term":[{"taxonomy":"product_brand","embeddable":true,"href":"https:\/\/dutchmicrodosing.com\/de\/wp-json\/wp\/v2\/product_brand?post=39162"},{"taxonomy":"product_cat","embeddable":true,"href":"https:\/\/dutchmicrodosing.com\/de\/wp-json\/wp\/v2\/product_cat?post=39162"},{"taxonomy":"product_tag","embeddable":true,"href":"https:\/\/dutchmicrodosing.com\/de\/wp-json\/wp\/v2\/product_tag?post=39162"}],"curies":[{"name":"wp","href":"https:\/\/api.w.org\/{rel}","templated":true}]}}