{"id":39169,"date":"2024-05-12T11:16:54","date_gmt":"2024-05-12T09:16:54","guid":{"rendered":"https:\/\/dutchmicrodosing.com\/shop\/unkategorisiert\/sporen-spritze-pes-hawaii\/"},"modified":"2025-09-09T13:24:19","modified_gmt":"2025-09-09T11:24:19","slug":"sporen-spritze-pes-hawaii","status":"publish","type":"product","link":"https:\/\/dutchmicrodosing.com\/de\/sporen-zauberpilze\/sporenspritzen-zauberpilz\/sporen-spritze-pes-hawaii\/","title":{"rendered":"Sporenspritze PES Hawaii"},"content":{"rendered":"<p>Die <strong>PES Hawaii Psilocybe cubensis<\/strong> ist eine interessante Sorte, die optisch ansprechend und f\u00fcr ihre potenziell starken Wirkungen bekannt ist. Obwohl der Name Assoziationen mit hawaiianischen Urspr\u00fcngen weckt, ist diese Sorte tats\u00e4chlich nach dem Unternehmen Pacific Exotica Spora benannt, das seinen Sitz auf Hawaii hat. Diese Pilze sind nicht mit dem bekannteren und extrem potenten hawaiianischen Copelandia (Panaeolus cyanascens) verwandt, sondern geh\u00f6ren zu der milderen potenten Psilocybe cubensis Familie.<\/p>\n<p>Die PES Hawaii zeichnet sich durch ihre \u00c4sthetik aus, mit karamellfarbenen bis dunkelroten glockenf\u00f6rmigen H\u00fcten, die sie optisch von vielen anderen Arten unterscheiden. Was die Gr\u00f6\u00dfe anbelangt, so kann das Myzel von PES Hawaii im Vergleich zur kambodschanischen Sorte beispielsweise gr\u00f6\u00dfere Fr\u00fcchte hervorbringen, was sie zu einer attraktiven Wahl f\u00fcr diejenigen macht, die an hohen Ertr\u00e4gen interessiert sind.<\/p>\n<h2>Wirkungen der Mondo PES Hawaii Psilocybin-Pilze<\/h2>\n<p>Die PES Hawaii Pilze sind ein wenig zu stark f\u00fcr eine erste Einf\u00fchrung in Psilocybin-Pilze. Sie sind leicht anzubauen und die Wirkung ist perfekt f\u00fcr diejenigen, die bereits Psilocybin-Pilze eingenommen haben und nach etwas St\u00e4rkerem suchen. Der PES-Hawaii-Pilz hat einen ziemlich hohen Anteil an visuellen Effekten und Kreativit\u00e4t und einen mittleren Anteil an Philosophie und K\u00f6rperenergie.<\/p>\n<h2>Informationen zur Kultivierung Mondo Spore Spritze PES Hawaii<\/h2>\n<ul>\n<li>Schwierigkeit der Kultivierung: Leicht<\/li>\n<li>Substrat: Dung, Stroh, verschiedene Getreidesorten<\/li>\n<li>Besiedelungszeit: 10-13 Tage<\/li>\n<li>Besiedlungstemperatur: 28-30 Grad Celsius<\/li>\n<li>Temperatur der Fr\u00fcchte: 23-26 Grad Celsius<\/li>\n<\/ul>\n<h2>Wie bereite ich meine Mondo Spore Spritze PES Hawaii vor?<\/h2>\n<p>Bevor Sie mit dem Ausbringen der Sporen beginnen, m\u00fcssen Sie zun\u00e4chst ein Substrat in einer Anzuchtschale oder einem Beutel vorbereiten. Es ist wichtig, die Tropfen der Spurenl\u00f6sung gut auf dem Substrat zu verteilen. Dadurch kann sich das Myzel schneller und besser entwickeln. Die sterilen Mondo Sporenspritzen sind sehr einfach zu verwenden. Mit einer 20ml PES Hawaii Sporenspritze k\u00f6nnen Sie problemlos 6 Liter Substrat besiedeln.<\/p>\n<ol>\n<li>Ziehen Sie Handschuhe und einen Mundschutz an<\/li>\n<li>Nehmen Sie die Trace Syringe und die Spritze aus der Verpackung<\/li>\n<li>Schrauben Sie die rote Kappe der Sporenspritze ab und ersetzen Sie sie durch die Spritzennadel<\/li>\n<li>Anzuchtbeh\u00e4lter oder Anzuchtbeutel mit dem Substrat beif\u00fcgen<\/li>\n<li>Dr\u00fccken Sie langsam auf die R\u00fcckseite der Spritze (den Kolben) und lassen Sie jeden Tropfen verstreut auf das Substrat fallen. Die Stelle, an der der Tropfen auf das Substrat f\u00e4llt, ist ein potenzieller Wachstumsort f\u00fcr das Myzel. Wenn Sie den Tropfen gut verteilen, optimieren Sie die Besiedlung.<\/li>\n<\/ol>\n<h2>Inhalt Ihrer Mondo Spore Spritze PES Hawaii<\/h2>\n<ul>\n<li>1 x Sporenspritze enth\u00e4lt mehrere Millionen Sporen, die in 20 ml sterilem Wasser gel\u00f6st sind.<\/li>\n<li>1 x Injektionsnadel<\/li>\n<li>1 x Alkoholtuch<\/li>\n<\/ul>\n<h2>Wie viele PES Hawaii Pilze sollten Sie einnehmen?<\/h2>\n<p>Im Durchschnitt k\u00f6nnen Sie von den folgenden Mengen ausgehen:<\/p>\n<ul>\n<li>Mikrodosierung: 0,2 Gramm getrocknete Champignons | 2 Gramm frische Champignons<\/li>\n<li>Milder Trip: 1,5 Gramm getrocknete Pilze | 15 Gramm frische Pilze<\/li>\n<li>Normale Reise: 2,5 Gramm getrocknete Pilze | 25 Gramm frische Pilze<\/li>\n<li>Intensive Reise: 3,5 Gramm getrocknete Pilze | 35 Gramm frische Pilze<\/li>\n<\/ul>\n<h2>Aufbewahrung Ihrer Mondo Spore Spritze PES Hawaii<\/h2>\n<p>Da es sich um ein empfindliches Produkt handelt, empfehlen wir, die Sporenspritze sofort nach Erhalt f\u00fcr 24 Stunden bei einer Temperatur zwischen 2 und 8 Grad in den K\u00fchlschrank zu legen, bevor Sie sie verwenden.<\/p>\n","protected":false},"excerpt":{"rendered":"<p>Die PES Hawaii Psilocybe cubensis ist eine interessante Sorte, die optisch ansprechend und f\u00fcr ihre potenziell starken Wirkungen bekannt ist. Obwohl der Name Assoziationen mit hawaiianischen Urspr\u00fcngen weckt, ist diese Sorte tats\u00e4chlich nach dem Unternehmen Pacific Exotica Spora benannt, das seinen Sitz auf Hawaii hat. Diese Pilze sind nicht mit dem bekannteren und extrem potenten [&hellip;]<\/p>\n","protected":false},"featured_media":39149,"comment_status":"closed","ping_status":"closed","template":"","meta":[],"product_brand":[],"product_cat":[363],"product_tag":[],"class_list":{"0":"post-39169","1":"product","2":"type-product","3":"status-publish","4":"has-post-thumbnail","6":"product_cat-sporenspritzen-zauberpilz","8":"first","9":"instock","10":"taxable","11":"shipping-taxable","12":"purchasable","13":"product-type-simple"},"yoast_head":"<!-- This site is optimized with the Yoast SEO Premium plugin v26.4 (Yoast SEO v27.2) - https:\/\/yoast.com\/product\/yoast-seo-premium-wordpress\/ -->\n<title>Sporenspritze PES Hawaii - Dutchmicrodosing<\/title>\n<meta name=\"robots\" content=\"index, follow, max-snippet:-1, max-image-preview:large, max-video-preview:-1\" \/>\n<link rel=\"canonical\" href=\"https:\/\/dutchmicrodosing.com\/de\/sporen-zauberpilze\/sporenspritzen-zauberpilz\/sporen-spritze-pes-hawaii\/\" \/>\n<meta property=\"og:locale\" content=\"de_DE\" \/>\n<meta property=\"og:type\" content=\"article\" \/>\n<meta property=\"og:title\" content=\"Sporenspritze PES Hawaii\" \/>\n<meta property=\"og:description\" content=\"Die PES Hawaii Psilocybe cubensis ist eine interessante Sorte, die optisch ansprechend und f\u00fcr ihre potenziell starken Wirkungen bekannt ist. Obwohl der\" \/>\n<meta property=\"og:url\" content=\"https:\/\/dutchmicrodosing.com\/de\/sporen-zauberpilze\/sporenspritzen-zauberpilz\/sporen-spritze-pes-hawaii\/\" \/>\n<meta property=\"og:site_name\" content=\"Dutchmicrodosing\" \/>\n<meta property=\"article:publisher\" content=\"https:\/\/www.facebook.com\/Dutchmicrodosingxp\/\" \/>\n<meta property=\"article:modified_time\" content=\"2025-09-09T11:24:19+00:00\" \/>\n<meta property=\"og:image\" content=\"https:\/\/dutchmicrodosing.com\/wp-content\/uploads\/2024\/05\/mondo-sporenspuit-psilocybe-cubensis-treasure-coast.jpg\" \/>\n\t<meta property=\"og:image:width\" content=\"330\" \/>\n\t<meta property=\"og:image:height\" content=\"330\" \/>\n\t<meta property=\"og:image:type\" content=\"image\/jpeg\" \/>\n<meta name=\"twitter:card\" content=\"summary_large_image\" \/>\n<script type=\"application\/ld+json\" class=\"yoast-schema-graph\">{\"@context\":\"https:\/\/schema.org\",\"@graph\":[{\"@type\":\"WebPage\",\"@id\":\"https:\/\/dutchmicrodosing.com\/de\/sporen-zauberpilze\/sporenspritzen-zauberpilz\/sporen-spritze-pes-hawaii\/\",\"url\":\"https:\/\/dutchmicrodosing.com\/de\/sporen-zauberpilze\/sporenspritzen-zauberpilz\/sporen-spritze-pes-hawaii\/\",\"name\":\"Sporenspritze PES Hawaii - Dutchmicrodosing\",\"isPartOf\":{\"@id\":\"https:\/\/dutchmicrodosing.com\/de\/#website\"},\"primaryImageOfPage\":{\"@id\":\"https:\/\/dutchmicrodosing.com\/de\/sporen-zauberpilze\/sporenspritzen-zauberpilz\/sporen-spritze-pes-hawaii\/#primaryimage\"},\"image\":{\"@id\":\"https:\/\/dutchmicrodosing.com\/de\/sporen-zauberpilze\/sporenspritzen-zauberpilz\/sporen-spritze-pes-hawaii\/#primaryimage\"},\"thumbnailUrl\":\"https:\/\/dutchmicrodosing.com\/wp-content\/uploads\/2024\/05\/mondo-sporenspuit-psilocybe-cubensis-treasure-coast.jpg\",\"datePublished\":\"2024-05-12T09:16:54+00:00\",\"dateModified\":\"2025-09-09T11:24:19+00:00\",\"breadcrumb\":{\"@id\":\"https:\/\/dutchmicrodosing.com\/de\/sporen-zauberpilze\/sporenspritzen-zauberpilz\/sporen-spritze-pes-hawaii\/#breadcrumb\"},\"inLanguage\":\"de\",\"potentialAction\":[{\"@type\":\"ReadAction\",\"target\":[\"https:\/\/dutchmicrodosing.com\/de\/sporen-zauberpilze\/sporenspritzen-zauberpilz\/sporen-spritze-pes-hawaii\/\"]}]},{\"@type\":\"ImageObject\",\"inLanguage\":\"de\",\"@id\":\"https:\/\/dutchmicrodosing.com\/de\/sporen-zauberpilze\/sporenspritzen-zauberpilz\/sporen-spritze-pes-hawaii\/#primaryimage\",\"url\":\"https:\/\/dutchmicrodosing.com\/wp-content\/uploads\/2024\/05\/mondo-sporenspuit-psilocybe-cubensis-treasure-coast.jpg\",\"contentUrl\":\"https:\/\/dutchmicrodosing.com\/wp-content\/uploads\/2024\/05\/mondo-sporenspuit-psilocybe-cubensis-treasure-coast.jpg\",\"width\":330,\"height\":330},{\"@type\":\"BreadcrumbList\",\"@id\":\"https:\/\/dutchmicrodosing.com\/de\/sporen-zauberpilze\/sporenspritzen-zauberpilz\/sporen-spritze-pes-hawaii\/#breadcrumb\",\"itemListElement\":[{\"@type\":\"ListItem\",\"position\":1,\"name\":\"Home\",\"item\":\"https:\/\/dutchmicrodosing.com\/de\/\"},{\"@type\":\"ListItem\",\"position\":2,\"name\":\"Shop\",\"item\":\"https:\/\/dutchmicrodosing.com\/de\/shop\/\"},{\"@type\":\"ListItem\",\"position\":3,\"name\":\"Sporenspritze PES Hawaii\"}]},{\"@type\":\"WebSite\",\"@id\":\"https:\/\/dutchmicrodosing.com\/de\/#website\",\"url\":\"https:\/\/dutchmicrodosing.com\/de\/\",\"name\":\"Dutchmicrodosing\",\"description\":\"\",\"publisher\":{\"@id\":\"https:\/\/dutchmicrodosing.com\/de\/#organization\"},\"potentialAction\":[{\"@type\":\"SearchAction\",\"target\":{\"@type\":\"EntryPoint\",\"urlTemplate\":\"https:\/\/dutchmicrodosing.com\/de\/?s={search_term_string}\"},\"query-input\":{\"@type\":\"PropertyValueSpecification\",\"valueRequired\":true,\"valueName\":\"search_term_string\"}}],\"inLanguage\":\"de\"},{\"@type\":\"Organization\",\"@id\":\"https:\/\/dutchmicrodosing.com\/de\/#organization\",\"name\":\"Dutchmicrodosing\",\"url\":\"https:\/\/dutchmicrodosing.com\/de\/\",\"logo\":{\"@type\":\"ImageObject\",\"inLanguage\":\"de\",\"@id\":\"https:\/\/dutchmicrodosing.com\/de\/#\/schema\/logo\/image\/\",\"url\":\"https:\/\/dutchmicrodosing.com\/wp-content\/uploads\/2021\/01\/microdosing-categorie-pic-nieuw.jpg\",\"contentUrl\":\"https:\/\/dutchmicrodosing.com\/wp-content\/uploads\/2021\/01\/microdosing-categorie-pic-nieuw.jpg\",\"width\":500,\"height\":500,\"caption\":\"Dutchmicrodosing\"},\"image\":{\"@id\":\"https:\/\/dutchmicrodosing.com\/de\/#\/schema\/logo\/image\/\"},\"sameAs\":[\"https:\/\/www.facebook.com\/Dutchmicrodosingxp\/\",\"https:\/\/www.instagram.com\/dutchmicrodosing\/\"]}]}<\/script>\n<meta property=\"product:price:amount\" content=\"17.95\" \/>\n<meta property=\"product:price:currency\" content=\"EUR\" \/>\n<meta property=\"og:availability\" content=\"instock\" \/>\n<meta property=\"product:availability\" content=\"instock\" \/>\n<meta property=\"product:retailer_item_id\" content=\"0212360\" \/>\n<meta property=\"product:condition\" content=\"new\" \/>\n<!-- \/ Yoast SEO Premium plugin. -->","yoast_head_json":{"title":"Sporenspritze PES Hawaii - Dutchmicrodosing","robots":{"index":"index","follow":"follow","max-snippet":"max-snippet:-1","max-image-preview":"max-image-preview:large","max-video-preview":"max-video-preview:-1"},"canonical":"https:\/\/dutchmicrodosing.com\/de\/sporen-zauberpilze\/sporenspritzen-zauberpilz\/sporen-spritze-pes-hawaii\/","og_locale":"de_DE","og_type":"article","og_title":"Sporenspritze PES Hawaii","og_description":"Die PES Hawaii Psilocybe cubensis ist eine interessante Sorte, die optisch ansprechend und f\u00fcr ihre potenziell starken Wirkungen bekannt ist. Obwohl der","og_url":"https:\/\/dutchmicrodosing.com\/de\/sporen-zauberpilze\/sporenspritzen-zauberpilz\/sporen-spritze-pes-hawaii\/","og_site_name":"Dutchmicrodosing","article_publisher":"https:\/\/www.facebook.com\/Dutchmicrodosingxp\/","article_modified_time":"2025-09-09T11:24:19+00:00","og_image":[{"width":330,"height":330,"url":"https:\/\/dutchmicrodosing.com\/wp-content\/uploads\/2024\/05\/mondo-sporenspuit-psilocybe-cubensis-treasure-coast.jpg","type":"image\/jpeg"}],"twitter_card":"summary_large_image","schema":{"@context":"https:\/\/schema.org","@graph":[{"@type":"WebPage","@id":"https:\/\/dutchmicrodosing.com\/de\/sporen-zauberpilze\/sporenspritzen-zauberpilz\/sporen-spritze-pes-hawaii\/","url":"https:\/\/dutchmicrodosing.com\/de\/sporen-zauberpilze\/sporenspritzen-zauberpilz\/sporen-spritze-pes-hawaii\/","name":"Sporenspritze PES Hawaii - Dutchmicrodosing","isPartOf":{"@id":"https:\/\/dutchmicrodosing.com\/de\/#website"},"primaryImageOfPage":{"@id":"https:\/\/dutchmicrodosing.com\/de\/sporen-zauberpilze\/sporenspritzen-zauberpilz\/sporen-spritze-pes-hawaii\/#primaryimage"},"image":{"@id":"https:\/\/dutchmicrodosing.com\/de\/sporen-zauberpilze\/sporenspritzen-zauberpilz\/sporen-spritze-pes-hawaii\/#primaryimage"},"thumbnailUrl":"https:\/\/dutchmicrodosing.com\/wp-content\/uploads\/2024\/05\/mondo-sporenspuit-psilocybe-cubensis-treasure-coast.jpg","datePublished":"2024-05-12T09:16:54+00:00","dateModified":"2025-09-09T11:24:19+00:00","breadcrumb":{"@id":"https:\/\/dutchmicrodosing.com\/de\/sporen-zauberpilze\/sporenspritzen-zauberpilz\/sporen-spritze-pes-hawaii\/#breadcrumb"},"inLanguage":"de","potentialAction":[{"@type":"ReadAction","target":["https:\/\/dutchmicrodosing.com\/de\/sporen-zauberpilze\/sporenspritzen-zauberpilz\/sporen-spritze-pes-hawaii\/"]}]},{"@type":"ImageObject","inLanguage":"de","@id":"https:\/\/dutchmicrodosing.com\/de\/sporen-zauberpilze\/sporenspritzen-zauberpilz\/sporen-spritze-pes-hawaii\/#primaryimage","url":"https:\/\/dutchmicrodosing.com\/wp-content\/uploads\/2024\/05\/mondo-sporenspuit-psilocybe-cubensis-treasure-coast.jpg","contentUrl":"https:\/\/dutchmicrodosing.com\/wp-content\/uploads\/2024\/05\/mondo-sporenspuit-psilocybe-cubensis-treasure-coast.jpg","width":330,"height":330},{"@type":"BreadcrumbList","@id":"https:\/\/dutchmicrodosing.com\/de\/sporen-zauberpilze\/sporenspritzen-zauberpilz\/sporen-spritze-pes-hawaii\/#breadcrumb","itemListElement":[{"@type":"ListItem","position":1,"name":"Home","item":"https:\/\/dutchmicrodosing.com\/de\/"},{"@type":"ListItem","position":2,"name":"Shop","item":"https:\/\/dutchmicrodosing.com\/de\/shop\/"},{"@type":"ListItem","position":3,"name":"Sporenspritze PES Hawaii"}]},{"@type":"WebSite","@id":"https:\/\/dutchmicrodosing.com\/de\/#website","url":"https:\/\/dutchmicrodosing.com\/de\/","name":"Dutchmicrodosing","description":"","publisher":{"@id":"https:\/\/dutchmicrodosing.com\/de\/#organization"},"potentialAction":[{"@type":"SearchAction","target":{"@type":"EntryPoint","urlTemplate":"https:\/\/dutchmicrodosing.com\/de\/?s={search_term_string}"},"query-input":{"@type":"PropertyValueSpecification","valueRequired":true,"valueName":"search_term_string"}}],"inLanguage":"de"},{"@type":"Organization","@id":"https:\/\/dutchmicrodosing.com\/de\/#organization","name":"Dutchmicrodosing","url":"https:\/\/dutchmicrodosing.com\/de\/","logo":{"@type":"ImageObject","inLanguage":"de","@id":"https:\/\/dutchmicrodosing.com\/de\/#\/schema\/logo\/image\/","url":"https:\/\/dutchmicrodosing.com\/wp-content\/uploads\/2021\/01\/microdosing-categorie-pic-nieuw.jpg","contentUrl":"https:\/\/dutchmicrodosing.com\/wp-content\/uploads\/2021\/01\/microdosing-categorie-pic-nieuw.jpg","width":500,"height":500,"caption":"Dutchmicrodosing"},"image":{"@id":"https:\/\/dutchmicrodosing.com\/de\/#\/schema\/logo\/image\/"},"sameAs":["https:\/\/www.facebook.com\/Dutchmicrodosingxp\/","https:\/\/www.instagram.com\/dutchmicrodosing\/"]}]},"product_price_amount":"17.95","product_price_currency":"EUR","og_availability":"instock","product_availability":"instock","product_retailer_item_id":"0212360","product_condition":"new"},"_links":{"self":[{"href":"https:\/\/dutchmicrodosing.com\/de\/wp-json\/wp\/v2\/product\/39169","targetHints":{"allow":["GET"]}}],"collection":[{"href":"https:\/\/dutchmicrodosing.com\/de\/wp-json\/wp\/v2\/product"}],"about":[{"href":"https:\/\/dutchmicrodosing.com\/de\/wp-json\/wp\/v2\/types\/product"}],"replies":[{"embeddable":true,"href":"https:\/\/dutchmicrodosing.com\/de\/wp-json\/wp\/v2\/comments?post=39169"}],"version-history":[{"count":0,"href":"https:\/\/dutchmicrodosing.com\/de\/wp-json\/wp\/v2\/product\/39169\/revisions"}],"wp:featuredmedia":[{"embeddable":true,"href":"https:\/\/dutchmicrodosing.com\/de\/wp-json\/wp\/v2\/media\/39149"}],"wp:attachment":[{"href":"https:\/\/dutchmicrodosing.com\/de\/wp-json\/wp\/v2\/media?parent=39169"}],"wp:term":[{"taxonomy":"product_brand","embeddable":true,"href":"https:\/\/dutchmicrodosing.com\/de\/wp-json\/wp\/v2\/product_brand?post=39169"},{"taxonomy":"product_cat","embeddable":true,"href":"https:\/\/dutchmicrodosing.com\/de\/wp-json\/wp\/v2\/product_cat?post=39169"},{"taxonomy":"product_tag","embeddable":true,"href":"https:\/\/dutchmicrodosing.com\/de\/wp-json\/wp\/v2\/product_tag?post=39169"}],"curies":[{"name":"wp","href":"https:\/\/api.w.org\/{rel}","templated":true}]}}