{"id":39178,"date":"2024-05-12T11:24:16","date_gmt":"2024-05-12T09:24:16","guid":{"rendered":"https:\/\/dutchmicrodosing.com\/shop\/unkategorisiert\/sporen-spritze-mckennaii\/"},"modified":"2025-08-26T01:10:17","modified_gmt":"2025-08-25T23:10:17","slug":"sporen-spritze-mckennaii","status":"publish","type":"product","link":"https:\/\/dutchmicrodosing.com\/de\/sporen-zauberpilze\/sporenspritzen-zauberpilz\/sporen-spritze-mckennaii\/","title":{"rendered":"Sporenspritze McKennaii"},"content":{"rendered":"<p>Die <strong>McKennaii Sporenspritze<\/strong> ist eine bemerkenswerte Variante innerhalb der Psilocybe cubensis Art und ist f\u00fcr ihre besonders starke Wirkung bekannt. Dieser Pilz ist nach Terrence McKenna benannt, einem einflussreichen Ethnomykologen und Experten f\u00fcr Psychedelika. McKenna war ein Pionier in der Erforschung und F\u00f6rderung der Verwendung von psychedelischen Substanzen, einschlie\u00dflich Psilocybin-Pilzen, und hat die moderne Wahrnehmung dieser Substanzen ma\u00dfgeblich beeinflusst.<\/p>\n<p>Der McKennaii-Pilz selbst produziert mittelgro\u00dfe Fr\u00fcchte mit hellbraunen H\u00fcten, die nicht besonders gro\u00df werden, aber die St\u00e4rke dieser Sorte liegt in ihrer psychoaktiven Wirkung. Dazu geh\u00f6ren intensive visuelle Halluzinationen und tiefe philosophische und kreative Einsichten, die oft als spirituelles Erwachen beschrieben werden. Aufgrund dieser extremen Wirkungen wird McKennaii oft als zu intensiv f\u00fcr Anf\u00e4nger angesehen und ist daher besser f\u00fcr erfahrenere Nutzer von Psychedelika geeignet.<\/p>\n<h2>Wirkungen der Mondo McKennaii Psilocybin-Pilze<\/h2>\n<p>Der McKennaii-Pilz ist nicht f\u00fcr Anf\u00e4nger geeignet. Sie sind einfach zu z\u00fcchten und die Wirkung ist perfekt f\u00fcr diejenigen, die schon einmal mit Psilocybin-Pilzen experimentiert haben. Der McKennaii-Pilz ist hochgradig visuell, kreativ, philosophisch und von mittlerer innerer und \u00e4u\u00dferer Energie.<\/p>\n<h2>Zuchtinformationen Mondo Sporenspritze McKennaii<\/h2>\n<ul>\n<li>Schwierigkeit der Kultivierung: Leicht<\/li>\n<li>Substrat: Dung, Stroh, verschiedene Getreidesorten<\/li>\n<li>Besiedelungszeit: 12-14 Tage<\/li>\n<li>Besiedlungstemperatur: 28-30 Grad Celsius<\/li>\n<li>Temperatur der Fr\u00fcchte: 18-27 Grad Celsius<\/li>\n<\/ul>\n<h2>Wie bereite ich meine Mondo Spore Spritze McKennaii vor?<\/h2>\n<p>Bevor Sie mit dem Ausbringen der Sporen beginnen, m\u00fcssen Sie zun\u00e4chst ein Substrat in einer Anzuchtschale oder einem Beutel vorbereiten. Es ist wichtig, die Tropfen der Spurenl\u00f6sung gut auf dem Substrat zu verteilen. Dadurch kann sich das Myzel schneller und besser entwickeln. Die sterilen Mondo Sporenspritzen sind sehr einfach zu verwenden. Mit einer 20ml McKennaii Sporenspritze k\u00f6nnen Sie problemlos 6 Liter Substrat besiedeln.<\/p>\n<ol>\n<li>Ziehen Sie Handschuhe und einen Mundschutz an<\/li>\n<li>Nehmen Sie die Trace Syringe und die Spritze aus der Verpackung<\/li>\n<li>Schrauben Sie die rote Kappe der Sporenspritze ab und ersetzen Sie sie durch die Spritzennadel<\/li>\n<li>Anzuchtbeh\u00e4lter oder Anzuchtbeutel mit dem Substrat beif\u00fcgen<\/li>\n<li>Dr\u00fccken Sie langsam auf die R\u00fcckseite der Spritze (den Kolben) und lassen Sie jeden Tropfen verstreut auf das Substrat fallen. Die Stelle, an der der Tropfen auf das Substrat f\u00e4llt, ist ein potenzieller Wachstumsort f\u00fcr das Myzel. Wenn Sie den Tropfen gut verteilen, optimieren Sie die Besiedlung.<\/li>\n<\/ol>\n<h2>Inhalt Ihrer Mondo Spore Spritze McKennaii<\/h2>\n<ul>\n<li>1 x Sporenspritze enth\u00e4lt mehrere Millionen Sporen, die in 20 ml sterilem Wasser gel\u00f6st sind.<\/li>\n<li>1 x Injektionsnadel<\/li>\n<li>1 x Alkoholtuch<\/li>\n<\/ul>\n<h2>Wie viele McKennaii-Pilze sollten Sie einnehmen?<\/h2>\n<p>Im Durchschnitt k\u00f6nnen Sie von den folgenden Mengen ausgehen:<\/p>\n<ul>\n<li>Milder Trip: 1 Gramm getrocknete Pilze | 10 Gramm frische Pilze<\/li>\n<li>Normale Reise: 2 Gramm getrocknete Pilze | 20 Gramm frische Pilze<\/li>\n<li>Intensive Reise: 3 Gramm getrocknete Pilze | 30 Gramm frische Pilze<\/li>\n<\/ul>\n<h2>Sichern Sie sich Ihren Mondo Spore Sprayer McKennaii<\/h2>\n<p>Da es sich um ein empfindliches Produkt handelt, empfehlen wir, die Sporenspritze sofort nach Erhalt f\u00fcr 24 Stunden in den K\u00fchlschrank mit einer Temperatur zwischen 2 und 8 Grad zu legen, bevor Sie sie verwenden.<\/p>\n","protected":false},"excerpt":{"rendered":"<p>Die McKennaii Sporenspritze ist eine bemerkenswerte Variante innerhalb der Psilocybe cubensis Art und ist f\u00fcr ihre besonders starke Wirkung bekannt. Dieser Pilz ist nach Terrence McKenna benannt, einem einflussreichen Ethnomykologen und Experten f\u00fcr Psychedelika. McKenna war ein Pionier in der Erforschung und F\u00f6rderung der Verwendung von psychedelischen Substanzen, einschlie\u00dflich Psilocybin-Pilzen, und hat die moderne Wahrnehmung [&hellip;]<\/p>\n","protected":false},"featured_media":39149,"comment_status":"closed","ping_status":"closed","template":"","meta":[],"product_brand":[],"product_cat":[363],"product_tag":[],"class_list":{"0":"post-39178","1":"product","2":"type-product","3":"status-publish","4":"has-post-thumbnail","6":"product_cat-sporenspritzen-zauberpilz","8":"first","9":"instock","10":"taxable","11":"shipping-taxable","12":"purchasable","13":"product-type-simple"},"yoast_head":"<!-- This site is optimized with the Yoast SEO Premium plugin v26.4 (Yoast SEO v27.2) - https:\/\/yoast.com\/product\/yoast-seo-premium-wordpress\/ -->\n<title>Sporenspritze McKennaii - Dutchmicrodosing<\/title>\n<meta name=\"description\" content=\"Entdecken Sie das kraftvolle Spore Spray McKennaii f\u00fcr die Zucht einzigartiger und optisch beeindruckender Pilze. Klicken Sie hier f\u00fcr weitere Informationen...\" \/>\n<meta name=\"robots\" content=\"index, follow, max-snippet:-1, max-image-preview:large, max-video-preview:-1\" \/>\n<link rel=\"canonical\" href=\"https:\/\/dutchmicrodosing.com\/de\/sporen-zauberpilze\/sporenspritzen-zauberpilz\/sporen-spritze-mckennaii\/\" \/>\n<meta property=\"og:locale\" content=\"de_DE\" \/>\n<meta property=\"og:type\" content=\"article\" \/>\n<meta property=\"og:title\" content=\"Sporenspritze McKennaii\" \/>\n<meta property=\"og:description\" content=\"Die McKennaii Sporenspritze ist eine bemerkenswerte Variante innerhalb der Psilocybe cubensis Art und ist f\u00fcr ihre besonders starke Wirkung bekannt.\" \/>\n<meta property=\"og:url\" content=\"https:\/\/dutchmicrodosing.com\/de\/sporen-zauberpilze\/sporenspritzen-zauberpilz\/sporen-spritze-mckennaii\/\" \/>\n<meta property=\"og:site_name\" content=\"Dutchmicrodosing\" \/>\n<meta property=\"article:publisher\" content=\"https:\/\/www.facebook.com\/Dutchmicrodosingxp\/\" \/>\n<meta property=\"article:modified_time\" content=\"2025-08-25T23:10:17+00:00\" \/>\n<meta property=\"og:image\" content=\"https:\/\/dutchmicrodosing.com\/wp-content\/uploads\/2024\/05\/mondo-sporenspuit-psilocybe-cubensis-treasure-coast.jpg\" \/>\n\t<meta property=\"og:image:width\" content=\"330\" \/>\n\t<meta property=\"og:image:height\" content=\"330\" \/>\n\t<meta property=\"og:image:type\" content=\"image\/jpeg\" \/>\n<meta name=\"twitter:card\" content=\"summary_large_image\" \/>\n<script type=\"application\/ld+json\" class=\"yoast-schema-graph\">{\"@context\":\"https:\/\/schema.org\",\"@graph\":[{\"@type\":\"WebPage\",\"@id\":\"https:\/\/dutchmicrodosing.com\/de\/sporen-zauberpilze\/sporenspritzen-zauberpilz\/sporen-spritze-mckennaii\/\",\"url\":\"https:\/\/dutchmicrodosing.com\/de\/sporen-zauberpilze\/sporenspritzen-zauberpilz\/sporen-spritze-mckennaii\/\",\"name\":\"Sporenspritze McKennaii - Dutchmicrodosing\",\"isPartOf\":{\"@id\":\"https:\/\/dutchmicrodosing.com\/de\/#website\"},\"primaryImageOfPage\":{\"@id\":\"https:\/\/dutchmicrodosing.com\/de\/sporen-zauberpilze\/sporenspritzen-zauberpilz\/sporen-spritze-mckennaii\/#primaryimage\"},\"image\":{\"@id\":\"https:\/\/dutchmicrodosing.com\/de\/sporen-zauberpilze\/sporenspritzen-zauberpilz\/sporen-spritze-mckennaii\/#primaryimage\"},\"thumbnailUrl\":\"https:\/\/dutchmicrodosing.com\/wp-content\/uploads\/2024\/05\/mondo-sporenspuit-psilocybe-cubensis-treasure-coast.jpg\",\"datePublished\":\"2024-05-12T09:24:16+00:00\",\"dateModified\":\"2025-08-25T23:10:17+00:00\",\"description\":\"Entdecken Sie das kraftvolle Spore Spray McKennaii f\u00fcr die Zucht einzigartiger und optisch beeindruckender Pilze. Klicken Sie hier f\u00fcr weitere Informationen...\",\"breadcrumb\":{\"@id\":\"https:\/\/dutchmicrodosing.com\/de\/sporen-zauberpilze\/sporenspritzen-zauberpilz\/sporen-spritze-mckennaii\/#breadcrumb\"},\"inLanguage\":\"de\",\"potentialAction\":[{\"@type\":\"ReadAction\",\"target\":[\"https:\/\/dutchmicrodosing.com\/de\/sporen-zauberpilze\/sporenspritzen-zauberpilz\/sporen-spritze-mckennaii\/\"]}]},{\"@type\":\"ImageObject\",\"inLanguage\":\"de\",\"@id\":\"https:\/\/dutchmicrodosing.com\/de\/sporen-zauberpilze\/sporenspritzen-zauberpilz\/sporen-spritze-mckennaii\/#primaryimage\",\"url\":\"https:\/\/dutchmicrodosing.com\/wp-content\/uploads\/2024\/05\/mondo-sporenspuit-psilocybe-cubensis-treasure-coast.jpg\",\"contentUrl\":\"https:\/\/dutchmicrodosing.com\/wp-content\/uploads\/2024\/05\/mondo-sporenspuit-psilocybe-cubensis-treasure-coast.jpg\",\"width\":330,\"height\":330},{\"@type\":\"BreadcrumbList\",\"@id\":\"https:\/\/dutchmicrodosing.com\/de\/sporen-zauberpilze\/sporenspritzen-zauberpilz\/sporen-spritze-mckennaii\/#breadcrumb\",\"itemListElement\":[{\"@type\":\"ListItem\",\"position\":1,\"name\":\"Home\",\"item\":\"https:\/\/dutchmicrodosing.com\/de\/\"},{\"@type\":\"ListItem\",\"position\":2,\"name\":\"Shop\",\"item\":\"https:\/\/dutchmicrodosing.com\/de\/shop\/\"},{\"@type\":\"ListItem\",\"position\":3,\"name\":\"Sporenspritze McKennaii\"}]},{\"@type\":\"WebSite\",\"@id\":\"https:\/\/dutchmicrodosing.com\/de\/#website\",\"url\":\"https:\/\/dutchmicrodosing.com\/de\/\",\"name\":\"Dutchmicrodosing\",\"description\":\"\",\"publisher\":{\"@id\":\"https:\/\/dutchmicrodosing.com\/de\/#organization\"},\"potentialAction\":[{\"@type\":\"SearchAction\",\"target\":{\"@type\":\"EntryPoint\",\"urlTemplate\":\"https:\/\/dutchmicrodosing.com\/de\/?s={search_term_string}\"},\"query-input\":{\"@type\":\"PropertyValueSpecification\",\"valueRequired\":true,\"valueName\":\"search_term_string\"}}],\"inLanguage\":\"de\"},{\"@type\":\"Organization\",\"@id\":\"https:\/\/dutchmicrodosing.com\/de\/#organization\",\"name\":\"Dutchmicrodosing\",\"url\":\"https:\/\/dutchmicrodosing.com\/de\/\",\"logo\":{\"@type\":\"ImageObject\",\"inLanguage\":\"de\",\"@id\":\"https:\/\/dutchmicrodosing.com\/de\/#\/schema\/logo\/image\/\",\"url\":\"https:\/\/dutchmicrodosing.com\/wp-content\/uploads\/2021\/01\/microdosing-categorie-pic-nieuw.jpg\",\"contentUrl\":\"https:\/\/dutchmicrodosing.com\/wp-content\/uploads\/2021\/01\/microdosing-categorie-pic-nieuw.jpg\",\"width\":500,\"height\":500,\"caption\":\"Dutchmicrodosing\"},\"image\":{\"@id\":\"https:\/\/dutchmicrodosing.com\/de\/#\/schema\/logo\/image\/\"},\"sameAs\":[\"https:\/\/www.facebook.com\/Dutchmicrodosingxp\/\",\"https:\/\/www.instagram.com\/dutchmicrodosing\/\"]}]}<\/script>\n<meta property=\"product:price:amount\" content=\"17.95\" \/>\n<meta property=\"product:price:currency\" content=\"EUR\" \/>\n<meta property=\"og:availability\" content=\"instock\" \/>\n<meta property=\"product:availability\" content=\"instock\" \/>\n<meta property=\"product:retailer_item_id\" content=\"0212105\" \/>\n<meta property=\"product:condition\" content=\"new\" \/>\n<!-- \/ Yoast SEO Premium plugin. -->","yoast_head_json":{"title":"Sporenspritze McKennaii - Dutchmicrodosing","description":"Entdecken Sie das kraftvolle Spore Spray McKennaii f\u00fcr die Zucht einzigartiger und optisch beeindruckender Pilze. Klicken Sie hier f\u00fcr weitere Informationen...","robots":{"index":"index","follow":"follow","max-snippet":"max-snippet:-1","max-image-preview":"max-image-preview:large","max-video-preview":"max-video-preview:-1"},"canonical":"https:\/\/dutchmicrodosing.com\/de\/sporen-zauberpilze\/sporenspritzen-zauberpilz\/sporen-spritze-mckennaii\/","og_locale":"de_DE","og_type":"article","og_title":"Sporenspritze McKennaii","og_description":"Die McKennaii Sporenspritze ist eine bemerkenswerte Variante innerhalb der Psilocybe cubensis Art und ist f\u00fcr ihre besonders starke Wirkung bekannt.","og_url":"https:\/\/dutchmicrodosing.com\/de\/sporen-zauberpilze\/sporenspritzen-zauberpilz\/sporen-spritze-mckennaii\/","og_site_name":"Dutchmicrodosing","article_publisher":"https:\/\/www.facebook.com\/Dutchmicrodosingxp\/","article_modified_time":"2025-08-25T23:10:17+00:00","og_image":[{"width":330,"height":330,"url":"https:\/\/dutchmicrodosing.com\/wp-content\/uploads\/2024\/05\/mondo-sporenspuit-psilocybe-cubensis-treasure-coast.jpg","type":"image\/jpeg"}],"twitter_card":"summary_large_image","schema":{"@context":"https:\/\/schema.org","@graph":[{"@type":"WebPage","@id":"https:\/\/dutchmicrodosing.com\/de\/sporen-zauberpilze\/sporenspritzen-zauberpilz\/sporen-spritze-mckennaii\/","url":"https:\/\/dutchmicrodosing.com\/de\/sporen-zauberpilze\/sporenspritzen-zauberpilz\/sporen-spritze-mckennaii\/","name":"Sporenspritze McKennaii - Dutchmicrodosing","isPartOf":{"@id":"https:\/\/dutchmicrodosing.com\/de\/#website"},"primaryImageOfPage":{"@id":"https:\/\/dutchmicrodosing.com\/de\/sporen-zauberpilze\/sporenspritzen-zauberpilz\/sporen-spritze-mckennaii\/#primaryimage"},"image":{"@id":"https:\/\/dutchmicrodosing.com\/de\/sporen-zauberpilze\/sporenspritzen-zauberpilz\/sporen-spritze-mckennaii\/#primaryimage"},"thumbnailUrl":"https:\/\/dutchmicrodosing.com\/wp-content\/uploads\/2024\/05\/mondo-sporenspuit-psilocybe-cubensis-treasure-coast.jpg","datePublished":"2024-05-12T09:24:16+00:00","dateModified":"2025-08-25T23:10:17+00:00","description":"Entdecken Sie das kraftvolle Spore Spray McKennaii f\u00fcr die Zucht einzigartiger und optisch beeindruckender Pilze. Klicken Sie hier f\u00fcr weitere Informationen...","breadcrumb":{"@id":"https:\/\/dutchmicrodosing.com\/de\/sporen-zauberpilze\/sporenspritzen-zauberpilz\/sporen-spritze-mckennaii\/#breadcrumb"},"inLanguage":"de","potentialAction":[{"@type":"ReadAction","target":["https:\/\/dutchmicrodosing.com\/de\/sporen-zauberpilze\/sporenspritzen-zauberpilz\/sporen-spritze-mckennaii\/"]}]},{"@type":"ImageObject","inLanguage":"de","@id":"https:\/\/dutchmicrodosing.com\/de\/sporen-zauberpilze\/sporenspritzen-zauberpilz\/sporen-spritze-mckennaii\/#primaryimage","url":"https:\/\/dutchmicrodosing.com\/wp-content\/uploads\/2024\/05\/mondo-sporenspuit-psilocybe-cubensis-treasure-coast.jpg","contentUrl":"https:\/\/dutchmicrodosing.com\/wp-content\/uploads\/2024\/05\/mondo-sporenspuit-psilocybe-cubensis-treasure-coast.jpg","width":330,"height":330},{"@type":"BreadcrumbList","@id":"https:\/\/dutchmicrodosing.com\/de\/sporen-zauberpilze\/sporenspritzen-zauberpilz\/sporen-spritze-mckennaii\/#breadcrumb","itemListElement":[{"@type":"ListItem","position":1,"name":"Home","item":"https:\/\/dutchmicrodosing.com\/de\/"},{"@type":"ListItem","position":2,"name":"Shop","item":"https:\/\/dutchmicrodosing.com\/de\/shop\/"},{"@type":"ListItem","position":3,"name":"Sporenspritze McKennaii"}]},{"@type":"WebSite","@id":"https:\/\/dutchmicrodosing.com\/de\/#website","url":"https:\/\/dutchmicrodosing.com\/de\/","name":"Dutchmicrodosing","description":"","publisher":{"@id":"https:\/\/dutchmicrodosing.com\/de\/#organization"},"potentialAction":[{"@type":"SearchAction","target":{"@type":"EntryPoint","urlTemplate":"https:\/\/dutchmicrodosing.com\/de\/?s={search_term_string}"},"query-input":{"@type":"PropertyValueSpecification","valueRequired":true,"valueName":"search_term_string"}}],"inLanguage":"de"},{"@type":"Organization","@id":"https:\/\/dutchmicrodosing.com\/de\/#organization","name":"Dutchmicrodosing","url":"https:\/\/dutchmicrodosing.com\/de\/","logo":{"@type":"ImageObject","inLanguage":"de","@id":"https:\/\/dutchmicrodosing.com\/de\/#\/schema\/logo\/image\/","url":"https:\/\/dutchmicrodosing.com\/wp-content\/uploads\/2021\/01\/microdosing-categorie-pic-nieuw.jpg","contentUrl":"https:\/\/dutchmicrodosing.com\/wp-content\/uploads\/2021\/01\/microdosing-categorie-pic-nieuw.jpg","width":500,"height":500,"caption":"Dutchmicrodosing"},"image":{"@id":"https:\/\/dutchmicrodosing.com\/de\/#\/schema\/logo\/image\/"},"sameAs":["https:\/\/www.facebook.com\/Dutchmicrodosingxp\/","https:\/\/www.instagram.com\/dutchmicrodosing\/"]}]},"product_price_amount":"17.95","product_price_currency":"EUR","og_availability":"instock","product_availability":"instock","product_retailer_item_id":"0212105","product_condition":"new"},"_links":{"self":[{"href":"https:\/\/dutchmicrodosing.com\/de\/wp-json\/wp\/v2\/product\/39178","targetHints":{"allow":["GET"]}}],"collection":[{"href":"https:\/\/dutchmicrodosing.com\/de\/wp-json\/wp\/v2\/product"}],"about":[{"href":"https:\/\/dutchmicrodosing.com\/de\/wp-json\/wp\/v2\/types\/product"}],"replies":[{"embeddable":true,"href":"https:\/\/dutchmicrodosing.com\/de\/wp-json\/wp\/v2\/comments?post=39178"}],"version-history":[{"count":0,"href":"https:\/\/dutchmicrodosing.com\/de\/wp-json\/wp\/v2\/product\/39178\/revisions"}],"wp:featuredmedia":[{"embeddable":true,"href":"https:\/\/dutchmicrodosing.com\/de\/wp-json\/wp\/v2\/media\/39149"}],"wp:attachment":[{"href":"https:\/\/dutchmicrodosing.com\/de\/wp-json\/wp\/v2\/media?parent=39178"}],"wp:term":[{"taxonomy":"product_brand","embeddable":true,"href":"https:\/\/dutchmicrodosing.com\/de\/wp-json\/wp\/v2\/product_brand?post=39178"},{"taxonomy":"product_cat","embeddable":true,"href":"https:\/\/dutchmicrodosing.com\/de\/wp-json\/wp\/v2\/product_cat?post=39178"},{"taxonomy":"product_tag","embeddable":true,"href":"https:\/\/dutchmicrodosing.com\/de\/wp-json\/wp\/v2\/product_tag?post=39178"}],"curies":[{"name":"wp","href":"https:\/\/api.w.org\/{rel}","templated":true}]}}