{"id":39251,"date":"2024-05-12T19:17:01","date_gmt":"2024-05-12T17:17:01","guid":{"rendered":"https:\/\/dutchmicrodosing.com\/shop\/unkategorisiert\/mazatapec-sporeprint\/"},"modified":"2026-02-03T16:42:54","modified_gmt":"2026-02-03T15:42:54","slug":"mazatapec-sporeprint","status":"publish","type":"product","link":"https:\/\/dutchmicrodosing.com\/de\/sporen-zauberpilze\/sporenabdruck\/mazatapec-sporeprint\/","title":{"rendered":"Mazatapec Sporenabdruck"},"content":{"rendered":"<p>Kaufen Sie einen <strong>Mazatapec Sporenabdruck<\/strong> f\u00fcr hochwertige Myzel- und Paddockkulturen. Perfekt f\u00fcr Mykologen und Hobbyisten. Ein Pilzsporenabdruck ist ein Abdruck der Sporen eines Pilzes, den man erh\u00e4lt, indem man die Sporen vom Hut des Pilzes auf eine geeignete Oberfl\u00e4che fallen l\u00e4sst. Sporenabdr\u00fccke werden h\u00e4ufig von Mykologen und Hobbyisten verwendet, um Pilze zu identifizieren, Sporen f\u00fcr mikroskopische Untersuchungen zu sammeln oder neue Pilze zu z\u00fcchten. Im Folgenden wird Schritt f\u00fcr Schritt erkl\u00e4rt, wie ein Sporenabdruck erstellt und verwendet wird.<\/p>\n<h2>Wie man ein Pilzsporen-Spray mit einem Sporenabdruck herstellt<\/h2>\n<ul>\n<li>Reinigen und sterilisieren Sie alles, was Sie benutzen! \u00d6ffnen Sie vorsichtig den Sporenabdruck und kratzen Sie mit einem sterilen Messer einige der Sporen in ein steriles Schnapsglas. Eine Messerspitze ist ausreichend f\u00fcr eine 10cc Spritze.<\/li>\n<li>Verwenden Sie nicht zu viel steriles Wasser, ein paar Tropfen sind ausreichend.<\/li>\n<li>Verwenden Sie die Nadel der Spritze, um die Sporen mit ein paar Tropfen sterilem Wasser zu vermischen.<\/li>\n<li>Wenn Sie genau hinsehen, k\u00f6nnen Sie erkennen, dass die Schienen auseinander fallen. Fahren Sie fort, bis sich die Pilzsporen weitgehend im Wasser aufgel\u00f6st haben.<\/li>\n<li>Saugen Sie das Wasser mit den Sporen in die Nadel und dr\u00fccken Sie sie erneut aus.<\/li>\n<li>Wiederholen Sie diesen Vorgang ein paar Mal. Dadurch werden die Sporen gut mit dem Wasser vermischt.<\/li>\n<li>Ziehen Sie noch einmal daran und die Sporenspritze ist nun fertig und einsatzbereit.<\/li>\n<\/ul>\n<h2>Substrat f\u00fcr die Mazatapec-Sporen<\/h2>\n<p>Es gibt verschiedene M\u00f6glichkeiten, ein Substrat zusammenzustellen. Diese Sporen gedeihen gut auf einem Substrat aus braunem Reismehl, PF Tek, Roggen und auf angereichertem Boden und Dung.<\/p>\n<h2>Speichern Sie Ihren Sporenabdruck<\/h2>\n<p>Sporenabdr\u00fccke von Pilzen werden auf sterilem Film gemacht. Sie k\u00f6nnen diese gut in einem sterilen Plastikbeutel mit Verschluss an einem trockenen, sauberen, dunklen und k\u00fchlen Ort aufbewahren.<\/p>\n","protected":false},"excerpt":{"rendered":"<p>Kaufen Sie einen Mazatapec Sporenabdruck f\u00fcr hochwertige Myzel- und Paddockkulturen. Perfekt f\u00fcr Mykologen und Hobbyisten. Ein Pilzsporenabdruck ist ein Abdruck der Sporen eines Pilzes, den man erh\u00e4lt, indem man die Sporen vom Hut des Pilzes auf eine geeignete Oberfl\u00e4che fallen l\u00e4sst. Sporenabdr\u00fccke werden h\u00e4ufig von Mykologen und Hobbyisten verwendet, um Pilze zu identifizieren, Sporen f\u00fcr [&hellip;]<\/p>\n","protected":false},"featured_media":39245,"comment_status":"closed","ping_status":"closed","template":"","meta":[],"product_brand":[],"product_cat":[369],"product_tag":[],"class_list":{"0":"post-39251","1":"product","2":"type-product","3":"status-publish","4":"has-post-thumbnail","6":"product_cat-sporenabdruck","8":"first","9":"instock","10":"taxable","11":"shipping-taxable","12":"purchasable","13":"product-type-simple"},"yoast_head":"<!-- This site is optimized with the Yoast SEO Premium plugin v26.4 (Yoast SEO v27.2) - https:\/\/yoast.com\/product\/yoast-seo-premium-wordpress\/ -->\n<title>Mazatapec Sporenabdruck - Dutchmicrodosing<\/title>\n<meta name=\"description\" content=\"Entdecken Sie die einzigartigen Eigenschaften und die hohe Qualit\u00e4t dieses Sporenabdrucks f\u00fcr eine zuverl\u00e4ssige Pilzzucht. Bestellen Sie so schnell wie die Pilze steigen!\" \/>\n<meta name=\"robots\" content=\"index, follow, max-snippet:-1, max-image-preview:large, max-video-preview:-1\" \/>\n<link rel=\"canonical\" href=\"https:\/\/dutchmicrodosing.com\/de\/sporen-zauberpilze\/sporenabdruck\/mazatapec-sporeprint\/\" \/>\n<meta property=\"og:locale\" content=\"de_DE\" \/>\n<meta property=\"og:type\" content=\"article\" \/>\n<meta property=\"og:title\" content=\"Mazatapec Sporenabdruck\" \/>\n<meta property=\"og:description\" content=\"Kaufen Sie einen Mazatapec Sporenabdruck f\u00fcr hochwertige Myzel- und Paddockkulturen. Perfekt f\u00fcr Mykologen und Hobbyisten. Ein Pilzsporenabdruck ist ein\" \/>\n<meta property=\"og:url\" content=\"https:\/\/dutchmicrodosing.com\/de\/sporen-zauberpilze\/sporenabdruck\/mazatapec-sporeprint\/\" \/>\n<meta property=\"og:site_name\" content=\"Dutchmicrodosing\" \/>\n<meta property=\"article:publisher\" content=\"https:\/\/www.facebook.com\/Dutchmicrodosingxp\/\" \/>\n<meta property=\"article:modified_time\" content=\"2026-02-03T15:42:54+00:00\" \/>\n<meta property=\"og:image\" content=\"https:\/\/dutchmicrodosing.com\/wp-content\/uploads\/2024\/05\/Spore_Mazatapec-1.jpg\" \/>\n\t<meta property=\"og:image:width\" content=\"1000\" \/>\n\t<meta property=\"og:image:height\" content=\"1000\" \/>\n\t<meta property=\"og:image:type\" content=\"image\/jpeg\" \/>\n<meta name=\"twitter:card\" content=\"summary_large_image\" \/>\n<script type=\"application\/ld+json\" class=\"yoast-schema-graph\">{\"@context\":\"https:\/\/schema.org\",\"@graph\":[{\"@type\":\"WebPage\",\"@id\":\"https:\/\/dutchmicrodosing.com\/de\/sporen-zauberpilze\/sporenabdruck\/mazatapec-sporeprint\/\",\"url\":\"https:\/\/dutchmicrodosing.com\/de\/sporen-zauberpilze\/sporenabdruck\/mazatapec-sporeprint\/\",\"name\":\"Mazatapec Sporenabdruck - Dutchmicrodosing\",\"isPartOf\":{\"@id\":\"https:\/\/dutchmicrodosing.com\/de\/#website\"},\"primaryImageOfPage\":{\"@id\":\"https:\/\/dutchmicrodosing.com\/de\/sporen-zauberpilze\/sporenabdruck\/mazatapec-sporeprint\/#primaryimage\"},\"image\":{\"@id\":\"https:\/\/dutchmicrodosing.com\/de\/sporen-zauberpilze\/sporenabdruck\/mazatapec-sporeprint\/#primaryimage\"},\"thumbnailUrl\":\"https:\/\/dutchmicrodosing.com\/wp-content\/uploads\/2024\/05\/Spore_Mazatapec-1.jpg\",\"datePublished\":\"2024-05-12T17:17:01+00:00\",\"dateModified\":\"2026-02-03T15:42:54+00:00\",\"description\":\"Entdecken Sie die einzigartigen Eigenschaften und die hohe Qualit\u00e4t dieses Sporenabdrucks f\u00fcr eine zuverl\u00e4ssige Pilzzucht. Bestellen Sie so schnell wie die Pilze steigen!\",\"breadcrumb\":{\"@id\":\"https:\/\/dutchmicrodosing.com\/de\/sporen-zauberpilze\/sporenabdruck\/mazatapec-sporeprint\/#breadcrumb\"},\"inLanguage\":\"de\",\"potentialAction\":[{\"@type\":\"ReadAction\",\"target\":[\"https:\/\/dutchmicrodosing.com\/de\/sporen-zauberpilze\/sporenabdruck\/mazatapec-sporeprint\/\"]}]},{\"@type\":\"ImageObject\",\"inLanguage\":\"de\",\"@id\":\"https:\/\/dutchmicrodosing.com\/de\/sporen-zauberpilze\/sporenabdruck\/mazatapec-sporeprint\/#primaryimage\",\"url\":\"https:\/\/dutchmicrodosing.com\/wp-content\/uploads\/2024\/05\/Spore_Mazatapec-1.jpg\",\"contentUrl\":\"https:\/\/dutchmicrodosing.com\/wp-content\/uploads\/2024\/05\/Spore_Mazatapec-1.jpg\",\"width\":1000,\"height\":1000},{\"@type\":\"BreadcrumbList\",\"@id\":\"https:\/\/dutchmicrodosing.com\/de\/sporen-zauberpilze\/sporenabdruck\/mazatapec-sporeprint\/#breadcrumb\",\"itemListElement\":[{\"@type\":\"ListItem\",\"position\":1,\"name\":\"Home\",\"item\":\"https:\/\/dutchmicrodosing.com\/de\/\"},{\"@type\":\"ListItem\",\"position\":2,\"name\":\"Shop\",\"item\":\"https:\/\/dutchmicrodosing.com\/de\/shop\/\"},{\"@type\":\"ListItem\",\"position\":3,\"name\":\"Mazatapec Sporenabdruck\"}]},{\"@type\":\"WebSite\",\"@id\":\"https:\/\/dutchmicrodosing.com\/de\/#website\",\"url\":\"https:\/\/dutchmicrodosing.com\/de\/\",\"name\":\"Dutchmicrodosing\",\"description\":\"\",\"publisher\":{\"@id\":\"https:\/\/dutchmicrodosing.com\/de\/#organization\"},\"potentialAction\":[{\"@type\":\"SearchAction\",\"target\":{\"@type\":\"EntryPoint\",\"urlTemplate\":\"https:\/\/dutchmicrodosing.com\/de\/?s={search_term_string}\"},\"query-input\":{\"@type\":\"PropertyValueSpecification\",\"valueRequired\":true,\"valueName\":\"search_term_string\"}}],\"inLanguage\":\"de\"},{\"@type\":\"Organization\",\"@id\":\"https:\/\/dutchmicrodosing.com\/de\/#organization\",\"name\":\"Dutchmicrodosing\",\"url\":\"https:\/\/dutchmicrodosing.com\/de\/\",\"logo\":{\"@type\":\"ImageObject\",\"inLanguage\":\"de\",\"@id\":\"https:\/\/dutchmicrodosing.com\/de\/#\/schema\/logo\/image\/\",\"url\":\"https:\/\/dutchmicrodosing.com\/wp-content\/uploads\/2021\/01\/microdosing-categorie-pic-nieuw.jpg\",\"contentUrl\":\"https:\/\/dutchmicrodosing.com\/wp-content\/uploads\/2021\/01\/microdosing-categorie-pic-nieuw.jpg\",\"width\":500,\"height\":500,\"caption\":\"Dutchmicrodosing\"},\"image\":{\"@id\":\"https:\/\/dutchmicrodosing.com\/de\/#\/schema\/logo\/image\/\"},\"sameAs\":[\"https:\/\/www.facebook.com\/Dutchmicrodosingxp\/\",\"https:\/\/www.instagram.com\/dutchmicrodosing\/\"]}]}<\/script>\n<meta property=\"product:price:amount\" content=\"17.95\" \/>\n<meta property=\"product:price:currency\" content=\"EUR\" \/>\n<meta property=\"og:availability\" content=\"instock\" \/>\n<meta property=\"product:availability\" content=\"instock\" \/>\n<meta property=\"product:retailer_item_id\" content=\"3202358\" \/>\n<meta property=\"product:condition\" content=\"new\" \/>\n<!-- \/ Yoast SEO Premium plugin. -->","yoast_head_json":{"title":"Mazatapec Sporenabdruck - Dutchmicrodosing","description":"Entdecken Sie die einzigartigen Eigenschaften und die hohe Qualit\u00e4t dieses Sporenabdrucks f\u00fcr eine zuverl\u00e4ssige Pilzzucht. Bestellen Sie so schnell wie die Pilze steigen!","robots":{"index":"index","follow":"follow","max-snippet":"max-snippet:-1","max-image-preview":"max-image-preview:large","max-video-preview":"max-video-preview:-1"},"canonical":"https:\/\/dutchmicrodosing.com\/de\/sporen-zauberpilze\/sporenabdruck\/mazatapec-sporeprint\/","og_locale":"de_DE","og_type":"article","og_title":"Mazatapec Sporenabdruck","og_description":"Kaufen Sie einen Mazatapec Sporenabdruck f\u00fcr hochwertige Myzel- und Paddockkulturen. Perfekt f\u00fcr Mykologen und Hobbyisten. Ein Pilzsporenabdruck ist ein","og_url":"https:\/\/dutchmicrodosing.com\/de\/sporen-zauberpilze\/sporenabdruck\/mazatapec-sporeprint\/","og_site_name":"Dutchmicrodosing","article_publisher":"https:\/\/www.facebook.com\/Dutchmicrodosingxp\/","article_modified_time":"2026-02-03T15:42:54+00:00","og_image":[{"width":1000,"height":1000,"url":"https:\/\/dutchmicrodosing.com\/wp-content\/uploads\/2024\/05\/Spore_Mazatapec-1.jpg","type":"image\/jpeg"}],"twitter_card":"summary_large_image","schema":{"@context":"https:\/\/schema.org","@graph":[{"@type":"WebPage","@id":"https:\/\/dutchmicrodosing.com\/de\/sporen-zauberpilze\/sporenabdruck\/mazatapec-sporeprint\/","url":"https:\/\/dutchmicrodosing.com\/de\/sporen-zauberpilze\/sporenabdruck\/mazatapec-sporeprint\/","name":"Mazatapec Sporenabdruck - Dutchmicrodosing","isPartOf":{"@id":"https:\/\/dutchmicrodosing.com\/de\/#website"},"primaryImageOfPage":{"@id":"https:\/\/dutchmicrodosing.com\/de\/sporen-zauberpilze\/sporenabdruck\/mazatapec-sporeprint\/#primaryimage"},"image":{"@id":"https:\/\/dutchmicrodosing.com\/de\/sporen-zauberpilze\/sporenabdruck\/mazatapec-sporeprint\/#primaryimage"},"thumbnailUrl":"https:\/\/dutchmicrodosing.com\/wp-content\/uploads\/2024\/05\/Spore_Mazatapec-1.jpg","datePublished":"2024-05-12T17:17:01+00:00","dateModified":"2026-02-03T15:42:54+00:00","description":"Entdecken Sie die einzigartigen Eigenschaften und die hohe Qualit\u00e4t dieses Sporenabdrucks f\u00fcr eine zuverl\u00e4ssige Pilzzucht. Bestellen Sie so schnell wie die Pilze steigen!","breadcrumb":{"@id":"https:\/\/dutchmicrodosing.com\/de\/sporen-zauberpilze\/sporenabdruck\/mazatapec-sporeprint\/#breadcrumb"},"inLanguage":"de","potentialAction":[{"@type":"ReadAction","target":["https:\/\/dutchmicrodosing.com\/de\/sporen-zauberpilze\/sporenabdruck\/mazatapec-sporeprint\/"]}]},{"@type":"ImageObject","inLanguage":"de","@id":"https:\/\/dutchmicrodosing.com\/de\/sporen-zauberpilze\/sporenabdruck\/mazatapec-sporeprint\/#primaryimage","url":"https:\/\/dutchmicrodosing.com\/wp-content\/uploads\/2024\/05\/Spore_Mazatapec-1.jpg","contentUrl":"https:\/\/dutchmicrodosing.com\/wp-content\/uploads\/2024\/05\/Spore_Mazatapec-1.jpg","width":1000,"height":1000},{"@type":"BreadcrumbList","@id":"https:\/\/dutchmicrodosing.com\/de\/sporen-zauberpilze\/sporenabdruck\/mazatapec-sporeprint\/#breadcrumb","itemListElement":[{"@type":"ListItem","position":1,"name":"Home","item":"https:\/\/dutchmicrodosing.com\/de\/"},{"@type":"ListItem","position":2,"name":"Shop","item":"https:\/\/dutchmicrodosing.com\/de\/shop\/"},{"@type":"ListItem","position":3,"name":"Mazatapec Sporenabdruck"}]},{"@type":"WebSite","@id":"https:\/\/dutchmicrodosing.com\/de\/#website","url":"https:\/\/dutchmicrodosing.com\/de\/","name":"Dutchmicrodosing","description":"","publisher":{"@id":"https:\/\/dutchmicrodosing.com\/de\/#organization"},"potentialAction":[{"@type":"SearchAction","target":{"@type":"EntryPoint","urlTemplate":"https:\/\/dutchmicrodosing.com\/de\/?s={search_term_string}"},"query-input":{"@type":"PropertyValueSpecification","valueRequired":true,"valueName":"search_term_string"}}],"inLanguage":"de"},{"@type":"Organization","@id":"https:\/\/dutchmicrodosing.com\/de\/#organization","name":"Dutchmicrodosing","url":"https:\/\/dutchmicrodosing.com\/de\/","logo":{"@type":"ImageObject","inLanguage":"de","@id":"https:\/\/dutchmicrodosing.com\/de\/#\/schema\/logo\/image\/","url":"https:\/\/dutchmicrodosing.com\/wp-content\/uploads\/2021\/01\/microdosing-categorie-pic-nieuw.jpg","contentUrl":"https:\/\/dutchmicrodosing.com\/wp-content\/uploads\/2021\/01\/microdosing-categorie-pic-nieuw.jpg","width":500,"height":500,"caption":"Dutchmicrodosing"},"image":{"@id":"https:\/\/dutchmicrodosing.com\/de\/#\/schema\/logo\/image\/"},"sameAs":["https:\/\/www.facebook.com\/Dutchmicrodosingxp\/","https:\/\/www.instagram.com\/dutchmicrodosing\/"]}]},"product_price_amount":"17.95","product_price_currency":"EUR","og_availability":"instock","product_availability":"instock","product_retailer_item_id":"3202358","product_condition":"new"},"_links":{"self":[{"href":"https:\/\/dutchmicrodosing.com\/de\/wp-json\/wp\/v2\/product\/39251","targetHints":{"allow":["GET"]}}],"collection":[{"href":"https:\/\/dutchmicrodosing.com\/de\/wp-json\/wp\/v2\/product"}],"about":[{"href":"https:\/\/dutchmicrodosing.com\/de\/wp-json\/wp\/v2\/types\/product"}],"replies":[{"embeddable":true,"href":"https:\/\/dutchmicrodosing.com\/de\/wp-json\/wp\/v2\/comments?post=39251"}],"version-history":[{"count":1,"href":"https:\/\/dutchmicrodosing.com\/de\/wp-json\/wp\/v2\/product\/39251\/revisions"}],"predecessor-version":[{"id":64321,"href":"https:\/\/dutchmicrodosing.com\/de\/wp-json\/wp\/v2\/product\/39251\/revisions\/64321"}],"wp:featuredmedia":[{"embeddable":true,"href":"https:\/\/dutchmicrodosing.com\/de\/wp-json\/wp\/v2\/media\/39245"}],"wp:attachment":[{"href":"https:\/\/dutchmicrodosing.com\/de\/wp-json\/wp\/v2\/media?parent=39251"}],"wp:term":[{"taxonomy":"product_brand","embeddable":true,"href":"https:\/\/dutchmicrodosing.com\/de\/wp-json\/wp\/v2\/product_brand?post=39251"},{"taxonomy":"product_cat","embeddable":true,"href":"https:\/\/dutchmicrodosing.com\/de\/wp-json\/wp\/v2\/product_cat?post=39251"},{"taxonomy":"product_tag","embeddable":true,"href":"https:\/\/dutchmicrodosing.com\/de\/wp-json\/wp\/v2\/product_tag?post=39251"}],"curies":[{"name":"wp","href":"https:\/\/api.w.org\/{rel}","templated":true}]}}