{"id":39264,"date":"2024-05-12T19:21:20","date_gmt":"2024-05-12T17:21:20","guid":{"rendered":"https:\/\/dutchmicrodosing.com\/shop\/unkategorisiert\/ecuadorianischer-sporeprint\/"},"modified":"2025-11-05T09:34:50","modified_gmt":"2025-11-05T08:34:50","slug":"ecuadorianischer-sporeprint","status":"publish","type":"product","link":"https:\/\/dutchmicrodosing.com\/de\/sporen-zauberpilze\/sporenabdruck\/ecuadorianischer-sporeprint\/","title":{"rendered":"Sporenabdruck aus Ecuador"},"content":{"rendered":"<p>Kaufen Sie einen <strong>ecuadorianischen Sporenabdruck<\/strong> f\u00fcr qualitativ hochwertiges Myzel und Paddock-Kultur. Perfekt f\u00fcr Mykologen und Hobbyisten. Ein Pilzsporenabdruck ist ein Abdruck der Sporen eines Pilzes, den man erh\u00e4lt, indem man die Sporen vom Hut des Pilzes auf eine geeignete Oberfl\u00e4che fallen l\u00e4sst. Sporenabdr\u00fccke werden h\u00e4ufig von Mykologen und Hobbyisten verwendet, um Pilze zu identifizieren, Sporen f\u00fcr mikroskopische Untersuchungen zu sammeln oder neue Pilze zu z\u00fcchten. Im Folgenden wird Schritt f\u00fcr Schritt erkl\u00e4rt, wie ein Sporenabdruck erstellt und verwendet wird<\/p>\n<h2>Wie man ein Pilzsporen-Spray mit einem Sporenabdruck herstellt<\/h2>\n<ul>\n<li>Reinigen und sterilisieren Sie alles, was Sie benutzen! \u00d6ffnen Sie vorsichtig den Sporenabdruck und kratzen Sie mit einem sterilen Messer einige der Sporen in ein steriles Schnapsglas. Eine Messerspitze ist ausreichend f\u00fcr eine 10cc Spritze.<\/li>\n<li>Verwenden Sie nicht zu viel steriles Wasser, ein paar Tropfen sind ausreichend.<\/li>\n<li>Verwenden Sie die Nadel der Spritze, um die Sporen mit ein paar Tropfen sterilem Wasser zu vermischen.<\/li>\n<li>Wenn Sie genau hinsehen, k\u00f6nnen Sie erkennen, dass die Schienen auseinander fallen. Fahren Sie fort, bis sich die Pilzsporen weitgehend im Wasser aufgel\u00f6st haben.<\/li>\n<li>Saugen Sie das Wasser mit den Sporen in die Nadel und dr\u00fccken Sie sie erneut aus.<\/li>\n<li>Wiederholen Sie diesen Vorgang ein paar Mal. Dadurch werden die Sporen gut mit dem Wasser vermischt.<\/li>\n<li>Ziehen Sie noch einmal daran und die Sporenspritze ist nun fertig und einsatzbereit.<\/li>\n<\/ul>\n<h2>Substrat f\u00fcr ecuadorianische Sporen<\/h2>\n<p>Es gibt verschiedene M\u00f6glichkeiten, ein Substrat zusammenzustellen. Diese Sporen gedeihen gut auf einem Substrat aus braunem Reismehl, PF Tek, Roggen und auf angereichertem Boden und Dung.<\/p>\n<h2>Speichern Sie Ihren Sporenabdruck<\/h2>\n<p>Sporenabdr\u00fccke von Pilzen werden auf sterilem Film gemacht. Sie k\u00f6nnen diese gut in einem sterilen Plastikbeutel mit Verschluss an einem trockenen, sauberen, dunklen und k\u00fchlen Ort aufbewahren.<\/p>\n","protected":false},"excerpt":{"rendered":"<p>Kaufen Sie einen ecuadorianischen Sporenabdruck f\u00fcr qualitativ hochwertiges Myzel und Paddock-Kultur. Perfekt f\u00fcr Mykologen und Hobbyisten. Ein Pilzsporenabdruck ist ein Abdruck der Sporen eines Pilzes, den man erh\u00e4lt, indem man die Sporen vom Hut des Pilzes auf eine geeignete Oberfl\u00e4che fallen l\u00e4sst. Sporenabdr\u00fccke werden h\u00e4ufig von Mykologen und Hobbyisten verwendet, um Pilze zu identifizieren, Sporen [&hellip;]<\/p>\n","protected":false},"featured_media":39258,"comment_status":"closed","ping_status":"closed","template":"","meta":[],"product_brand":[],"product_cat":[369],"product_tag":[],"class_list":{"0":"post-39264","1":"product","2":"type-product","3":"status-publish","4":"has-post-thumbnail","6":"product_cat-sporenabdruck","8":"first","9":"instock","10":"taxable","11":"shipping-taxable","12":"purchasable","13":"product-type-simple"},"yoast_head":"<!-- This site is optimized with the Yoast SEO Premium plugin v26.4 (Yoast SEO v27.2) - https:\/\/yoast.com\/product\/yoast-seo-premium-wordpress\/ -->\n<title>Sporenabdruck aus Ecuador - Dutchmicrodosing<\/title>\n<meta name=\"description\" content=\"Diese Sporenabdr\u00fccke sind ideal f\u00fcr Mykologen und Hobbyisten und bieten eine zuverl\u00e4ssige Quelle f\u00fcr die Pilzzucht. Worauf warten Sie noch und z\u00fcchten Sie Ihre eigenen Pilze!\" \/>\n<meta name=\"robots\" content=\"index, follow, max-snippet:-1, max-image-preview:large, max-video-preview:-1\" \/>\n<link rel=\"canonical\" href=\"https:\/\/dutchmicrodosing.com\/de\/sporen-zauberpilze\/sporenabdruck\/ecuadorianischer-sporeprint\/\" \/>\n<meta property=\"og:locale\" content=\"de_DE\" \/>\n<meta property=\"og:type\" content=\"article\" \/>\n<meta property=\"og:title\" content=\"Sporenabdruck aus Ecuador\" \/>\n<meta property=\"og:description\" content=\"Kaufen Sie einen ecuadorianischen Sporenabdruck f\u00fcr qualitativ hochwertiges Myzel und Paddock-Kultur. Perfekt f\u00fcr Mykologen und Hobbyisten. Ein\" \/>\n<meta property=\"og:url\" content=\"https:\/\/dutchmicrodosing.com\/de\/sporen-zauberpilze\/sporenabdruck\/ecuadorianischer-sporeprint\/\" \/>\n<meta property=\"og:site_name\" content=\"Dutchmicrodosing\" \/>\n<meta property=\"article:publisher\" content=\"https:\/\/www.facebook.com\/Dutchmicrodosingxp\/\" \/>\n<meta property=\"article:modified_time\" content=\"2025-11-05T08:34:50+00:00\" \/>\n<meta property=\"og:image\" content=\"https:\/\/dutchmicrodosing.com\/wp-content\/uploads\/2024\/05\/Spore_Ecuadorian.jpg\" \/>\n\t<meta property=\"og:image:width\" content=\"1000\" \/>\n\t<meta property=\"og:image:height\" content=\"1000\" \/>\n\t<meta property=\"og:image:type\" content=\"image\/jpeg\" \/>\n<meta name=\"twitter:card\" content=\"summary_large_image\" \/>\n<script type=\"application\/ld+json\" class=\"yoast-schema-graph\">{\"@context\":\"https:\/\/schema.org\",\"@graph\":[{\"@type\":\"WebPage\",\"@id\":\"https:\/\/dutchmicrodosing.com\/de\/sporen-zauberpilze\/sporenabdruck\/ecuadorianischer-sporeprint\/\",\"url\":\"https:\/\/dutchmicrodosing.com\/de\/sporen-zauberpilze\/sporenabdruck\/ecuadorianischer-sporeprint\/\",\"name\":\"Sporenabdruck aus Ecuador - Dutchmicrodosing\",\"isPartOf\":{\"@id\":\"https:\/\/dutchmicrodosing.com\/de\/#website\"},\"primaryImageOfPage\":{\"@id\":\"https:\/\/dutchmicrodosing.com\/de\/sporen-zauberpilze\/sporenabdruck\/ecuadorianischer-sporeprint\/#primaryimage\"},\"image\":{\"@id\":\"https:\/\/dutchmicrodosing.com\/de\/sporen-zauberpilze\/sporenabdruck\/ecuadorianischer-sporeprint\/#primaryimage\"},\"thumbnailUrl\":\"https:\/\/dutchmicrodosing.com\/wp-content\/uploads\/2024\/05\/Spore_Ecuadorian.jpg\",\"datePublished\":\"2024-05-12T17:21:20+00:00\",\"dateModified\":\"2025-11-05T08:34:50+00:00\",\"description\":\"Diese Sporenabdr\u00fccke sind ideal f\u00fcr Mykologen und Hobbyisten und bieten eine zuverl\u00e4ssige Quelle f\u00fcr die Pilzzucht. Worauf warten Sie noch und z\u00fcchten Sie Ihre eigenen Pilze!\",\"breadcrumb\":{\"@id\":\"https:\/\/dutchmicrodosing.com\/de\/sporen-zauberpilze\/sporenabdruck\/ecuadorianischer-sporeprint\/#breadcrumb\"},\"inLanguage\":\"de\",\"potentialAction\":[{\"@type\":\"ReadAction\",\"target\":[\"https:\/\/dutchmicrodosing.com\/de\/sporen-zauberpilze\/sporenabdruck\/ecuadorianischer-sporeprint\/\"]}]},{\"@type\":\"ImageObject\",\"inLanguage\":\"de\",\"@id\":\"https:\/\/dutchmicrodosing.com\/de\/sporen-zauberpilze\/sporenabdruck\/ecuadorianischer-sporeprint\/#primaryimage\",\"url\":\"https:\/\/dutchmicrodosing.com\/wp-content\/uploads\/2024\/05\/Spore_Ecuadorian.jpg\",\"contentUrl\":\"https:\/\/dutchmicrodosing.com\/wp-content\/uploads\/2024\/05\/Spore_Ecuadorian.jpg\",\"width\":1000,\"height\":1000},{\"@type\":\"BreadcrumbList\",\"@id\":\"https:\/\/dutchmicrodosing.com\/de\/sporen-zauberpilze\/sporenabdruck\/ecuadorianischer-sporeprint\/#breadcrumb\",\"itemListElement\":[{\"@type\":\"ListItem\",\"position\":1,\"name\":\"Home\",\"item\":\"https:\/\/dutchmicrodosing.com\/de\/\"},{\"@type\":\"ListItem\",\"position\":2,\"name\":\"Shop\",\"item\":\"https:\/\/dutchmicrodosing.com\/de\/shop\/\"},{\"@type\":\"ListItem\",\"position\":3,\"name\":\"Sporenabdruck aus Ecuador\"}]},{\"@type\":\"WebSite\",\"@id\":\"https:\/\/dutchmicrodosing.com\/de\/#website\",\"url\":\"https:\/\/dutchmicrodosing.com\/de\/\",\"name\":\"Dutchmicrodosing\",\"description\":\"\",\"publisher\":{\"@id\":\"https:\/\/dutchmicrodosing.com\/de\/#organization\"},\"potentialAction\":[{\"@type\":\"SearchAction\",\"target\":{\"@type\":\"EntryPoint\",\"urlTemplate\":\"https:\/\/dutchmicrodosing.com\/de\/?s={search_term_string}\"},\"query-input\":{\"@type\":\"PropertyValueSpecification\",\"valueRequired\":true,\"valueName\":\"search_term_string\"}}],\"inLanguage\":\"de\"},{\"@type\":\"Organization\",\"@id\":\"https:\/\/dutchmicrodosing.com\/de\/#organization\",\"name\":\"Dutchmicrodosing\",\"url\":\"https:\/\/dutchmicrodosing.com\/de\/\",\"logo\":{\"@type\":\"ImageObject\",\"inLanguage\":\"de\",\"@id\":\"https:\/\/dutchmicrodosing.com\/de\/#\/schema\/logo\/image\/\",\"url\":\"https:\/\/dutchmicrodosing.com\/wp-content\/uploads\/2021\/01\/microdosing-categorie-pic-nieuw.jpg\",\"contentUrl\":\"https:\/\/dutchmicrodosing.com\/wp-content\/uploads\/2021\/01\/microdosing-categorie-pic-nieuw.jpg\",\"width\":500,\"height\":500,\"caption\":\"Dutchmicrodosing\"},\"image\":{\"@id\":\"https:\/\/dutchmicrodosing.com\/de\/#\/schema\/logo\/image\/\"},\"sameAs\":[\"https:\/\/www.facebook.com\/Dutchmicrodosingxp\/\",\"https:\/\/www.instagram.com\/dutchmicrodosing\/\"]}]}<\/script>\n<meta property=\"product:price:amount\" content=\"17.95\" \/>\n<meta property=\"product:price:currency\" content=\"EUR\" \/>\n<meta property=\"og:availability\" content=\"instock\" \/>\n<meta property=\"product:availability\" content=\"instock\" \/>\n<meta property=\"product:retailer_item_id\" content=\"3204890\" \/>\n<meta property=\"product:condition\" content=\"new\" \/>\n<!-- \/ Yoast SEO Premium plugin. -->","yoast_head_json":{"title":"Sporenabdruck aus Ecuador - Dutchmicrodosing","description":"Diese Sporenabdr\u00fccke sind ideal f\u00fcr Mykologen und Hobbyisten und bieten eine zuverl\u00e4ssige Quelle f\u00fcr die Pilzzucht. Worauf warten Sie noch und z\u00fcchten Sie Ihre eigenen Pilze!","robots":{"index":"index","follow":"follow","max-snippet":"max-snippet:-1","max-image-preview":"max-image-preview:large","max-video-preview":"max-video-preview:-1"},"canonical":"https:\/\/dutchmicrodosing.com\/de\/sporen-zauberpilze\/sporenabdruck\/ecuadorianischer-sporeprint\/","og_locale":"de_DE","og_type":"article","og_title":"Sporenabdruck aus Ecuador","og_description":"Kaufen Sie einen ecuadorianischen Sporenabdruck f\u00fcr qualitativ hochwertiges Myzel und Paddock-Kultur. Perfekt f\u00fcr Mykologen und Hobbyisten. Ein","og_url":"https:\/\/dutchmicrodosing.com\/de\/sporen-zauberpilze\/sporenabdruck\/ecuadorianischer-sporeprint\/","og_site_name":"Dutchmicrodosing","article_publisher":"https:\/\/www.facebook.com\/Dutchmicrodosingxp\/","article_modified_time":"2025-11-05T08:34:50+00:00","og_image":[{"width":1000,"height":1000,"url":"https:\/\/dutchmicrodosing.com\/wp-content\/uploads\/2024\/05\/Spore_Ecuadorian.jpg","type":"image\/jpeg"}],"twitter_card":"summary_large_image","schema":{"@context":"https:\/\/schema.org","@graph":[{"@type":"WebPage","@id":"https:\/\/dutchmicrodosing.com\/de\/sporen-zauberpilze\/sporenabdruck\/ecuadorianischer-sporeprint\/","url":"https:\/\/dutchmicrodosing.com\/de\/sporen-zauberpilze\/sporenabdruck\/ecuadorianischer-sporeprint\/","name":"Sporenabdruck aus Ecuador - Dutchmicrodosing","isPartOf":{"@id":"https:\/\/dutchmicrodosing.com\/de\/#website"},"primaryImageOfPage":{"@id":"https:\/\/dutchmicrodosing.com\/de\/sporen-zauberpilze\/sporenabdruck\/ecuadorianischer-sporeprint\/#primaryimage"},"image":{"@id":"https:\/\/dutchmicrodosing.com\/de\/sporen-zauberpilze\/sporenabdruck\/ecuadorianischer-sporeprint\/#primaryimage"},"thumbnailUrl":"https:\/\/dutchmicrodosing.com\/wp-content\/uploads\/2024\/05\/Spore_Ecuadorian.jpg","datePublished":"2024-05-12T17:21:20+00:00","dateModified":"2025-11-05T08:34:50+00:00","description":"Diese Sporenabdr\u00fccke sind ideal f\u00fcr Mykologen und Hobbyisten und bieten eine zuverl\u00e4ssige Quelle f\u00fcr die Pilzzucht. Worauf warten Sie noch und z\u00fcchten Sie Ihre eigenen Pilze!","breadcrumb":{"@id":"https:\/\/dutchmicrodosing.com\/de\/sporen-zauberpilze\/sporenabdruck\/ecuadorianischer-sporeprint\/#breadcrumb"},"inLanguage":"de","potentialAction":[{"@type":"ReadAction","target":["https:\/\/dutchmicrodosing.com\/de\/sporen-zauberpilze\/sporenabdruck\/ecuadorianischer-sporeprint\/"]}]},{"@type":"ImageObject","inLanguage":"de","@id":"https:\/\/dutchmicrodosing.com\/de\/sporen-zauberpilze\/sporenabdruck\/ecuadorianischer-sporeprint\/#primaryimage","url":"https:\/\/dutchmicrodosing.com\/wp-content\/uploads\/2024\/05\/Spore_Ecuadorian.jpg","contentUrl":"https:\/\/dutchmicrodosing.com\/wp-content\/uploads\/2024\/05\/Spore_Ecuadorian.jpg","width":1000,"height":1000},{"@type":"BreadcrumbList","@id":"https:\/\/dutchmicrodosing.com\/de\/sporen-zauberpilze\/sporenabdruck\/ecuadorianischer-sporeprint\/#breadcrumb","itemListElement":[{"@type":"ListItem","position":1,"name":"Home","item":"https:\/\/dutchmicrodosing.com\/de\/"},{"@type":"ListItem","position":2,"name":"Shop","item":"https:\/\/dutchmicrodosing.com\/de\/shop\/"},{"@type":"ListItem","position":3,"name":"Sporenabdruck aus Ecuador"}]},{"@type":"WebSite","@id":"https:\/\/dutchmicrodosing.com\/de\/#website","url":"https:\/\/dutchmicrodosing.com\/de\/","name":"Dutchmicrodosing","description":"","publisher":{"@id":"https:\/\/dutchmicrodosing.com\/de\/#organization"},"potentialAction":[{"@type":"SearchAction","target":{"@type":"EntryPoint","urlTemplate":"https:\/\/dutchmicrodosing.com\/de\/?s={search_term_string}"},"query-input":{"@type":"PropertyValueSpecification","valueRequired":true,"valueName":"search_term_string"}}],"inLanguage":"de"},{"@type":"Organization","@id":"https:\/\/dutchmicrodosing.com\/de\/#organization","name":"Dutchmicrodosing","url":"https:\/\/dutchmicrodosing.com\/de\/","logo":{"@type":"ImageObject","inLanguage":"de","@id":"https:\/\/dutchmicrodosing.com\/de\/#\/schema\/logo\/image\/","url":"https:\/\/dutchmicrodosing.com\/wp-content\/uploads\/2021\/01\/microdosing-categorie-pic-nieuw.jpg","contentUrl":"https:\/\/dutchmicrodosing.com\/wp-content\/uploads\/2021\/01\/microdosing-categorie-pic-nieuw.jpg","width":500,"height":500,"caption":"Dutchmicrodosing"},"image":{"@id":"https:\/\/dutchmicrodosing.com\/de\/#\/schema\/logo\/image\/"},"sameAs":["https:\/\/www.facebook.com\/Dutchmicrodosingxp\/","https:\/\/www.instagram.com\/dutchmicrodosing\/"]}]},"product_price_amount":"17.95","product_price_currency":"EUR","og_availability":"instock","product_availability":"instock","product_retailer_item_id":"3204890","product_condition":"new"},"_links":{"self":[{"href":"https:\/\/dutchmicrodosing.com\/de\/wp-json\/wp\/v2\/product\/39264","targetHints":{"allow":["GET"]}}],"collection":[{"href":"https:\/\/dutchmicrodosing.com\/de\/wp-json\/wp\/v2\/product"}],"about":[{"href":"https:\/\/dutchmicrodosing.com\/de\/wp-json\/wp\/v2\/types\/product"}],"replies":[{"embeddable":true,"href":"https:\/\/dutchmicrodosing.com\/de\/wp-json\/wp\/v2\/comments?post=39264"}],"version-history":[{"count":1,"href":"https:\/\/dutchmicrodosing.com\/de\/wp-json\/wp\/v2\/product\/39264\/revisions"}],"predecessor-version":[{"id":60971,"href":"https:\/\/dutchmicrodosing.com\/de\/wp-json\/wp\/v2\/product\/39264\/revisions\/60971"}],"wp:featuredmedia":[{"embeddable":true,"href":"https:\/\/dutchmicrodosing.com\/de\/wp-json\/wp\/v2\/media\/39258"}],"wp:attachment":[{"href":"https:\/\/dutchmicrodosing.com\/de\/wp-json\/wp\/v2\/media?parent=39264"}],"wp:term":[{"taxonomy":"product_brand","embeddable":true,"href":"https:\/\/dutchmicrodosing.com\/de\/wp-json\/wp\/v2\/product_brand?post=39264"},{"taxonomy":"product_cat","embeddable":true,"href":"https:\/\/dutchmicrodosing.com\/de\/wp-json\/wp\/v2\/product_cat?post=39264"},{"taxonomy":"product_tag","embeddable":true,"href":"https:\/\/dutchmicrodosing.com\/de\/wp-json\/wp\/v2\/product_tag?post=39264"}],"curies":[{"name":"wp","href":"https:\/\/api.w.org\/{rel}","templated":true}]}}