{"id":39293,"date":"2024-05-12T19:44:12","date_gmt":"2024-05-12T17:44:34","guid":{"rendered":"https:\/\/dutchmicrodosing.com\/shop\/unkategorisiert\/mondo-flussigkultur-spray\/"},"modified":"2025-02-20T14:25:09","modified_gmt":"2025-02-20T13:25:09","slug":"mondo-flussigkultur-spray","status":"publish","type":"product","link":"https:\/\/dutchmicrodosing.com\/de\/sporen-zauberpilze\/spritzen-fur-flussigkulturen\/mondo-flussigkultur-spray\/","title":{"rendered":"Mondo Fl\u00fcssigkultur-Spritze &#8211; 25 ML"},"content":{"rendered":"<p>Das Produkt <strong>Mondo Liquid Culture<\/strong> scheint die Besiedlungsrate der Sporen effektiv zu verdoppeln. Sie brauchen nur 1 ml Sporen in die Flasche zu geben und sie t\u00e4glich zu sch\u00fctteln. Innerhalb von 2 bis 14 Tagen k\u00f6nnen Sie das Wachstum des Myzels beobachten. Ein gro\u00dfer Vorteil ist, dass f\u00fcr diesen Prozess keine sterile Umgebung erforderlich ist. Au\u00dferdem ist das Produkt bis zu einem Jahr bei einer Temperatur zwischen 4 und 6\u00b0C haltbar. Das macht ihn zu einer idealen L\u00f6sung f\u00fcr die Massenproduktion, die Konservierung und den Handel mit Kulturen. Mit anderen Worten: Mondo Liquid Culture bietet eine einfache und effiziente Methode zur Anzucht und Pflege von Pilzkulturen.<\/p>\n<h2>Schritte zur Verwendung einer Liquid Culture Spore Flasche:<\/h2>\n<ol>\n<li><strong>Vorbereitung:<\/strong>\n<ul>\n<li>Stellen Sie sicher, dass alle Materialien und Oberfl\u00e4chen sauber und steril sind.<\/li>\n<li>Zum Desinfizieren von Oberfl\u00e4chen und H\u00e4nden k\u00f6nnen Sie ein Drucktuch oder Alkohol verwenden.<\/li>\n<\/ul>\n<\/li>\n<li><strong>Inokulation:<\/strong>\n<ul>\n<li>Geben Sie die Sporen in die Fl\u00fcssigkeit in der Flasche. Dies kann mit einer sterilen Spritze geschehen.<\/li>\n<li>Verschlie\u00dfen Sie die Flasche fest, um Verunreinigungen zu vermeiden.<\/li>\n<\/ul>\n<\/li>\n<li><strong>Inkubation:<\/strong>\n<ul>\n<li>Stellen Sie die Flasche an einen warmen, dunklen Ort (idealerweise zwischen 21-27\u00b0C), damit das Myzel wachsen kann.<\/li>\n<li>Sch\u00fctteln Sie die Flasche t\u00e4glich, um das Wachstum des Mycels zu f\u00f6rdern und ein Verklumpen des Mycels zu verhindern.<\/li>\n<\/ul>\n<\/li>\n<li><strong>Verwendung:<\/strong>\n<ul>\n<li>Sobald das Myzel gut gewachsen ist (dies kann mehrere Tage bis Wochen dauern), kann die Fl\u00fcssigkeit zum Beimpfen von Substrat verwendet werden.<\/li>\n<li>Saugen Sie mit einer sterilen Spritze eine Menge der fl\u00fcssigen Kultur auf und injizieren Sie sie in das sterile Substrat.<\/li>\n<\/ul>\n<\/li>\n<\/ol>\n<h2>Vorteile der Fl\u00fcssigkultur:<\/h2>\n<ul>\n<li><strong>Schnelleres Wachstum:<\/strong> Myzel in Fl\u00fcssigkeit neigt dazu, schneller zu wachsen als auf festem Substrat.<\/li>\n<li><strong>Leicht zu vermehren:<\/strong> Mit einer kleinen Menge Fl\u00fcssigkultur k\u00f6nnen Sie mehrere Substratt\u00f6pfe beimpfen.<\/li>\n<li><strong>Geringeres Risiko einer Kontamination:<\/strong> Da die Fl\u00fcssigkeit steril ist, besteht ein geringeres Risiko einer Kontamination durch andere Mikroorganismen als bei anderen Methoden.<\/li>\n<\/ul>\n<h2>Inhalt Ihrer Mondo Liquid Culture Vial Sporenflasche<\/h2>\n<ul>\n<li>Mondo Fl\u00fcssigkultur Fl\u00e4schchen 25ml<\/li>\n<li>Sterile Alkoholt\u00fccher<\/li>\n<li>Sterile Spritze mit 18er Nadel<\/li>\n<\/ul>\n<h2>Aufbewahrung Ihrer Mondo Liquid Culture Vial Sporenflasche<\/h2>\n<p>Da es sich um ein empfindliches Produkt handelt, empfehlen wir, die Sporenflasche sofort nach Erhalt f\u00fcr 24 Stunden bei einer Temperatur zwischen 2 und 8 Grad in den K\u00fchlschrank zu stellen, bevor Sie sie verwenden.<\/p>\n","protected":false},"excerpt":{"rendered":"<p>Das Produkt Mondo Liquid Culture scheint die Besiedlungsrate der Sporen effektiv zu verdoppeln. Sie brauchen nur 1 ml Sporen in die Flasche zu geben und sie t\u00e4glich zu sch\u00fctteln. Innerhalb von 2 bis 14 Tagen k\u00f6nnen Sie das Wachstum des Myzels beobachten. Ein gro\u00dfer Vorteil ist, dass f\u00fcr diesen Prozess keine sterile Umgebung erforderlich ist. [&hellip;]<\/p>\n","protected":false},"featured_media":39300,"comment_status":"closed","ping_status":"closed","template":"","meta":[],"product_brand":[],"product_cat":[356],"product_tag":[],"class_list":{"0":"post-39293","1":"product","2":"type-product","3":"status-publish","4":"has-post-thumbnail","6":"product_cat-spritzen-fur-flussigkulturen","8":"first","9":"outofstock","10":"taxable","11":"shipping-taxable","12":"purchasable","13":"product-type-simple"},"yoast_head":"<!-- This site is optimized with the Yoast SEO Premium plugin v26.4 (Yoast SEO v27.4) - https:\/\/yoast.com\/product\/yoast-seo-premium-wordpress\/ -->\n<title>Mondo Fl\u00fcssigkultur-Spritze - 25 ML - Dutchmicrodosing<\/title>\n<meta name=\"description\" content=\"Entdecken Sie die Vorteile einer Fl\u00fcssigkultur-Sporenflasche f\u00fcr eine effiziente Myzelkultur in der Pilzzucht. Schnellere Keimung Ihrer Pilzsporen!\" \/>\n<meta name=\"robots\" content=\"index, follow, max-snippet:-1, max-image-preview:large, max-video-preview:-1\" \/>\n<link rel=\"canonical\" href=\"https:\/\/dutchmicrodosing.com\/de\/sporen-zauberpilze\/spritzen-fur-flussigkulturen\/mondo-flussigkultur-spray\/\" \/>\n<meta property=\"og:locale\" content=\"de_DE\" \/>\n<meta property=\"og:type\" content=\"article\" \/>\n<meta property=\"og:title\" content=\"Mondo Fl\u00fcssigkultur-Spritze - 25 ML\" \/>\n<meta property=\"og:description\" content=\"Das Produkt Mondo Liquid Culture scheint die Besiedlungsrate der Sporen effektiv zu verdoppeln. Sie brauchen nur 1 ml Sporen in die Flasche zu geben und\" \/>\n<meta property=\"og:url\" content=\"https:\/\/dutchmicrodosing.com\/de\/sporen-zauberpilze\/spritzen-fur-flussigkulturen\/mondo-flussigkultur-spray\/\" \/>\n<meta property=\"og:site_name\" content=\"Dutchmicrodosing\" \/>\n<meta property=\"article:publisher\" content=\"https:\/\/www.facebook.com\/Dutchmicrodosingxp\/\" \/>\n<meta property=\"article:modified_time\" content=\"2025-02-20T13:25:09+00:00\" \/>\n<meta property=\"og:image\" content=\"https:\/\/dutchmicrodosing.com\/wp-content\/uploads\/2024\/05\/mushroom-grow-supplies-mondo-liquid-culture-vial-2.jpg\" \/>\n\t<meta property=\"og:image:width\" content=\"600\" \/>\n\t<meta property=\"og:image:height\" content=\"600\" \/>\n\t<meta property=\"og:image:type\" content=\"image\/jpeg\" \/>\n<meta name=\"twitter:card\" content=\"summary_large_image\" \/>\n<script type=\"application\/ld+json\" class=\"yoast-schema-graph\">{\"@context\":\"https:\\\/\\\/schema.org\",\"@graph\":[{\"@type\":\"WebPage\",\"@id\":\"https:\\\/\\\/dutchmicrodosing.com\\\/de\\\/sporen-zauberpilze\\\/spritzen-fur-flussigkulturen\\\/mondo-flussigkultur-spray\\\/\",\"url\":\"https:\\\/\\\/dutchmicrodosing.com\\\/de\\\/sporen-zauberpilze\\\/spritzen-fur-flussigkulturen\\\/mondo-flussigkultur-spray\\\/\",\"name\":\"Mondo Fl\u00fcssigkultur-Spritze - 25 ML - Dutchmicrodosing\",\"isPartOf\":{\"@id\":\"https:\\\/\\\/dutchmicrodosing.com\\\/de\\\/#website\"},\"primaryImageOfPage\":{\"@id\":\"https:\\\/\\\/dutchmicrodosing.com\\\/de\\\/sporen-zauberpilze\\\/spritzen-fur-flussigkulturen\\\/mondo-flussigkultur-spray\\\/#primaryimage\"},\"image\":{\"@id\":\"https:\\\/\\\/dutchmicrodosing.com\\\/de\\\/sporen-zauberpilze\\\/spritzen-fur-flussigkulturen\\\/mondo-flussigkultur-spray\\\/#primaryimage\"},\"thumbnailUrl\":\"https:\\\/\\\/dutchmicrodosing.com\\\/wp-content\\\/uploads\\\/2024\\\/05\\\/mushroom-grow-supplies-mondo-liquid-culture-vial-2.jpg\",\"datePublished\":\"2024-05-12T17:44:34+00:00\",\"dateModified\":\"2025-02-20T13:25:09+00:00\",\"description\":\"Entdecken Sie die Vorteile einer Fl\u00fcssigkultur-Sporenflasche f\u00fcr eine effiziente Myzelkultur in der Pilzzucht. Schnellere Keimung Ihrer Pilzsporen!\",\"breadcrumb\":{\"@id\":\"https:\\\/\\\/dutchmicrodosing.com\\\/de\\\/sporen-zauberpilze\\\/spritzen-fur-flussigkulturen\\\/mondo-flussigkultur-spray\\\/#breadcrumb\"},\"inLanguage\":\"de\",\"potentialAction\":[{\"@type\":\"ReadAction\",\"target\":[\"https:\\\/\\\/dutchmicrodosing.com\\\/de\\\/sporen-zauberpilze\\\/spritzen-fur-flussigkulturen\\\/mondo-flussigkultur-spray\\\/\"]}]},{\"@type\":\"ImageObject\",\"inLanguage\":\"de\",\"@id\":\"https:\\\/\\\/dutchmicrodosing.com\\\/de\\\/sporen-zauberpilze\\\/spritzen-fur-flussigkulturen\\\/mondo-flussigkultur-spray\\\/#primaryimage\",\"url\":\"https:\\\/\\\/dutchmicrodosing.com\\\/wp-content\\\/uploads\\\/2024\\\/05\\\/mushroom-grow-supplies-mondo-liquid-culture-vial-2.jpg\",\"contentUrl\":\"https:\\\/\\\/dutchmicrodosing.com\\\/wp-content\\\/uploads\\\/2024\\\/05\\\/mushroom-grow-supplies-mondo-liquid-culture-vial-2.jpg\",\"width\":600,\"height\":600},{\"@type\":\"BreadcrumbList\",\"@id\":\"https:\\\/\\\/dutchmicrodosing.com\\\/de\\\/sporen-zauberpilze\\\/spritzen-fur-flussigkulturen\\\/mondo-flussigkultur-spray\\\/#breadcrumb\",\"itemListElement\":[{\"@type\":\"ListItem\",\"position\":1,\"name\":\"Home\",\"item\":\"https:\\\/\\\/dutchmicrodosing.com\\\/de\\\/\"},{\"@type\":\"ListItem\",\"position\":2,\"name\":\"Shop\",\"item\":\"https:\\\/\\\/dutchmicrodosing.com\\\/de\\\/shop\\\/\"},{\"@type\":\"ListItem\",\"position\":3,\"name\":\"Mondo Fl\u00fcssigkultur-Spritze &#8211; 25 ML\"}]},{\"@type\":\"WebSite\",\"@id\":\"https:\\\/\\\/dutchmicrodosing.com\\\/de\\\/#website\",\"url\":\"https:\\\/\\\/dutchmicrodosing.com\\\/de\\\/\",\"name\":\"Dutchmicrodosing\",\"description\":\"\",\"publisher\":{\"@id\":\"https:\\\/\\\/dutchmicrodosing.com\\\/de\\\/#organization\"},\"potentialAction\":[{\"@type\":\"SearchAction\",\"target\":{\"@type\":\"EntryPoint\",\"urlTemplate\":\"https:\\\/\\\/dutchmicrodosing.com\\\/de\\\/?s={search_term_string}\"},\"query-input\":{\"@type\":\"PropertyValueSpecification\",\"valueRequired\":true,\"valueName\":\"search_term_string\"}}],\"inLanguage\":\"de\"},{\"@type\":\"Organization\",\"@id\":\"https:\\\/\\\/dutchmicrodosing.com\\\/de\\\/#organization\",\"name\":\"Dutchmicrodosing\",\"url\":\"https:\\\/\\\/dutchmicrodosing.com\\\/de\\\/\",\"logo\":{\"@type\":\"ImageObject\",\"inLanguage\":\"de\",\"@id\":\"https:\\\/\\\/dutchmicrodosing.com\\\/de\\\/#\\\/schema\\\/logo\\\/image\\\/\",\"url\":\"https:\\\/\\\/dutchmicrodosing.com\\\/wp-content\\\/uploads\\\/2021\\\/01\\\/microdosing-categorie-pic-nieuw.jpg\",\"contentUrl\":\"https:\\\/\\\/dutchmicrodosing.com\\\/wp-content\\\/uploads\\\/2021\\\/01\\\/microdosing-categorie-pic-nieuw.jpg\",\"width\":500,\"height\":500,\"caption\":\"Dutchmicrodosing\"},\"image\":{\"@id\":\"https:\\\/\\\/dutchmicrodosing.com\\\/de\\\/#\\\/schema\\\/logo\\\/image\\\/\"},\"sameAs\":[\"https:\\\/\\\/www.facebook.com\\\/Dutchmicrodosingxp\\\/\",\"https:\\\/\\\/www.instagram.com\\\/dutchmicrodosing\\\/\"]}]}<\/script>\n<meta property=\"product:price:amount\" content=\"16.95\" \/>\n<meta property=\"product:price:currency\" content=\"EUR\" \/>\n<meta property=\"og:availability\" content=\"out of stock\" \/>\n<meta property=\"product:availability\" content=\"out of stock\" \/>\n<meta property=\"product:retailer_item_id\" content=\"0212192\" \/>\n<meta property=\"product:condition\" content=\"new\" \/>\n<!-- \/ Yoast SEO Premium plugin. -->","yoast_head_json":{"title":"Mondo Fl\u00fcssigkultur-Spritze - 25 ML - Dutchmicrodosing","description":"Entdecken Sie die Vorteile einer Fl\u00fcssigkultur-Sporenflasche f\u00fcr eine effiziente Myzelkultur in der Pilzzucht. Schnellere Keimung Ihrer Pilzsporen!","robots":{"index":"index","follow":"follow","max-snippet":"max-snippet:-1","max-image-preview":"max-image-preview:large","max-video-preview":"max-video-preview:-1"},"canonical":"https:\/\/dutchmicrodosing.com\/de\/sporen-zauberpilze\/spritzen-fur-flussigkulturen\/mondo-flussigkultur-spray\/","og_locale":"de_DE","og_type":"article","og_title":"Mondo Fl\u00fcssigkultur-Spritze - 25 ML","og_description":"Das Produkt Mondo Liquid Culture scheint die Besiedlungsrate der Sporen effektiv zu verdoppeln. Sie brauchen nur 1 ml Sporen in die Flasche zu geben und","og_url":"https:\/\/dutchmicrodosing.com\/de\/sporen-zauberpilze\/spritzen-fur-flussigkulturen\/mondo-flussigkultur-spray\/","og_site_name":"Dutchmicrodosing","article_publisher":"https:\/\/www.facebook.com\/Dutchmicrodosingxp\/","article_modified_time":"2025-02-20T13:25:09+00:00","og_image":[{"width":600,"height":600,"url":"https:\/\/dutchmicrodosing.com\/wp-content\/uploads\/2024\/05\/mushroom-grow-supplies-mondo-liquid-culture-vial-2.jpg","type":"image\/jpeg"}],"twitter_card":"summary_large_image","schema":{"@context":"https:\/\/schema.org","@graph":[{"@type":"WebPage","@id":"https:\/\/dutchmicrodosing.com\/de\/sporen-zauberpilze\/spritzen-fur-flussigkulturen\/mondo-flussigkultur-spray\/","url":"https:\/\/dutchmicrodosing.com\/de\/sporen-zauberpilze\/spritzen-fur-flussigkulturen\/mondo-flussigkultur-spray\/","name":"Mondo Fl\u00fcssigkultur-Spritze - 25 ML - Dutchmicrodosing","isPartOf":{"@id":"https:\/\/dutchmicrodosing.com\/de\/#website"},"primaryImageOfPage":{"@id":"https:\/\/dutchmicrodosing.com\/de\/sporen-zauberpilze\/spritzen-fur-flussigkulturen\/mondo-flussigkultur-spray\/#primaryimage"},"image":{"@id":"https:\/\/dutchmicrodosing.com\/de\/sporen-zauberpilze\/spritzen-fur-flussigkulturen\/mondo-flussigkultur-spray\/#primaryimage"},"thumbnailUrl":"https:\/\/dutchmicrodosing.com\/wp-content\/uploads\/2024\/05\/mushroom-grow-supplies-mondo-liquid-culture-vial-2.jpg","datePublished":"2024-05-12T17:44:34+00:00","dateModified":"2025-02-20T13:25:09+00:00","description":"Entdecken Sie die Vorteile einer Fl\u00fcssigkultur-Sporenflasche f\u00fcr eine effiziente Myzelkultur in der Pilzzucht. Schnellere Keimung Ihrer Pilzsporen!","breadcrumb":{"@id":"https:\/\/dutchmicrodosing.com\/de\/sporen-zauberpilze\/spritzen-fur-flussigkulturen\/mondo-flussigkultur-spray\/#breadcrumb"},"inLanguage":"de","potentialAction":[{"@type":"ReadAction","target":["https:\/\/dutchmicrodosing.com\/de\/sporen-zauberpilze\/spritzen-fur-flussigkulturen\/mondo-flussigkultur-spray\/"]}]},{"@type":"ImageObject","inLanguage":"de","@id":"https:\/\/dutchmicrodosing.com\/de\/sporen-zauberpilze\/spritzen-fur-flussigkulturen\/mondo-flussigkultur-spray\/#primaryimage","url":"https:\/\/dutchmicrodosing.com\/wp-content\/uploads\/2024\/05\/mushroom-grow-supplies-mondo-liquid-culture-vial-2.jpg","contentUrl":"https:\/\/dutchmicrodosing.com\/wp-content\/uploads\/2024\/05\/mushroom-grow-supplies-mondo-liquid-culture-vial-2.jpg","width":600,"height":600},{"@type":"BreadcrumbList","@id":"https:\/\/dutchmicrodosing.com\/de\/sporen-zauberpilze\/spritzen-fur-flussigkulturen\/mondo-flussigkultur-spray\/#breadcrumb","itemListElement":[{"@type":"ListItem","position":1,"name":"Home","item":"https:\/\/dutchmicrodosing.com\/de\/"},{"@type":"ListItem","position":2,"name":"Shop","item":"https:\/\/dutchmicrodosing.com\/de\/shop\/"},{"@type":"ListItem","position":3,"name":"Mondo Fl\u00fcssigkultur-Spritze &#8211; 25 ML"}]},{"@type":"WebSite","@id":"https:\/\/dutchmicrodosing.com\/de\/#website","url":"https:\/\/dutchmicrodosing.com\/de\/","name":"Dutchmicrodosing","description":"","publisher":{"@id":"https:\/\/dutchmicrodosing.com\/de\/#organization"},"potentialAction":[{"@type":"SearchAction","target":{"@type":"EntryPoint","urlTemplate":"https:\/\/dutchmicrodosing.com\/de\/?s={search_term_string}"},"query-input":{"@type":"PropertyValueSpecification","valueRequired":true,"valueName":"search_term_string"}}],"inLanguage":"de"},{"@type":"Organization","@id":"https:\/\/dutchmicrodosing.com\/de\/#organization","name":"Dutchmicrodosing","url":"https:\/\/dutchmicrodosing.com\/de\/","logo":{"@type":"ImageObject","inLanguage":"de","@id":"https:\/\/dutchmicrodosing.com\/de\/#\/schema\/logo\/image\/","url":"https:\/\/dutchmicrodosing.com\/wp-content\/uploads\/2021\/01\/microdosing-categorie-pic-nieuw.jpg","contentUrl":"https:\/\/dutchmicrodosing.com\/wp-content\/uploads\/2021\/01\/microdosing-categorie-pic-nieuw.jpg","width":500,"height":500,"caption":"Dutchmicrodosing"},"image":{"@id":"https:\/\/dutchmicrodosing.com\/de\/#\/schema\/logo\/image\/"},"sameAs":["https:\/\/www.facebook.com\/Dutchmicrodosingxp\/","https:\/\/www.instagram.com\/dutchmicrodosing\/"]}]},"product_price_amount":"16.95","product_price_currency":"EUR","og_availability":"out of stock","product_availability":"out of stock","product_retailer_item_id":"0212192","product_condition":"new"},"_links":{"self":[{"href":"https:\/\/dutchmicrodosing.com\/de\/wp-json\/wp\/v2\/product\/39293","targetHints":{"allow":["GET"]}}],"collection":[{"href":"https:\/\/dutchmicrodosing.com\/de\/wp-json\/wp\/v2\/product"}],"about":[{"href":"https:\/\/dutchmicrodosing.com\/de\/wp-json\/wp\/v2\/types\/product"}],"replies":[{"embeddable":true,"href":"https:\/\/dutchmicrodosing.com\/de\/wp-json\/wp\/v2\/comments?post=39293"}],"version-history":[{"count":0,"href":"https:\/\/dutchmicrodosing.com\/de\/wp-json\/wp\/v2\/product\/39293\/revisions"}],"wp:featuredmedia":[{"embeddable":true,"href":"https:\/\/dutchmicrodosing.com\/de\/wp-json\/wp\/v2\/media\/39300"}],"wp:attachment":[{"href":"https:\/\/dutchmicrodosing.com\/de\/wp-json\/wp\/v2\/media?parent=39293"}],"wp:term":[{"taxonomy":"product_brand","embeddable":true,"href":"https:\/\/dutchmicrodosing.com\/de\/wp-json\/wp\/v2\/product_brand?post=39293"},{"taxonomy":"product_cat","embeddable":true,"href":"https:\/\/dutchmicrodosing.com\/de\/wp-json\/wp\/v2\/product_cat?post=39293"},{"taxonomy":"product_tag","embeddable":true,"href":"https:\/\/dutchmicrodosing.com\/de\/wp-json\/wp\/v2\/product_tag?post=39293"}],"curies":[{"name":"wp","href":"https:\/\/api.w.org\/{rel}","templated":true}]}}