{"id":39386,"date":"2024-05-13T08:48:50","date_gmt":"2024-05-13T06:48:50","guid":{"rendered":"https:\/\/dutchmicrodosing.com\/shop\/unkategorisiert\/b-culture-ampoule-set\/"},"modified":"2025-09-28T22:43:05","modified_gmt":"2025-09-28T20:43:05","slug":"b-culture-ampoule-set","status":"publish","type":"product","link":"https:\/\/dutchmicrodosing.com\/de\/sporen-zauberpilze\/spritzen-fur-flussigkulturen\/b-culture-ampoule-set\/","title":{"rendered":"B+ &#8211; Kultur Ampullen Set"},"content":{"rendered":"<p>Das <strong>B+ &#8211; Culture Ampoule Set<\/strong> ist ein effektiver Weg, um Magic Mushrooms zu Hause zu z\u00fcchten. Es wurde entwickelt, um das Risiko einer Kontamination zu verringern, das bei traditionellen Methoden wie Sporenabdr\u00fccken und Spritzen h\u00e4ufig auftritt. Diese Ampulle enth\u00e4lt eine vorkultivierte &#8218;B+&#8216; Pilzkultur, die direkt in das Substrat injiziert werden kann. Das erleichtert den Veredelungsprozess und erh\u00f6ht die Chancen auf eine erfolgreiche und gesunde Ernte. Diese direkte und kontrollierte Inokulationsmethode reduziert die Herausforderungen und Unsicherheiten traditioneller Z\u00fcchtungsmethoden und f\u00fchrt zu besseren Ergebnissen im heimischen Anbau.<\/p>\n<h2>Befolgen Sie die Anweisungen f\u00fcr eine erfolgreiche Ernte!<\/h2>\n<div>\n<ol>\n<li>Waschen Sie sich gr\u00fcndlich die H\u00e4nde und reinigen Sie die Au\u00dfenseite der Kulturampulle mit einem sauberen, feuchten Tuch.<\/li>\n<li>Wir empfehlen, ein Alkoholtuch zu verwenden, um Bakterien zu entfernen.<\/li>\n<li>Die mitgelieferte Spritze ist steril verpackt. Achten Sie darauf, dass es nicht verunreinigt wird und \u00f6ffnen Sie es in einer sauberen Umgebung.<\/li>\n<li>L\u00f6sen Sie die Kappe der Kulturampulle leicht, damit beim Bef\u00fcllen der Spritze kein Vakuum entsteht.<\/li>\n<li>Stecken Sie die Nadel durch die Gummidichtung und ziehen Sie die Spritze voll.<\/li>\n<li>Die Nadel ist nun bereit und die Kultur kann in das gew\u00fcnschte Substrat injiziert werden. Z\u00fcchten Sie diese bei Zimmertemperatur. Innerhalb weniger Tage wird das Mycelium sichtbar.<\/li>\n<\/ol>\n<div>\n<h2>Effekte B+ Psilocybe-Pilze:<\/h2>\n<\/div>\n<p>Das B+ Psilocybe Amplus erzeugt in der richtigen Dosierung die folgenden Wirkungen:<\/p>\n<ul>\n<li>leicht\/durchschnittlich visuell<\/li>\n<li>Kreativit\u00e4t<\/li>\n<li>Lachkicks<\/li>\n<li>Gef\u00fchl von Gl\u00fcck und Freude<\/li>\n<li>Zufriedenheit<\/li>\n<li>die Aufgabe des Konzepts von Zeit und Raum<\/li>\n<li>intensive Farben<\/li>\n<li>Ihre Sinne sch\u00e4rfen<\/li>\n<\/ul>\n<h2>Inhalt<\/h2>\n<p>B+ &#8211; Kultur Ampullen Set &#8211; 5 ml<\/p>\n<\/div>\n","protected":false},"excerpt":{"rendered":"<p>Das B+ &#8211; Culture Ampoule Set ist ein effektiver Weg, um Magic Mushrooms zu Hause zu z\u00fcchten. Es wurde entwickelt, um das Risiko einer Kontamination zu verringern, das bei traditionellen Methoden wie Sporenabdr\u00fccken und Spritzen h\u00e4ufig auftritt. Diese Ampulle enth\u00e4lt eine vorkultivierte &#8218;B+&#8216; Pilzkultur, die direkt in das Substrat injiziert werden kann. Das erleichtert den [&hellip;]<\/p>\n","protected":false},"featured_media":39342,"comment_status":"closed","ping_status":"closed","template":"","meta":[],"product_brand":[],"product_cat":[356],"product_tag":[],"class_list":{"0":"post-39386","1":"product","2":"type-product","3":"status-publish","4":"has-post-thumbnail","6":"product_cat-spritzen-fur-flussigkulturen","8":"first","9":"instock","10":"taxable","11":"shipping-taxable","12":"purchasable","13":"product-type-simple"},"yoast_head":"<!-- This site is optimized with the Yoast SEO Premium plugin v26.4 (Yoast SEO v27.2) - https:\/\/yoast.com\/product\/yoast-seo-premium-wordpress\/ -->\n<title>B+ - Kultur Ampullen Set - Dutchmicrodosing<\/title>\n<meta name=\"description\" content=\"Entdecken Sie das B+ - Culture Ampoule Set f\u00fcr einen kraftvollen und zuverl\u00e4ssigen Start in Ihr Anbauprojekt. Hochwertige B+ Soren in einer praktischen Ampulle! schnell klicken\" \/>\n<meta name=\"robots\" content=\"index, follow, max-snippet:-1, max-image-preview:large, max-video-preview:-1\" \/>\n<link rel=\"canonical\" href=\"https:\/\/dutchmicrodosing.com\/de\/sporen-zauberpilze\/spritzen-fur-flussigkulturen\/b-culture-ampoule-set\/\" \/>\n<meta property=\"og:locale\" content=\"de_DE\" \/>\n<meta property=\"og:type\" content=\"article\" \/>\n<meta property=\"og:title\" content=\"B+ - Kultur Ampullen Set\" \/>\n<meta property=\"og:description\" content=\"Das B+ - Culture Ampoule Set ist ein effektiver Weg, um Magic Mushrooms zu Hause zu z\u00fcchten. Es wurde entwickelt, um das Risiko einer Kontamination zu\" \/>\n<meta property=\"og:url\" content=\"https:\/\/dutchmicrodosing.com\/de\/sporen-zauberpilze\/spritzen-fur-flussigkulturen\/b-culture-ampoule-set\/\" \/>\n<meta property=\"og:site_name\" content=\"Dutchmicrodosing\" \/>\n<meta property=\"article:publisher\" content=\"https:\/\/www.facebook.com\/Dutchmicrodosingxp\/\" \/>\n<meta property=\"article:modified_time\" content=\"2025-09-28T20:43:05+00:00\" \/>\n<meta property=\"og:image\" content=\"https:\/\/dutchmicrodosing.com\/wp-content\/uploads\/2024\/05\/B-Mushroom-Spore.jpg\" \/>\n\t<meta property=\"og:image:width\" content=\"420\" \/>\n\t<meta property=\"og:image:height\" content=\"400\" \/>\n\t<meta property=\"og:image:type\" content=\"image\/jpeg\" \/>\n<meta name=\"twitter:card\" content=\"summary_large_image\" \/>\n<script type=\"application\/ld+json\" class=\"yoast-schema-graph\">{\"@context\":\"https:\/\/schema.org\",\"@graph\":[{\"@type\":\"WebPage\",\"@id\":\"https:\/\/dutchmicrodosing.com\/de\/sporen-zauberpilze\/spritzen-fur-flussigkulturen\/b-culture-ampoule-set\/\",\"url\":\"https:\/\/dutchmicrodosing.com\/de\/sporen-zauberpilze\/spritzen-fur-flussigkulturen\/b-culture-ampoule-set\/\",\"name\":\"B+ - Kultur Ampullen Set - Dutchmicrodosing\",\"isPartOf\":{\"@id\":\"https:\/\/dutchmicrodosing.com\/de\/#website\"},\"primaryImageOfPage\":{\"@id\":\"https:\/\/dutchmicrodosing.com\/de\/sporen-zauberpilze\/spritzen-fur-flussigkulturen\/b-culture-ampoule-set\/#primaryimage\"},\"image\":{\"@id\":\"https:\/\/dutchmicrodosing.com\/de\/sporen-zauberpilze\/spritzen-fur-flussigkulturen\/b-culture-ampoule-set\/#primaryimage\"},\"thumbnailUrl\":\"https:\/\/dutchmicrodosing.com\/wp-content\/uploads\/2024\/05\/B-Mushroom-Spore.jpg\",\"datePublished\":\"2024-05-13T06:48:50+00:00\",\"dateModified\":\"2025-09-28T20:43:05+00:00\",\"description\":\"Entdecken Sie das B+ - Culture Ampoule Set f\u00fcr einen kraftvollen und zuverl\u00e4ssigen Start in Ihr Anbauprojekt. Hochwertige B+ Soren in einer praktischen Ampulle! schnell klicken\",\"breadcrumb\":{\"@id\":\"https:\/\/dutchmicrodosing.com\/de\/sporen-zauberpilze\/spritzen-fur-flussigkulturen\/b-culture-ampoule-set\/#breadcrumb\"},\"inLanguage\":\"de\",\"potentialAction\":[{\"@type\":\"ReadAction\",\"target\":[\"https:\/\/dutchmicrodosing.com\/de\/sporen-zauberpilze\/spritzen-fur-flussigkulturen\/b-culture-ampoule-set\/\"]}]},{\"@type\":\"ImageObject\",\"inLanguage\":\"de\",\"@id\":\"https:\/\/dutchmicrodosing.com\/de\/sporen-zauberpilze\/spritzen-fur-flussigkulturen\/b-culture-ampoule-set\/#primaryimage\",\"url\":\"https:\/\/dutchmicrodosing.com\/wp-content\/uploads\/2024\/05\/B-Mushroom-Spore.jpg\",\"contentUrl\":\"https:\/\/dutchmicrodosing.com\/wp-content\/uploads\/2024\/05\/B-Mushroom-Spore.jpg\",\"width\":420,\"height\":400},{\"@type\":\"BreadcrumbList\",\"@id\":\"https:\/\/dutchmicrodosing.com\/de\/sporen-zauberpilze\/spritzen-fur-flussigkulturen\/b-culture-ampoule-set\/#breadcrumb\",\"itemListElement\":[{\"@type\":\"ListItem\",\"position\":1,\"name\":\"Home\",\"item\":\"https:\/\/dutchmicrodosing.com\/de\/\"},{\"@type\":\"ListItem\",\"position\":2,\"name\":\"Shop\",\"item\":\"https:\/\/dutchmicrodosing.com\/de\/shop\/\"},{\"@type\":\"ListItem\",\"position\":3,\"name\":\"B+ &#8211; Kultur Ampullen Set\"}]},{\"@type\":\"WebSite\",\"@id\":\"https:\/\/dutchmicrodosing.com\/de\/#website\",\"url\":\"https:\/\/dutchmicrodosing.com\/de\/\",\"name\":\"Dutchmicrodosing\",\"description\":\"\",\"publisher\":{\"@id\":\"https:\/\/dutchmicrodosing.com\/de\/#organization\"},\"potentialAction\":[{\"@type\":\"SearchAction\",\"target\":{\"@type\":\"EntryPoint\",\"urlTemplate\":\"https:\/\/dutchmicrodosing.com\/de\/?s={search_term_string}\"},\"query-input\":{\"@type\":\"PropertyValueSpecification\",\"valueRequired\":true,\"valueName\":\"search_term_string\"}}],\"inLanguage\":\"de\"},{\"@type\":\"Organization\",\"@id\":\"https:\/\/dutchmicrodosing.com\/de\/#organization\",\"name\":\"Dutchmicrodosing\",\"url\":\"https:\/\/dutchmicrodosing.com\/de\/\",\"logo\":{\"@type\":\"ImageObject\",\"inLanguage\":\"de\",\"@id\":\"https:\/\/dutchmicrodosing.com\/de\/#\/schema\/logo\/image\/\",\"url\":\"https:\/\/dutchmicrodosing.com\/wp-content\/uploads\/2021\/01\/microdosing-categorie-pic-nieuw.jpg\",\"contentUrl\":\"https:\/\/dutchmicrodosing.com\/wp-content\/uploads\/2021\/01\/microdosing-categorie-pic-nieuw.jpg\",\"width\":500,\"height\":500,\"caption\":\"Dutchmicrodosing\"},\"image\":{\"@id\":\"https:\/\/dutchmicrodosing.com\/de\/#\/schema\/logo\/image\/\"},\"sameAs\":[\"https:\/\/www.facebook.com\/Dutchmicrodosingxp\/\",\"https:\/\/www.instagram.com\/dutchmicrodosing\/\"]}]}<\/script>\n<meta property=\"product:price:amount\" content=\"16.95\" \/>\n<meta property=\"product:price:currency\" content=\"EUR\" \/>\n<meta property=\"og:availability\" content=\"instock\" \/>\n<meta property=\"product:availability\" content=\"instock\" \/>\n<meta property=\"product:retailer_item_id\" content=\"7112143\" \/>\n<meta property=\"product:condition\" content=\"new\" \/>\n<!-- \/ Yoast SEO Premium plugin. -->","yoast_head_json":{"title":"B+ - Kultur Ampullen Set - Dutchmicrodosing","description":"Entdecken Sie das B+ - Culture Ampoule Set f\u00fcr einen kraftvollen und zuverl\u00e4ssigen Start in Ihr Anbauprojekt. Hochwertige B+ Soren in einer praktischen Ampulle! schnell klicken","robots":{"index":"index","follow":"follow","max-snippet":"max-snippet:-1","max-image-preview":"max-image-preview:large","max-video-preview":"max-video-preview:-1"},"canonical":"https:\/\/dutchmicrodosing.com\/de\/sporen-zauberpilze\/spritzen-fur-flussigkulturen\/b-culture-ampoule-set\/","og_locale":"de_DE","og_type":"article","og_title":"B+ - Kultur Ampullen Set","og_description":"Das B+ - Culture Ampoule Set ist ein effektiver Weg, um Magic Mushrooms zu Hause zu z\u00fcchten. Es wurde entwickelt, um das Risiko einer Kontamination zu","og_url":"https:\/\/dutchmicrodosing.com\/de\/sporen-zauberpilze\/spritzen-fur-flussigkulturen\/b-culture-ampoule-set\/","og_site_name":"Dutchmicrodosing","article_publisher":"https:\/\/www.facebook.com\/Dutchmicrodosingxp\/","article_modified_time":"2025-09-28T20:43:05+00:00","og_image":[{"width":420,"height":400,"url":"https:\/\/dutchmicrodosing.com\/wp-content\/uploads\/2024\/05\/B-Mushroom-Spore.jpg","type":"image\/jpeg"}],"twitter_card":"summary_large_image","schema":{"@context":"https:\/\/schema.org","@graph":[{"@type":"WebPage","@id":"https:\/\/dutchmicrodosing.com\/de\/sporen-zauberpilze\/spritzen-fur-flussigkulturen\/b-culture-ampoule-set\/","url":"https:\/\/dutchmicrodosing.com\/de\/sporen-zauberpilze\/spritzen-fur-flussigkulturen\/b-culture-ampoule-set\/","name":"B+ - Kultur Ampullen Set - Dutchmicrodosing","isPartOf":{"@id":"https:\/\/dutchmicrodosing.com\/de\/#website"},"primaryImageOfPage":{"@id":"https:\/\/dutchmicrodosing.com\/de\/sporen-zauberpilze\/spritzen-fur-flussigkulturen\/b-culture-ampoule-set\/#primaryimage"},"image":{"@id":"https:\/\/dutchmicrodosing.com\/de\/sporen-zauberpilze\/spritzen-fur-flussigkulturen\/b-culture-ampoule-set\/#primaryimage"},"thumbnailUrl":"https:\/\/dutchmicrodosing.com\/wp-content\/uploads\/2024\/05\/B-Mushroom-Spore.jpg","datePublished":"2024-05-13T06:48:50+00:00","dateModified":"2025-09-28T20:43:05+00:00","description":"Entdecken Sie das B+ - Culture Ampoule Set f\u00fcr einen kraftvollen und zuverl\u00e4ssigen Start in Ihr Anbauprojekt. Hochwertige B+ Soren in einer praktischen Ampulle! schnell klicken","breadcrumb":{"@id":"https:\/\/dutchmicrodosing.com\/de\/sporen-zauberpilze\/spritzen-fur-flussigkulturen\/b-culture-ampoule-set\/#breadcrumb"},"inLanguage":"de","potentialAction":[{"@type":"ReadAction","target":["https:\/\/dutchmicrodosing.com\/de\/sporen-zauberpilze\/spritzen-fur-flussigkulturen\/b-culture-ampoule-set\/"]}]},{"@type":"ImageObject","inLanguage":"de","@id":"https:\/\/dutchmicrodosing.com\/de\/sporen-zauberpilze\/spritzen-fur-flussigkulturen\/b-culture-ampoule-set\/#primaryimage","url":"https:\/\/dutchmicrodosing.com\/wp-content\/uploads\/2024\/05\/B-Mushroom-Spore.jpg","contentUrl":"https:\/\/dutchmicrodosing.com\/wp-content\/uploads\/2024\/05\/B-Mushroom-Spore.jpg","width":420,"height":400},{"@type":"BreadcrumbList","@id":"https:\/\/dutchmicrodosing.com\/de\/sporen-zauberpilze\/spritzen-fur-flussigkulturen\/b-culture-ampoule-set\/#breadcrumb","itemListElement":[{"@type":"ListItem","position":1,"name":"Home","item":"https:\/\/dutchmicrodosing.com\/de\/"},{"@type":"ListItem","position":2,"name":"Shop","item":"https:\/\/dutchmicrodosing.com\/de\/shop\/"},{"@type":"ListItem","position":3,"name":"B+ &#8211; Kultur Ampullen Set"}]},{"@type":"WebSite","@id":"https:\/\/dutchmicrodosing.com\/de\/#website","url":"https:\/\/dutchmicrodosing.com\/de\/","name":"Dutchmicrodosing","description":"","publisher":{"@id":"https:\/\/dutchmicrodosing.com\/de\/#organization"},"potentialAction":[{"@type":"SearchAction","target":{"@type":"EntryPoint","urlTemplate":"https:\/\/dutchmicrodosing.com\/de\/?s={search_term_string}"},"query-input":{"@type":"PropertyValueSpecification","valueRequired":true,"valueName":"search_term_string"}}],"inLanguage":"de"},{"@type":"Organization","@id":"https:\/\/dutchmicrodosing.com\/de\/#organization","name":"Dutchmicrodosing","url":"https:\/\/dutchmicrodosing.com\/de\/","logo":{"@type":"ImageObject","inLanguage":"de","@id":"https:\/\/dutchmicrodosing.com\/de\/#\/schema\/logo\/image\/","url":"https:\/\/dutchmicrodosing.com\/wp-content\/uploads\/2021\/01\/microdosing-categorie-pic-nieuw.jpg","contentUrl":"https:\/\/dutchmicrodosing.com\/wp-content\/uploads\/2021\/01\/microdosing-categorie-pic-nieuw.jpg","width":500,"height":500,"caption":"Dutchmicrodosing"},"image":{"@id":"https:\/\/dutchmicrodosing.com\/de\/#\/schema\/logo\/image\/"},"sameAs":["https:\/\/www.facebook.com\/Dutchmicrodosingxp\/","https:\/\/www.instagram.com\/dutchmicrodosing\/"]}]},"product_price_amount":"16.95","product_price_currency":"EUR","og_availability":"instock","product_availability":"instock","product_retailer_item_id":"7112143","product_condition":"new"},"_links":{"self":[{"href":"https:\/\/dutchmicrodosing.com\/de\/wp-json\/wp\/v2\/product\/39386","targetHints":{"allow":["GET"]}}],"collection":[{"href":"https:\/\/dutchmicrodosing.com\/de\/wp-json\/wp\/v2\/product"}],"about":[{"href":"https:\/\/dutchmicrodosing.com\/de\/wp-json\/wp\/v2\/types\/product"}],"replies":[{"embeddable":true,"href":"https:\/\/dutchmicrodosing.com\/de\/wp-json\/wp\/v2\/comments?post=39386"}],"version-history":[{"count":0,"href":"https:\/\/dutchmicrodosing.com\/de\/wp-json\/wp\/v2\/product\/39386\/revisions"}],"wp:featuredmedia":[{"embeddable":true,"href":"https:\/\/dutchmicrodosing.com\/de\/wp-json\/wp\/v2\/media\/39342"}],"wp:attachment":[{"href":"https:\/\/dutchmicrodosing.com\/de\/wp-json\/wp\/v2\/media?parent=39386"}],"wp:term":[{"taxonomy":"product_brand","embeddable":true,"href":"https:\/\/dutchmicrodosing.com\/de\/wp-json\/wp\/v2\/product_brand?post=39386"},{"taxonomy":"product_cat","embeddable":true,"href":"https:\/\/dutchmicrodosing.com\/de\/wp-json\/wp\/v2\/product_cat?post=39386"},{"taxonomy":"product_tag","embeddable":true,"href":"https:\/\/dutchmicrodosing.com\/de\/wp-json\/wp\/v2\/product_tag?post=39386"}],"curies":[{"name":"wp","href":"https:\/\/api.w.org\/{rel}","templated":true}]}}