{"id":39468,"date":"2024-05-13T14:05:52","date_gmt":"2024-05-13T12:05:52","guid":{"rendered":"https:\/\/dutchmicrodosing.com\/shop\/unkategorisiert\/kambodschanische-kultur-ampullen-set\/"},"modified":"2025-10-01T06:38:15","modified_gmt":"2025-10-01T04:38:15","slug":"kambodschanische-kultur-ampullen-set","status":"publish","type":"product","link":"https:\/\/dutchmicrodosing.com\/de\/sporen-zauberpilze\/spritzen-fur-flussigkulturen\/kambodschanische-kultur-ampullen-set\/","title":{"rendered":"Kambodschanisch &#8211; Kultur Ampullen Set"},"content":{"rendered":"<p>Die <strong>Kambodschanische Kulturampulle<\/strong> bietet eine vereinfachte und potenziell sicherere Methode f\u00fcr den Anbau von Magic Mushrooms zu Hause. Anstatt sich auf traditionelle Sporenabdr\u00fccke oder Sprays zu verlassen, die anf\u00e4lliger f\u00fcr Verunreinigungen sind und weniger wahrscheinlich zu einer erfolgreichen Ernte f\u00fchren, enth\u00e4lt die Culture Ampoule eine bereits entwickelte Pilzkultur. Diese Kultur kann direkt in Ihr Substrat geimpft werden, was den Prozess der Pilzzucht erheblich vereinfacht und die Erfolgsaussichten erh\u00f6ht. Das macht sie zu einer attraktiven Option sowohl f\u00fcr Anf\u00e4nger als auch f\u00fcr erfahrene Z\u00fcchter, die nach einer zuverl\u00e4ssigen Methode suchen, um Pilze zu Hause zu z\u00fcchten.<\/p>\n<h2>Befolgen Sie die Anweisungen f\u00fcr eine erfolgreiche Ernte !!!<\/h2>\n<ol>\n<li>Waschen Sie sich gr\u00fcndlich die H\u00e4nde und reinigen Sie die Au\u00dfenseite der Kulturampulle mit einem sauberen, feuchten Tuch. Wir empfehlen, ein Alkoholtuch zu verwenden, um Bakterien zu entfernen.<\/li>\n<li>Die mitgelieferte Spritze ist steril verpackt. Achten Sie darauf, dass es nicht verunreinigt wird und \u00f6ffnen Sie es in einer sauberen Umgebung.<\/li>\n<li>L\u00f6sen Sie die Kappe der Kulturampulle leicht, damit beim Bef\u00fcllen der Spritze kein Vakuum entsteht.<\/li>\n<li>Stecken Sie die Nadel durch die Gummidichtung und ziehen Sie die Spritze voll.<\/li>\n<li>Die Nadel ist nun bereit und die Kultur kann in das gew\u00fcnschte Substrat injiziert werden. Z\u00fcchten Sie diese bei Zimmertemperatur. Innerhalb weniger Tage wird das Mycelium sichtbar.<\/li>\n<\/ol>\n<h2>Auswirkungen<\/h2>\n<p>Die kambodschanische Psilocybe Cambodiescens erzeugt bei richtiger Dosierung die folgenden Wirkungen<\/p>\n<ul>\n<li>mittel\/stark visuell<\/li>\n<li>Kreativit\u00e4t<\/li>\n<li>Lachkicks<\/li>\n<li>Gef\u00fchl von Gl\u00fcck und Freude<\/li>\n<li>Zufriedenheit<\/li>\n<li>die Aufgabe des Konzepts von Zeit und Raum<\/li>\n<li>intensive Farben<\/li>\n<li>Ihre Sinne sch\u00e4rfen<\/li>\n<\/ul>\n<h2>Inhalt<\/h2>\n<p>5 ml<\/p>\n","protected":false},"excerpt":{"rendered":"<p>Die Kambodschanische Kulturampulle bietet eine vereinfachte und potenziell sicherere Methode f\u00fcr den Anbau von Magic Mushrooms zu Hause. Anstatt sich auf traditionelle Sporenabdr\u00fccke oder Sprays zu verlassen, die anf\u00e4lliger f\u00fcr Verunreinigungen sind und weniger wahrscheinlich zu einer erfolgreichen Ernte f\u00fchren, enth\u00e4lt die Culture Ampoule eine bereits entwickelte Pilzkultur. Diese Kultur kann direkt in Ihr Substrat [&hellip;]<\/p>\n","protected":false},"featured_media":39462,"comment_status":"closed","ping_status":"closed","template":"","meta":[],"product_brand":[],"product_cat":[356],"product_tag":[],"class_list":{"0":"post-39468","1":"product","2":"type-product","3":"status-publish","4":"has-post-thumbnail","6":"product_cat-spritzen-fur-flussigkulturen","8":"first","9":"instock","10":"taxable","11":"shipping-taxable","12":"purchasable","13":"product-type-simple"},"yoast_head":"<!-- This site is optimized with the Yoast SEO Premium plugin v26.4 (Yoast SEO v27.4) - https:\/\/yoast.com\/product\/yoast-seo-premium-wordpress\/ -->\n<title>Kambodschanisch - Kultur Ampullen Set - Dutchmicrodosing<\/title>\n<meta name=\"robots\" content=\"index, follow, max-snippet:-1, max-image-preview:large, max-video-preview:-1\" \/>\n<link rel=\"canonical\" href=\"https:\/\/dutchmicrodosing.com\/de\/sporen-zauberpilze\/spritzen-fur-flussigkulturen\/kambodschanische-kultur-ampullen-set\/\" \/>\n<meta property=\"og:locale\" content=\"de_DE\" \/>\n<meta property=\"og:type\" content=\"article\" \/>\n<meta property=\"og:title\" content=\"Kambodschanisch - Kultur Ampullen Set\" \/>\n<meta property=\"og:description\" content=\"Die Kambodschanische Kulturampulle bietet eine vereinfachte und potenziell sicherere Methode f\u00fcr den Anbau von Magic Mushrooms zu Hause. Anstatt sich auf\" \/>\n<meta property=\"og:url\" content=\"https:\/\/dutchmicrodosing.com\/de\/sporen-zauberpilze\/spritzen-fur-flussigkulturen\/kambodschanische-kultur-ampullen-set\/\" \/>\n<meta property=\"og:site_name\" content=\"Dutchmicrodosing\" \/>\n<meta property=\"article:publisher\" content=\"https:\/\/www.facebook.com\/Dutchmicrodosingxp\/\" \/>\n<meta property=\"article:modified_time\" content=\"2025-10-01T04:38:15+00:00\" \/>\n<meta property=\"og:image\" content=\"https:\/\/dutchmicrodosing.com\/wp-content\/uploads\/2024\/05\/Cambodian-Mushroom-Spore.jpg\" \/>\n\t<meta property=\"og:image:width\" content=\"420\" \/>\n\t<meta property=\"og:image:height\" content=\"400\" \/>\n\t<meta property=\"og:image:type\" content=\"image\/jpeg\" \/>\n<meta name=\"twitter:card\" content=\"summary_large_image\" \/>\n<script type=\"application\/ld+json\" class=\"yoast-schema-graph\">{\"@context\":\"https:\\\/\\\/schema.org\",\"@graph\":[{\"@type\":\"WebPage\",\"@id\":\"https:\\\/\\\/dutchmicrodosing.com\\\/de\\\/sporen-zauberpilze\\\/spritzen-fur-flussigkulturen\\\/kambodschanische-kultur-ampullen-set\\\/\",\"url\":\"https:\\\/\\\/dutchmicrodosing.com\\\/de\\\/sporen-zauberpilze\\\/spritzen-fur-flussigkulturen\\\/kambodschanische-kultur-ampullen-set\\\/\",\"name\":\"Kambodschanisch - Kultur Ampullen Set - Dutchmicrodosing\",\"isPartOf\":{\"@id\":\"https:\\\/\\\/dutchmicrodosing.com\\\/de\\\/#website\"},\"primaryImageOfPage\":{\"@id\":\"https:\\\/\\\/dutchmicrodosing.com\\\/de\\\/sporen-zauberpilze\\\/spritzen-fur-flussigkulturen\\\/kambodschanische-kultur-ampullen-set\\\/#primaryimage\"},\"image\":{\"@id\":\"https:\\\/\\\/dutchmicrodosing.com\\\/de\\\/sporen-zauberpilze\\\/spritzen-fur-flussigkulturen\\\/kambodschanische-kultur-ampullen-set\\\/#primaryimage\"},\"thumbnailUrl\":\"https:\\\/\\\/dutchmicrodosing.com\\\/wp-content\\\/uploads\\\/2024\\\/05\\\/Cambodian-Mushroom-Spore.jpg\",\"datePublished\":\"2024-05-13T12:05:52+00:00\",\"dateModified\":\"2025-10-01T04:38:15+00:00\",\"breadcrumb\":{\"@id\":\"https:\\\/\\\/dutchmicrodosing.com\\\/de\\\/sporen-zauberpilze\\\/spritzen-fur-flussigkulturen\\\/kambodschanische-kultur-ampullen-set\\\/#breadcrumb\"},\"inLanguage\":\"de\",\"potentialAction\":[{\"@type\":\"ReadAction\",\"target\":[\"https:\\\/\\\/dutchmicrodosing.com\\\/de\\\/sporen-zauberpilze\\\/spritzen-fur-flussigkulturen\\\/kambodschanische-kultur-ampullen-set\\\/\"]}]},{\"@type\":\"ImageObject\",\"inLanguage\":\"de\",\"@id\":\"https:\\\/\\\/dutchmicrodosing.com\\\/de\\\/sporen-zauberpilze\\\/spritzen-fur-flussigkulturen\\\/kambodschanische-kultur-ampullen-set\\\/#primaryimage\",\"url\":\"https:\\\/\\\/dutchmicrodosing.com\\\/wp-content\\\/uploads\\\/2024\\\/05\\\/Cambodian-Mushroom-Spore.jpg\",\"contentUrl\":\"https:\\\/\\\/dutchmicrodosing.com\\\/wp-content\\\/uploads\\\/2024\\\/05\\\/Cambodian-Mushroom-Spore.jpg\",\"width\":420,\"height\":400},{\"@type\":\"BreadcrumbList\",\"@id\":\"https:\\\/\\\/dutchmicrodosing.com\\\/de\\\/sporen-zauberpilze\\\/spritzen-fur-flussigkulturen\\\/kambodschanische-kultur-ampullen-set\\\/#breadcrumb\",\"itemListElement\":[{\"@type\":\"ListItem\",\"position\":1,\"name\":\"Home\",\"item\":\"https:\\\/\\\/dutchmicrodosing.com\\\/de\\\/\"},{\"@type\":\"ListItem\",\"position\":2,\"name\":\"Shop\",\"item\":\"https:\\\/\\\/dutchmicrodosing.com\\\/de\\\/shop\\\/\"},{\"@type\":\"ListItem\",\"position\":3,\"name\":\"Kambodschanisch &#8211; Kultur Ampullen Set\"}]},{\"@type\":\"WebSite\",\"@id\":\"https:\\\/\\\/dutchmicrodosing.com\\\/de\\\/#website\",\"url\":\"https:\\\/\\\/dutchmicrodosing.com\\\/de\\\/\",\"name\":\"Dutchmicrodosing\",\"description\":\"\",\"publisher\":{\"@id\":\"https:\\\/\\\/dutchmicrodosing.com\\\/de\\\/#organization\"},\"potentialAction\":[{\"@type\":\"SearchAction\",\"target\":{\"@type\":\"EntryPoint\",\"urlTemplate\":\"https:\\\/\\\/dutchmicrodosing.com\\\/de\\\/?s={search_term_string}\"},\"query-input\":{\"@type\":\"PropertyValueSpecification\",\"valueRequired\":true,\"valueName\":\"search_term_string\"}}],\"inLanguage\":\"de\"},{\"@type\":\"Organization\",\"@id\":\"https:\\\/\\\/dutchmicrodosing.com\\\/de\\\/#organization\",\"name\":\"Dutchmicrodosing\",\"url\":\"https:\\\/\\\/dutchmicrodosing.com\\\/de\\\/\",\"logo\":{\"@type\":\"ImageObject\",\"inLanguage\":\"de\",\"@id\":\"https:\\\/\\\/dutchmicrodosing.com\\\/de\\\/#\\\/schema\\\/logo\\\/image\\\/\",\"url\":\"https:\\\/\\\/dutchmicrodosing.com\\\/wp-content\\\/uploads\\\/2021\\\/01\\\/microdosing-categorie-pic-nieuw.jpg\",\"contentUrl\":\"https:\\\/\\\/dutchmicrodosing.com\\\/wp-content\\\/uploads\\\/2021\\\/01\\\/microdosing-categorie-pic-nieuw.jpg\",\"width\":500,\"height\":500,\"caption\":\"Dutchmicrodosing\"},\"image\":{\"@id\":\"https:\\\/\\\/dutchmicrodosing.com\\\/de\\\/#\\\/schema\\\/logo\\\/image\\\/\"},\"sameAs\":[\"https:\\\/\\\/www.facebook.com\\\/Dutchmicrodosingxp\\\/\",\"https:\\\/\\\/www.instagram.com\\\/dutchmicrodosing\\\/\"]}]}<\/script>\n<meta property=\"product:price:amount\" content=\"16.95\" \/>\n<meta property=\"product:price:currency\" content=\"EUR\" \/>\n<meta property=\"og:availability\" content=\"instock\" \/>\n<meta property=\"product:availability\" content=\"instock\" \/>\n<meta property=\"product:retailer_item_id\" content=\"7112926\" \/>\n<meta property=\"product:condition\" content=\"new\" \/>\n<!-- \/ Yoast SEO Premium plugin. -->","yoast_head_json":{"title":"Kambodschanisch - Kultur Ampullen Set - Dutchmicrodosing","robots":{"index":"index","follow":"follow","max-snippet":"max-snippet:-1","max-image-preview":"max-image-preview:large","max-video-preview":"max-video-preview:-1"},"canonical":"https:\/\/dutchmicrodosing.com\/de\/sporen-zauberpilze\/spritzen-fur-flussigkulturen\/kambodschanische-kultur-ampullen-set\/","og_locale":"de_DE","og_type":"article","og_title":"Kambodschanisch - Kultur Ampullen Set","og_description":"Die Kambodschanische Kulturampulle bietet eine vereinfachte und potenziell sicherere Methode f\u00fcr den Anbau von Magic Mushrooms zu Hause. Anstatt sich auf","og_url":"https:\/\/dutchmicrodosing.com\/de\/sporen-zauberpilze\/spritzen-fur-flussigkulturen\/kambodschanische-kultur-ampullen-set\/","og_site_name":"Dutchmicrodosing","article_publisher":"https:\/\/www.facebook.com\/Dutchmicrodosingxp\/","article_modified_time":"2025-10-01T04:38:15+00:00","og_image":[{"width":420,"height":400,"url":"https:\/\/dutchmicrodosing.com\/wp-content\/uploads\/2024\/05\/Cambodian-Mushroom-Spore.jpg","type":"image\/jpeg"}],"twitter_card":"summary_large_image","schema":{"@context":"https:\/\/schema.org","@graph":[{"@type":"WebPage","@id":"https:\/\/dutchmicrodosing.com\/de\/sporen-zauberpilze\/spritzen-fur-flussigkulturen\/kambodschanische-kultur-ampullen-set\/","url":"https:\/\/dutchmicrodosing.com\/de\/sporen-zauberpilze\/spritzen-fur-flussigkulturen\/kambodschanische-kultur-ampullen-set\/","name":"Kambodschanisch - Kultur Ampullen Set - Dutchmicrodosing","isPartOf":{"@id":"https:\/\/dutchmicrodosing.com\/de\/#website"},"primaryImageOfPage":{"@id":"https:\/\/dutchmicrodosing.com\/de\/sporen-zauberpilze\/spritzen-fur-flussigkulturen\/kambodschanische-kultur-ampullen-set\/#primaryimage"},"image":{"@id":"https:\/\/dutchmicrodosing.com\/de\/sporen-zauberpilze\/spritzen-fur-flussigkulturen\/kambodschanische-kultur-ampullen-set\/#primaryimage"},"thumbnailUrl":"https:\/\/dutchmicrodosing.com\/wp-content\/uploads\/2024\/05\/Cambodian-Mushroom-Spore.jpg","datePublished":"2024-05-13T12:05:52+00:00","dateModified":"2025-10-01T04:38:15+00:00","breadcrumb":{"@id":"https:\/\/dutchmicrodosing.com\/de\/sporen-zauberpilze\/spritzen-fur-flussigkulturen\/kambodschanische-kultur-ampullen-set\/#breadcrumb"},"inLanguage":"de","potentialAction":[{"@type":"ReadAction","target":["https:\/\/dutchmicrodosing.com\/de\/sporen-zauberpilze\/spritzen-fur-flussigkulturen\/kambodschanische-kultur-ampullen-set\/"]}]},{"@type":"ImageObject","inLanguage":"de","@id":"https:\/\/dutchmicrodosing.com\/de\/sporen-zauberpilze\/spritzen-fur-flussigkulturen\/kambodschanische-kultur-ampullen-set\/#primaryimage","url":"https:\/\/dutchmicrodosing.com\/wp-content\/uploads\/2024\/05\/Cambodian-Mushroom-Spore.jpg","contentUrl":"https:\/\/dutchmicrodosing.com\/wp-content\/uploads\/2024\/05\/Cambodian-Mushroom-Spore.jpg","width":420,"height":400},{"@type":"BreadcrumbList","@id":"https:\/\/dutchmicrodosing.com\/de\/sporen-zauberpilze\/spritzen-fur-flussigkulturen\/kambodschanische-kultur-ampullen-set\/#breadcrumb","itemListElement":[{"@type":"ListItem","position":1,"name":"Home","item":"https:\/\/dutchmicrodosing.com\/de\/"},{"@type":"ListItem","position":2,"name":"Shop","item":"https:\/\/dutchmicrodosing.com\/de\/shop\/"},{"@type":"ListItem","position":3,"name":"Kambodschanisch &#8211; Kultur Ampullen Set"}]},{"@type":"WebSite","@id":"https:\/\/dutchmicrodosing.com\/de\/#website","url":"https:\/\/dutchmicrodosing.com\/de\/","name":"Dutchmicrodosing","description":"","publisher":{"@id":"https:\/\/dutchmicrodosing.com\/de\/#organization"},"potentialAction":[{"@type":"SearchAction","target":{"@type":"EntryPoint","urlTemplate":"https:\/\/dutchmicrodosing.com\/de\/?s={search_term_string}"},"query-input":{"@type":"PropertyValueSpecification","valueRequired":true,"valueName":"search_term_string"}}],"inLanguage":"de"},{"@type":"Organization","@id":"https:\/\/dutchmicrodosing.com\/de\/#organization","name":"Dutchmicrodosing","url":"https:\/\/dutchmicrodosing.com\/de\/","logo":{"@type":"ImageObject","inLanguage":"de","@id":"https:\/\/dutchmicrodosing.com\/de\/#\/schema\/logo\/image\/","url":"https:\/\/dutchmicrodosing.com\/wp-content\/uploads\/2021\/01\/microdosing-categorie-pic-nieuw.jpg","contentUrl":"https:\/\/dutchmicrodosing.com\/wp-content\/uploads\/2021\/01\/microdosing-categorie-pic-nieuw.jpg","width":500,"height":500,"caption":"Dutchmicrodosing"},"image":{"@id":"https:\/\/dutchmicrodosing.com\/de\/#\/schema\/logo\/image\/"},"sameAs":["https:\/\/www.facebook.com\/Dutchmicrodosingxp\/","https:\/\/www.instagram.com\/dutchmicrodosing\/"]}]},"product_price_amount":"16.95","product_price_currency":"EUR","og_availability":"instock","product_availability":"instock","product_retailer_item_id":"7112926","product_condition":"new"},"_links":{"self":[{"href":"https:\/\/dutchmicrodosing.com\/de\/wp-json\/wp\/v2\/product\/39468","targetHints":{"allow":["GET"]}}],"collection":[{"href":"https:\/\/dutchmicrodosing.com\/de\/wp-json\/wp\/v2\/product"}],"about":[{"href":"https:\/\/dutchmicrodosing.com\/de\/wp-json\/wp\/v2\/types\/product"}],"replies":[{"embeddable":true,"href":"https:\/\/dutchmicrodosing.com\/de\/wp-json\/wp\/v2\/comments?post=39468"}],"version-history":[{"count":0,"href":"https:\/\/dutchmicrodosing.com\/de\/wp-json\/wp\/v2\/product\/39468\/revisions"}],"wp:featuredmedia":[{"embeddable":true,"href":"https:\/\/dutchmicrodosing.com\/de\/wp-json\/wp\/v2\/media\/39462"}],"wp:attachment":[{"href":"https:\/\/dutchmicrodosing.com\/de\/wp-json\/wp\/v2\/media?parent=39468"}],"wp:term":[{"taxonomy":"product_brand","embeddable":true,"href":"https:\/\/dutchmicrodosing.com\/de\/wp-json\/wp\/v2\/product_brand?post=39468"},{"taxonomy":"product_cat","embeddable":true,"href":"https:\/\/dutchmicrodosing.com\/de\/wp-json\/wp\/v2\/product_cat?post=39468"},{"taxonomy":"product_tag","embeddable":true,"href":"https:\/\/dutchmicrodosing.com\/de\/wp-json\/wp\/v2\/product_tag?post=39468"}],"curies":[{"name":"wp","href":"https:\/\/api.w.org\/{rel}","templated":true}]}}