{"id":39475,"date":"2024-05-13T14:00:41","date_gmt":"2024-05-13T12:00:41","guid":{"rendered":"https:\/\/dutchmicrodosing.com\/shop\/unkategorisiert\/kolumbianische-kultur-ampullen-set\/"},"modified":"2025-10-01T06:38:50","modified_gmt":"2025-10-01T04:38:50","slug":"kolumbianische-kultur-ampullen-set","status":"publish","type":"product","link":"https:\/\/dutchmicrodosing.com\/de\/sporen-zauberpilze\/spritzen-fur-flussigkulturen\/kolumbianische-kultur-ampullen-set\/","title":{"rendered":"Kolumbien &#8211; Kultur Ampullen Set"},"content":{"rendered":"<div class=\"w-full text-token-text-primary\" dir=\"auto\" data-testid=\"conversation-turn-5\" data-scroll-anchor=\"true\">\n<div class=\"py-2 px-3 text-base md:px-4 m-auto md:px-5 lg:px-1 xl:px-5\">\n<div class=\"mx-auto flex flex-1 gap-3 text-base juice:gap-4 juice:md:gap-6 md:max-w-3xl lg:max-w-[40rem] xl:max-w-[48rem]\">\n<div class=\"relative flex w-full min-w-0 flex-col agent-turn\">\n<div class=\"flex-col gap-1 md:gap-3\">\n<div class=\"flex flex-grow flex-col max-w-full\">\n<div class=\"min-h-[20px] text-message flex flex-col items-start whitespace-pre-wrap break-words [.text-message+&amp;]:mt-5 juice:w-full juice:items-end overflow-x-auto gap-3\" dir=\"auto\" data-message-author-role=\"assistant\" data-message-id=\"d79cd10f-8310-45bd-addc-536cc2e5ec24\">\n<div class=\"markdown prose w-full break-words dark:prose-invert light\">\n<p>Die <strong>Colombian Culture Ampoule<\/strong> ist ein Hilfsmittel, mit dem Sie ganz einfach Ihre eigenen Pilze zu Hause z\u00fcchten k\u00f6nnen. Diese Ampulle enth\u00e4lt eine vorkultivierte Pilzkultur, die direkt in das Substrat gegeben werden kann. Die Verwendung einer kolumbianischen Kulturampulle verringert das Risiko einer Kontamination und erh\u00f6ht die Chancen auf eine erfolgreiche Ernte im Vergleich zu traditionellen Methoden wie der Verwendung von Sporenabdr\u00fccken und Spritzen. Das macht sie zu einer benutzerfreundlichen Alternative f\u00fcr jeden, der magische Pilze zu Hause anbauen m\u00f6chte.<\/p>\n<\/div>\n<\/div>\n<\/div>\n<\/div>\n<\/div>\n<\/div>\n<\/div>\n<\/div>\n<h2>Befolgen Sie die Anweisungen f\u00fcr eine erfolgreiche Ernte!<\/h2>\n<ol>\n<li>Waschen Sie sich gr\u00fcndlich die H\u00e4nde und reinigen Sie die Au\u00dfenseite der Kulturampulle mit einem sauberen, feuchten Tuch.<\/li>\n<li>Wir empfehlen, ein Alkoholtuch zu verwenden, um Bakterien zu entfernen.<\/li>\n<li>Die mitgelieferte Spritze ist steril verpackt. Achten Sie darauf, dass es nicht verunreinigt wird und \u00f6ffnen Sie es in einer sauberen Umgebung.<\/li>\n<li>L\u00f6sen Sie die Kappe der Kulturampulle leicht, damit beim Bef\u00fcllen der Spritze kein Vakuum entsteht.<\/li>\n<li>Stecken Sie die Nadel durch die Gummidichtung und ziehen Sie die Spritze voll.<\/li>\n<li>Die Nadel ist nun bereit und die Kultur kann in das gew\u00fcnschte Substrat injiziert werden. Z\u00fcchten Sie diese bei Zimmertemperatur. Innerhalb weniger Tage wird das Mycelium sichtbar.<\/li>\n<\/ol>\n<h2>Die kolumbianische Psilocyne Colombiescens erzeugt bei richtiger Dosierung die folgenden Wirkungen:<\/h2>\n<ul>\n<li>Mittel\/stark visuell<\/li>\n<li>Kreativit\u00e4t<\/li>\n<li>Lachkicks<\/li>\n<li>Gef\u00fchl von Gl\u00fcck und Freude<\/li>\n<li>Zufriedenheit<\/li>\n<li>die Aufgabe des Konzepts von Zeit und Raum<\/li>\n<li>intensive Farben<\/li>\n<li>Ihre Sinne sch\u00e4rfen<\/li>\n<\/ul>\n<h2>Inhalt<\/h2>\n<p>Kolumbianische Kultur Ampulle &#8211; 5 ml<\/p>\n<p>&nbsp;<\/p>\n","protected":false},"excerpt":{"rendered":"<p>Die Colombian Culture Ampoule ist ein Hilfsmittel, mit dem Sie ganz einfach Ihre eigenen Pilze zu Hause z\u00fcchten k\u00f6nnen. Diese Ampulle enth\u00e4lt eine vorkultivierte Pilzkultur, die direkt in das Substrat gegeben werden kann. Die Verwendung einer kolumbianischen Kulturampulle verringert das Risiko einer Kontamination und erh\u00f6ht die Chancen auf eine erfolgreiche Ernte im Vergleich zu traditionellen [&hellip;]<\/p>\n","protected":false},"featured_media":39454,"comment_status":"closed","ping_status":"closed","template":"","meta":[],"product_brand":[],"product_cat":[356],"product_tag":[],"class_list":{"0":"post-39475","1":"product","2":"type-product","3":"status-publish","4":"has-post-thumbnail","6":"product_cat-spritzen-fur-flussigkulturen","8":"first","9":"instock","10":"taxable","11":"shipping-taxable","12":"purchasable","13":"product-type-simple"},"yoast_head":"<!-- This site is optimized with the Yoast SEO Premium plugin v26.4 (Yoast SEO v27.4) - https:\/\/yoast.com\/product\/yoast-seo-premium-wordpress\/ -->\n<title>Kolumbien - Kultur Ampullen Set - Dutchmicrodosing<\/title>\n<meta name=\"description\" content=\"Die Colombian Culture Ampoule ist ein Hilfsmittel, mit dem Sie ganz einfach Ihre eigenen Pilze zu Hause z\u00fcchten k\u00f6nnen. F\u00fcr weitere Informationen, klicken Sie hier...\" \/>\n<meta name=\"robots\" content=\"index, follow, max-snippet:-1, max-image-preview:large, max-video-preview:-1\" \/>\n<link rel=\"canonical\" href=\"https:\/\/dutchmicrodosing.com\/de\/sporen-zauberpilze\/spritzen-fur-flussigkulturen\/kolumbianische-kultur-ampullen-set\/\" \/>\n<meta property=\"og:locale\" content=\"de_DE\" \/>\n<meta property=\"og:type\" content=\"article\" \/>\n<meta property=\"og:title\" content=\"Kolumbien - Kultur Ampullen Set\" \/>\n<meta property=\"og:description\" content=\"Die Colombian Culture Ampoule ist ein Hilfsmittel, mit dem Sie ganz einfach Ihre eigenen Pilze zu Hause z\u00fcchten k\u00f6nnen. Diese Ampulle enth\u00e4lt eine\" \/>\n<meta property=\"og:url\" content=\"https:\/\/dutchmicrodosing.com\/de\/sporen-zauberpilze\/spritzen-fur-flussigkulturen\/kolumbianische-kultur-ampullen-set\/\" \/>\n<meta property=\"og:site_name\" content=\"Dutchmicrodosing\" \/>\n<meta property=\"article:publisher\" content=\"https:\/\/www.facebook.com\/Dutchmicrodosingxp\/\" \/>\n<meta property=\"article:modified_time\" content=\"2025-10-01T04:38:50+00:00\" \/>\n<meta property=\"og:image\" content=\"https:\/\/dutchmicrodosing.com\/wp-content\/uploads\/2024\/05\/Colombian-Mushroom-Spore.jpg\" \/>\n\t<meta property=\"og:image:width\" content=\"420\" \/>\n\t<meta property=\"og:image:height\" content=\"400\" \/>\n\t<meta property=\"og:image:type\" content=\"image\/jpeg\" \/>\n<meta name=\"twitter:card\" content=\"summary_large_image\" \/>\n<script type=\"application\/ld+json\" class=\"yoast-schema-graph\">{\"@context\":\"https:\\\/\\\/schema.org\",\"@graph\":[{\"@type\":\"WebPage\",\"@id\":\"https:\\\/\\\/dutchmicrodosing.com\\\/de\\\/sporen-zauberpilze\\\/spritzen-fur-flussigkulturen\\\/kolumbianische-kultur-ampullen-set\\\/\",\"url\":\"https:\\\/\\\/dutchmicrodosing.com\\\/de\\\/sporen-zauberpilze\\\/spritzen-fur-flussigkulturen\\\/kolumbianische-kultur-ampullen-set\\\/\",\"name\":\"Kolumbien - Kultur Ampullen Set - Dutchmicrodosing\",\"isPartOf\":{\"@id\":\"https:\\\/\\\/dutchmicrodosing.com\\\/de\\\/#website\"},\"primaryImageOfPage\":{\"@id\":\"https:\\\/\\\/dutchmicrodosing.com\\\/de\\\/sporen-zauberpilze\\\/spritzen-fur-flussigkulturen\\\/kolumbianische-kultur-ampullen-set\\\/#primaryimage\"},\"image\":{\"@id\":\"https:\\\/\\\/dutchmicrodosing.com\\\/de\\\/sporen-zauberpilze\\\/spritzen-fur-flussigkulturen\\\/kolumbianische-kultur-ampullen-set\\\/#primaryimage\"},\"thumbnailUrl\":\"https:\\\/\\\/dutchmicrodosing.com\\\/wp-content\\\/uploads\\\/2024\\\/05\\\/Colombian-Mushroom-Spore.jpg\",\"datePublished\":\"2024-05-13T12:00:41+00:00\",\"dateModified\":\"2025-10-01T04:38:50+00:00\",\"description\":\"Die Colombian Culture Ampoule ist ein Hilfsmittel, mit dem Sie ganz einfach Ihre eigenen Pilze zu Hause z\u00fcchten k\u00f6nnen. F\u00fcr weitere Informationen, klicken Sie hier...\",\"breadcrumb\":{\"@id\":\"https:\\\/\\\/dutchmicrodosing.com\\\/de\\\/sporen-zauberpilze\\\/spritzen-fur-flussigkulturen\\\/kolumbianische-kultur-ampullen-set\\\/#breadcrumb\"},\"inLanguage\":\"de\",\"potentialAction\":[{\"@type\":\"ReadAction\",\"target\":[\"https:\\\/\\\/dutchmicrodosing.com\\\/de\\\/sporen-zauberpilze\\\/spritzen-fur-flussigkulturen\\\/kolumbianische-kultur-ampullen-set\\\/\"]}]},{\"@type\":\"ImageObject\",\"inLanguage\":\"de\",\"@id\":\"https:\\\/\\\/dutchmicrodosing.com\\\/de\\\/sporen-zauberpilze\\\/spritzen-fur-flussigkulturen\\\/kolumbianische-kultur-ampullen-set\\\/#primaryimage\",\"url\":\"https:\\\/\\\/dutchmicrodosing.com\\\/wp-content\\\/uploads\\\/2024\\\/05\\\/Colombian-Mushroom-Spore.jpg\",\"contentUrl\":\"https:\\\/\\\/dutchmicrodosing.com\\\/wp-content\\\/uploads\\\/2024\\\/05\\\/Colombian-Mushroom-Spore.jpg\",\"width\":420,\"height\":400},{\"@type\":\"BreadcrumbList\",\"@id\":\"https:\\\/\\\/dutchmicrodosing.com\\\/de\\\/sporen-zauberpilze\\\/spritzen-fur-flussigkulturen\\\/kolumbianische-kultur-ampullen-set\\\/#breadcrumb\",\"itemListElement\":[{\"@type\":\"ListItem\",\"position\":1,\"name\":\"Home\",\"item\":\"https:\\\/\\\/dutchmicrodosing.com\\\/de\\\/\"},{\"@type\":\"ListItem\",\"position\":2,\"name\":\"Shop\",\"item\":\"https:\\\/\\\/dutchmicrodosing.com\\\/de\\\/shop\\\/\"},{\"@type\":\"ListItem\",\"position\":3,\"name\":\"Kolumbien &#8211; Kultur Ampullen Set\"}]},{\"@type\":\"WebSite\",\"@id\":\"https:\\\/\\\/dutchmicrodosing.com\\\/de\\\/#website\",\"url\":\"https:\\\/\\\/dutchmicrodosing.com\\\/de\\\/\",\"name\":\"Dutchmicrodosing\",\"description\":\"\",\"publisher\":{\"@id\":\"https:\\\/\\\/dutchmicrodosing.com\\\/de\\\/#organization\"},\"potentialAction\":[{\"@type\":\"SearchAction\",\"target\":{\"@type\":\"EntryPoint\",\"urlTemplate\":\"https:\\\/\\\/dutchmicrodosing.com\\\/de\\\/?s={search_term_string}\"},\"query-input\":{\"@type\":\"PropertyValueSpecification\",\"valueRequired\":true,\"valueName\":\"search_term_string\"}}],\"inLanguage\":\"de\"},{\"@type\":\"Organization\",\"@id\":\"https:\\\/\\\/dutchmicrodosing.com\\\/de\\\/#organization\",\"name\":\"Dutchmicrodosing\",\"url\":\"https:\\\/\\\/dutchmicrodosing.com\\\/de\\\/\",\"logo\":{\"@type\":\"ImageObject\",\"inLanguage\":\"de\",\"@id\":\"https:\\\/\\\/dutchmicrodosing.com\\\/de\\\/#\\\/schema\\\/logo\\\/image\\\/\",\"url\":\"https:\\\/\\\/dutchmicrodosing.com\\\/wp-content\\\/uploads\\\/2021\\\/01\\\/microdosing-categorie-pic-nieuw.jpg\",\"contentUrl\":\"https:\\\/\\\/dutchmicrodosing.com\\\/wp-content\\\/uploads\\\/2021\\\/01\\\/microdosing-categorie-pic-nieuw.jpg\",\"width\":500,\"height\":500,\"caption\":\"Dutchmicrodosing\"},\"image\":{\"@id\":\"https:\\\/\\\/dutchmicrodosing.com\\\/de\\\/#\\\/schema\\\/logo\\\/image\\\/\"},\"sameAs\":[\"https:\\\/\\\/www.facebook.com\\\/Dutchmicrodosingxp\\\/\",\"https:\\\/\\\/www.instagram.com\\\/dutchmicrodosing\\\/\"]}]}<\/script>\n<meta property=\"product:price:amount\" content=\"16.95\" \/>\n<meta property=\"product:price:currency\" content=\"EUR\" \/>\n<meta property=\"og:availability\" content=\"instock\" \/>\n<meta property=\"product:availability\" content=\"instock\" \/>\n<meta property=\"product:retailer_item_id\" content=\"7112398\" \/>\n<meta property=\"product:condition\" content=\"new\" \/>\n<!-- \/ Yoast SEO Premium plugin. -->","yoast_head_json":{"title":"Kolumbien - Kultur Ampullen Set - Dutchmicrodosing","description":"Die Colombian Culture Ampoule ist ein Hilfsmittel, mit dem Sie ganz einfach Ihre eigenen Pilze zu Hause z\u00fcchten k\u00f6nnen. F\u00fcr weitere Informationen, klicken Sie hier...","robots":{"index":"index","follow":"follow","max-snippet":"max-snippet:-1","max-image-preview":"max-image-preview:large","max-video-preview":"max-video-preview:-1"},"canonical":"https:\/\/dutchmicrodosing.com\/de\/sporen-zauberpilze\/spritzen-fur-flussigkulturen\/kolumbianische-kultur-ampullen-set\/","og_locale":"de_DE","og_type":"article","og_title":"Kolumbien - Kultur Ampullen Set","og_description":"Die Colombian Culture Ampoule ist ein Hilfsmittel, mit dem Sie ganz einfach Ihre eigenen Pilze zu Hause z\u00fcchten k\u00f6nnen. Diese Ampulle enth\u00e4lt eine","og_url":"https:\/\/dutchmicrodosing.com\/de\/sporen-zauberpilze\/spritzen-fur-flussigkulturen\/kolumbianische-kultur-ampullen-set\/","og_site_name":"Dutchmicrodosing","article_publisher":"https:\/\/www.facebook.com\/Dutchmicrodosingxp\/","article_modified_time":"2025-10-01T04:38:50+00:00","og_image":[{"width":420,"height":400,"url":"https:\/\/dutchmicrodosing.com\/wp-content\/uploads\/2024\/05\/Colombian-Mushroom-Spore.jpg","type":"image\/jpeg"}],"twitter_card":"summary_large_image","schema":{"@context":"https:\/\/schema.org","@graph":[{"@type":"WebPage","@id":"https:\/\/dutchmicrodosing.com\/de\/sporen-zauberpilze\/spritzen-fur-flussigkulturen\/kolumbianische-kultur-ampullen-set\/","url":"https:\/\/dutchmicrodosing.com\/de\/sporen-zauberpilze\/spritzen-fur-flussigkulturen\/kolumbianische-kultur-ampullen-set\/","name":"Kolumbien - Kultur Ampullen Set - Dutchmicrodosing","isPartOf":{"@id":"https:\/\/dutchmicrodosing.com\/de\/#website"},"primaryImageOfPage":{"@id":"https:\/\/dutchmicrodosing.com\/de\/sporen-zauberpilze\/spritzen-fur-flussigkulturen\/kolumbianische-kultur-ampullen-set\/#primaryimage"},"image":{"@id":"https:\/\/dutchmicrodosing.com\/de\/sporen-zauberpilze\/spritzen-fur-flussigkulturen\/kolumbianische-kultur-ampullen-set\/#primaryimage"},"thumbnailUrl":"https:\/\/dutchmicrodosing.com\/wp-content\/uploads\/2024\/05\/Colombian-Mushroom-Spore.jpg","datePublished":"2024-05-13T12:00:41+00:00","dateModified":"2025-10-01T04:38:50+00:00","description":"Die Colombian Culture Ampoule ist ein Hilfsmittel, mit dem Sie ganz einfach Ihre eigenen Pilze zu Hause z\u00fcchten k\u00f6nnen. F\u00fcr weitere Informationen, klicken Sie hier...","breadcrumb":{"@id":"https:\/\/dutchmicrodosing.com\/de\/sporen-zauberpilze\/spritzen-fur-flussigkulturen\/kolumbianische-kultur-ampullen-set\/#breadcrumb"},"inLanguage":"de","potentialAction":[{"@type":"ReadAction","target":["https:\/\/dutchmicrodosing.com\/de\/sporen-zauberpilze\/spritzen-fur-flussigkulturen\/kolumbianische-kultur-ampullen-set\/"]}]},{"@type":"ImageObject","inLanguage":"de","@id":"https:\/\/dutchmicrodosing.com\/de\/sporen-zauberpilze\/spritzen-fur-flussigkulturen\/kolumbianische-kultur-ampullen-set\/#primaryimage","url":"https:\/\/dutchmicrodosing.com\/wp-content\/uploads\/2024\/05\/Colombian-Mushroom-Spore.jpg","contentUrl":"https:\/\/dutchmicrodosing.com\/wp-content\/uploads\/2024\/05\/Colombian-Mushroom-Spore.jpg","width":420,"height":400},{"@type":"BreadcrumbList","@id":"https:\/\/dutchmicrodosing.com\/de\/sporen-zauberpilze\/spritzen-fur-flussigkulturen\/kolumbianische-kultur-ampullen-set\/#breadcrumb","itemListElement":[{"@type":"ListItem","position":1,"name":"Home","item":"https:\/\/dutchmicrodosing.com\/de\/"},{"@type":"ListItem","position":2,"name":"Shop","item":"https:\/\/dutchmicrodosing.com\/de\/shop\/"},{"@type":"ListItem","position":3,"name":"Kolumbien &#8211; Kultur Ampullen Set"}]},{"@type":"WebSite","@id":"https:\/\/dutchmicrodosing.com\/de\/#website","url":"https:\/\/dutchmicrodosing.com\/de\/","name":"Dutchmicrodosing","description":"","publisher":{"@id":"https:\/\/dutchmicrodosing.com\/de\/#organization"},"potentialAction":[{"@type":"SearchAction","target":{"@type":"EntryPoint","urlTemplate":"https:\/\/dutchmicrodosing.com\/de\/?s={search_term_string}"},"query-input":{"@type":"PropertyValueSpecification","valueRequired":true,"valueName":"search_term_string"}}],"inLanguage":"de"},{"@type":"Organization","@id":"https:\/\/dutchmicrodosing.com\/de\/#organization","name":"Dutchmicrodosing","url":"https:\/\/dutchmicrodosing.com\/de\/","logo":{"@type":"ImageObject","inLanguage":"de","@id":"https:\/\/dutchmicrodosing.com\/de\/#\/schema\/logo\/image\/","url":"https:\/\/dutchmicrodosing.com\/wp-content\/uploads\/2021\/01\/microdosing-categorie-pic-nieuw.jpg","contentUrl":"https:\/\/dutchmicrodosing.com\/wp-content\/uploads\/2021\/01\/microdosing-categorie-pic-nieuw.jpg","width":500,"height":500,"caption":"Dutchmicrodosing"},"image":{"@id":"https:\/\/dutchmicrodosing.com\/de\/#\/schema\/logo\/image\/"},"sameAs":["https:\/\/www.facebook.com\/Dutchmicrodosingxp\/","https:\/\/www.instagram.com\/dutchmicrodosing\/"]}]},"product_price_amount":"16.95","product_price_currency":"EUR","og_availability":"instock","product_availability":"instock","product_retailer_item_id":"7112398","product_condition":"new"},"_links":{"self":[{"href":"https:\/\/dutchmicrodosing.com\/de\/wp-json\/wp\/v2\/product\/39475","targetHints":{"allow":["GET"]}}],"collection":[{"href":"https:\/\/dutchmicrodosing.com\/de\/wp-json\/wp\/v2\/product"}],"about":[{"href":"https:\/\/dutchmicrodosing.com\/de\/wp-json\/wp\/v2\/types\/product"}],"replies":[{"embeddable":true,"href":"https:\/\/dutchmicrodosing.com\/de\/wp-json\/wp\/v2\/comments?post=39475"}],"version-history":[{"count":0,"href":"https:\/\/dutchmicrodosing.com\/de\/wp-json\/wp\/v2\/product\/39475\/revisions"}],"wp:featuredmedia":[{"embeddable":true,"href":"https:\/\/dutchmicrodosing.com\/de\/wp-json\/wp\/v2\/media\/39454"}],"wp:attachment":[{"href":"https:\/\/dutchmicrodosing.com\/de\/wp-json\/wp\/v2\/media?parent=39475"}],"wp:term":[{"taxonomy":"product_brand","embeddable":true,"href":"https:\/\/dutchmicrodosing.com\/de\/wp-json\/wp\/v2\/product_brand?post=39475"},{"taxonomy":"product_cat","embeddable":true,"href":"https:\/\/dutchmicrodosing.com\/de\/wp-json\/wp\/v2\/product_cat?post=39475"},{"taxonomy":"product_tag","embeddable":true,"href":"https:\/\/dutchmicrodosing.com\/de\/wp-json\/wp\/v2\/product_tag?post=39475"}],"curies":[{"name":"wp","href":"https:\/\/api.w.org\/{rel}","templated":true}]}}