{"id":40227,"date":"2024-05-31T13:35:20","date_gmt":"2024-05-31T11:35:20","guid":{"rendered":"https:\/\/dutchmicrodosing.com\/shop\/unkategorisiert\/propolis-extrakt-ohne-alkohol-30ml-propolia\/"},"modified":"2025-11-04T09:15:47","modified_gmt":"2025-11-04T08:15:47","slug":"propolis-extrakt-ohne-alkohol-30ml-propolia","status":"publish","type":"product","link":"https:\/\/dutchmicrodosing.com\/de\/reformhaus\/vitamine-nahrungsergaenzungsmittel\/propolis-extrakt-ohne-alkohol-30ml-propolia\/","title":{"rendered":"Propolis-Extrakt ohne Alkohol 30ml &#8211; Propolia"},"content":{"rendered":"<p><strong>Propolis-Extrakt ohne Alkohol 30ml<\/strong> ist ein vielseitiges und einfach anzuwendendes Gesundheitsprodukt. Propolis ist vollgepackt mit aktiven Inhaltsstoffen wie gesundheitsf\u00f6rdernden Flavonoiden, Mineralien, Vitaminen und \u00e4therischen \u00d6len und bietet eine Reihe von Vorteilen. Diese Bestandteile verleihen Propolis seine antibakteriellen, antiviralen und entz\u00fcndungshemmenden Eigenschaften, so dass es sowohl f\u00fcr die \u00e4u\u00dfere als auch f\u00fcr die innere Anwendung geeignet ist. Es kann die Wundheilung f\u00f6rdern, Infektionen bek\u00e4mpfen und das Immunsystem st\u00e4rken.<\/p>\n<p>Diese 100% nat\u00fcrliche Formel wurde entwickelt, um den K\u00f6rper und das Wohlbefinden zu st\u00e4rken. Es ist f\u00fcr die ganze Familie geeignet und zu jeder Jahreszeit verwendbar, was es zu einer hervorragenden Erg\u00e4nzung der t\u00e4glichen Gesundheitsroutine macht.<\/p>\n<h3>F\u00dcR WEN IST PROPOLIS GEEIGNET?<\/h3>\n<p>Propolis ist ideal f\u00fcr Menschen, die ein nat\u00fcrliches und vielseitiges Gesundheitsprodukt suchen. Es ist f\u00fcr jeden geeignet, der seine allgemeine Gesundheit und sein Wohlbefinden mit einem Produkt unterst\u00fctzen m\u00f6chte, das reich an nat\u00fcrlichen Wirkstoffen ist.<\/p>\n<h3>Inhaltsstoffe<\/h3>\n<ul>\n<li>Franz\u00f6sische Propolis<\/li>\n<li>100% gereinigter Propolis-Extrakt<\/li>\n<li>Wasser<\/li>\n<li>pflanzliches Glycerin (Benetzungsmittel)<\/li>\n<li>Xanthangummi (Verdickungsmittel)<\/li>\n<\/ul>\n<h3>Verwenden Sie<\/h3>\n<p>Vor Gebrauch sch\u00fctteln. Nehmen Sie das Medikament 7 bis 30 Tage lang nach Bedarf ein &#8211; vorzugsweise vor den Mahlzeiten. Legen Sie die L\u00f6sung unter die Zunge.<\/p>\n<ul>\n<li>Erhaltungsdosis: 2 Pipetten pro Tag (1 f\u00fcr Kinder)<\/li>\n<li>Intensive Dosierung: 4 Pipetten pro Tag (2 f\u00fcr Kinder &#8211; ab 3 Jahren<\/li>\n<\/ul>\n<h3>Warnung<\/h3>\n<p>Nicht geeignet f\u00fcr schwangere Frauen und Menschen, die allergisch auf Bienenprodukte reagieren. Au\u00dferhalb der Reichweite von kleinen Kindern aufbewahren. \u00dcberschreiten Sie nicht die empfohlene Dosierung. Enth\u00e4lt Polyole, ein \u00fcberm\u00e4\u00dfiger Verzehr kann abf\u00fchrend wirken. Kann eine abwechslungsreiche und ausgewogene Ern\u00e4hrung und einen gesunden Lebensstil nicht ersetzen. Lagern Sie es an einem k\u00fchlen und dunklen Ort.<\/p>\n<h3>Inhalt<\/h3>\n<p>Propolis-Extrakt OHNE Alkohol 30ml &#8211; Propolia<\/p>\n","protected":false},"excerpt":{"rendered":"<p>Propolis-Extrakt ohne Alkohol 30ml ist ein vielseitiges und einfach anzuwendendes Gesundheitsprodukt. Propolis ist vollgepackt mit aktiven Inhaltsstoffen wie gesundheitsf\u00f6rdernden Flavonoiden, Mineralien, Vitaminen und \u00e4therischen \u00d6len und bietet eine Reihe von Vorteilen. Diese Bestandteile verleihen Propolis seine antibakteriellen, antiviralen und entz\u00fcndungshemmenden Eigenschaften, so dass es sowohl f\u00fcr die \u00e4u\u00dfere als auch f\u00fcr die innere Anwendung geeignet [&hellip;]<\/p>\n","protected":false},"featured_media":40224,"comment_status":"closed","ping_status":"closed","template":"","meta":[],"product_brand":[],"product_cat":[293,116],"product_tag":[],"class_list":{"0":"post-40227","1":"product","2":"type-product","3":"status-publish","4":"has-post-thumbnail","6":"product_cat-erganzungen-fur-das-immunsystem","7":"product_cat-vitamine-nahrungsergaenzungsmittel","9":"first","10":"outofstock","11":"taxable","12":"shipping-taxable","13":"purchasable","14":"product-type-simple"},"yoast_head":"<!-- This site is optimized with the Yoast SEO Premium plugin v26.4 (Yoast SEO v27.2) - https:\/\/yoast.com\/product\/yoast-seo-premium-wordpress\/ -->\n<title>Propolis-Extrakt ohne Alkohol 30ml - Propolia - Dutchmicrodosing<\/title>\n<meta name=\"description\" content=\"Genie\u00dfen Sie die nat\u00fcrlichen Vorteile von Propolis! Ideal f\u00fcr sensible Benutzer! Hohe Qualit\u00e4t und Reinheit f\u00fcr optimale Pflege!\" \/>\n<meta name=\"robots\" content=\"index, follow, max-snippet:-1, max-image-preview:large, max-video-preview:-1\" \/>\n<link rel=\"canonical\" href=\"https:\/\/dutchmicrodosing.com\/de\/reformhaus\/vitamine-nahrungsergaenzungsmittel\/propolis-extrakt-ohne-alkohol-30ml-propolia\/\" \/>\n<meta property=\"og:locale\" content=\"de_DE\" \/>\n<meta property=\"og:type\" content=\"article\" \/>\n<meta property=\"og:title\" content=\"Propolis-Extrakt ohne Alkohol 30ml - Propolia\" \/>\n<meta property=\"og:description\" content=\"Propolis-Extrakt ohne Alkohol 30ml ist ein vielseitiges und einfach anzuwendendes Gesundheitsprodukt. Propolis ist vollgepackt mit aktiven Inhaltsstoffen\" \/>\n<meta property=\"og:url\" content=\"https:\/\/dutchmicrodosing.com\/de\/reformhaus\/vitamine-nahrungsergaenzungsmittel\/propolis-extrakt-ohne-alkohol-30ml-propolia\/\" \/>\n<meta property=\"og:site_name\" content=\"Dutchmicrodosing\" \/>\n<meta property=\"article:publisher\" content=\"https:\/\/www.facebook.com\/Dutchmicrodosingxp\/\" \/>\n<meta property=\"article:modified_time\" content=\"2025-11-04T08:15:47+00:00\" \/>\n<meta property=\"og:image\" content=\"https:\/\/dutchmicrodosing.com\/wp-content\/uploads\/2024\/05\/propolia.png\" \/>\n\t<meta property=\"og:image:width\" content=\"500\" \/>\n\t<meta property=\"og:image:height\" content=\"500\" \/>\n\t<meta property=\"og:image:type\" content=\"image\/png\" \/>\n<meta name=\"twitter:card\" content=\"summary_large_image\" \/>\n<script type=\"application\/ld+json\" class=\"yoast-schema-graph\">{\"@context\":\"https:\/\/schema.org\",\"@graph\":[{\"@type\":\"WebPage\",\"@id\":\"https:\/\/dutchmicrodosing.com\/de\/reformhaus\/vitamine-nahrungsergaenzungsmittel\/propolis-extrakt-ohne-alkohol-30ml-propolia\/\",\"url\":\"https:\/\/dutchmicrodosing.com\/de\/reformhaus\/vitamine-nahrungsergaenzungsmittel\/propolis-extrakt-ohne-alkohol-30ml-propolia\/\",\"name\":\"Propolis-Extrakt ohne Alkohol 30ml - Propolia - Dutchmicrodosing\",\"isPartOf\":{\"@id\":\"https:\/\/dutchmicrodosing.com\/de\/#website\"},\"primaryImageOfPage\":{\"@id\":\"https:\/\/dutchmicrodosing.com\/de\/reformhaus\/vitamine-nahrungsergaenzungsmittel\/propolis-extrakt-ohne-alkohol-30ml-propolia\/#primaryimage\"},\"image\":{\"@id\":\"https:\/\/dutchmicrodosing.com\/de\/reformhaus\/vitamine-nahrungsergaenzungsmittel\/propolis-extrakt-ohne-alkohol-30ml-propolia\/#primaryimage\"},\"thumbnailUrl\":\"https:\/\/dutchmicrodosing.com\/wp-content\/uploads\/2024\/05\/propolia.png\",\"datePublished\":\"2024-05-31T11:35:20+00:00\",\"dateModified\":\"2025-11-04T08:15:47+00:00\",\"description\":\"Genie\u00dfen Sie die nat\u00fcrlichen Vorteile von Propolis! Ideal f\u00fcr sensible Benutzer! Hohe Qualit\u00e4t und Reinheit f\u00fcr optimale Pflege!\",\"breadcrumb\":{\"@id\":\"https:\/\/dutchmicrodosing.com\/de\/reformhaus\/vitamine-nahrungsergaenzungsmittel\/propolis-extrakt-ohne-alkohol-30ml-propolia\/#breadcrumb\"},\"inLanguage\":\"de\",\"potentialAction\":[{\"@type\":\"ReadAction\",\"target\":[\"https:\/\/dutchmicrodosing.com\/de\/reformhaus\/vitamine-nahrungsergaenzungsmittel\/propolis-extrakt-ohne-alkohol-30ml-propolia\/\"]}]},{\"@type\":\"ImageObject\",\"inLanguage\":\"de\",\"@id\":\"https:\/\/dutchmicrodosing.com\/de\/reformhaus\/vitamine-nahrungsergaenzungsmittel\/propolis-extrakt-ohne-alkohol-30ml-propolia\/#primaryimage\",\"url\":\"https:\/\/dutchmicrodosing.com\/wp-content\/uploads\/2024\/05\/propolia.png\",\"contentUrl\":\"https:\/\/dutchmicrodosing.com\/wp-content\/uploads\/2024\/05\/propolia.png\",\"width\":500,\"height\":500},{\"@type\":\"BreadcrumbList\",\"@id\":\"https:\/\/dutchmicrodosing.com\/de\/reformhaus\/vitamine-nahrungsergaenzungsmittel\/propolis-extrakt-ohne-alkohol-30ml-propolia\/#breadcrumb\",\"itemListElement\":[{\"@type\":\"ListItem\",\"position\":1,\"name\":\"Home\",\"item\":\"https:\/\/dutchmicrodosing.com\/de\/\"},{\"@type\":\"ListItem\",\"position\":2,\"name\":\"Shop\",\"item\":\"https:\/\/dutchmicrodosing.com\/de\/shop\/\"},{\"@type\":\"ListItem\",\"position\":3,\"name\":\"Propolis-Extrakt ohne Alkohol 30ml &#8211; Propolia\"}]},{\"@type\":\"WebSite\",\"@id\":\"https:\/\/dutchmicrodosing.com\/de\/#website\",\"url\":\"https:\/\/dutchmicrodosing.com\/de\/\",\"name\":\"Dutchmicrodosing\",\"description\":\"\",\"publisher\":{\"@id\":\"https:\/\/dutchmicrodosing.com\/de\/#organization\"},\"potentialAction\":[{\"@type\":\"SearchAction\",\"target\":{\"@type\":\"EntryPoint\",\"urlTemplate\":\"https:\/\/dutchmicrodosing.com\/de\/?s={search_term_string}\"},\"query-input\":{\"@type\":\"PropertyValueSpecification\",\"valueRequired\":true,\"valueName\":\"search_term_string\"}}],\"inLanguage\":\"de\"},{\"@type\":\"Organization\",\"@id\":\"https:\/\/dutchmicrodosing.com\/de\/#organization\",\"name\":\"Dutchmicrodosing\",\"url\":\"https:\/\/dutchmicrodosing.com\/de\/\",\"logo\":{\"@type\":\"ImageObject\",\"inLanguage\":\"de\",\"@id\":\"https:\/\/dutchmicrodosing.com\/de\/#\/schema\/logo\/image\/\",\"url\":\"https:\/\/dutchmicrodosing.com\/wp-content\/uploads\/2021\/01\/microdosing-categorie-pic-nieuw.jpg\",\"contentUrl\":\"https:\/\/dutchmicrodosing.com\/wp-content\/uploads\/2021\/01\/microdosing-categorie-pic-nieuw.jpg\",\"width\":500,\"height\":500,\"caption\":\"Dutchmicrodosing\"},\"image\":{\"@id\":\"https:\/\/dutchmicrodosing.com\/de\/#\/schema\/logo\/image\/\"},\"sameAs\":[\"https:\/\/www.facebook.com\/Dutchmicrodosingxp\/\",\"https:\/\/www.instagram.com\/dutchmicrodosing\/\"]}]}<\/script>\n<meta property=\"product:price:amount\" content=\"15.95\" \/>\n<meta property=\"product:price:currency\" content=\"EUR\" \/>\n<meta property=\"og:availability\" content=\"out of stock\" \/>\n<meta property=\"product:availability\" content=\"out of stock\" \/>\n<meta property=\"product:retailer_item_id\" content=\"4205995\" \/>\n<meta property=\"product:condition\" content=\"new\" \/>\n<!-- \/ Yoast SEO Premium plugin. -->","yoast_head_json":{"title":"Propolis-Extrakt ohne Alkohol 30ml - Propolia - Dutchmicrodosing","description":"Genie\u00dfen Sie die nat\u00fcrlichen Vorteile von Propolis! Ideal f\u00fcr sensible Benutzer! Hohe Qualit\u00e4t und Reinheit f\u00fcr optimale Pflege!","robots":{"index":"index","follow":"follow","max-snippet":"max-snippet:-1","max-image-preview":"max-image-preview:large","max-video-preview":"max-video-preview:-1"},"canonical":"https:\/\/dutchmicrodosing.com\/de\/reformhaus\/vitamine-nahrungsergaenzungsmittel\/propolis-extrakt-ohne-alkohol-30ml-propolia\/","og_locale":"de_DE","og_type":"article","og_title":"Propolis-Extrakt ohne Alkohol 30ml - Propolia","og_description":"Propolis-Extrakt ohne Alkohol 30ml ist ein vielseitiges und einfach anzuwendendes Gesundheitsprodukt. Propolis ist vollgepackt mit aktiven Inhaltsstoffen","og_url":"https:\/\/dutchmicrodosing.com\/de\/reformhaus\/vitamine-nahrungsergaenzungsmittel\/propolis-extrakt-ohne-alkohol-30ml-propolia\/","og_site_name":"Dutchmicrodosing","article_publisher":"https:\/\/www.facebook.com\/Dutchmicrodosingxp\/","article_modified_time":"2025-11-04T08:15:47+00:00","og_image":[{"width":500,"height":500,"url":"https:\/\/dutchmicrodosing.com\/wp-content\/uploads\/2024\/05\/propolia.png","type":"image\/png"}],"twitter_card":"summary_large_image","schema":{"@context":"https:\/\/schema.org","@graph":[{"@type":"WebPage","@id":"https:\/\/dutchmicrodosing.com\/de\/reformhaus\/vitamine-nahrungsergaenzungsmittel\/propolis-extrakt-ohne-alkohol-30ml-propolia\/","url":"https:\/\/dutchmicrodosing.com\/de\/reformhaus\/vitamine-nahrungsergaenzungsmittel\/propolis-extrakt-ohne-alkohol-30ml-propolia\/","name":"Propolis-Extrakt ohne Alkohol 30ml - Propolia - Dutchmicrodosing","isPartOf":{"@id":"https:\/\/dutchmicrodosing.com\/de\/#website"},"primaryImageOfPage":{"@id":"https:\/\/dutchmicrodosing.com\/de\/reformhaus\/vitamine-nahrungsergaenzungsmittel\/propolis-extrakt-ohne-alkohol-30ml-propolia\/#primaryimage"},"image":{"@id":"https:\/\/dutchmicrodosing.com\/de\/reformhaus\/vitamine-nahrungsergaenzungsmittel\/propolis-extrakt-ohne-alkohol-30ml-propolia\/#primaryimage"},"thumbnailUrl":"https:\/\/dutchmicrodosing.com\/wp-content\/uploads\/2024\/05\/propolia.png","datePublished":"2024-05-31T11:35:20+00:00","dateModified":"2025-11-04T08:15:47+00:00","description":"Genie\u00dfen Sie die nat\u00fcrlichen Vorteile von Propolis! Ideal f\u00fcr sensible Benutzer! Hohe Qualit\u00e4t und Reinheit f\u00fcr optimale Pflege!","breadcrumb":{"@id":"https:\/\/dutchmicrodosing.com\/de\/reformhaus\/vitamine-nahrungsergaenzungsmittel\/propolis-extrakt-ohne-alkohol-30ml-propolia\/#breadcrumb"},"inLanguage":"de","potentialAction":[{"@type":"ReadAction","target":["https:\/\/dutchmicrodosing.com\/de\/reformhaus\/vitamine-nahrungsergaenzungsmittel\/propolis-extrakt-ohne-alkohol-30ml-propolia\/"]}]},{"@type":"ImageObject","inLanguage":"de","@id":"https:\/\/dutchmicrodosing.com\/de\/reformhaus\/vitamine-nahrungsergaenzungsmittel\/propolis-extrakt-ohne-alkohol-30ml-propolia\/#primaryimage","url":"https:\/\/dutchmicrodosing.com\/wp-content\/uploads\/2024\/05\/propolia.png","contentUrl":"https:\/\/dutchmicrodosing.com\/wp-content\/uploads\/2024\/05\/propolia.png","width":500,"height":500},{"@type":"BreadcrumbList","@id":"https:\/\/dutchmicrodosing.com\/de\/reformhaus\/vitamine-nahrungsergaenzungsmittel\/propolis-extrakt-ohne-alkohol-30ml-propolia\/#breadcrumb","itemListElement":[{"@type":"ListItem","position":1,"name":"Home","item":"https:\/\/dutchmicrodosing.com\/de\/"},{"@type":"ListItem","position":2,"name":"Shop","item":"https:\/\/dutchmicrodosing.com\/de\/shop\/"},{"@type":"ListItem","position":3,"name":"Propolis-Extrakt ohne Alkohol 30ml &#8211; Propolia"}]},{"@type":"WebSite","@id":"https:\/\/dutchmicrodosing.com\/de\/#website","url":"https:\/\/dutchmicrodosing.com\/de\/","name":"Dutchmicrodosing","description":"","publisher":{"@id":"https:\/\/dutchmicrodosing.com\/de\/#organization"},"potentialAction":[{"@type":"SearchAction","target":{"@type":"EntryPoint","urlTemplate":"https:\/\/dutchmicrodosing.com\/de\/?s={search_term_string}"},"query-input":{"@type":"PropertyValueSpecification","valueRequired":true,"valueName":"search_term_string"}}],"inLanguage":"de"},{"@type":"Organization","@id":"https:\/\/dutchmicrodosing.com\/de\/#organization","name":"Dutchmicrodosing","url":"https:\/\/dutchmicrodosing.com\/de\/","logo":{"@type":"ImageObject","inLanguage":"de","@id":"https:\/\/dutchmicrodosing.com\/de\/#\/schema\/logo\/image\/","url":"https:\/\/dutchmicrodosing.com\/wp-content\/uploads\/2021\/01\/microdosing-categorie-pic-nieuw.jpg","contentUrl":"https:\/\/dutchmicrodosing.com\/wp-content\/uploads\/2021\/01\/microdosing-categorie-pic-nieuw.jpg","width":500,"height":500,"caption":"Dutchmicrodosing"},"image":{"@id":"https:\/\/dutchmicrodosing.com\/de\/#\/schema\/logo\/image\/"},"sameAs":["https:\/\/www.facebook.com\/Dutchmicrodosingxp\/","https:\/\/www.instagram.com\/dutchmicrodosing\/"]}]},"product_price_amount":"15.95","product_price_currency":"EUR","og_availability":"out of stock","product_availability":"out of stock","product_retailer_item_id":"4205995","product_condition":"new"},"_links":{"self":[{"href":"https:\/\/dutchmicrodosing.com\/de\/wp-json\/wp\/v2\/product\/40227","targetHints":{"allow":["GET"]}}],"collection":[{"href":"https:\/\/dutchmicrodosing.com\/de\/wp-json\/wp\/v2\/product"}],"about":[{"href":"https:\/\/dutchmicrodosing.com\/de\/wp-json\/wp\/v2\/types\/product"}],"replies":[{"embeddable":true,"href":"https:\/\/dutchmicrodosing.com\/de\/wp-json\/wp\/v2\/comments?post=40227"}],"version-history":[{"count":1,"href":"https:\/\/dutchmicrodosing.com\/de\/wp-json\/wp\/v2\/product\/40227\/revisions"}],"predecessor-version":[{"id":60896,"href":"https:\/\/dutchmicrodosing.com\/de\/wp-json\/wp\/v2\/product\/40227\/revisions\/60896"}],"wp:featuredmedia":[{"embeddable":true,"href":"https:\/\/dutchmicrodosing.com\/de\/wp-json\/wp\/v2\/media\/40224"}],"wp:attachment":[{"href":"https:\/\/dutchmicrodosing.com\/de\/wp-json\/wp\/v2\/media?parent=40227"}],"wp:term":[{"taxonomy":"product_brand","embeddable":true,"href":"https:\/\/dutchmicrodosing.com\/de\/wp-json\/wp\/v2\/product_brand?post=40227"},{"taxonomy":"product_cat","embeddable":true,"href":"https:\/\/dutchmicrodosing.com\/de\/wp-json\/wp\/v2\/product_cat?post=40227"},{"taxonomy":"product_tag","embeddable":true,"href":"https:\/\/dutchmicrodosing.com\/de\/wp-json\/wp\/v2\/product_tag?post=40227"}],"curies":[{"name":"wp","href":"https:\/\/api.w.org\/{rel}","templated":true}]}}