{"id":40522,"date":"2024-06-21T14:30:26","date_gmt":"2024-06-21T12:30:26","guid":{"rendered":"https:\/\/dutchmicrodosing.com\/shop\/unkategorisiert\/cibdol-komplett-schlafen-10-ml\/"},"modified":"2025-08-19T13:06:34","modified_gmt":"2025-08-19T11:06:34","slug":"cibdol-komplett-schlafen-10-ml","status":"publish","type":"product","link":"https:\/\/dutchmicrodosing.com\/de\/reformhaus\/cbd-nahrungsergaenzungsmittel\/cibdol-komplett-schlafen-10-ml\/","title":{"rendered":"Cibdol Vollst\u00e4ndiger Schlaf &#8211; 10 ML"},"content":{"rendered":"<p><strong>Cibdol Complete Sleep &#8211; 10 ML<\/strong> ist eine innovative Mischung aus Cannabinoiden, CBD, CBN und Kr\u00e4utern wie Lavendel und Kamille zur F\u00f6rderung eines erholsamen, entspannenden Schlafs &#8211; ohne die Notwendigkeit von Melatonin. Sind Sie des Einschlafens m\u00fcde? Haben Sie es satt, nachts wach zu liegen und damit zu k\u00e4mpfen, einzuschlafen und durchzuschlafen? Sind Sie auf Melatoninpr\u00e4parate angewiesen, f\u00fchlen sich aber nach dem Aufwachen schwindelig und lethargisch? Es ist an der Zeit, Ihre Einstellung zum Schlaf zu \u00fcberdenken und eine sanftere, nachhaltigere L\u00f6sung zu finden.<\/p>\n<h3>Unsere einzigartige Mischung von Zutaten umfasst<\/h3>\n<ul>\n<li>MCT-\u00d6l 92.3%<\/li>\n<li>Hanf-Extrakt 7,5% (Cannabinol und Cannabidiol)<\/li>\n<li>Kamille Matricaria-Extrakt<\/li>\n<li>Lavendel-Extrakt<\/li>\n<\/ul>\n<h4>Lavendel:<\/h4>\n<p>Lavendel, ein Kraut, das f\u00fcr seine beruhigenden und entspannenden Eigenschaften bekannt ist, spielt eine entscheidende Rolle in Cibdol Complete Sleep 10% CBD. Lavendel hilft, Stress und \u00c4ngste abzubauen und schafft so ein ideales Umfeld f\u00fcr eine erholsame Nachtruhe.<\/p>\n<h4>Kamille:<\/h4>\n<p>Kamille, ein weiterer Hauptbestandteil von Cibdol Complete Sleep 10% CBD, wird seit Jahrhunderten zur F\u00f6rderung von Entspannung und Ruhe verwendet. Durch ihre entspannende Wirkung tr\u00e4gt die Kamille zur Beruhigung von K\u00f6rper und Geist bei und erleichtert so das Einschlafen und Durchschlafen.<\/p>\n<h3>Wie Sie es verwenden<\/h3>\n<p>Nehmen Sie einen vollst\u00e4ndig gef\u00fcllten Tropfer (1 ml) etwa 30 Minuten vor dem Schlafengehen ein. Wiederholen Sie dies jede Nacht, um Ihre Schlafqualit\u00e4t strukturell zu verbessern.<\/p>\n<h3>Hinweise zur Lagerung<\/h3>\n<p>Um die Wirksamkeit von Complete Sleep zu erhalten, bewahren Sie es an einem trockenen und dunklen Ort bei Zimmertemperatur und au\u00dferhalb der Reichweite von Kindern auf!<\/p>\n<h3>Inhalt<\/h3>\n<p>Cibdol Vollst\u00e4ndiger Schlaf 10% &#8211; 10 ML<\/p>\n","protected":false},"excerpt":{"rendered":"<p>Cibdol Complete Sleep &#8211; 10 ML ist eine innovative Mischung aus Cannabinoiden, CBD, CBN und Kr\u00e4utern wie Lavendel und Kamille zur F\u00f6rderung eines erholsamen, entspannenden Schlafs &#8211; ohne die Notwendigkeit von Melatonin. Sind Sie des Einschlafens m\u00fcde? Haben Sie es satt, nachts wach zu liegen und damit zu k\u00e4mpfen, einzuschlafen und durchzuschlafen? Sind Sie auf [&hellip;]<\/p>\n","protected":false},"featured_media":40445,"comment_status":"closed","ping_status":"closed","template":"","meta":[],"product_brand":[],"product_cat":[286,305,116],"product_tag":[],"class_list":{"0":"post-40522","1":"product","2":"type-product","3":"status-publish","4":"has-post-thumbnail","6":"product_cat-cbd-nahrungsergaenzungsmittel","7":"product_cat-schlaf-erganzungen","8":"product_cat-vitamine-nahrungsergaenzungsmittel","10":"first","11":"instock","12":"taxable","13":"shipping-taxable","14":"purchasable","15":"product-type-simple"},"yoast_head":"<!-- This site is optimized with the Yoast SEO Premium plugin v26.4 (Yoast SEO v27.4) - https:\/\/yoast.com\/product\/yoast-seo-premium-wordpress\/ -->\n<title>Cibdol Vollst\u00e4ndiger Schlaf - 10 ML - Dutchmicrodosing<\/title>\n<meta name=\"description\" content=\"Haben Sie es satt, nachts wach zu liegen und damit zu k\u00e4mpfen, einzuschlafen und durchzuschlafen? Testen Sie Cibdol Complete Sleep jetzt! Klicken Sie hier...\" \/>\n<meta name=\"robots\" content=\"index, follow, max-snippet:-1, max-image-preview:large, max-video-preview:-1\" \/>\n<link rel=\"canonical\" href=\"https:\/\/dutchmicrodosing.com\/de\/reformhaus\/cbd-nahrungsergaenzungsmittel\/cibdol-komplett-schlafen-10-ml\/\" \/>\n<meta property=\"og:locale\" content=\"de_DE\" \/>\n<meta property=\"og:type\" content=\"article\" \/>\n<meta property=\"og:title\" content=\"Cibdol Vollst\u00e4ndiger Schlaf - 10 ML\" \/>\n<meta property=\"og:description\" content=\"Cibdol Complete Sleep - 10 ML ist eine innovative Mischung aus Cannabinoiden, CBD, CBN und Kr\u00e4utern wie Lavendel und Kamille zur F\u00f6rderung eines\" \/>\n<meta property=\"og:url\" content=\"https:\/\/dutchmicrodosing.com\/de\/reformhaus\/cbd-nahrungsergaenzungsmittel\/cibdol-komplett-schlafen-10-ml\/\" \/>\n<meta property=\"og:site_name\" content=\"Dutchmicrodosing\" \/>\n<meta property=\"article:publisher\" content=\"https:\/\/www.facebook.com\/Dutchmicrodosingxp\/\" \/>\n<meta property=\"article:modified_time\" content=\"2025-08-19T11:06:34+00:00\" \/>\n<meta property=\"og:image\" content=\"https:\/\/dutchmicrodosing.com\/wp-content\/uploads\/2024\/06\/Complete-sleep.jpg\" \/>\n\t<meta property=\"og:image:width\" content=\"600\" \/>\n\t<meta property=\"og:image:height\" content=\"792\" \/>\n\t<meta property=\"og:image:type\" content=\"image\/jpeg\" \/>\n<meta name=\"twitter:card\" content=\"summary_large_image\" \/>\n<script type=\"application\/ld+json\" class=\"yoast-schema-graph\">{\"@context\":\"https:\\\/\\\/schema.org\",\"@graph\":[{\"@type\":\"WebPage\",\"@id\":\"https:\\\/\\\/dutchmicrodosing.com\\\/de\\\/reformhaus\\\/cbd-nahrungsergaenzungsmittel\\\/cibdol-komplett-schlafen-10-ml\\\/\",\"url\":\"https:\\\/\\\/dutchmicrodosing.com\\\/de\\\/reformhaus\\\/cbd-nahrungsergaenzungsmittel\\\/cibdol-komplett-schlafen-10-ml\\\/\",\"name\":\"Cibdol Vollst\u00e4ndiger Schlaf - 10 ML - Dutchmicrodosing\",\"isPartOf\":{\"@id\":\"https:\\\/\\\/dutchmicrodosing.com\\\/de\\\/#website\"},\"primaryImageOfPage\":{\"@id\":\"https:\\\/\\\/dutchmicrodosing.com\\\/de\\\/reformhaus\\\/cbd-nahrungsergaenzungsmittel\\\/cibdol-komplett-schlafen-10-ml\\\/#primaryimage\"},\"image\":{\"@id\":\"https:\\\/\\\/dutchmicrodosing.com\\\/de\\\/reformhaus\\\/cbd-nahrungsergaenzungsmittel\\\/cibdol-komplett-schlafen-10-ml\\\/#primaryimage\"},\"thumbnailUrl\":\"https:\\\/\\\/dutchmicrodosing.com\\\/wp-content\\\/uploads\\\/2024\\\/06\\\/Complete-sleep.jpg\",\"datePublished\":\"2024-06-21T12:30:26+00:00\",\"dateModified\":\"2025-08-19T11:06:34+00:00\",\"description\":\"Haben Sie es satt, nachts wach zu liegen und damit zu k\u00e4mpfen, einzuschlafen und durchzuschlafen? Testen Sie Cibdol Complete Sleep jetzt! Klicken Sie hier...\",\"breadcrumb\":{\"@id\":\"https:\\\/\\\/dutchmicrodosing.com\\\/de\\\/reformhaus\\\/cbd-nahrungsergaenzungsmittel\\\/cibdol-komplett-schlafen-10-ml\\\/#breadcrumb\"},\"inLanguage\":\"de\",\"potentialAction\":[{\"@type\":\"ReadAction\",\"target\":[\"https:\\\/\\\/dutchmicrodosing.com\\\/de\\\/reformhaus\\\/cbd-nahrungsergaenzungsmittel\\\/cibdol-komplett-schlafen-10-ml\\\/\"]}]},{\"@type\":\"ImageObject\",\"inLanguage\":\"de\",\"@id\":\"https:\\\/\\\/dutchmicrodosing.com\\\/de\\\/reformhaus\\\/cbd-nahrungsergaenzungsmittel\\\/cibdol-komplett-schlafen-10-ml\\\/#primaryimage\",\"url\":\"https:\\\/\\\/dutchmicrodosing.com\\\/wp-content\\\/uploads\\\/2024\\\/06\\\/Complete-sleep.jpg\",\"contentUrl\":\"https:\\\/\\\/dutchmicrodosing.com\\\/wp-content\\\/uploads\\\/2024\\\/06\\\/Complete-sleep.jpg\",\"width\":600,\"height\":792},{\"@type\":\"BreadcrumbList\",\"@id\":\"https:\\\/\\\/dutchmicrodosing.com\\\/de\\\/reformhaus\\\/cbd-nahrungsergaenzungsmittel\\\/cibdol-komplett-schlafen-10-ml\\\/#breadcrumb\",\"itemListElement\":[{\"@type\":\"ListItem\",\"position\":1,\"name\":\"Home\",\"item\":\"https:\\\/\\\/dutchmicrodosing.com\\\/de\\\/\"},{\"@type\":\"ListItem\",\"position\":2,\"name\":\"Shop\",\"item\":\"https:\\\/\\\/dutchmicrodosing.com\\\/de\\\/shop\\\/\"},{\"@type\":\"ListItem\",\"position\":3,\"name\":\"Cibdol Vollst\u00e4ndiger Schlaf &#8211; 10 ML\"}]},{\"@type\":\"WebSite\",\"@id\":\"https:\\\/\\\/dutchmicrodosing.com\\\/de\\\/#website\",\"url\":\"https:\\\/\\\/dutchmicrodosing.com\\\/de\\\/\",\"name\":\"Dutchmicrodosing\",\"description\":\"\",\"publisher\":{\"@id\":\"https:\\\/\\\/dutchmicrodosing.com\\\/de\\\/#organization\"},\"potentialAction\":[{\"@type\":\"SearchAction\",\"target\":{\"@type\":\"EntryPoint\",\"urlTemplate\":\"https:\\\/\\\/dutchmicrodosing.com\\\/de\\\/?s={search_term_string}\"},\"query-input\":{\"@type\":\"PropertyValueSpecification\",\"valueRequired\":true,\"valueName\":\"search_term_string\"}}],\"inLanguage\":\"de\"},{\"@type\":\"Organization\",\"@id\":\"https:\\\/\\\/dutchmicrodosing.com\\\/de\\\/#organization\",\"name\":\"Dutchmicrodosing\",\"url\":\"https:\\\/\\\/dutchmicrodosing.com\\\/de\\\/\",\"logo\":{\"@type\":\"ImageObject\",\"inLanguage\":\"de\",\"@id\":\"https:\\\/\\\/dutchmicrodosing.com\\\/de\\\/#\\\/schema\\\/logo\\\/image\\\/\",\"url\":\"https:\\\/\\\/dutchmicrodosing.com\\\/wp-content\\\/uploads\\\/2021\\\/01\\\/microdosing-categorie-pic-nieuw.jpg\",\"contentUrl\":\"https:\\\/\\\/dutchmicrodosing.com\\\/wp-content\\\/uploads\\\/2021\\\/01\\\/microdosing-categorie-pic-nieuw.jpg\",\"width\":500,\"height\":500,\"caption\":\"Dutchmicrodosing\"},\"image\":{\"@id\":\"https:\\\/\\\/dutchmicrodosing.com\\\/de\\\/#\\\/schema\\\/logo\\\/image\\\/\"},\"sameAs\":[\"https:\\\/\\\/www.facebook.com\\\/Dutchmicrodosingxp\\\/\",\"https:\\\/\\\/www.instagram.com\\\/dutchmicrodosing\\\/\"]}]}<\/script>\n<meta property=\"product:price:amount\" content=\"37.95\" \/>\n<meta property=\"product:price:currency\" content=\"EUR\" \/>\n<meta property=\"og:availability\" content=\"instock\" \/>\n<meta property=\"product:availability\" content=\"instock\" \/>\n<meta property=\"product:retailer_item_id\" content=\"4206847\" \/>\n<meta property=\"product:condition\" content=\"new\" \/>\n<!-- \/ Yoast SEO Premium plugin. -->","yoast_head_json":{"title":"Cibdol Vollst\u00e4ndiger Schlaf - 10 ML - Dutchmicrodosing","description":"Haben Sie es satt, nachts wach zu liegen und damit zu k\u00e4mpfen, einzuschlafen und durchzuschlafen? Testen Sie Cibdol Complete Sleep jetzt! Klicken Sie hier...","robots":{"index":"index","follow":"follow","max-snippet":"max-snippet:-1","max-image-preview":"max-image-preview:large","max-video-preview":"max-video-preview:-1"},"canonical":"https:\/\/dutchmicrodosing.com\/de\/reformhaus\/cbd-nahrungsergaenzungsmittel\/cibdol-komplett-schlafen-10-ml\/","og_locale":"de_DE","og_type":"article","og_title":"Cibdol Vollst\u00e4ndiger Schlaf - 10 ML","og_description":"Cibdol Complete Sleep - 10 ML ist eine innovative Mischung aus Cannabinoiden, CBD, CBN und Kr\u00e4utern wie Lavendel und Kamille zur F\u00f6rderung eines","og_url":"https:\/\/dutchmicrodosing.com\/de\/reformhaus\/cbd-nahrungsergaenzungsmittel\/cibdol-komplett-schlafen-10-ml\/","og_site_name":"Dutchmicrodosing","article_publisher":"https:\/\/www.facebook.com\/Dutchmicrodosingxp\/","article_modified_time":"2025-08-19T11:06:34+00:00","og_image":[{"width":600,"height":792,"url":"https:\/\/dutchmicrodosing.com\/wp-content\/uploads\/2024\/06\/Complete-sleep.jpg","type":"image\/jpeg"}],"twitter_card":"summary_large_image","schema":{"@context":"https:\/\/schema.org","@graph":[{"@type":"WebPage","@id":"https:\/\/dutchmicrodosing.com\/de\/reformhaus\/cbd-nahrungsergaenzungsmittel\/cibdol-komplett-schlafen-10-ml\/","url":"https:\/\/dutchmicrodosing.com\/de\/reformhaus\/cbd-nahrungsergaenzungsmittel\/cibdol-komplett-schlafen-10-ml\/","name":"Cibdol Vollst\u00e4ndiger Schlaf - 10 ML - Dutchmicrodosing","isPartOf":{"@id":"https:\/\/dutchmicrodosing.com\/de\/#website"},"primaryImageOfPage":{"@id":"https:\/\/dutchmicrodosing.com\/de\/reformhaus\/cbd-nahrungsergaenzungsmittel\/cibdol-komplett-schlafen-10-ml\/#primaryimage"},"image":{"@id":"https:\/\/dutchmicrodosing.com\/de\/reformhaus\/cbd-nahrungsergaenzungsmittel\/cibdol-komplett-schlafen-10-ml\/#primaryimage"},"thumbnailUrl":"https:\/\/dutchmicrodosing.com\/wp-content\/uploads\/2024\/06\/Complete-sleep.jpg","datePublished":"2024-06-21T12:30:26+00:00","dateModified":"2025-08-19T11:06:34+00:00","description":"Haben Sie es satt, nachts wach zu liegen und damit zu k\u00e4mpfen, einzuschlafen und durchzuschlafen? Testen Sie Cibdol Complete Sleep jetzt! Klicken Sie hier...","breadcrumb":{"@id":"https:\/\/dutchmicrodosing.com\/de\/reformhaus\/cbd-nahrungsergaenzungsmittel\/cibdol-komplett-schlafen-10-ml\/#breadcrumb"},"inLanguage":"de","potentialAction":[{"@type":"ReadAction","target":["https:\/\/dutchmicrodosing.com\/de\/reformhaus\/cbd-nahrungsergaenzungsmittel\/cibdol-komplett-schlafen-10-ml\/"]}]},{"@type":"ImageObject","inLanguage":"de","@id":"https:\/\/dutchmicrodosing.com\/de\/reformhaus\/cbd-nahrungsergaenzungsmittel\/cibdol-komplett-schlafen-10-ml\/#primaryimage","url":"https:\/\/dutchmicrodosing.com\/wp-content\/uploads\/2024\/06\/Complete-sleep.jpg","contentUrl":"https:\/\/dutchmicrodosing.com\/wp-content\/uploads\/2024\/06\/Complete-sleep.jpg","width":600,"height":792},{"@type":"BreadcrumbList","@id":"https:\/\/dutchmicrodosing.com\/de\/reformhaus\/cbd-nahrungsergaenzungsmittel\/cibdol-komplett-schlafen-10-ml\/#breadcrumb","itemListElement":[{"@type":"ListItem","position":1,"name":"Home","item":"https:\/\/dutchmicrodosing.com\/de\/"},{"@type":"ListItem","position":2,"name":"Shop","item":"https:\/\/dutchmicrodosing.com\/de\/shop\/"},{"@type":"ListItem","position":3,"name":"Cibdol Vollst\u00e4ndiger Schlaf &#8211; 10 ML"}]},{"@type":"WebSite","@id":"https:\/\/dutchmicrodosing.com\/de\/#website","url":"https:\/\/dutchmicrodosing.com\/de\/","name":"Dutchmicrodosing","description":"","publisher":{"@id":"https:\/\/dutchmicrodosing.com\/de\/#organization"},"potentialAction":[{"@type":"SearchAction","target":{"@type":"EntryPoint","urlTemplate":"https:\/\/dutchmicrodosing.com\/de\/?s={search_term_string}"},"query-input":{"@type":"PropertyValueSpecification","valueRequired":true,"valueName":"search_term_string"}}],"inLanguage":"de"},{"@type":"Organization","@id":"https:\/\/dutchmicrodosing.com\/de\/#organization","name":"Dutchmicrodosing","url":"https:\/\/dutchmicrodosing.com\/de\/","logo":{"@type":"ImageObject","inLanguage":"de","@id":"https:\/\/dutchmicrodosing.com\/de\/#\/schema\/logo\/image\/","url":"https:\/\/dutchmicrodosing.com\/wp-content\/uploads\/2021\/01\/microdosing-categorie-pic-nieuw.jpg","contentUrl":"https:\/\/dutchmicrodosing.com\/wp-content\/uploads\/2021\/01\/microdosing-categorie-pic-nieuw.jpg","width":500,"height":500,"caption":"Dutchmicrodosing"},"image":{"@id":"https:\/\/dutchmicrodosing.com\/de\/#\/schema\/logo\/image\/"},"sameAs":["https:\/\/www.facebook.com\/Dutchmicrodosingxp\/","https:\/\/www.instagram.com\/dutchmicrodosing\/"]}]},"product_price_amount":"37.95","product_price_currency":"EUR","og_availability":"instock","product_availability":"instock","product_retailer_item_id":"4206847","product_condition":"new"},"_links":{"self":[{"href":"https:\/\/dutchmicrodosing.com\/de\/wp-json\/wp\/v2\/product\/40522","targetHints":{"allow":["GET"]}}],"collection":[{"href":"https:\/\/dutchmicrodosing.com\/de\/wp-json\/wp\/v2\/product"}],"about":[{"href":"https:\/\/dutchmicrodosing.com\/de\/wp-json\/wp\/v2\/types\/product"}],"replies":[{"embeddable":true,"href":"https:\/\/dutchmicrodosing.com\/de\/wp-json\/wp\/v2\/comments?post=40522"}],"version-history":[{"count":0,"href":"https:\/\/dutchmicrodosing.com\/de\/wp-json\/wp\/v2\/product\/40522\/revisions"}],"wp:featuredmedia":[{"embeddable":true,"href":"https:\/\/dutchmicrodosing.com\/de\/wp-json\/wp\/v2\/media\/40445"}],"wp:attachment":[{"href":"https:\/\/dutchmicrodosing.com\/de\/wp-json\/wp\/v2\/media?parent=40522"}],"wp:term":[{"taxonomy":"product_brand","embeddable":true,"href":"https:\/\/dutchmicrodosing.com\/de\/wp-json\/wp\/v2\/product_brand?post=40522"},{"taxonomy":"product_cat","embeddable":true,"href":"https:\/\/dutchmicrodosing.com\/de\/wp-json\/wp\/v2\/product_cat?post=40522"},{"taxonomy":"product_tag","embeddable":true,"href":"https:\/\/dutchmicrodosing.com\/de\/wp-json\/wp\/v2\/product_tag?post=40522"}],"curies":[{"name":"wp","href":"https:\/\/api.w.org\/{rel}","templated":true}]}}