{"id":40528,"date":"2024-06-21T09:24:02","date_gmt":"2024-06-21T07:24:02","guid":{"rendered":"https:\/\/dutchmicrodosing.com\/shop\/unkategorisiert\/cibdol-einschlafen-flussig-meladol-formula-30ml\/"},"modified":"2025-08-19T13:06:47","modified_gmt":"2025-08-19T11:06:47","slug":"cibdol-einschlafen-flussig-meladol-formula-30ml","status":"publish","type":"product","link":"https:\/\/dutchmicrodosing.com\/de\/reformhaus\/schlaf-erganzungen\/cibdol-einschlafen-flussig-meladol-formula-30ml\/","title":{"rendered":"Cibdol Fall Asleep Liquid &#8211; Meladol Formel &#8211; 30ml"},"content":{"rendered":"<p><strong>Cibdol Fall Asleep Liquid<\/strong> <strong>&#8211; Meladol Formel<\/strong> in einer 30ml Packung kombiniert CBD und Melatonin, um Ihren Schlafzyklus zu optimieren. Diese liposomale Formel f\u00f6rdert die schnelle Aufnahme der Wirkstoffe CBD und Melatonin. Das Vorhandensein von Liposomen in der Formel sorgt f\u00fcr eine effektive Aufnahme der Wirkstoffe.<\/p>\n<p>Melatonin ist ein Hormon, das von der Zirbeldr\u00fcse, einer kleinen endokrinen Dr\u00fcse im Gehirn, produziert wird. Es spielt eine entscheidende Rolle bei der Regulierung unseres Schlaf-Wach-Rhythmus, auch bekannt als zirkadianer Rhythmus. Der Melatoninspiegel steigt in der Regel am Abend an und f\u00f6rdert die Schl\u00e4frigkeit, w\u00e4hrend er am Morgen wieder abf\u00e4llt, so dass wir uns wach und aufmerksam f\u00fchlen.<\/p>\n<h3>Eigenschaften<\/h3>\n<ul>\n<li>Enth\u00e4lt +\/- 600 Tropfen (2,5mg CBD \/ 1ml, 1,5mg Melatonin \/ 1ml)<\/li>\n<li>30 Dosen \u00e0 1 ml<\/li>\n<li>Glutenfrei und vegan<\/li>\n<li>Wasserl\u00f6slich<\/li>\n<\/ul>\n<h3>Inhaltsstoffe<\/h3>\n<ul>\n<li>Wasser<\/li>\n<li>SOJA-Lecithin<\/li>\n<li>Glycerin<\/li>\n<li>Ethanol (2,3 Vol. %)<\/li>\n<li>Hanf-Extrakt (2,5 mg\/ 1ml)<\/li>\n<li>Kaliumsorbat<\/li>\n<li>Melatonin (1,5 mg\/ 1ml)<\/li>\n<li>Vitamin B6<\/li>\n<li>Terpene<\/li>\n<li>Vitamin E<\/li>\n<\/ul>\n<h3>Verwenden Sie<\/h3>\n<p>Nehmen Sie 1 x 1 ml 15 Minuten vor dem Schlafengehen ein. Geben Sie es direkt in den Mund oder in ein Glas Wasser oder Saft.<\/p>\n<h3>Hinweise zur Lagerung<\/h3>\n<p>Um die Wirksamkeit von Complete Sleep zu erhalten, bewahren Sie es an einem trockenen und dunklen Ort bei Zimmertemperatur und au\u00dferhalb der Reichweite von Kindern auf!<\/p>\n<h3>Inhalt<\/h3>\n<p>Cibdol Fall Asleep Liquid &#8211; Meladol Formel &#8211; 30ml<\/p>\n","protected":false},"excerpt":{"rendered":"<p>Cibdol Fall Asleep Liquid &#8211; Meladol Formel in einer 30ml Packung kombiniert CBD und Melatonin, um Ihren Schlafzyklus zu optimieren. Diese liposomale Formel f\u00f6rdert die schnelle Aufnahme der Wirkstoffe CBD und Melatonin. Das Vorhandensein von Liposomen in der Formel sorgt f\u00fcr eine effektive Aufnahme der Wirkstoffe. Melatonin ist ein Hormon, das von der Zirbeldr\u00fcse, einer [&hellip;]<\/p>\n","protected":false},"featured_media":40431,"comment_status":"closed","ping_status":"closed","template":"","meta":[],"product_brand":[],"product_cat":[286,305],"product_tag":[],"class_list":{"0":"post-40528","1":"product","2":"type-product","3":"status-publish","4":"has-post-thumbnail","6":"product_cat-cbd-nahrungsergaenzungsmittel","7":"product_cat-schlaf-erganzungen","9":"first","10":"instock","11":"taxable","12":"shipping-taxable","13":"purchasable","14":"product-type-simple"},"yoast_head":"<!-- This site is optimized with the Yoast SEO Premium plugin v26.4 (Yoast SEO v27.4) - https:\/\/yoast.com\/product\/yoast-seo-premium-wordpress\/ -->\n<title>Cibdol Fall Asleep Liquid - Meladol Formel - 30ml - Dutchmicrodosing<\/title>\n<meta name=\"description\" content=\"Diese liposomale Formel f\u00f6rdert die schnelle Aufnahme der Wirkstoffe CBD und Melatonin. Optimieren Sie hier Ihren Schlafzyklus...\" \/>\n<meta name=\"robots\" content=\"index, follow, max-snippet:-1, max-image-preview:large, max-video-preview:-1\" \/>\n<link rel=\"canonical\" href=\"https:\/\/dutchmicrodosing.com\/de\/reformhaus\/schlaf-erganzungen\/cibdol-einschlafen-flussig-meladol-formula-30ml\/\" \/>\n<meta property=\"og:locale\" content=\"de_DE\" \/>\n<meta property=\"og:type\" content=\"article\" \/>\n<meta property=\"og:title\" content=\"Cibdol Fall Asleep Liquid - Meladol Formel - 30ml\" \/>\n<meta property=\"og:description\" content=\"Cibdol Fall Asleep Liquid - Meladol Formel in einer 30ml Packung kombiniert CBD und Melatonin, um Ihren Schlafzyklus zu optimieren. Diese liposomale\" \/>\n<meta property=\"og:url\" content=\"https:\/\/dutchmicrodosing.com\/de\/reformhaus\/schlaf-erganzungen\/cibdol-einschlafen-flussig-meladol-formula-30ml\/\" \/>\n<meta property=\"og:site_name\" content=\"Dutchmicrodosing\" \/>\n<meta property=\"article:publisher\" content=\"https:\/\/www.facebook.com\/Dutchmicrodosingxp\/\" \/>\n<meta property=\"article:modified_time\" content=\"2025-08-19T11:06:47+00:00\" \/>\n<meta property=\"og:image\" content=\"https:\/\/dutchmicrodosing.com\/wp-content\/uploads\/2024\/06\/meladol-melatonine-cbd.jpg\" \/>\n\t<meta property=\"og:image:width\" content=\"528\" \/>\n\t<meta property=\"og:image:height\" content=\"528\" \/>\n\t<meta property=\"og:image:type\" content=\"image\/jpeg\" \/>\n<meta name=\"twitter:card\" content=\"summary_large_image\" \/>\n<script type=\"application\/ld+json\" class=\"yoast-schema-graph\">{\"@context\":\"https:\\\/\\\/schema.org\",\"@graph\":[{\"@type\":\"WebPage\",\"@id\":\"https:\\\/\\\/dutchmicrodosing.com\\\/de\\\/reformhaus\\\/schlaf-erganzungen\\\/cibdol-einschlafen-flussig-meladol-formula-30ml\\\/\",\"url\":\"https:\\\/\\\/dutchmicrodosing.com\\\/de\\\/reformhaus\\\/schlaf-erganzungen\\\/cibdol-einschlafen-flussig-meladol-formula-30ml\\\/\",\"name\":\"Cibdol Fall Asleep Liquid - Meladol Formel - 30ml - Dutchmicrodosing\",\"isPartOf\":{\"@id\":\"https:\\\/\\\/dutchmicrodosing.com\\\/de\\\/#website\"},\"primaryImageOfPage\":{\"@id\":\"https:\\\/\\\/dutchmicrodosing.com\\\/de\\\/reformhaus\\\/schlaf-erganzungen\\\/cibdol-einschlafen-flussig-meladol-formula-30ml\\\/#primaryimage\"},\"image\":{\"@id\":\"https:\\\/\\\/dutchmicrodosing.com\\\/de\\\/reformhaus\\\/schlaf-erganzungen\\\/cibdol-einschlafen-flussig-meladol-formula-30ml\\\/#primaryimage\"},\"thumbnailUrl\":\"https:\\\/\\\/dutchmicrodosing.com\\\/wp-content\\\/uploads\\\/2024\\\/06\\\/meladol-melatonine-cbd.jpg\",\"datePublished\":\"2024-06-21T07:24:02+00:00\",\"dateModified\":\"2025-08-19T11:06:47+00:00\",\"description\":\"Diese liposomale Formel f\u00f6rdert die schnelle Aufnahme der Wirkstoffe CBD und Melatonin. Optimieren Sie hier Ihren Schlafzyklus...\",\"breadcrumb\":{\"@id\":\"https:\\\/\\\/dutchmicrodosing.com\\\/de\\\/reformhaus\\\/schlaf-erganzungen\\\/cibdol-einschlafen-flussig-meladol-formula-30ml\\\/#breadcrumb\"},\"inLanguage\":\"de\",\"potentialAction\":[{\"@type\":\"ReadAction\",\"target\":[\"https:\\\/\\\/dutchmicrodosing.com\\\/de\\\/reformhaus\\\/schlaf-erganzungen\\\/cibdol-einschlafen-flussig-meladol-formula-30ml\\\/\"]}]},{\"@type\":\"ImageObject\",\"inLanguage\":\"de\",\"@id\":\"https:\\\/\\\/dutchmicrodosing.com\\\/de\\\/reformhaus\\\/schlaf-erganzungen\\\/cibdol-einschlafen-flussig-meladol-formula-30ml\\\/#primaryimage\",\"url\":\"https:\\\/\\\/dutchmicrodosing.com\\\/wp-content\\\/uploads\\\/2024\\\/06\\\/meladol-melatonine-cbd.jpg\",\"contentUrl\":\"https:\\\/\\\/dutchmicrodosing.com\\\/wp-content\\\/uploads\\\/2024\\\/06\\\/meladol-melatonine-cbd.jpg\",\"width\":528,\"height\":528},{\"@type\":\"BreadcrumbList\",\"@id\":\"https:\\\/\\\/dutchmicrodosing.com\\\/de\\\/reformhaus\\\/schlaf-erganzungen\\\/cibdol-einschlafen-flussig-meladol-formula-30ml\\\/#breadcrumb\",\"itemListElement\":[{\"@type\":\"ListItem\",\"position\":1,\"name\":\"Home\",\"item\":\"https:\\\/\\\/dutchmicrodosing.com\\\/de\\\/\"},{\"@type\":\"ListItem\",\"position\":2,\"name\":\"Shop\",\"item\":\"https:\\\/\\\/dutchmicrodosing.com\\\/de\\\/shop\\\/\"},{\"@type\":\"ListItem\",\"position\":3,\"name\":\"Cibdol Fall Asleep Liquid &#8211; Meladol Formel &#8211; 30ml\"}]},{\"@type\":\"WebSite\",\"@id\":\"https:\\\/\\\/dutchmicrodosing.com\\\/de\\\/#website\",\"url\":\"https:\\\/\\\/dutchmicrodosing.com\\\/de\\\/\",\"name\":\"Dutchmicrodosing\",\"description\":\"\",\"publisher\":{\"@id\":\"https:\\\/\\\/dutchmicrodosing.com\\\/de\\\/#organization\"},\"potentialAction\":[{\"@type\":\"SearchAction\",\"target\":{\"@type\":\"EntryPoint\",\"urlTemplate\":\"https:\\\/\\\/dutchmicrodosing.com\\\/de\\\/?s={search_term_string}\"},\"query-input\":{\"@type\":\"PropertyValueSpecification\",\"valueRequired\":true,\"valueName\":\"search_term_string\"}}],\"inLanguage\":\"de\"},{\"@type\":\"Organization\",\"@id\":\"https:\\\/\\\/dutchmicrodosing.com\\\/de\\\/#organization\",\"name\":\"Dutchmicrodosing\",\"url\":\"https:\\\/\\\/dutchmicrodosing.com\\\/de\\\/\",\"logo\":{\"@type\":\"ImageObject\",\"inLanguage\":\"de\",\"@id\":\"https:\\\/\\\/dutchmicrodosing.com\\\/de\\\/#\\\/schema\\\/logo\\\/image\\\/\",\"url\":\"https:\\\/\\\/dutchmicrodosing.com\\\/wp-content\\\/uploads\\\/2021\\\/01\\\/microdosing-categorie-pic-nieuw.jpg\",\"contentUrl\":\"https:\\\/\\\/dutchmicrodosing.com\\\/wp-content\\\/uploads\\\/2021\\\/01\\\/microdosing-categorie-pic-nieuw.jpg\",\"width\":500,\"height\":500,\"caption\":\"Dutchmicrodosing\"},\"image\":{\"@id\":\"https:\\\/\\\/dutchmicrodosing.com\\\/de\\\/#\\\/schema\\\/logo\\\/image\\\/\"},\"sameAs\":[\"https:\\\/\\\/www.facebook.com\\\/Dutchmicrodosingxp\\\/\",\"https:\\\/\\\/www.instagram.com\\\/dutchmicrodosing\\\/\"]}]}<\/script>\n<meta property=\"product:price:amount\" content=\"24.95\" \/>\n<meta property=\"product:price:currency\" content=\"EUR\" \/>\n<meta property=\"og:availability\" content=\"instock\" \/>\n<meta property=\"product:availability\" content=\"instock\" \/>\n<meta property=\"product:retailer_item_id\" content=\"4206900\" \/>\n<meta property=\"product:condition\" content=\"new\" \/>\n<!-- \/ Yoast SEO Premium plugin. -->","yoast_head_json":{"title":"Cibdol Fall Asleep Liquid - Meladol Formel - 30ml - Dutchmicrodosing","description":"Diese liposomale Formel f\u00f6rdert die schnelle Aufnahme der Wirkstoffe CBD und Melatonin. Optimieren Sie hier Ihren Schlafzyklus...","robots":{"index":"index","follow":"follow","max-snippet":"max-snippet:-1","max-image-preview":"max-image-preview:large","max-video-preview":"max-video-preview:-1"},"canonical":"https:\/\/dutchmicrodosing.com\/de\/reformhaus\/schlaf-erganzungen\/cibdol-einschlafen-flussig-meladol-formula-30ml\/","og_locale":"de_DE","og_type":"article","og_title":"Cibdol Fall Asleep Liquid - Meladol Formel - 30ml","og_description":"Cibdol Fall Asleep Liquid - Meladol Formel in einer 30ml Packung kombiniert CBD und Melatonin, um Ihren Schlafzyklus zu optimieren. Diese liposomale","og_url":"https:\/\/dutchmicrodosing.com\/de\/reformhaus\/schlaf-erganzungen\/cibdol-einschlafen-flussig-meladol-formula-30ml\/","og_site_name":"Dutchmicrodosing","article_publisher":"https:\/\/www.facebook.com\/Dutchmicrodosingxp\/","article_modified_time":"2025-08-19T11:06:47+00:00","og_image":[{"width":528,"height":528,"url":"https:\/\/dutchmicrodosing.com\/wp-content\/uploads\/2024\/06\/meladol-melatonine-cbd.jpg","type":"image\/jpeg"}],"twitter_card":"summary_large_image","schema":{"@context":"https:\/\/schema.org","@graph":[{"@type":"WebPage","@id":"https:\/\/dutchmicrodosing.com\/de\/reformhaus\/schlaf-erganzungen\/cibdol-einschlafen-flussig-meladol-formula-30ml\/","url":"https:\/\/dutchmicrodosing.com\/de\/reformhaus\/schlaf-erganzungen\/cibdol-einschlafen-flussig-meladol-formula-30ml\/","name":"Cibdol Fall Asleep Liquid - Meladol Formel - 30ml - Dutchmicrodosing","isPartOf":{"@id":"https:\/\/dutchmicrodosing.com\/de\/#website"},"primaryImageOfPage":{"@id":"https:\/\/dutchmicrodosing.com\/de\/reformhaus\/schlaf-erganzungen\/cibdol-einschlafen-flussig-meladol-formula-30ml\/#primaryimage"},"image":{"@id":"https:\/\/dutchmicrodosing.com\/de\/reformhaus\/schlaf-erganzungen\/cibdol-einschlafen-flussig-meladol-formula-30ml\/#primaryimage"},"thumbnailUrl":"https:\/\/dutchmicrodosing.com\/wp-content\/uploads\/2024\/06\/meladol-melatonine-cbd.jpg","datePublished":"2024-06-21T07:24:02+00:00","dateModified":"2025-08-19T11:06:47+00:00","description":"Diese liposomale Formel f\u00f6rdert die schnelle Aufnahme der Wirkstoffe CBD und Melatonin. Optimieren Sie hier Ihren Schlafzyklus...","breadcrumb":{"@id":"https:\/\/dutchmicrodosing.com\/de\/reformhaus\/schlaf-erganzungen\/cibdol-einschlafen-flussig-meladol-formula-30ml\/#breadcrumb"},"inLanguage":"de","potentialAction":[{"@type":"ReadAction","target":["https:\/\/dutchmicrodosing.com\/de\/reformhaus\/schlaf-erganzungen\/cibdol-einschlafen-flussig-meladol-formula-30ml\/"]}]},{"@type":"ImageObject","inLanguage":"de","@id":"https:\/\/dutchmicrodosing.com\/de\/reformhaus\/schlaf-erganzungen\/cibdol-einschlafen-flussig-meladol-formula-30ml\/#primaryimage","url":"https:\/\/dutchmicrodosing.com\/wp-content\/uploads\/2024\/06\/meladol-melatonine-cbd.jpg","contentUrl":"https:\/\/dutchmicrodosing.com\/wp-content\/uploads\/2024\/06\/meladol-melatonine-cbd.jpg","width":528,"height":528},{"@type":"BreadcrumbList","@id":"https:\/\/dutchmicrodosing.com\/de\/reformhaus\/schlaf-erganzungen\/cibdol-einschlafen-flussig-meladol-formula-30ml\/#breadcrumb","itemListElement":[{"@type":"ListItem","position":1,"name":"Home","item":"https:\/\/dutchmicrodosing.com\/de\/"},{"@type":"ListItem","position":2,"name":"Shop","item":"https:\/\/dutchmicrodosing.com\/de\/shop\/"},{"@type":"ListItem","position":3,"name":"Cibdol Fall Asleep Liquid &#8211; Meladol Formel &#8211; 30ml"}]},{"@type":"WebSite","@id":"https:\/\/dutchmicrodosing.com\/de\/#website","url":"https:\/\/dutchmicrodosing.com\/de\/","name":"Dutchmicrodosing","description":"","publisher":{"@id":"https:\/\/dutchmicrodosing.com\/de\/#organization"},"potentialAction":[{"@type":"SearchAction","target":{"@type":"EntryPoint","urlTemplate":"https:\/\/dutchmicrodosing.com\/de\/?s={search_term_string}"},"query-input":{"@type":"PropertyValueSpecification","valueRequired":true,"valueName":"search_term_string"}}],"inLanguage":"de"},{"@type":"Organization","@id":"https:\/\/dutchmicrodosing.com\/de\/#organization","name":"Dutchmicrodosing","url":"https:\/\/dutchmicrodosing.com\/de\/","logo":{"@type":"ImageObject","inLanguage":"de","@id":"https:\/\/dutchmicrodosing.com\/de\/#\/schema\/logo\/image\/","url":"https:\/\/dutchmicrodosing.com\/wp-content\/uploads\/2021\/01\/microdosing-categorie-pic-nieuw.jpg","contentUrl":"https:\/\/dutchmicrodosing.com\/wp-content\/uploads\/2021\/01\/microdosing-categorie-pic-nieuw.jpg","width":500,"height":500,"caption":"Dutchmicrodosing"},"image":{"@id":"https:\/\/dutchmicrodosing.com\/de\/#\/schema\/logo\/image\/"},"sameAs":["https:\/\/www.facebook.com\/Dutchmicrodosingxp\/","https:\/\/www.instagram.com\/dutchmicrodosing\/"]}]},"product_price_amount":"24.95","product_price_currency":"EUR","og_availability":"instock","product_availability":"instock","product_retailer_item_id":"4206900","product_condition":"new"},"_links":{"self":[{"href":"https:\/\/dutchmicrodosing.com\/de\/wp-json\/wp\/v2\/product\/40528","targetHints":{"allow":["GET"]}}],"collection":[{"href":"https:\/\/dutchmicrodosing.com\/de\/wp-json\/wp\/v2\/product"}],"about":[{"href":"https:\/\/dutchmicrodosing.com\/de\/wp-json\/wp\/v2\/types\/product"}],"replies":[{"embeddable":true,"href":"https:\/\/dutchmicrodosing.com\/de\/wp-json\/wp\/v2\/comments?post=40528"}],"version-history":[{"count":0,"href":"https:\/\/dutchmicrodosing.com\/de\/wp-json\/wp\/v2\/product\/40528\/revisions"}],"wp:featuredmedia":[{"embeddable":true,"href":"https:\/\/dutchmicrodosing.com\/de\/wp-json\/wp\/v2\/media\/40431"}],"wp:attachment":[{"href":"https:\/\/dutchmicrodosing.com\/de\/wp-json\/wp\/v2\/media?parent=40528"}],"wp:term":[{"taxonomy":"product_brand","embeddable":true,"href":"https:\/\/dutchmicrodosing.com\/de\/wp-json\/wp\/v2\/product_brand?post=40528"},{"taxonomy":"product_cat","embeddable":true,"href":"https:\/\/dutchmicrodosing.com\/de\/wp-json\/wp\/v2\/product_cat?post=40528"},{"taxonomy":"product_tag","embeddable":true,"href":"https:\/\/dutchmicrodosing.com\/de\/wp-json\/wp\/v2\/product_tag?post=40528"}],"curies":[{"name":"wp","href":"https:\/\/api.w.org\/{rel}","templated":true}]}}