{"id":40758,"date":"2024-07-13T08:17:13","date_gmt":"2024-07-13T06:17:13","guid":{"rendered":"https:\/\/dutchmicrodosing.com\/?post_type=product&#038;p=40758"},"modified":"2025-09-15T14:59:57","modified_gmt":"2025-09-15T12:59:57","slug":"truthahnschwanz-trametes-versicolor-flussig-kultur-spray-20-ml","status":"publish","type":"product","link":"https:\/\/dutchmicrodosing.com\/de\/sporen-zauberpilze\/spritzen-fur-flussigkulturen\/truthahnschwanz-trametes-versicolor-flussig-kultur-spray-20-ml\/","title":{"rendered":"Truthahnschwanz (Trametes versicolor) Fl\u00fcssigkultur Spritze &#8211; 20 ML"},"content":{"rendered":"<p>Mit der <strong>Turkey Tail Liquid Culture Spritze<\/strong> k\u00f6nnen Sie Turkey Tail Pilze zu Hause einfach und schnell z\u00fcchten. Diese Spritze enth\u00e4lt bereits entwickeltes Mycelium, das ein schnelleres und konsistenteres Wachstum als herk\u00f6mmliche Sporenl\u00f6sungen f\u00f6rdert. Der Inhalt der Spritze ist speziell f\u00fcr die Besiedlung von Substraten gedacht und nicht f\u00fcr den direkten Verzehr bestimmt. Ein gro\u00dfer Vorteil der Fl\u00fcssigkultur ist, dass sich das Myzel gleichm\u00e4\u00dfig in einem Substrat wie Getreide ausbreitet, was zu einer beschleunigten Besiedlung des Mediums f\u00fchrt.<\/p>\n<p>Turkey Tail, wissenschaftlich bekannt als Trametes versicolor oder Coriolus versicolor, ist ein farbenfroher Pilz, der dem Federschwanz eines Truthahns \u00e4hnelt, was seinen englischen Namen erkl\u00e4rt. In den Niederlanden ist sie als Elfenbankje bekannt, wahrscheinlich wegen ihres mehrschichtigen und vielfarbigen Aussehens. Dieser Blickfang ist mehr als nur h\u00fcbsch. Traditionell wird der Truthahnschwanz seit Jahrhunderten in Asien gesch\u00e4tzt, insbesondere in China und Japan, wo er in der traditionellen Medizin verwendet wurde. Der uralte Glaube an seine Kraft wird heute durch moderne wissenschaftliche Forschung in Asien gest\u00fctzt, so dass der Pilz dort nach wie vor beliebt ist. Die enthaltenen Phenole, wie z.B. Flavonoide, sind nur einige der n\u00fctzlichen Inhaltsstoffe von Turkey Tail. Am bekanntesten ist er jedoch f\u00fcr das Vorhandensein von Polysaccharid-K (PSK) und Polysaccharid-Peptiden (PSP), Substanzen, die in der Forschung \u00fcber ihre potenziellen gesundheitlichen Vorteile besondere Aufmerksamkeit erhalten haben.<\/p>\n<h3><strong>Inhalt<\/strong><\/h3>\n<p>Zum weiteren Schutz vor Verunreinigungen werden diese Artikel in einen Zip-Lock-Beutel verpackt.<\/p>\n<ul>\n<li>1x 20ml Fl\u00fcssigkultur in einer Spritze<\/li>\n<li>1x Alkoholtuch<\/li>\n<li>1x sterile Nadel<\/li>\n<\/ul>\n<h3><strong>Verwenden Sie<\/strong><\/h3>\n<ul>\n<li>Geben Sie 1-2ml pro 1L Glas sterilisiertes Getreide hinzu.<\/li>\n<li>Sch\u00fctteln Sie die fl\u00fcssige Kultur vor Gebrauch gut durch; das Truthahnschwanzmyzel kann verklumpen.<\/li>\n<\/ul>\n<h4><strong>Nach Gebrauch<\/strong><\/h4>\n<ul>\n<li>Wieder im K\u00fchlschrank aufbewahren.<\/li>\n<li>Trocknen Sie die Nadel gr\u00fcndlich mit einem neuen Alkoholtuch ab, bevor Sie die Schutzkappe wieder aufsetzen, um Rost zu vermeiden.<\/li>\n<li>Optional: Verwenden Sie ein Feuerzeug, um die Nadel zu erhitzen und eventuelles Restwasser zu verdampfen. Lassen Sie es dann abk\u00fchlen, bevor Sie den Deckel wieder aufsetzen.<\/li>\n<li>Geben Sie die fl\u00fcssige Kultur zum Schutz in einen Ziplock-Beutel und stellen Sie sie wieder in den K\u00fchlschrank.<\/li>\n<\/ul>\n<p>Diese Hinweise gew\u00e4hrleisten, dass die Fl\u00fcssigkultur m\u00f6glichst lange wirksam und verwendbar bleibt.<\/p>\n<h3>Auf welchem Substrat wachsen wir?<\/h3>\n<p>Laubholz (Buche, Eiche, gelbbraune Eiche, Erle, Pappel, Ulme, Eisenholz, Apfel, Kirsche und andere Obstb\u00e4ume)<\/p>\n<h4>Anbaubedingungen<\/h4>\n<ul>\n<li>Phase 1: Myzelwachstum<\/li>\n<li>Temperatur: 24 &#8211; 29\u00b0C<\/li>\n<li>Luftfeuchtigkeit: 90 &#8211; 100%<\/li>\n<li>Dauer: 14 &#8211; 21 Tage<\/li>\n<li>Licht: k.A.<\/li>\n<\/ul>\n<h4>Stufe 2: Primordienbildung\/Fruchtbildung<\/h4>\n<ul>\n<li>Temperatur: 10 &#8211; 24 (bis zu 27) \u00b0C<\/li>\n<li>Luftfeuchtigkeit: 95 &#8211; 100%<\/li>\n<li>Dauer: 7 &#8211; 14 Tage<\/li>\n<li>Licht: 500 &#8211; 2.000 Lux<\/li>\n<\/ul>\n<h4>Phase 3: Fruchtbildung und Ernte<\/h4>\n<ul>\n<li>Temperatur: 18 &#8211; 24\u00b0C<\/li>\n<li>Luftfeuchtigkeit: 85 &#8211; 90 (95) %.<\/li>\n<li>Dauer: 45 &#8211; 70 Tage<\/li>\n<li>Licht: 500 &#8211; 2.000 Lux<\/li>\n<li>Erntezyklus: zwei bis drei Fl\u00fcge\/Bl\u00fcten \u00fcber drei Monate<\/li>\n<\/ul>\n<h3><strong>Hinweise zur Lagerung<\/strong><\/h3>\n<ul>\n<li>Verwenden Sie die Fl\u00fcssigkultur innerhalb von 2 Monaten.<\/li>\n<li>Lagern Sie es im K\u00fchlschrank oder an einem anderen k\u00fchlen, dunklen Ort.<\/li>\n<li>Vermeiden Sie die Einwirkung von UV-Licht.<\/li>\n<\/ul>\n","protected":false},"excerpt":{"rendered":"<p>Mit der Turkey Tail Liquid Culture Spritze k\u00f6nnen Sie Turkey Tail Pilze zu Hause einfach und schnell z\u00fcchten. Diese Spritze enth\u00e4lt bereits entwickeltes Mycelium, das ein schnelleres und konsistenteres Wachstum als herk\u00f6mmliche Sporenl\u00f6sungen f\u00f6rdert. Der Inhalt der Spritze ist speziell f\u00fcr die Besiedlung von Substraten gedacht und nicht f\u00fcr den direkten Verzehr bestimmt. Ein gro\u00dfer [&hellip;]<\/p>\n","protected":false},"featured_media":27917,"comment_status":"closed","ping_status":"closed","template":"","meta":[],"product_brand":[],"product_cat":[114,356],"product_tag":[],"class_list":{"0":"post-40758","1":"product","2":"type-product","3":"status-publish","4":"has-post-thumbnail","6":"product_cat-medizinische-pilze","7":"product_cat-spritzen-fur-flussigkulturen","9":"first","10":"outofstock","11":"taxable","12":"shipping-taxable","13":"purchasable","14":"product-type-simple"},"yoast_head":"<!-- This site is optimized with the Yoast SEO Premium plugin v26.4 (Yoast SEO v27.4) - https:\/\/yoast.com\/product\/yoast-seo-premium-wordpress\/ -->\n<title>Truthahnschwanz (Trametes versicolor) Fl\u00fcssigkultur Spritze - 20 ML - Dutchmicrodosing<\/title>\n<meta name=\"robots\" content=\"index, follow, max-snippet:-1, max-image-preview:large, max-video-preview:-1\" \/>\n<link rel=\"canonical\" href=\"https:\/\/dutchmicrodosing.com\/de\/sporen-zauberpilze\/spritzen-fur-flussigkulturen\/truthahnschwanz-trametes-versicolor-flussig-kultur-spray-20-ml\/\" \/>\n<meta property=\"og:locale\" content=\"de_DE\" \/>\n<meta property=\"og:type\" content=\"article\" \/>\n<meta property=\"og:title\" content=\"Truthahnschwanz (Trametes versicolor) Fl\u00fcssigkultur Spritze - 20 ML\" \/>\n<meta property=\"og:description\" content=\"Mit der Turkey Tail Liquid Culture Spritze k\u00f6nnen Sie Turkey Tail Pilze zu Hause einfach und schnell z\u00fcchten. Diese Spritze enth\u00e4lt bereits entwickeltes\" \/>\n<meta property=\"og:url\" content=\"https:\/\/dutchmicrodosing.com\/de\/sporen-zauberpilze\/spritzen-fur-flussigkulturen\/truthahnschwanz-trametes-versicolor-flussig-kultur-spray-20-ml\/\" \/>\n<meta property=\"og:site_name\" content=\"Dutchmicrodosing\" \/>\n<meta property=\"article:publisher\" content=\"https:\/\/www.facebook.com\/Dutchmicrodosingxp\/\" \/>\n<meta property=\"article:modified_time\" content=\"2025-09-15T12:59:57+00:00\" \/>\n<meta property=\"og:image\" content=\"https:\/\/dutchmicrodosing.com\/wp-content\/uploads\/2023\/09\/turkey-tail-hoekpolder-002.jpg\" \/>\n\t<meta property=\"og:image:width\" content=\"1000\" \/>\n\t<meta property=\"og:image:height\" content=\"1000\" \/>\n\t<meta property=\"og:image:type\" content=\"image\/jpeg\" \/>\n<meta name=\"twitter:card\" content=\"summary_large_image\" \/>\n<script type=\"application\/ld+json\" class=\"yoast-schema-graph\">{\"@context\":\"https:\\\/\\\/schema.org\",\"@graph\":[{\"@type\":\"WebPage\",\"@id\":\"https:\\\/\\\/dutchmicrodosing.com\\\/de\\\/sporen-zauberpilze\\\/spritzen-fur-flussigkulturen\\\/truthahnschwanz-trametes-versicolor-flussig-kultur-spray-20-ml\\\/\",\"url\":\"https:\\\/\\\/dutchmicrodosing.com\\\/de\\\/sporen-zauberpilze\\\/spritzen-fur-flussigkulturen\\\/truthahnschwanz-trametes-versicolor-flussig-kultur-spray-20-ml\\\/\",\"name\":\"Truthahnschwanz (Trametes versicolor) Fl\u00fcssigkultur Spritze - 20 ML - Dutchmicrodosing\",\"isPartOf\":{\"@id\":\"https:\\\/\\\/dutchmicrodosing.com\\\/de\\\/#website\"},\"primaryImageOfPage\":{\"@id\":\"https:\\\/\\\/dutchmicrodosing.com\\\/de\\\/sporen-zauberpilze\\\/spritzen-fur-flussigkulturen\\\/truthahnschwanz-trametes-versicolor-flussig-kultur-spray-20-ml\\\/#primaryimage\"},\"image\":{\"@id\":\"https:\\\/\\\/dutchmicrodosing.com\\\/de\\\/sporen-zauberpilze\\\/spritzen-fur-flussigkulturen\\\/truthahnschwanz-trametes-versicolor-flussig-kultur-spray-20-ml\\\/#primaryimage\"},\"thumbnailUrl\":\"https:\\\/\\\/dutchmicrodosing.com\\\/wp-content\\\/uploads\\\/2023\\\/09\\\/turkey-tail-hoekpolder-002.jpg\",\"datePublished\":\"2024-07-13T06:17:13+00:00\",\"dateModified\":\"2025-09-15T12:59:57+00:00\",\"breadcrumb\":{\"@id\":\"https:\\\/\\\/dutchmicrodosing.com\\\/de\\\/sporen-zauberpilze\\\/spritzen-fur-flussigkulturen\\\/truthahnschwanz-trametes-versicolor-flussig-kultur-spray-20-ml\\\/#breadcrumb\"},\"inLanguage\":\"de\",\"potentialAction\":[{\"@type\":\"ReadAction\",\"target\":[\"https:\\\/\\\/dutchmicrodosing.com\\\/de\\\/sporen-zauberpilze\\\/spritzen-fur-flussigkulturen\\\/truthahnschwanz-trametes-versicolor-flussig-kultur-spray-20-ml\\\/\"]}]},{\"@type\":\"ImageObject\",\"inLanguage\":\"de\",\"@id\":\"https:\\\/\\\/dutchmicrodosing.com\\\/de\\\/sporen-zauberpilze\\\/spritzen-fur-flussigkulturen\\\/truthahnschwanz-trametes-versicolor-flussig-kultur-spray-20-ml\\\/#primaryimage\",\"url\":\"https:\\\/\\\/dutchmicrodosing.com\\\/wp-content\\\/uploads\\\/2023\\\/09\\\/turkey-tail-hoekpolder-002.jpg\",\"contentUrl\":\"https:\\\/\\\/dutchmicrodosing.com\\\/wp-content\\\/uploads\\\/2023\\\/09\\\/turkey-tail-hoekpolder-002.jpg\",\"width\":1000,\"height\":1000},{\"@type\":\"BreadcrumbList\",\"@id\":\"https:\\\/\\\/dutchmicrodosing.com\\\/de\\\/sporen-zauberpilze\\\/spritzen-fur-flussigkulturen\\\/truthahnschwanz-trametes-versicolor-flussig-kultur-spray-20-ml\\\/#breadcrumb\",\"itemListElement\":[{\"@type\":\"ListItem\",\"position\":1,\"name\":\"Home\",\"item\":\"https:\\\/\\\/dutchmicrodosing.com\\\/de\\\/\"},{\"@type\":\"ListItem\",\"position\":2,\"name\":\"Shop\",\"item\":\"https:\\\/\\\/dutchmicrodosing.com\\\/de\\\/shop\\\/\"},{\"@type\":\"ListItem\",\"position\":3,\"name\":\"Truthahnschwanz (Trametes versicolor) Fl\u00fcssigkultur Spritze &#8211; 20 ML\"}]},{\"@type\":\"WebSite\",\"@id\":\"https:\\\/\\\/dutchmicrodosing.com\\\/de\\\/#website\",\"url\":\"https:\\\/\\\/dutchmicrodosing.com\\\/de\\\/\",\"name\":\"Dutchmicrodosing\",\"description\":\"\",\"publisher\":{\"@id\":\"https:\\\/\\\/dutchmicrodosing.com\\\/de\\\/#organization\"},\"potentialAction\":[{\"@type\":\"SearchAction\",\"target\":{\"@type\":\"EntryPoint\",\"urlTemplate\":\"https:\\\/\\\/dutchmicrodosing.com\\\/de\\\/?s={search_term_string}\"},\"query-input\":{\"@type\":\"PropertyValueSpecification\",\"valueRequired\":true,\"valueName\":\"search_term_string\"}}],\"inLanguage\":\"de\"},{\"@type\":\"Organization\",\"@id\":\"https:\\\/\\\/dutchmicrodosing.com\\\/de\\\/#organization\",\"name\":\"Dutchmicrodosing\",\"url\":\"https:\\\/\\\/dutchmicrodosing.com\\\/de\\\/\",\"logo\":{\"@type\":\"ImageObject\",\"inLanguage\":\"de\",\"@id\":\"https:\\\/\\\/dutchmicrodosing.com\\\/de\\\/#\\\/schema\\\/logo\\\/image\\\/\",\"url\":\"https:\\\/\\\/dutchmicrodosing.com\\\/wp-content\\\/uploads\\\/2021\\\/01\\\/microdosing-categorie-pic-nieuw.jpg\",\"contentUrl\":\"https:\\\/\\\/dutchmicrodosing.com\\\/wp-content\\\/uploads\\\/2021\\\/01\\\/microdosing-categorie-pic-nieuw.jpg\",\"width\":500,\"height\":500,\"caption\":\"Dutchmicrodosing\"},\"image\":{\"@id\":\"https:\\\/\\\/dutchmicrodosing.com\\\/de\\\/#\\\/schema\\\/logo\\\/image\\\/\"},\"sameAs\":[\"https:\\\/\\\/www.facebook.com\\\/Dutchmicrodosingxp\\\/\",\"https:\\\/\\\/www.instagram.com\\\/dutchmicrodosing\\\/\"]}]}<\/script>\n<meta property=\"product:price:amount\" content=\"15.95\" \/>\n<meta property=\"product:price:currency\" content=\"EUR\" \/>\n<meta property=\"og:availability\" content=\"out of stock\" \/>\n<meta property=\"product:availability\" content=\"out of stock\" \/>\n<meta property=\"product:retailer_item_id\" content=\"4206687\" \/>\n<meta property=\"product:condition\" content=\"new\" \/>\n<!-- \/ Yoast SEO Premium plugin. -->","yoast_head_json":{"title":"Truthahnschwanz (Trametes versicolor) Fl\u00fcssigkultur Spritze - 20 ML - Dutchmicrodosing","robots":{"index":"index","follow":"follow","max-snippet":"max-snippet:-1","max-image-preview":"max-image-preview:large","max-video-preview":"max-video-preview:-1"},"canonical":"https:\/\/dutchmicrodosing.com\/de\/sporen-zauberpilze\/spritzen-fur-flussigkulturen\/truthahnschwanz-trametes-versicolor-flussig-kultur-spray-20-ml\/","og_locale":"de_DE","og_type":"article","og_title":"Truthahnschwanz (Trametes versicolor) Fl\u00fcssigkultur Spritze - 20 ML","og_description":"Mit der Turkey Tail Liquid Culture Spritze k\u00f6nnen Sie Turkey Tail Pilze zu Hause einfach und schnell z\u00fcchten. Diese Spritze enth\u00e4lt bereits entwickeltes","og_url":"https:\/\/dutchmicrodosing.com\/de\/sporen-zauberpilze\/spritzen-fur-flussigkulturen\/truthahnschwanz-trametes-versicolor-flussig-kultur-spray-20-ml\/","og_site_name":"Dutchmicrodosing","article_publisher":"https:\/\/www.facebook.com\/Dutchmicrodosingxp\/","article_modified_time":"2025-09-15T12:59:57+00:00","og_image":[{"width":1000,"height":1000,"url":"https:\/\/dutchmicrodosing.com\/wp-content\/uploads\/2023\/09\/turkey-tail-hoekpolder-002.jpg","type":"image\/jpeg"}],"twitter_card":"summary_large_image","schema":{"@context":"https:\/\/schema.org","@graph":[{"@type":"WebPage","@id":"https:\/\/dutchmicrodosing.com\/de\/sporen-zauberpilze\/spritzen-fur-flussigkulturen\/truthahnschwanz-trametes-versicolor-flussig-kultur-spray-20-ml\/","url":"https:\/\/dutchmicrodosing.com\/de\/sporen-zauberpilze\/spritzen-fur-flussigkulturen\/truthahnschwanz-trametes-versicolor-flussig-kultur-spray-20-ml\/","name":"Truthahnschwanz (Trametes versicolor) Fl\u00fcssigkultur Spritze - 20 ML - Dutchmicrodosing","isPartOf":{"@id":"https:\/\/dutchmicrodosing.com\/de\/#website"},"primaryImageOfPage":{"@id":"https:\/\/dutchmicrodosing.com\/de\/sporen-zauberpilze\/spritzen-fur-flussigkulturen\/truthahnschwanz-trametes-versicolor-flussig-kultur-spray-20-ml\/#primaryimage"},"image":{"@id":"https:\/\/dutchmicrodosing.com\/de\/sporen-zauberpilze\/spritzen-fur-flussigkulturen\/truthahnschwanz-trametes-versicolor-flussig-kultur-spray-20-ml\/#primaryimage"},"thumbnailUrl":"https:\/\/dutchmicrodosing.com\/wp-content\/uploads\/2023\/09\/turkey-tail-hoekpolder-002.jpg","datePublished":"2024-07-13T06:17:13+00:00","dateModified":"2025-09-15T12:59:57+00:00","breadcrumb":{"@id":"https:\/\/dutchmicrodosing.com\/de\/sporen-zauberpilze\/spritzen-fur-flussigkulturen\/truthahnschwanz-trametes-versicolor-flussig-kultur-spray-20-ml\/#breadcrumb"},"inLanguage":"de","potentialAction":[{"@type":"ReadAction","target":["https:\/\/dutchmicrodosing.com\/de\/sporen-zauberpilze\/spritzen-fur-flussigkulturen\/truthahnschwanz-trametes-versicolor-flussig-kultur-spray-20-ml\/"]}]},{"@type":"ImageObject","inLanguage":"de","@id":"https:\/\/dutchmicrodosing.com\/de\/sporen-zauberpilze\/spritzen-fur-flussigkulturen\/truthahnschwanz-trametes-versicolor-flussig-kultur-spray-20-ml\/#primaryimage","url":"https:\/\/dutchmicrodosing.com\/wp-content\/uploads\/2023\/09\/turkey-tail-hoekpolder-002.jpg","contentUrl":"https:\/\/dutchmicrodosing.com\/wp-content\/uploads\/2023\/09\/turkey-tail-hoekpolder-002.jpg","width":1000,"height":1000},{"@type":"BreadcrumbList","@id":"https:\/\/dutchmicrodosing.com\/de\/sporen-zauberpilze\/spritzen-fur-flussigkulturen\/truthahnschwanz-trametes-versicolor-flussig-kultur-spray-20-ml\/#breadcrumb","itemListElement":[{"@type":"ListItem","position":1,"name":"Home","item":"https:\/\/dutchmicrodosing.com\/de\/"},{"@type":"ListItem","position":2,"name":"Shop","item":"https:\/\/dutchmicrodosing.com\/de\/shop\/"},{"@type":"ListItem","position":3,"name":"Truthahnschwanz (Trametes versicolor) Fl\u00fcssigkultur Spritze &#8211; 20 ML"}]},{"@type":"WebSite","@id":"https:\/\/dutchmicrodosing.com\/de\/#website","url":"https:\/\/dutchmicrodosing.com\/de\/","name":"Dutchmicrodosing","description":"","publisher":{"@id":"https:\/\/dutchmicrodosing.com\/de\/#organization"},"potentialAction":[{"@type":"SearchAction","target":{"@type":"EntryPoint","urlTemplate":"https:\/\/dutchmicrodosing.com\/de\/?s={search_term_string}"},"query-input":{"@type":"PropertyValueSpecification","valueRequired":true,"valueName":"search_term_string"}}],"inLanguage":"de"},{"@type":"Organization","@id":"https:\/\/dutchmicrodosing.com\/de\/#organization","name":"Dutchmicrodosing","url":"https:\/\/dutchmicrodosing.com\/de\/","logo":{"@type":"ImageObject","inLanguage":"de","@id":"https:\/\/dutchmicrodosing.com\/de\/#\/schema\/logo\/image\/","url":"https:\/\/dutchmicrodosing.com\/wp-content\/uploads\/2021\/01\/microdosing-categorie-pic-nieuw.jpg","contentUrl":"https:\/\/dutchmicrodosing.com\/wp-content\/uploads\/2021\/01\/microdosing-categorie-pic-nieuw.jpg","width":500,"height":500,"caption":"Dutchmicrodosing"},"image":{"@id":"https:\/\/dutchmicrodosing.com\/de\/#\/schema\/logo\/image\/"},"sameAs":["https:\/\/www.facebook.com\/Dutchmicrodosingxp\/","https:\/\/www.instagram.com\/dutchmicrodosing\/"]}]},"product_price_amount":"15.95","product_price_currency":"EUR","og_availability":"out of stock","product_availability":"out of stock","product_retailer_item_id":"4206687","product_condition":"new"},"_links":{"self":[{"href":"https:\/\/dutchmicrodosing.com\/de\/wp-json\/wp\/v2\/product\/40758","targetHints":{"allow":["GET"]}}],"collection":[{"href":"https:\/\/dutchmicrodosing.com\/de\/wp-json\/wp\/v2\/product"}],"about":[{"href":"https:\/\/dutchmicrodosing.com\/de\/wp-json\/wp\/v2\/types\/product"}],"replies":[{"embeddable":true,"href":"https:\/\/dutchmicrodosing.com\/de\/wp-json\/wp\/v2\/comments?post=40758"}],"version-history":[{"count":0,"href":"https:\/\/dutchmicrodosing.com\/de\/wp-json\/wp\/v2\/product\/40758\/revisions"}],"wp:featuredmedia":[{"embeddable":true,"href":"https:\/\/dutchmicrodosing.com\/de\/wp-json\/wp\/v2\/media\/27917"}],"wp:attachment":[{"href":"https:\/\/dutchmicrodosing.com\/de\/wp-json\/wp\/v2\/media?parent=40758"}],"wp:term":[{"taxonomy":"product_brand","embeddable":true,"href":"https:\/\/dutchmicrodosing.com\/de\/wp-json\/wp\/v2\/product_brand?post=40758"},{"taxonomy":"product_cat","embeddable":true,"href":"https:\/\/dutchmicrodosing.com\/de\/wp-json\/wp\/v2\/product_cat?post=40758"},{"taxonomy":"product_tag","embeddable":true,"href":"https:\/\/dutchmicrodosing.com\/de\/wp-json\/wp\/v2\/product_tag?post=40758"}],"curies":[{"name":"wp","href":"https:\/\/api.w.org\/{rel}","templated":true}]}}