{"id":40790,"date":"2024-07-13T08:45:25","date_gmt":"2024-07-13T06:45:25","guid":{"rendered":"https:\/\/dutchmicrodosing.com\/shop\/unkategorisiert\/roter-reishi-ganoderma-lucidum-flussig-kultur-spray-20-ml\/"},"modified":"2025-09-22T13:49:25","modified_gmt":"2025-09-22T11:49:25","slug":"roter-reishi-ganoderma-lucidum-flussig-kultur-spray-20-ml","status":"publish","type":"product","link":"https:\/\/dutchmicrodosing.com\/de\/sporen-zauberpilze\/spritzen-fur-flussigkulturen\/roter-reishi-ganoderma-lucidum-flussig-kultur-spray-20-ml\/","title":{"rendered":"Roter Reishi (Ganoderma lucidum) Fl\u00fcssigkultur Spritze &#8211; 20 ML"},"content":{"rendered":"<p><strong>Red Reishi Liquid Culture<\/strong> wird aus reinen Pilzkulturen hergestellt und verwendet Malz- und Hefeextrakte von h\u00f6chster Qualit\u00e4t. Fl\u00fcssiges Myzel aus reinen Pilzkulturen ist viel effektiver als fl\u00fcssige Kulturen aus Sporen. Der Vorteil der Fl\u00fcssigkultur ist, dass sie sich viel gleichm\u00e4\u00dfiger in einem Topf mit Getreide ausbreitet und Sie eine schnellere Besiedlung des Getreides erreichen. Der Inhalt der Spritze ist nur zur Besiedlung von Substraten und nicht zum direkten Verzehr bestimmt. Erleben Sie ein k\u00f6nigliches Gef\u00fchl mit dem Roten Reishi-Pilz, der in der traditionellen chinesischen Medizin auch &#8218;Pilz der Unsterblichkeit&#8216; genannt wird. Seit mehr als 2.000 Jahren genie\u00dft dieser Pilz in der chinesischen Medizin hohes Ansehen. Diese Wertsch\u00e4tzung ist auf sein reiches Vorkommen an nat\u00fcrlichen Vitaminen, N\u00e4hrstoffen und Adaptogenen zur\u00fcckzuf\u00fchren.<\/p>\n<h3>Inhalt<\/h3>\n<p>Zum weiteren Schutz vor Verunreinigungen werden diese Artikel in einen Zip-Lock-Beutel verpackt.<\/p>\n<ul>\n<li>1x 20ml Fl\u00fcssigkultur in einer Spritze<\/li>\n<li>1x Alkoholtuch<\/li>\n<li>1x sterile Nadel<\/li>\n<\/ul>\n<h3><strong>Verwenden Sie<\/strong><\/h3>\n<ul>\n<li>Geben Sie 1-2ml pro 1L Glas sterilisiertes Getreide hinzu.<\/li>\n<li>Sch\u00fctteln Sie die Fl\u00fcssigkultur vor dem Gebrauch gut. Der Rote Reishi w\u00e4chst langsam und manchmal unregelm\u00e4\u00dfig. Es mag so aussehen, als w\u00fcrde kein Wachstum stattfinden, aber der Prozess hat wahrscheinlich bereits begonnen.<\/li>\n<\/ul>\n<h4><strong>Nach<\/strong> Gebrauch<\/h4>\n<ul>\n<li>Wieder im K\u00fchlschrank aufbewahren.<\/li>\n<li>Trocknen Sie die Nadel gr\u00fcndlich mit einem neuen Alkoholtuch ab, bevor Sie die Schutzkappe wieder aufsetzen, um Rost zu vermeiden.<\/li>\n<li>Optional: Verwenden Sie ein Feuerzeug, um die Nadel zu erhitzen und eventuelles Restwasser zu verdampfen. Lassen Sie es dann abk\u00fchlen, bevor Sie den Deckel wieder aufsetzen.<\/li>\n<li>Geben Sie die fl\u00fcssige Kultur zum Schutz in einen Ziplock-Beutel und stellen Sie sie wieder in den K\u00fchlschrank.<\/li>\n<\/ul>\n<p>Diese Hinweise gew\u00e4hrleisten, dass die Fl\u00fcssigkultur m\u00f6glichst lange wirksam und verwendbar bleibt.<\/p>\n<h3>Auf welchem Substrat wachsen wir<\/h3>\n<p>Die Antwort ist Hartholz (am besten geeignet: Eiche, Buche, Birke, Erle). Wenn Sie eine nat\u00fcrlichere Methode bevorzugen, k\u00f6nnen Sie den Roten Reishi auch im Freien direkt auf Hartholzst\u00e4mmen anbauen.<\/p>\n<h3>Phase 1: Wachstumsbedingungen<\/h3>\n<p>Phase 1: Myzelwachstum<br \/>\nTemperatur: 21 &#8211; 27\u00b0C<br \/>\nLuftfeuchtigkeit: 95 &#8211; 100%<br \/>\nDauer: 10 &#8211; 20 Tage<br \/>\nLicht: k.A.<\/p>\n<h3>Stufe 2: Primordienbildung\/Fruchtbildung<\/h3>\n<p>(F\u00fcr die Gleichm\u00e4\u00dfigkeit des Geweihs in einem versiegelten Beutel).<br \/>\nTemperatur: 18 &#8211; 24\u00b0C<br \/>\nLuftfeuchtigkeit: 95 &#8211; 100%<br \/>\nDauer: 14 &#8211; 28 Tage<br \/>\nLicht: 200 &#8211; 500 Lux f\u00fcr 4 &#8211; 8 Stunden pro Tag<\/p>\n<h3>Phase 3: Beginn der Fruchtbildung<\/h3>\n<p>(F\u00fcr den Anbau von Zapfenbildung in offenen S\u00e4cken.)<br \/>\nTemperatur: 21 &#8211; 27 \u00b0C<br \/>\nLuftfeuchtigkeit: 95 &#8211; 100%<br \/>\nDauer: 14 &#8211; 28 Tage<br \/>\nLicht: 750 &#8211; 1.500 Lux f\u00fcr 12 Stunden pro Tag<\/p>\n<h3>Phase 4: Fruchtbildung und Ernte<\/h3>\n<p>Temperatur: 21 &#8211; 27 \u00b0C<br \/>\nLuftfeuchtigkeit: 80 &#8211; 85%<br \/>\nDauer: 60 Tage<br \/>\nLicht: 750 &#8211; 1.500 Lux<br \/>\nAnbauzyklus: 1 &#8211; 2 Ernten innerhalb von 90 &#8211; 120 Tagen<\/p>\n<h3>Hinweise zur Lagerung<\/h3>\n<ul>\n<li>Verwenden Sie die Fl\u00fcssigkultur innerhalb von 2 Monaten.<\/li>\n<li>Lagern Sie es im K\u00fchlschrank oder an einem anderen k\u00fchlen, dunklen Ort.<\/li>\n<li>Vermeiden Sie die Einwirkung von UV-Licht.<\/li>\n<\/ul>\n","protected":false},"excerpt":{"rendered":"<p>Red Reishi Liquid Culture wird aus reinen Pilzkulturen hergestellt und verwendet Malz- und Hefeextrakte von h\u00f6chster Qualit\u00e4t. Fl\u00fcssiges Myzel aus reinen Pilzkulturen ist viel effektiver als fl\u00fcssige Kulturen aus Sporen. Der Vorteil der Fl\u00fcssigkultur ist, dass sie sich viel gleichm\u00e4\u00dfiger in einem Topf mit Getreide ausbreitet und Sie eine schnellere Besiedlung des Getreides erreichen. Der [&hellip;]<\/p>\n","protected":false},"featured_media":27911,"comment_status":"closed","ping_status":"closed","template":"","meta":[],"product_brand":[],"product_cat":[356,114],"product_tag":[],"class_list":{"0":"post-40790","1":"product","2":"type-product","3":"status-publish","4":"has-post-thumbnail","6":"product_cat-spritzen-fur-flussigkulturen","7":"product_cat-medizinische-pilze","9":"first","10":"outofstock","11":"taxable","12":"shipping-taxable","13":"purchasable","14":"product-type-simple"},"yoast_head":"<!-- This site is optimized with the Yoast SEO Premium plugin v26.4 (Yoast SEO v27.4) - https:\/\/yoast.com\/product\/yoast-seo-premium-wordpress\/ -->\n<title>Roter Reishi (Ganoderma lucidum) Fl\u00fcssigkultur Spritze - 20 ML - Dutchmicrodosing<\/title>\n<meta name=\"robots\" content=\"index, follow, max-snippet:-1, max-image-preview:large, max-video-preview:-1\" \/>\n<link rel=\"canonical\" href=\"https:\/\/dutchmicrodosing.com\/de\/sporen-zauberpilze\/spritzen-fur-flussigkulturen\/roter-reishi-ganoderma-lucidum-flussig-kultur-spray-20-ml\/\" \/>\n<meta property=\"og:locale\" content=\"de_DE\" \/>\n<meta property=\"og:type\" content=\"article\" \/>\n<meta property=\"og:title\" content=\"Roter Reishi (Ganoderma lucidum) Fl\u00fcssigkultur Spritze - 20 ML\" \/>\n<meta property=\"og:description\" content=\"Red Reishi Liquid Culture wird aus reinen Pilzkulturen hergestellt und verwendet Malz- und Hefeextrakte von h\u00f6chster Qualit\u00e4t. Fl\u00fcssiges Myzel aus reinen\" \/>\n<meta property=\"og:url\" content=\"https:\/\/dutchmicrodosing.com\/de\/sporen-zauberpilze\/spritzen-fur-flussigkulturen\/roter-reishi-ganoderma-lucidum-flussig-kultur-spray-20-ml\/\" \/>\n<meta property=\"og:site_name\" content=\"Dutchmicrodosing\" \/>\n<meta property=\"article:publisher\" content=\"https:\/\/www.facebook.com\/Dutchmicrodosingxp\/\" \/>\n<meta property=\"article:modified_time\" content=\"2025-09-22T11:49:25+00:00\" \/>\n<meta property=\"og:image\" content=\"https:\/\/dutchmicrodosing.com\/wp-content\/uploads\/2023\/09\/red-reishi-hoekpolder-002.jpg\" \/>\n\t<meta property=\"og:image:width\" content=\"1000\" \/>\n\t<meta property=\"og:image:height\" content=\"1000\" \/>\n\t<meta property=\"og:image:type\" content=\"image\/jpeg\" \/>\n<meta name=\"twitter:card\" content=\"summary_large_image\" \/>\n<script type=\"application\/ld+json\" class=\"yoast-schema-graph\">{\"@context\":\"https:\\\/\\\/schema.org\",\"@graph\":[{\"@type\":\"WebPage\",\"@id\":\"https:\\\/\\\/dutchmicrodosing.com\\\/de\\\/sporen-zauberpilze\\\/spritzen-fur-flussigkulturen\\\/roter-reishi-ganoderma-lucidum-flussig-kultur-spray-20-ml\\\/\",\"url\":\"https:\\\/\\\/dutchmicrodosing.com\\\/de\\\/sporen-zauberpilze\\\/spritzen-fur-flussigkulturen\\\/roter-reishi-ganoderma-lucidum-flussig-kultur-spray-20-ml\\\/\",\"name\":\"Roter Reishi (Ganoderma lucidum) Fl\u00fcssigkultur Spritze - 20 ML - Dutchmicrodosing\",\"isPartOf\":{\"@id\":\"https:\\\/\\\/dutchmicrodosing.com\\\/de\\\/#website\"},\"primaryImageOfPage\":{\"@id\":\"https:\\\/\\\/dutchmicrodosing.com\\\/de\\\/sporen-zauberpilze\\\/spritzen-fur-flussigkulturen\\\/roter-reishi-ganoderma-lucidum-flussig-kultur-spray-20-ml\\\/#primaryimage\"},\"image\":{\"@id\":\"https:\\\/\\\/dutchmicrodosing.com\\\/de\\\/sporen-zauberpilze\\\/spritzen-fur-flussigkulturen\\\/roter-reishi-ganoderma-lucidum-flussig-kultur-spray-20-ml\\\/#primaryimage\"},\"thumbnailUrl\":\"https:\\\/\\\/dutchmicrodosing.com\\\/wp-content\\\/uploads\\\/2023\\\/09\\\/red-reishi-hoekpolder-002.jpg\",\"datePublished\":\"2024-07-13T06:45:25+00:00\",\"dateModified\":\"2025-09-22T11:49:25+00:00\",\"breadcrumb\":{\"@id\":\"https:\\\/\\\/dutchmicrodosing.com\\\/de\\\/sporen-zauberpilze\\\/spritzen-fur-flussigkulturen\\\/roter-reishi-ganoderma-lucidum-flussig-kultur-spray-20-ml\\\/#breadcrumb\"},\"inLanguage\":\"de\",\"potentialAction\":[{\"@type\":\"ReadAction\",\"target\":[\"https:\\\/\\\/dutchmicrodosing.com\\\/de\\\/sporen-zauberpilze\\\/spritzen-fur-flussigkulturen\\\/roter-reishi-ganoderma-lucidum-flussig-kultur-spray-20-ml\\\/\"]}]},{\"@type\":\"ImageObject\",\"inLanguage\":\"de\",\"@id\":\"https:\\\/\\\/dutchmicrodosing.com\\\/de\\\/sporen-zauberpilze\\\/spritzen-fur-flussigkulturen\\\/roter-reishi-ganoderma-lucidum-flussig-kultur-spray-20-ml\\\/#primaryimage\",\"url\":\"https:\\\/\\\/dutchmicrodosing.com\\\/wp-content\\\/uploads\\\/2023\\\/09\\\/red-reishi-hoekpolder-002.jpg\",\"contentUrl\":\"https:\\\/\\\/dutchmicrodosing.com\\\/wp-content\\\/uploads\\\/2023\\\/09\\\/red-reishi-hoekpolder-002.jpg\",\"width\":1000,\"height\":1000},{\"@type\":\"BreadcrumbList\",\"@id\":\"https:\\\/\\\/dutchmicrodosing.com\\\/de\\\/sporen-zauberpilze\\\/spritzen-fur-flussigkulturen\\\/roter-reishi-ganoderma-lucidum-flussig-kultur-spray-20-ml\\\/#breadcrumb\",\"itemListElement\":[{\"@type\":\"ListItem\",\"position\":1,\"name\":\"Home\",\"item\":\"https:\\\/\\\/dutchmicrodosing.com\\\/de\\\/\"},{\"@type\":\"ListItem\",\"position\":2,\"name\":\"Shop\",\"item\":\"https:\\\/\\\/dutchmicrodosing.com\\\/de\\\/shop\\\/\"},{\"@type\":\"ListItem\",\"position\":3,\"name\":\"Roter Reishi (Ganoderma lucidum) Fl\u00fcssigkultur Spritze &#8211; 20 ML\"}]},{\"@type\":\"WebSite\",\"@id\":\"https:\\\/\\\/dutchmicrodosing.com\\\/de\\\/#website\",\"url\":\"https:\\\/\\\/dutchmicrodosing.com\\\/de\\\/\",\"name\":\"Dutchmicrodosing\",\"description\":\"\",\"publisher\":{\"@id\":\"https:\\\/\\\/dutchmicrodosing.com\\\/de\\\/#organization\"},\"potentialAction\":[{\"@type\":\"SearchAction\",\"target\":{\"@type\":\"EntryPoint\",\"urlTemplate\":\"https:\\\/\\\/dutchmicrodosing.com\\\/de\\\/?s={search_term_string}\"},\"query-input\":{\"@type\":\"PropertyValueSpecification\",\"valueRequired\":true,\"valueName\":\"search_term_string\"}}],\"inLanguage\":\"de\"},{\"@type\":\"Organization\",\"@id\":\"https:\\\/\\\/dutchmicrodosing.com\\\/de\\\/#organization\",\"name\":\"Dutchmicrodosing\",\"url\":\"https:\\\/\\\/dutchmicrodosing.com\\\/de\\\/\",\"logo\":{\"@type\":\"ImageObject\",\"inLanguage\":\"de\",\"@id\":\"https:\\\/\\\/dutchmicrodosing.com\\\/de\\\/#\\\/schema\\\/logo\\\/image\\\/\",\"url\":\"https:\\\/\\\/dutchmicrodosing.com\\\/wp-content\\\/uploads\\\/2021\\\/01\\\/microdosing-categorie-pic-nieuw.jpg\",\"contentUrl\":\"https:\\\/\\\/dutchmicrodosing.com\\\/wp-content\\\/uploads\\\/2021\\\/01\\\/microdosing-categorie-pic-nieuw.jpg\",\"width\":500,\"height\":500,\"caption\":\"Dutchmicrodosing\"},\"image\":{\"@id\":\"https:\\\/\\\/dutchmicrodosing.com\\\/de\\\/#\\\/schema\\\/logo\\\/image\\\/\"},\"sameAs\":[\"https:\\\/\\\/www.facebook.com\\\/Dutchmicrodosingxp\\\/\",\"https:\\\/\\\/www.instagram.com\\\/dutchmicrodosing\\\/\"]}]}<\/script>\n<meta property=\"product:price:amount\" content=\"15.95\" \/>\n<meta property=\"product:price:currency\" content=\"EUR\" \/>\n<meta property=\"og:availability\" content=\"out of stock\" \/>\n<meta property=\"product:availability\" content=\"out of stock\" \/>\n<meta property=\"product:retailer_item_id\" content=\"4206922\" \/>\n<meta property=\"product:condition\" content=\"new\" \/>\n<!-- \/ Yoast SEO Premium plugin. -->","yoast_head_json":{"title":"Roter Reishi (Ganoderma lucidum) Fl\u00fcssigkultur Spritze - 20 ML - Dutchmicrodosing","robots":{"index":"index","follow":"follow","max-snippet":"max-snippet:-1","max-image-preview":"max-image-preview:large","max-video-preview":"max-video-preview:-1"},"canonical":"https:\/\/dutchmicrodosing.com\/de\/sporen-zauberpilze\/spritzen-fur-flussigkulturen\/roter-reishi-ganoderma-lucidum-flussig-kultur-spray-20-ml\/","og_locale":"de_DE","og_type":"article","og_title":"Roter Reishi (Ganoderma lucidum) Fl\u00fcssigkultur Spritze - 20 ML","og_description":"Red Reishi Liquid Culture wird aus reinen Pilzkulturen hergestellt und verwendet Malz- und Hefeextrakte von h\u00f6chster Qualit\u00e4t. Fl\u00fcssiges Myzel aus reinen","og_url":"https:\/\/dutchmicrodosing.com\/de\/sporen-zauberpilze\/spritzen-fur-flussigkulturen\/roter-reishi-ganoderma-lucidum-flussig-kultur-spray-20-ml\/","og_site_name":"Dutchmicrodosing","article_publisher":"https:\/\/www.facebook.com\/Dutchmicrodosingxp\/","article_modified_time":"2025-09-22T11:49:25+00:00","og_image":[{"width":1000,"height":1000,"url":"https:\/\/dutchmicrodosing.com\/wp-content\/uploads\/2023\/09\/red-reishi-hoekpolder-002.jpg","type":"image\/jpeg"}],"twitter_card":"summary_large_image","schema":{"@context":"https:\/\/schema.org","@graph":[{"@type":"WebPage","@id":"https:\/\/dutchmicrodosing.com\/de\/sporen-zauberpilze\/spritzen-fur-flussigkulturen\/roter-reishi-ganoderma-lucidum-flussig-kultur-spray-20-ml\/","url":"https:\/\/dutchmicrodosing.com\/de\/sporen-zauberpilze\/spritzen-fur-flussigkulturen\/roter-reishi-ganoderma-lucidum-flussig-kultur-spray-20-ml\/","name":"Roter Reishi (Ganoderma lucidum) Fl\u00fcssigkultur Spritze - 20 ML - Dutchmicrodosing","isPartOf":{"@id":"https:\/\/dutchmicrodosing.com\/de\/#website"},"primaryImageOfPage":{"@id":"https:\/\/dutchmicrodosing.com\/de\/sporen-zauberpilze\/spritzen-fur-flussigkulturen\/roter-reishi-ganoderma-lucidum-flussig-kultur-spray-20-ml\/#primaryimage"},"image":{"@id":"https:\/\/dutchmicrodosing.com\/de\/sporen-zauberpilze\/spritzen-fur-flussigkulturen\/roter-reishi-ganoderma-lucidum-flussig-kultur-spray-20-ml\/#primaryimage"},"thumbnailUrl":"https:\/\/dutchmicrodosing.com\/wp-content\/uploads\/2023\/09\/red-reishi-hoekpolder-002.jpg","datePublished":"2024-07-13T06:45:25+00:00","dateModified":"2025-09-22T11:49:25+00:00","breadcrumb":{"@id":"https:\/\/dutchmicrodosing.com\/de\/sporen-zauberpilze\/spritzen-fur-flussigkulturen\/roter-reishi-ganoderma-lucidum-flussig-kultur-spray-20-ml\/#breadcrumb"},"inLanguage":"de","potentialAction":[{"@type":"ReadAction","target":["https:\/\/dutchmicrodosing.com\/de\/sporen-zauberpilze\/spritzen-fur-flussigkulturen\/roter-reishi-ganoderma-lucidum-flussig-kultur-spray-20-ml\/"]}]},{"@type":"ImageObject","inLanguage":"de","@id":"https:\/\/dutchmicrodosing.com\/de\/sporen-zauberpilze\/spritzen-fur-flussigkulturen\/roter-reishi-ganoderma-lucidum-flussig-kultur-spray-20-ml\/#primaryimage","url":"https:\/\/dutchmicrodosing.com\/wp-content\/uploads\/2023\/09\/red-reishi-hoekpolder-002.jpg","contentUrl":"https:\/\/dutchmicrodosing.com\/wp-content\/uploads\/2023\/09\/red-reishi-hoekpolder-002.jpg","width":1000,"height":1000},{"@type":"BreadcrumbList","@id":"https:\/\/dutchmicrodosing.com\/de\/sporen-zauberpilze\/spritzen-fur-flussigkulturen\/roter-reishi-ganoderma-lucidum-flussig-kultur-spray-20-ml\/#breadcrumb","itemListElement":[{"@type":"ListItem","position":1,"name":"Home","item":"https:\/\/dutchmicrodosing.com\/de\/"},{"@type":"ListItem","position":2,"name":"Shop","item":"https:\/\/dutchmicrodosing.com\/de\/shop\/"},{"@type":"ListItem","position":3,"name":"Roter Reishi (Ganoderma lucidum) Fl\u00fcssigkultur Spritze &#8211; 20 ML"}]},{"@type":"WebSite","@id":"https:\/\/dutchmicrodosing.com\/de\/#website","url":"https:\/\/dutchmicrodosing.com\/de\/","name":"Dutchmicrodosing","description":"","publisher":{"@id":"https:\/\/dutchmicrodosing.com\/de\/#organization"},"potentialAction":[{"@type":"SearchAction","target":{"@type":"EntryPoint","urlTemplate":"https:\/\/dutchmicrodosing.com\/de\/?s={search_term_string}"},"query-input":{"@type":"PropertyValueSpecification","valueRequired":true,"valueName":"search_term_string"}}],"inLanguage":"de"},{"@type":"Organization","@id":"https:\/\/dutchmicrodosing.com\/de\/#organization","name":"Dutchmicrodosing","url":"https:\/\/dutchmicrodosing.com\/de\/","logo":{"@type":"ImageObject","inLanguage":"de","@id":"https:\/\/dutchmicrodosing.com\/de\/#\/schema\/logo\/image\/","url":"https:\/\/dutchmicrodosing.com\/wp-content\/uploads\/2021\/01\/microdosing-categorie-pic-nieuw.jpg","contentUrl":"https:\/\/dutchmicrodosing.com\/wp-content\/uploads\/2021\/01\/microdosing-categorie-pic-nieuw.jpg","width":500,"height":500,"caption":"Dutchmicrodosing"},"image":{"@id":"https:\/\/dutchmicrodosing.com\/de\/#\/schema\/logo\/image\/"},"sameAs":["https:\/\/www.facebook.com\/Dutchmicrodosingxp\/","https:\/\/www.instagram.com\/dutchmicrodosing\/"]}]},"product_price_amount":"15.95","product_price_currency":"EUR","og_availability":"out of stock","product_availability":"out of stock","product_retailer_item_id":"4206922","product_condition":"new"},"_links":{"self":[{"href":"https:\/\/dutchmicrodosing.com\/de\/wp-json\/wp\/v2\/product\/40790","targetHints":{"allow":["GET"]}}],"collection":[{"href":"https:\/\/dutchmicrodosing.com\/de\/wp-json\/wp\/v2\/product"}],"about":[{"href":"https:\/\/dutchmicrodosing.com\/de\/wp-json\/wp\/v2\/types\/product"}],"replies":[{"embeddable":true,"href":"https:\/\/dutchmicrodosing.com\/de\/wp-json\/wp\/v2\/comments?post=40790"}],"version-history":[{"count":0,"href":"https:\/\/dutchmicrodosing.com\/de\/wp-json\/wp\/v2\/product\/40790\/revisions"}],"wp:featuredmedia":[{"embeddable":true,"href":"https:\/\/dutchmicrodosing.com\/de\/wp-json\/wp\/v2\/media\/27911"}],"wp:attachment":[{"href":"https:\/\/dutchmicrodosing.com\/de\/wp-json\/wp\/v2\/media?parent=40790"}],"wp:term":[{"taxonomy":"product_brand","embeddable":true,"href":"https:\/\/dutchmicrodosing.com\/de\/wp-json\/wp\/v2\/product_brand?post=40790"},{"taxonomy":"product_cat","embeddable":true,"href":"https:\/\/dutchmicrodosing.com\/de\/wp-json\/wp\/v2\/product_cat?post=40790"},{"taxonomy":"product_tag","embeddable":true,"href":"https:\/\/dutchmicrodosing.com\/de\/wp-json\/wp\/v2\/product_tag?post=40790"}],"curies":[{"name":"wp","href":"https:\/\/api.w.org\/{rel}","templated":true}]}}