{"id":41215,"date":"2024-05-31T17:10:53","date_gmt":"2024-05-31T15:10:53","guid":{"rendered":"https:\/\/dutchmicrodosing.com\/shop\/unkategorisiert\/shilajit-harz-shilafit-30-gramm\/"},"modified":"2025-08-19T11:05:29","modified_gmt":"2025-08-19T09:05:29","slug":"shilajit-harz-shilafit-30-gramm","status":"publish","type":"product","link":"https:\/\/dutchmicrodosing.com\/de\/reformhaus\/erganzungen-fur-das-immunsystem\/shilajit-harz-shilafit-30-gramm\/","title":{"rendered":"Shilajit-Harz (Shilafit) -30 Gramm"},"content":{"rendered":"<p><strong>Shilajit<\/strong> kann als eine Art Allheilmittel bezeichnet werden, insbesondere in Kreisen der traditionellen Medizin wie Ayurveda. Dieses einzigartige harzige Material, das aus den Tiefen von Gebirgsregionen wie dem Himalaya stammt, ist das Ergebnis eines jahrhundertelangen Prozesses der pflanzlichen und organischen Zersetzung. Der reiche Gehalt an Fulvins\u00e4ure, Humins\u00e4ure, Antioxidantien und einer breiten Palette von Mineralien macht Shilajit zu einem besonders nahrhaften und therapeutischen Produkt.<\/p>\n<h3>Merkmale:<\/h3>\n<ul>\n<li>Hochwertiges Shilajit-Harz aus dem Himalaya<\/li>\n<li>Reich an Fulvos\u00e4ure, Antioxidantien und Mineralien<\/li>\n<li>100% nat\u00fcrlich, frei von Zusatzstoffen<\/li>\n<li>Ausf\u00fchrlich auf Reinheit getestet<\/li>\n<li>Inklusive Dosierl\u00f6ffel aus Metall<\/li>\n<li>Anzahl der Portionen pro Packung: 60<\/li>\n<\/ul>\n<h3>Dosierung:<\/h3>\n<p>Nehmen Sie 0,5 Gramm Shilajit mit dem mitgelieferten Dosierl\u00f6ffel ein. L\u00f6sen Sie es in einer Tasse mit warmem Wasser auf und trinken Sie es als Tee. Es wird empfohlen, das Medikament einmal t\u00e4glich morgens auf n\u00fcchternen Magen einzunehmen. Wenn Sie einen empfindlichen Magen haben, empfiehlt es sich, dieses Produkt w\u00e4hrend der Mahlzeiten einzunehmen. Die Haltbarkeit betr\u00e4gt mindestens 36 Monate nach dem Produktionsdatum.<\/p>\n<h3>Zutaten:<\/h3>\n<p>100% gereinigtes Shilajit-Harz, ohne Zus\u00e4tze oder F\u00fcllstoffe.<\/p>\n<h3>Inhalt<\/h3>\n<p>30 Gramm<\/p>\n","protected":false},"excerpt":{"rendered":"<p>Shilajit kann als eine Art Allheilmittel bezeichnet werden, insbesondere in Kreisen der traditionellen Medizin wie Ayurveda. Dieses einzigartige harzige Material, das aus den Tiefen von Gebirgsregionen wie dem Himalaya stammt, ist das Ergebnis eines jahrhundertelangen Prozesses der pflanzlichen und organischen Zersetzung. Der reiche Gehalt an Fulvins\u00e4ure, Humins\u00e4ure, Antioxidantien und einer breiten Palette von Mineralien macht [&hellip;]<\/p>\n","protected":false},"featured_media":39915,"comment_status":"closed","ping_status":"closed","template":"","meta":[],"product_brand":[],"product_cat":[292,293,322,116],"product_tag":[],"class_list":{"0":"post-41215","1":"product","2":"type-product","3":"status-publish","4":"has-post-thumbnail","6":"product_cat-energie-erganzungen","7":"product_cat-erganzungen-fur-das-immunsystem","8":"product_cat-konzentrationserganzungsmittel","9":"product_cat-vitamine-nahrungsergaenzungsmittel","11":"first","12":"instock","13":"taxable","14":"shipping-taxable","15":"purchasable","16":"product-type-simple"},"yoast_head":"<!-- This site is optimized with the Yoast SEO Premium plugin v26.4 (Yoast SEO v27.4) - https:\/\/yoast.com\/product\/yoast-seo-premium-wordpress\/ -->\n<title>Shilajit-Harz (Shilafit) -30 Gramm - Dutchmicrodosing<\/title>\n<meta name=\"robots\" content=\"index, follow, max-snippet:-1, max-image-preview:large, max-video-preview:-1\" \/>\n<link rel=\"canonical\" href=\"https:\/\/dutchmicrodosing.com\/de\/reformhaus\/erganzungen-fur-das-immunsystem\/shilajit-harz-shilafit-30-gramm\/\" \/>\n<meta property=\"og:locale\" content=\"de_DE\" \/>\n<meta property=\"og:type\" content=\"article\" \/>\n<meta property=\"og:title\" content=\"Shilajit-Harz (Shilafit) -30 Gramm\" \/>\n<meta property=\"og:description\" content=\"Shilajit kann als eine Art Allheilmittel bezeichnet werden, insbesondere in Kreisen der traditionellen Medizin wie Ayurveda. Dieses einzigartige harzige\" \/>\n<meta property=\"og:url\" content=\"https:\/\/dutchmicrodosing.com\/de\/reformhaus\/erganzungen-fur-das-immunsystem\/shilajit-harz-shilafit-30-gramm\/\" \/>\n<meta property=\"og:site_name\" content=\"Dutchmicrodosing\" \/>\n<meta property=\"article:publisher\" content=\"https:\/\/www.facebook.com\/Dutchmicrodosingxp\/\" \/>\n<meta property=\"article:modified_time\" content=\"2025-08-19T09:05:29+00:00\" \/>\n<meta property=\"og:image\" content=\"https:\/\/dutchmicrodosing.com\/wp-content\/uploads\/2024\/05\/3375_shilajit_resin_shilafit_30gr.jpg\" \/>\n\t<meta property=\"og:image:width\" content=\"700\" \/>\n\t<meta property=\"og:image:height\" content=\"700\" \/>\n\t<meta property=\"og:image:type\" content=\"image\/jpeg\" \/>\n<meta name=\"twitter:card\" content=\"summary_large_image\" \/>\n<script type=\"application\/ld+json\" class=\"yoast-schema-graph\">{\"@context\":\"https:\\\/\\\/schema.org\",\"@graph\":[{\"@type\":\"WebPage\",\"@id\":\"https:\\\/\\\/dutchmicrodosing.com\\\/de\\\/reformhaus\\\/erganzungen-fur-das-immunsystem\\\/shilajit-harz-shilafit-30-gramm\\\/\",\"url\":\"https:\\\/\\\/dutchmicrodosing.com\\\/de\\\/reformhaus\\\/erganzungen-fur-das-immunsystem\\\/shilajit-harz-shilafit-30-gramm\\\/\",\"name\":\"Shilajit-Harz (Shilafit) -30 Gramm - Dutchmicrodosing\",\"isPartOf\":{\"@id\":\"https:\\\/\\\/dutchmicrodosing.com\\\/de\\\/#website\"},\"primaryImageOfPage\":{\"@id\":\"https:\\\/\\\/dutchmicrodosing.com\\\/de\\\/reformhaus\\\/erganzungen-fur-das-immunsystem\\\/shilajit-harz-shilafit-30-gramm\\\/#primaryimage\"},\"image\":{\"@id\":\"https:\\\/\\\/dutchmicrodosing.com\\\/de\\\/reformhaus\\\/erganzungen-fur-das-immunsystem\\\/shilajit-harz-shilafit-30-gramm\\\/#primaryimage\"},\"thumbnailUrl\":\"https:\\\/\\\/dutchmicrodosing.com\\\/wp-content\\\/uploads\\\/2024\\\/05\\\/3375_shilajit_resin_shilafit_30gr.jpg\",\"datePublished\":\"2024-05-31T15:10:53+00:00\",\"dateModified\":\"2025-08-19T09:05:29+00:00\",\"breadcrumb\":{\"@id\":\"https:\\\/\\\/dutchmicrodosing.com\\\/de\\\/reformhaus\\\/erganzungen-fur-das-immunsystem\\\/shilajit-harz-shilafit-30-gramm\\\/#breadcrumb\"},\"inLanguage\":\"de\",\"potentialAction\":[{\"@type\":\"ReadAction\",\"target\":[\"https:\\\/\\\/dutchmicrodosing.com\\\/de\\\/reformhaus\\\/erganzungen-fur-das-immunsystem\\\/shilajit-harz-shilafit-30-gramm\\\/\"]}]},{\"@type\":\"ImageObject\",\"inLanguage\":\"de\",\"@id\":\"https:\\\/\\\/dutchmicrodosing.com\\\/de\\\/reformhaus\\\/erganzungen-fur-das-immunsystem\\\/shilajit-harz-shilafit-30-gramm\\\/#primaryimage\",\"url\":\"https:\\\/\\\/dutchmicrodosing.com\\\/wp-content\\\/uploads\\\/2024\\\/05\\\/3375_shilajit_resin_shilafit_30gr.jpg\",\"contentUrl\":\"https:\\\/\\\/dutchmicrodosing.com\\\/wp-content\\\/uploads\\\/2024\\\/05\\\/3375_shilajit_resin_shilafit_30gr.jpg\",\"width\":700,\"height\":700},{\"@type\":\"BreadcrumbList\",\"@id\":\"https:\\\/\\\/dutchmicrodosing.com\\\/de\\\/reformhaus\\\/erganzungen-fur-das-immunsystem\\\/shilajit-harz-shilafit-30-gramm\\\/#breadcrumb\",\"itemListElement\":[{\"@type\":\"ListItem\",\"position\":1,\"name\":\"Home\",\"item\":\"https:\\\/\\\/dutchmicrodosing.com\\\/de\\\/\"},{\"@type\":\"ListItem\",\"position\":2,\"name\":\"Shop\",\"item\":\"https:\\\/\\\/dutchmicrodosing.com\\\/de\\\/shop\\\/\"},{\"@type\":\"ListItem\",\"position\":3,\"name\":\"Shilajit-Harz (Shilafit) -30 Gramm\"}]},{\"@type\":\"WebSite\",\"@id\":\"https:\\\/\\\/dutchmicrodosing.com\\\/de\\\/#website\",\"url\":\"https:\\\/\\\/dutchmicrodosing.com\\\/de\\\/\",\"name\":\"Dutchmicrodosing\",\"description\":\"\",\"publisher\":{\"@id\":\"https:\\\/\\\/dutchmicrodosing.com\\\/de\\\/#organization\"},\"potentialAction\":[{\"@type\":\"SearchAction\",\"target\":{\"@type\":\"EntryPoint\",\"urlTemplate\":\"https:\\\/\\\/dutchmicrodosing.com\\\/de\\\/?s={search_term_string}\"},\"query-input\":{\"@type\":\"PropertyValueSpecification\",\"valueRequired\":true,\"valueName\":\"search_term_string\"}}],\"inLanguage\":\"de\"},{\"@type\":\"Organization\",\"@id\":\"https:\\\/\\\/dutchmicrodosing.com\\\/de\\\/#organization\",\"name\":\"Dutchmicrodosing\",\"url\":\"https:\\\/\\\/dutchmicrodosing.com\\\/de\\\/\",\"logo\":{\"@type\":\"ImageObject\",\"inLanguage\":\"de\",\"@id\":\"https:\\\/\\\/dutchmicrodosing.com\\\/de\\\/#\\\/schema\\\/logo\\\/image\\\/\",\"url\":\"https:\\\/\\\/dutchmicrodosing.com\\\/wp-content\\\/uploads\\\/2021\\\/01\\\/microdosing-categorie-pic-nieuw.jpg\",\"contentUrl\":\"https:\\\/\\\/dutchmicrodosing.com\\\/wp-content\\\/uploads\\\/2021\\\/01\\\/microdosing-categorie-pic-nieuw.jpg\",\"width\":500,\"height\":500,\"caption\":\"Dutchmicrodosing\"},\"image\":{\"@id\":\"https:\\\/\\\/dutchmicrodosing.com\\\/de\\\/#\\\/schema\\\/logo\\\/image\\\/\"},\"sameAs\":[\"https:\\\/\\\/www.facebook.com\\\/Dutchmicrodosingxp\\\/\",\"https:\\\/\\\/www.instagram.com\\\/dutchmicrodosing\\\/\"]}]}<\/script>\n<meta property=\"product:price:amount\" content=\"39.95\" \/>\n<meta property=\"product:price:currency\" content=\"EUR\" \/>\n<meta property=\"og:availability\" content=\"instock\" \/>\n<meta property=\"product:availability\" content=\"instock\" \/>\n<meta property=\"product:retailer_item_id\" content=\"4205387\" \/>\n<meta property=\"product:condition\" content=\"new\" \/>\n<!-- \/ Yoast SEO Premium plugin. -->","yoast_head_json":{"title":"Shilajit-Harz (Shilafit) -30 Gramm - Dutchmicrodosing","robots":{"index":"index","follow":"follow","max-snippet":"max-snippet:-1","max-image-preview":"max-image-preview:large","max-video-preview":"max-video-preview:-1"},"canonical":"https:\/\/dutchmicrodosing.com\/de\/reformhaus\/erganzungen-fur-das-immunsystem\/shilajit-harz-shilafit-30-gramm\/","og_locale":"de_DE","og_type":"article","og_title":"Shilajit-Harz (Shilafit) -30 Gramm","og_description":"Shilajit kann als eine Art Allheilmittel bezeichnet werden, insbesondere in Kreisen der traditionellen Medizin wie Ayurveda. Dieses einzigartige harzige","og_url":"https:\/\/dutchmicrodosing.com\/de\/reformhaus\/erganzungen-fur-das-immunsystem\/shilajit-harz-shilafit-30-gramm\/","og_site_name":"Dutchmicrodosing","article_publisher":"https:\/\/www.facebook.com\/Dutchmicrodosingxp\/","article_modified_time":"2025-08-19T09:05:29+00:00","og_image":[{"width":700,"height":700,"url":"https:\/\/dutchmicrodosing.com\/wp-content\/uploads\/2024\/05\/3375_shilajit_resin_shilafit_30gr.jpg","type":"image\/jpeg"}],"twitter_card":"summary_large_image","schema":{"@context":"https:\/\/schema.org","@graph":[{"@type":"WebPage","@id":"https:\/\/dutchmicrodosing.com\/de\/reformhaus\/erganzungen-fur-das-immunsystem\/shilajit-harz-shilafit-30-gramm\/","url":"https:\/\/dutchmicrodosing.com\/de\/reformhaus\/erganzungen-fur-das-immunsystem\/shilajit-harz-shilafit-30-gramm\/","name":"Shilajit-Harz (Shilafit) -30 Gramm - Dutchmicrodosing","isPartOf":{"@id":"https:\/\/dutchmicrodosing.com\/de\/#website"},"primaryImageOfPage":{"@id":"https:\/\/dutchmicrodosing.com\/de\/reformhaus\/erganzungen-fur-das-immunsystem\/shilajit-harz-shilafit-30-gramm\/#primaryimage"},"image":{"@id":"https:\/\/dutchmicrodosing.com\/de\/reformhaus\/erganzungen-fur-das-immunsystem\/shilajit-harz-shilafit-30-gramm\/#primaryimage"},"thumbnailUrl":"https:\/\/dutchmicrodosing.com\/wp-content\/uploads\/2024\/05\/3375_shilajit_resin_shilafit_30gr.jpg","datePublished":"2024-05-31T15:10:53+00:00","dateModified":"2025-08-19T09:05:29+00:00","breadcrumb":{"@id":"https:\/\/dutchmicrodosing.com\/de\/reformhaus\/erganzungen-fur-das-immunsystem\/shilajit-harz-shilafit-30-gramm\/#breadcrumb"},"inLanguage":"de","potentialAction":[{"@type":"ReadAction","target":["https:\/\/dutchmicrodosing.com\/de\/reformhaus\/erganzungen-fur-das-immunsystem\/shilajit-harz-shilafit-30-gramm\/"]}]},{"@type":"ImageObject","inLanguage":"de","@id":"https:\/\/dutchmicrodosing.com\/de\/reformhaus\/erganzungen-fur-das-immunsystem\/shilajit-harz-shilafit-30-gramm\/#primaryimage","url":"https:\/\/dutchmicrodosing.com\/wp-content\/uploads\/2024\/05\/3375_shilajit_resin_shilafit_30gr.jpg","contentUrl":"https:\/\/dutchmicrodosing.com\/wp-content\/uploads\/2024\/05\/3375_shilajit_resin_shilafit_30gr.jpg","width":700,"height":700},{"@type":"BreadcrumbList","@id":"https:\/\/dutchmicrodosing.com\/de\/reformhaus\/erganzungen-fur-das-immunsystem\/shilajit-harz-shilafit-30-gramm\/#breadcrumb","itemListElement":[{"@type":"ListItem","position":1,"name":"Home","item":"https:\/\/dutchmicrodosing.com\/de\/"},{"@type":"ListItem","position":2,"name":"Shop","item":"https:\/\/dutchmicrodosing.com\/de\/shop\/"},{"@type":"ListItem","position":3,"name":"Shilajit-Harz (Shilafit) -30 Gramm"}]},{"@type":"WebSite","@id":"https:\/\/dutchmicrodosing.com\/de\/#website","url":"https:\/\/dutchmicrodosing.com\/de\/","name":"Dutchmicrodosing","description":"","publisher":{"@id":"https:\/\/dutchmicrodosing.com\/de\/#organization"},"potentialAction":[{"@type":"SearchAction","target":{"@type":"EntryPoint","urlTemplate":"https:\/\/dutchmicrodosing.com\/de\/?s={search_term_string}"},"query-input":{"@type":"PropertyValueSpecification","valueRequired":true,"valueName":"search_term_string"}}],"inLanguage":"de"},{"@type":"Organization","@id":"https:\/\/dutchmicrodosing.com\/de\/#organization","name":"Dutchmicrodosing","url":"https:\/\/dutchmicrodosing.com\/de\/","logo":{"@type":"ImageObject","inLanguage":"de","@id":"https:\/\/dutchmicrodosing.com\/de\/#\/schema\/logo\/image\/","url":"https:\/\/dutchmicrodosing.com\/wp-content\/uploads\/2021\/01\/microdosing-categorie-pic-nieuw.jpg","contentUrl":"https:\/\/dutchmicrodosing.com\/wp-content\/uploads\/2021\/01\/microdosing-categorie-pic-nieuw.jpg","width":500,"height":500,"caption":"Dutchmicrodosing"},"image":{"@id":"https:\/\/dutchmicrodosing.com\/de\/#\/schema\/logo\/image\/"},"sameAs":["https:\/\/www.facebook.com\/Dutchmicrodosingxp\/","https:\/\/www.instagram.com\/dutchmicrodosing\/"]}]},"product_price_amount":"39.95","product_price_currency":"EUR","og_availability":"instock","product_availability":"instock","product_retailer_item_id":"4205387","product_condition":"new"},"_links":{"self":[{"href":"https:\/\/dutchmicrodosing.com\/de\/wp-json\/wp\/v2\/product\/41215","targetHints":{"allow":["GET"]}}],"collection":[{"href":"https:\/\/dutchmicrodosing.com\/de\/wp-json\/wp\/v2\/product"}],"about":[{"href":"https:\/\/dutchmicrodosing.com\/de\/wp-json\/wp\/v2\/types\/product"}],"replies":[{"embeddable":true,"href":"https:\/\/dutchmicrodosing.com\/de\/wp-json\/wp\/v2\/comments?post=41215"}],"version-history":[{"count":0,"href":"https:\/\/dutchmicrodosing.com\/de\/wp-json\/wp\/v2\/product\/41215\/revisions"}],"wp:featuredmedia":[{"embeddable":true,"href":"https:\/\/dutchmicrodosing.com\/de\/wp-json\/wp\/v2\/media\/39915"}],"wp:attachment":[{"href":"https:\/\/dutchmicrodosing.com\/de\/wp-json\/wp\/v2\/media?parent=41215"}],"wp:term":[{"taxonomy":"product_brand","embeddable":true,"href":"https:\/\/dutchmicrodosing.com\/de\/wp-json\/wp\/v2\/product_brand?post=41215"},{"taxonomy":"product_cat","embeddable":true,"href":"https:\/\/dutchmicrodosing.com\/de\/wp-json\/wp\/v2\/product_cat?post=41215"},{"taxonomy":"product_tag","embeddable":true,"href":"https:\/\/dutchmicrodosing.com\/de\/wp-json\/wp\/v2\/product_tag?post=41215"}],"curies":[{"name":"wp","href":"https:\/\/api.w.org\/{rel}","templated":true}]}}