{"id":41721,"date":"2024-09-03T09:40:42","date_gmt":"2024-09-03T07:40:42","guid":{"rendered":"https:\/\/dutchmicrodosing.com\/shop\/unkategorisiert\/das-gesunde-trio\/"},"modified":"2026-02-03T16:43:01","modified_gmt":"2026-02-03T15:43:01","slug":"das-gesunde-trio","status":"publish","type":"product","link":"https:\/\/dutchmicrodosing.com\/de\/reformhaus\/essbare-pilze\/das-gesunde-trio\/","title":{"rendered":"Das Gesunde Trio"},"content":{"rendered":"<p>Die <strong>Healthy Trio <\/strong>Mushroom Gummies sind ein k\u00f6stlicher Genuss, der Ihr t\u00e4gliches Wohlbefinden unterst\u00fctzt. Jede Packung enth\u00e4lt drei verschiedene Arten von Gummib\u00e4rchen, die jeweils mit einem einzigartigen Heilpilz angereichert sind: L\u00f6wenm\u00e4hne, Reishi und Chaga. Diese kraftvollen Pilze sind f\u00fcr ihre gesundheitsf\u00f6rdernden Wirkungen bekannt, wie die F\u00f6rderung geistiger Klarheit, die Unterst\u00fctzung des Immunsystems und die Steigerung der Vitalit\u00e4t. Diese Gummib\u00e4rchen kombinieren die Kraft nat\u00fcrlicher Inhaltsstoffe mit einem angenehmen Geschmack und bieten eine einfache und schmackhafte M\u00f6glichkeit, Ihre Gesundheit zu verbessern.<\/p>\n<ul>\n<li>Die Reishi-Pilz-Gummis bieten eine schmackhafte M\u00f6glichkeit, die gesundheitlichen Vorteile des Reishi-Pilzes zu erleben. Jedes Gummib\u00e4rchen enth\u00e4lt 250 mg Reishi-Extrakt und ist damit eine einfache und angenehme Art, die Vorteile dieses Pilzes zu genie\u00dfen. Der Reishi ist f\u00fcr seine kognitiv stimulierenden Eigenschaften bekannt und hat eine lange Geschichte in der traditionellen chinesischen Medizin.  <\/li>\n<li>Die Lion&#8217;s Mane Mushroom Gummies sind k\u00f6stliche Bonbons, die die gesunden Vorteile von L\u00f6wenm\u00e4hnenextrakt mit einem schmackhaften Erlebnis verbinden. Jedes Gummib\u00e4rchen enth\u00e4lt 250 mg L\u00f6wenm\u00e4hnenextrakt und bietet Ihnen eine einfache und angenehme M\u00f6glichkeit, die potenziellen Vorteile dieses Pilzes zu genie\u00dfen. Die L\u00f6wenm\u00e4hne ist f\u00fcr ihre kognitionsf\u00f6rdernden Eigenschaften bekannt und wird seit Jahrhunderten in der traditionellen chinesischen Medizin verwendet. Mit diesen Gummib\u00e4rchen k\u00f6nnen Sie Ihre Gehirnfunktion und Ihr allgemeines Wohlbefinden auf schmackhafte Art und Weise unterst\u00fctzen.   <\/li>\n<li>Das Konzept von Mushroom Gummies Chaga ist ein innovativer Ansatz, um die gesundheitlichen Vorteile des Chaga-Pilzes zu nutzen. Diese Gummib\u00e4rchen, die jeweils 250 mg Chaga-Extrakt enthalten, bieten eine einfache und angenehme M\u00f6glichkeit, die Vorteile dieses Pilzes zu genie\u00dfen. Chaga ist f\u00fcr seine kognitionsf\u00f6rdernden Eigenschaften bekannt und hat eine reiche Geschichte in der traditionellen chinesischen Medizin.  <\/li>\n<\/ul>\n<h3>Inhalt<\/h3>\n<p>3 Tabletts Dr. Candy Mushroom Gummib\u00e4rchen (Reishi, L\u00f6wenm\u00e4hne und Chaga)<\/p>\n","protected":false},"excerpt":{"rendered":"<p>Die Healthy Trio Mushroom Gummies sind ein k\u00f6stlicher Genuss, der Ihr t\u00e4gliches Wohlbefinden unterst\u00fctzt. Jede Packung enth\u00e4lt drei verschiedene Arten von Gummib\u00e4rchen, die jeweils mit einem einzigartigen Heilpilz angereichert sind: L\u00f6wenm\u00e4hne, Reishi und Chaga. Diese kraftvollen Pilze sind f\u00fcr ihre gesundheitsf\u00f6rdernden Wirkungen bekannt, wie die F\u00f6rderung geistiger Klarheit, die Unterst\u00fctzung des Immunsystems und die Steigerung [&hellip;]<\/p>\n","protected":false},"featured_media":41714,"comment_status":"closed","ping_status":"closed","template":"","meta":[],"product_brand":[],"product_cat":[327],"product_tag":[],"class_list":{"0":"post-41721","1":"product","2":"type-product","3":"status-publish","4":"has-post-thumbnail","6":"product_cat-essbare-pilze","8":"first","9":"instock","10":"taxable","11":"shipping-taxable","12":"purchasable","13":"product-type-simple"},"yoast_head":"<!-- This site is optimized with the Yoast SEO Premium plugin v26.4 (Yoast SEO v27.2) - https:\/\/yoast.com\/product\/yoast-seo-premium-wordpress\/ -->\n<title>Das Gesunde Trio - Dutchmicrodosing<\/title>\n<meta name=\"description\" content=\"Entdecken Sie das Dr. Candy The Healthy Trio - Pilzgummis, die jeweils mit einem einzigartigen Heilpilz angereichert sind: L\u00f6wenm\u00e4hne, Reishi und Chaga....\" \/>\n<meta name=\"robots\" content=\"index, follow, max-snippet:-1, max-image-preview:large, max-video-preview:-1\" \/>\n<link rel=\"canonical\" href=\"https:\/\/dutchmicrodosing.com\/de\/reformhaus\/essbare-pilze\/das-gesunde-trio\/\" \/>\n<meta property=\"og:locale\" content=\"de_DE\" \/>\n<meta property=\"og:type\" content=\"article\" \/>\n<meta property=\"og:title\" content=\"Das Gesunde Trio\" \/>\n<meta property=\"og:description\" content=\"Die Healthy Trio Mushroom Gummies sind ein k\u00f6stlicher Genuss, der Ihr t\u00e4gliches Wohlbefinden unterst\u00fctzt. Jede Packung enth\u00e4lt drei verschiedene Arten von\" \/>\n<meta property=\"og:url\" content=\"https:\/\/dutchmicrodosing.com\/de\/reformhaus\/essbare-pilze\/das-gesunde-trio\/\" \/>\n<meta property=\"og:site_name\" content=\"Dutchmicrodosing\" \/>\n<meta property=\"article:publisher\" content=\"https:\/\/www.facebook.com\/Dutchmicrodosingxp\/\" \/>\n<meta property=\"article:modified_time\" content=\"2026-02-03T15:43:01+00:00\" \/>\n<meta property=\"og:image\" content=\"https:\/\/dutchmicrodosing.com\/wp-content\/uploads\/2024\/09\/Mix_gummies_mushroom_1000x1000.jpg\" \/>\n\t<meta property=\"og:image:width\" content=\"1000\" \/>\n\t<meta property=\"og:image:height\" content=\"1000\" \/>\n\t<meta property=\"og:image:type\" content=\"image\/jpeg\" \/>\n<meta name=\"twitter:card\" content=\"summary_large_image\" \/>\n<script type=\"application\/ld+json\" class=\"yoast-schema-graph\">{\"@context\":\"https:\/\/schema.org\",\"@graph\":[{\"@type\":\"WebPage\",\"@id\":\"https:\/\/dutchmicrodosing.com\/de\/reformhaus\/essbare-pilze\/das-gesunde-trio\/\",\"url\":\"https:\/\/dutchmicrodosing.com\/de\/reformhaus\/essbare-pilze\/das-gesunde-trio\/\",\"name\":\"Das Gesunde Trio - Dutchmicrodosing\",\"isPartOf\":{\"@id\":\"https:\/\/dutchmicrodosing.com\/de\/#website\"},\"primaryImageOfPage\":{\"@id\":\"https:\/\/dutchmicrodosing.com\/de\/reformhaus\/essbare-pilze\/das-gesunde-trio\/#primaryimage\"},\"image\":{\"@id\":\"https:\/\/dutchmicrodosing.com\/de\/reformhaus\/essbare-pilze\/das-gesunde-trio\/#primaryimage\"},\"thumbnailUrl\":\"https:\/\/dutchmicrodosing.com\/wp-content\/uploads\/2024\/09\/Mix_gummies_mushroom_1000x1000.jpg\",\"datePublished\":\"2024-09-03T07:40:42+00:00\",\"dateModified\":\"2026-02-03T15:43:01+00:00\",\"description\":\"Entdecken Sie das Dr. Candy The Healthy Trio - Pilzgummis, die jeweils mit einem einzigartigen Heilpilz angereichert sind: L\u00f6wenm\u00e4hne, Reishi und Chaga....\",\"breadcrumb\":{\"@id\":\"https:\/\/dutchmicrodosing.com\/de\/reformhaus\/essbare-pilze\/das-gesunde-trio\/#breadcrumb\"},\"inLanguage\":\"de\",\"potentialAction\":[{\"@type\":\"ReadAction\",\"target\":[\"https:\/\/dutchmicrodosing.com\/de\/reformhaus\/essbare-pilze\/das-gesunde-trio\/\"]}]},{\"@type\":\"ImageObject\",\"inLanguage\":\"de\",\"@id\":\"https:\/\/dutchmicrodosing.com\/de\/reformhaus\/essbare-pilze\/das-gesunde-trio\/#primaryimage\",\"url\":\"https:\/\/dutchmicrodosing.com\/wp-content\/uploads\/2024\/09\/Mix_gummies_mushroom_1000x1000.jpg\",\"contentUrl\":\"https:\/\/dutchmicrodosing.com\/wp-content\/uploads\/2024\/09\/Mix_gummies_mushroom_1000x1000.jpg\",\"width\":1000,\"height\":1000},{\"@type\":\"BreadcrumbList\",\"@id\":\"https:\/\/dutchmicrodosing.com\/de\/reformhaus\/essbare-pilze\/das-gesunde-trio\/#breadcrumb\",\"itemListElement\":[{\"@type\":\"ListItem\",\"position\":1,\"name\":\"Home\",\"item\":\"https:\/\/dutchmicrodosing.com\/de\/\"},{\"@type\":\"ListItem\",\"position\":2,\"name\":\"Shop\",\"item\":\"https:\/\/dutchmicrodosing.com\/de\/shop\/\"},{\"@type\":\"ListItem\",\"position\":3,\"name\":\"Das Gesunde Trio\"}]},{\"@type\":\"WebSite\",\"@id\":\"https:\/\/dutchmicrodosing.com\/de\/#website\",\"url\":\"https:\/\/dutchmicrodosing.com\/de\/\",\"name\":\"Dutchmicrodosing\",\"description\":\"\",\"publisher\":{\"@id\":\"https:\/\/dutchmicrodosing.com\/de\/#organization\"},\"potentialAction\":[{\"@type\":\"SearchAction\",\"target\":{\"@type\":\"EntryPoint\",\"urlTemplate\":\"https:\/\/dutchmicrodosing.com\/de\/?s={search_term_string}\"},\"query-input\":{\"@type\":\"PropertyValueSpecification\",\"valueRequired\":true,\"valueName\":\"search_term_string\"}}],\"inLanguage\":\"de\"},{\"@type\":\"Organization\",\"@id\":\"https:\/\/dutchmicrodosing.com\/de\/#organization\",\"name\":\"Dutchmicrodosing\",\"url\":\"https:\/\/dutchmicrodosing.com\/de\/\",\"logo\":{\"@type\":\"ImageObject\",\"inLanguage\":\"de\",\"@id\":\"https:\/\/dutchmicrodosing.com\/de\/#\/schema\/logo\/image\/\",\"url\":\"https:\/\/dutchmicrodosing.com\/wp-content\/uploads\/2021\/01\/microdosing-categorie-pic-nieuw.jpg\",\"contentUrl\":\"https:\/\/dutchmicrodosing.com\/wp-content\/uploads\/2021\/01\/microdosing-categorie-pic-nieuw.jpg\",\"width\":500,\"height\":500,\"caption\":\"Dutchmicrodosing\"},\"image\":{\"@id\":\"https:\/\/dutchmicrodosing.com\/de\/#\/schema\/logo\/image\/\"},\"sameAs\":[\"https:\/\/www.facebook.com\/Dutchmicrodosingxp\/\",\"https:\/\/www.instagram.com\/dutchmicrodosing\/\"]}]}<\/script>\n<meta property=\"product:price:amount\" content=\"24.95\" \/>\n<meta property=\"product:price:currency\" content=\"EUR\" \/>\n<meta property=\"og:availability\" content=\"instock\" \/>\n<meta property=\"product:availability\" content=\"instock\" \/>\n<meta property=\"product:retailer_item_id\" content=\"4209139\" \/>\n<meta property=\"product:condition\" content=\"new\" \/>\n<!-- \/ Yoast SEO Premium plugin. -->","yoast_head_json":{"title":"Das Gesunde Trio - Dutchmicrodosing","description":"Entdecken Sie das Dr. Candy The Healthy Trio - Pilzgummis, die jeweils mit einem einzigartigen Heilpilz angereichert sind: L\u00f6wenm\u00e4hne, Reishi und Chaga....","robots":{"index":"index","follow":"follow","max-snippet":"max-snippet:-1","max-image-preview":"max-image-preview:large","max-video-preview":"max-video-preview:-1"},"canonical":"https:\/\/dutchmicrodosing.com\/de\/reformhaus\/essbare-pilze\/das-gesunde-trio\/","og_locale":"de_DE","og_type":"article","og_title":"Das Gesunde Trio","og_description":"Die Healthy Trio Mushroom Gummies sind ein k\u00f6stlicher Genuss, der Ihr t\u00e4gliches Wohlbefinden unterst\u00fctzt. Jede Packung enth\u00e4lt drei verschiedene Arten von","og_url":"https:\/\/dutchmicrodosing.com\/de\/reformhaus\/essbare-pilze\/das-gesunde-trio\/","og_site_name":"Dutchmicrodosing","article_publisher":"https:\/\/www.facebook.com\/Dutchmicrodosingxp\/","article_modified_time":"2026-02-03T15:43:01+00:00","og_image":[{"width":1000,"height":1000,"url":"https:\/\/dutchmicrodosing.com\/wp-content\/uploads\/2024\/09\/Mix_gummies_mushroom_1000x1000.jpg","type":"image\/jpeg"}],"twitter_card":"summary_large_image","schema":{"@context":"https:\/\/schema.org","@graph":[{"@type":"WebPage","@id":"https:\/\/dutchmicrodosing.com\/de\/reformhaus\/essbare-pilze\/das-gesunde-trio\/","url":"https:\/\/dutchmicrodosing.com\/de\/reformhaus\/essbare-pilze\/das-gesunde-trio\/","name":"Das Gesunde Trio - Dutchmicrodosing","isPartOf":{"@id":"https:\/\/dutchmicrodosing.com\/de\/#website"},"primaryImageOfPage":{"@id":"https:\/\/dutchmicrodosing.com\/de\/reformhaus\/essbare-pilze\/das-gesunde-trio\/#primaryimage"},"image":{"@id":"https:\/\/dutchmicrodosing.com\/de\/reformhaus\/essbare-pilze\/das-gesunde-trio\/#primaryimage"},"thumbnailUrl":"https:\/\/dutchmicrodosing.com\/wp-content\/uploads\/2024\/09\/Mix_gummies_mushroom_1000x1000.jpg","datePublished":"2024-09-03T07:40:42+00:00","dateModified":"2026-02-03T15:43:01+00:00","description":"Entdecken Sie das Dr. Candy The Healthy Trio - Pilzgummis, die jeweils mit einem einzigartigen Heilpilz angereichert sind: L\u00f6wenm\u00e4hne, Reishi und Chaga....","breadcrumb":{"@id":"https:\/\/dutchmicrodosing.com\/de\/reformhaus\/essbare-pilze\/das-gesunde-trio\/#breadcrumb"},"inLanguage":"de","potentialAction":[{"@type":"ReadAction","target":["https:\/\/dutchmicrodosing.com\/de\/reformhaus\/essbare-pilze\/das-gesunde-trio\/"]}]},{"@type":"ImageObject","inLanguage":"de","@id":"https:\/\/dutchmicrodosing.com\/de\/reformhaus\/essbare-pilze\/das-gesunde-trio\/#primaryimage","url":"https:\/\/dutchmicrodosing.com\/wp-content\/uploads\/2024\/09\/Mix_gummies_mushroom_1000x1000.jpg","contentUrl":"https:\/\/dutchmicrodosing.com\/wp-content\/uploads\/2024\/09\/Mix_gummies_mushroom_1000x1000.jpg","width":1000,"height":1000},{"@type":"BreadcrumbList","@id":"https:\/\/dutchmicrodosing.com\/de\/reformhaus\/essbare-pilze\/das-gesunde-trio\/#breadcrumb","itemListElement":[{"@type":"ListItem","position":1,"name":"Home","item":"https:\/\/dutchmicrodosing.com\/de\/"},{"@type":"ListItem","position":2,"name":"Shop","item":"https:\/\/dutchmicrodosing.com\/de\/shop\/"},{"@type":"ListItem","position":3,"name":"Das Gesunde Trio"}]},{"@type":"WebSite","@id":"https:\/\/dutchmicrodosing.com\/de\/#website","url":"https:\/\/dutchmicrodosing.com\/de\/","name":"Dutchmicrodosing","description":"","publisher":{"@id":"https:\/\/dutchmicrodosing.com\/de\/#organization"},"potentialAction":[{"@type":"SearchAction","target":{"@type":"EntryPoint","urlTemplate":"https:\/\/dutchmicrodosing.com\/de\/?s={search_term_string}"},"query-input":{"@type":"PropertyValueSpecification","valueRequired":true,"valueName":"search_term_string"}}],"inLanguage":"de"},{"@type":"Organization","@id":"https:\/\/dutchmicrodosing.com\/de\/#organization","name":"Dutchmicrodosing","url":"https:\/\/dutchmicrodosing.com\/de\/","logo":{"@type":"ImageObject","inLanguage":"de","@id":"https:\/\/dutchmicrodosing.com\/de\/#\/schema\/logo\/image\/","url":"https:\/\/dutchmicrodosing.com\/wp-content\/uploads\/2021\/01\/microdosing-categorie-pic-nieuw.jpg","contentUrl":"https:\/\/dutchmicrodosing.com\/wp-content\/uploads\/2021\/01\/microdosing-categorie-pic-nieuw.jpg","width":500,"height":500,"caption":"Dutchmicrodosing"},"image":{"@id":"https:\/\/dutchmicrodosing.com\/de\/#\/schema\/logo\/image\/"},"sameAs":["https:\/\/www.facebook.com\/Dutchmicrodosingxp\/","https:\/\/www.instagram.com\/dutchmicrodosing\/"]}]},"product_price_amount":"24.95","product_price_currency":"EUR","og_availability":"instock","product_availability":"instock","product_retailer_item_id":"4209139","product_condition":"new"},"_links":{"self":[{"href":"https:\/\/dutchmicrodosing.com\/de\/wp-json\/wp\/v2\/product\/41721","targetHints":{"allow":["GET"]}}],"collection":[{"href":"https:\/\/dutchmicrodosing.com\/de\/wp-json\/wp\/v2\/product"}],"about":[{"href":"https:\/\/dutchmicrodosing.com\/de\/wp-json\/wp\/v2\/types\/product"}],"replies":[{"embeddable":true,"href":"https:\/\/dutchmicrodosing.com\/de\/wp-json\/wp\/v2\/comments?post=41721"}],"version-history":[{"count":1,"href":"https:\/\/dutchmicrodosing.com\/de\/wp-json\/wp\/v2\/product\/41721\/revisions"}],"predecessor-version":[{"id":64331,"href":"https:\/\/dutchmicrodosing.com\/de\/wp-json\/wp\/v2\/product\/41721\/revisions\/64331"}],"wp:featuredmedia":[{"embeddable":true,"href":"https:\/\/dutchmicrodosing.com\/de\/wp-json\/wp\/v2\/media\/41714"}],"wp:attachment":[{"href":"https:\/\/dutchmicrodosing.com\/de\/wp-json\/wp\/v2\/media?parent=41721"}],"wp:term":[{"taxonomy":"product_brand","embeddable":true,"href":"https:\/\/dutchmicrodosing.com\/de\/wp-json\/wp\/v2\/product_brand?post=41721"},{"taxonomy":"product_cat","embeddable":true,"href":"https:\/\/dutchmicrodosing.com\/de\/wp-json\/wp\/v2\/product_cat?post=41721"},{"taxonomy":"product_tag","embeddable":true,"href":"https:\/\/dutchmicrodosing.com\/de\/wp-json\/wp\/v2\/product_tag?post=41721"}],"curies":[{"name":"wp","href":"https:\/\/api.w.org\/{rel}","templated":true}]}}