{"id":43643,"date":"2024-11-11T09:33:21","date_gmt":"2024-11-11T08:33:21","guid":{"rendered":"https:\/\/dutchmicrodosing.com\/shop\/unkategorisiert\/fantastisch-5-120-kappen\/"},"modified":"2025-09-21T11:05:14","modified_gmt":"2025-09-21T09:05:14","slug":"fantastisch-5-120-kappen","status":"publish","type":"product","link":"https:\/\/dutchmicrodosing.com\/de\/reformhaus\/energie-erganzungen\/fantastisch-5-120-kappen\/","title":{"rendered":"Fantastisch 5 &#8211; 120 Kapseln"},"content":{"rendered":"<p>das McMyco <strong>Fantastic 5<\/strong> hilft besonders bei der St\u00e4rkung des Immunsystems. Jeder Pilz in dieser Mischung hat einzigartige Eigenschaften, die zur allgemeinen Gesundheit und zum Wohlbefinden beitragen. Die L\u00f6wenm\u00e4hne ist daf\u00fcr bekannt, dass sie die Gehirnfunktion unterst\u00fctzen und neuroprotektive Wirkungen haben kann. Cordyceps sinensis wird zur Steigerung von Energie und Ausdauer verwendet. Der Reishi, oft als &#8222;Pilz der Unsterblichkeit&#8220; bezeichnet, kann helfen, Stress abzubauen und das Immunsystem zu st\u00e4rken. Chaga ist reich an Antioxidantien, die den K\u00f6rper vor Zellsch\u00e4den sch\u00fctzen k\u00f6nnen, und Maitake ist daf\u00fcr bekannt, dass er den Blutzuckerspiegel regulieren und das Immunsystem st\u00e4rken kann.<\/p>\n<p>Die Kombination dieser Pilze macht McMyco Fantastic 5 zu einem leistungsstarken Nahrungserg\u00e4nzungsmittel f\u00fcr alle, die ihre allgemeine Gesundheit unterst\u00fctzen und ihr Immunsystem nach den Prinzipien der Traditionellen Chinesischen Medizin st\u00e4rken m\u00f6chten.<\/p>\n<h3>Inhaltsstoffe<\/h3>\n<p><strong>Pro Kapsel:<\/strong><\/p>\n<ul>\n<li>80 mg organischer Reishi (Ganoderma Lucidum)<\/li>\n<li>80 mg Cordyceps Sinensis<\/li>\n<li>80 mg L\u00f6wenm\u00e4hne (Hericium Erinaceus)<\/li>\n<li>80 mg Chaga (Inonotus Obliquus)<\/li>\n<li>80 mg Maitake<\/li>\n<li>15 mg Vitamin C<\/li>\n<li>2 mg Zink<\/li>\n<li>Hilfsstoff: Magnesiumzitrat<\/li>\n<\/ul>\n<h3>Operation<\/h3>\n<p>Kann das Immunsystem unterst\u00fctzen und die nat\u00fcrliche Energie des K\u00f6rpers aktivieren und regulieren.<\/p>\n<h3>Verwenden Sie<\/h3>\n<p>Wenn Sie die Fantastic 5 Erg\u00e4nzungsmittel verwenden m\u00f6chten, empfehlen wir Ihnen, zweimal t\u00e4glich 1 Kapsel einzunehmen. Nehmen Sie die Kapseln vorzugsweise w\u00e4hrend einer Mahlzeit mit Wasser ein. \u00dcberschreiten Sie die empfohlene Tagesdosis nicht.<\/p>\n<h3>Hinweise zur Lagerung<\/h3>\n<p>Bewahren Sie dieses Produkt an einem dunklen, k\u00fchlen Ort auf, z. B. in einem K\u00fcchenschrank und au\u00dferhalb der Reichweite von Kindern.<\/p>\n<h3>Inhalt<\/h3>\n<p>Fantastic 5 Combination McMyco: 120 Kapseln<\/p>\n<h3>Achtung!<\/h3>\n<p>Bei Schwangerschaft, Stillzeit, medizinischen Komplikationen oder Medikamenteneinnahme wenden Sie sich bitte an Ihren Arzt, bevor Sie dieses Produkt verwenden.<\/p>\n","protected":false},"excerpt":{"rendered":"<p>das McMyco Fantastic 5 hilft besonders bei der St\u00e4rkung des Immunsystems. Jeder Pilz in dieser Mischung hat einzigartige Eigenschaften, die zur allgemeinen Gesundheit und zum Wohlbefinden beitragen. Die L\u00f6wenm\u00e4hne ist daf\u00fcr bekannt, dass sie die Gehirnfunktion unterst\u00fctzen und neuroprotektive Wirkungen haben kann. Cordyceps sinensis wird zur Steigerung von Energie und Ausdauer verwendet. Der Reishi, oft [&hellip;]<\/p>\n","protected":false},"featured_media":43621,"comment_status":"closed","ping_status":"closed","template":"","meta":[],"product_brand":[],"product_cat":[114,292,293,281],"product_tag":[],"class_list":{"0":"post-43643","1":"product","2":"type-product","3":"status-publish","4":"has-post-thumbnail","6":"product_cat-medizinische-pilze","7":"product_cat-energie-erganzungen","8":"product_cat-erganzungen-fur-das-immunsystem","9":"product_cat-superfoods","11":"first","12":"instock","13":"taxable","14":"shipping-taxable","15":"purchasable","16":"product-type-simple"},"yoast_head":"<!-- This site is optimized with the Yoast SEO Premium plugin v26.4 (Yoast SEO v27.2) - https:\/\/yoast.com\/product\/yoast-seo-premium-wordpress\/ -->\n<title>Fantastisch 5 - 120 Kapseln - Dutchmicrodosing<\/title>\n<meta name=\"robots\" content=\"index, follow, max-snippet:-1, max-image-preview:large, max-video-preview:-1\" \/>\n<link rel=\"canonical\" href=\"https:\/\/dutchmicrodosing.com\/de\/reformhaus\/energie-erganzungen\/fantastisch-5-120-kappen\/\" \/>\n<meta property=\"og:locale\" content=\"de_DE\" \/>\n<meta property=\"og:type\" content=\"article\" \/>\n<meta property=\"og:title\" content=\"Fantastisch 5 - 120 Kapseln\" \/>\n<meta property=\"og:description\" content=\"das McMyco Fantastic 5 hilft besonders bei der St\u00e4rkung des Immunsystems. Jeder Pilz in dieser Mischung hat einzigartige Eigenschaften, die zur\" \/>\n<meta property=\"og:url\" content=\"https:\/\/dutchmicrodosing.com\/de\/reformhaus\/energie-erganzungen\/fantastisch-5-120-kappen\/\" \/>\n<meta property=\"og:site_name\" content=\"Dutchmicrodosing\" \/>\n<meta property=\"article:publisher\" content=\"https:\/\/www.facebook.com\/Dutchmicrodosingxp\/\" \/>\n<meta property=\"article:modified_time\" content=\"2025-09-21T09:05:14+00:00\" \/>\n<meta property=\"og:image\" content=\"https:\/\/dutchmicrodosing.com\/wp-content\/uploads\/2024\/11\/Fantastic-5.jpg\" \/>\n\t<meta property=\"og:image:width\" content=\"1000\" \/>\n\t<meta property=\"og:image:height\" content=\"1000\" \/>\n\t<meta property=\"og:image:type\" content=\"image\/jpeg\" \/>\n<meta name=\"twitter:card\" content=\"summary_large_image\" \/>\n<script type=\"application\/ld+json\" class=\"yoast-schema-graph\">{\"@context\":\"https:\/\/schema.org\",\"@graph\":[{\"@type\":\"WebPage\",\"@id\":\"https:\/\/dutchmicrodosing.com\/de\/reformhaus\/energie-erganzungen\/fantastisch-5-120-kappen\/\",\"url\":\"https:\/\/dutchmicrodosing.com\/de\/reformhaus\/energie-erganzungen\/fantastisch-5-120-kappen\/\",\"name\":\"Fantastisch 5 - 120 Kapseln - Dutchmicrodosing\",\"isPartOf\":{\"@id\":\"https:\/\/dutchmicrodosing.com\/de\/#website\"},\"primaryImageOfPage\":{\"@id\":\"https:\/\/dutchmicrodosing.com\/de\/reformhaus\/energie-erganzungen\/fantastisch-5-120-kappen\/#primaryimage\"},\"image\":{\"@id\":\"https:\/\/dutchmicrodosing.com\/de\/reformhaus\/energie-erganzungen\/fantastisch-5-120-kappen\/#primaryimage\"},\"thumbnailUrl\":\"https:\/\/dutchmicrodosing.com\/wp-content\/uploads\/2024\/11\/Fantastic-5.jpg\",\"datePublished\":\"2024-11-11T08:33:21+00:00\",\"dateModified\":\"2025-09-21T09:05:14+00:00\",\"breadcrumb\":{\"@id\":\"https:\/\/dutchmicrodosing.com\/de\/reformhaus\/energie-erganzungen\/fantastisch-5-120-kappen\/#breadcrumb\"},\"inLanguage\":\"de\",\"potentialAction\":[{\"@type\":\"ReadAction\",\"target\":[\"https:\/\/dutchmicrodosing.com\/de\/reformhaus\/energie-erganzungen\/fantastisch-5-120-kappen\/\"]}]},{\"@type\":\"ImageObject\",\"inLanguage\":\"de\",\"@id\":\"https:\/\/dutchmicrodosing.com\/de\/reformhaus\/energie-erganzungen\/fantastisch-5-120-kappen\/#primaryimage\",\"url\":\"https:\/\/dutchmicrodosing.com\/wp-content\/uploads\/2024\/11\/Fantastic-5.jpg\",\"contentUrl\":\"https:\/\/dutchmicrodosing.com\/wp-content\/uploads\/2024\/11\/Fantastic-5.jpg\",\"width\":1000,\"height\":1000},{\"@type\":\"BreadcrumbList\",\"@id\":\"https:\/\/dutchmicrodosing.com\/de\/reformhaus\/energie-erganzungen\/fantastisch-5-120-kappen\/#breadcrumb\",\"itemListElement\":[{\"@type\":\"ListItem\",\"position\":1,\"name\":\"Home\",\"item\":\"https:\/\/dutchmicrodosing.com\/de\/\"},{\"@type\":\"ListItem\",\"position\":2,\"name\":\"Shop\",\"item\":\"https:\/\/dutchmicrodosing.com\/de\/shop\/\"},{\"@type\":\"ListItem\",\"position\":3,\"name\":\"Fantastisch 5 &#8211; 120 Kapseln\"}]},{\"@type\":\"WebSite\",\"@id\":\"https:\/\/dutchmicrodosing.com\/de\/#website\",\"url\":\"https:\/\/dutchmicrodosing.com\/de\/\",\"name\":\"Dutchmicrodosing\",\"description\":\"\",\"publisher\":{\"@id\":\"https:\/\/dutchmicrodosing.com\/de\/#organization\"},\"potentialAction\":[{\"@type\":\"SearchAction\",\"target\":{\"@type\":\"EntryPoint\",\"urlTemplate\":\"https:\/\/dutchmicrodosing.com\/de\/?s={search_term_string}\"},\"query-input\":{\"@type\":\"PropertyValueSpecification\",\"valueRequired\":true,\"valueName\":\"search_term_string\"}}],\"inLanguage\":\"de\"},{\"@type\":\"Organization\",\"@id\":\"https:\/\/dutchmicrodosing.com\/de\/#organization\",\"name\":\"Dutchmicrodosing\",\"url\":\"https:\/\/dutchmicrodosing.com\/de\/\",\"logo\":{\"@type\":\"ImageObject\",\"inLanguage\":\"de\",\"@id\":\"https:\/\/dutchmicrodosing.com\/de\/#\/schema\/logo\/image\/\",\"url\":\"https:\/\/dutchmicrodosing.com\/wp-content\/uploads\/2021\/01\/microdosing-categorie-pic-nieuw.jpg\",\"contentUrl\":\"https:\/\/dutchmicrodosing.com\/wp-content\/uploads\/2021\/01\/microdosing-categorie-pic-nieuw.jpg\",\"width\":500,\"height\":500,\"caption\":\"Dutchmicrodosing\"},\"image\":{\"@id\":\"https:\/\/dutchmicrodosing.com\/de\/#\/schema\/logo\/image\/\"},\"sameAs\":[\"https:\/\/www.facebook.com\/Dutchmicrodosingxp\/\",\"https:\/\/www.instagram.com\/dutchmicrodosing\/\"]}]}<\/script>\n<meta property=\"product:price:amount\" content=\"34.95\" \/>\n<meta property=\"product:price:currency\" content=\"EUR\" \/>\n<meta property=\"og:availability\" content=\"instock\" \/>\n<meta property=\"product:availability\" content=\"instock\" \/>\n<meta property=\"product:retailer_item_id\" content=\"2204633\" \/>\n<meta property=\"product:condition\" content=\"new\" \/>\n<!-- \/ Yoast SEO Premium plugin. -->","yoast_head_json":{"title":"Fantastisch 5 - 120 Kapseln - Dutchmicrodosing","robots":{"index":"index","follow":"follow","max-snippet":"max-snippet:-1","max-image-preview":"max-image-preview:large","max-video-preview":"max-video-preview:-1"},"canonical":"https:\/\/dutchmicrodosing.com\/de\/reformhaus\/energie-erganzungen\/fantastisch-5-120-kappen\/","og_locale":"de_DE","og_type":"article","og_title":"Fantastisch 5 - 120 Kapseln","og_description":"das McMyco Fantastic 5 hilft besonders bei der St\u00e4rkung des Immunsystems. Jeder Pilz in dieser Mischung hat einzigartige Eigenschaften, die zur","og_url":"https:\/\/dutchmicrodosing.com\/de\/reformhaus\/energie-erganzungen\/fantastisch-5-120-kappen\/","og_site_name":"Dutchmicrodosing","article_publisher":"https:\/\/www.facebook.com\/Dutchmicrodosingxp\/","article_modified_time":"2025-09-21T09:05:14+00:00","og_image":[{"width":1000,"height":1000,"url":"https:\/\/dutchmicrodosing.com\/wp-content\/uploads\/2024\/11\/Fantastic-5.jpg","type":"image\/jpeg"}],"twitter_card":"summary_large_image","schema":{"@context":"https:\/\/schema.org","@graph":[{"@type":"WebPage","@id":"https:\/\/dutchmicrodosing.com\/de\/reformhaus\/energie-erganzungen\/fantastisch-5-120-kappen\/","url":"https:\/\/dutchmicrodosing.com\/de\/reformhaus\/energie-erganzungen\/fantastisch-5-120-kappen\/","name":"Fantastisch 5 - 120 Kapseln - Dutchmicrodosing","isPartOf":{"@id":"https:\/\/dutchmicrodosing.com\/de\/#website"},"primaryImageOfPage":{"@id":"https:\/\/dutchmicrodosing.com\/de\/reformhaus\/energie-erganzungen\/fantastisch-5-120-kappen\/#primaryimage"},"image":{"@id":"https:\/\/dutchmicrodosing.com\/de\/reformhaus\/energie-erganzungen\/fantastisch-5-120-kappen\/#primaryimage"},"thumbnailUrl":"https:\/\/dutchmicrodosing.com\/wp-content\/uploads\/2024\/11\/Fantastic-5.jpg","datePublished":"2024-11-11T08:33:21+00:00","dateModified":"2025-09-21T09:05:14+00:00","breadcrumb":{"@id":"https:\/\/dutchmicrodosing.com\/de\/reformhaus\/energie-erganzungen\/fantastisch-5-120-kappen\/#breadcrumb"},"inLanguage":"de","potentialAction":[{"@type":"ReadAction","target":["https:\/\/dutchmicrodosing.com\/de\/reformhaus\/energie-erganzungen\/fantastisch-5-120-kappen\/"]}]},{"@type":"ImageObject","inLanguage":"de","@id":"https:\/\/dutchmicrodosing.com\/de\/reformhaus\/energie-erganzungen\/fantastisch-5-120-kappen\/#primaryimage","url":"https:\/\/dutchmicrodosing.com\/wp-content\/uploads\/2024\/11\/Fantastic-5.jpg","contentUrl":"https:\/\/dutchmicrodosing.com\/wp-content\/uploads\/2024\/11\/Fantastic-5.jpg","width":1000,"height":1000},{"@type":"BreadcrumbList","@id":"https:\/\/dutchmicrodosing.com\/de\/reformhaus\/energie-erganzungen\/fantastisch-5-120-kappen\/#breadcrumb","itemListElement":[{"@type":"ListItem","position":1,"name":"Home","item":"https:\/\/dutchmicrodosing.com\/de\/"},{"@type":"ListItem","position":2,"name":"Shop","item":"https:\/\/dutchmicrodosing.com\/de\/shop\/"},{"@type":"ListItem","position":3,"name":"Fantastisch 5 &#8211; 120 Kapseln"}]},{"@type":"WebSite","@id":"https:\/\/dutchmicrodosing.com\/de\/#website","url":"https:\/\/dutchmicrodosing.com\/de\/","name":"Dutchmicrodosing","description":"","publisher":{"@id":"https:\/\/dutchmicrodosing.com\/de\/#organization"},"potentialAction":[{"@type":"SearchAction","target":{"@type":"EntryPoint","urlTemplate":"https:\/\/dutchmicrodosing.com\/de\/?s={search_term_string}"},"query-input":{"@type":"PropertyValueSpecification","valueRequired":true,"valueName":"search_term_string"}}],"inLanguage":"de"},{"@type":"Organization","@id":"https:\/\/dutchmicrodosing.com\/de\/#organization","name":"Dutchmicrodosing","url":"https:\/\/dutchmicrodosing.com\/de\/","logo":{"@type":"ImageObject","inLanguage":"de","@id":"https:\/\/dutchmicrodosing.com\/de\/#\/schema\/logo\/image\/","url":"https:\/\/dutchmicrodosing.com\/wp-content\/uploads\/2021\/01\/microdosing-categorie-pic-nieuw.jpg","contentUrl":"https:\/\/dutchmicrodosing.com\/wp-content\/uploads\/2021\/01\/microdosing-categorie-pic-nieuw.jpg","width":500,"height":500,"caption":"Dutchmicrodosing"},"image":{"@id":"https:\/\/dutchmicrodosing.com\/de\/#\/schema\/logo\/image\/"},"sameAs":["https:\/\/www.facebook.com\/Dutchmicrodosingxp\/","https:\/\/www.instagram.com\/dutchmicrodosing\/"]}]},"product_price_amount":"34.95","product_price_currency":"EUR","og_availability":"instock","product_availability":"instock","product_retailer_item_id":"2204633","product_condition":"new"},"_links":{"self":[{"href":"https:\/\/dutchmicrodosing.com\/de\/wp-json\/wp\/v2\/product\/43643","targetHints":{"allow":["GET"]}}],"collection":[{"href":"https:\/\/dutchmicrodosing.com\/de\/wp-json\/wp\/v2\/product"}],"about":[{"href":"https:\/\/dutchmicrodosing.com\/de\/wp-json\/wp\/v2\/types\/product"}],"replies":[{"embeddable":true,"href":"https:\/\/dutchmicrodosing.com\/de\/wp-json\/wp\/v2\/comments?post=43643"}],"version-history":[{"count":0,"href":"https:\/\/dutchmicrodosing.com\/de\/wp-json\/wp\/v2\/product\/43643\/revisions"}],"wp:featuredmedia":[{"embeddable":true,"href":"https:\/\/dutchmicrodosing.com\/de\/wp-json\/wp\/v2\/media\/43621"}],"wp:attachment":[{"href":"https:\/\/dutchmicrodosing.com\/de\/wp-json\/wp\/v2\/media?parent=43643"}],"wp:term":[{"taxonomy":"product_brand","embeddable":true,"href":"https:\/\/dutchmicrodosing.com\/de\/wp-json\/wp\/v2\/product_brand?post=43643"},{"taxonomy":"product_cat","embeddable":true,"href":"https:\/\/dutchmicrodosing.com\/de\/wp-json\/wp\/v2\/product_cat?post=43643"},{"taxonomy":"product_tag","embeddable":true,"href":"https:\/\/dutchmicrodosing.com\/de\/wp-json\/wp\/v2\/product_tag?post=43643"}],"curies":[{"name":"wp","href":"https:\/\/api.w.org\/{rel}","templated":true}]}}