{"id":43646,"date":"2024-11-11T10:46:02","date_gmt":"2024-11-11T09:46:02","guid":{"rendered":"https:\/\/dutchmicrodosing.com\/shop\/unkategorisiert\/cordyceps-sinensis-120-kapseln\/"},"modified":"2025-09-09T09:38:08","modified_gmt":"2025-09-09T07:38:08","slug":"cordyceps-sinensis-120-kapseln","status":"publish","type":"product","link":"https:\/\/dutchmicrodosing.com\/de\/medizinische-pilze\/cordyceps-sinensis-120-kapseln\/","title":{"rendered":"Cordyceps (Sinensis)- 120 Kapseln"},"content":{"rendered":"<p>Der <strong>Cordyceps sinensis<\/strong>, der heute oft als <strong>Ophiocordyceps sinensis<\/strong> identifiziert wird, ist eine au\u00dfergew\u00f6hnliche Art in der Welt der Heilpilze, die f\u00fcr ihre einzigartige Wachstumsweise bekannt ist, insbesondere in Tibet und China. Dieser Pilz wird schon seit langem in der Traditionellen Chinesischen Medizin (TCM) verwendet, vor allem wegen seines Potenzials, Energie und Vitalit\u00e4t zu steigern.<\/p>\n<h3>Inhaltsstoffe<\/h3>\n<ul>\n<li>Pro Kapsel: 400mg Cordyceps sinensis Extrakt aus 100% Fruchtk\u00f6rperpilz.<\/li>\n<li>Hilfsstoffe: Magnesiumcitrat und Siliciumdioxid.<\/li>\n<\/ul>\n<p>Es ist ein Vollspektrumextrakt, der mittels H2O und Ethanol gewonnen wird. Dies dient dazu, das Beste aus den Fruchtk\u00f6rpern herauszuholen. Es enth\u00e4lt 30% Polysaccharide und Beta-Glucane.<\/p>\n<h3>Auswirkungen<\/h3>\n<p>Cordyceps gibt Energie und ist gut f\u00fcr das Immunsystem! Cordyceps f\u00f6rdert die Ausdauer, die Sauerstoffaufnahme und tr\u00e4gt zu einem gesunden Stoffwechsel bei. Die perfekte Formel f\u00fcr die Sportler unter uns!<\/p>\n<h3>Verwenden Sie<\/h3>\n<p>Nehmen Sie nicht mehr als 1 Kapsel zweimal t\u00e4glich mit Wasser w\u00e4hrend einer Mahlzeit ein.<\/p>\n<h3>Hinweise zur Lagerung<\/h3>\n<p>Bewahren Sie dieses Produkt an einem dunklen, k\u00fchlen Ort auf, z. B. in einem K\u00fcchenschrank und au\u00dferhalb der Reichweite von Kindern.<\/p>\n<h3>Inhalt<\/h3>\n<p>Cordyceps sinensis Energetic McMyco &#8211; 120 Kapseln.<\/p>\n<h3>Achtung!<\/h3>\n<p>Konsultieren Sie vor der Anwendung Ihren Arzt, wenn Sie schwanger sind, stillen oder gesundheitliche Probleme haben.<\/p>\n","protected":false},"excerpt":{"rendered":"<p>Der Cordyceps sinensis, der heute oft als Ophiocordyceps sinensis identifiziert wird, ist eine au\u00dfergew\u00f6hnliche Art in der Welt der Heilpilze, die f\u00fcr ihre einzigartige Wachstumsweise bekannt ist, insbesondere in Tibet und China. Dieser Pilz wird schon seit langem in der Traditionellen Chinesischen Medizin (TCM) verwendet, vor allem wegen seines Potenzials, Energie und Vitalit\u00e4t zu steigern. [&hellip;]<\/p>\n","protected":false},"featured_media":43635,"comment_status":"closed","ping_status":"closed","template":"","meta":[],"product_brand":[],"product_cat":[292,293,114],"product_tag":[],"class_list":{"0":"post-43646","1":"product","2":"type-product","3":"status-publish","4":"has-post-thumbnail","6":"product_cat-energie-erganzungen","7":"product_cat-erganzungen-fur-das-immunsystem","8":"product_cat-medizinische-pilze","10":"first","11":"instock","12":"taxable","13":"shipping-taxable","14":"purchasable","15":"product-type-simple"},"yoast_head":"<!-- This site is optimized with the Yoast SEO Premium plugin v26.4 (Yoast SEO v27.2) - https:\/\/yoast.com\/product\/yoast-seo-premium-wordpress\/ -->\n<title>Cordyceps (Sinensis)- 120 Kapseln - Dutchmicrodosing<\/title>\n<meta name=\"robots\" content=\"index, follow, max-snippet:-1, max-image-preview:large, max-video-preview:-1\" \/>\n<link rel=\"canonical\" href=\"https:\/\/dutchmicrodosing.com\/de\/medizinische-pilze\/cordyceps-sinensis-120-kapseln\/\" \/>\n<meta property=\"og:locale\" content=\"de_DE\" \/>\n<meta property=\"og:type\" content=\"article\" \/>\n<meta property=\"og:title\" content=\"Cordyceps (Sinensis)- 120 Kapseln\" \/>\n<meta property=\"og:description\" content=\"Der Cordyceps sinensis, der heute oft als Ophiocordyceps sinensis identifiziert wird, ist eine au\u00dfergew\u00f6hnliche Art in der Welt der Heilpilze, die f\u00fcr\" \/>\n<meta property=\"og:url\" content=\"https:\/\/dutchmicrodosing.com\/de\/medizinische-pilze\/cordyceps-sinensis-120-kapseln\/\" \/>\n<meta property=\"og:site_name\" content=\"Dutchmicrodosing\" \/>\n<meta property=\"article:publisher\" content=\"https:\/\/www.facebook.com\/Dutchmicrodosingxp\/\" \/>\n<meta property=\"article:modified_time\" content=\"2025-09-09T07:38:08+00:00\" \/>\n<meta property=\"og:image\" content=\"https:\/\/dutchmicrodosing.com\/wp-content\/uploads\/2024\/11\/Cordyceps-1.jpg\" \/>\n\t<meta property=\"og:image:width\" content=\"1000\" \/>\n\t<meta property=\"og:image:height\" content=\"1000\" \/>\n\t<meta property=\"og:image:type\" content=\"image\/jpeg\" \/>\n<meta name=\"twitter:card\" content=\"summary_large_image\" \/>\n<script type=\"application\/ld+json\" class=\"yoast-schema-graph\">{\"@context\":\"https:\/\/schema.org\",\"@graph\":[{\"@type\":\"WebPage\",\"@id\":\"https:\/\/dutchmicrodosing.com\/de\/medizinische-pilze\/cordyceps-sinensis-120-kapseln\/\",\"url\":\"https:\/\/dutchmicrodosing.com\/de\/medizinische-pilze\/cordyceps-sinensis-120-kapseln\/\",\"name\":\"Cordyceps (Sinensis)- 120 Kapseln - Dutchmicrodosing\",\"isPartOf\":{\"@id\":\"https:\/\/dutchmicrodosing.com\/de\/#website\"},\"primaryImageOfPage\":{\"@id\":\"https:\/\/dutchmicrodosing.com\/de\/medizinische-pilze\/cordyceps-sinensis-120-kapseln\/#primaryimage\"},\"image\":{\"@id\":\"https:\/\/dutchmicrodosing.com\/de\/medizinische-pilze\/cordyceps-sinensis-120-kapseln\/#primaryimage\"},\"thumbnailUrl\":\"https:\/\/dutchmicrodosing.com\/wp-content\/uploads\/2024\/11\/Cordyceps-1.jpg\",\"datePublished\":\"2024-11-11T09:46:02+00:00\",\"dateModified\":\"2025-09-09T07:38:08+00:00\",\"breadcrumb\":{\"@id\":\"https:\/\/dutchmicrodosing.com\/de\/medizinische-pilze\/cordyceps-sinensis-120-kapseln\/#breadcrumb\"},\"inLanguage\":\"de\",\"potentialAction\":[{\"@type\":\"ReadAction\",\"target\":[\"https:\/\/dutchmicrodosing.com\/de\/medizinische-pilze\/cordyceps-sinensis-120-kapseln\/\"]}]},{\"@type\":\"ImageObject\",\"inLanguage\":\"de\",\"@id\":\"https:\/\/dutchmicrodosing.com\/de\/medizinische-pilze\/cordyceps-sinensis-120-kapseln\/#primaryimage\",\"url\":\"https:\/\/dutchmicrodosing.com\/wp-content\/uploads\/2024\/11\/Cordyceps-1.jpg\",\"contentUrl\":\"https:\/\/dutchmicrodosing.com\/wp-content\/uploads\/2024\/11\/Cordyceps-1.jpg\",\"width\":1000,\"height\":1000},{\"@type\":\"BreadcrumbList\",\"@id\":\"https:\/\/dutchmicrodosing.com\/de\/medizinische-pilze\/cordyceps-sinensis-120-kapseln\/#breadcrumb\",\"itemListElement\":[{\"@type\":\"ListItem\",\"position\":1,\"name\":\"Home\",\"item\":\"https:\/\/dutchmicrodosing.com\/de\/\"},{\"@type\":\"ListItem\",\"position\":2,\"name\":\"Shop\",\"item\":\"https:\/\/dutchmicrodosing.com\/de\/shop\/\"},{\"@type\":\"ListItem\",\"position\":3,\"name\":\"Cordyceps (Sinensis)- 120 Kapseln\"}]},{\"@type\":\"WebSite\",\"@id\":\"https:\/\/dutchmicrodosing.com\/de\/#website\",\"url\":\"https:\/\/dutchmicrodosing.com\/de\/\",\"name\":\"Dutchmicrodosing\",\"description\":\"\",\"publisher\":{\"@id\":\"https:\/\/dutchmicrodosing.com\/de\/#organization\"},\"potentialAction\":[{\"@type\":\"SearchAction\",\"target\":{\"@type\":\"EntryPoint\",\"urlTemplate\":\"https:\/\/dutchmicrodosing.com\/de\/?s={search_term_string}\"},\"query-input\":{\"@type\":\"PropertyValueSpecification\",\"valueRequired\":true,\"valueName\":\"search_term_string\"}}],\"inLanguage\":\"de\"},{\"@type\":\"Organization\",\"@id\":\"https:\/\/dutchmicrodosing.com\/de\/#organization\",\"name\":\"Dutchmicrodosing\",\"url\":\"https:\/\/dutchmicrodosing.com\/de\/\",\"logo\":{\"@type\":\"ImageObject\",\"inLanguage\":\"de\",\"@id\":\"https:\/\/dutchmicrodosing.com\/de\/#\/schema\/logo\/image\/\",\"url\":\"https:\/\/dutchmicrodosing.com\/wp-content\/uploads\/2021\/01\/microdosing-categorie-pic-nieuw.jpg\",\"contentUrl\":\"https:\/\/dutchmicrodosing.com\/wp-content\/uploads\/2021\/01\/microdosing-categorie-pic-nieuw.jpg\",\"width\":500,\"height\":500,\"caption\":\"Dutchmicrodosing\"},\"image\":{\"@id\":\"https:\/\/dutchmicrodosing.com\/de\/#\/schema\/logo\/image\/\"},\"sameAs\":[\"https:\/\/www.facebook.com\/Dutchmicrodosingxp\/\",\"https:\/\/www.instagram.com\/dutchmicrodosing\/\"]}]}<\/script>\n<meta property=\"product:price:amount\" content=\"34.95\" \/>\n<meta property=\"product:price:currency\" content=\"EUR\" \/>\n<meta property=\"og:availability\" content=\"instock\" \/>\n<meta property=\"product:availability\" content=\"instock\" \/>\n<meta property=\"product:retailer_item_id\" content=\"1203442\" \/>\n<meta property=\"product:condition\" content=\"new\" \/>\n<!-- \/ Yoast SEO Premium plugin. -->","yoast_head_json":{"title":"Cordyceps (Sinensis)- 120 Kapseln - Dutchmicrodosing","robots":{"index":"index","follow":"follow","max-snippet":"max-snippet:-1","max-image-preview":"max-image-preview:large","max-video-preview":"max-video-preview:-1"},"canonical":"https:\/\/dutchmicrodosing.com\/de\/medizinische-pilze\/cordyceps-sinensis-120-kapseln\/","og_locale":"de_DE","og_type":"article","og_title":"Cordyceps (Sinensis)- 120 Kapseln","og_description":"Der Cordyceps sinensis, der heute oft als Ophiocordyceps sinensis identifiziert wird, ist eine au\u00dfergew\u00f6hnliche Art in der Welt der Heilpilze, die f\u00fcr","og_url":"https:\/\/dutchmicrodosing.com\/de\/medizinische-pilze\/cordyceps-sinensis-120-kapseln\/","og_site_name":"Dutchmicrodosing","article_publisher":"https:\/\/www.facebook.com\/Dutchmicrodosingxp\/","article_modified_time":"2025-09-09T07:38:08+00:00","og_image":[{"width":1000,"height":1000,"url":"https:\/\/dutchmicrodosing.com\/wp-content\/uploads\/2024\/11\/Cordyceps-1.jpg","type":"image\/jpeg"}],"twitter_card":"summary_large_image","schema":{"@context":"https:\/\/schema.org","@graph":[{"@type":"WebPage","@id":"https:\/\/dutchmicrodosing.com\/de\/medizinische-pilze\/cordyceps-sinensis-120-kapseln\/","url":"https:\/\/dutchmicrodosing.com\/de\/medizinische-pilze\/cordyceps-sinensis-120-kapseln\/","name":"Cordyceps (Sinensis)- 120 Kapseln - Dutchmicrodosing","isPartOf":{"@id":"https:\/\/dutchmicrodosing.com\/de\/#website"},"primaryImageOfPage":{"@id":"https:\/\/dutchmicrodosing.com\/de\/medizinische-pilze\/cordyceps-sinensis-120-kapseln\/#primaryimage"},"image":{"@id":"https:\/\/dutchmicrodosing.com\/de\/medizinische-pilze\/cordyceps-sinensis-120-kapseln\/#primaryimage"},"thumbnailUrl":"https:\/\/dutchmicrodosing.com\/wp-content\/uploads\/2024\/11\/Cordyceps-1.jpg","datePublished":"2024-11-11T09:46:02+00:00","dateModified":"2025-09-09T07:38:08+00:00","breadcrumb":{"@id":"https:\/\/dutchmicrodosing.com\/de\/medizinische-pilze\/cordyceps-sinensis-120-kapseln\/#breadcrumb"},"inLanguage":"de","potentialAction":[{"@type":"ReadAction","target":["https:\/\/dutchmicrodosing.com\/de\/medizinische-pilze\/cordyceps-sinensis-120-kapseln\/"]}]},{"@type":"ImageObject","inLanguage":"de","@id":"https:\/\/dutchmicrodosing.com\/de\/medizinische-pilze\/cordyceps-sinensis-120-kapseln\/#primaryimage","url":"https:\/\/dutchmicrodosing.com\/wp-content\/uploads\/2024\/11\/Cordyceps-1.jpg","contentUrl":"https:\/\/dutchmicrodosing.com\/wp-content\/uploads\/2024\/11\/Cordyceps-1.jpg","width":1000,"height":1000},{"@type":"BreadcrumbList","@id":"https:\/\/dutchmicrodosing.com\/de\/medizinische-pilze\/cordyceps-sinensis-120-kapseln\/#breadcrumb","itemListElement":[{"@type":"ListItem","position":1,"name":"Home","item":"https:\/\/dutchmicrodosing.com\/de\/"},{"@type":"ListItem","position":2,"name":"Shop","item":"https:\/\/dutchmicrodosing.com\/de\/shop\/"},{"@type":"ListItem","position":3,"name":"Cordyceps (Sinensis)- 120 Kapseln"}]},{"@type":"WebSite","@id":"https:\/\/dutchmicrodosing.com\/de\/#website","url":"https:\/\/dutchmicrodosing.com\/de\/","name":"Dutchmicrodosing","description":"","publisher":{"@id":"https:\/\/dutchmicrodosing.com\/de\/#organization"},"potentialAction":[{"@type":"SearchAction","target":{"@type":"EntryPoint","urlTemplate":"https:\/\/dutchmicrodosing.com\/de\/?s={search_term_string}"},"query-input":{"@type":"PropertyValueSpecification","valueRequired":true,"valueName":"search_term_string"}}],"inLanguage":"de"},{"@type":"Organization","@id":"https:\/\/dutchmicrodosing.com\/de\/#organization","name":"Dutchmicrodosing","url":"https:\/\/dutchmicrodosing.com\/de\/","logo":{"@type":"ImageObject","inLanguage":"de","@id":"https:\/\/dutchmicrodosing.com\/de\/#\/schema\/logo\/image\/","url":"https:\/\/dutchmicrodosing.com\/wp-content\/uploads\/2021\/01\/microdosing-categorie-pic-nieuw.jpg","contentUrl":"https:\/\/dutchmicrodosing.com\/wp-content\/uploads\/2021\/01\/microdosing-categorie-pic-nieuw.jpg","width":500,"height":500,"caption":"Dutchmicrodosing"},"image":{"@id":"https:\/\/dutchmicrodosing.com\/de\/#\/schema\/logo\/image\/"},"sameAs":["https:\/\/www.facebook.com\/Dutchmicrodosingxp\/","https:\/\/www.instagram.com\/dutchmicrodosing\/"]}]},"product_price_amount":"34.95","product_price_currency":"EUR","og_availability":"instock","product_availability":"instock","product_retailer_item_id":"1203442","product_condition":"new"},"_links":{"self":[{"href":"https:\/\/dutchmicrodosing.com\/de\/wp-json\/wp\/v2\/product\/43646","targetHints":{"allow":["GET"]}}],"collection":[{"href":"https:\/\/dutchmicrodosing.com\/de\/wp-json\/wp\/v2\/product"}],"about":[{"href":"https:\/\/dutchmicrodosing.com\/de\/wp-json\/wp\/v2\/types\/product"}],"replies":[{"embeddable":true,"href":"https:\/\/dutchmicrodosing.com\/de\/wp-json\/wp\/v2\/comments?post=43646"}],"version-history":[{"count":0,"href":"https:\/\/dutchmicrodosing.com\/de\/wp-json\/wp\/v2\/product\/43646\/revisions"}],"wp:featuredmedia":[{"embeddable":true,"href":"https:\/\/dutchmicrodosing.com\/de\/wp-json\/wp\/v2\/media\/43635"}],"wp:attachment":[{"href":"https:\/\/dutchmicrodosing.com\/de\/wp-json\/wp\/v2\/media?parent=43646"}],"wp:term":[{"taxonomy":"product_brand","embeddable":true,"href":"https:\/\/dutchmicrodosing.com\/de\/wp-json\/wp\/v2\/product_brand?post=43646"},{"taxonomy":"product_cat","embeddable":true,"href":"https:\/\/dutchmicrodosing.com\/de\/wp-json\/wp\/v2\/product_cat?post=43646"},{"taxonomy":"product_tag","embeddable":true,"href":"https:\/\/dutchmicrodosing.com\/de\/wp-json\/wp\/v2\/product_tag?post=43646"}],"curies":[{"name":"wp","href":"https:\/\/api.w.org\/{rel}","templated":true}]}}