{"id":43659,"date":"2024-09-26T08:07:42","date_gmt":"2024-09-26T06:07:42","guid":{"rendered":"https:\/\/dutchmicrodosing.com\/shop\/unkategorisiert\/mikrodosis-synergie-60-kapseln\/"},"modified":"2025-12-05T20:39:14","modified_gmt":"2025-12-05T19:39:14","slug":"mikrodosis-synergie-60-kapseln","status":"publish","type":"product","link":"https:\/\/dutchmicrodosing.com\/de\/mikrodosierung\/mikrodosis-synergie-60-kapseln\/","title":{"rendered":"Microdose Synergy &#8211; 60 Kapseln"},"content":{"rendered":"<p>Erleben Sie die kraftvolle Mischung aus Natur und Wissenschaft mit <strong>Microdose Synergy L\u00f6wenm\u00e4hne <\/strong>mit Niacin, die speziell zur Unterst\u00fctzung Ihrer geistigen Klarheit, Konzentration und Ihres allgemeinen Wohlbefindens entwickelt wurde. Diese einzigartige Formel kombiniert die kognitiven Vorteile der L\u00f6wenm\u00e4hne mit der f\u00f6rdernden Wirkung von Niacin, um Ihnen zu helfen, die Neuroplastizit\u00e4t und die geistige Leistungsf\u00e4higkeit optimal zu nutzen.<\/p>\n<h3>Mikrodosierte Synergie von L\u00f6wenm\u00e4hne und Niacin<\/h3>\n<p><strong>L\u00f6wenm\u00e4hne<\/strong><br \/>\nDie L\u00f6wenm\u00e4hne, ein anerkannter Heilpilz, wird seit Jahrhunderten in der traditionellen Medizin wegen seines Potenzials, das Wachstum von Nervenzellen zu stimulieren, verwendet. Es ist bekannt f\u00fcr seine unterst\u00fctzende Wirkung auf das Nervensystem und die kognitiven Funktionen.<\/p>\n<p><strong>Niacin (Vitamin B3)<\/strong><br \/>\nNiacin tr\u00e4gt zu einer verbesserten Mikrozirkulation bei, die die N\u00e4hrstoffaufnahme optimiert und die Funktion von Gehirn und Nervensystem unterst\u00fctzt.<\/p>\n<p><strong>Synergie der Zutaten<\/strong><br \/>\nDie Kombination von L\u00f6wenm\u00e4hne und Niacin in Microdose Synergy McMyco bietet eine einzigartige Formel, die dazu beitragen kann:<\/p>\n<ul>\n<li>Verbesserte Konzentration und Fokussierung<\/li>\n<li>Mehr geistige Klarheit<\/li>\n<li>Eine nat\u00fcrliche Unterst\u00fctzung f\u00fcr Ihre t\u00e4gliche Produktivit\u00e4t<\/li>\n<\/ul>\n<h3>Zutaten pro vegane Kapsel<\/h3>\n<ul>\n<li>300mg Bio-L\u00f6wenm\u00e4hne<\/li>\n<li>50mg Niacin<\/li>\n<li>25mg Rosmarin-Extrakt<\/li>\n<li>25mg Ascorbins\u00e4ure<\/li>\n<\/ul>\n<h3>Verwenden Sie<\/h3>\n<p>Nehmen Sie 1 Kapsel bis zu 2 Mal t\u00e4glich mit Wasser ein, vorzugsweise w\u00e4hrend einer Mahlzeit. Die besten Ergebnisse erzielen Sie, wenn Sie dies mit einer Mikrodosierung kombinieren.<\/p>\n<h3>Hinweise zur Lagerung<\/h3>\n<p>Lagern Sie das Produkt an einem trockenen, k\u00fchlen und dunklen Ort, z.B. in einem K\u00fcchenschrank. Bewahren Sie es au\u00dferhalb der Reichweite von Kindern auf.<\/p>\n<h3>Inhalt<\/h3>\n<p>McMyco Microdose Synergy &#8211; 60 Kapseln<\/p>\n","protected":false},"excerpt":{"rendered":"<p>Erleben Sie die kraftvolle Mischung aus Natur und Wissenschaft mit Microdose Synergy L\u00f6wenm\u00e4hne mit Niacin, die speziell zur Unterst\u00fctzung Ihrer geistigen Klarheit, Konzentration und Ihres allgemeinen Wohlbefindens entwickelt wurde. Diese einzigartige Formel kombiniert die kognitiven Vorteile der L\u00f6wenm\u00e4hne mit der f\u00f6rdernden Wirkung von Niacin, um Ihnen zu helfen, die Neuroplastizit\u00e4t und die geistige Leistungsf\u00e4higkeit optimal [&hellip;]<\/p>\n","protected":false},"featured_media":42824,"comment_status":"closed","ping_status":"closed","template":"","meta":[],"product_brand":[],"product_cat":[111,114,317,293,322,116],"product_tag":[],"class_list":{"0":"post-43659","1":"product","2":"type-product","3":"status-publish","4":"has-post-thumbnail","6":"product_cat-mikrodosierung","7":"product_cat-medizinische-pilze","8":"product_cat-kreativitatserganzungsmittel","9":"product_cat-erganzungen-fur-das-immunsystem","10":"product_cat-konzentrationserganzungsmittel","11":"product_cat-vitamine-nahrungsergaenzungsmittel","13":"first","14":"instock","15":"taxable","16":"shipping-taxable","17":"purchasable","18":"product-type-simple"},"yoast_head":"<!-- This site is optimized with the Yoast SEO Premium plugin v26.4 (Yoast SEO v27.2) - https:\/\/yoast.com\/product\/yoast-seo-premium-wordpress\/ -->\n<title>Microdose Synergy - 60 Kapseln - Dutchmicrodosing<\/title>\n<meta name=\"description\" content=\"Microdose Synergy - 60 Kapseln mit L\u00f6wenm\u00e4hne und Niacin jetzt erh\u00e4ltlich bei Dutchmicrodosing! Kann mit Microdosing-Tr\u00fcffeln oder Magic Mushrooms kombiniert werden!\" \/>\n<meta name=\"robots\" content=\"index, follow, max-snippet:-1, max-image-preview:large, max-video-preview:-1\" \/>\n<link rel=\"canonical\" href=\"https:\/\/dutchmicrodosing.com\/de\/mikrodosierung\/mikrodosis-synergie-60-kapseln\/\" \/>\n<meta property=\"og:locale\" content=\"de_DE\" \/>\n<meta property=\"og:type\" content=\"article\" \/>\n<meta property=\"og:title\" content=\"Microdose Synergy - 60 Kapseln\" \/>\n<meta property=\"og:description\" content=\"Erleben Sie die kraftvolle Mischung aus Natur und Wissenschaft mit Microdose Synergy L\u00f6wenm\u00e4hne mit Niacin, die speziell zur Unterst\u00fctzung Ihrer geistigen\" \/>\n<meta property=\"og:url\" content=\"https:\/\/dutchmicrodosing.com\/de\/mikrodosierung\/mikrodosis-synergie-60-kapseln\/\" \/>\n<meta property=\"og:site_name\" content=\"Dutchmicrodosing\" \/>\n<meta property=\"article:publisher\" content=\"https:\/\/www.facebook.com\/Dutchmicrodosingxp\/\" \/>\n<meta property=\"article:modified_time\" content=\"2025-12-05T19:39:14+00:00\" \/>\n<meta property=\"og:image\" content=\"https:\/\/dutchmicrodosing.com\/wp-content\/uploads\/2024\/09\/Microdose_syn_01.jpg\" \/>\n\t<meta property=\"og:image:width\" content=\"1000\" \/>\n\t<meta property=\"og:image:height\" content=\"1000\" \/>\n\t<meta property=\"og:image:type\" content=\"image\/jpeg\" \/>\n<meta name=\"twitter:card\" content=\"summary_large_image\" \/>\n<script type=\"application\/ld+json\" class=\"yoast-schema-graph\">{\"@context\":\"https:\/\/schema.org\",\"@graph\":[{\"@type\":\"WebPage\",\"@id\":\"https:\/\/dutchmicrodosing.com\/de\/mikrodosierung\/mikrodosis-synergie-60-kapseln\/\",\"url\":\"https:\/\/dutchmicrodosing.com\/de\/mikrodosierung\/mikrodosis-synergie-60-kapseln\/\",\"name\":\"Microdose Synergy - 60 Kapseln - Dutchmicrodosing\",\"isPartOf\":{\"@id\":\"https:\/\/dutchmicrodosing.com\/de\/#website\"},\"primaryImageOfPage\":{\"@id\":\"https:\/\/dutchmicrodosing.com\/de\/mikrodosierung\/mikrodosis-synergie-60-kapseln\/#primaryimage\"},\"image\":{\"@id\":\"https:\/\/dutchmicrodosing.com\/de\/mikrodosierung\/mikrodosis-synergie-60-kapseln\/#primaryimage\"},\"thumbnailUrl\":\"https:\/\/dutchmicrodosing.com\/wp-content\/uploads\/2024\/09\/Microdose_syn_01.jpg\",\"datePublished\":\"2024-09-26T06:07:42+00:00\",\"dateModified\":\"2025-12-05T19:39:14+00:00\",\"description\":\"Microdose Synergy - 60 Kapseln mit L\u00f6wenm\u00e4hne und Niacin jetzt erh\u00e4ltlich bei Dutchmicrodosing! Kann mit Microdosing-Tr\u00fcffeln oder Magic Mushrooms kombiniert werden!\",\"breadcrumb\":{\"@id\":\"https:\/\/dutchmicrodosing.com\/de\/mikrodosierung\/mikrodosis-synergie-60-kapseln\/#breadcrumb\"},\"inLanguage\":\"de\",\"potentialAction\":[{\"@type\":\"ReadAction\",\"target\":[\"https:\/\/dutchmicrodosing.com\/de\/mikrodosierung\/mikrodosis-synergie-60-kapseln\/\"]}]},{\"@type\":\"ImageObject\",\"inLanguage\":\"de\",\"@id\":\"https:\/\/dutchmicrodosing.com\/de\/mikrodosierung\/mikrodosis-synergie-60-kapseln\/#primaryimage\",\"url\":\"https:\/\/dutchmicrodosing.com\/wp-content\/uploads\/2024\/09\/Microdose_syn_01.jpg\",\"contentUrl\":\"https:\/\/dutchmicrodosing.com\/wp-content\/uploads\/2024\/09\/Microdose_syn_01.jpg\",\"width\":1000,\"height\":1000},{\"@type\":\"BreadcrumbList\",\"@id\":\"https:\/\/dutchmicrodosing.com\/de\/mikrodosierung\/mikrodosis-synergie-60-kapseln\/#breadcrumb\",\"itemListElement\":[{\"@type\":\"ListItem\",\"position\":1,\"name\":\"Home\",\"item\":\"https:\/\/dutchmicrodosing.com\/de\/\"},{\"@type\":\"ListItem\",\"position\":2,\"name\":\"Shop\",\"item\":\"https:\/\/dutchmicrodosing.com\/de\/shop\/\"},{\"@type\":\"ListItem\",\"position\":3,\"name\":\"Microdose Synergy &#8211; 60 Kapseln\"}]},{\"@type\":\"WebSite\",\"@id\":\"https:\/\/dutchmicrodosing.com\/de\/#website\",\"url\":\"https:\/\/dutchmicrodosing.com\/de\/\",\"name\":\"Dutchmicrodosing\",\"description\":\"\",\"publisher\":{\"@id\":\"https:\/\/dutchmicrodosing.com\/de\/#organization\"},\"potentialAction\":[{\"@type\":\"SearchAction\",\"target\":{\"@type\":\"EntryPoint\",\"urlTemplate\":\"https:\/\/dutchmicrodosing.com\/de\/?s={search_term_string}\"},\"query-input\":{\"@type\":\"PropertyValueSpecification\",\"valueRequired\":true,\"valueName\":\"search_term_string\"}}],\"inLanguage\":\"de\"},{\"@type\":\"Organization\",\"@id\":\"https:\/\/dutchmicrodosing.com\/de\/#organization\",\"name\":\"Dutchmicrodosing\",\"url\":\"https:\/\/dutchmicrodosing.com\/de\/\",\"logo\":{\"@type\":\"ImageObject\",\"inLanguage\":\"de\",\"@id\":\"https:\/\/dutchmicrodosing.com\/de\/#\/schema\/logo\/image\/\",\"url\":\"https:\/\/dutchmicrodosing.com\/wp-content\/uploads\/2021\/01\/microdosing-categorie-pic-nieuw.jpg\",\"contentUrl\":\"https:\/\/dutchmicrodosing.com\/wp-content\/uploads\/2021\/01\/microdosing-categorie-pic-nieuw.jpg\",\"width\":500,\"height\":500,\"caption\":\"Dutchmicrodosing\"},\"image\":{\"@id\":\"https:\/\/dutchmicrodosing.com\/de\/#\/schema\/logo\/image\/\"},\"sameAs\":[\"https:\/\/www.facebook.com\/Dutchmicrodosingxp\/\",\"https:\/\/www.instagram.com\/dutchmicrodosing\/\"]}]}<\/script>\n<meta property=\"product:price:amount\" content=\"17.95\" \/>\n<meta property=\"product:price:currency\" content=\"EUR\" \/>\n<meta property=\"og:availability\" content=\"instock\" \/>\n<meta property=\"product:availability\" content=\"instock\" \/>\n<meta property=\"product:retailer_item_id\" content=\"4209769\" \/>\n<meta property=\"product:condition\" content=\"new\" \/>\n<!-- \/ Yoast SEO Premium plugin. -->","yoast_head_json":{"title":"Microdose Synergy - 60 Kapseln - Dutchmicrodosing","description":"Microdose Synergy - 60 Kapseln mit L\u00f6wenm\u00e4hne und Niacin jetzt erh\u00e4ltlich bei Dutchmicrodosing! Kann mit Microdosing-Tr\u00fcffeln oder Magic Mushrooms kombiniert werden!","robots":{"index":"index","follow":"follow","max-snippet":"max-snippet:-1","max-image-preview":"max-image-preview:large","max-video-preview":"max-video-preview:-1"},"canonical":"https:\/\/dutchmicrodosing.com\/de\/mikrodosierung\/mikrodosis-synergie-60-kapseln\/","og_locale":"de_DE","og_type":"article","og_title":"Microdose Synergy - 60 Kapseln","og_description":"Erleben Sie die kraftvolle Mischung aus Natur und Wissenschaft mit Microdose Synergy L\u00f6wenm\u00e4hne mit Niacin, die speziell zur Unterst\u00fctzung Ihrer geistigen","og_url":"https:\/\/dutchmicrodosing.com\/de\/mikrodosierung\/mikrodosis-synergie-60-kapseln\/","og_site_name":"Dutchmicrodosing","article_publisher":"https:\/\/www.facebook.com\/Dutchmicrodosingxp\/","article_modified_time":"2025-12-05T19:39:14+00:00","og_image":[{"width":1000,"height":1000,"url":"https:\/\/dutchmicrodosing.com\/wp-content\/uploads\/2024\/09\/Microdose_syn_01.jpg","type":"image\/jpeg"}],"twitter_card":"summary_large_image","schema":{"@context":"https:\/\/schema.org","@graph":[{"@type":"WebPage","@id":"https:\/\/dutchmicrodosing.com\/de\/mikrodosierung\/mikrodosis-synergie-60-kapseln\/","url":"https:\/\/dutchmicrodosing.com\/de\/mikrodosierung\/mikrodosis-synergie-60-kapseln\/","name":"Microdose Synergy - 60 Kapseln - Dutchmicrodosing","isPartOf":{"@id":"https:\/\/dutchmicrodosing.com\/de\/#website"},"primaryImageOfPage":{"@id":"https:\/\/dutchmicrodosing.com\/de\/mikrodosierung\/mikrodosis-synergie-60-kapseln\/#primaryimage"},"image":{"@id":"https:\/\/dutchmicrodosing.com\/de\/mikrodosierung\/mikrodosis-synergie-60-kapseln\/#primaryimage"},"thumbnailUrl":"https:\/\/dutchmicrodosing.com\/wp-content\/uploads\/2024\/09\/Microdose_syn_01.jpg","datePublished":"2024-09-26T06:07:42+00:00","dateModified":"2025-12-05T19:39:14+00:00","description":"Microdose Synergy - 60 Kapseln mit L\u00f6wenm\u00e4hne und Niacin jetzt erh\u00e4ltlich bei Dutchmicrodosing! Kann mit Microdosing-Tr\u00fcffeln oder Magic Mushrooms kombiniert werden!","breadcrumb":{"@id":"https:\/\/dutchmicrodosing.com\/de\/mikrodosierung\/mikrodosis-synergie-60-kapseln\/#breadcrumb"},"inLanguage":"de","potentialAction":[{"@type":"ReadAction","target":["https:\/\/dutchmicrodosing.com\/de\/mikrodosierung\/mikrodosis-synergie-60-kapseln\/"]}]},{"@type":"ImageObject","inLanguage":"de","@id":"https:\/\/dutchmicrodosing.com\/de\/mikrodosierung\/mikrodosis-synergie-60-kapseln\/#primaryimage","url":"https:\/\/dutchmicrodosing.com\/wp-content\/uploads\/2024\/09\/Microdose_syn_01.jpg","contentUrl":"https:\/\/dutchmicrodosing.com\/wp-content\/uploads\/2024\/09\/Microdose_syn_01.jpg","width":1000,"height":1000},{"@type":"BreadcrumbList","@id":"https:\/\/dutchmicrodosing.com\/de\/mikrodosierung\/mikrodosis-synergie-60-kapseln\/#breadcrumb","itemListElement":[{"@type":"ListItem","position":1,"name":"Home","item":"https:\/\/dutchmicrodosing.com\/de\/"},{"@type":"ListItem","position":2,"name":"Shop","item":"https:\/\/dutchmicrodosing.com\/de\/shop\/"},{"@type":"ListItem","position":3,"name":"Microdose Synergy &#8211; 60 Kapseln"}]},{"@type":"WebSite","@id":"https:\/\/dutchmicrodosing.com\/de\/#website","url":"https:\/\/dutchmicrodosing.com\/de\/","name":"Dutchmicrodosing","description":"","publisher":{"@id":"https:\/\/dutchmicrodosing.com\/de\/#organization"},"potentialAction":[{"@type":"SearchAction","target":{"@type":"EntryPoint","urlTemplate":"https:\/\/dutchmicrodosing.com\/de\/?s={search_term_string}"},"query-input":{"@type":"PropertyValueSpecification","valueRequired":true,"valueName":"search_term_string"}}],"inLanguage":"de"},{"@type":"Organization","@id":"https:\/\/dutchmicrodosing.com\/de\/#organization","name":"Dutchmicrodosing","url":"https:\/\/dutchmicrodosing.com\/de\/","logo":{"@type":"ImageObject","inLanguage":"de","@id":"https:\/\/dutchmicrodosing.com\/de\/#\/schema\/logo\/image\/","url":"https:\/\/dutchmicrodosing.com\/wp-content\/uploads\/2021\/01\/microdosing-categorie-pic-nieuw.jpg","contentUrl":"https:\/\/dutchmicrodosing.com\/wp-content\/uploads\/2021\/01\/microdosing-categorie-pic-nieuw.jpg","width":500,"height":500,"caption":"Dutchmicrodosing"},"image":{"@id":"https:\/\/dutchmicrodosing.com\/de\/#\/schema\/logo\/image\/"},"sameAs":["https:\/\/www.facebook.com\/Dutchmicrodosingxp\/","https:\/\/www.instagram.com\/dutchmicrodosing\/"]}]},"product_price_amount":"17.95","product_price_currency":"EUR","og_availability":"instock","product_availability":"instock","product_retailer_item_id":"4209769","product_condition":"new"},"_links":{"self":[{"href":"https:\/\/dutchmicrodosing.com\/de\/wp-json\/wp\/v2\/product\/43659","targetHints":{"allow":["GET"]}}],"collection":[{"href":"https:\/\/dutchmicrodosing.com\/de\/wp-json\/wp\/v2\/product"}],"about":[{"href":"https:\/\/dutchmicrodosing.com\/de\/wp-json\/wp\/v2\/types\/product"}],"replies":[{"embeddable":true,"href":"https:\/\/dutchmicrodosing.com\/de\/wp-json\/wp\/v2\/comments?post=43659"}],"version-history":[{"count":0,"href":"https:\/\/dutchmicrodosing.com\/de\/wp-json\/wp\/v2\/product\/43659\/revisions"}],"wp:featuredmedia":[{"embeddable":true,"href":"https:\/\/dutchmicrodosing.com\/de\/wp-json\/wp\/v2\/media\/42824"}],"wp:attachment":[{"href":"https:\/\/dutchmicrodosing.com\/de\/wp-json\/wp\/v2\/media?parent=43659"}],"wp:term":[{"taxonomy":"product_brand","embeddable":true,"href":"https:\/\/dutchmicrodosing.com\/de\/wp-json\/wp\/v2\/product_brand?post=43659"},{"taxonomy":"product_cat","embeddable":true,"href":"https:\/\/dutchmicrodosing.com\/de\/wp-json\/wp\/v2\/product_cat?post=43659"},{"taxonomy":"product_tag","embeddable":true,"href":"https:\/\/dutchmicrodosing.com\/de\/wp-json\/wp\/v2\/product_tag?post=43659"}],"curies":[{"name":"wp","href":"https:\/\/api.w.org\/{rel}","templated":true}]}}