{"id":44189,"date":"2024-11-25T09:42:35","date_gmt":"2024-11-25T08:42:35","guid":{"rendered":"https:\/\/dutchmicrodosing.com\/shop\/unkategorisiert\/stress-aid-complex-30-caps\/"},"modified":"2025-08-29T12:20:40","modified_gmt":"2025-08-29T10:20:40","slug":"stress-aid-complex-30-caps","status":"publish","type":"product","link":"https:\/\/dutchmicrodosing.com\/de\/reformhaus\/vitamine-nahrungsergaenzungsmittel\/stress-aid-complex-30-caps\/","title":{"rendered":"Stress Aid Complex &#8211; 30 Kapseln"},"content":{"rendered":"<p><strong>Das Nahrungserg\u00e4nzungsmittel Stress Aid von Together <\/strong> wurde entwickelt, um Sie in stressigen Zeiten zus\u00e4tzlich zu unterst\u00fctzen. Es kombiniert 11 Vitamine und Mineralien aus Vollwertkost mit nat\u00fcrlichem Magnesium, das aus dem Meer gewonnen wird. Die Formel enth\u00e4lt au\u00dferdem eine wirksame Mischung aus adaptogenen Kr\u00e4utern: Schisandra, Ashwagandha und Rhodiola, die dem K\u00f6rper helfen, sich an Stress anzupassen und das allgemeine Wohlbefinden zu verbessern.<\/p>\n<h3><strong>N\u00e4hrwertangaben pro Kapsel:<\/strong><\/h3>\n<ul>\n<li><strong>Vitamin E:<\/strong> 2,5 mg \u03b1-TE<\/li>\n<li><strong>Vitamin C:<\/strong> 25 mg<\/li>\n<li><strong>Thiamin (Vitamin B1):<\/strong> 2 mg<\/li>\n<li><strong>Riboflavin (Vitamin B2):<\/strong> 2 mg<\/li>\n<li><strong>Vitamin B6:<\/strong> 2 mg<\/li>\n<li><strong>Vitamin B12 (als Methylcobalamin):<\/strong> 5 \u03bcg<\/li>\n<li><strong>Biotin:<\/strong> 75 \u03bcg<\/li>\n<li><strong>Zink:<\/strong> 1,5 mg<\/li>\n<li><strong>Kupfer:<\/strong> 250 \u03bcg<\/li>\n<li><strong>Magnesium:<\/strong> 55 mg<\/li>\n<li><strong>Mangan:<\/strong> 0,3 mg<\/li>\n<li><strong>Selen:<\/strong> 30 \u03bcg<\/li>\n<li><strong>Schisandra:<\/strong> 100 mg<\/li>\n<li><strong>Ashwagandha KSM-66\u00ae Vollspektrum-Extrakt (Withania somnifera Wurzel mit 5% Withanoliden und weniger als 0,1% Withaferin A):<\/strong> 100 mg<\/li>\n<li><strong>Rhodiola:<\/strong> 100 mg<\/li>\n<\/ul>\n<h3><strong>Zutaten:<\/strong><\/h3>\n<ul>\n<li>Hefekonzentrat* (liefert Selen, Zink, Kupfer, Riboflavin, Vitamin B6, Thiamin, Vitamin B12 und Mangan)<\/li>\n<li>Lithothamnion Calcareum Meeresalgen (liefert Magnesium)<\/li>\n<li>Zitrusfruchtfleisch (liefert Vitamin C)<\/li>\n<li>Vitamin E kombiniert in Pflanzen\u00f6l<\/li>\n<li>Maismehl (liefert Biotin)<\/li>\n<li>Schisandra Pulver (Pfefferbeere)<\/li>\n<li>Ashwagandha-Wurzel-Extrakt<\/li>\n<li>Rhodiola Pulver<\/li>\n<li>Vegecap (Pflanzliche Zellulose)<\/li>\n<li>*Eine inaktive und nicht kandidatenf\u00e4hige Hefe, keine bekannten allergischen Reaktionen<\/li>\n<\/ul>\n<h3><strong>Warnungen:<\/strong><\/h3>\n<ul>\n<li>Verwenden Sie es nicht w\u00e4hrend der Schwangerschaft oder Stillzeit.<\/li>\n<li>Bei Menschen mit Schilddr\u00fcsen\u00fcberfunktion oder schweren Lebererkrankungen ist bei der Einnahme von Ashwagandha Vorsicht geboten.<\/li>\n<li>Konsultieren Sie vor der Einnahme Ihren Arzt oder Apotheker im Falle der Einnahme von Medikamenten (Antidepressiva), Lebererkrankungen, Schilddr\u00fcsenerkrankungen und\/oder der Einnahme von Schilddr\u00fcsenhormonen.<\/li>\n<\/ul>\n<h3>Inhalt<\/h3>\n<p>30 Kapseln<\/p>\n","protected":false},"excerpt":{"rendered":"<p>Das Nahrungserg\u00e4nzungsmittel Stress Aid von Together wurde entwickelt, um Sie in stressigen Zeiten zus\u00e4tzlich zu unterst\u00fctzen. Es kombiniert 11 Vitamine und Mineralien aus Vollwertkost mit nat\u00fcrlichem Magnesium, das aus dem Meer gewonnen wird. Die Formel enth\u00e4lt au\u00dferdem eine wirksame Mischung aus adaptogenen Kr\u00e4utern: Schisandra, Ashwagandha und Rhodiola, die dem K\u00f6rper helfen, sich an Stress anzupassen [&hellip;]<\/p>\n","protected":false},"featured_media":43868,"comment_status":"closed","ping_status":"closed","template":"","meta":[],"product_brand":[],"product_cat":[306,116],"product_tag":[],"class_list":{"0":"post-44189","1":"product","2":"type-product","3":"status-publish","4":"has-post-thumbnail","6":"product_cat-entspannende-erganzungen","7":"product_cat-vitamine-nahrungsergaenzungsmittel","9":"first","10":"instock","11":"taxable","12":"shipping-taxable","13":"purchasable","14":"product-type-simple"},"yoast_head":"<!-- This site is optimized with the Yoast SEO Premium plugin v26.4 (Yoast SEO v27.4) - https:\/\/yoast.com\/product\/yoast-seo-premium-wordpress\/ -->\n<title>Stress Aid Complex - 30 Kapseln - Dutchmicrodosing<\/title>\n<meta name=\"robots\" content=\"index, follow, max-snippet:-1, max-image-preview:large, max-video-preview:-1\" \/>\n<link rel=\"canonical\" href=\"https:\/\/dutchmicrodosing.com\/de\/reformhaus\/vitamine-nahrungsergaenzungsmittel\/stress-aid-complex-30-caps\/\" \/>\n<meta property=\"og:locale\" content=\"de_DE\" \/>\n<meta property=\"og:type\" content=\"article\" \/>\n<meta property=\"og:title\" content=\"Stress Aid Complex - 30 Kapseln\" \/>\n<meta property=\"og:description\" content=\"Das Nahrungserg\u00e4nzungsmittel Stress Aid von Together wurde entwickelt, um Sie in stressigen Zeiten zus\u00e4tzlich zu unterst\u00fctzen. Es kombiniert 11 Vitamine\" \/>\n<meta property=\"og:url\" content=\"https:\/\/dutchmicrodosing.com\/de\/reformhaus\/vitamine-nahrungsergaenzungsmittel\/stress-aid-complex-30-caps\/\" \/>\n<meta property=\"og:site_name\" content=\"Dutchmicrodosing\" \/>\n<meta property=\"article:publisher\" content=\"https:\/\/www.facebook.com\/Dutchmicrodosingxp\/\" \/>\n<meta property=\"article:modified_time\" content=\"2025-08-29T10:20:40+00:00\" \/>\n<meta property=\"og:image\" content=\"https:\/\/dutchmicrodosing.com\/wp-content\/uploads\/2024\/11\/2428_stress-aid-complex-_together_-30caps-1-1.jpg\" \/>\n\t<meta property=\"og:image:width\" content=\"700\" \/>\n\t<meta property=\"og:image:height\" content=\"700\" \/>\n\t<meta property=\"og:image:type\" content=\"image\/jpeg\" \/>\n<meta name=\"twitter:card\" content=\"summary_large_image\" \/>\n<script type=\"application\/ld+json\" class=\"yoast-schema-graph\">{\"@context\":\"https:\\\/\\\/schema.org\",\"@graph\":[{\"@type\":\"WebPage\",\"@id\":\"https:\\\/\\\/dutchmicrodosing.com\\\/de\\\/reformhaus\\\/vitamine-nahrungsergaenzungsmittel\\\/stress-aid-complex-30-caps\\\/\",\"url\":\"https:\\\/\\\/dutchmicrodosing.com\\\/de\\\/reformhaus\\\/vitamine-nahrungsergaenzungsmittel\\\/stress-aid-complex-30-caps\\\/\",\"name\":\"Stress Aid Complex - 30 Kapseln - Dutchmicrodosing\",\"isPartOf\":{\"@id\":\"https:\\\/\\\/dutchmicrodosing.com\\\/de\\\/#website\"},\"primaryImageOfPage\":{\"@id\":\"https:\\\/\\\/dutchmicrodosing.com\\\/de\\\/reformhaus\\\/vitamine-nahrungsergaenzungsmittel\\\/stress-aid-complex-30-caps\\\/#primaryimage\"},\"image\":{\"@id\":\"https:\\\/\\\/dutchmicrodosing.com\\\/de\\\/reformhaus\\\/vitamine-nahrungsergaenzungsmittel\\\/stress-aid-complex-30-caps\\\/#primaryimage\"},\"thumbnailUrl\":\"https:\\\/\\\/dutchmicrodosing.com\\\/wp-content\\\/uploads\\\/2024\\\/11\\\/2428_stress-aid-complex-_together_-30caps-1-1.jpg\",\"datePublished\":\"2024-11-25T08:42:35+00:00\",\"dateModified\":\"2025-08-29T10:20:40+00:00\",\"breadcrumb\":{\"@id\":\"https:\\\/\\\/dutchmicrodosing.com\\\/de\\\/reformhaus\\\/vitamine-nahrungsergaenzungsmittel\\\/stress-aid-complex-30-caps\\\/#breadcrumb\"},\"inLanguage\":\"de\",\"potentialAction\":[{\"@type\":\"ReadAction\",\"target\":[\"https:\\\/\\\/dutchmicrodosing.com\\\/de\\\/reformhaus\\\/vitamine-nahrungsergaenzungsmittel\\\/stress-aid-complex-30-caps\\\/\"]}]},{\"@type\":\"ImageObject\",\"inLanguage\":\"de\",\"@id\":\"https:\\\/\\\/dutchmicrodosing.com\\\/de\\\/reformhaus\\\/vitamine-nahrungsergaenzungsmittel\\\/stress-aid-complex-30-caps\\\/#primaryimage\",\"url\":\"https:\\\/\\\/dutchmicrodosing.com\\\/wp-content\\\/uploads\\\/2024\\\/11\\\/2428_stress-aid-complex-_together_-30caps-1-1.jpg\",\"contentUrl\":\"https:\\\/\\\/dutchmicrodosing.com\\\/wp-content\\\/uploads\\\/2024\\\/11\\\/2428_stress-aid-complex-_together_-30caps-1-1.jpg\",\"width\":700,\"height\":700},{\"@type\":\"BreadcrumbList\",\"@id\":\"https:\\\/\\\/dutchmicrodosing.com\\\/de\\\/reformhaus\\\/vitamine-nahrungsergaenzungsmittel\\\/stress-aid-complex-30-caps\\\/#breadcrumb\",\"itemListElement\":[{\"@type\":\"ListItem\",\"position\":1,\"name\":\"Home\",\"item\":\"https:\\\/\\\/dutchmicrodosing.com\\\/de\\\/\"},{\"@type\":\"ListItem\",\"position\":2,\"name\":\"Shop\",\"item\":\"https:\\\/\\\/dutchmicrodosing.com\\\/de\\\/shop\\\/\"},{\"@type\":\"ListItem\",\"position\":3,\"name\":\"Stress Aid Complex &#8211; 30 Kapseln\"}]},{\"@type\":\"WebSite\",\"@id\":\"https:\\\/\\\/dutchmicrodosing.com\\\/de\\\/#website\",\"url\":\"https:\\\/\\\/dutchmicrodosing.com\\\/de\\\/\",\"name\":\"Dutchmicrodosing\",\"description\":\"\",\"publisher\":{\"@id\":\"https:\\\/\\\/dutchmicrodosing.com\\\/de\\\/#organization\"},\"potentialAction\":[{\"@type\":\"SearchAction\",\"target\":{\"@type\":\"EntryPoint\",\"urlTemplate\":\"https:\\\/\\\/dutchmicrodosing.com\\\/de\\\/?s={search_term_string}\"},\"query-input\":{\"@type\":\"PropertyValueSpecification\",\"valueRequired\":true,\"valueName\":\"search_term_string\"}}],\"inLanguage\":\"de\"},{\"@type\":\"Organization\",\"@id\":\"https:\\\/\\\/dutchmicrodosing.com\\\/de\\\/#organization\",\"name\":\"Dutchmicrodosing\",\"url\":\"https:\\\/\\\/dutchmicrodosing.com\\\/de\\\/\",\"logo\":{\"@type\":\"ImageObject\",\"inLanguage\":\"de\",\"@id\":\"https:\\\/\\\/dutchmicrodosing.com\\\/de\\\/#\\\/schema\\\/logo\\\/image\\\/\",\"url\":\"https:\\\/\\\/dutchmicrodosing.com\\\/wp-content\\\/uploads\\\/2021\\\/01\\\/microdosing-categorie-pic-nieuw.jpg\",\"contentUrl\":\"https:\\\/\\\/dutchmicrodosing.com\\\/wp-content\\\/uploads\\\/2021\\\/01\\\/microdosing-categorie-pic-nieuw.jpg\",\"width\":500,\"height\":500,\"caption\":\"Dutchmicrodosing\"},\"image\":{\"@id\":\"https:\\\/\\\/dutchmicrodosing.com\\\/de\\\/#\\\/schema\\\/logo\\\/image\\\/\"},\"sameAs\":[\"https:\\\/\\\/www.facebook.com\\\/Dutchmicrodosingxp\\\/\",\"https:\\\/\\\/www.instagram.com\\\/dutchmicrodosing\\\/\"]}]}<\/script>\n<meta property=\"product:price:amount\" content=\"14.95\" \/>\n<meta property=\"product:price:currency\" content=\"EUR\" \/>\n<meta property=\"og:availability\" content=\"instock\" \/>\n<meta property=\"product:availability\" content=\"instock\" \/>\n<meta property=\"product:retailer_item_id\" content=\"4211242\" \/>\n<meta property=\"product:condition\" content=\"new\" \/>\n<!-- \/ Yoast SEO Premium plugin. -->","yoast_head_json":{"title":"Stress Aid Complex - 30 Kapseln - Dutchmicrodosing","robots":{"index":"index","follow":"follow","max-snippet":"max-snippet:-1","max-image-preview":"max-image-preview:large","max-video-preview":"max-video-preview:-1"},"canonical":"https:\/\/dutchmicrodosing.com\/de\/reformhaus\/vitamine-nahrungsergaenzungsmittel\/stress-aid-complex-30-caps\/","og_locale":"de_DE","og_type":"article","og_title":"Stress Aid Complex - 30 Kapseln","og_description":"Das Nahrungserg\u00e4nzungsmittel Stress Aid von Together wurde entwickelt, um Sie in stressigen Zeiten zus\u00e4tzlich zu unterst\u00fctzen. Es kombiniert 11 Vitamine","og_url":"https:\/\/dutchmicrodosing.com\/de\/reformhaus\/vitamine-nahrungsergaenzungsmittel\/stress-aid-complex-30-caps\/","og_site_name":"Dutchmicrodosing","article_publisher":"https:\/\/www.facebook.com\/Dutchmicrodosingxp\/","article_modified_time":"2025-08-29T10:20:40+00:00","og_image":[{"width":700,"height":700,"url":"https:\/\/dutchmicrodosing.com\/wp-content\/uploads\/2024\/11\/2428_stress-aid-complex-_together_-30caps-1-1.jpg","type":"image\/jpeg"}],"twitter_card":"summary_large_image","schema":{"@context":"https:\/\/schema.org","@graph":[{"@type":"WebPage","@id":"https:\/\/dutchmicrodosing.com\/de\/reformhaus\/vitamine-nahrungsergaenzungsmittel\/stress-aid-complex-30-caps\/","url":"https:\/\/dutchmicrodosing.com\/de\/reformhaus\/vitamine-nahrungsergaenzungsmittel\/stress-aid-complex-30-caps\/","name":"Stress Aid Complex - 30 Kapseln - Dutchmicrodosing","isPartOf":{"@id":"https:\/\/dutchmicrodosing.com\/de\/#website"},"primaryImageOfPage":{"@id":"https:\/\/dutchmicrodosing.com\/de\/reformhaus\/vitamine-nahrungsergaenzungsmittel\/stress-aid-complex-30-caps\/#primaryimage"},"image":{"@id":"https:\/\/dutchmicrodosing.com\/de\/reformhaus\/vitamine-nahrungsergaenzungsmittel\/stress-aid-complex-30-caps\/#primaryimage"},"thumbnailUrl":"https:\/\/dutchmicrodosing.com\/wp-content\/uploads\/2024\/11\/2428_stress-aid-complex-_together_-30caps-1-1.jpg","datePublished":"2024-11-25T08:42:35+00:00","dateModified":"2025-08-29T10:20:40+00:00","breadcrumb":{"@id":"https:\/\/dutchmicrodosing.com\/de\/reformhaus\/vitamine-nahrungsergaenzungsmittel\/stress-aid-complex-30-caps\/#breadcrumb"},"inLanguage":"de","potentialAction":[{"@type":"ReadAction","target":["https:\/\/dutchmicrodosing.com\/de\/reformhaus\/vitamine-nahrungsergaenzungsmittel\/stress-aid-complex-30-caps\/"]}]},{"@type":"ImageObject","inLanguage":"de","@id":"https:\/\/dutchmicrodosing.com\/de\/reformhaus\/vitamine-nahrungsergaenzungsmittel\/stress-aid-complex-30-caps\/#primaryimage","url":"https:\/\/dutchmicrodosing.com\/wp-content\/uploads\/2024\/11\/2428_stress-aid-complex-_together_-30caps-1-1.jpg","contentUrl":"https:\/\/dutchmicrodosing.com\/wp-content\/uploads\/2024\/11\/2428_stress-aid-complex-_together_-30caps-1-1.jpg","width":700,"height":700},{"@type":"BreadcrumbList","@id":"https:\/\/dutchmicrodosing.com\/de\/reformhaus\/vitamine-nahrungsergaenzungsmittel\/stress-aid-complex-30-caps\/#breadcrumb","itemListElement":[{"@type":"ListItem","position":1,"name":"Home","item":"https:\/\/dutchmicrodosing.com\/de\/"},{"@type":"ListItem","position":2,"name":"Shop","item":"https:\/\/dutchmicrodosing.com\/de\/shop\/"},{"@type":"ListItem","position":3,"name":"Stress Aid Complex &#8211; 30 Kapseln"}]},{"@type":"WebSite","@id":"https:\/\/dutchmicrodosing.com\/de\/#website","url":"https:\/\/dutchmicrodosing.com\/de\/","name":"Dutchmicrodosing","description":"","publisher":{"@id":"https:\/\/dutchmicrodosing.com\/de\/#organization"},"potentialAction":[{"@type":"SearchAction","target":{"@type":"EntryPoint","urlTemplate":"https:\/\/dutchmicrodosing.com\/de\/?s={search_term_string}"},"query-input":{"@type":"PropertyValueSpecification","valueRequired":true,"valueName":"search_term_string"}}],"inLanguage":"de"},{"@type":"Organization","@id":"https:\/\/dutchmicrodosing.com\/de\/#organization","name":"Dutchmicrodosing","url":"https:\/\/dutchmicrodosing.com\/de\/","logo":{"@type":"ImageObject","inLanguage":"de","@id":"https:\/\/dutchmicrodosing.com\/de\/#\/schema\/logo\/image\/","url":"https:\/\/dutchmicrodosing.com\/wp-content\/uploads\/2021\/01\/microdosing-categorie-pic-nieuw.jpg","contentUrl":"https:\/\/dutchmicrodosing.com\/wp-content\/uploads\/2021\/01\/microdosing-categorie-pic-nieuw.jpg","width":500,"height":500,"caption":"Dutchmicrodosing"},"image":{"@id":"https:\/\/dutchmicrodosing.com\/de\/#\/schema\/logo\/image\/"},"sameAs":["https:\/\/www.facebook.com\/Dutchmicrodosingxp\/","https:\/\/www.instagram.com\/dutchmicrodosing\/"]}]},"product_price_amount":"14.95","product_price_currency":"EUR","og_availability":"instock","product_availability":"instock","product_retailer_item_id":"4211242","product_condition":"new"},"_links":{"self":[{"href":"https:\/\/dutchmicrodosing.com\/de\/wp-json\/wp\/v2\/product\/44189","targetHints":{"allow":["GET"]}}],"collection":[{"href":"https:\/\/dutchmicrodosing.com\/de\/wp-json\/wp\/v2\/product"}],"about":[{"href":"https:\/\/dutchmicrodosing.com\/de\/wp-json\/wp\/v2\/types\/product"}],"replies":[{"embeddable":true,"href":"https:\/\/dutchmicrodosing.com\/de\/wp-json\/wp\/v2\/comments?post=44189"}],"version-history":[{"count":0,"href":"https:\/\/dutchmicrodosing.com\/de\/wp-json\/wp\/v2\/product\/44189\/revisions"}],"wp:featuredmedia":[{"embeddable":true,"href":"https:\/\/dutchmicrodosing.com\/de\/wp-json\/wp\/v2\/media\/43868"}],"wp:attachment":[{"href":"https:\/\/dutchmicrodosing.com\/de\/wp-json\/wp\/v2\/media?parent=44189"}],"wp:term":[{"taxonomy":"product_brand","embeddable":true,"href":"https:\/\/dutchmicrodosing.com\/de\/wp-json\/wp\/v2\/product_brand?post=44189"},{"taxonomy":"product_cat","embeddable":true,"href":"https:\/\/dutchmicrodosing.com\/de\/wp-json\/wp\/v2\/product_cat?post=44189"},{"taxonomy":"product_tag","embeddable":true,"href":"https:\/\/dutchmicrodosing.com\/de\/wp-json\/wp\/v2\/product_tag?post=44189"}],"curies":[{"name":"wp","href":"https:\/\/api.w.org\/{rel}","templated":true}]}}