{"id":44202,"date":"2024-12-15T09:15:04","date_gmt":"2024-12-15T08:15:04","guid":{"rendered":"https:\/\/dutchmicrodosing.com\/shop\/unkategorisiert\/kraid-passion-fruit-mitragynine-enhanced\/"},"modified":"2026-02-03T16:39:20","modified_gmt":"2026-02-03T15:39:20","slug":"kraid-passion-fruit-mitragynine-enhanced","status":"publish","type":"product","link":"https:\/\/dutchmicrodosing.com\/de\/botanische-kraeuter\/kratom\/kraid-passion-fruit-mitragynine-enhanced\/","title":{"rendered":"KRAID Passionsfrucht &#8211; Mitragynin Angereichert"},"content":{"rendered":"<p><strong>KRAID Passion Fruit &#8211; Mitragynine Enhanced<\/strong>: Die Kraft von Kratom mit dem Geschmack von Maracuja! Dieser innovative, wasserl\u00f6sliche Kratomextrakt bietet eine zuverl\u00e4ssige Dosis Mitragynin, kombiniert mit der s\u00fc\u00dfen Verlockung der Passionsfrucht, f\u00fcr ein angenehmes und effektives Kratomerlebnis.<\/p>\n<h3><strong>Eine innovative Wendung<\/strong> beim <strong>Kratom-Konsum<\/strong><\/h3>\n<ul>\n<li><strong>Vollst\u00e4ndige L\u00f6slichkeit:<\/strong> Keine unangenehmen Geschm\u00e4cker mehr, KRAID Passionsfrucht l\u00f6st sich vollst\u00e4ndig in Wasser auf und kann so problemlos konsumiert werden.<\/li>\n<li><strong>Innovative Form:<\/strong> Bietet Komfort und garantiert gleichm\u00e4\u00dfige Dosierung bei jeder Anwendung.<\/li>\n<\/ul>\n<h3><strong>Warum sollten Sie<\/strong> KRAID <strong>Passionsfrucht<\/strong><strong>w\u00e4hlen<\/strong> <strong>?<\/strong><\/h3>\n<ul>\n<li><strong>Geschmackvoll und effektiv:<\/strong> Jede Packung enth\u00e4lt 50 mg reines Mitragynin<\/li>\n<li><strong>Ideal f\u00fcr Energie und Konzentration:<\/strong> Eine ausgezeichnete Wahl f\u00fcr alle, die ihre Energie und Konzentration auf angenehme Weise steigern m\u00f6chten.<\/li>\n<\/ul>\n<h3><strong>Die Erfahrung mit<\/strong> KRAID <strong>Passionsfrucht<\/strong><\/h3>\n<ul>\n<li><strong>Einfache Anwendung:<\/strong> L\u00f6sen Sie einen Beutel in einem halben Liter Wasser auf und genie\u00dfen Sie ein k\u00f6stliches Getr\u00e4nk, das Sie \u00fcberall einnehmen k\u00f6nnen.<\/li>\n<li><strong>Subtiler und angenehmer Geschmack:<\/strong> Der Passionsfruchtgeschmack ist mild und macht den Verzehr angenehm ohne Geschmacksm\u00fcdigkeit.<\/li>\n<li><strong>Diskret und praktisch:<\/strong> Ideal f\u00fcr den Einsatz in verschiedenen gesellschaftlichen oder beruflichen Situationen.<\/li>\n<\/ul>\n<h3>Inhaltsstoffe<\/h3>\n<p>Ein Beutel enth\u00e4lt 50 mg Mitragynin, was 4-6 Gramm traditionellem Kratom-Pulver entspricht und hat den Geschmack von Passionsfr\u00fcchten.<\/p>\n<h3>Verwenden Sie<\/h3>\n<p>L\u00f6sen Sie einen Beutel in 0,5 Litern Wasser auf, sch\u00fctteln Sie ihn und genie\u00dfen Sie ihn.<\/p>\n<h3>Hinweise zur Lagerung<\/h3>\n<p>Bewahren Sie dieses Produkt an einem k\u00fchlen, dunklen und trockenen Ort auf, z.B. in einem K\u00fcchenschrank und au\u00dferhalb der Reichweite von Kindern.<\/p>\n<h3>Warnung<\/h3>\n<p>Verwenden Sie ein Nahrungserg\u00e4nzungsmittel nicht als Ersatz f\u00fcr eine abwechslungsreiche Ern\u00e4hrung. Au\u00dferhalb der Reichweite von Kindern aufbewahren. Verwenden Sie es nicht in Kombination mit Medikamenten oder anderen Stimulanzien, bei hohem\/niedrigem Blutdruck, Herzerkrankungen, Schilddr\u00fcsenerkrankungen, Nierenerkrankungen, Depressionen, Nervosit\u00e4t, k\u00f6rperlichen und\/oder geistigen Beschwerden und bei der Verwendung von MAOIs. H\u00fcten Sie sich vor \u00fcberm\u00e4\u00dfigem Alkoholkonsum. Wenden Sie sich im Zweifelsfall an Ihren Arzt.<\/p>\n<h3>Inhalt<\/h3>\n<p>KRAID Passionsfrucht &#8211; Mitragynin Angereichert<\/p>\n","protected":false},"excerpt":{"rendered":"<p>KRAID Passion Fruit &#8211; Mitragynine Enhanced: Die Kraft von Kratom mit dem Geschmack von Maracuja! Dieser innovative, wasserl\u00f6sliche Kratomextrakt bietet eine zuverl\u00e4ssige Dosis Mitragynin, kombiniert mit der s\u00fc\u00dfen Verlockung der Passionsfrucht, f\u00fcr ein angenehmes und effektives Kratomerlebnis. Eine innovative Wendung beim Kratom-Konsum Vollst\u00e4ndige L\u00f6slichkeit: Keine unangenehmen Geschm\u00e4cker mehr, KRAID Passionsfrucht l\u00f6st sich vollst\u00e4ndig in Wasser [&hellip;]<\/p>\n","protected":false},"featured_media":44196,"comment_status":"closed","ping_status":"closed","template":"","meta":[],"product_brand":[],"product_cat":[414],"product_tag":[],"class_list":{"0":"post-44202","1":"product","2":"type-product","3":"status-publish","4":"has-post-thumbnail","6":"product_cat-kratom","8":"first","9":"instock","10":"taxable","11":"shipping-taxable","12":"purchasable","13":"product-type-simple"},"yoast_head":"<!-- This site is optimized with the Yoast SEO Premium plugin v26.4 (Yoast SEO v27.4) - https:\/\/yoast.com\/product\/yoast-seo-premium-wordpress\/ -->\n<title>KRAID Passionsfrucht - Mitragynin Angereichert - Dutchmicrodosing<\/title>\n<meta name=\"description\" content=\"KRAID Passionsfrucht - Mitragynin Angereichert. Der Passionsfruchtgeschmack ist mild und macht den Konsum angenehm, ohne den \u00fcberw\u00e4ltigenden Geschmack von Kratom!\" \/>\n<meta name=\"robots\" content=\"index, follow, max-snippet:-1, max-image-preview:large, max-video-preview:-1\" \/>\n<link rel=\"canonical\" href=\"https:\/\/dutchmicrodosing.com\/de\/botanische-kraeuter\/kratom\/kraid-passion-fruit-mitragynine-enhanced\/\" \/>\n<meta property=\"og:locale\" content=\"de_DE\" \/>\n<meta property=\"og:type\" content=\"article\" \/>\n<meta property=\"og:title\" content=\"KRAID Passionsfrucht - Mitragynin Angereichert\" \/>\n<meta property=\"og:description\" content=\"KRAID Passion Fruit - Mitragynine Enhanced: Die Kraft von Kratom mit dem Geschmack von Maracuja! Dieser innovative, wasserl\u00f6sliche Kratomextrakt bietet\" \/>\n<meta property=\"og:url\" content=\"https:\/\/dutchmicrodosing.com\/de\/botanische-kraeuter\/kratom\/kraid-passion-fruit-mitragynine-enhanced\/\" \/>\n<meta property=\"og:site_name\" content=\"Dutchmicrodosing\" \/>\n<meta property=\"article:publisher\" content=\"https:\/\/www.facebook.com\/Dutchmicrodosingxp\/\" \/>\n<meta property=\"article:modified_time\" content=\"2026-02-03T15:39:20+00:00\" \/>\n<meta property=\"og:image\" content=\"https:\/\/dutchmicrodosing.com\/wp-content\/uploads\/2024\/12\/kraid-passion-fruit-mite-1.jpg\" \/>\n\t<meta property=\"og:image:width\" content=\"600\" \/>\n\t<meta property=\"og:image:height\" content=\"600\" \/>\n\t<meta property=\"og:image:type\" content=\"image\/jpeg\" \/>\n<meta name=\"twitter:card\" content=\"summary_large_image\" \/>\n<script type=\"application\/ld+json\" class=\"yoast-schema-graph\">{\"@context\":\"https:\\\/\\\/schema.org\",\"@graph\":[{\"@type\":\"WebPage\",\"@id\":\"https:\\\/\\\/dutchmicrodosing.com\\\/de\\\/botanische-kraeuter\\\/kratom\\\/kraid-passion-fruit-mitragynine-enhanced\\\/\",\"url\":\"https:\\\/\\\/dutchmicrodosing.com\\\/de\\\/botanische-kraeuter\\\/kratom\\\/kraid-passion-fruit-mitragynine-enhanced\\\/\",\"name\":\"KRAID Passionsfrucht - Mitragynin Angereichert - Dutchmicrodosing\",\"isPartOf\":{\"@id\":\"https:\\\/\\\/dutchmicrodosing.com\\\/de\\\/#website\"},\"primaryImageOfPage\":{\"@id\":\"https:\\\/\\\/dutchmicrodosing.com\\\/de\\\/botanische-kraeuter\\\/kratom\\\/kraid-passion-fruit-mitragynine-enhanced\\\/#primaryimage\"},\"image\":{\"@id\":\"https:\\\/\\\/dutchmicrodosing.com\\\/de\\\/botanische-kraeuter\\\/kratom\\\/kraid-passion-fruit-mitragynine-enhanced\\\/#primaryimage\"},\"thumbnailUrl\":\"https:\\\/\\\/dutchmicrodosing.com\\\/wp-content\\\/uploads\\\/2024\\\/12\\\/kraid-passion-fruit-mite-1.jpg\",\"datePublished\":\"2024-12-15T08:15:04+00:00\",\"dateModified\":\"2026-02-03T15:39:20+00:00\",\"description\":\"KRAID Passionsfrucht - Mitragynin Angereichert. Der Passionsfruchtgeschmack ist mild und macht den Konsum angenehm, ohne den \u00fcberw\u00e4ltigenden Geschmack von Kratom!\",\"breadcrumb\":{\"@id\":\"https:\\\/\\\/dutchmicrodosing.com\\\/de\\\/botanische-kraeuter\\\/kratom\\\/kraid-passion-fruit-mitragynine-enhanced\\\/#breadcrumb\"},\"inLanguage\":\"de\",\"potentialAction\":[{\"@type\":\"ReadAction\",\"target\":[\"https:\\\/\\\/dutchmicrodosing.com\\\/de\\\/botanische-kraeuter\\\/kratom\\\/kraid-passion-fruit-mitragynine-enhanced\\\/\"]}]},{\"@type\":\"ImageObject\",\"inLanguage\":\"de\",\"@id\":\"https:\\\/\\\/dutchmicrodosing.com\\\/de\\\/botanische-kraeuter\\\/kratom\\\/kraid-passion-fruit-mitragynine-enhanced\\\/#primaryimage\",\"url\":\"https:\\\/\\\/dutchmicrodosing.com\\\/wp-content\\\/uploads\\\/2024\\\/12\\\/kraid-passion-fruit-mite-1.jpg\",\"contentUrl\":\"https:\\\/\\\/dutchmicrodosing.com\\\/wp-content\\\/uploads\\\/2024\\\/12\\\/kraid-passion-fruit-mite-1.jpg\",\"width\":600,\"height\":600},{\"@type\":\"BreadcrumbList\",\"@id\":\"https:\\\/\\\/dutchmicrodosing.com\\\/de\\\/botanische-kraeuter\\\/kratom\\\/kraid-passion-fruit-mitragynine-enhanced\\\/#breadcrumb\",\"itemListElement\":[{\"@type\":\"ListItem\",\"position\":1,\"name\":\"Home\",\"item\":\"https:\\\/\\\/dutchmicrodosing.com\\\/de\\\/\"},{\"@type\":\"ListItem\",\"position\":2,\"name\":\"Shop\",\"item\":\"https:\\\/\\\/dutchmicrodosing.com\\\/de\\\/shop\\\/\"},{\"@type\":\"ListItem\",\"position\":3,\"name\":\"KRAID Passionsfrucht &#8211; Mitragynin Angereichert\"}]},{\"@type\":\"WebSite\",\"@id\":\"https:\\\/\\\/dutchmicrodosing.com\\\/de\\\/#website\",\"url\":\"https:\\\/\\\/dutchmicrodosing.com\\\/de\\\/\",\"name\":\"Dutchmicrodosing\",\"description\":\"\",\"publisher\":{\"@id\":\"https:\\\/\\\/dutchmicrodosing.com\\\/de\\\/#organization\"},\"potentialAction\":[{\"@type\":\"SearchAction\",\"target\":{\"@type\":\"EntryPoint\",\"urlTemplate\":\"https:\\\/\\\/dutchmicrodosing.com\\\/de\\\/?s={search_term_string}\"},\"query-input\":{\"@type\":\"PropertyValueSpecification\",\"valueRequired\":true,\"valueName\":\"search_term_string\"}}],\"inLanguage\":\"de\"},{\"@type\":\"Organization\",\"@id\":\"https:\\\/\\\/dutchmicrodosing.com\\\/de\\\/#organization\",\"name\":\"Dutchmicrodosing\",\"url\":\"https:\\\/\\\/dutchmicrodosing.com\\\/de\\\/\",\"logo\":{\"@type\":\"ImageObject\",\"inLanguage\":\"de\",\"@id\":\"https:\\\/\\\/dutchmicrodosing.com\\\/de\\\/#\\\/schema\\\/logo\\\/image\\\/\",\"url\":\"https:\\\/\\\/dutchmicrodosing.com\\\/wp-content\\\/uploads\\\/2021\\\/01\\\/microdosing-categorie-pic-nieuw.jpg\",\"contentUrl\":\"https:\\\/\\\/dutchmicrodosing.com\\\/wp-content\\\/uploads\\\/2021\\\/01\\\/microdosing-categorie-pic-nieuw.jpg\",\"width\":500,\"height\":500,\"caption\":\"Dutchmicrodosing\"},\"image\":{\"@id\":\"https:\\\/\\\/dutchmicrodosing.com\\\/de\\\/#\\\/schema\\\/logo\\\/image\\\/\"},\"sameAs\":[\"https:\\\/\\\/www.facebook.com\\\/Dutchmicrodosingxp\\\/\",\"https:\\\/\\\/www.instagram.com\\\/dutchmicrodosing\\\/\"]}]}<\/script>\n<meta property=\"product:price:amount\" content=\"5.95\" \/>\n<meta property=\"product:price:currency\" content=\"EUR\" \/>\n<meta property=\"og:availability\" content=\"instock\" \/>\n<meta property=\"product:availability\" content=\"instock\" \/>\n<meta property=\"product:retailer_item_id\" content=\"4212773\" \/>\n<meta property=\"product:condition\" content=\"new\" \/>\n<!-- \/ Yoast SEO Premium plugin. -->","yoast_head_json":{"title":"KRAID Passionsfrucht - Mitragynin Angereichert - Dutchmicrodosing","description":"KRAID Passionsfrucht - Mitragynin Angereichert. Der Passionsfruchtgeschmack ist mild und macht den Konsum angenehm, ohne den \u00fcberw\u00e4ltigenden Geschmack von Kratom!","robots":{"index":"index","follow":"follow","max-snippet":"max-snippet:-1","max-image-preview":"max-image-preview:large","max-video-preview":"max-video-preview:-1"},"canonical":"https:\/\/dutchmicrodosing.com\/de\/botanische-kraeuter\/kratom\/kraid-passion-fruit-mitragynine-enhanced\/","og_locale":"de_DE","og_type":"article","og_title":"KRAID Passionsfrucht - Mitragynin Angereichert","og_description":"KRAID Passion Fruit - Mitragynine Enhanced: Die Kraft von Kratom mit dem Geschmack von Maracuja! Dieser innovative, wasserl\u00f6sliche Kratomextrakt bietet","og_url":"https:\/\/dutchmicrodosing.com\/de\/botanische-kraeuter\/kratom\/kraid-passion-fruit-mitragynine-enhanced\/","og_site_name":"Dutchmicrodosing","article_publisher":"https:\/\/www.facebook.com\/Dutchmicrodosingxp\/","article_modified_time":"2026-02-03T15:39:20+00:00","og_image":[{"width":600,"height":600,"url":"https:\/\/dutchmicrodosing.com\/wp-content\/uploads\/2024\/12\/kraid-passion-fruit-mite-1.jpg","type":"image\/jpeg"}],"twitter_card":"summary_large_image","schema":{"@context":"https:\/\/schema.org","@graph":[{"@type":"WebPage","@id":"https:\/\/dutchmicrodosing.com\/de\/botanische-kraeuter\/kratom\/kraid-passion-fruit-mitragynine-enhanced\/","url":"https:\/\/dutchmicrodosing.com\/de\/botanische-kraeuter\/kratom\/kraid-passion-fruit-mitragynine-enhanced\/","name":"KRAID Passionsfrucht - Mitragynin Angereichert - Dutchmicrodosing","isPartOf":{"@id":"https:\/\/dutchmicrodosing.com\/de\/#website"},"primaryImageOfPage":{"@id":"https:\/\/dutchmicrodosing.com\/de\/botanische-kraeuter\/kratom\/kraid-passion-fruit-mitragynine-enhanced\/#primaryimage"},"image":{"@id":"https:\/\/dutchmicrodosing.com\/de\/botanische-kraeuter\/kratom\/kraid-passion-fruit-mitragynine-enhanced\/#primaryimage"},"thumbnailUrl":"https:\/\/dutchmicrodosing.com\/wp-content\/uploads\/2024\/12\/kraid-passion-fruit-mite-1.jpg","datePublished":"2024-12-15T08:15:04+00:00","dateModified":"2026-02-03T15:39:20+00:00","description":"KRAID Passionsfrucht - Mitragynin Angereichert. Der Passionsfruchtgeschmack ist mild und macht den Konsum angenehm, ohne den \u00fcberw\u00e4ltigenden Geschmack von Kratom!","breadcrumb":{"@id":"https:\/\/dutchmicrodosing.com\/de\/botanische-kraeuter\/kratom\/kraid-passion-fruit-mitragynine-enhanced\/#breadcrumb"},"inLanguage":"de","potentialAction":[{"@type":"ReadAction","target":["https:\/\/dutchmicrodosing.com\/de\/botanische-kraeuter\/kratom\/kraid-passion-fruit-mitragynine-enhanced\/"]}]},{"@type":"ImageObject","inLanguage":"de","@id":"https:\/\/dutchmicrodosing.com\/de\/botanische-kraeuter\/kratom\/kraid-passion-fruit-mitragynine-enhanced\/#primaryimage","url":"https:\/\/dutchmicrodosing.com\/wp-content\/uploads\/2024\/12\/kraid-passion-fruit-mite-1.jpg","contentUrl":"https:\/\/dutchmicrodosing.com\/wp-content\/uploads\/2024\/12\/kraid-passion-fruit-mite-1.jpg","width":600,"height":600},{"@type":"BreadcrumbList","@id":"https:\/\/dutchmicrodosing.com\/de\/botanische-kraeuter\/kratom\/kraid-passion-fruit-mitragynine-enhanced\/#breadcrumb","itemListElement":[{"@type":"ListItem","position":1,"name":"Home","item":"https:\/\/dutchmicrodosing.com\/de\/"},{"@type":"ListItem","position":2,"name":"Shop","item":"https:\/\/dutchmicrodosing.com\/de\/shop\/"},{"@type":"ListItem","position":3,"name":"KRAID Passionsfrucht &#8211; Mitragynin Angereichert"}]},{"@type":"WebSite","@id":"https:\/\/dutchmicrodosing.com\/de\/#website","url":"https:\/\/dutchmicrodosing.com\/de\/","name":"Dutchmicrodosing","description":"","publisher":{"@id":"https:\/\/dutchmicrodosing.com\/de\/#organization"},"potentialAction":[{"@type":"SearchAction","target":{"@type":"EntryPoint","urlTemplate":"https:\/\/dutchmicrodosing.com\/de\/?s={search_term_string}"},"query-input":{"@type":"PropertyValueSpecification","valueRequired":true,"valueName":"search_term_string"}}],"inLanguage":"de"},{"@type":"Organization","@id":"https:\/\/dutchmicrodosing.com\/de\/#organization","name":"Dutchmicrodosing","url":"https:\/\/dutchmicrodosing.com\/de\/","logo":{"@type":"ImageObject","inLanguage":"de","@id":"https:\/\/dutchmicrodosing.com\/de\/#\/schema\/logo\/image\/","url":"https:\/\/dutchmicrodosing.com\/wp-content\/uploads\/2021\/01\/microdosing-categorie-pic-nieuw.jpg","contentUrl":"https:\/\/dutchmicrodosing.com\/wp-content\/uploads\/2021\/01\/microdosing-categorie-pic-nieuw.jpg","width":500,"height":500,"caption":"Dutchmicrodosing"},"image":{"@id":"https:\/\/dutchmicrodosing.com\/de\/#\/schema\/logo\/image\/"},"sameAs":["https:\/\/www.facebook.com\/Dutchmicrodosingxp\/","https:\/\/www.instagram.com\/dutchmicrodosing\/"]}]},"product_price_amount":"5.95","product_price_currency":"EUR","og_availability":"instock","product_availability":"instock","product_retailer_item_id":"4212773","product_condition":"new"},"_links":{"self":[{"href":"https:\/\/dutchmicrodosing.com\/de\/wp-json\/wp\/v2\/product\/44202","targetHints":{"allow":["GET"]}}],"collection":[{"href":"https:\/\/dutchmicrodosing.com\/de\/wp-json\/wp\/v2\/product"}],"about":[{"href":"https:\/\/dutchmicrodosing.com\/de\/wp-json\/wp\/v2\/types\/product"}],"replies":[{"embeddable":true,"href":"https:\/\/dutchmicrodosing.com\/de\/wp-json\/wp\/v2\/comments?post=44202"}],"version-history":[{"count":1,"href":"https:\/\/dutchmicrodosing.com\/de\/wp-json\/wp\/v2\/product\/44202\/revisions"}],"predecessor-version":[{"id":64256,"href":"https:\/\/dutchmicrodosing.com\/de\/wp-json\/wp\/v2\/product\/44202\/revisions\/64256"}],"wp:featuredmedia":[{"embeddable":true,"href":"https:\/\/dutchmicrodosing.com\/de\/wp-json\/wp\/v2\/media\/44196"}],"wp:attachment":[{"href":"https:\/\/dutchmicrodosing.com\/de\/wp-json\/wp\/v2\/media?parent=44202"}],"wp:term":[{"taxonomy":"product_brand","embeddable":true,"href":"https:\/\/dutchmicrodosing.com\/de\/wp-json\/wp\/v2\/product_brand?post=44202"},{"taxonomy":"product_cat","embeddable":true,"href":"https:\/\/dutchmicrodosing.com\/de\/wp-json\/wp\/v2\/product_cat?post=44202"},{"taxonomy":"product_tag","embeddable":true,"href":"https:\/\/dutchmicrodosing.com\/de\/wp-json\/wp\/v2\/product_tag?post=44202"}],"curies":[{"name":"wp","href":"https:\/\/api.w.org\/{rel}","templated":true}]}}