{"id":44644,"date":"2025-01-17T09:00:34","date_gmt":"2025-01-17T08:00:34","guid":{"rendered":"https:\/\/dutchmicrodosing.com\/shop\/unkategorisiert\/leucitic-jmf-jedi-mind-fuck-liquid-culture-spuit\/"},"modified":"2025-08-20T13:55:12","modified_gmt":"2025-08-20T11:55:12","slug":"leucitic-jmf-jedi-mind-fuck-liquid-culture-spuit","status":"publish","type":"product","link":"https:\/\/dutchmicrodosing.com\/de\/sporen-zauberpilze\/spritzen-fur-flussigkulturen\/leucitic-jmf-jedi-mind-fuck-liquid-culture-spuit\/","title":{"rendered":"Leucitic JMF (Jedi Mind Fuck) Fl\u00fcssigkultur-Spritze"},"content":{"rendered":"<p>Die <strong>Leucitic JMF (Jedi Mind Fuck) Liquid Culture Syringe<\/strong> ist eine spezielle leucitische Variante der beliebten Sorte Jedi Mind Fuck. Ein teilweiser Pigmentverlust verleiht dieser Sorte ein unverwechselbares Aussehen, ohne dass sie an Wuchsst\u00e4rke oder Vitalit\u00e4t einb\u00fc\u00dft. Eine Top-Wahl f\u00fcr alle, die eine zuverl\u00e4ssige Sorte mit einem unverwechselbaren Charakter suchen.<\/p>\n<h3>Eigenschaften<\/h3>\n<ul>\n<li>Sorte: Psilocybe Cubensis Leucistic JMF<\/li>\n<li>10 ml sterile Spritze mit fl\u00fcssiger, n\u00e4hrstoffreicher Kultur<\/li>\n<li>Schnelle und effiziente Besiedlung von verschiedenen Substraten<\/li>\n<li>Hergestellt unter sterilen Bedingungen f\u00fcr maximale Reinheit<\/li>\n<li>Sowohl f\u00fcr Anf\u00e4nger als auch f\u00fcr erfahrene Z\u00fcchter geeignet<\/li>\n<li>Optisch ansprechend mit robuster Leistung<\/li>\n<\/ul>\n<h3>Zutaten und\/oder Zusammensetzung<\/h3>\n<ul>\n<li>10 ml Fl\u00fcssigkultur (Leucistic JMF-Myzel)<\/li>\n<li>1x 18G sterile Nadel<\/li>\n<li>1x Alkoholtuch<\/li>\n<\/ul>\n<h3>Verwenden Sie<\/h3>\n<ol>\n<li>Lassen Sie die Spritze auf Raumtemperatur kommen.<\/li>\n<li>Desinfizieren Sie Ihren Arbeitsbereich und die Einspritz\u00f6ffnung Ihres Growbags oder Topfes.<\/li>\n<li>Verwenden Sie die mitgelieferte Nadel und das Alkoholkissen f\u00fcr die sterile Inokulation.<\/li>\n<li>Spritzen Sie 1-2 ml der Fl\u00fcssigkultur in das Substrat.<\/li>\n<li>Lagern Sie es an einem dunklen Ort bei einer stabilen Temperatur zwischen 20-25\u00b0C.<\/li>\n<\/ol>\n<h3>Was brauchen Sie, um Pilze zu z\u00fcchten?<\/h3>\n<ul>\n<li><strong>Nahrung:<\/strong> Steriles Getreide wie Roggen oder Mais<\/li>\n<li><strong>Substrat:<\/strong> z.B. Kokosnuss, Stroh oder S\u00e4gemehl (gut bearbeitet)<\/li>\n<li><strong>Kultur:<\/strong> Diese Fl\u00fcssigkultur oder selbst gez\u00fcchtete Sporen<\/li>\n<\/ul>\n<p>Sorgen Sie immer f\u00fcr eine hohe Luftfeuchtigkeit (z.B. \u00fcber Growbag oder Monotub) und arbeiten Sie hygienisch. Verwenden Sie eine saubere Nadel, um eine Kontamination zu vermeiden.<\/p>\n<h3>Inhalt<\/h3>\n<ul>\n<li>1x 10 ml Leucistic JMF Fl\u00fcssigkultur<\/li>\n<li>1x sterile Nadel (18G)<\/li>\n<li>1x Alkoholtuch<\/li>\n<\/ul>\n<h3>Hinweise zur Lagerung<\/h3>\n<p>Bei 2-8\u00b0C aufbewahren. Bei richtiger Lagerung bis zu 6 Monate haltbar. Au\u00dferhalb der Reichweite von Kindern aufbewahren.<\/p>\n","protected":false},"excerpt":{"rendered":"<p>Die Leucitic JMF (Jedi Mind Fuck) Liquid Culture Syringe ist eine spezielle leucitische Variante der beliebten Sorte Jedi Mind Fuck. Ein teilweiser Pigmentverlust verleiht dieser Sorte ein unverwechselbares Aussehen, ohne dass sie an Wuchsst\u00e4rke oder Vitalit\u00e4t einb\u00fc\u00dft. Eine Top-Wahl f\u00fcr alle, die eine zuverl\u00e4ssige Sorte mit einem unverwechselbaren Charakter suchen. Eigenschaften Sorte: Psilocybe Cubensis Leucistic [&hellip;]<\/p>\n","protected":false},"featured_media":46261,"comment_status":"closed","ping_status":"closed","template":"","meta":[],"product_brand":[],"product_cat":[356],"product_tag":[],"class_list":{"0":"post-44644","1":"product","2":"type-product","3":"status-publish","4":"has-post-thumbnail","6":"product_cat-spritzen-fur-flussigkulturen","8":"first","9":"instock","10":"taxable","11":"shipping-taxable","12":"purchasable","13":"product-type-simple"},"yoast_head":"<!-- This site is optimized with the Yoast SEO Premium plugin v26.4 (Yoast SEO v27.4) - https:\/\/yoast.com\/product\/yoast-seo-premium-wordpress\/ -->\n<title>Leucitic JMF (Jedi Mind Fuck) Fl\u00fcssigkultur-Spritze - Dutchmicrodosing<\/title>\n<meta name=\"description\" content=\"Sterile 10ml Fl\u00fcssigkultur-Spritze mit Leucistic JMF-Myzel. Eine kr\u00e4ftige und visuell auff\u00e4llige Psilocybe cubensis-Sorte, ideal f\u00fcr den Anbau...\" \/>\n<meta name=\"robots\" content=\"index, follow, max-snippet:-1, max-image-preview:large, max-video-preview:-1\" \/>\n<link rel=\"canonical\" href=\"https:\/\/dutchmicrodosing.com\/de\/sporen-zauberpilze\/spritzen-fur-flussigkulturen\/leucitic-jmf-jedi-mind-fuck-liquid-culture-spuit\/\" \/>\n<meta property=\"og:locale\" content=\"de_DE\" \/>\n<meta property=\"og:type\" content=\"article\" \/>\n<meta property=\"og:title\" content=\"Leucitic JMF (Jedi Mind Fuck) Fl\u00fcssigkultur-Spritze\" \/>\n<meta property=\"og:description\" content=\"Die Leucitic JMF (Jedi Mind Fuck) Liquid Culture Syringe ist eine spezielle leucitische Variante der beliebten Sorte Jedi Mind Fuck. Ein teilweiser\" \/>\n<meta property=\"og:url\" content=\"https:\/\/dutchmicrodosing.com\/de\/sporen-zauberpilze\/spritzen-fur-flussigkulturen\/leucitic-jmf-jedi-mind-fuck-liquid-culture-spuit\/\" \/>\n<meta property=\"og:site_name\" content=\"Dutchmicrodosing\" \/>\n<meta property=\"article:publisher\" content=\"https:\/\/www.facebook.com\/Dutchmicrodosingxp\/\" \/>\n<meta property=\"article:modified_time\" content=\"2025-08-20T11:55:12+00:00\" \/>\n<meta property=\"og:image\" content=\"https:\/\/dutchmicrodosing.com\/wp-content\/uploads\/2025\/01\/Philosophr-Liquid-culture-packaging-_2_.jpg\" \/>\n\t<meta property=\"og:image:width\" content=\"1512\" \/>\n\t<meta property=\"og:image:height\" content=\"1512\" \/>\n\t<meta property=\"og:image:type\" content=\"image\/jpeg\" \/>\n<meta name=\"twitter:card\" content=\"summary_large_image\" \/>\n<script type=\"application\/ld+json\" class=\"yoast-schema-graph\">{\"@context\":\"https:\\\/\\\/schema.org\",\"@graph\":[{\"@type\":\"WebPage\",\"@id\":\"https:\\\/\\\/dutchmicrodosing.com\\\/de\\\/sporen-zauberpilze\\\/spritzen-fur-flussigkulturen\\\/leucitic-jmf-jedi-mind-fuck-liquid-culture-spuit\\\/\",\"url\":\"https:\\\/\\\/dutchmicrodosing.com\\\/de\\\/sporen-zauberpilze\\\/spritzen-fur-flussigkulturen\\\/leucitic-jmf-jedi-mind-fuck-liquid-culture-spuit\\\/\",\"name\":\"Leucitic JMF (Jedi Mind Fuck) Fl\u00fcssigkultur-Spritze - Dutchmicrodosing\",\"isPartOf\":{\"@id\":\"https:\\\/\\\/dutchmicrodosing.com\\\/de\\\/#website\"},\"primaryImageOfPage\":{\"@id\":\"https:\\\/\\\/dutchmicrodosing.com\\\/de\\\/sporen-zauberpilze\\\/spritzen-fur-flussigkulturen\\\/leucitic-jmf-jedi-mind-fuck-liquid-culture-spuit\\\/#primaryimage\"},\"image\":{\"@id\":\"https:\\\/\\\/dutchmicrodosing.com\\\/de\\\/sporen-zauberpilze\\\/spritzen-fur-flussigkulturen\\\/leucitic-jmf-jedi-mind-fuck-liquid-culture-spuit\\\/#primaryimage\"},\"thumbnailUrl\":\"https:\\\/\\\/dutchmicrodosing.com\\\/wp-content\\\/uploads\\\/2025\\\/01\\\/Philosophr-Liquid-culture-packaging-_2_.jpg\",\"datePublished\":\"2025-01-17T08:00:34+00:00\",\"dateModified\":\"2025-08-20T11:55:12+00:00\",\"description\":\"Sterile 10ml Fl\u00fcssigkultur-Spritze mit Leucistic JMF-Myzel. Eine kr\u00e4ftige und visuell auff\u00e4llige Psilocybe cubensis-Sorte, ideal f\u00fcr den Anbau...\",\"breadcrumb\":{\"@id\":\"https:\\\/\\\/dutchmicrodosing.com\\\/de\\\/sporen-zauberpilze\\\/spritzen-fur-flussigkulturen\\\/leucitic-jmf-jedi-mind-fuck-liquid-culture-spuit\\\/#breadcrumb\"},\"inLanguage\":\"de\",\"potentialAction\":[{\"@type\":\"ReadAction\",\"target\":[\"https:\\\/\\\/dutchmicrodosing.com\\\/de\\\/sporen-zauberpilze\\\/spritzen-fur-flussigkulturen\\\/leucitic-jmf-jedi-mind-fuck-liquid-culture-spuit\\\/\"]}]},{\"@type\":\"ImageObject\",\"inLanguage\":\"de\",\"@id\":\"https:\\\/\\\/dutchmicrodosing.com\\\/de\\\/sporen-zauberpilze\\\/spritzen-fur-flussigkulturen\\\/leucitic-jmf-jedi-mind-fuck-liquid-culture-spuit\\\/#primaryimage\",\"url\":\"https:\\\/\\\/dutchmicrodosing.com\\\/wp-content\\\/uploads\\\/2025\\\/01\\\/Philosophr-Liquid-culture-packaging-_2_.jpg\",\"contentUrl\":\"https:\\\/\\\/dutchmicrodosing.com\\\/wp-content\\\/uploads\\\/2025\\\/01\\\/Philosophr-Liquid-culture-packaging-_2_.jpg\",\"width\":1512,\"height\":1512},{\"@type\":\"BreadcrumbList\",\"@id\":\"https:\\\/\\\/dutchmicrodosing.com\\\/de\\\/sporen-zauberpilze\\\/spritzen-fur-flussigkulturen\\\/leucitic-jmf-jedi-mind-fuck-liquid-culture-spuit\\\/#breadcrumb\",\"itemListElement\":[{\"@type\":\"ListItem\",\"position\":1,\"name\":\"Home\",\"item\":\"https:\\\/\\\/dutchmicrodosing.com\\\/de\\\/\"},{\"@type\":\"ListItem\",\"position\":2,\"name\":\"Shop\",\"item\":\"https:\\\/\\\/dutchmicrodosing.com\\\/de\\\/shop\\\/\"},{\"@type\":\"ListItem\",\"position\":3,\"name\":\"Leucitic JMF (Jedi Mind Fuck) Fl\u00fcssigkultur-Spritze\"}]},{\"@type\":\"WebSite\",\"@id\":\"https:\\\/\\\/dutchmicrodosing.com\\\/de\\\/#website\",\"url\":\"https:\\\/\\\/dutchmicrodosing.com\\\/de\\\/\",\"name\":\"Dutchmicrodosing\",\"description\":\"\",\"publisher\":{\"@id\":\"https:\\\/\\\/dutchmicrodosing.com\\\/de\\\/#organization\"},\"potentialAction\":[{\"@type\":\"SearchAction\",\"target\":{\"@type\":\"EntryPoint\",\"urlTemplate\":\"https:\\\/\\\/dutchmicrodosing.com\\\/de\\\/?s={search_term_string}\"},\"query-input\":{\"@type\":\"PropertyValueSpecification\",\"valueRequired\":true,\"valueName\":\"search_term_string\"}}],\"inLanguage\":\"de\"},{\"@type\":\"Organization\",\"@id\":\"https:\\\/\\\/dutchmicrodosing.com\\\/de\\\/#organization\",\"name\":\"Dutchmicrodosing\",\"url\":\"https:\\\/\\\/dutchmicrodosing.com\\\/de\\\/\",\"logo\":{\"@type\":\"ImageObject\",\"inLanguage\":\"de\",\"@id\":\"https:\\\/\\\/dutchmicrodosing.com\\\/de\\\/#\\\/schema\\\/logo\\\/image\\\/\",\"url\":\"https:\\\/\\\/dutchmicrodosing.com\\\/wp-content\\\/uploads\\\/2021\\\/01\\\/microdosing-categorie-pic-nieuw.jpg\",\"contentUrl\":\"https:\\\/\\\/dutchmicrodosing.com\\\/wp-content\\\/uploads\\\/2021\\\/01\\\/microdosing-categorie-pic-nieuw.jpg\",\"width\":500,\"height\":500,\"caption\":\"Dutchmicrodosing\"},\"image\":{\"@id\":\"https:\\\/\\\/dutchmicrodosing.com\\\/de\\\/#\\\/schema\\\/logo\\\/image\\\/\"},\"sameAs\":[\"https:\\\/\\\/www.facebook.com\\\/Dutchmicrodosingxp\\\/\",\"https:\\\/\\\/www.instagram.com\\\/dutchmicrodosing\\\/\"]}]}<\/script>\n<meta property=\"product:price:amount\" content=\"18.95\" \/>\n<meta property=\"product:price:currency\" content=\"EUR\" \/>\n<meta property=\"og:availability\" content=\"instock\" \/>\n<meta property=\"product:availability\" content=\"instock\" \/>\n<meta property=\"product:retailer_item_id\" content=\"5201477\" \/>\n<meta property=\"product:condition\" content=\"new\" \/>\n<!-- \/ Yoast SEO Premium plugin. -->","yoast_head_json":{"title":"Leucitic JMF (Jedi Mind Fuck) Fl\u00fcssigkultur-Spritze - Dutchmicrodosing","description":"Sterile 10ml Fl\u00fcssigkultur-Spritze mit Leucistic JMF-Myzel. Eine kr\u00e4ftige und visuell auff\u00e4llige Psilocybe cubensis-Sorte, ideal f\u00fcr den Anbau...","robots":{"index":"index","follow":"follow","max-snippet":"max-snippet:-1","max-image-preview":"max-image-preview:large","max-video-preview":"max-video-preview:-1"},"canonical":"https:\/\/dutchmicrodosing.com\/de\/sporen-zauberpilze\/spritzen-fur-flussigkulturen\/leucitic-jmf-jedi-mind-fuck-liquid-culture-spuit\/","og_locale":"de_DE","og_type":"article","og_title":"Leucitic JMF (Jedi Mind Fuck) Fl\u00fcssigkultur-Spritze","og_description":"Die Leucitic JMF (Jedi Mind Fuck) Liquid Culture Syringe ist eine spezielle leucitische Variante der beliebten Sorte Jedi Mind Fuck. Ein teilweiser","og_url":"https:\/\/dutchmicrodosing.com\/de\/sporen-zauberpilze\/spritzen-fur-flussigkulturen\/leucitic-jmf-jedi-mind-fuck-liquid-culture-spuit\/","og_site_name":"Dutchmicrodosing","article_publisher":"https:\/\/www.facebook.com\/Dutchmicrodosingxp\/","article_modified_time":"2025-08-20T11:55:12+00:00","og_image":[{"width":1512,"height":1512,"url":"https:\/\/dutchmicrodosing.com\/wp-content\/uploads\/2025\/01\/Philosophr-Liquid-culture-packaging-_2_.jpg","type":"image\/jpeg"}],"twitter_card":"summary_large_image","schema":{"@context":"https:\/\/schema.org","@graph":[{"@type":"WebPage","@id":"https:\/\/dutchmicrodosing.com\/de\/sporen-zauberpilze\/spritzen-fur-flussigkulturen\/leucitic-jmf-jedi-mind-fuck-liquid-culture-spuit\/","url":"https:\/\/dutchmicrodosing.com\/de\/sporen-zauberpilze\/spritzen-fur-flussigkulturen\/leucitic-jmf-jedi-mind-fuck-liquid-culture-spuit\/","name":"Leucitic JMF (Jedi Mind Fuck) Fl\u00fcssigkultur-Spritze - Dutchmicrodosing","isPartOf":{"@id":"https:\/\/dutchmicrodosing.com\/de\/#website"},"primaryImageOfPage":{"@id":"https:\/\/dutchmicrodosing.com\/de\/sporen-zauberpilze\/spritzen-fur-flussigkulturen\/leucitic-jmf-jedi-mind-fuck-liquid-culture-spuit\/#primaryimage"},"image":{"@id":"https:\/\/dutchmicrodosing.com\/de\/sporen-zauberpilze\/spritzen-fur-flussigkulturen\/leucitic-jmf-jedi-mind-fuck-liquid-culture-spuit\/#primaryimage"},"thumbnailUrl":"https:\/\/dutchmicrodosing.com\/wp-content\/uploads\/2025\/01\/Philosophr-Liquid-culture-packaging-_2_.jpg","datePublished":"2025-01-17T08:00:34+00:00","dateModified":"2025-08-20T11:55:12+00:00","description":"Sterile 10ml Fl\u00fcssigkultur-Spritze mit Leucistic JMF-Myzel. Eine kr\u00e4ftige und visuell auff\u00e4llige Psilocybe cubensis-Sorte, ideal f\u00fcr den Anbau...","breadcrumb":{"@id":"https:\/\/dutchmicrodosing.com\/de\/sporen-zauberpilze\/spritzen-fur-flussigkulturen\/leucitic-jmf-jedi-mind-fuck-liquid-culture-spuit\/#breadcrumb"},"inLanguage":"de","potentialAction":[{"@type":"ReadAction","target":["https:\/\/dutchmicrodosing.com\/de\/sporen-zauberpilze\/spritzen-fur-flussigkulturen\/leucitic-jmf-jedi-mind-fuck-liquid-culture-spuit\/"]}]},{"@type":"ImageObject","inLanguage":"de","@id":"https:\/\/dutchmicrodosing.com\/de\/sporen-zauberpilze\/spritzen-fur-flussigkulturen\/leucitic-jmf-jedi-mind-fuck-liquid-culture-spuit\/#primaryimage","url":"https:\/\/dutchmicrodosing.com\/wp-content\/uploads\/2025\/01\/Philosophr-Liquid-culture-packaging-_2_.jpg","contentUrl":"https:\/\/dutchmicrodosing.com\/wp-content\/uploads\/2025\/01\/Philosophr-Liquid-culture-packaging-_2_.jpg","width":1512,"height":1512},{"@type":"BreadcrumbList","@id":"https:\/\/dutchmicrodosing.com\/de\/sporen-zauberpilze\/spritzen-fur-flussigkulturen\/leucitic-jmf-jedi-mind-fuck-liquid-culture-spuit\/#breadcrumb","itemListElement":[{"@type":"ListItem","position":1,"name":"Home","item":"https:\/\/dutchmicrodosing.com\/de\/"},{"@type":"ListItem","position":2,"name":"Shop","item":"https:\/\/dutchmicrodosing.com\/de\/shop\/"},{"@type":"ListItem","position":3,"name":"Leucitic JMF (Jedi Mind Fuck) Fl\u00fcssigkultur-Spritze"}]},{"@type":"WebSite","@id":"https:\/\/dutchmicrodosing.com\/de\/#website","url":"https:\/\/dutchmicrodosing.com\/de\/","name":"Dutchmicrodosing","description":"","publisher":{"@id":"https:\/\/dutchmicrodosing.com\/de\/#organization"},"potentialAction":[{"@type":"SearchAction","target":{"@type":"EntryPoint","urlTemplate":"https:\/\/dutchmicrodosing.com\/de\/?s={search_term_string}"},"query-input":{"@type":"PropertyValueSpecification","valueRequired":true,"valueName":"search_term_string"}}],"inLanguage":"de"},{"@type":"Organization","@id":"https:\/\/dutchmicrodosing.com\/de\/#organization","name":"Dutchmicrodosing","url":"https:\/\/dutchmicrodosing.com\/de\/","logo":{"@type":"ImageObject","inLanguage":"de","@id":"https:\/\/dutchmicrodosing.com\/de\/#\/schema\/logo\/image\/","url":"https:\/\/dutchmicrodosing.com\/wp-content\/uploads\/2021\/01\/microdosing-categorie-pic-nieuw.jpg","contentUrl":"https:\/\/dutchmicrodosing.com\/wp-content\/uploads\/2021\/01\/microdosing-categorie-pic-nieuw.jpg","width":500,"height":500,"caption":"Dutchmicrodosing"},"image":{"@id":"https:\/\/dutchmicrodosing.com\/de\/#\/schema\/logo\/image\/"},"sameAs":["https:\/\/www.facebook.com\/Dutchmicrodosingxp\/","https:\/\/www.instagram.com\/dutchmicrodosing\/"]}]},"product_price_amount":"18.95","product_price_currency":"EUR","og_availability":"instock","product_availability":"instock","product_retailer_item_id":"5201477","product_condition":"new"},"_links":{"self":[{"href":"https:\/\/dutchmicrodosing.com\/de\/wp-json\/wp\/v2\/product\/44644","targetHints":{"allow":["GET"]}}],"collection":[{"href":"https:\/\/dutchmicrodosing.com\/de\/wp-json\/wp\/v2\/product"}],"about":[{"href":"https:\/\/dutchmicrodosing.com\/de\/wp-json\/wp\/v2\/types\/product"}],"replies":[{"embeddable":true,"href":"https:\/\/dutchmicrodosing.com\/de\/wp-json\/wp\/v2\/comments?post=44644"}],"version-history":[{"count":0,"href":"https:\/\/dutchmicrodosing.com\/de\/wp-json\/wp\/v2\/product\/44644\/revisions"}],"wp:featuredmedia":[{"embeddable":true,"href":"https:\/\/dutchmicrodosing.com\/de\/wp-json\/wp\/v2\/media\/46261"}],"wp:attachment":[{"href":"https:\/\/dutchmicrodosing.com\/de\/wp-json\/wp\/v2\/media?parent=44644"}],"wp:term":[{"taxonomy":"product_brand","embeddable":true,"href":"https:\/\/dutchmicrodosing.com\/de\/wp-json\/wp\/v2\/product_brand?post=44644"},{"taxonomy":"product_cat","embeddable":true,"href":"https:\/\/dutchmicrodosing.com\/de\/wp-json\/wp\/v2\/product_cat?post=44644"},{"taxonomy":"product_tag","embeddable":true,"href":"https:\/\/dutchmicrodosing.com\/de\/wp-json\/wp\/v2\/product_tag?post=44644"}],"curies":[{"name":"wp","href":"https:\/\/api.w.org\/{rel}","templated":true}]}}