{"id":44662,"date":"2025-01-17T09:12:36","date_gmt":"2025-01-17T08:12:36","guid":{"rendered":"https:\/\/dutchmicrodosing.com\/shop\/unkategorisiert\/mac-galactic-liquid-culture-spuit\/"},"modified":"2026-02-28T01:23:22","modified_gmt":"2026-02-28T00:23:22","slug":"mac-galactic-liquid-culture-spuit","status":"publish","type":"product","link":"https:\/\/dutchmicrodosing.com\/de\/sporen-zauberpilze\/spritzen-fur-flussigkulturen\/mac-galactic-liquid-culture-spuit\/","title":{"rendered":"Mac Galactic Fl\u00fcssigkultur-Spritze"},"content":{"rendered":"<p>Mit der <strong>Mac Galactic Fl\u00fcssigkultur-Spritze<\/strong> von Mystic Fungi holen Sie sich eine hochwertige Sorte von Psilocybe cubensis nach Hause. Diese Fl\u00fcssigkultur ist perfekt f\u00fcr den begeisterten Z\u00fcchter, der eine starke, zuverl\u00e4ssige und optisch beeindruckende Sorte sucht. Dank der schnellen Besiedlung und der festen Pilze liefert diese Sorte sch\u00f6ne Ergebnisse.<\/p>\n<h3>Eigenschaften<\/h3>\n<ul>\n<li>Exotische und potente Sorte: Psilocybe cubensis Mac Galactic<\/li>\n<li>Enth\u00e4lt 10 ml sterile Fl\u00fcssigkeit mit aktivem Myzel<\/li>\n<li>Ausgew\u00e4hlt und gez\u00fcchtet unter sterilen Bedingungen f\u00fcr optimale Reinheit<\/li>\n<li>Ideal f\u00fcr die Verwendung in S\u00e4cken, T\u00f6pfen oder anderen Wachstumsumgebungen<\/li>\n<li>Sofort einsatzbereit, einschlie\u00dflich Nadel und Reinigungstuch<\/li>\n<li>Geeignet f\u00fcr fortgeschrittene Techniken oder Experimente<\/li>\n<\/ul>\n<h3>Zutaten und\/oder Zusammensetzung<\/h3>\n<ul>\n<li>10 ml Mac Galactic fl\u00fcssige Myzelkultur<\/li>\n<li>1x sterile Injektionsnadel (18G)<\/li>\n<li>1x Alkoholpad zur Desinfektion<\/li>\n<\/ul>\n<h3>Verwenden Sie<\/h3>\n<p>Sorgen Sie f\u00fcr eine saubere Arbeitsumgebung und desinfizierte H\u00e4nde.<\/p>\n<ol>\n<li>Lassen Sie die Spritze auf Raumtemperatur kommen.<\/li>\n<li>Reinigen Sie die Einspritz\u00f6ffnung Ihres Substrats mit dem Alkoholtupfer.<\/li>\n<li>Setzen Sie die Nadel an und injizieren Sie vorsichtig 1-2 ml der Fl\u00fcssigkeit in das Substrat.<\/li>\n<li>Halten Sie das injizierte Substrat warm und dunkel (zwischen 20-25\u00b0C) und lassen Sie das Myzel seine Arbeit tun.<\/li>\n<\/ol>\n<h3>Was Sie f\u00fcr den Anfang brauchen<\/h3>\n<ul>\n<li><strong>Futter:<\/strong> Sterilisiertes Getreide wie Roggen oder Mais<\/li>\n<li><strong>Substrat:<\/strong> Eine feuchtigkeitsspeichernde Unterlage wie Kokosfasern, S\u00e4gemehl oder Stroh<\/li>\n<li><strong>Kultur:<\/strong> Diese Fl\u00fcssigkultur mit aktivem Myzel<\/li>\n<\/ul>\n<p>F\u00fcr eine erfolgreiche Ernte ist es wichtig, stets die richtige Temperatur, Luftfeuchtigkeit und Hygiene aufrechtzuerhalten. Dank des Injektionsanschlusses k\u00f6nnen Sie einfach und sicher ohne einen separaten Reinraum arbeiten.<\/p>\n<h3>Inhalt<\/h3>\n<ul>\n<li>1x 10ml Spritze mit Fl\u00fcssigkultur (Mac Galactic)<\/li>\n<li>1x sterile Nadel<\/li>\n<li>1x Alkohol-Pad<\/li>\n<\/ul>\n<h3>Hinweise zur Lagerung<\/h3>\n<p>Im K\u00fchlschrank aufbewahren (2 bis 8\u00b0C). So bleibt die Kultur bis zu 6 Monate lang verwendbar. Au\u00dferhalb der Reichweite von Kindern aufbewahren.<\/p>\n","protected":false},"excerpt":{"rendered":"<p>Mit der Mac Galactic Fl\u00fcssigkultur-Spritze von Mystic Fungi holen Sie sich eine hochwertige Sorte von Psilocybe cubensis nach Hause. Diese Fl\u00fcssigkultur ist perfekt f\u00fcr den begeisterten Z\u00fcchter, der eine starke, zuverl\u00e4ssige und optisch beeindruckende Sorte sucht. Dank der schnellen Besiedlung und der festen Pilze liefert diese Sorte sch\u00f6ne Ergebnisse. Eigenschaften Exotische und potente Sorte: Psilocybe [&hellip;]<\/p>\n","protected":false},"featured_media":46261,"comment_status":"closed","ping_status":"closed","template":"","meta":[],"product_brand":[],"product_cat":[356],"product_tag":[],"class_list":{"0":"post-44662","1":"product","2":"type-product","3":"status-publish","4":"has-post-thumbnail","6":"product_cat-spritzen-fur-flussigkulturen","8":"first","9":"instock","10":"taxable","11":"shipping-taxable","12":"purchasable","13":"product-type-simple"},"yoast_head":"<!-- This site is optimized with the Yoast SEO Premium plugin v26.4 (Yoast SEO v27.2) - https:\/\/yoast.com\/product\/yoast-seo-premium-wordpress\/ -->\n<title>Mac Galactic Fl\u00fcssigkultur-Spritze - Dutchmicrodosing<\/title>\n<meta name=\"description\" content=\"Hochwertige Fl\u00fcssigkultur von Mac Galactic f\u00fcr die Paddockkultur. Sterile 10ml Spritze mit Nadel und Alkoholtupfer - ideal f\u00fcr erfahrene Z\u00fcchter...\" \/>\n<meta name=\"robots\" content=\"index, follow, max-snippet:-1, max-image-preview:large, max-video-preview:-1\" \/>\n<link rel=\"canonical\" href=\"https:\/\/dutchmicrodosing.com\/de\/sporen-zauberpilze\/spritzen-fur-flussigkulturen\/mac-galactic-liquid-culture-spuit\/\" \/>\n<meta property=\"og:locale\" content=\"de_DE\" \/>\n<meta property=\"og:type\" content=\"article\" \/>\n<meta property=\"og:title\" content=\"Mac Galactic Fl\u00fcssigkultur-Spritze\" \/>\n<meta property=\"og:description\" content=\"Mit der Mac Galactic Fl\u00fcssigkultur-Spritze von Mystic Fungi holen Sie sich eine hochwertige Sorte von Psilocybe cubensis nach Hause. Diese Fl\u00fcssigkultur\" \/>\n<meta property=\"og:url\" content=\"https:\/\/dutchmicrodosing.com\/de\/sporen-zauberpilze\/spritzen-fur-flussigkulturen\/mac-galactic-liquid-culture-spuit\/\" \/>\n<meta property=\"og:site_name\" content=\"Dutchmicrodosing\" \/>\n<meta property=\"article:publisher\" content=\"https:\/\/www.facebook.com\/Dutchmicrodosingxp\/\" \/>\n<meta property=\"article:modified_time\" content=\"2026-02-28T00:23:22+00:00\" \/>\n<meta property=\"og:image\" content=\"https:\/\/dutchmicrodosing.com\/wp-content\/uploads\/2025\/01\/Philosophr-Liquid-culture-packaging-_2_.jpg\" \/>\n\t<meta property=\"og:image:width\" content=\"1512\" \/>\n\t<meta property=\"og:image:height\" content=\"1512\" \/>\n\t<meta property=\"og:image:type\" content=\"image\/jpeg\" \/>\n<meta name=\"twitter:card\" content=\"summary_large_image\" \/>\n<script type=\"application\/ld+json\" class=\"yoast-schema-graph\">{\"@context\":\"https:\/\/schema.org\",\"@graph\":[{\"@type\":\"WebPage\",\"@id\":\"https:\/\/dutchmicrodosing.com\/de\/sporen-zauberpilze\/spritzen-fur-flussigkulturen\/mac-galactic-liquid-culture-spuit\/\",\"url\":\"https:\/\/dutchmicrodosing.com\/de\/sporen-zauberpilze\/spritzen-fur-flussigkulturen\/mac-galactic-liquid-culture-spuit\/\",\"name\":\"Mac Galactic Fl\u00fcssigkultur-Spritze - Dutchmicrodosing\",\"isPartOf\":{\"@id\":\"https:\/\/dutchmicrodosing.com\/de\/#website\"},\"primaryImageOfPage\":{\"@id\":\"https:\/\/dutchmicrodosing.com\/de\/sporen-zauberpilze\/spritzen-fur-flussigkulturen\/mac-galactic-liquid-culture-spuit\/#primaryimage\"},\"image\":{\"@id\":\"https:\/\/dutchmicrodosing.com\/de\/sporen-zauberpilze\/spritzen-fur-flussigkulturen\/mac-galactic-liquid-culture-spuit\/#primaryimage\"},\"thumbnailUrl\":\"https:\/\/dutchmicrodosing.com\/wp-content\/uploads\/2025\/01\/Philosophr-Liquid-culture-packaging-_2_.jpg\",\"datePublished\":\"2025-01-17T08:12:36+00:00\",\"dateModified\":\"2026-02-28T00:23:22+00:00\",\"description\":\"Hochwertige Fl\u00fcssigkultur von Mac Galactic f\u00fcr die Paddockkultur. Sterile 10ml Spritze mit Nadel und Alkoholtupfer - ideal f\u00fcr erfahrene Z\u00fcchter...\",\"breadcrumb\":{\"@id\":\"https:\/\/dutchmicrodosing.com\/de\/sporen-zauberpilze\/spritzen-fur-flussigkulturen\/mac-galactic-liquid-culture-spuit\/#breadcrumb\"},\"inLanguage\":\"de\",\"potentialAction\":[{\"@type\":\"ReadAction\",\"target\":[\"https:\/\/dutchmicrodosing.com\/de\/sporen-zauberpilze\/spritzen-fur-flussigkulturen\/mac-galactic-liquid-culture-spuit\/\"]}]},{\"@type\":\"ImageObject\",\"inLanguage\":\"de\",\"@id\":\"https:\/\/dutchmicrodosing.com\/de\/sporen-zauberpilze\/spritzen-fur-flussigkulturen\/mac-galactic-liquid-culture-spuit\/#primaryimage\",\"url\":\"https:\/\/dutchmicrodosing.com\/wp-content\/uploads\/2025\/01\/Philosophr-Liquid-culture-packaging-_2_.jpg\",\"contentUrl\":\"https:\/\/dutchmicrodosing.com\/wp-content\/uploads\/2025\/01\/Philosophr-Liquid-culture-packaging-_2_.jpg\",\"width\":1512,\"height\":1512},{\"@type\":\"BreadcrumbList\",\"@id\":\"https:\/\/dutchmicrodosing.com\/de\/sporen-zauberpilze\/spritzen-fur-flussigkulturen\/mac-galactic-liquid-culture-spuit\/#breadcrumb\",\"itemListElement\":[{\"@type\":\"ListItem\",\"position\":1,\"name\":\"Home\",\"item\":\"https:\/\/dutchmicrodosing.com\/de\/\"},{\"@type\":\"ListItem\",\"position\":2,\"name\":\"Shop\",\"item\":\"https:\/\/dutchmicrodosing.com\/de\/shop\/\"},{\"@type\":\"ListItem\",\"position\":3,\"name\":\"Mac Galactic Fl\u00fcssigkultur-Spritze\"}]},{\"@type\":\"WebSite\",\"@id\":\"https:\/\/dutchmicrodosing.com\/de\/#website\",\"url\":\"https:\/\/dutchmicrodosing.com\/de\/\",\"name\":\"Dutchmicrodosing\",\"description\":\"\",\"publisher\":{\"@id\":\"https:\/\/dutchmicrodosing.com\/de\/#organization\"},\"potentialAction\":[{\"@type\":\"SearchAction\",\"target\":{\"@type\":\"EntryPoint\",\"urlTemplate\":\"https:\/\/dutchmicrodosing.com\/de\/?s={search_term_string}\"},\"query-input\":{\"@type\":\"PropertyValueSpecification\",\"valueRequired\":true,\"valueName\":\"search_term_string\"}}],\"inLanguage\":\"de\"},{\"@type\":\"Organization\",\"@id\":\"https:\/\/dutchmicrodosing.com\/de\/#organization\",\"name\":\"Dutchmicrodosing\",\"url\":\"https:\/\/dutchmicrodosing.com\/de\/\",\"logo\":{\"@type\":\"ImageObject\",\"inLanguage\":\"de\",\"@id\":\"https:\/\/dutchmicrodosing.com\/de\/#\/schema\/logo\/image\/\",\"url\":\"https:\/\/dutchmicrodosing.com\/wp-content\/uploads\/2021\/01\/microdosing-categorie-pic-nieuw.jpg\",\"contentUrl\":\"https:\/\/dutchmicrodosing.com\/wp-content\/uploads\/2021\/01\/microdosing-categorie-pic-nieuw.jpg\",\"width\":500,\"height\":500,\"caption\":\"Dutchmicrodosing\"},\"image\":{\"@id\":\"https:\/\/dutchmicrodosing.com\/de\/#\/schema\/logo\/image\/\"},\"sameAs\":[\"https:\/\/www.facebook.com\/Dutchmicrodosingxp\/\",\"https:\/\/www.instagram.com\/dutchmicrodosing\/\"]}]}<\/script>\n<meta property=\"product:price:amount\" content=\"18.95\" \/>\n<meta property=\"product:price:currency\" content=\"EUR\" \/>\n<meta property=\"og:availability\" content=\"instock\" \/>\n<meta property=\"product:availability\" content=\"instock\" \/>\n<meta property=\"product:retailer_item_id\" content=\"5201613\" \/>\n<meta property=\"product:condition\" content=\"new\" \/>\n<!-- \/ Yoast SEO Premium plugin. -->","yoast_head_json":{"title":"Mac Galactic Fl\u00fcssigkultur-Spritze - Dutchmicrodosing","description":"Hochwertige Fl\u00fcssigkultur von Mac Galactic f\u00fcr die Paddockkultur. Sterile 10ml Spritze mit Nadel und Alkoholtupfer - ideal f\u00fcr erfahrene Z\u00fcchter...","robots":{"index":"index","follow":"follow","max-snippet":"max-snippet:-1","max-image-preview":"max-image-preview:large","max-video-preview":"max-video-preview:-1"},"canonical":"https:\/\/dutchmicrodosing.com\/de\/sporen-zauberpilze\/spritzen-fur-flussigkulturen\/mac-galactic-liquid-culture-spuit\/","og_locale":"de_DE","og_type":"article","og_title":"Mac Galactic Fl\u00fcssigkultur-Spritze","og_description":"Mit der Mac Galactic Fl\u00fcssigkultur-Spritze von Mystic Fungi holen Sie sich eine hochwertige Sorte von Psilocybe cubensis nach Hause. Diese Fl\u00fcssigkultur","og_url":"https:\/\/dutchmicrodosing.com\/de\/sporen-zauberpilze\/spritzen-fur-flussigkulturen\/mac-galactic-liquid-culture-spuit\/","og_site_name":"Dutchmicrodosing","article_publisher":"https:\/\/www.facebook.com\/Dutchmicrodosingxp\/","article_modified_time":"2026-02-28T00:23:22+00:00","og_image":[{"width":1512,"height":1512,"url":"https:\/\/dutchmicrodosing.com\/wp-content\/uploads\/2025\/01\/Philosophr-Liquid-culture-packaging-_2_.jpg","type":"image\/jpeg"}],"twitter_card":"summary_large_image","schema":{"@context":"https:\/\/schema.org","@graph":[{"@type":"WebPage","@id":"https:\/\/dutchmicrodosing.com\/de\/sporen-zauberpilze\/spritzen-fur-flussigkulturen\/mac-galactic-liquid-culture-spuit\/","url":"https:\/\/dutchmicrodosing.com\/de\/sporen-zauberpilze\/spritzen-fur-flussigkulturen\/mac-galactic-liquid-culture-spuit\/","name":"Mac Galactic Fl\u00fcssigkultur-Spritze - Dutchmicrodosing","isPartOf":{"@id":"https:\/\/dutchmicrodosing.com\/de\/#website"},"primaryImageOfPage":{"@id":"https:\/\/dutchmicrodosing.com\/de\/sporen-zauberpilze\/spritzen-fur-flussigkulturen\/mac-galactic-liquid-culture-spuit\/#primaryimage"},"image":{"@id":"https:\/\/dutchmicrodosing.com\/de\/sporen-zauberpilze\/spritzen-fur-flussigkulturen\/mac-galactic-liquid-culture-spuit\/#primaryimage"},"thumbnailUrl":"https:\/\/dutchmicrodosing.com\/wp-content\/uploads\/2025\/01\/Philosophr-Liquid-culture-packaging-_2_.jpg","datePublished":"2025-01-17T08:12:36+00:00","dateModified":"2026-02-28T00:23:22+00:00","description":"Hochwertige Fl\u00fcssigkultur von Mac Galactic f\u00fcr die Paddockkultur. Sterile 10ml Spritze mit Nadel und Alkoholtupfer - ideal f\u00fcr erfahrene Z\u00fcchter...","breadcrumb":{"@id":"https:\/\/dutchmicrodosing.com\/de\/sporen-zauberpilze\/spritzen-fur-flussigkulturen\/mac-galactic-liquid-culture-spuit\/#breadcrumb"},"inLanguage":"de","potentialAction":[{"@type":"ReadAction","target":["https:\/\/dutchmicrodosing.com\/de\/sporen-zauberpilze\/spritzen-fur-flussigkulturen\/mac-galactic-liquid-culture-spuit\/"]}]},{"@type":"ImageObject","inLanguage":"de","@id":"https:\/\/dutchmicrodosing.com\/de\/sporen-zauberpilze\/spritzen-fur-flussigkulturen\/mac-galactic-liquid-culture-spuit\/#primaryimage","url":"https:\/\/dutchmicrodosing.com\/wp-content\/uploads\/2025\/01\/Philosophr-Liquid-culture-packaging-_2_.jpg","contentUrl":"https:\/\/dutchmicrodosing.com\/wp-content\/uploads\/2025\/01\/Philosophr-Liquid-culture-packaging-_2_.jpg","width":1512,"height":1512},{"@type":"BreadcrumbList","@id":"https:\/\/dutchmicrodosing.com\/de\/sporen-zauberpilze\/spritzen-fur-flussigkulturen\/mac-galactic-liquid-culture-spuit\/#breadcrumb","itemListElement":[{"@type":"ListItem","position":1,"name":"Home","item":"https:\/\/dutchmicrodosing.com\/de\/"},{"@type":"ListItem","position":2,"name":"Shop","item":"https:\/\/dutchmicrodosing.com\/de\/shop\/"},{"@type":"ListItem","position":3,"name":"Mac Galactic Fl\u00fcssigkultur-Spritze"}]},{"@type":"WebSite","@id":"https:\/\/dutchmicrodosing.com\/de\/#website","url":"https:\/\/dutchmicrodosing.com\/de\/","name":"Dutchmicrodosing","description":"","publisher":{"@id":"https:\/\/dutchmicrodosing.com\/de\/#organization"},"potentialAction":[{"@type":"SearchAction","target":{"@type":"EntryPoint","urlTemplate":"https:\/\/dutchmicrodosing.com\/de\/?s={search_term_string}"},"query-input":{"@type":"PropertyValueSpecification","valueRequired":true,"valueName":"search_term_string"}}],"inLanguage":"de"},{"@type":"Organization","@id":"https:\/\/dutchmicrodosing.com\/de\/#organization","name":"Dutchmicrodosing","url":"https:\/\/dutchmicrodosing.com\/de\/","logo":{"@type":"ImageObject","inLanguage":"de","@id":"https:\/\/dutchmicrodosing.com\/de\/#\/schema\/logo\/image\/","url":"https:\/\/dutchmicrodosing.com\/wp-content\/uploads\/2021\/01\/microdosing-categorie-pic-nieuw.jpg","contentUrl":"https:\/\/dutchmicrodosing.com\/wp-content\/uploads\/2021\/01\/microdosing-categorie-pic-nieuw.jpg","width":500,"height":500,"caption":"Dutchmicrodosing"},"image":{"@id":"https:\/\/dutchmicrodosing.com\/de\/#\/schema\/logo\/image\/"},"sameAs":["https:\/\/www.facebook.com\/Dutchmicrodosingxp\/","https:\/\/www.instagram.com\/dutchmicrodosing\/"]}]},"product_price_amount":"18.95","product_price_currency":"EUR","og_availability":"instock","product_availability":"instock","product_retailer_item_id":"5201613","product_condition":"new"},"_links":{"self":[{"href":"https:\/\/dutchmicrodosing.com\/de\/wp-json\/wp\/v2\/product\/44662","targetHints":{"allow":["GET"]}}],"collection":[{"href":"https:\/\/dutchmicrodosing.com\/de\/wp-json\/wp\/v2\/product"}],"about":[{"href":"https:\/\/dutchmicrodosing.com\/de\/wp-json\/wp\/v2\/types\/product"}],"replies":[{"embeddable":true,"href":"https:\/\/dutchmicrodosing.com\/de\/wp-json\/wp\/v2\/comments?post=44662"}],"version-history":[{"count":0,"href":"https:\/\/dutchmicrodosing.com\/de\/wp-json\/wp\/v2\/product\/44662\/revisions"}],"wp:featuredmedia":[{"embeddable":true,"href":"https:\/\/dutchmicrodosing.com\/de\/wp-json\/wp\/v2\/media\/46261"}],"wp:attachment":[{"href":"https:\/\/dutchmicrodosing.com\/de\/wp-json\/wp\/v2\/media?parent=44662"}],"wp:term":[{"taxonomy":"product_brand","embeddable":true,"href":"https:\/\/dutchmicrodosing.com\/de\/wp-json\/wp\/v2\/product_brand?post=44662"},{"taxonomy":"product_cat","embeddable":true,"href":"https:\/\/dutchmicrodosing.com\/de\/wp-json\/wp\/v2\/product_cat?post=44662"},{"taxonomy":"product_tag","embeddable":true,"href":"https:\/\/dutchmicrodosing.com\/de\/wp-json\/wp\/v2\/product_tag?post=44662"}],"curies":[{"name":"wp","href":"https:\/\/api.w.org\/{rel}","templated":true}]}}